{"id":4756,"date":"2024-10-16T10:51:24","date_gmt":"2024-10-16T10:51:24","guid":{"rendered":"https:\/\/poudresdenarco.com\/?post_type=product&#038;p=4756"},"modified":"2024-11-02T16:24:29","modified_gmt":"2024-11-02T16:24:29","slug":"5-meo-dmt","status":"publish","type":"product","link":"https:\/\/poudresdenarco.com\/en\/product-2\/5-meo-dmt\/","title":{"rendered":"5-MEO-DMT"},"content":{"rendered":"<h2>Buy 5-MEO-DMT online<\/h2>\n<p>Le <a href=\"https:\/\/poudresdenarco.com\/en\/product-2\/5-meo-dmt\/\">5-MeO-DMT<\/a> (5-methoxy-N,N-dimethyltryptamine) is a powerful and relatively obscure psychedelic and entheogen of the tryptamine class Buy 5-MeO-DMT<a href=\"https:\/\/k2spices.com\/de\/produkt\/diablo-pulver-kaufen\/\">.<\/a><\/p>\n<p>It is found in a wide variety of plant species, as well as in the venom of a single species of psychoactive toad (Bufo Alvaris).<\/p>\n<p>Like its close relatives, DMT and bufotenin (5-HO-DMT), it has been used as an entheogen by South American shamans for thousands of years.<\/p>\n<p>In modern times, however, it is mainly acquired in its synthetic powder form through the use of online chemical research vendors.<\/p>\n<p>When taken as a drug in its purified or synthetic form, 5-MeO-DMT is vaporised, insufflated or injected and is active in doses as low as 2mg. 5-MeO-DMT is orally active when taken with an MAOI, but according to many reports, this combination often tends to be extremely unpleasant and has a high body burden. <a href=\"https:\/\/poudresdenarco.com\/en\/\">Poudresdenarco<\/a><\/p>\n<h2><strong>Buy High Purity 5-MeO-DMT for Research - Narco Powders<\/strong><\/h2>\n<p><strong>Narcotic powders<\/strong> is your reliable source for <strong>5-MeO-DMT research quality<\/strong>designed exclusively for <strong>scientific laboratory applications<\/strong>. Our 5-MeO-DMT is produced to strict purity and quality standards, ensuring reliable results for researchers in chemistry and pharmacology.<\/p>\n<h3>Why buy 5-MeO-DMT from Poudres de Narco?<\/h3>\n<p>As a <strong>reliable supplier of 5-MeO-DMT<\/strong>, <strong>Narcotic powders<\/strong> guarantees the purity and safety of each batch, meeting the standards of certified laboratories:<\/p>\n<ul>\n<li><strong>High Purity 5-MeO-DMT for Laboratories<\/strong> : Each batch is rigorously tested to ensure optimum purity, which is essential for <strong>scientific applications<\/strong>.<\/li>\n<li><strong>Consistent, Reliable Quality<\/strong> Our 5-MeO-DMT is formulated for stable performance, adapted to <strong>laboratory studies<\/strong>.<\/li>\n<li><strong>Secure Online Ordering<\/strong> : <strong>Narcotic powders<\/strong> makes it easier to<strong>buy 5-MeO-DMT online<\/strong>A secure process that meets the requirements of professionals.<\/li>\n<\/ul>\n<h3>Applications and Safety Instructions<\/h3>\n<p>Le <strong>5-MeO-DMT for research<\/strong> from <strong>Narcotic powders<\/strong> is intended for <strong>analytical applications and scientific studies<\/strong>. For safe and proper use, we provide handling instructions :<\/p>\n<ul>\n<li><strong>Secure storage<\/strong> Store 5-MeO-DMT in a cool, dry place away from light.<\/li>\n<li><strong>Handling with Precautions<\/strong> Wear personal protective equipment (PPE) and work in a well-ventilated environment.<\/li>\n<li><strong>Use Strictly Reserved for Research<\/strong> This product is intended for certified laboratories and authorised researchers.<\/li>\n<\/ul>\n<h3>Order high-purity 5-MeO-DMT for your scientific studies<\/h3>\n<p>With <strong>Narcotic powders<\/strong>take advantage of a <strong>reliable supply of 5-MeO-DMT for laboratory applications<\/strong>. <strong>Contact us<\/strong> for a quote or to find out more about our range of scientific products.<\/p>","protected":false},"excerpt":{"rendered":"<p>Acheter 5-MEO-DMT en ligne Le 5-MeO-DMT (5-m\u00e9thoxy-N,N-dim\u00e9thyltryptamine) est un psych\u00e9d\u00e9lique et enth\u00e9og\u00e8ne puissant et relativement obscur de la classe des tryptamines Acheter 5-MeO-DMT. On le trouve dans une grande vari\u00e9t\u00e9 d&rsquo;esp\u00e8ces de plantes, ainsi que dans le venin d&rsquo;une seule esp\u00e8ce de crapaud psychoactif (Bufo Alvaris). Comme ses proches parents, le DMT et la bufot\u00e9nine&hellip;<\/p>","protected":false},"featured_media":6146,"comment_status":"open","ping_status":"closed","template":"","meta":{"_joinchat":[]},"product_cat":[558],"product_tag":[],"class_list":{"0":"post-4756","1":"product","2":"type-product","3":"status-publish","4":"has-post-thumbnail","6":"product_cat-chimiques-de-recherche","8":"first","9":"instock","10":"shipping-taxable","11":"purchasable","12":"product-type-variable","13":"col-xs-6 col-sm-4","14":"col-md-3 col-lg-3","15":"un-4-cols"},"yoast_head":"<!-- This site is optimized with the Yoast SEO plugin v23.8 - https:\/\/yoast.com\/wordpress\/plugins\/seo\/ -->\n<title>Acheter 5-MeO-DMT | Poudres de Narco&quot;<\/title>\n<meta name=\"description\" content=\"Fournisseur de 5-MeO-DMT pour applications scientifiques en laboratoire. Puret\u00e9 et s\u00e9curit\u00e9 garanties pour recherches chez Poudres de Narco.\" \/>\n<meta name=\"robots\" content=\"index, follow, max-snippet:-1, max-image-preview:large, max-video-preview:-1\" \/>\n<link rel=\"canonical\" href=\"https:\/\/poudresdenarco.com\/en\/product-2\/5-meo-dmt\/\" \/>\n<meta property=\"og:locale\" content=\"en_US\" \/>\n<meta property=\"og:type\" content=\"article\" \/>\n<meta property=\"og:title\" content=\"Acheter 5-MeO-DMT | Poudres de Narco&quot;\" \/>\n<meta property=\"og:description\" content=\"Fournisseur de 5-MeO-DMT pour applications scientifiques en laboratoire. Puret\u00e9 et s\u00e9curit\u00e9 garanties pour recherches chez Poudres de Narco.\" \/>\n<meta property=\"og:url\" content=\"https:\/\/poudresdenarco.com\/en\/product-2\/5-meo-dmt\/\" \/>\n<meta property=\"og:site_name\" content=\"Poudresde Narco\" \/>\n<meta property=\"article:modified_time\" content=\"2024-11-02T16:24:29+00:00\" \/>\n<meta property=\"og:image\" content=\"https:\/\/poudresdenarco.com\/wp-content\/uploads\/2024\/10\/5-MEO-DMT.gif\" \/>\n\t<meta property=\"og:image:width\" content=\"600\" \/>\n\t<meta property=\"og:image:height\" content=\"600\" \/>\n\t<meta property=\"og:image:type\" content=\"image\/gif\" \/>\n<meta name=\"twitter:card\" content=\"summary_large_image\" \/>\n<meta name=\"twitter:label1\" content=\"Est. reading time\" \/>\n\t<meta name=\"twitter:data1\" content=\"3 minutes\" \/>\n<script type=\"application\/ld+json\" class=\"yoast-schema-graph\">{\"@context\":\"https:\/\/schema.org\",\"@graph\":[{\"@type\":\"WebPage\",\"@id\":\"https:\/\/poudresdenarco.com\/produit\/5-meo-dmt\/\",\"url\":\"https:\/\/poudresdenarco.com\/produit\/5-meo-dmt\/\",\"name\":\"Acheter 5-MeO-DMT | Poudres de Narco\\\"\",\"isPartOf\":{\"@id\":\"https:\/\/poudresdenarco.com\/#website\"},\"primaryImageOfPage\":{\"@id\":\"https:\/\/poudresdenarco.com\/produit\/5-meo-dmt\/#primaryimage\"},\"image\":{\"@id\":\"https:\/\/poudresdenarco.com\/produit\/5-meo-dmt\/#primaryimage\"},\"thumbnailUrl\":\"https:\/\/poudresdenarco.com\/wp-content\/uploads\/2024\/10\/5-MEO-DMT.gif\",\"datePublished\":\"2024-10-16T10:51:24+00:00\",\"dateModified\":\"2024-11-02T16:24:29+00:00\",\"description\":\"Fournisseur de 5-MeO-DMT pour applications scientifiques en laboratoire. Puret\u00e9 et s\u00e9curit\u00e9 garanties pour recherches chez Poudres de Narco.\",\"breadcrumb\":{\"@id\":\"https:\/\/poudresdenarco.com\/produit\/5-meo-dmt\/#breadcrumb\"},\"inLanguage\":\"en-AU\",\"potentialAction\":[{\"@type\":\"ReadAction\",\"target\":[\"https:\/\/poudresdenarco.com\/produit\/5-meo-dmt\/\"]}]},{\"@type\":\"ImageObject\",\"inLanguage\":\"en-AU\",\"@id\":\"https:\/\/poudresdenarco.com\/produit\/5-meo-dmt\/#primaryimage\",\"url\":\"https:\/\/poudresdenarco.com\/wp-content\/uploads\/2024\/10\/5-MEO-DMT.gif\",\"contentUrl\":\"https:\/\/poudresdenarco.com\/wp-content\/uploads\/2024\/10\/5-MEO-DMT.gif\",\"width\":600,\"height\":600,\"caption\":\"5-MEO-DMT\"},{\"@type\":\"BreadcrumbList\",\"@id\":\"https:\/\/poudresdenarco.com\/produit\/5-meo-dmt\/#breadcrumb\",\"itemListElement\":[{\"@type\":\"ListItem\",\"position\":1,\"name\":\"Home\",\"item\":\"https:\/\/poudresdenarco.com\/\"},{\"@type\":\"ListItem\",\"position\":2,\"name\":\"Boutique\",\"item\":\"https:\/\/poudresdenarco.com\/boutique\/\"},{\"@type\":\"ListItem\",\"position\":3,\"name\":\"5-MEO-DMT\"}]},{\"@type\":\"WebSite\",\"@id\":\"https:\/\/poudresdenarco.com\/#website\",\"url\":\"https:\/\/poudresdenarco.com\/\",\"name\":\"Poudresde Narco\",\"description\":\"Acheter de la coca\u00efne et de l&#039;h\u00e9ro\u00efne en ligne\",\"potentialAction\":[{\"@type\":\"SearchAction\",\"target\":{\"@type\":\"EntryPoint\",\"urlTemplate\":\"https:\/\/poudresdenarco.com\/?s={search_term_string}\"},\"query-input\":{\"@type\":\"PropertyValueSpecification\",\"valueRequired\":true,\"valueName\":\"search_term_string\"}}],\"inLanguage\":\"en-AU\"}]}<\/script>\n<!-- \/ Yoast SEO plugin. -->","yoast_head_json":{"title":"Acheter 5-MeO-DMT | Poudres de Narco\"","description":"Fournisseur de 5-MeO-DMT pour applications scientifiques en laboratoire. Puret\u00e9 et s\u00e9curit\u00e9 garanties pour recherches chez Poudres de Narco.","robots":{"index":"index","follow":"follow","max-snippet":"max-snippet:-1","max-image-preview":"max-image-preview:large","max-video-preview":"max-video-preview:-1"},"canonical":"https:\/\/poudresdenarco.com\/en\/product-2\/5-meo-dmt\/","og_locale":"en_US","og_type":"article","og_title":"Acheter 5-MeO-DMT | Poudres de Narco\"","og_description":"Fournisseur de 5-MeO-DMT pour applications scientifiques en laboratoire. Puret\u00e9 et s\u00e9curit\u00e9 garanties pour recherches chez Poudres de Narco.","og_url":"https:\/\/poudresdenarco.com\/en\/product-2\/5-meo-dmt\/","og_site_name":"Poudresde Narco","article_modified_time":"2024-11-02T16:24:29+00:00","og_image":[{"width":600,"height":600,"url":"https:\/\/poudresdenarco.com\/wp-content\/uploads\/2024\/10\/5-MEO-DMT.gif","type":"image\/gif"}],"twitter_card":"summary_large_image","twitter_misc":{"Est. reading time":"3 minutes"},"schema":{"@context":"https:\/\/schema.org","@graph":[{"@type":"WebPage","@id":"https:\/\/poudresdenarco.com\/produit\/5-meo-dmt\/","url":"https:\/\/poudresdenarco.com\/produit\/5-meo-dmt\/","name":"Acheter 5-MeO-DMT | Poudres de Narco\"","isPartOf":{"@id":"https:\/\/poudresdenarco.com\/#website"},"primaryImageOfPage":{"@id":"https:\/\/poudresdenarco.com\/produit\/5-meo-dmt\/#primaryimage"},"image":{"@id":"https:\/\/poudresdenarco.com\/produit\/5-meo-dmt\/#primaryimage"},"thumbnailUrl":"https:\/\/poudresdenarco.com\/wp-content\/uploads\/2024\/10\/5-MEO-DMT.gif","datePublished":"2024-10-16T10:51:24+00:00","dateModified":"2024-11-02T16:24:29+00:00","description":"Fournisseur de 5-MeO-DMT pour applications scientifiques en laboratoire. Puret\u00e9 et s\u00e9curit\u00e9 garanties pour recherches chez Poudres de Narco.","breadcrumb":{"@id":"https:\/\/poudresdenarco.com\/produit\/5-meo-dmt\/#breadcrumb"},"inLanguage":"en-AU","potentialAction":[{"@type":"ReadAction","target":["https:\/\/poudresdenarco.com\/produit\/5-meo-dmt\/"]}]},{"@type":"ImageObject","inLanguage":"en-AU","@id":"https:\/\/poudresdenarco.com\/produit\/5-meo-dmt\/#primaryimage","url":"https:\/\/poudresdenarco.com\/wp-content\/uploads\/2024\/10\/5-MEO-DMT.gif","contentUrl":"https:\/\/poudresdenarco.com\/wp-content\/uploads\/2024\/10\/5-MEO-DMT.gif","width":600,"height":600,"caption":"5-MEO-DMT"},{"@type":"BreadcrumbList","@id":"https:\/\/poudresdenarco.com\/produit\/5-meo-dmt\/#breadcrumb","itemListElement":[{"@type":"ListItem","position":1,"name":"Home","item":"https:\/\/poudresdenarco.com\/"},{"@type":"ListItem","position":2,"name":"Boutique","item":"https:\/\/poudresdenarco.com\/boutique\/"},{"@type":"ListItem","position":3,"name":"5-MEO-DMT"}]},{"@type":"WebSite","@id":"https:\/\/poudresdenarco.com\/#website","url":"https:\/\/poudresdenarco.com\/","name":"Poudresde Narco","description":"Acheter de la coca\u00efne et de l&#039;h\u00e9ro\u00efne en ligne","potentialAction":[{"@type":"SearchAction","target":{"@type":"EntryPoint","urlTemplate":"https:\/\/poudresdenarco.com\/?s={search_term_string}"},"query-input":{"@type":"PropertyValueSpecification","valueRequired":true,"valueName":"search_term_string"}}],"inLanguage":"en-AU"}]}},"_links":{"self":[{"href":"https:\/\/poudresdenarco.com\/en\/wp-json\/wp\/v2\/product\/4756","targetHints":{"allow":["GET"]}}],"collection":[{"href":"https:\/\/poudresdenarco.com\/en\/wp-json\/wp\/v2\/product"}],"about":[{"href":"https:\/\/poudresdenarco.com\/en\/wp-json\/wp\/v2\/types\/product"}],"replies":[{"embeddable":true,"href":"https:\/\/poudresdenarco.com\/en\/wp-json\/wp\/v2\/comments?post=4756"}],"wp:featuredmedia":[{"embeddable":true,"href":"https:\/\/poudresdenarco.com\/en\/wp-json\/wp\/v2\/media\/6146"}],"wp:attachment":[{"href":"https:\/\/poudresdenarco.com\/en\/wp-json\/wp\/v2\/media?parent=4756"}],"wp:term":[{"taxonomy":"product_cat","embeddable":true,"href":"https:\/\/poudresdenarco.com\/en\/wp-json\/wp\/v2\/product_cat?post=4756"},{"taxonomy":"product_tag","embeddable":true,"href":"https:\/\/poudresdenarco.com\/en\/wp-json\/wp\/v2\/product_tag?post=4756"}],"curies":[{"name":"wp","href":"https:\/\/api.w.org\/{rel}","templated":true}]}}