{"id":4948,"date":"2024-10-16T11:22:27","date_gmt":"2024-10-16T11:22:27","guid":{"rendered":"https:\/\/poudresdenarco.com\/?post_type=product&#038;p=4948"},"modified":"2024-11-02T13:18:11","modified_gmt":"2024-11-02T13:18:11","slug":"2mmc","status":"publish","type":"product","link":"https:\/\/poudresdenarco.com\/en\/product-2\/2mmc\/","title":{"rendered":"2mmc"},"content":{"rendered":"<h2>2-methylmethcathinone, or 2-mmc<\/h2>\n<p>2 mm CRYSTAL <a href=\"https:\/\/poudresdenarco.com\/en\/product-2\/2mmc\/\">2-MMC<\/a> is a stimulant of the cathinone class which shares a structure with mephedrone.<br \/>\nOne of the best products currently available, with a purity of over 99 %, it can be used as an alternative to mephedrone for similar research reasons Buy 2-MMC<a href=\"https:\/\/k2spices.com\/de\/\">.<\/a><\/p>\n<h3>What's more, available in crystal form, 2mmc CRYSTAL is not intended for human consumption.<\/h3>\n<p>As we have been supplying research chemicals for over 4 years, we have established a strong reputation both online and offline with researchers. We are a specialist supplier of advanced research chemicals and high quality laboratory equipment suitable for use in laboratory experiments. We are known for providing exceptional customer service, high quality research chemicals and the widest range of newly synthesised chemicals and products, making us the go-to partner for many scientists working in the fields of biochemistry and pharmacology. <a href=\"https:\/\/poudresdenarco.com\/en\/\">Poudresnarco<\/a><\/p>\n<h4><strong>Buy High Purity 2-MMC for Research - Narco Powders<\/strong><\/h4>\n<p>Poudres de Narco is your trusted supplier for <strong>2-MMC research quality<\/strong>designed exclusively for <strong>laboratory applications and scientific studies<\/strong>. With strict standards of purity and quality, our 2-MMC guarantees reliable results for chemistry and pharmacology professionals Buy 2-MMC .<\/p>\n<h3>Why choose 2-MMC from Poudres de Narco?<\/h3>\n<p>As a <strong>reliable supplier of 2-MMC<\/strong>We are committed to supplying a product that has been tested to ensure consistent quality and optimum safety:<\/p>\n<ul>\n<li><strong>2-MMC High Purity<\/strong> Each batch of 2-MMC is rigorously tested to ensure a high level of purity, essential for accurate research results.<\/li>\n<li><strong>Quality and consistency<\/strong> Our 2-MMC is manufactured to offer reliable performance in analytical and scientific studies.<\/li>\n<li><strong>Secure Online Ordering<\/strong> : We make it easier to<strong>purchase of 2-MMC for laboratories<\/strong>with a secure and confidential ordering process.<\/li>\n<\/ul>\n<h3>2-MMC applications and safety instructions<\/h3>\n<p>Le <strong>2-MMC<\/strong> de Poudres de Narco is intended for <strong>research applications<\/strong> in the laboratory, and we provide strict safety protocols to ensure proper use:<\/p>\n<ul>\n<li><strong>Secure storage<\/strong> Store 2-MMC in a cool, dry place away from direct light.<\/li>\n<li><strong>Handle with care<\/strong> Wear personal protective equipment (PPE) and make sure you work in a well-ventilated environment.<\/li>\n<li><strong>Use Strictly Reserved for Research<\/strong> This product is designed for laboratories and researchers in a controlled environment.<\/li>\n<\/ul>\n<h3>Order High Quality 2-MMC for Research<\/h3>\n<p>For a <strong>reliable supply of quality 2-MMC<\/strong> for your research needs, put your trust in Poudres de Narco. <strong>Contact us<\/strong> for a quotation or for more information on our range of products for laboratory applications.<\/p>\n<p>&nbsp;<\/p>","protected":false},"excerpt":{"rendered":"<p>2-m\u00e9thylm\u00e9thcathinone, ou 2-mmc 2 mm CRYSTAL 2-MMC est un stimulant de la classe des cathinones qui partage une structure avec la m\u00e9ph\u00e9drone. L&rsquo;un des meilleurs produits disponibles actuellement, avec une puret\u00e9 de plus de 99 %, il peut \u00eatre utilis\u00e9 comme alternative \u00e0 la m\u00e9ph\u00e9drone pour des raisons de recherche similaires Acheter 2-MMC. De plus,&hellip;<\/p>","protected":false},"featured_media":6155,"comment_status":"closed","ping_status":"closed","template":"","meta":{"_joinchat":[]},"product_cat":[558],"product_tag":[],"class_list":{"0":"post-4948","1":"product","2":"type-product","3":"status-publish","4":"has-post-thumbnail","6":"product_cat-chimiques-de-recherche","8":"first","9":"instock","10":"shipping-taxable","11":"purchasable","12":"product-type-variable","13":"col-xs-6 col-sm-4","14":"col-md-3 col-lg-3","15":"un-4-cols"},"yoast_head":"<!-- This site is optimized with the Yoast SEO plugin v23.8 - https:\/\/yoast.com\/wordpress\/plugins\/seo\/ -->\n<title>Acheter 2-MMC de Qualit\u00e9 pour la Recherche | Poudres de Narco<\/title>\n<meta name=\"description\" content=\"Fournisseur de 2-MMC de haute puret\u00e9 pour applications de recherche en laboratoire. Qualit\u00e9 et s\u00e9curit\u00e9 garanties chez Poudres de Narco.\" \/>\n<meta name=\"robots\" content=\"index, follow, max-snippet:-1, max-image-preview:large, max-video-preview:-1\" \/>\n<link rel=\"canonical\" href=\"https:\/\/poudresdenarco.com\/en\/product-2\/2mmc\/\" \/>\n<meta property=\"og:locale\" content=\"en_US\" \/>\n<meta property=\"og:type\" content=\"article\" \/>\n<meta property=\"og:title\" content=\"Acheter 2-MMC de Qualit\u00e9 pour la Recherche | Poudres de Narco\" \/>\n<meta property=\"og:description\" content=\"Fournisseur de 2-MMC de haute puret\u00e9 pour applications de recherche en laboratoire. Qualit\u00e9 et s\u00e9curit\u00e9 garanties chez Poudres de Narco.\" \/>\n<meta property=\"og:url\" content=\"https:\/\/poudresdenarco.com\/en\/product-2\/2mmc\/\" \/>\n<meta property=\"og:site_name\" content=\"Poudresde Narco\" \/>\n<meta property=\"article:modified_time\" content=\"2024-11-02T13:18:11+00:00\" \/>\n<meta property=\"og:image\" content=\"https:\/\/poudresdenarco.com\/wp-content\/uploads\/2024\/10\/2mmc.gif\" \/>\n\t<meta property=\"og:image:width\" content=\"600\" \/>\n\t<meta property=\"og:image:height\" content=\"600\" \/>\n\t<meta property=\"og:image:type\" content=\"image\/gif\" \/>\n<meta name=\"twitter:card\" content=\"summary_large_image\" \/>\n<meta name=\"twitter:label1\" content=\"Est. reading time\" \/>\n\t<meta name=\"twitter:data1\" content=\"3 minutes\" \/>\n<script type=\"application\/ld+json\" class=\"yoast-schema-graph\">{\"@context\":\"https:\/\/schema.org\",\"@graph\":[{\"@type\":\"WebPage\",\"@id\":\"https:\/\/poudresdenarco.com\/produit\/2mmc\/\",\"url\":\"https:\/\/poudresdenarco.com\/produit\/2mmc\/\",\"name\":\"Acheter 2-MMC de Qualit\u00e9 pour la Recherche | Poudres de Narco\",\"isPartOf\":{\"@id\":\"https:\/\/poudresdenarco.com\/#website\"},\"primaryImageOfPage\":{\"@id\":\"https:\/\/poudresdenarco.com\/produit\/2mmc\/#primaryimage\"},\"image\":{\"@id\":\"https:\/\/poudresdenarco.com\/produit\/2mmc\/#primaryimage\"},\"thumbnailUrl\":\"https:\/\/poudresdenarco.com\/wp-content\/uploads\/2024\/10\/2mmc.gif\",\"datePublished\":\"2024-10-16T11:22:27+00:00\",\"dateModified\":\"2024-11-02T13:18:11+00:00\",\"description\":\"Fournisseur de 2-MMC de haute puret\u00e9 pour applications de recherche en laboratoire. Qualit\u00e9 et s\u00e9curit\u00e9 garanties chez Poudres de Narco.\",\"breadcrumb\":{\"@id\":\"https:\/\/poudresdenarco.com\/produit\/2mmc\/#breadcrumb\"},\"inLanguage\":\"en-AU\",\"potentialAction\":[{\"@type\":\"ReadAction\",\"target\":[\"https:\/\/poudresdenarco.com\/produit\/2mmc\/\"]}]},{\"@type\":\"ImageObject\",\"inLanguage\":\"en-AU\",\"@id\":\"https:\/\/poudresdenarco.com\/produit\/2mmc\/#primaryimage\",\"url\":\"https:\/\/poudresdenarco.com\/wp-content\/uploads\/2024\/10\/2mmc.gif\",\"contentUrl\":\"https:\/\/poudresdenarco.com\/wp-content\/uploads\/2024\/10\/2mmc.gif\",\"width\":600,\"height\":600,\"caption\":\"2mmc\"},{\"@type\":\"BreadcrumbList\",\"@id\":\"https:\/\/poudresdenarco.com\/produit\/2mmc\/#breadcrumb\",\"itemListElement\":[{\"@type\":\"ListItem\",\"position\":1,\"name\":\"Home\",\"item\":\"https:\/\/poudresdenarco.com\/\"},{\"@type\":\"ListItem\",\"position\":2,\"name\":\"Boutique\",\"item\":\"https:\/\/poudresdenarco.com\/boutique\/\"},{\"@type\":\"ListItem\",\"position\":3,\"name\":\"2mmc\"}]},{\"@type\":\"WebSite\",\"@id\":\"https:\/\/poudresdenarco.com\/#website\",\"url\":\"https:\/\/poudresdenarco.com\/\",\"name\":\"Poudresde Narco\",\"description\":\"Acheter de la coca\u00efne et de l&#039;h\u00e9ro\u00efne en ligne\",\"potentialAction\":[{\"@type\":\"SearchAction\",\"target\":{\"@type\":\"EntryPoint\",\"urlTemplate\":\"https:\/\/poudresdenarco.com\/?s={search_term_string}\"},\"query-input\":{\"@type\":\"PropertyValueSpecification\",\"valueRequired\":true,\"valueName\":\"search_term_string\"}}],\"inLanguage\":\"en-AU\"}]}<\/script>\n<!-- \/ Yoast SEO plugin. -->","yoast_head_json":{"title":"Acheter 2-MMC de Qualit\u00e9 pour la Recherche | Poudres de Narco","description":"Fournisseur de 2-MMC de haute puret\u00e9 pour applications de recherche en laboratoire. Qualit\u00e9 et s\u00e9curit\u00e9 garanties chez Poudres de Narco.","robots":{"index":"index","follow":"follow","max-snippet":"max-snippet:-1","max-image-preview":"max-image-preview:large","max-video-preview":"max-video-preview:-1"},"canonical":"https:\/\/poudresdenarco.com\/en\/product-2\/2mmc\/","og_locale":"en_US","og_type":"article","og_title":"Acheter 2-MMC de Qualit\u00e9 pour la Recherche | Poudres de Narco","og_description":"Fournisseur de 2-MMC de haute puret\u00e9 pour applications de recherche en laboratoire. Qualit\u00e9 et s\u00e9curit\u00e9 garanties chez Poudres de Narco.","og_url":"https:\/\/poudresdenarco.com\/en\/product-2\/2mmc\/","og_site_name":"Poudresde Narco","article_modified_time":"2024-11-02T13:18:11+00:00","og_image":[{"width":600,"height":600,"url":"https:\/\/poudresdenarco.com\/wp-content\/uploads\/2024\/10\/2mmc.gif","type":"image\/gif"}],"twitter_card":"summary_large_image","twitter_misc":{"Est. reading time":"3 minutes"},"schema":{"@context":"https:\/\/schema.org","@graph":[{"@type":"WebPage","@id":"https:\/\/poudresdenarco.com\/produit\/2mmc\/","url":"https:\/\/poudresdenarco.com\/produit\/2mmc\/","name":"Acheter 2-MMC de Qualit\u00e9 pour la Recherche | Poudres de Narco","isPartOf":{"@id":"https:\/\/poudresdenarco.com\/#website"},"primaryImageOfPage":{"@id":"https:\/\/poudresdenarco.com\/produit\/2mmc\/#primaryimage"},"image":{"@id":"https:\/\/poudresdenarco.com\/produit\/2mmc\/#primaryimage"},"thumbnailUrl":"https:\/\/poudresdenarco.com\/wp-content\/uploads\/2024\/10\/2mmc.gif","datePublished":"2024-10-16T11:22:27+00:00","dateModified":"2024-11-02T13:18:11+00:00","description":"Fournisseur de 2-MMC de haute puret\u00e9 pour applications de recherche en laboratoire. Qualit\u00e9 et s\u00e9curit\u00e9 garanties chez Poudres de Narco.","breadcrumb":{"@id":"https:\/\/poudresdenarco.com\/produit\/2mmc\/#breadcrumb"},"inLanguage":"en-AU","potentialAction":[{"@type":"ReadAction","target":["https:\/\/poudresdenarco.com\/produit\/2mmc\/"]}]},{"@type":"ImageObject","inLanguage":"en-AU","@id":"https:\/\/poudresdenarco.com\/produit\/2mmc\/#primaryimage","url":"https:\/\/poudresdenarco.com\/wp-content\/uploads\/2024\/10\/2mmc.gif","contentUrl":"https:\/\/poudresdenarco.com\/wp-content\/uploads\/2024\/10\/2mmc.gif","width":600,"height":600,"caption":"2mmc"},{"@type":"BreadcrumbList","@id":"https:\/\/poudresdenarco.com\/produit\/2mmc\/#breadcrumb","itemListElement":[{"@type":"ListItem","position":1,"name":"Home","item":"https:\/\/poudresdenarco.com\/"},{"@type":"ListItem","position":2,"name":"Boutique","item":"https:\/\/poudresdenarco.com\/boutique\/"},{"@type":"ListItem","position":3,"name":"2mmc"}]},{"@type":"WebSite","@id":"https:\/\/poudresdenarco.com\/#website","url":"https:\/\/poudresdenarco.com\/","name":"Poudresde Narco","description":"Acheter de la coca\u00efne et de l&#039;h\u00e9ro\u00efne en ligne","potentialAction":[{"@type":"SearchAction","target":{"@type":"EntryPoint","urlTemplate":"https:\/\/poudresdenarco.com\/?s={search_term_string}"},"query-input":{"@type":"PropertyValueSpecification","valueRequired":true,"valueName":"search_term_string"}}],"inLanguage":"en-AU"}]}},"_links":{"self":[{"href":"https:\/\/poudresdenarco.com\/en\/wp-json\/wp\/v2\/product\/4948","targetHints":{"allow":["GET"]}}],"collection":[{"href":"https:\/\/poudresdenarco.com\/en\/wp-json\/wp\/v2\/product"}],"about":[{"href":"https:\/\/poudresdenarco.com\/en\/wp-json\/wp\/v2\/types\/product"}],"replies":[{"embeddable":true,"href":"https:\/\/poudresdenarco.com\/en\/wp-json\/wp\/v2\/comments?post=4948"}],"wp:featuredmedia":[{"embeddable":true,"href":"https:\/\/poudresdenarco.com\/en\/wp-json\/wp\/v2\/media\/6155"}],"wp:attachment":[{"href":"https:\/\/poudresdenarco.com\/en\/wp-json\/wp\/v2\/media?parent=4948"}],"wp:term":[{"taxonomy":"product_cat","embeddable":true,"href":"https:\/\/poudresdenarco.com\/en\/wp-json\/wp\/v2\/product_cat?post=4948"},{"taxonomy":"product_tag","embeddable":true,"href":"https:\/\/poudresdenarco.com\/en\/wp-json\/wp\/v2\/product_tag?post=4948"}],"curies":[{"name":"wp","href":"https:\/\/api.w.org\/{rel}","templated":true}]}}