{"id":5078,"date":"2024-10-16T11:24:40","date_gmt":"2024-10-16T11:24:40","guid":{"rendered":"https:\/\/poudresdenarco.com\/?post_type=product&#038;p=5078"},"modified":"2024-12-23T09:49:33","modified_gmt":"2024-12-23T09:49:33","slug":"adbb","status":"publish","type":"product","link":"https:\/\/poudresdenarco.com\/en\/product-2\/adbb\/","title":{"rendered":"ADBB"},"content":{"rendered":"<h2><strong>Buy High Purity ADBB for Research <a href=\"https:\/\/cokebricks.com\/product\/5f-emb\/\">&#8211;<\/a> Narcotic powders<\/strong><\/h2>\n<p><strong>Narcotic powders<\/strong> is your trusted supplier for<strong>ADBB quality research<\/strong> (ADB-Butinaca), designed specifically for <strong>scientific laboratory applications<\/strong>. Our ADBB is produced according to strict purity and quality standards, guaranteeing reliable results for researchers in chemistry and pharmacology.<a href=\"https:\/\/poudresdenarco.com\/en\/\"> Buy ADBB.<\/a><\/p>\n<h3>Why choose ADBB de Poudres de Narco?<\/h3>\n<p>As a <strong>supplier of ADBB for research<\/strong>, <strong>Narcotic powders<\/strong> is committed to offering rigorously tested products, adapted to the needs of its customers. <strong>certified laboratories<\/strong> :<\/p>\n<ul>\n<li><strong>High Purity ADBB for Laboratories<\/strong> : Each batch is rigorously tested to ensure optimum purity, which is essential for <strong>specific scientific applications<\/strong>.<\/li>\n<li><strong>Consistent, Reliable Quality<\/strong> Our ADBB is formulated for stable performance, ideal for <strong>analytical studies and laboratory research<\/strong>.<\/li>\n<li><strong>Secure Online Ordering<\/strong> : <strong>Narcotic powders<\/strong> offers a simplified process for<strong>buy ADBB online<\/strong>ensuring security and compliance for research professionals.<\/li>\n<\/ul>\n<h3>Applications and Safety Instructions<\/h3>\n<p>L'<strong>ADBB for research<\/strong> from <strong>Narcotic powders<\/strong> is intended for <strong>analytical applications and scientific studies<\/strong>. To ensure correct and safe use, we provide safety instructions :<\/p>\n<ul>\n<li><strong>Secure storage<\/strong> Keep ADBB in a cool, dry place away from light to preserve its quality.<\/li>\n<li><strong>Handling with Precautions<\/strong> Use personal protective equipment (PPE) and work in a well-ventilated environment to ensure safety.<\/li>\n<li><strong>Use Strictly Reserved for Research<\/strong> This product is intended exclusively for qualified researchers and certified laboratories.<\/li>\n<\/ul>\n<h3>Order High Purity ADBB for your Scientific Studies<\/h3>\n<p>With <strong>Narcotic powders<\/strong>benefit from <strong>reliable supply of ADBB for laboratory applications<\/strong>. Our high standards of quality and safety make <strong>Narcotic powders<\/strong> the trusted choice for research professionals. <strong>Contact us<\/strong> for a quote or to find out more about our range of high-purity products for scientific research.<\/p>","protected":false},"excerpt":{"rendered":"<p>Acheter de l&rsquo;ADBB de Haute Puret\u00e9 pour la Recherche &#8211; Poudres de Narco Poudres de Narco est votre fournisseur de confiance pour l&rsquo;ADBB de qualit\u00e9 recherche (ADB-Butinaca), con\u00e7u sp\u00e9cifiquement pour des applications scientifiques en laboratoire. Notre ADBB est produit selon des normes strictes de puret\u00e9 et de qualit\u00e9, garantissant des r\u00e9sultats fiables pour les chercheurs&hellip;<\/p>","protected":false},"featured_media":5104,"comment_status":"open","ping_status":"closed","template":"","meta":{"_joinchat":[]},"product_cat":[558,751],"product_tag":[],"class_list":{"0":"post-5078","1":"product","2":"type-product","3":"status-publish","4":"has-post-thumbnail","6":"product_cat-chimiques-de-recherche","7":"product_cat-stimulants","9":"first","10":"instock","11":"shipping-taxable","12":"purchasable","13":"product-type-variable","14":"col-xs-6 col-sm-4","15":"col-md-3 col-lg-3","16":"un-4-cols"},"yoast_head":"<!-- This site is optimized with the Yoast SEO plugin v23.8 - https:\/\/yoast.com\/wordpress\/plugins\/seo\/ -->\n<title>Achetez ADBB en ligne - ADBB \u00e0 vendre - Commandez ADBB<\/title>\n<meta name=\"description\" content=\"Vous pouvez acheter de l&#039;ADBB en ligne aux meilleurs prix dans notre boutique de m\u00e9dicaments en ligne. Nous proposons de l&#039;ADBB bon march\u00e9 et de haute qualit\u00e9 \u00e0 la vente et proposons une livraison dans le monde entier. Vous pouvez commander de n&#039;importe o\u00f9, \u00e0 tout moment.\" \/>\n<meta name=\"robots\" content=\"index, follow, max-snippet:-1, max-image-preview:large, max-video-preview:-1\" \/>\n<link rel=\"canonical\" href=\"https:\/\/poudresdenarco.com\/en\/product-2\/adbb\/\" \/>\n<meta property=\"og:locale\" content=\"en_US\" \/>\n<meta property=\"og:type\" content=\"article\" \/>\n<meta property=\"og:title\" content=\"Achetez ADBB en ligne - ADBB \u00e0 vendre - Commandez ADBB\" \/>\n<meta property=\"og:description\" content=\"Vous pouvez acheter de l&#039;ADBB en ligne aux meilleurs prix dans notre boutique de m\u00e9dicaments en ligne. Nous proposons de l&#039;ADBB bon march\u00e9 et de haute qualit\u00e9 \u00e0 la vente et proposons une livraison dans le monde entier. Vous pouvez commander de n&#039;importe o\u00f9, \u00e0 tout moment.\" \/>\n<meta property=\"og:url\" content=\"https:\/\/poudresdenarco.com\/en\/product-2\/adbb\/\" \/>\n<meta property=\"og:site_name\" content=\"Poudresde Narco\" \/>\n<meta property=\"article:modified_time\" content=\"2024-12-23T09:49:33+00:00\" \/>\n<meta property=\"og:image\" content=\"https:\/\/poudresdenarco.com\/wp-content\/uploads\/2024\/10\/ADBB.gif\" \/>\n\t<meta property=\"og:image:width\" content=\"600\" \/>\n\t<meta property=\"og:image:height\" content=\"600\" \/>\n\t<meta property=\"og:image:type\" content=\"image\/gif\" \/>\n<meta name=\"twitter:card\" content=\"summary_large_image\" \/>\n<meta name=\"twitter:label1\" content=\"Est. reading time\" \/>\n\t<meta name=\"twitter:data1\" content=\"2 minutes\" \/>\n<script type=\"application\/ld+json\" class=\"yoast-schema-graph\">{\"@context\":\"https:\/\/schema.org\",\"@graph\":[{\"@type\":\"WebPage\",\"@id\":\"https:\/\/poudresdenarco.com\/produit\/adbb\/\",\"url\":\"https:\/\/poudresdenarco.com\/produit\/adbb\/\",\"name\":\"Achetez ADBB en ligne - ADBB \u00e0 vendre - Commandez ADBB\",\"isPartOf\":{\"@id\":\"https:\/\/poudresdenarco.com\/#website\"},\"primaryImageOfPage\":{\"@id\":\"https:\/\/poudresdenarco.com\/produit\/adbb\/#primaryimage\"},\"image\":{\"@id\":\"https:\/\/poudresdenarco.com\/produit\/adbb\/#primaryimage\"},\"thumbnailUrl\":\"https:\/\/poudresdenarco.com\/wp-content\/uploads\/2024\/10\/ADBB.gif\",\"datePublished\":\"2024-10-16T11:24:40+00:00\",\"dateModified\":\"2024-12-23T09:49:33+00:00\",\"description\":\"Vous pouvez acheter de l'ADBB en ligne aux meilleurs prix dans notre boutique de m\u00e9dicaments en ligne. Nous proposons de l'ADBB bon march\u00e9 et de haute qualit\u00e9 \u00e0 la vente et proposons une livraison dans le monde entier. Vous pouvez commander de n'importe o\u00f9, \u00e0 tout moment.\",\"breadcrumb\":{\"@id\":\"https:\/\/poudresdenarco.com\/produit\/adbb\/#breadcrumb\"},\"inLanguage\":\"en-AU\",\"potentialAction\":[{\"@type\":\"ReadAction\",\"target\":[\"https:\/\/poudresdenarco.com\/produit\/adbb\/\"]}]},{\"@type\":\"ImageObject\",\"inLanguage\":\"en-AU\",\"@id\":\"https:\/\/poudresdenarco.com\/produit\/adbb\/#primaryimage\",\"url\":\"https:\/\/poudresdenarco.com\/wp-content\/uploads\/2024\/10\/ADBB.gif\",\"contentUrl\":\"https:\/\/poudresdenarco.com\/wp-content\/uploads\/2024\/10\/ADBB.gif\",\"width\":600,\"height\":600},{\"@type\":\"BreadcrumbList\",\"@id\":\"https:\/\/poudresdenarco.com\/produit\/adbb\/#breadcrumb\",\"itemListElement\":[{\"@type\":\"ListItem\",\"position\":1,\"name\":\"Home\",\"item\":\"https:\/\/poudresdenarco.com\/\"},{\"@type\":\"ListItem\",\"position\":2,\"name\":\"Boutique\",\"item\":\"https:\/\/poudresdenarco.com\/boutique\/\"},{\"@type\":\"ListItem\",\"position\":3,\"name\":\"ADBB\"}]},{\"@type\":\"WebSite\",\"@id\":\"https:\/\/poudresdenarco.com\/#website\",\"url\":\"https:\/\/poudresdenarco.com\/\",\"name\":\"Poudresde Narco\",\"description\":\"Acheter de la coca\u00efne et de l&#039;h\u00e9ro\u00efne en ligne\",\"potentialAction\":[{\"@type\":\"SearchAction\",\"target\":{\"@type\":\"EntryPoint\",\"urlTemplate\":\"https:\/\/poudresdenarco.com\/?s={search_term_string}\"},\"query-input\":{\"@type\":\"PropertyValueSpecification\",\"valueRequired\":true,\"valueName\":\"search_term_string\"}}],\"inLanguage\":\"en-AU\"}]}<\/script>\n<!-- \/ Yoast SEO plugin. -->","yoast_head_json":{"title":"Achetez ADBB en ligne - ADBB \u00e0 vendre - Commandez ADBB","description":"Vous pouvez acheter de l'ADBB en ligne aux meilleurs prix dans notre boutique de m\u00e9dicaments en ligne. Nous proposons de l'ADBB bon march\u00e9 et de haute qualit\u00e9 \u00e0 la vente et proposons une livraison dans le monde entier. Vous pouvez commander de n'importe o\u00f9, \u00e0 tout moment.","robots":{"index":"index","follow":"follow","max-snippet":"max-snippet:-1","max-image-preview":"max-image-preview:large","max-video-preview":"max-video-preview:-1"},"canonical":"https:\/\/poudresdenarco.com\/en\/product-2\/adbb\/","og_locale":"en_US","og_type":"article","og_title":"Achetez ADBB en ligne - ADBB \u00e0 vendre - Commandez ADBB","og_description":"Vous pouvez acheter de l'ADBB en ligne aux meilleurs prix dans notre boutique de m\u00e9dicaments en ligne. Nous proposons de l'ADBB bon march\u00e9 et de haute qualit\u00e9 \u00e0 la vente et proposons une livraison dans le monde entier. Vous pouvez commander de n'importe o\u00f9, \u00e0 tout moment.","og_url":"https:\/\/poudresdenarco.com\/en\/product-2\/adbb\/","og_site_name":"Poudresde Narco","article_modified_time":"2024-12-23T09:49:33+00:00","og_image":[{"width":600,"height":600,"url":"https:\/\/poudresdenarco.com\/wp-content\/uploads\/2024\/10\/ADBB.gif","type":"image\/gif"}],"twitter_card":"summary_large_image","twitter_misc":{"Est. reading time":"2 minutes"},"schema":{"@context":"https:\/\/schema.org","@graph":[{"@type":"WebPage","@id":"https:\/\/poudresdenarco.com\/produit\/adbb\/","url":"https:\/\/poudresdenarco.com\/produit\/adbb\/","name":"Achetez ADBB en ligne - ADBB \u00e0 vendre - Commandez ADBB","isPartOf":{"@id":"https:\/\/poudresdenarco.com\/#website"},"primaryImageOfPage":{"@id":"https:\/\/poudresdenarco.com\/produit\/adbb\/#primaryimage"},"image":{"@id":"https:\/\/poudresdenarco.com\/produit\/adbb\/#primaryimage"},"thumbnailUrl":"https:\/\/poudresdenarco.com\/wp-content\/uploads\/2024\/10\/ADBB.gif","datePublished":"2024-10-16T11:24:40+00:00","dateModified":"2024-12-23T09:49:33+00:00","description":"Vous pouvez acheter de l'ADBB en ligne aux meilleurs prix dans notre boutique de m\u00e9dicaments en ligne. Nous proposons de l'ADBB bon march\u00e9 et de haute qualit\u00e9 \u00e0 la vente et proposons une livraison dans le monde entier. Vous pouvez commander de n'importe o\u00f9, \u00e0 tout moment.","breadcrumb":{"@id":"https:\/\/poudresdenarco.com\/produit\/adbb\/#breadcrumb"},"inLanguage":"en-AU","potentialAction":[{"@type":"ReadAction","target":["https:\/\/poudresdenarco.com\/produit\/adbb\/"]}]},{"@type":"ImageObject","inLanguage":"en-AU","@id":"https:\/\/poudresdenarco.com\/produit\/adbb\/#primaryimage","url":"https:\/\/poudresdenarco.com\/wp-content\/uploads\/2024\/10\/ADBB.gif","contentUrl":"https:\/\/poudresdenarco.com\/wp-content\/uploads\/2024\/10\/ADBB.gif","width":600,"height":600},{"@type":"BreadcrumbList","@id":"https:\/\/poudresdenarco.com\/produit\/adbb\/#breadcrumb","itemListElement":[{"@type":"ListItem","position":1,"name":"Home","item":"https:\/\/poudresdenarco.com\/"},{"@type":"ListItem","position":2,"name":"Boutique","item":"https:\/\/poudresdenarco.com\/boutique\/"},{"@type":"ListItem","position":3,"name":"ADBB"}]},{"@type":"WebSite","@id":"https:\/\/poudresdenarco.com\/#website","url":"https:\/\/poudresdenarco.com\/","name":"Poudresde Narco","description":"Acheter de la coca\u00efne et de l&#039;h\u00e9ro\u00efne en ligne","potentialAction":[{"@type":"SearchAction","target":{"@type":"EntryPoint","urlTemplate":"https:\/\/poudresdenarco.com\/?s={search_term_string}"},"query-input":{"@type":"PropertyValueSpecification","valueRequired":true,"valueName":"search_term_string"}}],"inLanguage":"en-AU"}]}},"_links":{"self":[{"href":"https:\/\/poudresdenarco.com\/en\/wp-json\/wp\/v2\/product\/5078","targetHints":{"allow":["GET"]}}],"collection":[{"href":"https:\/\/poudresdenarco.com\/en\/wp-json\/wp\/v2\/product"}],"about":[{"href":"https:\/\/poudresdenarco.com\/en\/wp-json\/wp\/v2\/types\/product"}],"replies":[{"embeddable":true,"href":"https:\/\/poudresdenarco.com\/en\/wp-json\/wp\/v2\/comments?post=5078"}],"wp:featuredmedia":[{"embeddable":true,"href":"https:\/\/poudresdenarco.com\/en\/wp-json\/wp\/v2\/media\/5104"}],"wp:attachment":[{"href":"https:\/\/poudresdenarco.com\/en\/wp-json\/wp\/v2\/media?parent=5078"}],"wp:term":[{"taxonomy":"product_cat","embeddable":true,"href":"https:\/\/poudresdenarco.com\/en\/wp-json\/wp\/v2\/product_cat?post=5078"},{"taxonomy":"product_tag","embeddable":true,"href":"https:\/\/poudresdenarco.com\/en\/wp-json\/wp\/v2\/product_tag?post=5078"}],"curies":[{"name":"wp","href":"https:\/\/api.w.org\/{rel}","templated":true}]}}