{"id":5966,"date":"2024-10-16T11:32:10","date_gmt":"2024-10-16T11:32:10","guid":{"rendered":"https:\/\/poudresdenarco.com\/?post_type=product&#038;p=5966"},"modified":"2024-12-23T09:30:09","modified_gmt":"2024-12-23T09:30:09","slug":"mdpv","status":"publish","type":"product","link":"https:\/\/poudresdenarco.com\/en\/product-2\/mdpv\/","title":{"rendered":"MDPV"},"content":{"rendered":"<h2><strong>Buy High Purity MDPV for Research - Narco Powders<\/strong><\/h2>\n<p><strong>Narcotic powders<\/strong> is your trusted source for <strong>Research-quality MDPV<\/strong>designed exclusively for <strong>scientific laboratory applications<\/strong>. Our MDPV is produced according to rigorous standards of purity and quality, offering reliable results for researchers in chemistry and pharmacology Buy MDPV .<\/p>\n<h3>Why choose MDPV de Poudres de Narco?<\/h3>\n<p>As a <strong>MDPV supplier for research<\/strong>, <strong>Narcotic powders<\/strong> guarantees products that meet the requirements of <strong>certified laboratories<\/strong> :<\/p>\n<ul>\n<li><strong>High Purity MDPV for Laboratories<\/strong> : Each batch is rigorously tested to ensure maximum purity, which is essential for <strong>precision scientific applications<\/strong>.<\/li>\n<li><strong>Consistent, Reliable Quality<\/strong> : Our MDPV is formulated for stable, reliable performance, adapted to the needs of <strong>analytical laboratory studies<\/strong>.<\/li>\n<li><strong>Secure Online Ordering<\/strong> : <strong>Narcotic powders<\/strong> simplifies<strong>buying MDPV online<\/strong>The process is secure and complies with research standards.<\/li>\n<\/ul>\n<h3>Applications and Safety Instructions<\/h3>\n<p>Le <strong>MDPV for research<\/strong> from <strong>Narcotic powders<\/strong> is intended for <strong>analytical applications and scientific studies<\/strong>. To ensure safe and proper use, we provide detailed safety instructions:<\/p>\n<ul>\n<li><strong>Secure storage<\/strong> Keep MDPV in a cool, dry place away from light to preserve its quality.<\/li>\n<li><strong>Handling with Precautions<\/strong> Use personal protective equipment (PPE) and work in a well-ventilated environment to ensure safety.<\/li>\n<li><strong>Use Strictly Reserved for Research<\/strong> This product is intended exclusively for qualified researchers and certified laboratories.<\/li>\n<\/ul>\n<h2>Buy MDPV online<\/h2>\n<p>Le <a href=\"https:\/\/poudresdenarco.com\/en\/product-2\/mdpv\/\">MDPV<\/a> is also known as methylenedioxypyrovalerone.<\/p>\n<p>It is a synthetic drug originally developed in 1969.<\/p>\n<p>This is a type of dopamine and noradrenaline receptor reuptake inhibitor.<\/p>\n<p>It is known to function as a psychoactive substance and for its stimulant properties. Some of the effects of the drug can be: heightened consciousness, euphoria, increased alertness and increased energy.<\/p>\n<p>Experienced researchers recommend using <a href=\"https:\/\/en.wikipedia.org\/wiki\/Methylenedioxypyrovalerone\">MDPV<\/a> compared with Ritalin, because the former is known to be 4 times more powerful.<\/p>\n<p>The drug is generally sold on online websites or in pharmacies in the form of a fine crystalline powder.<\/p>\n<p>Please note that MDPV has been around for some time and, as a result, is referred to by various names, such as MDPK, Maddie, Super Coke, Ivory Wave, Peevee, Magic, MTV, Ocean, White Lightening, ScarfaceCharge Plus, etc. <a href=\"https:\/\/poudresdenarco.com\/en\/\">poudresdenarco<\/a><\/p>\n<p>Although psychotropic properties are associated with the drug, many people also use it for recreational purposes.<\/p>\n<h3>Some of the traditional uses of MDPV are as follows:<\/h3>\n<p>It has been used to help patients lose weight because the drug tends to burn fat quickly.<br \/>\nAs mentioned above, this drug is known to improve sexual activity, increase energy reserves and help patients achieve a high level of arousal.<br \/>\nPlease note that like any other medicine, there are also recommended dosages for MDPV. This means that overdosing can lead to problems, just as it can with other medicines.<\/p>\n<p>You should never exceed the recommended dose. The good thing about MDPV is that it is legal in most countries of the world, unlike most of its counterparts. Thanks to its many pharmaceutical properties, many researchers are also using it as a chemical research compound.<\/p>\n<p>Although it is generally available as a hydrophilic powder with a slight odour, it can be any colour from white to light brown. Some of the side effects of using MDVP are: anxiety, weakness, excitement, lack of appetite, increased blood pressure and palpitations.<\/p>\n<p>An overdose can cause hallucinations and even panic attacks. The effect generally lasts about 4 hours. Be careful not to store it in the open air, as contact with the air can alter its properties.<\/p>\n<h3>Order high-purity MDPV for your scientific studies<\/h3>\n<p>With <strong>Narcotic powders<\/strong>benefit from <strong>reliable supply of MDPV for laboratory applications<\/strong>. Our high standards of quality and safety make <strong>Narcotic powders<\/strong> the ideal choice for research professionals. <strong>Contact us<\/strong> for a quote or to find out more about our range of high purity products for scientific research Buy MDPV .<\/p>","protected":false},"excerpt":{"rendered":"<p>Acheter du MDPV de Haute Puret\u00e9 pour la Recherche &#8211; Poudres de Narco Poudres de Narco est votre source de confiance pour le MDPV de qualit\u00e9 recherche, con\u00e7u exclusivement pour des applications scientifiques en laboratoire. Notre MDPV est produit selon des normes rigoureuses de puret\u00e9 et de qualit\u00e9, offrant des r\u00e9sultats fiables pour les chercheurs&hellip;<\/p>","protected":false},"featured_media":6173,"comment_status":"open","ping_status":"closed","template":"","meta":{"_joinchat":[]},"product_cat":[558,751],"product_tag":[],"class_list":{"0":"post-5966","1":"product","2":"type-product","3":"status-publish","4":"has-post-thumbnail","6":"product_cat-chimiques-de-recherche","7":"product_cat-stimulants","9":"first","10":"instock","11":"shipping-taxable","12":"purchasable","13":"product-type-variable","14":"col-xs-6 col-sm-4","15":"col-md-3 col-lg-3","16":"un-4-cols"},"yoast_head":"<!-- This site is optimized with the Yoast SEO plugin v23.8 - https:\/\/yoast.com\/wordpress\/plugins\/seo\/ -->\n<title>&quot;Acheter MDPV Puret\u00e9 pour la Recherche | Poudres de Narco&quot;<\/title>\n<meta name=\"description\" content=\"Fournisseur de MDPV pour applications scientifiques en laboratoire. Puret\u00e9 et s\u00e9curit\u00e9 garanties pour recherches avanc\u00e9es chez Poudres de Narco.\" \/>\n<meta name=\"robots\" content=\"index, follow, max-snippet:-1, max-image-preview:large, max-video-preview:-1\" \/>\n<link rel=\"canonical\" href=\"https:\/\/poudresdenarco.com\/en\/product-2\/mdpv\/\" \/>\n<meta property=\"og:locale\" content=\"en_US\" \/>\n<meta property=\"og:type\" content=\"article\" \/>\n<meta property=\"og:title\" content=\"&quot;Acheter MDPV Puret\u00e9 pour la Recherche | Poudres de Narco&quot;\" \/>\n<meta property=\"og:description\" content=\"Fournisseur de MDPV pour applications scientifiques en laboratoire. Puret\u00e9 et s\u00e9curit\u00e9 garanties pour recherches avanc\u00e9es chez Poudres de Narco.\" \/>\n<meta property=\"og:url\" content=\"https:\/\/poudresdenarco.com\/en\/product-2\/mdpv\/\" \/>\n<meta property=\"og:site_name\" content=\"Poudresde Narco\" \/>\n<meta property=\"article:modified_time\" content=\"2024-12-23T09:30:09+00:00\" \/>\n<meta property=\"og:image\" content=\"https:\/\/poudresdenarco.com\/wp-content\/uploads\/2024\/10\/MDPV-1.gif\" \/>\n\t<meta property=\"og:image:width\" content=\"600\" \/>\n\t<meta property=\"og:image:height\" content=\"600\" \/>\n\t<meta property=\"og:image:type\" content=\"image\/gif\" \/>\n<meta name=\"twitter:card\" content=\"summary_large_image\" \/>\n<meta name=\"twitter:label1\" content=\"Est. reading time\" \/>\n\t<meta name=\"twitter:data1\" content=\"4 minutes\" \/>\n<script type=\"application\/ld+json\" class=\"yoast-schema-graph\">{\"@context\":\"https:\/\/schema.org\",\"@graph\":[{\"@type\":\"WebPage\",\"@id\":\"https:\/\/poudresdenarco.com\/produit\/mdpv\/\",\"url\":\"https:\/\/poudresdenarco.com\/produit\/mdpv\/\",\"name\":\"\\\"Acheter MDPV Puret\u00e9 pour la Recherche | Poudres de Narco\\\"\",\"isPartOf\":{\"@id\":\"https:\/\/poudresdenarco.com\/#website\"},\"primaryImageOfPage\":{\"@id\":\"https:\/\/poudresdenarco.com\/produit\/mdpv\/#primaryimage\"},\"image\":{\"@id\":\"https:\/\/poudresdenarco.com\/produit\/mdpv\/#primaryimage\"},\"thumbnailUrl\":\"https:\/\/poudresdenarco.com\/wp-content\/uploads\/2024\/10\/MDPV-1.gif\",\"datePublished\":\"2024-10-16T11:32:10+00:00\",\"dateModified\":\"2024-12-23T09:30:09+00:00\",\"description\":\"Fournisseur de MDPV pour applications scientifiques en laboratoire. Puret\u00e9 et s\u00e9curit\u00e9 garanties pour recherches avanc\u00e9es chez Poudres de Narco.\",\"breadcrumb\":{\"@id\":\"https:\/\/poudresdenarco.com\/produit\/mdpv\/#breadcrumb\"},\"inLanguage\":\"en-AU\",\"potentialAction\":[{\"@type\":\"ReadAction\",\"target\":[\"https:\/\/poudresdenarco.com\/produit\/mdpv\/\"]}]},{\"@type\":\"ImageObject\",\"inLanguage\":\"en-AU\",\"@id\":\"https:\/\/poudresdenarco.com\/produit\/mdpv\/#primaryimage\",\"url\":\"https:\/\/poudresdenarco.com\/wp-content\/uploads\/2024\/10\/MDPV-1.gif\",\"contentUrl\":\"https:\/\/poudresdenarco.com\/wp-content\/uploads\/2024\/10\/MDPV-1.gif\",\"width\":600,\"height\":600,\"caption\":\"MDPV\"},{\"@type\":\"BreadcrumbList\",\"@id\":\"https:\/\/poudresdenarco.com\/produit\/mdpv\/#breadcrumb\",\"itemListElement\":[{\"@type\":\"ListItem\",\"position\":1,\"name\":\"Home\",\"item\":\"https:\/\/poudresdenarco.com\/\"},{\"@type\":\"ListItem\",\"position\":2,\"name\":\"Boutique\",\"item\":\"https:\/\/poudresdenarco.com\/boutique\/\"},{\"@type\":\"ListItem\",\"position\":3,\"name\":\"MDPV\"}]},{\"@type\":\"WebSite\",\"@id\":\"https:\/\/poudresdenarco.com\/#website\",\"url\":\"https:\/\/poudresdenarco.com\/\",\"name\":\"Poudresde Narco\",\"description\":\"Acheter de la coca\u00efne et de l&#039;h\u00e9ro\u00efne en ligne\",\"potentialAction\":[{\"@type\":\"SearchAction\",\"target\":{\"@type\":\"EntryPoint\",\"urlTemplate\":\"https:\/\/poudresdenarco.com\/?s={search_term_string}\"},\"query-input\":{\"@type\":\"PropertyValueSpecification\",\"valueRequired\":true,\"valueName\":\"search_term_string\"}}],\"inLanguage\":\"en-AU\"}]}<\/script>\n<!-- \/ Yoast SEO plugin. -->","yoast_head_json":{"title":"\"Acheter MDPV Puret\u00e9 pour la Recherche | Poudres de Narco\"","description":"Fournisseur de MDPV pour applications scientifiques en laboratoire. Puret\u00e9 et s\u00e9curit\u00e9 garanties pour recherches avanc\u00e9es chez Poudres de Narco.","robots":{"index":"index","follow":"follow","max-snippet":"max-snippet:-1","max-image-preview":"max-image-preview:large","max-video-preview":"max-video-preview:-1"},"canonical":"https:\/\/poudresdenarco.com\/en\/product-2\/mdpv\/","og_locale":"en_US","og_type":"article","og_title":"\"Acheter MDPV Puret\u00e9 pour la Recherche | Poudres de Narco\"","og_description":"Fournisseur de MDPV pour applications scientifiques en laboratoire. Puret\u00e9 et s\u00e9curit\u00e9 garanties pour recherches avanc\u00e9es chez Poudres de Narco.","og_url":"https:\/\/poudresdenarco.com\/en\/product-2\/mdpv\/","og_site_name":"Poudresde Narco","article_modified_time":"2024-12-23T09:30:09+00:00","og_image":[{"width":600,"height":600,"url":"https:\/\/poudresdenarco.com\/wp-content\/uploads\/2024\/10\/MDPV-1.gif","type":"image\/gif"}],"twitter_card":"summary_large_image","twitter_misc":{"Est. reading time":"4 minutes"},"schema":{"@context":"https:\/\/schema.org","@graph":[{"@type":"WebPage","@id":"https:\/\/poudresdenarco.com\/produit\/mdpv\/","url":"https:\/\/poudresdenarco.com\/produit\/mdpv\/","name":"\"Acheter MDPV Puret\u00e9 pour la Recherche | Poudres de Narco\"","isPartOf":{"@id":"https:\/\/poudresdenarco.com\/#website"},"primaryImageOfPage":{"@id":"https:\/\/poudresdenarco.com\/produit\/mdpv\/#primaryimage"},"image":{"@id":"https:\/\/poudresdenarco.com\/produit\/mdpv\/#primaryimage"},"thumbnailUrl":"https:\/\/poudresdenarco.com\/wp-content\/uploads\/2024\/10\/MDPV-1.gif","datePublished":"2024-10-16T11:32:10+00:00","dateModified":"2024-12-23T09:30:09+00:00","description":"Fournisseur de MDPV pour applications scientifiques en laboratoire. Puret\u00e9 et s\u00e9curit\u00e9 garanties pour recherches avanc\u00e9es chez Poudres de Narco.","breadcrumb":{"@id":"https:\/\/poudresdenarco.com\/produit\/mdpv\/#breadcrumb"},"inLanguage":"en-AU","potentialAction":[{"@type":"ReadAction","target":["https:\/\/poudresdenarco.com\/produit\/mdpv\/"]}]},{"@type":"ImageObject","inLanguage":"en-AU","@id":"https:\/\/poudresdenarco.com\/produit\/mdpv\/#primaryimage","url":"https:\/\/poudresdenarco.com\/wp-content\/uploads\/2024\/10\/MDPV-1.gif","contentUrl":"https:\/\/poudresdenarco.com\/wp-content\/uploads\/2024\/10\/MDPV-1.gif","width":600,"height":600,"caption":"MDPV"},{"@type":"BreadcrumbList","@id":"https:\/\/poudresdenarco.com\/produit\/mdpv\/#breadcrumb","itemListElement":[{"@type":"ListItem","position":1,"name":"Home","item":"https:\/\/poudresdenarco.com\/"},{"@type":"ListItem","position":2,"name":"Boutique","item":"https:\/\/poudresdenarco.com\/boutique\/"},{"@type":"ListItem","position":3,"name":"MDPV"}]},{"@type":"WebSite","@id":"https:\/\/poudresdenarco.com\/#website","url":"https:\/\/poudresdenarco.com\/","name":"Poudresde Narco","description":"Acheter de la coca\u00efne et de l&#039;h\u00e9ro\u00efne en ligne","potentialAction":[{"@type":"SearchAction","target":{"@type":"EntryPoint","urlTemplate":"https:\/\/poudresdenarco.com\/?s={search_term_string}"},"query-input":{"@type":"PropertyValueSpecification","valueRequired":true,"valueName":"search_term_string"}}],"inLanguage":"en-AU"}]}},"_links":{"self":[{"href":"https:\/\/poudresdenarco.com\/en\/wp-json\/wp\/v2\/product\/5966","targetHints":{"allow":["GET"]}}],"collection":[{"href":"https:\/\/poudresdenarco.com\/en\/wp-json\/wp\/v2\/product"}],"about":[{"href":"https:\/\/poudresdenarco.com\/en\/wp-json\/wp\/v2\/types\/product"}],"replies":[{"embeddable":true,"href":"https:\/\/poudresdenarco.com\/en\/wp-json\/wp\/v2\/comments?post=5966"}],"wp:featuredmedia":[{"embeddable":true,"href":"https:\/\/poudresdenarco.com\/en\/wp-json\/wp\/v2\/media\/6173"}],"wp:attachment":[{"href":"https:\/\/poudresdenarco.com\/en\/wp-json\/wp\/v2\/media?parent=5966"}],"wp:term":[{"taxonomy":"product_cat","embeddable":true,"href":"https:\/\/poudresdenarco.com\/en\/wp-json\/wp\/v2\/product_cat?post=5966"},{"taxonomy":"product_tag","embeddable":true,"href":"https:\/\/poudresdenarco.com\/en\/wp-json\/wp\/v2\/product_tag?post=5966"}],"curies":[{"name":"wp","href":"https:\/\/api.w.org\/{rel}","templated":true}]}}