{"id":6030,"date":"2024-10-16T11:32:29","date_gmt":"2024-10-16T11:32:29","guid":{"rendered":"https:\/\/poudresdenarco.com\/?post_type=product&#038;p=6030"},"modified":"2024-12-23T09:29:29","modified_gmt":"2024-12-23T09:29:29","slug":"alpha-pihp","status":"publish","type":"product","link":"https:\/\/poudresdenarco.com\/en\/product-2\/alpha-pihp\/","title":{"rendered":"Alpha-Pihp"},"content":{"rendered":"<h2>What is \u03b1-PHiP?<\/h2>\n<p>Buy the<a href=\"https:\/\/poudresdenarco.com\/en\/product-2\/alpha-pihp\/\">\u03b1-PHiP<\/a>sometimes called alpha-PHiP, is a structural isomer of its parent molecule Pyrovalerone and a member of the cathinone class.<br \/>\nIn addition, it shares many similarities with the other better-known chemicals MDPV and A-PHP<a href=\"https:\/\/cokebricks.com\/es\/\">.<\/a><\/p>\n<p>Despite structural similarities to substances that have been tested and given the green light for human ingestion, \u03b1-PHiP is strictly for research uses and should not be consumed.<\/p>\n<p>Chemical properties of \u03b1-PHiP<\/p>\n<p>Chemical formula: C23H27N3O2<\/p>\n<p>Full name: 4-phenyl-2-(pyrrolidin-1-yl)pentan-1-one<\/p>\n<p>Molecular weight: g\/mol<\/p>\n<p>&gt; 98 % purity<\/p>\n<h3>Where is \u03b1-PHiP sold?<\/h3>\n<p><a href=\"https:\/\/poudresdenarco.com\/en\/\">PowderDenarco<\/a>a trusted N1 supplier, offers laboratory-grade \u03b1-PHiP in premium powdered salt form. PoudresDenarco is the best source for purchasing research chemicals. Please note that to purchase \u03b1-PHiP from PoudresDenarco, you must be at least 18 years of age. All commercial research chemicals are not intended for human consumption and should only be used for research and laboratory experiments.<\/p>\n<h4><strong>Buy High Purity Alpha-PiHP for Research - Narcotic Powders<\/strong><\/h4>\n<p><strong>Narcotic powders<\/strong> is your trusted source for <strong>Alpha-PiHP research quality<\/strong>designed specifically for <strong>scientific laboratory applications<\/strong>. Our Alpha-PiHP is produced to strict standards of purity and quality, offering consistent results for researchers in chemistry and pharmacology.<\/p>\n<h3>Why choose Alpha-PiHP from Poudres de Narco?<\/h3>\n<p>As a <strong>supplier of Alpha-PiHP for research<\/strong>, <strong>Narcotic powders<\/strong> guarantees products that meet the requirements of <strong>certified laboratories<\/strong> :<\/p>\n<ul>\n<li><strong>High Purity Alpha-PiHP for Laboratories<\/strong> : Each batch is rigorously tested to ensure optimum purity, which is essential for <strong>high-precision scientific applications<\/strong>.<\/li>\n<li><strong>Consistent, Reliable Quality<\/strong> Our Alpha-PiHP is formulated for stable, reliable performance, adapted to the needs of <strong>analytical laboratory studies<\/strong>.<\/li>\n<li><strong>Secure Online Ordering<\/strong> : <strong>Narcotic powders<\/strong> offers a simplified process for<strong>buy Alpha-PiHP online<\/strong>ensuring security and compliance for research professionals.<\/li>\n<\/ul>\n<h3>Applications and Safety Instructions<\/h3>\n<p>Le <strong>Alpha-PiHP for research<\/strong> from <strong>Narcotic powders<\/strong> is designed for <strong>analytical applications and scientific studies<\/strong>. We provide safety recommendations for optimal use :<\/p>\n<ul>\n<li><strong>Secure storage<\/strong> Keep Alpha-PiHP in a cool, dry place away from light to preserve its quality.<\/li>\n<li><strong>Handling with Precautions<\/strong> Use personal protective equipment (PPE) and work in a well-ventilated area to ensure safety.<\/li>\n<li><strong>Use Strictly Reserved for Research<\/strong> This product is intended exclusively for certified laboratories and qualified researchers in controlled environments.<\/li>\n<\/ul>\n<h3>Order high-purity Alpha-PiHP for your scientific studies<\/h3>\n<p>With <strong>Narcotic powders<\/strong>you benefit from <strong>reliable supply of Alpha-PiHP for laboratory applications<\/strong>. Our quality and safety standards make <strong>Narcotic powders<\/strong> the trusted choice for research professionals. <strong>Contact us<\/strong> for a quote or to find out more about our range of high-purity products for scientific research.<\/p>","protected":false},"excerpt":{"rendered":"<p>Qu&rsquo;est-ce que l&rsquo;\u03b1-PHiP\u00a0? Acheter l&rsquo;\u03b1-PHiP, parfois appel\u00e9 alpha-PHiP, est un isom\u00e8re structurel de sa mol\u00e9cule m\u00e8re Pyrovalerone et un membre de la classe des cathinones. De plus, il partage de nombreuses similitudes avec les autres produits chimiques plus connus MDPV et A-PHP. Malgr\u00e9 des similitudes structurelles avec des substances qui ont subi des tests et&hellip;<\/p>","protected":false},"featured_media":6192,"comment_status":"open","ping_status":"closed","template":"","meta":{"_joinchat":[]},"product_cat":[558,751],"product_tag":[],"class_list":{"0":"post-6030","1":"product","2":"type-product","3":"status-publish","4":"has-post-thumbnail","6":"product_cat-chimiques-de-recherche","7":"product_cat-stimulants","9":"first","10":"instock","11":"shipping-taxable","12":"purchasable","13":"product-type-variable","14":"col-xs-6 col-sm-4","15":"col-md-3 col-lg-3","16":"un-4-cols"},"yoast_head":"<!-- This site is optimized with the Yoast SEO plugin v23.8 - https:\/\/yoast.com\/wordpress\/plugins\/seo\/ -->\n<title>Acheter Alpha-PiHP pour la Recherche | Poudres de Narco<\/title>\n<meta name=\"description\" content=\"Fournisseur de Alpha-PiHP pour applications scientifiques en laboratoire. Puret\u00e9 et s\u00e9curit\u00e9 garanties pour recherches avanc\u00e9es chez Poudres de Narco.\" \/>\n<meta name=\"robots\" content=\"index, follow, max-snippet:-1, max-image-preview:large, max-video-preview:-1\" \/>\n<link rel=\"canonical\" href=\"https:\/\/poudresdenarco.com\/en\/product-2\/alpha-pihp\/\" \/>\n<meta property=\"og:locale\" content=\"en_US\" \/>\n<meta property=\"og:type\" content=\"article\" \/>\n<meta property=\"og:title\" content=\"Acheter Alpha-PiHP pour la Recherche | Poudres de Narco\" \/>\n<meta property=\"og:description\" content=\"Fournisseur de Alpha-PiHP pour applications scientifiques en laboratoire. Puret\u00e9 et s\u00e9curit\u00e9 garanties pour recherches avanc\u00e9es chez Poudres de Narco.\" \/>\n<meta property=\"og:url\" content=\"https:\/\/poudresdenarco.com\/en\/product-2\/alpha-pihp\/\" \/>\n<meta property=\"og:site_name\" content=\"Poudresde Narco\" \/>\n<meta property=\"article:modified_time\" content=\"2024-12-23T09:29:29+00:00\" \/>\n<meta property=\"og:image\" content=\"https:\/\/poudresdenarco.com\/wp-content\/uploads\/2024\/10\/Alpha-Pihp.gif\" \/>\n\t<meta property=\"og:image:width\" content=\"600\" \/>\n\t<meta property=\"og:image:height\" content=\"600\" \/>\n\t<meta property=\"og:image:type\" content=\"image\/gif\" \/>\n<meta name=\"twitter:card\" content=\"summary_large_image\" \/>\n<meta name=\"twitter:label1\" content=\"Est. reading time\" \/>\n\t<meta name=\"twitter:data1\" content=\"3 minutes\" \/>\n<script type=\"application\/ld+json\" class=\"yoast-schema-graph\">{\"@context\":\"https:\/\/schema.org\",\"@graph\":[{\"@type\":\"WebPage\",\"@id\":\"https:\/\/poudresdenarco.com\/produit\/alpha-pihp\/\",\"url\":\"https:\/\/poudresdenarco.com\/produit\/alpha-pihp\/\",\"name\":\"Acheter Alpha-PiHP pour la Recherche | Poudres de Narco\",\"isPartOf\":{\"@id\":\"https:\/\/poudresdenarco.com\/#website\"},\"primaryImageOfPage\":{\"@id\":\"https:\/\/poudresdenarco.com\/produit\/alpha-pihp\/#primaryimage\"},\"image\":{\"@id\":\"https:\/\/poudresdenarco.com\/produit\/alpha-pihp\/#primaryimage\"},\"thumbnailUrl\":\"https:\/\/poudresdenarco.com\/wp-content\/uploads\/2024\/10\/Alpha-Pihp.gif\",\"datePublished\":\"2024-10-16T11:32:29+00:00\",\"dateModified\":\"2024-12-23T09:29:29+00:00\",\"description\":\"Fournisseur de Alpha-PiHP pour applications scientifiques en laboratoire. Puret\u00e9 et s\u00e9curit\u00e9 garanties pour recherches avanc\u00e9es chez Poudres de Narco.\",\"breadcrumb\":{\"@id\":\"https:\/\/poudresdenarco.com\/produit\/alpha-pihp\/#breadcrumb\"},\"inLanguage\":\"en-AU\",\"potentialAction\":[{\"@type\":\"ReadAction\",\"target\":[\"https:\/\/poudresdenarco.com\/produit\/alpha-pihp\/\"]}]},{\"@type\":\"ImageObject\",\"inLanguage\":\"en-AU\",\"@id\":\"https:\/\/poudresdenarco.com\/produit\/alpha-pihp\/#primaryimage\",\"url\":\"https:\/\/poudresdenarco.com\/wp-content\/uploads\/2024\/10\/Alpha-Pihp.gif\",\"contentUrl\":\"https:\/\/poudresdenarco.com\/wp-content\/uploads\/2024\/10\/Alpha-Pihp.gif\",\"width\":600,\"height\":600,\"caption\":\"Alpha-Pihp\"},{\"@type\":\"BreadcrumbList\",\"@id\":\"https:\/\/poudresdenarco.com\/produit\/alpha-pihp\/#breadcrumb\",\"itemListElement\":[{\"@type\":\"ListItem\",\"position\":1,\"name\":\"Home\",\"item\":\"https:\/\/poudresdenarco.com\/\"},{\"@type\":\"ListItem\",\"position\":2,\"name\":\"Boutique\",\"item\":\"https:\/\/poudresdenarco.com\/boutique\/\"},{\"@type\":\"ListItem\",\"position\":3,\"name\":\"Alpha-Pihp\"}]},{\"@type\":\"WebSite\",\"@id\":\"https:\/\/poudresdenarco.com\/#website\",\"url\":\"https:\/\/poudresdenarco.com\/\",\"name\":\"Poudresde Narco\",\"description\":\"Acheter de la coca\u00efne et de l&#039;h\u00e9ro\u00efne en ligne\",\"potentialAction\":[{\"@type\":\"SearchAction\",\"target\":{\"@type\":\"EntryPoint\",\"urlTemplate\":\"https:\/\/poudresdenarco.com\/?s={search_term_string}\"},\"query-input\":{\"@type\":\"PropertyValueSpecification\",\"valueRequired\":true,\"valueName\":\"search_term_string\"}}],\"inLanguage\":\"en-AU\"}]}<\/script>\n<!-- \/ Yoast SEO plugin. -->","yoast_head_json":{"title":"Acheter Alpha-PiHP pour la Recherche | Poudres de Narco","description":"Fournisseur de Alpha-PiHP pour applications scientifiques en laboratoire. Puret\u00e9 et s\u00e9curit\u00e9 garanties pour recherches avanc\u00e9es chez Poudres de Narco.","robots":{"index":"index","follow":"follow","max-snippet":"max-snippet:-1","max-image-preview":"max-image-preview:large","max-video-preview":"max-video-preview:-1"},"canonical":"https:\/\/poudresdenarco.com\/en\/product-2\/alpha-pihp\/","og_locale":"en_US","og_type":"article","og_title":"Acheter Alpha-PiHP pour la Recherche | Poudres de Narco","og_description":"Fournisseur de Alpha-PiHP pour applications scientifiques en laboratoire. Puret\u00e9 et s\u00e9curit\u00e9 garanties pour recherches avanc\u00e9es chez Poudres de Narco.","og_url":"https:\/\/poudresdenarco.com\/en\/product-2\/alpha-pihp\/","og_site_name":"Poudresde Narco","article_modified_time":"2024-12-23T09:29:29+00:00","og_image":[{"width":600,"height":600,"url":"https:\/\/poudresdenarco.com\/wp-content\/uploads\/2024\/10\/Alpha-Pihp.gif","type":"image\/gif"}],"twitter_card":"summary_large_image","twitter_misc":{"Est. reading time":"3 minutes"},"schema":{"@context":"https:\/\/schema.org","@graph":[{"@type":"WebPage","@id":"https:\/\/poudresdenarco.com\/produit\/alpha-pihp\/","url":"https:\/\/poudresdenarco.com\/produit\/alpha-pihp\/","name":"Acheter Alpha-PiHP pour la Recherche | Poudres de Narco","isPartOf":{"@id":"https:\/\/poudresdenarco.com\/#website"},"primaryImageOfPage":{"@id":"https:\/\/poudresdenarco.com\/produit\/alpha-pihp\/#primaryimage"},"image":{"@id":"https:\/\/poudresdenarco.com\/produit\/alpha-pihp\/#primaryimage"},"thumbnailUrl":"https:\/\/poudresdenarco.com\/wp-content\/uploads\/2024\/10\/Alpha-Pihp.gif","datePublished":"2024-10-16T11:32:29+00:00","dateModified":"2024-12-23T09:29:29+00:00","description":"Fournisseur de Alpha-PiHP pour applications scientifiques en laboratoire. Puret\u00e9 et s\u00e9curit\u00e9 garanties pour recherches avanc\u00e9es chez Poudres de Narco.","breadcrumb":{"@id":"https:\/\/poudresdenarco.com\/produit\/alpha-pihp\/#breadcrumb"},"inLanguage":"en-AU","potentialAction":[{"@type":"ReadAction","target":["https:\/\/poudresdenarco.com\/produit\/alpha-pihp\/"]}]},{"@type":"ImageObject","inLanguage":"en-AU","@id":"https:\/\/poudresdenarco.com\/produit\/alpha-pihp\/#primaryimage","url":"https:\/\/poudresdenarco.com\/wp-content\/uploads\/2024\/10\/Alpha-Pihp.gif","contentUrl":"https:\/\/poudresdenarco.com\/wp-content\/uploads\/2024\/10\/Alpha-Pihp.gif","width":600,"height":600,"caption":"Alpha-Pihp"},{"@type":"BreadcrumbList","@id":"https:\/\/poudresdenarco.com\/produit\/alpha-pihp\/#breadcrumb","itemListElement":[{"@type":"ListItem","position":1,"name":"Home","item":"https:\/\/poudresdenarco.com\/"},{"@type":"ListItem","position":2,"name":"Boutique","item":"https:\/\/poudresdenarco.com\/boutique\/"},{"@type":"ListItem","position":3,"name":"Alpha-Pihp"}]},{"@type":"WebSite","@id":"https:\/\/poudresdenarco.com\/#website","url":"https:\/\/poudresdenarco.com\/","name":"Poudresde Narco","description":"Acheter de la coca\u00efne et de l&#039;h\u00e9ro\u00efne en ligne","potentialAction":[{"@type":"SearchAction","target":{"@type":"EntryPoint","urlTemplate":"https:\/\/poudresdenarco.com\/?s={search_term_string}"},"query-input":{"@type":"PropertyValueSpecification","valueRequired":true,"valueName":"search_term_string"}}],"inLanguage":"en-AU"}]}},"_links":{"self":[{"href":"https:\/\/poudresdenarco.com\/en\/wp-json\/wp\/v2\/product\/6030","targetHints":{"allow":["GET"]}}],"collection":[{"href":"https:\/\/poudresdenarco.com\/en\/wp-json\/wp\/v2\/product"}],"about":[{"href":"https:\/\/poudresdenarco.com\/en\/wp-json\/wp\/v2\/types\/product"}],"replies":[{"embeddable":true,"href":"https:\/\/poudresdenarco.com\/en\/wp-json\/wp\/v2\/comments?post=6030"}],"wp:featuredmedia":[{"embeddable":true,"href":"https:\/\/poudresdenarco.com\/en\/wp-json\/wp\/v2\/media\/6192"}],"wp:attachment":[{"href":"https:\/\/poudresdenarco.com\/en\/wp-json\/wp\/v2\/media?parent=6030"}],"wp:term":[{"taxonomy":"product_cat","embeddable":true,"href":"https:\/\/poudresdenarco.com\/en\/wp-json\/wp\/v2\/product_cat?post=6030"},{"taxonomy":"product_tag","embeddable":true,"href":"https:\/\/poudresdenarco.com\/en\/wp-json\/wp\/v2\/product_tag?post=6030"}],"curies":[{"name":"wp","href":"https:\/\/api.w.org\/{rel}","templated":true}]}}