{"id":6038,"date":"2024-10-16T11:32:30","date_gmt":"2024-10-16T11:32:30","guid":{"rendered":"https:\/\/poudresdenarco.com\/?post_type=product&#038;p=6038"},"modified":"2024-12-23T09:29:08","modified_gmt":"2024-12-23T09:29:08","slug":"nep","status":"publish","type":"product","link":"https:\/\/poudresdenarco.com\/en\/product-2\/nep\/","title":{"rendered":"NEP"},"content":{"rendered":"<h2><strong>Buy High Purity CIP for Research - Narcotic Powders<\/strong><\/h2>\n<p><strong>Narcotic powders<\/strong> is your trusted source for <strong>CIP quality research<\/strong>designed exclusively for <strong>scientific laboratory applications<\/strong>. Our CIP is produced to rigorous standards of purity and quality, ensuring reliable results for researchers in chemistry and pharmacology Buy CIP .<\/p>\n<h2>Why choose NEP de Poudres de Narco?<\/h2>\n<p>As a <strong>CIP supplier for research<\/strong>, <strong>Narcotic powders<\/strong> guarantees products that meet the requirements of <strong>certified laboratories<\/strong> :<\/p>\n<ul>\n<li><strong>High Purity CIP for Laboratories<\/strong> : Each batch is rigorously tested to ensure optimum purity, which is essential for <strong>precision scientific applications<\/strong>.<\/li>\n<li><strong>Consistent, Reliable Quality<\/strong> Our CIP is formulated to offer stable performance, adapted to the needs of our customers. <strong>analytical laboratory studies<\/strong>.<\/li>\n<li><strong>Secure Online Ordering<\/strong> : <strong>Narcotic powders<\/strong> offers a simplified process for<strong>buying CIPs online<\/strong>guaranteeing security and compliance for research professionals.<\/li>\n<\/ul>\n<h3>Applications and Safety Instructions<\/h3>\n<p>Le <strong>CIP for research<\/strong> from <strong>Narcotic powders<\/strong> is intended for <strong>analytical applications and scientific studies<\/strong>. To ensure safe and proper use, we provide detailed safety instructions:<\/p>\n<ul>\n<li><strong>Secure storage<\/strong> Keep CIP in a cool, dry place away from light to preserve its quality.<\/li>\n<li><strong>Handling with Precautions<\/strong> Use personal protective equipment (PPE) and work in a well-ventilated environment to ensure safety.<\/li>\n<li><strong>Use Strictly Reserved for Research<\/strong> This product is intended exclusively for qualified researchers and certified laboratories.<\/li>\n<\/ul>\n<h3>Order High Purity CIP for your Scientific Studies<\/h3>\n<p>With <strong>Narcotic powders<\/strong>benefit from <strong>reliable CIP supply for laboratory applications<\/strong>. Our high standards of quality and safety make <strong>Narcotic powders<\/strong> the ideal choice for research professionals. <strong>Contact us<\/strong> for a quote or to find out more about our range of high-purity products for scientific research.<\/p>\n<h4>What is CIP?<\/h4>\n<p>Buy <a href=\"https:\/\/poudresdenarco.com\/en\/product-2\/nep\/\">NEP<\/a> stands for N-Ethyl-Nor-Pentadrone. This chemical is a stimulant belonging to the cathinone class and is an excellent substitute for the once popular and now rare N-ethyl-hexedrone. NEP is considered to be a potent noradrenaline and dopamine reuptake inhibitor (NDRI). The majority of its results are thought to be due to the fact that it is an NDRI.<\/p>\n<h3>Where can I buy CIP?<\/h3>\n<p>Here at <a href=\"https:\/\/poudresdenarco.com\/en\/\">PowderDenarco<\/a>We sell high quality CIP, usually in powder form. However, we often have different forms available, so please contact us to see if we have your preferred form available if you want something other than powder. You must be at least 18 years old to buy CIP from us. You must also be in compliance with your country's research chemical laws. Our CIP is not intended for human or animal use. It is purely for research purposes.<\/p>\n<h3>Legality of the CIP<\/h3>\n<p>Le <a href=\"https:\/\/en.wikipedia.org\/wiki\/NEP\">NEP<\/a> is illegal in Brazil and the UK. In the United States, it may be illegal because it is an analogue of the illegal substance pentadrone. However, it is not regulated in most other countries.<\/p>","protected":false},"excerpt":{"rendered":"<p>Acheter du NEP de Haute Puret\u00e9 pour la Recherche &#8211; Poudres de Narco Poudres de Narco est votre source de confiance pour le NEP de qualit\u00e9 recherche, con\u00e7u exclusivement pour des applications scientifiques en laboratoire. Notre NEP est produit selon des normes rigoureuses de puret\u00e9 et de qualit\u00e9, assurant des r\u00e9sultats fiables pour les chercheurs&hellip;<\/p>","protected":false},"featured_media":6194,"comment_status":"open","ping_status":"closed","template":"","meta":{"_joinchat":[]},"product_cat":[558,751],"product_tag":[],"class_list":{"0":"post-6038","1":"product","2":"type-product","3":"status-publish","4":"has-post-thumbnail","6":"product_cat-chimiques-de-recherche","7":"product_cat-stimulants","9":"first","10":"instock","11":"shipping-taxable","12":"purchasable","13":"product-type-variable","14":"col-xs-6 col-sm-4","15":"col-md-3 col-lg-3","16":"un-4-cols"},"yoast_head":"<!-- This site is optimized with the Yoast SEO plugin v23.8 - https:\/\/yoast.com\/wordpress\/plugins\/seo\/ -->\n<title>Acheter NEP de pour la Recherche | Poudres de Narco&quot;<\/title>\n<meta name=\"description\" content=\"Fournisseur de NEP pour applications scientifiques en laboratoire. Puret\u00e9 et s\u00e9curit\u00e9 garanties pour recherches avanc\u00e9es chez Poudres de Narco.\" \/>\n<meta name=\"robots\" content=\"index, follow, max-snippet:-1, max-image-preview:large, max-video-preview:-1\" \/>\n<link rel=\"canonical\" href=\"https:\/\/poudresdenarco.com\/en\/product-2\/nep\/\" \/>\n<meta property=\"og:locale\" content=\"en_US\" \/>\n<meta property=\"og:type\" content=\"article\" \/>\n<meta property=\"og:title\" content=\"Acheter NEP de pour la Recherche | Poudres de Narco&quot;\" \/>\n<meta property=\"og:description\" content=\"Fournisseur de NEP pour applications scientifiques en laboratoire. Puret\u00e9 et s\u00e9curit\u00e9 garanties pour recherches avanc\u00e9es chez Poudres de Narco.\" \/>\n<meta property=\"og:url\" content=\"https:\/\/poudresdenarco.com\/en\/product-2\/nep\/\" \/>\n<meta property=\"og:site_name\" content=\"Poudresde Narco\" \/>\n<meta property=\"article:modified_time\" content=\"2024-12-23T09:29:08+00:00\" \/>\n<meta property=\"og:image\" content=\"https:\/\/poudresdenarco.com\/wp-content\/uploads\/2024\/10\/NEP.gif\" \/>\n\t<meta property=\"og:image:width\" content=\"600\" \/>\n\t<meta property=\"og:image:height\" content=\"600\" \/>\n\t<meta property=\"og:image:type\" content=\"image\/gif\" \/>\n<meta name=\"twitter:card\" content=\"summary_large_image\" \/>\n<meta name=\"twitter:label1\" content=\"Est. reading time\" \/>\n\t<meta name=\"twitter:data1\" content=\"3 minutes\" \/>\n<script type=\"application\/ld+json\" class=\"yoast-schema-graph\">{\"@context\":\"https:\/\/schema.org\",\"@graph\":[{\"@type\":\"WebPage\",\"@id\":\"https:\/\/poudresdenarco.com\/produit\/nep\/\",\"url\":\"https:\/\/poudresdenarco.com\/produit\/nep\/\",\"name\":\"Acheter NEP de pour la Recherche | Poudres de Narco\\\"\",\"isPartOf\":{\"@id\":\"https:\/\/poudresdenarco.com\/#website\"},\"primaryImageOfPage\":{\"@id\":\"https:\/\/poudresdenarco.com\/produit\/nep\/#primaryimage\"},\"image\":{\"@id\":\"https:\/\/poudresdenarco.com\/produit\/nep\/#primaryimage\"},\"thumbnailUrl\":\"https:\/\/poudresdenarco.com\/wp-content\/uploads\/2024\/10\/NEP.gif\",\"datePublished\":\"2024-10-16T11:32:30+00:00\",\"dateModified\":\"2024-12-23T09:29:08+00:00\",\"description\":\"Fournisseur de NEP pour applications scientifiques en laboratoire. Puret\u00e9 et s\u00e9curit\u00e9 garanties pour recherches avanc\u00e9es chez Poudres de Narco.\",\"breadcrumb\":{\"@id\":\"https:\/\/poudresdenarco.com\/produit\/nep\/#breadcrumb\"},\"inLanguage\":\"en-AU\",\"potentialAction\":[{\"@type\":\"ReadAction\",\"target\":[\"https:\/\/poudresdenarco.com\/produit\/nep\/\"]}]},{\"@type\":\"ImageObject\",\"inLanguage\":\"en-AU\",\"@id\":\"https:\/\/poudresdenarco.com\/produit\/nep\/#primaryimage\",\"url\":\"https:\/\/poudresdenarco.com\/wp-content\/uploads\/2024\/10\/NEP.gif\",\"contentUrl\":\"https:\/\/poudresdenarco.com\/wp-content\/uploads\/2024\/10\/NEP.gif\",\"width\":600,\"height\":600,\"caption\":\"NEP\"},{\"@type\":\"BreadcrumbList\",\"@id\":\"https:\/\/poudresdenarco.com\/produit\/nep\/#breadcrumb\",\"itemListElement\":[{\"@type\":\"ListItem\",\"position\":1,\"name\":\"Home\",\"item\":\"https:\/\/poudresdenarco.com\/\"},{\"@type\":\"ListItem\",\"position\":2,\"name\":\"Boutique\",\"item\":\"https:\/\/poudresdenarco.com\/boutique\/\"},{\"@type\":\"ListItem\",\"position\":3,\"name\":\"NEP\"}]},{\"@type\":\"WebSite\",\"@id\":\"https:\/\/poudresdenarco.com\/#website\",\"url\":\"https:\/\/poudresdenarco.com\/\",\"name\":\"Poudresde Narco\",\"description\":\"Acheter de la coca\u00efne et de l&#039;h\u00e9ro\u00efne en ligne\",\"potentialAction\":[{\"@type\":\"SearchAction\",\"target\":{\"@type\":\"EntryPoint\",\"urlTemplate\":\"https:\/\/poudresdenarco.com\/?s={search_term_string}\"},\"query-input\":{\"@type\":\"PropertyValueSpecification\",\"valueRequired\":true,\"valueName\":\"search_term_string\"}}],\"inLanguage\":\"en-AU\"}]}<\/script>\n<!-- \/ Yoast SEO plugin. -->","yoast_head_json":{"title":"Acheter NEP de pour la Recherche | Poudres de Narco\"","description":"Fournisseur de NEP pour applications scientifiques en laboratoire. Puret\u00e9 et s\u00e9curit\u00e9 garanties pour recherches avanc\u00e9es chez Poudres de Narco.","robots":{"index":"index","follow":"follow","max-snippet":"max-snippet:-1","max-image-preview":"max-image-preview:large","max-video-preview":"max-video-preview:-1"},"canonical":"https:\/\/poudresdenarco.com\/en\/product-2\/nep\/","og_locale":"en_US","og_type":"article","og_title":"Acheter NEP de pour la Recherche | Poudres de Narco\"","og_description":"Fournisseur de NEP pour applications scientifiques en laboratoire. Puret\u00e9 et s\u00e9curit\u00e9 garanties pour recherches avanc\u00e9es chez Poudres de Narco.","og_url":"https:\/\/poudresdenarco.com\/en\/product-2\/nep\/","og_site_name":"Poudresde Narco","article_modified_time":"2024-12-23T09:29:08+00:00","og_image":[{"width":600,"height":600,"url":"https:\/\/poudresdenarco.com\/wp-content\/uploads\/2024\/10\/NEP.gif","type":"image\/gif"}],"twitter_card":"summary_large_image","twitter_misc":{"Est. reading time":"3 minutes"},"schema":{"@context":"https:\/\/schema.org","@graph":[{"@type":"WebPage","@id":"https:\/\/poudresdenarco.com\/produit\/nep\/","url":"https:\/\/poudresdenarco.com\/produit\/nep\/","name":"Acheter NEP de pour la Recherche | Poudres de Narco\"","isPartOf":{"@id":"https:\/\/poudresdenarco.com\/#website"},"primaryImageOfPage":{"@id":"https:\/\/poudresdenarco.com\/produit\/nep\/#primaryimage"},"image":{"@id":"https:\/\/poudresdenarco.com\/produit\/nep\/#primaryimage"},"thumbnailUrl":"https:\/\/poudresdenarco.com\/wp-content\/uploads\/2024\/10\/NEP.gif","datePublished":"2024-10-16T11:32:30+00:00","dateModified":"2024-12-23T09:29:08+00:00","description":"Fournisseur de NEP pour applications scientifiques en laboratoire. Puret\u00e9 et s\u00e9curit\u00e9 garanties pour recherches avanc\u00e9es chez Poudres de Narco.","breadcrumb":{"@id":"https:\/\/poudresdenarco.com\/produit\/nep\/#breadcrumb"},"inLanguage":"en-AU","potentialAction":[{"@type":"ReadAction","target":["https:\/\/poudresdenarco.com\/produit\/nep\/"]}]},{"@type":"ImageObject","inLanguage":"en-AU","@id":"https:\/\/poudresdenarco.com\/produit\/nep\/#primaryimage","url":"https:\/\/poudresdenarco.com\/wp-content\/uploads\/2024\/10\/NEP.gif","contentUrl":"https:\/\/poudresdenarco.com\/wp-content\/uploads\/2024\/10\/NEP.gif","width":600,"height":600,"caption":"NEP"},{"@type":"BreadcrumbList","@id":"https:\/\/poudresdenarco.com\/produit\/nep\/#breadcrumb","itemListElement":[{"@type":"ListItem","position":1,"name":"Home","item":"https:\/\/poudresdenarco.com\/"},{"@type":"ListItem","position":2,"name":"Boutique","item":"https:\/\/poudresdenarco.com\/boutique\/"},{"@type":"ListItem","position":3,"name":"NEP"}]},{"@type":"WebSite","@id":"https:\/\/poudresdenarco.com\/#website","url":"https:\/\/poudresdenarco.com\/","name":"Poudresde Narco","description":"Acheter de la coca\u00efne et de l&#039;h\u00e9ro\u00efne en ligne","potentialAction":[{"@type":"SearchAction","target":{"@type":"EntryPoint","urlTemplate":"https:\/\/poudresdenarco.com\/?s={search_term_string}"},"query-input":{"@type":"PropertyValueSpecification","valueRequired":true,"valueName":"search_term_string"}}],"inLanguage":"en-AU"}]}},"_links":{"self":[{"href":"https:\/\/poudresdenarco.com\/en\/wp-json\/wp\/v2\/product\/6038","targetHints":{"allow":["GET"]}}],"collection":[{"href":"https:\/\/poudresdenarco.com\/en\/wp-json\/wp\/v2\/product"}],"about":[{"href":"https:\/\/poudresdenarco.com\/en\/wp-json\/wp\/v2\/types\/product"}],"replies":[{"embeddable":true,"href":"https:\/\/poudresdenarco.com\/en\/wp-json\/wp\/v2\/comments?post=6038"}],"wp:featuredmedia":[{"embeddable":true,"href":"https:\/\/poudresdenarco.com\/en\/wp-json\/wp\/v2\/media\/6194"}],"wp:attachment":[{"href":"https:\/\/poudresdenarco.com\/en\/wp-json\/wp\/v2\/media?parent=6038"}],"wp:term":[{"taxonomy":"product_cat","embeddable":true,"href":"https:\/\/poudresdenarco.com\/en\/wp-json\/wp\/v2\/product_cat?post=6038"},{"taxonomy":"product_tag","embeddable":true,"href":"https:\/\/poudresdenarco.com\/en\/wp-json\/wp\/v2\/product_tag?post=6038"}],"curies":[{"name":"wp","href":"https:\/\/api.w.org\/{rel}","templated":true}]}}