{"id":6089,"date":"2024-10-16T11:32:47","date_gmt":"2024-10-16T11:32:47","guid":{"rendered":"https:\/\/poudresdenarco.com\/?post_type=product&#038;p=6089"},"modified":"2025-05-27T08:47:38","modified_gmt":"2025-05-27T08:47:38","slug":"5-meo-mipt","status":"publish","type":"product","link":"https:\/\/poudresdenarco.com\/en\/product-2\/5-meo-mipt\/","title":{"rendered":"5-MEO-MIPT"},"content":{"rendered":"<h2>5-MeO-MiPT<\/h2>\n<p>You can buy <a href=\"https:\/\/poudresdenarco.com\/en\/product-2\/5-meo-mipt\/\">5-MeO-MiPT 10 mg<\/a> online.<br \/>\nLess well known than 5-MeO-MiPT and Moxy, 5-methoxy-N-methyl-N-isopropyltryptamine is a psychedelic tryptamine. Chemically speaking, 5-MeO-MiPT is a tryptamine comparable to 5-MeO-DMT and 5-MeO-DiPT. It acts on serotonin receptors in the brain to produce a euphoric high. In 1985, David Repke and Alexander Shulgin published the first articles describing the synthesis and pharmacological effects of 5-MeO-MiPT.<\/p>\n<h3>5-MeO-MiPT accessible.<\/h3>\n<p>The best place to buy wood pellets <a href=\"https:\/\/en.wikipedia.org\/wiki\/5-MeO-MiPT\">5-MeO-MiPT<\/a> 10 mg is here. Depending on the quantity you require, you can buy top-quality 5-MeO-MiPT 10 mg tablets here in quantities of 5, 10, 25, 50, 100 or 250.<\/p>\n<h3>Storage conditions for 5-MeO-MiPT.<\/h3>\n<p>Keep your 5-MeO-MiPT 10 mg tablets away from direct sunlight as soon as you receive them. As lysergamides are extremely sensitive to UV light (mainly sunlight), dry environments and a maximum ambient temperature of 20 to 25 degrees Celsius, this is particularly crucial. If maintaining the quality of 5-MeO-MiPT 10 mg tablets over an extended period is your objective, PoudresDenarco suggests investing in a vacuum sealer. Don't forget to ask us if you have any questions or concerns.<\/p>\n<h3>Take care of your 10-MeO-MiPT tablets.<\/h3>\n<p>We strongly advise you to wear gloves and a mask for added safety when handling your 5-MeO-MiPT 10 mg tablets.<\/p>\n<h3>Where can I get 10 mg 5-MeO-MiPT tablets?<\/h3>\n<p>You can buy research chemicals, such as 5-MeO-MiPT 10 mg tablets, on our website, <a href=\"https:\/\/poudresdenarco.com\/en\/\">PowderDenarco<\/a>. We assess and analyse all our research substances before offering them for sale. This is the only way to guarantee the highest quality 5-MeO-MiPT 10 mg tablets. Please do not hesitate to contact us if you require the results or any other assistance. 5-MeO-MiPT 10 mg tablets are also available in powder form (HCl). To find out if we have any, please consult our catalogue.<\/p>\n<h3>\u00c0 PoudresDenarco: Why buy from them?<\/h3>\n<p>As well as being a retailer of Lizard Labs products, Lizard Labs also owns and operates DenarcoPowders. We can guarantee excellent service and research chemicals at some of the best prices available, as we have been in this business for over ten years.<\/p>\n<h3>Special requirements for the purchase of 10 milligram granules of 5-MeO-MiPT.<\/h3>\n<p>This is where you can buy 5-MeO-MiPT 10 mg granules online, but before you can do so you must be at least eighteen years old and agree to all the terms and conditions that are set out both on our website and during the payment process. In addition, we only offer investigational substances for laboratory testing or applications. If you meet each of these prerequisites, simply complete and sign the form.<\/p>","protected":false},"excerpt":{"rendered":"<p>5-MeO-MiPT Vous pouvez acheter des granul\u00e9s de 5-MeO-MiPT 10 mg en ligne. Moins connu que le 5-MeO-MiPT et le Moxy, le 5-m\u00e9thoxy-N-m\u00e9thyl-N-isopropyltryptamine est une tryptamine psych\u00e9d\u00e9lique. Chimiquement parlant, le 5-MeO-MiPT est une tryptamine comparable au 5-MeO-DMT et au 5-MeO-DiPT. Il agit sur les r\u00e9cepteurs de la s\u00e9rotonine dans le cerveau pour procurer un high euphorique.&hellip;<\/p>","protected":false},"featured_media":6209,"comment_status":"open","ping_status":"closed","template":"","meta":{"_joinchat":[]},"product_cat":[558],"product_tag":[],"class_list":{"0":"post-6089","1":"product","2":"type-product","3":"status-publish","4":"has-post-thumbnail","6":"product_cat-chimiques-de-recherche","8":"first","9":"instock","10":"shipping-taxable","11":"purchasable","12":"product-type-variable","13":"col-xs-6 col-sm-4","14":"col-md-3 col-lg-3","15":"un-4-cols"},"yoast_head":"<!-- This site is optimized with the Yoast SEO plugin v23.8 - https:\/\/yoast.com\/wordpress\/plugins\/seo\/ -->\n<title>5-MeO-MiPT Puret\u00e9 pour la Recherche | Poudres de Narco<\/title>\n<meta name=\"description\" content=\"Fournisseur de 5-MeO-MiPT pour applications scientifiques en laboratoire. Puret\u00e9 et s\u00e9curit\u00e9 garanties pour recherches avanc\u00e9es chez Poudres de Narco\" \/>\n<meta name=\"robots\" content=\"index, follow, max-snippet:-1, max-image-preview:large, max-video-preview:-1\" \/>\n<link rel=\"canonical\" href=\"https:\/\/poudresdenarco.com\/en\/product-2\/5-meo-mipt\/\" \/>\n<meta property=\"og:locale\" content=\"en_US\" \/>\n<meta property=\"og:type\" content=\"article\" \/>\n<meta property=\"og:title\" content=\"5-MeO-MiPT Puret\u00e9 pour la Recherche | Poudres de Narco\" \/>\n<meta property=\"og:description\" content=\"Fournisseur de 5-MeO-MiPT pour applications scientifiques en laboratoire. Puret\u00e9 et s\u00e9curit\u00e9 garanties pour recherches avanc\u00e9es chez Poudres de Narco\" \/>\n<meta property=\"og:url\" content=\"https:\/\/poudresdenarco.com\/en\/product-2\/5-meo-mipt\/\" \/>\n<meta property=\"og:site_name\" content=\"Poudresde Narco\" \/>\n<meta property=\"article:modified_time\" content=\"2025-05-27T08:47:38+00:00\" \/>\n<meta property=\"og:image\" content=\"https:\/\/poudresdenarco.com\/wp-content\/uploads\/2024\/10\/5-MEO-MIPT-1.gif\" \/>\n\t<meta property=\"og:image:width\" content=\"600\" \/>\n\t<meta property=\"og:image:height\" content=\"600\" \/>\n\t<meta property=\"og:image:type\" content=\"image\/gif\" \/>\n<meta name=\"twitter:card\" content=\"summary_large_image\" \/>\n<meta name=\"twitter:label1\" content=\"Est. reading time\" \/>\n\t<meta name=\"twitter:data1\" content=\"3 minutes\" \/>\n<script type=\"application\/ld+json\" class=\"yoast-schema-graph\">{\"@context\":\"https:\/\/schema.org\",\"@graph\":[{\"@type\":\"WebPage\",\"@id\":\"https:\/\/poudresdenarco.com\/produit\/5-meo-mipt\/\",\"url\":\"https:\/\/poudresdenarco.com\/produit\/5-meo-mipt\/\",\"name\":\"5-MeO-MiPT Puret\u00e9 pour la Recherche | Poudres de Narco\",\"isPartOf\":{\"@id\":\"https:\/\/poudresdenarco.com\/#website\"},\"primaryImageOfPage\":{\"@id\":\"https:\/\/poudresdenarco.com\/produit\/5-meo-mipt\/#primaryimage\"},\"image\":{\"@id\":\"https:\/\/poudresdenarco.com\/produit\/5-meo-mipt\/#primaryimage\"},\"thumbnailUrl\":\"https:\/\/poudresdenarco.com\/wp-content\/uploads\/2024\/10\/5-MEO-MIPT-1.gif\",\"datePublished\":\"2024-10-16T11:32:47+00:00\",\"dateModified\":\"2025-05-27T08:47:38+00:00\",\"description\":\"Fournisseur de 5-MeO-MiPT pour applications scientifiques en laboratoire. Puret\u00e9 et s\u00e9curit\u00e9 garanties pour recherches avanc\u00e9es chez Poudres de Narco\",\"breadcrumb\":{\"@id\":\"https:\/\/poudresdenarco.com\/produit\/5-meo-mipt\/#breadcrumb\"},\"inLanguage\":\"en-AU\",\"potentialAction\":[{\"@type\":\"ReadAction\",\"target\":[\"https:\/\/poudresdenarco.com\/produit\/5-meo-mipt\/\"]}]},{\"@type\":\"ImageObject\",\"inLanguage\":\"en-AU\",\"@id\":\"https:\/\/poudresdenarco.com\/produit\/5-meo-mipt\/#primaryimage\",\"url\":\"https:\/\/poudresdenarco.com\/wp-content\/uploads\/2024\/10\/5-MEO-MIPT-1.gif\",\"contentUrl\":\"https:\/\/poudresdenarco.com\/wp-content\/uploads\/2024\/10\/5-MEO-MIPT-1.gif\",\"width\":600,\"height\":600,\"caption\":\"5-MEO-MIPT\"},{\"@type\":\"BreadcrumbList\",\"@id\":\"https:\/\/poudresdenarco.com\/produit\/5-meo-mipt\/#breadcrumb\",\"itemListElement\":[{\"@type\":\"ListItem\",\"position\":1,\"name\":\"Home\",\"item\":\"https:\/\/poudresdenarco.com\/\"},{\"@type\":\"ListItem\",\"position\":2,\"name\":\"Boutique\",\"item\":\"https:\/\/poudresdenarco.com\/boutique\/\"},{\"@type\":\"ListItem\",\"position\":3,\"name\":\"5-MEO-MIPT\"}]},{\"@type\":\"WebSite\",\"@id\":\"https:\/\/poudresdenarco.com\/#website\",\"url\":\"https:\/\/poudresdenarco.com\/\",\"name\":\"Poudresde Narco\",\"description\":\"Acheter de la coca\u00efne et de l&#039;h\u00e9ro\u00efne en ligne\",\"potentialAction\":[{\"@type\":\"SearchAction\",\"target\":{\"@type\":\"EntryPoint\",\"urlTemplate\":\"https:\/\/poudresdenarco.com\/?s={search_term_string}\"},\"query-input\":{\"@type\":\"PropertyValueSpecification\",\"valueRequired\":true,\"valueName\":\"search_term_string\"}}],\"inLanguage\":\"en-AU\"}]}<\/script>\n<!-- \/ Yoast SEO plugin. -->","yoast_head_json":{"title":"5-MeO-MiPT Puret\u00e9 pour la Recherche | Poudres de Narco","description":"Fournisseur de 5-MeO-MiPT pour applications scientifiques en laboratoire. Puret\u00e9 et s\u00e9curit\u00e9 garanties pour recherches avanc\u00e9es chez Poudres de Narco","robots":{"index":"index","follow":"follow","max-snippet":"max-snippet:-1","max-image-preview":"max-image-preview:large","max-video-preview":"max-video-preview:-1"},"canonical":"https:\/\/poudresdenarco.com\/en\/product-2\/5-meo-mipt\/","og_locale":"en_US","og_type":"article","og_title":"5-MeO-MiPT Puret\u00e9 pour la Recherche | Poudres de Narco","og_description":"Fournisseur de 5-MeO-MiPT pour applications scientifiques en laboratoire. Puret\u00e9 et s\u00e9curit\u00e9 garanties pour recherches avanc\u00e9es chez Poudres de Narco","og_url":"https:\/\/poudresdenarco.com\/en\/product-2\/5-meo-mipt\/","og_site_name":"Poudresde Narco","article_modified_time":"2025-05-27T08:47:38+00:00","og_image":[{"width":600,"height":600,"url":"https:\/\/poudresdenarco.com\/wp-content\/uploads\/2024\/10\/5-MEO-MIPT-1.gif","type":"image\/gif"}],"twitter_card":"summary_large_image","twitter_misc":{"Est. reading time":"3 minutes"},"schema":{"@context":"https:\/\/schema.org","@graph":[{"@type":"WebPage","@id":"https:\/\/poudresdenarco.com\/produit\/5-meo-mipt\/","url":"https:\/\/poudresdenarco.com\/produit\/5-meo-mipt\/","name":"5-MeO-MiPT Puret\u00e9 pour la Recherche | Poudres de Narco","isPartOf":{"@id":"https:\/\/poudresdenarco.com\/#website"},"primaryImageOfPage":{"@id":"https:\/\/poudresdenarco.com\/produit\/5-meo-mipt\/#primaryimage"},"image":{"@id":"https:\/\/poudresdenarco.com\/produit\/5-meo-mipt\/#primaryimage"},"thumbnailUrl":"https:\/\/poudresdenarco.com\/wp-content\/uploads\/2024\/10\/5-MEO-MIPT-1.gif","datePublished":"2024-10-16T11:32:47+00:00","dateModified":"2025-05-27T08:47:38+00:00","description":"Fournisseur de 5-MeO-MiPT pour applications scientifiques en laboratoire. Puret\u00e9 et s\u00e9curit\u00e9 garanties pour recherches avanc\u00e9es chez Poudres de Narco","breadcrumb":{"@id":"https:\/\/poudresdenarco.com\/produit\/5-meo-mipt\/#breadcrumb"},"inLanguage":"en-AU","potentialAction":[{"@type":"ReadAction","target":["https:\/\/poudresdenarco.com\/produit\/5-meo-mipt\/"]}]},{"@type":"ImageObject","inLanguage":"en-AU","@id":"https:\/\/poudresdenarco.com\/produit\/5-meo-mipt\/#primaryimage","url":"https:\/\/poudresdenarco.com\/wp-content\/uploads\/2024\/10\/5-MEO-MIPT-1.gif","contentUrl":"https:\/\/poudresdenarco.com\/wp-content\/uploads\/2024\/10\/5-MEO-MIPT-1.gif","width":600,"height":600,"caption":"5-MEO-MIPT"},{"@type":"BreadcrumbList","@id":"https:\/\/poudresdenarco.com\/produit\/5-meo-mipt\/#breadcrumb","itemListElement":[{"@type":"ListItem","position":1,"name":"Home","item":"https:\/\/poudresdenarco.com\/"},{"@type":"ListItem","position":2,"name":"Boutique","item":"https:\/\/poudresdenarco.com\/boutique\/"},{"@type":"ListItem","position":3,"name":"5-MEO-MIPT"}]},{"@type":"WebSite","@id":"https:\/\/poudresdenarco.com\/#website","url":"https:\/\/poudresdenarco.com\/","name":"Poudresde Narco","description":"Acheter de la coca\u00efne et de l&#039;h\u00e9ro\u00efne en ligne","potentialAction":[{"@type":"SearchAction","target":{"@type":"EntryPoint","urlTemplate":"https:\/\/poudresdenarco.com\/?s={search_term_string}"},"query-input":{"@type":"PropertyValueSpecification","valueRequired":true,"valueName":"search_term_string"}}],"inLanguage":"en-AU"}]}},"_links":{"self":[{"href":"https:\/\/poudresdenarco.com\/en\/wp-json\/wp\/v2\/product\/6089","targetHints":{"allow":["GET"]}}],"collection":[{"href":"https:\/\/poudresdenarco.com\/en\/wp-json\/wp\/v2\/product"}],"about":[{"href":"https:\/\/poudresdenarco.com\/en\/wp-json\/wp\/v2\/types\/product"}],"replies":[{"embeddable":true,"href":"https:\/\/poudresdenarco.com\/en\/wp-json\/wp\/v2\/comments?post=6089"}],"wp:featuredmedia":[{"embeddable":true,"href":"https:\/\/poudresdenarco.com\/en\/wp-json\/wp\/v2\/media\/6209"}],"wp:attachment":[{"href":"https:\/\/poudresdenarco.com\/en\/wp-json\/wp\/v2\/media?parent=6089"}],"wp:term":[{"taxonomy":"product_cat","embeddable":true,"href":"https:\/\/poudresdenarco.com\/en\/wp-json\/wp\/v2\/product_cat?post=6089"},{"taxonomy":"product_tag","embeddable":true,"href":"https:\/\/poudresdenarco.com\/en\/wp-json\/wp\/v2\/product_tag?post=6089"}],"curies":[{"name":"wp","href":"https:\/\/api.w.org\/{rel}","templated":true}]}}