{"id":6092,"date":"2024-10-16T11:32:47","date_gmt":"2024-10-16T11:32:47","guid":{"rendered":"https:\/\/poudresdenarco.com\/?post_type=product&#038;p=6092"},"modified":"2025-05-23T01:54:50","modified_gmt":"2025-05-23T01:54:50","slug":"jwh-210","status":"publish","type":"product","link":"https:\/\/poudresdenarco.com\/en\/product-2\/jwh-210\/","title":{"rendered":"Jwh-210"},"content":{"rendered":"<h2>JWH-210 Technical information<\/h2>\n<p>Official name (4-ethyl-1-naphthalenyl)(1-pentyl-1H-indol-3-yl)methanone <a href=\"https:\/\/poudresdenarco.com\/en\/product-2\/jwh-210\/\">Jwh-210<\/a><\/p>\n<p>CAS number 824959-81-1<\/p>\n<p>Molecular formula C26H27NO<\/p>\n<p>Formula weight 369.5<\/p>\n<p>Puret\u00e9 \u226598{13c175b4b24440b8a5165f6560f020b70106ae9a2c215c353f8f2fc99a8d1211}<\/p>\n<p>Formulation A crystalline solid Jwh-210<\/p>\n<p>SMILES CCCCCN1C=C(C(C2=C(C=CC=C3)C3=C(CC)C=C2)=O)C4=C1C=CC=C4<\/p>\n<p>Code InChI InChI=1S\/C26H27NO\/c1-3-5-10-17-27-18-24(22-13-8-9-14-25(22)27)26(28)23-16-15-19(4-2)20-11-6-7-12-21(20)23\/h6-9,11-16,18H,3-5,10,17H2,1-2H3<\/p>\n<p>InChI key LACIUQLUNACUKC-UHFFFAOYSA-N<\/p>\n<p>JWH-210<\/p>\n<p>Technical information<\/p>\n<p>Official name (4-ethyl-1-naphthalenyl)(1-pentyl-1H-indol-3-yl)methanone <a href=\"https:\/\/poudresdenarco.com\/en\/\">PowderDenarco<\/a><\/p>\n<p>CAS number 824959-81-1<\/p>\n<p>Molecular formula C26H27NO<\/p>\n<p>Formula weight 369.5<\/p>\n<p>Puret\u00e9 \u226598{13c175b4b24440b8a5165f6560f020b70106ae9a2c215c353f8f2fc99a8d1211}<\/p>\n<p>Formulation A crystalline solid<\/p>\n<p>SMILES CCCCCN1C=C(C(C2=C(C=CC=C3)C3=C(CC)C=C2)=O)C4=C1C=CC=C4<\/p>\n<p>InChI code InChI=1S\/C26H27NO\/c1-3-5-10-17-27-18-24(22-13-8-9-14-25(22)27)26(28)23-16-15-19(4-2)20-11-6-7-12-21(20)23\/h6-9,11-16,18H,3-5, 10,17H2,1-2H3 InChI key LACIUQLUNACUKC-UHFFFAOYSA-N JWH-210<\/p>\n<h4><strong>Acheter du JWH-210 de Haute Puret\u00e9 pour la Recherche &#8211; Poudres de Narco<\/strong><\/h4>\n<p>Poudres de Narco offers <strong>JWH-210 de qualit\u00e9 sup\u00e9rieure<\/strong>, r\u00e9serv\u00e9 exclusivement aux <strong>research applications<\/strong>. Utilis\u00e9 dans les \u00e9tudes scientifiques et les analyses de laboratoire, notre JWH-210 est conforme aux normes de puret\u00e9 et de qualit\u00e9 attendues par les professionnels de la chimie et de la pharmacologie.<\/p>\n<h3>Pourquoi Choisir le JWH-210 de Poudres de Narco ?<\/h3>\n<p>As a <strong>fournisseur de JWH-210 pour la recherche<\/strong>, Poudres de Narco s&rsquo;engage \u00e0 fournir un produit de qualit\u00e9, test\u00e9 et certifi\u00e9 pour r\u00e9pondre aux besoins des laboratoires sp\u00e9cialis\u00e9s :<\/p>\n<ul>\n<li><strong>Certified Purity<\/strong> : Chaque lot de JWH-210 est soumis \u00e0 des contr\u00f4les rigoureux, assurant une puret\u00e9 optimale pour des r\u00e9sultats de recherche fiables.<\/li>\n<li><strong>Constant Quality<\/strong> : Notre JWH-210 est fabriqu\u00e9 pour garantir une performance constante, essentielle pour les \u00e9tudes analytiques.<\/li>\n<li><strong>Secure Online Ordering<\/strong> : We make it easier to<strong>achat de JWH-210 pour applications scientifiques<\/strong>, avec un processus de commande discret et conforme aux exigences de s\u00e9curit\u00e9.<\/li>\n<\/ul>\n<h3>Applications and Safety Instructions<\/h3>\n<p>Le <strong>JWH-210<\/strong> de Poudres de Narco est utilis\u00e9 dans divers contextes de recherche :<\/p>\n<ul>\n<li><strong>\u00c9tudes chimiques et pharmacologiques<\/strong> : Id\u00e9al pour des recherches contr\u00f4l\u00e9es en laboratoire.<\/li>\n<li><strong>Tests de qualit\u00e9<\/strong> : Adapt\u00e9 pour les professionnels ayant besoin de pr\u00e9cision et de rigueur dans leurs exp\u00e9rimentations.<\/li>\n<\/ul>\n<p>Pour garantir la s\u00e9curit\u00e9 en laboratoire, nous fournissons des <strong>protocoles de manipulation et de stockage<\/strong> pour une utilisation en toute conformit\u00e9.<\/p>\n<h3>Commandez du JWH-210 pour vos Besoins de Recherche<\/h3>\n<p>Avec Poudres de Narco, vous pouvez acheter du JWH-210 de haute puret\u00e9 en toute confiance. <strong>Contact us<\/strong> pour plus d\u2019informations ou pour passer commande aupr\u00e8s d\u2019un fournisseur fiable de <strong>JWH-210 pour la recherche<\/strong>.<\/p>\n<hr \/>","protected":false},"excerpt":{"rendered":"<p>JWH-210 Informations techniques Nom officiel (4-\u00e9thyl-1-naphtal\u00e9nyl)(1-pentyl-1H-indol-3-yl)-m\u00e9thanone Jwh-210 Num\u00e9ro CAS 824959-81-1 Formule mol\u00e9culaire C26H27NO Poids de la formule 369,5 Puret\u00e9 \u226598{13c175b4b24440b8a5165f6560f020b70106ae9a2c215c353f8f2fc99a8d1211} Formulation Un solide cristallin Jwh-210 SMILES CCCCCN1C=C(C(C2=C(C=CC=C3)C3=C(CC)C=C2)=O)C4=C1C=CC=C4 Code InChI InChI=1S\/C26H27NO\/c1-3-5-10-17-27-18-24(22-13-8-9-14-25(22)27)26(28)23-16-15-19(4-2)20-11-6-7-12-21(20)23\/h6-9,11-16,18H,3-5,10,17H2,1-2H3 Cl\u00e9 InChI LACIUQLUNACUKC-UHFFFAOYSA-N JWH-210 Informations techniques Nom officiel (4-\u00e9thyl-1-naphtal\u00e9nyl)(1-pentyl-1H-indol-3-yl)-m\u00e9thanone PoudresDenarco Num\u00e9ro CAS 824959-81-1 Formule mol\u00e9culaire C26H27NO Poids de la formule 369,5 Puret\u00e9 \u226598{13c175b4b24440b8a5165f6560f020b70106ae9a2c215c353f8f2fc99a8d1211} Formulation Un&hellip;<\/p>","protected":false},"featured_media":6201,"comment_status":"open","ping_status":"closed","template":"","meta":{"_joinchat":[]},"product_cat":[558],"product_tag":[],"class_list":{"0":"post-6092","1":"product","2":"type-product","3":"status-publish","4":"has-post-thumbnail","6":"product_cat-chimiques-de-recherche","8":"first","9":"instock","10":"shipping-taxable","11":"purchasable","12":"product-type-variable","13":"col-xs-6 col-sm-4","14":"col-md-3 col-lg-3","15":"un-4-cols"},"yoast_head":"<!-- This site is optimized with the Yoast SEO plugin v23.8 - https:\/\/yoast.com\/wordpress\/plugins\/seo\/ -->\n<title>Acheter JWH-210 pour la Recherche | Poudres de Narco<\/title>\n<meta name=\"description\" content=\"Fournisseur de JWH-210 pour la recherche scientifique. Puret\u00e9 garantie pour applications de laboratoire chez Poudres de Narco.\" \/>\n<meta name=\"robots\" content=\"index, follow, max-snippet:-1, max-image-preview:large, max-video-preview:-1\" \/>\n<link rel=\"canonical\" href=\"https:\/\/poudresdenarco.com\/en\/product-2\/jwh-210\/\" \/>\n<meta property=\"og:locale\" content=\"en_US\" \/>\n<meta property=\"og:type\" content=\"article\" \/>\n<meta property=\"og:title\" content=\"Acheter JWH-210 pour la Recherche | Poudres de Narco\" \/>\n<meta property=\"og:description\" content=\"Fournisseur de JWH-210 pour la recherche scientifique. Puret\u00e9 garantie pour applications de laboratoire chez Poudres de Narco.\" \/>\n<meta property=\"og:url\" content=\"https:\/\/poudresdenarco.com\/en\/product-2\/jwh-210\/\" \/>\n<meta property=\"og:site_name\" content=\"Poudresde Narco\" \/>\n<meta property=\"article:modified_time\" content=\"2025-05-23T01:54:50+00:00\" \/>\n<meta property=\"og:image\" content=\"https:\/\/poudresdenarco.com\/wp-content\/uploads\/2024\/10\/Jwh-210.gif\" \/>\n\t<meta property=\"og:image:width\" content=\"600\" \/>\n\t<meta property=\"og:image:height\" content=\"600\" \/>\n\t<meta property=\"og:image:type\" content=\"image\/gif\" \/>\n<meta name=\"twitter:card\" content=\"summary_large_image\" \/>\n<meta name=\"twitter:label1\" content=\"Est. reading time\" \/>\n\t<meta name=\"twitter:data1\" content=\"2 minutes\" \/>\n<script type=\"application\/ld+json\" class=\"yoast-schema-graph\">{\"@context\":\"https:\/\/schema.org\",\"@graph\":[{\"@type\":\"WebPage\",\"@id\":\"https:\/\/poudresdenarco.com\/produit\/jwh-210\/\",\"url\":\"https:\/\/poudresdenarco.com\/produit\/jwh-210\/\",\"name\":\"Acheter JWH-210 pour la Recherche | Poudres de Narco\",\"isPartOf\":{\"@id\":\"https:\/\/poudresdenarco.com\/#website\"},\"primaryImageOfPage\":{\"@id\":\"https:\/\/poudresdenarco.com\/produit\/jwh-210\/#primaryimage\"},\"image\":{\"@id\":\"https:\/\/poudresdenarco.com\/produit\/jwh-210\/#primaryimage\"},\"thumbnailUrl\":\"https:\/\/poudresdenarco.com\/wp-content\/uploads\/2024\/10\/Jwh-210.gif\",\"datePublished\":\"2024-10-16T11:32:47+00:00\",\"dateModified\":\"2025-05-23T01:54:50+00:00\",\"description\":\"Fournisseur de JWH-210 pour la recherche scientifique. Puret\u00e9 garantie pour applications de laboratoire chez Poudres de Narco.\",\"breadcrumb\":{\"@id\":\"https:\/\/poudresdenarco.com\/produit\/jwh-210\/#breadcrumb\"},\"inLanguage\":\"en-AU\",\"potentialAction\":[{\"@type\":\"ReadAction\",\"target\":[\"https:\/\/poudresdenarco.com\/produit\/jwh-210\/\"]}]},{\"@type\":\"ImageObject\",\"inLanguage\":\"en-AU\",\"@id\":\"https:\/\/poudresdenarco.com\/produit\/jwh-210\/#primaryimage\",\"url\":\"https:\/\/poudresdenarco.com\/wp-content\/uploads\/2024\/10\/Jwh-210.gif\",\"contentUrl\":\"https:\/\/poudresdenarco.com\/wp-content\/uploads\/2024\/10\/Jwh-210.gif\",\"width\":600,\"height\":600,\"caption\":\"Jwh-210\"},{\"@type\":\"BreadcrumbList\",\"@id\":\"https:\/\/poudresdenarco.com\/produit\/jwh-210\/#breadcrumb\",\"itemListElement\":[{\"@type\":\"ListItem\",\"position\":1,\"name\":\"Home\",\"item\":\"https:\/\/poudresdenarco.com\/\"},{\"@type\":\"ListItem\",\"position\":2,\"name\":\"Boutique\",\"item\":\"https:\/\/poudresdenarco.com\/boutique\/\"},{\"@type\":\"ListItem\",\"position\":3,\"name\":\"Jwh-210\"}]},{\"@type\":\"WebSite\",\"@id\":\"https:\/\/poudresdenarco.com\/#website\",\"url\":\"https:\/\/poudresdenarco.com\/\",\"name\":\"Poudresde Narco\",\"description\":\"Acheter de la coca\u00efne et de l&#039;h\u00e9ro\u00efne en ligne\",\"potentialAction\":[{\"@type\":\"SearchAction\",\"target\":{\"@type\":\"EntryPoint\",\"urlTemplate\":\"https:\/\/poudresdenarco.com\/?s={search_term_string}\"},\"query-input\":{\"@type\":\"PropertyValueSpecification\",\"valueRequired\":true,\"valueName\":\"search_term_string\"}}],\"inLanguage\":\"en-AU\"}]}<\/script>\n<!-- \/ Yoast SEO plugin. -->","yoast_head_json":{"title":"Acheter JWH-210 pour la Recherche | Poudres de Narco","description":"Fournisseur de JWH-210 pour la recherche scientifique. Puret\u00e9 garantie pour applications de laboratoire chez Poudres de Narco.","robots":{"index":"index","follow":"follow","max-snippet":"max-snippet:-1","max-image-preview":"max-image-preview:large","max-video-preview":"max-video-preview:-1"},"canonical":"https:\/\/poudresdenarco.com\/en\/product-2\/jwh-210\/","og_locale":"en_US","og_type":"article","og_title":"Acheter JWH-210 pour la Recherche | Poudres de Narco","og_description":"Fournisseur de JWH-210 pour la recherche scientifique. Puret\u00e9 garantie pour applications de laboratoire chez Poudres de Narco.","og_url":"https:\/\/poudresdenarco.com\/en\/product-2\/jwh-210\/","og_site_name":"Poudresde Narco","article_modified_time":"2025-05-23T01:54:50+00:00","og_image":[{"width":600,"height":600,"url":"https:\/\/poudresdenarco.com\/wp-content\/uploads\/2024\/10\/Jwh-210.gif","type":"image\/gif"}],"twitter_card":"summary_large_image","twitter_misc":{"Est. reading time":"2 minutes"},"schema":{"@context":"https:\/\/schema.org","@graph":[{"@type":"WebPage","@id":"https:\/\/poudresdenarco.com\/produit\/jwh-210\/","url":"https:\/\/poudresdenarco.com\/produit\/jwh-210\/","name":"Acheter JWH-210 pour la Recherche | Poudres de Narco","isPartOf":{"@id":"https:\/\/poudresdenarco.com\/#website"},"primaryImageOfPage":{"@id":"https:\/\/poudresdenarco.com\/produit\/jwh-210\/#primaryimage"},"image":{"@id":"https:\/\/poudresdenarco.com\/produit\/jwh-210\/#primaryimage"},"thumbnailUrl":"https:\/\/poudresdenarco.com\/wp-content\/uploads\/2024\/10\/Jwh-210.gif","datePublished":"2024-10-16T11:32:47+00:00","dateModified":"2025-05-23T01:54:50+00:00","description":"Fournisseur de JWH-210 pour la recherche scientifique. Puret\u00e9 garantie pour applications de laboratoire chez Poudres de Narco.","breadcrumb":{"@id":"https:\/\/poudresdenarco.com\/produit\/jwh-210\/#breadcrumb"},"inLanguage":"en-AU","potentialAction":[{"@type":"ReadAction","target":["https:\/\/poudresdenarco.com\/produit\/jwh-210\/"]}]},{"@type":"ImageObject","inLanguage":"en-AU","@id":"https:\/\/poudresdenarco.com\/produit\/jwh-210\/#primaryimage","url":"https:\/\/poudresdenarco.com\/wp-content\/uploads\/2024\/10\/Jwh-210.gif","contentUrl":"https:\/\/poudresdenarco.com\/wp-content\/uploads\/2024\/10\/Jwh-210.gif","width":600,"height":600,"caption":"Jwh-210"},{"@type":"BreadcrumbList","@id":"https:\/\/poudresdenarco.com\/produit\/jwh-210\/#breadcrumb","itemListElement":[{"@type":"ListItem","position":1,"name":"Home","item":"https:\/\/poudresdenarco.com\/"},{"@type":"ListItem","position":2,"name":"Boutique","item":"https:\/\/poudresdenarco.com\/boutique\/"},{"@type":"ListItem","position":3,"name":"Jwh-210"}]},{"@type":"WebSite","@id":"https:\/\/poudresdenarco.com\/#website","url":"https:\/\/poudresdenarco.com\/","name":"Poudresde Narco","description":"Acheter de la coca\u00efne et de l&#039;h\u00e9ro\u00efne en ligne","potentialAction":[{"@type":"SearchAction","target":{"@type":"EntryPoint","urlTemplate":"https:\/\/poudresdenarco.com\/?s={search_term_string}"},"query-input":{"@type":"PropertyValueSpecification","valueRequired":true,"valueName":"search_term_string"}}],"inLanguage":"en-AU"}]}},"_links":{"self":[{"href":"https:\/\/poudresdenarco.com\/en\/wp-json\/wp\/v2\/product\/6092","targetHints":{"allow":["GET"]}}],"collection":[{"href":"https:\/\/poudresdenarco.com\/en\/wp-json\/wp\/v2\/product"}],"about":[{"href":"https:\/\/poudresdenarco.com\/en\/wp-json\/wp\/v2\/types\/product"}],"replies":[{"embeddable":true,"href":"https:\/\/poudresdenarco.com\/en\/wp-json\/wp\/v2\/comments?post=6092"}],"wp:featuredmedia":[{"embeddable":true,"href":"https:\/\/poudresdenarco.com\/en\/wp-json\/wp\/v2\/media\/6201"}],"wp:attachment":[{"href":"https:\/\/poudresdenarco.com\/en\/wp-json\/wp\/v2\/media?parent=6092"}],"wp:term":[{"taxonomy":"product_cat","embeddable":true,"href":"https:\/\/poudresdenarco.com\/en\/wp-json\/wp\/v2\/product_cat?post=6092"},{"taxonomy":"product_tag","embeddable":true,"href":"https:\/\/poudresdenarco.com\/en\/wp-json\/wp\/v2\/product_tag?post=6092"}],"curies":[{"name":"wp","href":"https:\/\/api.w.org\/{rel}","templated":true}]}}