{"id":6218,"date":"2024-10-18T05:38:27","date_gmt":"2024-10-18T05:38:27","guid":{"rendered":"https:\/\/poudresdenarco.com\/?post_type=product&#038;p=6218"},"modified":"2026-05-04T15:09:59","modified_gmt":"2026-05-04T15:09:59","slug":"3fa","status":"publish","type":"product","link":"https:\/\/poudresdenarco.com\/en\/product-2\/3fa\/","title":{"rendered":"3FA"},"content":{"rendered":"<h2>Buy 3F-PVP (3FPVP) CRYSTALS online.<\/h2>\n<p>PoudresDenarco sells <a href=\"https:\/\/poudresdenarco.com\/en\/product-2\/3fa\/\">3F-PVP<\/a> (3FPVP) CRYSTALS to meet all your chemical needs. Since gaining the trust of so many people, the company is committed to providing its customers with the best possible service.<br \/>\n3F-PVP: Describe the phenomenon.<\/p>\n<p>3F-PVP shares the same qualities as A-PHP and is a class of cathinone powders from Denarcoe. The chemical name of 3F-PVP is 3F-alpha-PVP. 3f-PVP is a compound with the formula C15H20FNO and a molecular weight of 249.32.<\/p>\n<p>A moderate to strong euphoric effect that permeates the entire body is produced by a dosage of <a href=\"https:\/\/en.wikipedia.org\/wiki\/3-Fluoroamphetamine\">3F-PVP<\/a>. Secondly, in high doses, it can be overpowering. It encourages leisure activities such as running, climbing and dancing.<\/p>\n<p>There are times when this is not feasible. A general lack of motor control and severe hand tremors are common.<\/p>\n<p>caused by a clenching of the jaw, uncontrollable shaking of the body and vibrations, making it difficult or often impossible to stand still. However, you should always consult your doctor before using this medicine, even if it has certain side effects, such as the ability to move your eyes back and forth, which can cause temporary blurring and impaired vision. In the US, buy 3F-PVP (3FPVP) crystals online.<\/p>\n<h3>THE BEST WEBSITE FOR BUYING 3F-PVP ONLINE<\/h3>\n<p><a href=\"https:\/\/poudresdenarco.com\/en\/\">PowderDenarco<\/a> is one of the most respectable and reliable 3F-PVP Internet merchants. Consumers have been very complimentary of the company, assuring them that they will receive products of the highest caliber.<\/p>\n<p>You must be at least eighteen years old to purchase 3F-PVP online. We accept orders for 3F-PVP online.<\/p>\n<p>in quantities ranging from 25 kg to a few micrograms. Worldwide shipping services are provided by the company. Each item is packaged separately to ensure that no one finds out what is inside. Your entire file is kept on our system. Your data cannot be compromised in any way. We will deliver the goods to you as soon as possible.<\/p>\n<h3>BUY 3F-PVP CRYSTALS (3FPVP) ONLINE.<br \/>\nSynopsis<\/h3>\n<p>Would you like to buy 3-fluoro-\u03b1-pyrrolidinovalerophenone or 3F-PVP powder? If so, you've come to the right place! Our online shop offers only the best laboratory-tested research chemicals. Orders are packed and dispatched discreetly within a day. What's more, you can use Bitcoin and other crypto-currencies to make fast and secure paymentsBuy 3-FA .<\/p>\n<h3>Where can I buy 3F-PVP?<\/h3>\n<p>All your research chemicals are available in our online shop, where you can also buy the highest quality 3F-PVP Buy 3-FA.<\/p>\n<p>This material should only be used in the laboratory.<\/p>\n<p>Remember to always take the necessary safety precautions, such as wearing safety goggles and protecting any exposed skin.<\/p>\n<p>Please note that 3F-PVP, like other research chemicals, is only intended for use in studies and must not be taken by people, animals or other living beings.<\/p>\n<p>For the longest possible shelf life, store in a cool, dry place.<\/p>\n<p>People under the age of eighteen are not allowed to buy investigational substances from us Buy 3-FA .<\/p>\n<h3>Applications and Security<\/h3>\n<p>Used in a variety of research contexts, the <strong>3FMA<\/strong> de Poudres de Narco is supplied with detailed safety instructions for safe handling:<\/p>\n<ul>\n<li><strong>Secure storage<\/strong> Keep 3FMA in a cool, dry place away from direct light.<\/li>\n<li><strong>Protected handling<\/strong> Use personal protective equipment (PPE) and work in well-ventilated areas to ensure safe conditions.<\/li>\n<li><strong>For Research Use Only<\/strong> This product is strictly intended for authorised laboratories and controlled scientific studies.<\/li>\n<\/ul>\n<h3>Secure Online Ordering for Research<\/h3>\n<p>With Poudres de Narco, you have access to a secure and discreet purchasing process, specially designed for researchers and laboratories. Every order is processed with the utmost attention to compliance and safety. <strong>Contact us<\/strong> To find out more about our research-grade 3FMA options or to request a quote, Buy 3-FA.<\/p>","protected":false},"excerpt":{"rendered":"<p>3-FA, or <strong>3-Fluoroamphetamine<\/strong>is a synthetic stimulant belonging to the amphetamine class. Here are some key details:<\/p>\n<ul>\n<li><strong>Chemical formula<\/strong> C\u2089H\u2081\u2083F\u2081N<\/li>\n<li><strong>CAS number<\/strong> : 1182600-28-5<\/li>\n<\/ul>","protected":false},"featured_media":6293,"comment_status":"open","ping_status":"closed","template":"","meta":{"_joinchat":[]},"product_cat":[558],"product_tag":[],"class_list":{"0":"post-6218","1":"product","2":"type-product","3":"status-publish","4":"has-post-thumbnail","6":"product_cat-chimiques-de-recherche","8":"first","9":"instock","10":"shipping-taxable","11":"purchasable","12":"product-type-variable","13":"col-xs-6 col-sm-4","14":"col-md-3 col-lg-3","15":"un-4-cols"},"yoast_head":"<!-- This site is optimized with the Yoast SEO plugin v23.8 - https:\/\/yoast.com\/wordpress\/plugins\/seo\/ -->\n<title>Acheter 3-FA de Qualit\u00e9 Recherche | Poudres de Narco<\/title>\n<meta name=\"description\" content=\"3-FA de haute qualit\u00e9 pour la recherche chez Poudres de Narco. Puret\u00e9 et s\u00e9curit\u00e9 assur\u00e9es pour des applications en laboratoire, Acheter 3-FA\" \/>\n<meta name=\"robots\" content=\"index, follow, max-snippet:-1, max-image-preview:large, max-video-preview:-1\" \/>\n<link rel=\"canonical\" href=\"https:\/\/poudresdenarco.com\/en\/product-2\/3fa\/\" \/>\n<meta property=\"og:locale\" content=\"en_US\" \/>\n<meta property=\"og:type\" content=\"article\" \/>\n<meta property=\"og:title\" content=\"Acheter 3-FA de Qualit\u00e9 Recherche | Poudres de Narco\" \/>\n<meta property=\"og:description\" content=\"3-FA de haute qualit\u00e9 pour la recherche chez Poudres de Narco. Puret\u00e9 et s\u00e9curit\u00e9 assur\u00e9es pour des applications en laboratoire, Acheter 3-FA\" \/>\n<meta property=\"og:url\" content=\"https:\/\/poudresdenarco.com\/en\/product-2\/3fa\/\" \/>\n<meta property=\"og:site_name\" content=\"Poudresde Narco\" \/>\n<meta property=\"article:modified_time\" content=\"2026-05-04T15:09:59+00:00\" \/>\n<meta property=\"og:image\" content=\"https:\/\/poudresdenarco.com\/wp-content\/uploads\/2024\/10\/3FA-1.gif\" \/>\n\t<meta property=\"og:image:width\" content=\"600\" \/>\n\t<meta property=\"og:image:height\" content=\"600\" \/>\n\t<meta property=\"og:image:type\" content=\"image\/gif\" \/>\n<meta name=\"twitter:card\" content=\"summary_large_image\" \/>\n<meta name=\"twitter:label1\" content=\"Est. reading time\" \/>\n\t<meta name=\"twitter:data1\" content=\"4 minutes\" \/>\n<script type=\"application\/ld+json\" class=\"yoast-schema-graph\">{\"@context\":\"https:\/\/schema.org\",\"@graph\":[{\"@type\":\"WebPage\",\"@id\":\"https:\/\/poudresdenarco.com\/produit\/3fa\/\",\"url\":\"https:\/\/poudresdenarco.com\/produit\/3fa\/\",\"name\":\"Acheter 3-FA de Qualit\u00e9 Recherche | Poudres de Narco\",\"isPartOf\":{\"@id\":\"https:\/\/poudresdenarco.com\/#website\"},\"primaryImageOfPage\":{\"@id\":\"https:\/\/poudresdenarco.com\/produit\/3fa\/#primaryimage\"},\"image\":{\"@id\":\"https:\/\/poudresdenarco.com\/produit\/3fa\/#primaryimage\"},\"thumbnailUrl\":\"https:\/\/poudresdenarco.com\/wp-content\/uploads\/2024\/10\/3FA-1.gif\",\"datePublished\":\"2024-10-18T05:38:27+00:00\",\"dateModified\":\"2026-05-04T15:09:59+00:00\",\"description\":\"3-FA de haute qualit\u00e9 pour la recherche chez Poudres de Narco. Puret\u00e9 et s\u00e9curit\u00e9 assur\u00e9es pour des applications en laboratoire, Acheter 3-FA\",\"breadcrumb\":{\"@id\":\"https:\/\/poudresdenarco.com\/produit\/3fa\/#breadcrumb\"},\"inLanguage\":\"en-AU\",\"potentialAction\":[{\"@type\":\"ReadAction\",\"target\":[\"https:\/\/poudresdenarco.com\/produit\/3fa\/\"]}]},{\"@type\":\"ImageObject\",\"inLanguage\":\"en-AU\",\"@id\":\"https:\/\/poudresdenarco.com\/produit\/3fa\/#primaryimage\",\"url\":\"https:\/\/poudresdenarco.com\/wp-content\/uploads\/2024\/10\/3FA-1.gif\",\"contentUrl\":\"https:\/\/poudresdenarco.com\/wp-content\/uploads\/2024\/10\/3FA-1.gif\",\"width\":600,\"height\":600,\"caption\":\"3FA\"},{\"@type\":\"BreadcrumbList\",\"@id\":\"https:\/\/poudresdenarco.com\/produit\/3fa\/#breadcrumb\",\"itemListElement\":[{\"@type\":\"ListItem\",\"position\":1,\"name\":\"Home\",\"item\":\"https:\/\/poudresdenarco.com\/\"},{\"@type\":\"ListItem\",\"position\":2,\"name\":\"Boutique\",\"item\":\"https:\/\/poudresdenarco.com\/boutique\/\"},{\"@type\":\"ListItem\",\"position\":3,\"name\":\"3FA\"}]},{\"@type\":\"WebSite\",\"@id\":\"https:\/\/poudresdenarco.com\/#website\",\"url\":\"https:\/\/poudresdenarco.com\/\",\"name\":\"Poudresde Narco\",\"description\":\"Acheter de la coca\u00efne et de l&#039;h\u00e9ro\u00efne en ligne\",\"potentialAction\":[{\"@type\":\"SearchAction\",\"target\":{\"@type\":\"EntryPoint\",\"urlTemplate\":\"https:\/\/poudresdenarco.com\/?s={search_term_string}\"},\"query-input\":{\"@type\":\"PropertyValueSpecification\",\"valueRequired\":true,\"valueName\":\"search_term_string\"}}],\"inLanguage\":\"en-AU\"}]}<\/script>\n<!-- \/ Yoast SEO plugin. -->","yoast_head_json":{"title":"Acheter 3-FA de Qualit\u00e9 Recherche | Poudres de Narco","description":"3-FA de haute qualit\u00e9 pour la recherche chez Poudres de Narco. Puret\u00e9 et s\u00e9curit\u00e9 assur\u00e9es pour des applications en laboratoire, Acheter 3-FA","robots":{"index":"index","follow":"follow","max-snippet":"max-snippet:-1","max-image-preview":"max-image-preview:large","max-video-preview":"max-video-preview:-1"},"canonical":"https:\/\/poudresdenarco.com\/en\/product-2\/3fa\/","og_locale":"en_US","og_type":"article","og_title":"Acheter 3-FA de Qualit\u00e9 Recherche | Poudres de Narco","og_description":"3-FA de haute qualit\u00e9 pour la recherche chez Poudres de Narco. Puret\u00e9 et s\u00e9curit\u00e9 assur\u00e9es pour des applications en laboratoire, Acheter 3-FA","og_url":"https:\/\/poudresdenarco.com\/en\/product-2\/3fa\/","og_site_name":"Poudresde Narco","article_modified_time":"2026-05-04T15:09:59+00:00","og_image":[{"width":600,"height":600,"url":"https:\/\/poudresdenarco.com\/wp-content\/uploads\/2024\/10\/3FA-1.gif","type":"image\/gif"}],"twitter_card":"summary_large_image","twitter_misc":{"Est. reading time":"4 minutes"},"schema":{"@context":"https:\/\/schema.org","@graph":[{"@type":"WebPage","@id":"https:\/\/poudresdenarco.com\/produit\/3fa\/","url":"https:\/\/poudresdenarco.com\/produit\/3fa\/","name":"Acheter 3-FA de Qualit\u00e9 Recherche | Poudres de Narco","isPartOf":{"@id":"https:\/\/poudresdenarco.com\/#website"},"primaryImageOfPage":{"@id":"https:\/\/poudresdenarco.com\/produit\/3fa\/#primaryimage"},"image":{"@id":"https:\/\/poudresdenarco.com\/produit\/3fa\/#primaryimage"},"thumbnailUrl":"https:\/\/poudresdenarco.com\/wp-content\/uploads\/2024\/10\/3FA-1.gif","datePublished":"2024-10-18T05:38:27+00:00","dateModified":"2026-05-04T15:09:59+00:00","description":"3-FA de haute qualit\u00e9 pour la recherche chez Poudres de Narco. Puret\u00e9 et s\u00e9curit\u00e9 assur\u00e9es pour des applications en laboratoire, Acheter 3-FA","breadcrumb":{"@id":"https:\/\/poudresdenarco.com\/produit\/3fa\/#breadcrumb"},"inLanguage":"en-AU","potentialAction":[{"@type":"ReadAction","target":["https:\/\/poudresdenarco.com\/produit\/3fa\/"]}]},{"@type":"ImageObject","inLanguage":"en-AU","@id":"https:\/\/poudresdenarco.com\/produit\/3fa\/#primaryimage","url":"https:\/\/poudresdenarco.com\/wp-content\/uploads\/2024\/10\/3FA-1.gif","contentUrl":"https:\/\/poudresdenarco.com\/wp-content\/uploads\/2024\/10\/3FA-1.gif","width":600,"height":600,"caption":"3FA"},{"@type":"BreadcrumbList","@id":"https:\/\/poudresdenarco.com\/produit\/3fa\/#breadcrumb","itemListElement":[{"@type":"ListItem","position":1,"name":"Home","item":"https:\/\/poudresdenarco.com\/"},{"@type":"ListItem","position":2,"name":"Boutique","item":"https:\/\/poudresdenarco.com\/boutique\/"},{"@type":"ListItem","position":3,"name":"3FA"}]},{"@type":"WebSite","@id":"https:\/\/poudresdenarco.com\/#website","url":"https:\/\/poudresdenarco.com\/","name":"Poudresde Narco","description":"Acheter de la coca\u00efne et de l&#039;h\u00e9ro\u00efne en ligne","potentialAction":[{"@type":"SearchAction","target":{"@type":"EntryPoint","urlTemplate":"https:\/\/poudresdenarco.com\/?s={search_term_string}"},"query-input":{"@type":"PropertyValueSpecification","valueRequired":true,"valueName":"search_term_string"}}],"inLanguage":"en-AU"}]}},"_links":{"self":[{"href":"https:\/\/poudresdenarco.com\/en\/wp-json\/wp\/v2\/product\/6218","targetHints":{"allow":["GET"]}}],"collection":[{"href":"https:\/\/poudresdenarco.com\/en\/wp-json\/wp\/v2\/product"}],"about":[{"href":"https:\/\/poudresdenarco.com\/en\/wp-json\/wp\/v2\/types\/product"}],"replies":[{"embeddable":true,"href":"https:\/\/poudresdenarco.com\/en\/wp-json\/wp\/v2\/comments?post=6218"}],"wp:featuredmedia":[{"embeddable":true,"href":"https:\/\/poudresdenarco.com\/en\/wp-json\/wp\/v2\/media\/6293"}],"wp:attachment":[{"href":"https:\/\/poudresdenarco.com\/en\/wp-json\/wp\/v2\/media?parent=6218"}],"wp:term":[{"taxonomy":"product_cat","embeddable":true,"href":"https:\/\/poudresdenarco.com\/en\/wp-json\/wp\/v2\/product_cat?post=6218"},{"taxonomy":"product_tag","embeddable":true,"href":"https:\/\/poudresdenarco.com\/en\/wp-json\/wp\/v2\/product_tag?post=6218"}],"curies":[{"name":"wp","href":"https:\/\/api.w.org\/{rel}","templated":true}]}}