{"id":6225,"date":"2024-10-18T05:40:24","date_gmt":"2024-10-18T05:40:24","guid":{"rendered":"https:\/\/poudresdenarco.com\/?post_type=product&#038;p=6225"},"modified":"2026-01-17T03:01:34","modified_gmt":"2026-01-17T03:01:34","slug":"ghb","status":"publish","type":"product","link":"https:\/\/poudresdenarco.com\/en\/product-2\/ghb\/","title":{"rendered":"GHB,gamma-hydroxybutyrate,"},"content":{"rendered":"<h3><strong>GHB <a href=\"https:\/\/k2spices.com\/product-category\/liquid-k2-spray\/\">:<\/a> Effects, Dangers, Medical Use and Legal Status<\/strong><\/h3>\n<p>Le <strong>GHB<\/strong>or <strong>gamma-hydroxybutyrate<\/strong>is a substance known for its sedative and anaesthetic effects. Used medicinally to treat narcolepsy and sometimes as part of treatments for addiction, it is also classified as a \"narcotic\". <strong>synthetic drug<\/strong> because of its recreational potential and the associated risks GHB drug<a href=\"https:\/\/poudresdenarco.com\/en\/product-category\/buy-cocaine-online\/\">.<\/a><\/p>\n<h3><strong>The Effects of GHB and its Dangers<\/strong><\/h3>\n<p>The <strong>effects of GHB<\/strong> vary according to dosage: it can cause relaxation, drowsiness and euphoria. However, at high doses <strong>dangers and side effects of GHB<\/strong> are numerous, including confusion, nausea and, in extreme cases, respiratory depression or coma. What makes it particularly risky is its dangerous interaction with<strong>alcohol<\/strong>which considerably increases the risk of overdose.<\/p>\n<h3><strong>GHB: Legal status and buying online<\/strong><\/h3>\n<p>Le <strong>legal status of GHB<\/strong> differs from country to country. In many places, it is classified as a controlled substance, available only on prescription for restricted medical use. The sale and use of<strong>buy GHB online<\/strong> is strictly regulated and prohibited outside legitimate medical channels, as its recreational use is illegal in most jurisdictions.<\/p>\n<h3><strong>GHB as a Medicine: Dosage and Safe Use<\/strong><\/h3>\n<p>As a <strong>medication<\/strong>GHB is mainly prescribed to treat narcolepsy. The <strong>GHB dosage<\/strong> is strictly controlled and tailored to the specific needs of the patient, as monitoring is necessary to avoid dependence. Any attempt at self-medication is strongly discouraged because of its powerful effects and potential interactions.<\/p>\n<h3><strong>Screening and detection of GHB<\/strong><\/h3>\n<p>GHB can be detected in the body by various means <strong>screening tests<\/strong> toxicology, although its detection window is relatively short. These tests are often used in medical and legal contexts, particularly in cases of abuse or suspected intoxication.<\/p>\n<h3><strong>Treatment and Recovery from GHB Dependence<\/strong><\/h3>\n<p>GHB addiction can be a real challenge because of its effects on the central nervous system. The <strong>GHB dependence treatment<\/strong> include medical care, monitoring and sometimes medication to manage withdrawal safely. Psychological support is also essential to help individuals maintain their sobriety over the long term.<\/p>","protected":false},"excerpt":{"rendered":"<p>GHB : Effets, Dangers, Usage M\u00e9dical et Statut L\u00e9gal Le GHB, ou gamma-hydroxybutyrate, est une substance connue pour ses effets s\u00e9datifs et anesth\u00e9siques. Utilis\u00e9 en m\u00e9decine pour traiter la narcolepsie et parfois dans le cadre de traitements contre la d\u00e9pendance, il est \u00e9galement class\u00e9 comme une drogue de synth\u00e8se en raison de son potentiel r\u00e9cr\u00e9atif&hellip;<\/p>","protected":false},"featured_media":6300,"comment_status":"open","ping_status":"closed","template":"","meta":{"_joinchat":[]},"product_cat":[558],"product_tag":[],"class_list":{"0":"post-6225","1":"product","2":"type-product","3":"status-publish","4":"has-post-thumbnail","6":"product_cat-chimiques-de-recherche","8":"first","9":"instock","10":"shipping-taxable","11":"purchasable","12":"product-type-variable","13":"col-xs-6 col-sm-4","14":"col-md-3 col-lg-3","15":"un-4-cols"},"yoast_head":"<!-- This site is optimized with the Yoast SEO plugin v23.8 - https:\/\/yoast.com\/wordpress\/plugins\/seo\/ -->\n<title>GHB : Effets, Dangers, et Usage M\u00e9dical<\/title>\n<meta name=\"description\" content=\"D\u00e9couvrez tout sur le GHB : effets, dangers, usage m\u00e9dical, statut l\u00e9gal, dosage, et traitement de d\u00e9pendance. Explorez les interactions avec l&#039;alcool, GHB m\u00e9dicament\" \/>\n<meta name=\"robots\" content=\"index, follow, max-snippet:-1, max-image-preview:large, max-video-preview:-1\" \/>\n<link rel=\"canonical\" href=\"https:\/\/poudresdenarco.com\/en\/product-2\/ghb\/\" \/>\n<meta property=\"og:locale\" content=\"en_US\" \/>\n<meta property=\"og:type\" content=\"article\" \/>\n<meta property=\"og:title\" content=\"GHB : Effets, Dangers, et Usage M\u00e9dical\" \/>\n<meta property=\"og:description\" content=\"D\u00e9couvrez tout sur le GHB : effets, dangers, usage m\u00e9dical, statut l\u00e9gal, dosage, et traitement de d\u00e9pendance. Explorez les interactions avec l&#039;alcool, GHB m\u00e9dicament\" \/>\n<meta property=\"og:url\" content=\"https:\/\/poudresdenarco.com\/en\/product-2\/ghb\/\" \/>\n<meta property=\"og:site_name\" content=\"Poudresde Narco\" \/>\n<meta property=\"article:modified_time\" content=\"2026-01-17T03:01:34+00:00\" \/>\n<meta property=\"og:image\" content=\"https:\/\/poudresdenarco.com\/wp-content\/uploads\/2024\/10\/GHB-1.gif\" \/>\n\t<meta property=\"og:image:width\" content=\"600\" \/>\n\t<meta property=\"og:image:height\" content=\"600\" \/>\n\t<meta property=\"og:image:type\" content=\"image\/gif\" \/>\n<meta name=\"twitter:card\" content=\"summary_large_image\" \/>\n<meta name=\"twitter:label1\" content=\"Est. reading time\" \/>\n\t<meta name=\"twitter:data1\" content=\"2 minutes\" \/>\n<script type=\"application\/ld+json\" class=\"yoast-schema-graph\">{\"@context\":\"https:\/\/schema.org\",\"@graph\":[{\"@type\":\"WebPage\",\"@id\":\"https:\/\/poudresdenarco.com\/produit\/ghb\/\",\"url\":\"https:\/\/poudresdenarco.com\/produit\/ghb\/\",\"name\":\"GHB : Effets, Dangers, et Usage M\u00e9dical\",\"isPartOf\":{\"@id\":\"https:\/\/poudresdenarco.com\/#website\"},\"primaryImageOfPage\":{\"@id\":\"https:\/\/poudresdenarco.com\/produit\/ghb\/#primaryimage\"},\"image\":{\"@id\":\"https:\/\/poudresdenarco.com\/produit\/ghb\/#primaryimage\"},\"thumbnailUrl\":\"https:\/\/poudresdenarco.com\/wp-content\/uploads\/2024\/10\/GHB-1.gif\",\"datePublished\":\"2024-10-18T05:40:24+00:00\",\"dateModified\":\"2026-01-17T03:01:34+00:00\",\"description\":\"D\u00e9couvrez tout sur le GHB : effets, dangers, usage m\u00e9dical, statut l\u00e9gal, dosage, et traitement de d\u00e9pendance. Explorez les interactions avec l'alcool, GHB m\u00e9dicament\",\"breadcrumb\":{\"@id\":\"https:\/\/poudresdenarco.com\/produit\/ghb\/#breadcrumb\"},\"inLanguage\":\"en-AU\",\"potentialAction\":[{\"@type\":\"ReadAction\",\"target\":[\"https:\/\/poudresdenarco.com\/produit\/ghb\/\"]}]},{\"@type\":\"ImageObject\",\"inLanguage\":\"en-AU\",\"@id\":\"https:\/\/poudresdenarco.com\/produit\/ghb\/#primaryimage\",\"url\":\"https:\/\/poudresdenarco.com\/wp-content\/uploads\/2024\/10\/GHB-1.gif\",\"contentUrl\":\"https:\/\/poudresdenarco.com\/wp-content\/uploads\/2024\/10\/GHB-1.gif\",\"width\":600,\"height\":600,\"caption\":\"GHB\"},{\"@type\":\"BreadcrumbList\",\"@id\":\"https:\/\/poudresdenarco.com\/produit\/ghb\/#breadcrumb\",\"itemListElement\":[{\"@type\":\"ListItem\",\"position\":1,\"name\":\"Home\",\"item\":\"https:\/\/poudresdenarco.com\/\"},{\"@type\":\"ListItem\",\"position\":2,\"name\":\"Boutique\",\"item\":\"https:\/\/poudresdenarco.com\/boutique\/\"},{\"@type\":\"ListItem\",\"position\":3,\"name\":\"GHB,gamma-hydroxybutyrate,\"}]},{\"@type\":\"WebSite\",\"@id\":\"https:\/\/poudresdenarco.com\/#website\",\"url\":\"https:\/\/poudresdenarco.com\/\",\"name\":\"Poudresde Narco\",\"description\":\"Acheter de la coca\u00efne et de l&#039;h\u00e9ro\u00efne en ligne\",\"potentialAction\":[{\"@type\":\"SearchAction\",\"target\":{\"@type\":\"EntryPoint\",\"urlTemplate\":\"https:\/\/poudresdenarco.com\/?s={search_term_string}\"},\"query-input\":{\"@type\":\"PropertyValueSpecification\",\"valueRequired\":true,\"valueName\":\"search_term_string\"}}],\"inLanguage\":\"en-AU\"}]}<\/script>\n<!-- \/ Yoast SEO plugin. -->","yoast_head_json":{"title":"GHB : Effets, Dangers, et Usage M\u00e9dical","description":"D\u00e9couvrez tout sur le GHB : effets, dangers, usage m\u00e9dical, statut l\u00e9gal, dosage, et traitement de d\u00e9pendance. Explorez les interactions avec l'alcool, GHB m\u00e9dicament","robots":{"index":"index","follow":"follow","max-snippet":"max-snippet:-1","max-image-preview":"max-image-preview:large","max-video-preview":"max-video-preview:-1"},"canonical":"https:\/\/poudresdenarco.com\/en\/product-2\/ghb\/","og_locale":"en_US","og_type":"article","og_title":"GHB : Effets, Dangers, et Usage M\u00e9dical","og_description":"D\u00e9couvrez tout sur le GHB : effets, dangers, usage m\u00e9dical, statut l\u00e9gal, dosage, et traitement de d\u00e9pendance. Explorez les interactions avec l'alcool, GHB m\u00e9dicament","og_url":"https:\/\/poudresdenarco.com\/en\/product-2\/ghb\/","og_site_name":"Poudresde Narco","article_modified_time":"2026-01-17T03:01:34+00:00","og_image":[{"width":600,"height":600,"url":"https:\/\/poudresdenarco.com\/wp-content\/uploads\/2024\/10\/GHB-1.gif","type":"image\/gif"}],"twitter_card":"summary_large_image","twitter_misc":{"Est. reading time":"2 minutes"},"schema":{"@context":"https:\/\/schema.org","@graph":[{"@type":"WebPage","@id":"https:\/\/poudresdenarco.com\/produit\/ghb\/","url":"https:\/\/poudresdenarco.com\/produit\/ghb\/","name":"GHB : Effets, Dangers, et Usage M\u00e9dical","isPartOf":{"@id":"https:\/\/poudresdenarco.com\/#website"},"primaryImageOfPage":{"@id":"https:\/\/poudresdenarco.com\/produit\/ghb\/#primaryimage"},"image":{"@id":"https:\/\/poudresdenarco.com\/produit\/ghb\/#primaryimage"},"thumbnailUrl":"https:\/\/poudresdenarco.com\/wp-content\/uploads\/2024\/10\/GHB-1.gif","datePublished":"2024-10-18T05:40:24+00:00","dateModified":"2026-01-17T03:01:34+00:00","description":"D\u00e9couvrez tout sur le GHB : effets, dangers, usage m\u00e9dical, statut l\u00e9gal, dosage, et traitement de d\u00e9pendance. Explorez les interactions avec l'alcool, GHB m\u00e9dicament","breadcrumb":{"@id":"https:\/\/poudresdenarco.com\/produit\/ghb\/#breadcrumb"},"inLanguage":"en-AU","potentialAction":[{"@type":"ReadAction","target":["https:\/\/poudresdenarco.com\/produit\/ghb\/"]}]},{"@type":"ImageObject","inLanguage":"en-AU","@id":"https:\/\/poudresdenarco.com\/produit\/ghb\/#primaryimage","url":"https:\/\/poudresdenarco.com\/wp-content\/uploads\/2024\/10\/GHB-1.gif","contentUrl":"https:\/\/poudresdenarco.com\/wp-content\/uploads\/2024\/10\/GHB-1.gif","width":600,"height":600,"caption":"GHB"},{"@type":"BreadcrumbList","@id":"https:\/\/poudresdenarco.com\/produit\/ghb\/#breadcrumb","itemListElement":[{"@type":"ListItem","position":1,"name":"Home","item":"https:\/\/poudresdenarco.com\/"},{"@type":"ListItem","position":2,"name":"Boutique","item":"https:\/\/poudresdenarco.com\/boutique\/"},{"@type":"ListItem","position":3,"name":"GHB,gamma-hydroxybutyrate,"}]},{"@type":"WebSite","@id":"https:\/\/poudresdenarco.com\/#website","url":"https:\/\/poudresdenarco.com\/","name":"Poudresde Narco","description":"Acheter de la coca\u00efne et de l&#039;h\u00e9ro\u00efne en ligne","potentialAction":[{"@type":"SearchAction","target":{"@type":"EntryPoint","urlTemplate":"https:\/\/poudresdenarco.com\/?s={search_term_string}"},"query-input":{"@type":"PropertyValueSpecification","valueRequired":true,"valueName":"search_term_string"}}],"inLanguage":"en-AU"}]}},"_links":{"self":[{"href":"https:\/\/poudresdenarco.com\/en\/wp-json\/wp\/v2\/product\/6225","targetHints":{"allow":["GET"]}}],"collection":[{"href":"https:\/\/poudresdenarco.com\/en\/wp-json\/wp\/v2\/product"}],"about":[{"href":"https:\/\/poudresdenarco.com\/en\/wp-json\/wp\/v2\/types\/product"}],"replies":[{"embeddable":true,"href":"https:\/\/poudresdenarco.com\/en\/wp-json\/wp\/v2\/comments?post=6225"}],"wp:featuredmedia":[{"embeddable":true,"href":"https:\/\/poudresdenarco.com\/en\/wp-json\/wp\/v2\/media\/6300"}],"wp:attachment":[{"href":"https:\/\/poudresdenarco.com\/en\/wp-json\/wp\/v2\/media?parent=6225"}],"wp:term":[{"taxonomy":"product_cat","embeddable":true,"href":"https:\/\/poudresdenarco.com\/en\/wp-json\/wp\/v2\/product_cat?post=6225"},{"taxonomy":"product_tag","embeddable":true,"href":"https:\/\/poudresdenarco.com\/en\/wp-json\/wp\/v2\/product_tag?post=6225"}],"curies":[{"name":"wp","href":"https:\/\/api.w.org\/{rel}","templated":true}]}}