{"id":127,"date":"2023-12-25T08:20:20","date_gmt":"2023-12-25T08:20:20","guid":{"rendered":"https:\/\/unkrautmarkt.com\/narco1\/?post_type=product&#038;p=127"},"modified":"2025-09-01T19:58:05","modified_gmt":"2025-09-01T19:58:05","slug":"acheter-de-la-methamphetamine-crystal-meth-en-ligne","status":"publish","type":"product","link":"https:\/\/poudresdenarco.com\/es\/producto\/comprar-metanfetamina-crystal-meth-online\/","title":{"rendered":"Comprar metanfetamina (Crystal meth) en l\u00ednea"},"content":{"rendered":"<h2><span style=\"vertical-align: inherit;\"><span style=\"vertical-align: inherit;\">Comprar metanfetamina (cristal) en l\u00ednea<\/span><\/span><\/h2>\n<h3><span style=\"vertical-align: inherit;\"><span style=\"vertical-align: inherit;\">\u00bfQu\u00e9 es la metanfetamina?<\/span><\/span><\/h3>\n<p><span style=\"vertical-align: inherit;\"><span style=\"vertical-align: inherit;\">Las estimulantes les gusta <a href=\"https:\/\/en.wikipedia.org\/wiki\/Methamphetamine\">methamphetamine<\/a> permitir a los usuarios permanecer despiertos y realizar actividades continuas mientras reducen la necesidad de dormir.<\/span><\/span><\/p>\n<p><span style=\"vertical-align: inherit;\"><span style=\"vertical-align: inherit;\">Estas drogas se producen en forma de cristales grandes llamados hielo, pastillas o polvos. El hielo, a menudo conocido como metanfetamina cristal, es una sustancia com\u00fan, especialmente entre los adultos j\u00f3venes y los fiesteros que frecuentan los clubes y las pistas de baile.<\/span><\/span><\/p>\n<h3><span style=\"vertical-align: inherit;\"><span style=\"vertical-align: inherit;\">\u00bfQu\u00e9 otro nombre tiene la metanfetamina (Meth)?<\/span><\/span><\/h3>\n<p><span style=\"vertical-align: inherit;\"><span style=\"vertical-align: inherit;\">crank (especialmente cuando se inyecta), speed, barras, metanfetamina, metanfetamina cristal, tiza, hielo, vidrio y \u00e1rbol de Navidad<\/span><\/span><\/p>\n<h3><span style=\"vertical-align: inherit;\"><span style=\"vertical-align: inherit;\">Metanfetamina o \u201cMeth\u201d, \u00bfc\u00f3mo se consume?<\/span><\/span><\/h3>\n<p><span style=\"vertical-align: inherit;\"><span style=\"vertical-align: inherit;\">La metanfetamina se puede fumar, ingerir, inhalar o inyectar por v\u00eda intravenosa.<\/span><\/span><\/p>\n<h3><span style=\"vertical-align: inherit;\"><span style=\"vertical-align: inherit;\">\u00bfQu\u00e9 otro nombre tiene la metanfetamina (Meth)?<\/span><\/span><\/h3>\n<p><span style=\"vertical-align: inherit;\"><span style=\"vertical-align: inherit;\">Los efectos de ingerir o inhalar metanfetamina, tambi\u00e9n llamados \u201cbumpin\u2019\u201d, son extremadamente potentes. El efecto breve pero potente y potente que producen las inyecciones es el llamado subid\u00f3n o \u201cflash\u201d.<\/span><\/span><\/p>\n<p><span style=\"vertical-align: inherit;\"><span style=\"vertical-align: inherit;\">Los consumidores de metanfetamina experimentan un efecto fuerte y energ\u00e9tico. Creen que la droga mantendr\u00e1 su cuerpo en constante funcionamiento. Sin embargo, la metanfetamina causa graves da\u00f1os al cuerpo y al cerebro, especialmente cuando se consume con frecuencia.<\/span><\/span><\/p>\n<p><span style=\"vertical-align: inherit;\"><span style=\"vertical-align: inherit;\">Los efectos secundarios incluyen aumento de la presi\u00f3n arterial, ritmo card\u00edaco irregular y respiraci\u00f3n acelerada. Adem\u00e1s, los usuarios informan de dolor de cabeza, sequedad de boca, enrojecimiento, alteraci\u00f3n de la visi\u00f3n, sudoraci\u00f3n y mareos. Las personas que buscan perder peso r\u00e1pidamente utilizan este medicamento como una dieta riesgosa porque con frecuencia reduce o incluso elimina el apetito.<\/span><\/span><\/p>\n<p><span style=\"vertical-align: inherit;\"><span style=\"vertical-align: inherit;\">Another concern is \u00ab\u00a0<a href=\"https:\/\/poudresdenarco.com\/es\/producto\/comprar-metanfetamina-crystal-meth-online\/\">meth<\/a>. \u00bb Los dientes se rompen o se caen con frecuencia debido a enfermedades cr\u00f3nicas de las enc\u00edas y caries.<\/span><\/span><\/p>\n<p>&nbsp;<\/p>","protected":false},"excerpt":{"rendered":"<p>Buy Methamphetamine (Crystal Meth) Online What is methamphetamine? Stimulants like methamphetamine allow users to stay awake and engage in continuous activity while reducing the need for sleep. These drugs are produced in the form of large crystals called ice, pills or powders. Ice, often known as crystal meth, is a common substance, especially among young&hellip;<\/p>","protected":false},"featured_media":266,"comment_status":"open","ping_status":"closed","template":"","meta":{"_joinchat":[]},"product_cat":[161],"product_tag":[],"class_list":{"0":"post-127","1":"product","2":"type-product","3":"status-publish","4":"has-post-thumbnail","6":"product_cat-du-crystal-meth","8":"first","9":"instock","10":"shipping-taxable","11":"purchasable","12":"product-type-variable","13":"col-xs-6 col-sm-4","14":"col-md-3 col-lg-3","15":"un-4-cols"},"yoast_head":"<!-- This site is optimized with the Yoast SEO plugin v23.8 - https:\/\/yoast.com\/wordpress\/plugins\/seo\/ -->\n<title>Acheter de la m\u00e9thamph\u00e9tamine en ligne \u2013 Vente de m\u00e9thamph\u00e9tamine<\/title>\n<meta name=\"description\" content=\"Achetez de la m\u00e9thamph\u00e9tamine \u00e0 des prix abordables dans notre magasin PoudresDenarco. Nous vous aiderons \u00e0 acheter de la m\u00e9thamph\u00e9tamine en ligne. Acceptez votre commande et livrez-la chez vous sous peu !\" \/>\n<meta name=\"robots\" content=\"index, follow, max-snippet:-1, max-image-preview:large, max-video-preview:-1\" \/>\n<link rel=\"canonical\" href=\"https:\/\/poudresdenarco.com\/es\/producto\/comprar-metanfetamina-crystal-meth-online\/\" \/>\n<meta property=\"og:locale\" content=\"es_ES\" \/>\n<meta property=\"og:type\" content=\"article\" \/>\n<meta property=\"og:title\" content=\"Acheter de la m\u00e9thamph\u00e9tamine en ligne \u2013 Vente de m\u00e9thamph\u00e9tamine\" \/>\n<meta property=\"og:description\" content=\"Achetez de la m\u00e9thamph\u00e9tamine \u00e0 des prix abordables dans notre magasin PoudresDenarco. Nous vous aiderons \u00e0 acheter de la m\u00e9thamph\u00e9tamine en ligne. Acceptez votre commande et livrez-la chez vous sous peu !\" \/>\n<meta property=\"og:url\" content=\"https:\/\/poudresdenarco.com\/es\/producto\/comprar-metanfetamina-crystal-meth-online\/\" \/>\n<meta property=\"og:site_name\" content=\"Poudresde Narco\" \/>\n<meta property=\"article:modified_time\" content=\"2025-09-01T19:58:05+00:00\" \/>\n<meta property=\"og:image\" content=\"https:\/\/poudresdenarco.com\/wp-content\/uploads\/2023\/12\/Buy-Methamphetamine-online.jpg\" \/>\n\t<meta property=\"og:image:width\" content=\"600\" \/>\n\t<meta property=\"og:image:height\" content=\"600\" \/>\n\t<meta property=\"og:image:type\" content=\"image\/jpeg\" \/>\n<meta name=\"twitter:card\" content=\"summary_large_image\" \/>\n<meta name=\"twitter:label1\" content=\"Tiempo de lectura\" \/>\n\t<meta name=\"twitter:data1\" content=\"2 minutos\" \/>\n<script type=\"application\/ld+json\" class=\"yoast-schema-graph\">{\"@context\":\"https:\/\/schema.org\",\"@graph\":[{\"@type\":\"WebPage\",\"@id\":\"https:\/\/poudresdenarco.com\/produit\/acheter-de-la-methamphetamine-crystal-meth-en-ligne\/\",\"url\":\"https:\/\/poudresdenarco.com\/produit\/acheter-de-la-methamphetamine-crystal-meth-en-ligne\/\",\"name\":\"Acheter de la m\u00e9thamph\u00e9tamine en ligne \u2013 Vente de m\u00e9thamph\u00e9tamine\",\"isPartOf\":{\"@id\":\"https:\/\/poudresdenarco.com\/#website\"},\"primaryImageOfPage\":{\"@id\":\"https:\/\/poudresdenarco.com\/produit\/acheter-de-la-methamphetamine-crystal-meth-en-ligne\/#primaryimage\"},\"image\":{\"@id\":\"https:\/\/poudresdenarco.com\/produit\/acheter-de-la-methamphetamine-crystal-meth-en-ligne\/#primaryimage\"},\"thumbnailUrl\":\"https:\/\/poudresdenarco.com\/wp-content\/uploads\/2023\/12\/Buy-Methamphetamine-online.jpg\",\"datePublished\":\"2023-12-25T08:20:20+00:00\",\"dateModified\":\"2025-09-01T19:58:05+00:00\",\"description\":\"Achetez de la m\u00e9thamph\u00e9tamine \u00e0 des prix abordables dans notre magasin PoudresDenarco. Nous vous aiderons \u00e0 acheter de la m\u00e9thamph\u00e9tamine en ligne. Acceptez votre commande et livrez-la chez vous sous peu !\",\"breadcrumb\":{\"@id\":\"https:\/\/poudresdenarco.com\/produit\/acheter-de-la-methamphetamine-crystal-meth-en-ligne\/#breadcrumb\"},\"inLanguage\":\"es\",\"potentialAction\":[{\"@type\":\"ReadAction\",\"target\":[\"https:\/\/poudresdenarco.com\/produit\/acheter-de-la-methamphetamine-crystal-meth-en-ligne\/\"]}]},{\"@type\":\"ImageObject\",\"inLanguage\":\"es\",\"@id\":\"https:\/\/poudresdenarco.com\/produit\/acheter-de-la-methamphetamine-crystal-meth-en-ligne\/#primaryimage\",\"url\":\"https:\/\/poudresdenarco.com\/wp-content\/uploads\/2023\/12\/Buy-Methamphetamine-online.jpg\",\"contentUrl\":\"https:\/\/poudresdenarco.com\/wp-content\/uploads\/2023\/12\/Buy-Methamphetamine-online.jpg\",\"width\":600,\"height\":600,\"caption\":\"Buy-Methamphetamine-online\"},{\"@type\":\"BreadcrumbList\",\"@id\":\"https:\/\/poudresdenarco.com\/produit\/acheter-de-la-methamphetamine-crystal-meth-en-ligne\/#breadcrumb\",\"itemListElement\":[{\"@type\":\"ListItem\",\"position\":1,\"name\":\"Home\",\"item\":\"https:\/\/poudresdenarco.com\/\"},{\"@type\":\"ListItem\",\"position\":2,\"name\":\"Boutique\",\"item\":\"https:\/\/poudresdenarco.com\/boutique\/\"},{\"@type\":\"ListItem\",\"position\":3,\"name\":\"Acheter de la m\u00e9thamph\u00e9tamine (Crystal meth) en ligne\"}]},{\"@type\":\"WebSite\",\"@id\":\"https:\/\/poudresdenarco.com\/#website\",\"url\":\"https:\/\/poudresdenarco.com\/\",\"name\":\"Poudresde Narco\",\"description\":\"Acheter de la coca\u00efne et de l&#039;h\u00e9ro\u00efne en ligne\",\"potentialAction\":[{\"@type\":\"SearchAction\",\"target\":{\"@type\":\"EntryPoint\",\"urlTemplate\":\"https:\/\/poudresdenarco.com\/?s={search_term_string}\"},\"query-input\":{\"@type\":\"PropertyValueSpecification\",\"valueRequired\":true,\"valueName\":\"search_term_string\"}}],\"inLanguage\":\"es\"}]}<\/script>\n<!-- \/ Yoast SEO plugin. -->","yoast_head_json":{"title":"Acheter de la m\u00e9thamph\u00e9tamine en ligne \u2013 Vente de m\u00e9thamph\u00e9tamine","description":"Achetez de la m\u00e9thamph\u00e9tamine \u00e0 des prix abordables dans notre magasin PoudresDenarco. Nous vous aiderons \u00e0 acheter de la m\u00e9thamph\u00e9tamine en ligne. Acceptez votre commande et livrez-la chez vous sous peu !","robots":{"index":"index","follow":"follow","max-snippet":"max-snippet:-1","max-image-preview":"max-image-preview:large","max-video-preview":"max-video-preview:-1"},"canonical":"https:\/\/poudresdenarco.com\/es\/producto\/comprar-metanfetamina-crystal-meth-online\/","og_locale":"es_ES","og_type":"article","og_title":"Acheter de la m\u00e9thamph\u00e9tamine en ligne \u2013 Vente de m\u00e9thamph\u00e9tamine","og_description":"Achetez de la m\u00e9thamph\u00e9tamine \u00e0 des prix abordables dans notre magasin PoudresDenarco. Nous vous aiderons \u00e0 acheter de la m\u00e9thamph\u00e9tamine en ligne. Acceptez votre commande et livrez-la chez vous sous peu !","og_url":"https:\/\/poudresdenarco.com\/es\/producto\/comprar-metanfetamina-crystal-meth-online\/","og_site_name":"Poudresde Narco","article_modified_time":"2025-09-01T19:58:05+00:00","og_image":[{"width":600,"height":600,"url":"https:\/\/poudresdenarco.com\/wp-content\/uploads\/2023\/12\/Buy-Methamphetamine-online.jpg","type":"image\/jpeg"}],"twitter_card":"summary_large_image","twitter_misc":{"Tiempo de lectura":"2 minutos"},"schema":{"@context":"https:\/\/schema.org","@graph":[{"@type":"WebPage","@id":"https:\/\/poudresdenarco.com\/produit\/acheter-de-la-methamphetamine-crystal-meth-en-ligne\/","url":"https:\/\/poudresdenarco.com\/produit\/acheter-de-la-methamphetamine-crystal-meth-en-ligne\/","name":"Acheter de la m\u00e9thamph\u00e9tamine en ligne \u2013 Vente de m\u00e9thamph\u00e9tamine","isPartOf":{"@id":"https:\/\/poudresdenarco.com\/#website"},"primaryImageOfPage":{"@id":"https:\/\/poudresdenarco.com\/produit\/acheter-de-la-methamphetamine-crystal-meth-en-ligne\/#primaryimage"},"image":{"@id":"https:\/\/poudresdenarco.com\/produit\/acheter-de-la-methamphetamine-crystal-meth-en-ligne\/#primaryimage"},"thumbnailUrl":"https:\/\/poudresdenarco.com\/wp-content\/uploads\/2023\/12\/Buy-Methamphetamine-online.jpg","datePublished":"2023-12-25T08:20:20+00:00","dateModified":"2025-09-01T19:58:05+00:00","description":"Achetez de la m\u00e9thamph\u00e9tamine \u00e0 des prix abordables dans notre magasin PoudresDenarco. Nous vous aiderons \u00e0 acheter de la m\u00e9thamph\u00e9tamine en ligne. Acceptez votre commande et livrez-la chez vous sous peu !","breadcrumb":{"@id":"https:\/\/poudresdenarco.com\/produit\/acheter-de-la-methamphetamine-crystal-meth-en-ligne\/#breadcrumb"},"inLanguage":"es","potentialAction":[{"@type":"ReadAction","target":["https:\/\/poudresdenarco.com\/produit\/acheter-de-la-methamphetamine-crystal-meth-en-ligne\/"]}]},{"@type":"ImageObject","inLanguage":"es","@id":"https:\/\/poudresdenarco.com\/produit\/acheter-de-la-methamphetamine-crystal-meth-en-ligne\/#primaryimage","url":"https:\/\/poudresdenarco.com\/wp-content\/uploads\/2023\/12\/Buy-Methamphetamine-online.jpg","contentUrl":"https:\/\/poudresdenarco.com\/wp-content\/uploads\/2023\/12\/Buy-Methamphetamine-online.jpg","width":600,"height":600,"caption":"Buy-Methamphetamine-online"},{"@type":"BreadcrumbList","@id":"https:\/\/poudresdenarco.com\/produit\/acheter-de-la-methamphetamine-crystal-meth-en-ligne\/#breadcrumb","itemListElement":[{"@type":"ListItem","position":1,"name":"Home","item":"https:\/\/poudresdenarco.com\/"},{"@type":"ListItem","position":2,"name":"Boutique","item":"https:\/\/poudresdenarco.com\/boutique\/"},{"@type":"ListItem","position":3,"name":"Acheter de la m\u00e9thamph\u00e9tamine (Crystal meth) en ligne"}]},{"@type":"WebSite","@id":"https:\/\/poudresdenarco.com\/#website","url":"https:\/\/poudresdenarco.com\/","name":"Poudresde Narco","description":"Acheter de la coca\u00efne et de l&#039;h\u00e9ro\u00efne en ligne","potentialAction":[{"@type":"SearchAction","target":{"@type":"EntryPoint","urlTemplate":"https:\/\/poudresdenarco.com\/?s={search_term_string}"},"query-input":{"@type":"PropertyValueSpecification","valueRequired":true,"valueName":"search_term_string"}}],"inLanguage":"es"}]}},"_links":{"self":[{"href":"https:\/\/poudresdenarco.com\/es\/wp-json\/wp\/v2\/product\/127","targetHints":{"allow":["GET"]}}],"collection":[{"href":"https:\/\/poudresdenarco.com\/es\/wp-json\/wp\/v2\/product"}],"about":[{"href":"https:\/\/poudresdenarco.com\/es\/wp-json\/wp\/v2\/types\/product"}],"replies":[{"embeddable":true,"href":"https:\/\/poudresdenarco.com\/es\/wp-json\/wp\/v2\/comments?post=127"}],"wp:featuredmedia":[{"embeddable":true,"href":"https:\/\/poudresdenarco.com\/es\/wp-json\/wp\/v2\/media\/266"}],"wp:attachment":[{"href":"https:\/\/poudresdenarco.com\/es\/wp-json\/wp\/v2\/media?parent=127"}],"wp:term":[{"taxonomy":"product_cat","embeddable":true,"href":"https:\/\/poudresdenarco.com\/es\/wp-json\/wp\/v2\/product_cat?post=127"},{"taxonomy":"product_tag","embeddable":true,"href":"https:\/\/poudresdenarco.com\/es\/wp-json\/wp\/v2\/product_tag?post=127"}],"curies":[{"name":"wp","href":"https:\/\/api.w.org\/{rel}","templated":true}]}}