{"id":136,"date":"2023-12-25T08:20:25","date_gmt":"2023-12-25T08:20:25","guid":{"rendered":"https:\/\/unkrautmarkt.com\/narco1\/?post_type=product&#038;p=136"},"modified":"2025-06-10T00:57:58","modified_gmt":"2025-06-10T00:57:58","slug":"acheter-calypsol-ketamine-500mg-10ml","status":"publish","type":"product","link":"https:\/\/poudresdenarco.com\/es\/producto\/comprar-calipsol-ketamina-500mg-10ml\/","title":{"rendered":"Comprar Calypsol Ketamina 500mg\/10ml"},"content":{"rendered":"<h2><span style=\"vertical-align: inherit;\"><span style=\"vertical-align: inherit;\">Acheter Calypsol Ketamine 500mg\/10ml en ligne<\/span><\/span><\/h2>\n<h3><span style=\"vertical-align: inherit;\"><span style=\"vertical-align: inherit;\">Acheter Calypsol Ketamine 500mg\/10ml en ligne.<\/span><\/span><\/h3>\n<p><span style=\"vertical-align: inherit;\"><span style=\"vertical-align: inherit;\"><a href=\"https:\/\/en.wikipedia.org\/wiki\/Ketamine\">Ketamina HCL<\/a> is a medication primarily used in anesthesia. Additional uses include intensive care sedation and persistent pain, Acheter Calypsol K\u00e9tamine .<\/span><\/span><\/p>\n<p><span style=\"vertical-align: inherit;\"><span style=\"vertical-align: inherit;\">El efecto que produce la ketamina dura aproximadamente una hora. Comienza entre dos y cinco minutos despu\u00e9s de fumar o ingerir la dosis. Cuando se inyecta, se produce unos 30 segundos despu\u00e9s de la inyecci\u00f3n.<\/span><\/span><\/p>\n<p><span style=\"vertical-align: inherit;\"><span style=\"vertical-align: inherit;\">La abrumadora sensaci\u00f3n de relajaci\u00f3n que el usuario experimenta inicialmente durante el efecto se suele denominar \u00absubid\u00f3n de cuerpo completo\u00bb. Algunos usuarios incluso lo describen como una sensaci\u00f3n de flotar fuera de su cuerpo. Muchas personas experimentan alucinaciones que duran m\u00e1s que los efectos de la anestesia.<\/span><\/span><\/p>\n<p><span style=\"vertical-align: inherit;\"><span style=\"vertical-align: inherit;\">Las dosis m\u00e1s altas pueden producir efectos m\u00e1s potentes; algunas personas han descrito una disociaci\u00f3n total y completa de sus cuerpos. Las personas que han tenido experiencias cercanas a la muerte han descrito sensaciones similares, parecidas a las de un \u00abagujero K\u00bb.<\/span><\/span><\/p>\n<p><span style=\"vertical-align: inherit;\"><span style=\"vertical-align: inherit;\">En l\u00ednea, <a href=\"https:\/\/poudresdenarco.com\/es\/producto\/comprar-calipsol-ketamina-500mg-10ml\/\">Calypsol Ketamina 500 mg\/10 ml<\/a> Tiene un precio razonable.<\/span><\/span><\/p>\n<h4><strong>Acheter du Calypsol Ketamine de Haute Puret\u00e9 pour la Recherche &#8211; Poudres de Narco<\/strong><\/h4>\n<p><strong>Narc\u00f3ticos en polvo<\/strong> es su fuente de confianza para <strong>Calypsol Ketamine de qualit\u00e9 recherche<\/strong>dise\u00f1ado exclusivamente para <strong>aplicaciones cient\u00edficas de laboratorio<\/strong>. Notre Calypsol Ketamine est produit selon des normes strictes de puret\u00e9 et de qualit\u00e9, assurant des r\u00e9sultats fiables pour les chercheurs en pharmacologie et chimie.<\/p>\n<h3>Pourquoi Choisir le Calypsol Ketamine de Poudres de Narco ?<\/h3>\n<p>Como <strong>fournisseur de Calypsol Ketamine pour la recherche<\/strong>, <strong>Narc\u00f3ticos en polvo<\/strong> se compromete a suministrar productos que cumplan los requisitos del <strong>laboratorios certificados<\/strong> :<\/p>\n<ul>\n<li><strong>Calypsol Ketamine de Haute Puret\u00e9 pour Laboratoires<\/strong> Cada lote se somete a pruebas rigurosas para garantizar una pureza \u00f3ptima, esencial para <strong>aplicaciones cient\u00edficas de precisi\u00f3n<\/strong>.<\/li>\n<li><strong>Calidad constante y fiable<\/strong> : Notre Calypsol Ketamine est formul\u00e9 pour des performances stables et fiables, id\u00e9ales pour les <strong>estudios anal\u00edticos e investigaci\u00f3n de laboratorio<\/strong>.<\/li>\n<li><strong>Pedidos seguros en l\u00ednea<\/strong> : <strong>Narc\u00f3ticos en polvo<\/strong> ofrece un proceso simplificado para<strong>achat de Calypsol Ketamine en ligne<\/strong>garantizar la seguridad y la conformidad de los profesionales de la investigaci\u00f3n.<\/li>\n<\/ul>\n<h3>Aplicaciones e instrucciones de seguridad<\/h3>\n<p>Le <strong>Calypsol Ketamine pour recherche<\/strong> de <strong>Narc\u00f3ticos en polvo<\/strong> est\u00e1 destinado a <strong>aplicaciones anal\u00edticas y estudios cient\u00edficos<\/strong>. Nous fournissons des protocoles de s\u00e9curit\u00e9 pour garantir un usage conforme et s\u00e9curis\u00e9 :<\/p>\n<ul>\n<li><strong>Almacenamiento seguro<\/strong> : Conservez la Calypsol Ketamine dans un endroit frais, sec, et \u00e0 l\u2019abri de la lumi\u00e8re pour pr\u00e9server sa qualit\u00e9.<\/li>\n<li><strong>Manipulaci\u00f3n con precauciones<\/strong> Utilice equipos de protecci\u00f3n individual (EPI) y trabaje en un entorno bien ventilado para garantizar la seguridad.<\/li>\n<li><strong>Uso estrictamente reservado a la investigaci\u00f3n<\/strong> Este producto est\u00e1 destinado exclusivamente a investigadores cualificados y laboratorios certificados.<\/li>\n<\/ul>\n<h3>Commandez du Calypsol Ketamine de Haute Puret\u00e9 pour vos \u00c9tudes Scientifiques<\/h3>\n<p>Con <strong>Narc\u00f3ticos en polvo<\/strong>usted se beneficia de <strong>approvisionnement fiable en Calypsol Ketamine pour applications de laboratoire<\/strong>. Nuestros elevados niveles de calidad y seguridad significan que <strong>Narc\u00f3ticos en polvo<\/strong> la elecci\u00f3n de confianza para los profesionales de la investigaci\u00f3n. <strong>P\u00f3ngase en contacto con nosotros<\/strong> pour obtenir un devis ou pour en savoir plus sur notre gamme de produits de haute puret\u00e9 pour la recherche scientifique Acheter Calypsol K\u00e9tamine .<\/p>","protected":false},"excerpt":{"rendered":"<p>Acheter Calypsol Ketamine 500mg\/10ml en ligne Acheter Calypsol Ketamine 500mg\/10ml en ligne. Ketamine HCL is a medication primarily used in anesthesia. Additional uses include intensive care sedation and persistent pain, Acheter Calypsol K\u00e9tamine . The high caused by ketamine lasts about an hour. It begins two to five minutes after smoking or ingesting the dose.&hellip;<\/p>","protected":false},"featured_media":263,"comment_status":"open","ping_status":"closed","template":"","meta":{"_joinchat":[]},"product_cat":[174],"product_tag":[],"class_list":{"0":"post-136","1":"product","2":"type-product","3":"status-publish","4":"has-post-thumbnail","6":"product_cat-la-ketamine","8":"first","9":"instock","10":"shipping-taxable","11":"purchasable","12":"product-type-variable","13":"col-xs-6 col-sm-4","14":"col-md-3 col-lg-3","15":"un-4-cols"},"yoast_head":"<!-- This site is optimized with the Yoast SEO plugin v23.8 - https:\/\/yoast.com\/wordpress\/plugins\/seo\/ -->\n<title>Acheter Calypsol Ketamine 500mg\/10ml en ligne - Poudresdenarco<\/title>\n<meta name=\"description\" content=\"Vous pouvez entrer en contact avec notre boutique en ligne PoudresDenarco et acheter Calypsol Ketamine 500mg\/10ml en ligne. Vous pouvez obtenir Calypsol Ketamine 500mg\/10ml en vente \u00e0 des prix bon march\u00e9. Passez commande tout de suite !\" \/>\n<meta name=\"robots\" content=\"index, follow, max-snippet:-1, max-image-preview:large, max-video-preview:-1\" \/>\n<link rel=\"canonical\" href=\"https:\/\/poudresdenarco.com\/es\/producto\/comprar-calipsol-ketamina-500mg-10ml\/\" \/>\n<meta property=\"og:locale\" content=\"es_ES\" \/>\n<meta property=\"og:type\" content=\"article\" \/>\n<meta property=\"og:title\" content=\"Acheter Calypsol Ketamine 500mg\/10ml en ligne - Poudresdenarco\" \/>\n<meta property=\"og:description\" content=\"Vous pouvez entrer en contact avec notre boutique en ligne PoudresDenarco et acheter Calypsol Ketamine 500mg\/10ml en ligne. Vous pouvez obtenir Calypsol Ketamine 500mg\/10ml en vente \u00e0 des prix bon march\u00e9. Passez commande tout de suite !\" \/>\n<meta property=\"og:url\" content=\"https:\/\/poudresdenarco.com\/es\/producto\/comprar-calipsol-ketamina-500mg-10ml\/\" \/>\n<meta property=\"og:site_name\" content=\"Poudresde Narco\" \/>\n<meta property=\"article:modified_time\" content=\"2025-06-10T00:57:58+00:00\" \/>\n<meta property=\"og:image\" content=\"https:\/\/poudresdenarco.com\/wp-content\/uploads\/2023\/12\/Buy-Calypsol-Ketamine-500mg-10ml.jpg\" \/>\n\t<meta property=\"og:image:width\" content=\"600\" \/>\n\t<meta property=\"og:image:height\" content=\"600\" \/>\n\t<meta property=\"og:image:type\" content=\"image\/jpeg\" \/>\n<meta name=\"twitter:card\" content=\"summary_large_image\" \/>\n<meta name=\"twitter:label1\" content=\"Tiempo de lectura\" \/>\n\t<meta name=\"twitter:data1\" content=\"3 minutos\" \/>\n<script type=\"application\/ld+json\" class=\"yoast-schema-graph\">{\"@context\":\"https:\/\/schema.org\",\"@graph\":[{\"@type\":\"WebPage\",\"@id\":\"https:\/\/poudresdenarco.com\/produit\/acheter-calypsol-ketamine-500mg-10ml\/\",\"url\":\"https:\/\/poudresdenarco.com\/produit\/acheter-calypsol-ketamine-500mg-10ml\/\",\"name\":\"Acheter Calypsol Ketamine 500mg\/10ml en ligne - Poudresdenarco\",\"isPartOf\":{\"@id\":\"https:\/\/poudresdenarco.com\/#website\"},\"primaryImageOfPage\":{\"@id\":\"https:\/\/poudresdenarco.com\/produit\/acheter-calypsol-ketamine-500mg-10ml\/#primaryimage\"},\"image\":{\"@id\":\"https:\/\/poudresdenarco.com\/produit\/acheter-calypsol-ketamine-500mg-10ml\/#primaryimage\"},\"thumbnailUrl\":\"https:\/\/poudresdenarco.com\/wp-content\/uploads\/2023\/12\/Buy-Calypsol-Ketamine-500mg-10ml.jpg\",\"datePublished\":\"2023-12-25T08:20:25+00:00\",\"dateModified\":\"2025-06-10T00:57:58+00:00\",\"description\":\"Vous pouvez entrer en contact avec notre boutique en ligne PoudresDenarco et acheter Calypsol Ketamine 500mg\/10ml en ligne. Vous pouvez obtenir Calypsol Ketamine 500mg\/10ml en vente \u00e0 des prix bon march\u00e9. Passez commande tout de suite !\",\"breadcrumb\":{\"@id\":\"https:\/\/poudresdenarco.com\/produit\/acheter-calypsol-ketamine-500mg-10ml\/#breadcrumb\"},\"inLanguage\":\"es\",\"potentialAction\":[{\"@type\":\"ReadAction\",\"target\":[\"https:\/\/poudresdenarco.com\/produit\/acheter-calypsol-ketamine-500mg-10ml\/\"]}]},{\"@type\":\"ImageObject\",\"inLanguage\":\"es\",\"@id\":\"https:\/\/poudresdenarco.com\/produit\/acheter-calypsol-ketamine-500mg-10ml\/#primaryimage\",\"url\":\"https:\/\/poudresdenarco.com\/wp-content\/uploads\/2023\/12\/Buy-Calypsol-Ketamine-500mg-10ml.jpg\",\"contentUrl\":\"https:\/\/poudresdenarco.com\/wp-content\/uploads\/2023\/12\/Buy-Calypsol-Ketamine-500mg-10ml.jpg\",\"width\":600,\"height\":600,\"caption\":\"Buy-Calypsol-Ketamine-500mg-10ml\"},{\"@type\":\"BreadcrumbList\",\"@id\":\"https:\/\/poudresdenarco.com\/produit\/acheter-calypsol-ketamine-500mg-10ml\/#breadcrumb\",\"itemListElement\":[{\"@type\":\"ListItem\",\"position\":1,\"name\":\"Home\",\"item\":\"https:\/\/poudresdenarco.com\/\"},{\"@type\":\"ListItem\",\"position\":2,\"name\":\"Boutique\",\"item\":\"https:\/\/poudresdenarco.com\/boutique\/\"},{\"@type\":\"ListItem\",\"position\":3,\"name\":\"Acheter Calypsol K\u00e9tamine 500mg\/10ml\"}]},{\"@type\":\"WebSite\",\"@id\":\"https:\/\/poudresdenarco.com\/#website\",\"url\":\"https:\/\/poudresdenarco.com\/\",\"name\":\"Poudresde Narco\",\"description\":\"Acheter de la coca\u00efne et de l&#039;h\u00e9ro\u00efne en ligne\",\"potentialAction\":[{\"@type\":\"SearchAction\",\"target\":{\"@type\":\"EntryPoint\",\"urlTemplate\":\"https:\/\/poudresdenarco.com\/?s={search_term_string}\"},\"query-input\":{\"@type\":\"PropertyValueSpecification\",\"valueRequired\":true,\"valueName\":\"search_term_string\"}}],\"inLanguage\":\"es\"}]}<\/script>\n<!-- \/ Yoast SEO plugin. -->","yoast_head_json":{"title":"Acheter Calypsol Ketamine 500mg\/10ml en ligne - Poudresdenarco","description":"Vous pouvez entrer en contact avec notre boutique en ligne PoudresDenarco et acheter Calypsol Ketamine 500mg\/10ml en ligne. Vous pouvez obtenir Calypsol Ketamine 500mg\/10ml en vente \u00e0 des prix bon march\u00e9. Passez commande tout de suite !","robots":{"index":"index","follow":"follow","max-snippet":"max-snippet:-1","max-image-preview":"max-image-preview:large","max-video-preview":"max-video-preview:-1"},"canonical":"https:\/\/poudresdenarco.com\/es\/producto\/comprar-calipsol-ketamina-500mg-10ml\/","og_locale":"es_ES","og_type":"article","og_title":"Acheter Calypsol Ketamine 500mg\/10ml en ligne - Poudresdenarco","og_description":"Vous pouvez entrer en contact avec notre boutique en ligne PoudresDenarco et acheter Calypsol Ketamine 500mg\/10ml en ligne. Vous pouvez obtenir Calypsol Ketamine 500mg\/10ml en vente \u00e0 des prix bon march\u00e9. Passez commande tout de suite !","og_url":"https:\/\/poudresdenarco.com\/es\/producto\/comprar-calipsol-ketamina-500mg-10ml\/","og_site_name":"Poudresde Narco","article_modified_time":"2025-06-10T00:57:58+00:00","og_image":[{"width":600,"height":600,"url":"https:\/\/poudresdenarco.com\/wp-content\/uploads\/2023\/12\/Buy-Calypsol-Ketamine-500mg-10ml.jpg","type":"image\/jpeg"}],"twitter_card":"summary_large_image","twitter_misc":{"Tiempo de lectura":"3 minutos"},"schema":{"@context":"https:\/\/schema.org","@graph":[{"@type":"WebPage","@id":"https:\/\/poudresdenarco.com\/produit\/acheter-calypsol-ketamine-500mg-10ml\/","url":"https:\/\/poudresdenarco.com\/produit\/acheter-calypsol-ketamine-500mg-10ml\/","name":"Acheter Calypsol Ketamine 500mg\/10ml en ligne - Poudresdenarco","isPartOf":{"@id":"https:\/\/poudresdenarco.com\/#website"},"primaryImageOfPage":{"@id":"https:\/\/poudresdenarco.com\/produit\/acheter-calypsol-ketamine-500mg-10ml\/#primaryimage"},"image":{"@id":"https:\/\/poudresdenarco.com\/produit\/acheter-calypsol-ketamine-500mg-10ml\/#primaryimage"},"thumbnailUrl":"https:\/\/poudresdenarco.com\/wp-content\/uploads\/2023\/12\/Buy-Calypsol-Ketamine-500mg-10ml.jpg","datePublished":"2023-12-25T08:20:25+00:00","dateModified":"2025-06-10T00:57:58+00:00","description":"Vous pouvez entrer en contact avec notre boutique en ligne PoudresDenarco et acheter Calypsol Ketamine 500mg\/10ml en ligne. Vous pouvez obtenir Calypsol Ketamine 500mg\/10ml en vente \u00e0 des prix bon march\u00e9. Passez commande tout de suite !","breadcrumb":{"@id":"https:\/\/poudresdenarco.com\/produit\/acheter-calypsol-ketamine-500mg-10ml\/#breadcrumb"},"inLanguage":"es","potentialAction":[{"@type":"ReadAction","target":["https:\/\/poudresdenarco.com\/produit\/acheter-calypsol-ketamine-500mg-10ml\/"]}]},{"@type":"ImageObject","inLanguage":"es","@id":"https:\/\/poudresdenarco.com\/produit\/acheter-calypsol-ketamine-500mg-10ml\/#primaryimage","url":"https:\/\/poudresdenarco.com\/wp-content\/uploads\/2023\/12\/Buy-Calypsol-Ketamine-500mg-10ml.jpg","contentUrl":"https:\/\/poudresdenarco.com\/wp-content\/uploads\/2023\/12\/Buy-Calypsol-Ketamine-500mg-10ml.jpg","width":600,"height":600,"caption":"Buy-Calypsol-Ketamine-500mg-10ml"},{"@type":"BreadcrumbList","@id":"https:\/\/poudresdenarco.com\/produit\/acheter-calypsol-ketamine-500mg-10ml\/#breadcrumb","itemListElement":[{"@type":"ListItem","position":1,"name":"Home","item":"https:\/\/poudresdenarco.com\/"},{"@type":"ListItem","position":2,"name":"Boutique","item":"https:\/\/poudresdenarco.com\/boutique\/"},{"@type":"ListItem","position":3,"name":"Acheter Calypsol K\u00e9tamine 500mg\/10ml"}]},{"@type":"WebSite","@id":"https:\/\/poudresdenarco.com\/#website","url":"https:\/\/poudresdenarco.com\/","name":"Poudresde Narco","description":"Acheter de la coca\u00efne et de l&#039;h\u00e9ro\u00efne en ligne","potentialAction":[{"@type":"SearchAction","target":{"@type":"EntryPoint","urlTemplate":"https:\/\/poudresdenarco.com\/?s={search_term_string}"},"query-input":{"@type":"PropertyValueSpecification","valueRequired":true,"valueName":"search_term_string"}}],"inLanguage":"es"}]}},"_links":{"self":[{"href":"https:\/\/poudresdenarco.com\/es\/wp-json\/wp\/v2\/product\/136","targetHints":{"allow":["GET"]}}],"collection":[{"href":"https:\/\/poudresdenarco.com\/es\/wp-json\/wp\/v2\/product"}],"about":[{"href":"https:\/\/poudresdenarco.com\/es\/wp-json\/wp\/v2\/types\/product"}],"replies":[{"embeddable":true,"href":"https:\/\/poudresdenarco.com\/es\/wp-json\/wp\/v2\/comments?post=136"}],"wp:featuredmedia":[{"embeddable":true,"href":"https:\/\/poudresdenarco.com\/es\/wp-json\/wp\/v2\/media\/263"}],"wp:attachment":[{"href":"https:\/\/poudresdenarco.com\/es\/wp-json\/wp\/v2\/media?parent=136"}],"wp:term":[{"taxonomy":"product_cat","embeddable":true,"href":"https:\/\/poudresdenarco.com\/es\/wp-json\/wp\/v2\/product_cat?post=136"},{"taxonomy":"product_tag","embeddable":true,"href":"https:\/\/poudresdenarco.com\/es\/wp-json\/wp\/v2\/product_tag?post=136"}],"curies":[{"name":"wp","href":"https:\/\/api.w.org\/{rel}","templated":true}]}}