{"id":137,"date":"2023-12-25T08:20:25","date_gmt":"2023-12-25T08:20:25","guid":{"rendered":"https:\/\/unkrautmarkt.com\/narco1\/?post_type=product&#038;p=137"},"modified":"2025-06-10T10:48:21","modified_gmt":"2025-06-10T10:48:21","slug":"po-anasket-1000mg-10ml","status":"publish","type":"product","link":"https:\/\/poudresdenarco.com\/es\/producto\/buy-anasket-1000mg-10ml\/","title":{"rendered":"Po Anasket 1000mg\/10ml"},"content":{"rendered":"<h2>Comprar Anasket 1000mg\/10ml online<\/h2>\n<p>1000 mg\/10 ml anesket - Comprar anesket premium online - Venta de anesket<\/p>\n<p>La venta de anesket es una de las principales tareas que realizamos aqu\u00ed. Por esta raz\u00f3n, podemos suministrar o vender anesket con o sin receta. Los clientes internacionales pueden comprar Anesket online con o sin receta. Sin embargo, este f\u00e1rmaco funciona de forma similar a la ketamina. Se utiliza para dormir a los pacientes durante operaciones dif\u00edciles. Como tal, pertenece al mismo grupo m\u00e9dico (anest\u00e9sico). Debido a sus cualidades sedantes y alucin\u00f3genas, la droga se presenta en un vial inyectable incoloro de gran potencia. El anesket se utiliza ampliamente en la mayor\u00eda de los pa\u00edses del mundo como relajante muscular. Adem\u00e1s de sus aplicaciones potenciales como sedante o anest\u00e9sico, esta droga ha demostrado una notable eficacia en el tratamiento del sufrimiento y la depresi\u00f3n. La lista es interminable. Anesket inyectable sin receta, Anasket 1000mg\/10ml<\/p>\n<p>Anesket 1000 mg-10 ml Solution | Anesket Injection, OTC | Buy Generic <a href=\"https:\/\/en.wikipedia.org\/wiki\/Ketamine\">ketamina<\/a> subrepticiamente en l\u00ednea cerca de m\u00ed<\/p>\n<h3>Ofrecer la mejor soluci\u00f3n ANESKET 1000MG-10ML es lo que hacemos.<\/h3>\n<p>Hemos establecido una presencia significativa en este \u00e1mbito ofreciendo un <a href=\"https:\/\/poudresdenarco.com\/es\/producto\/buy-anasket-1000mg-10ml\/\">ANESKET SOLUCI\u00d3N 1000MG-10ML<\/a> excepcional.<\/p>\n<p>Una inyecci\u00f3n anest\u00e9sica se utiliza sola o en combinaci\u00f3n con otros f\u00e1rmacos para inducir la inconsciencia antes y durante una intervenci\u00f3n quir\u00fargica u otros procedimientos m\u00e9dicos. Pertenece a una clase de medicamentos conocidos como anest\u00e9sicos generales. Anesket 1000 mg\/10 ml legalmente. Inyecciones de ketamina disponibles para comprar<\/p>\n<p>La administraci\u00f3n de anestesia requiere la presencia de un profesional sanitario capacitado. Durante la intervenci\u00f3n quir\u00fargica, si un anestesista o un m\u00e9dico le administra Anesket, admin\u00edstrese usted mismo el medicamento y vigile estrechamente su evoluci\u00f3n. Anesket legal 1000 mg\/10 ml.<\/p>\n<h4><strong>Comprar Po Anasket 1000mg\/10ml Alta Pureza para Investigaci\u00f3n - Narc\u00f3ticos en Polvo<\/strong><\/h4>\n<p><strong>Narc\u00f3ticos en polvo<\/strong> es su proveedor de confianza para <strong>Po Anasket 1000mg\/10ml grado investigaci\u00f3n<\/strong>especialmente formulado para <strong>aplicaciones cient\u00edficas de laboratorio<\/strong>. Nuestro Po Anasket se produce siguiendo rigurosas normas de pureza y calidad, lo que garantiza resultados fiables para los investigadores farmacol\u00f3gicos y qu\u00edmicos.<\/p>\n<h3>\u00bfPor qu\u00e9 elegir Po Anasket 1000mg\/10ml Narco Polvos?<\/h3>\n<p>Como <strong>Proveedor de Po Anasket para investigaci\u00f3n<\/strong>, <strong>Narc\u00f3ticos en polvo<\/strong> se compromete a suministrar productos que cumplan los requisitos del <strong>laboratorios certificados<\/strong> :<\/p>\n<ul>\n<li><strong>Po Anasket 1000mg\/10ml Alta Pureza para Laboratorios<\/strong> Cada lote se somete a pruebas rigurosas para garantizar una pureza \u00f3ptima, esencial para <strong>aplicaciones cient\u00edficas de precisi\u00f3n<\/strong>.<\/li>\n<li><strong>Calidad constante y fiable<\/strong> : Nuestra Po Anasket est\u00e1 formulada para ofrecer un rendimiento estable, adaptado a las necesidades de <strong>estudios anal\u00edticos e investigaci\u00f3n de laboratorio<\/strong>.<\/li>\n<li><strong>Pedidos seguros en l\u00ednea<\/strong> : <strong>Narc\u00f3ticos en polvo<\/strong> ofrece un proceso simplificado para<strong>comprar Po Anasket en l\u00ednea<\/strong>garantizar la seguridad y el cumplimiento de la normativa a los profesionales de la investigaci\u00f3n.<\/li>\n<\/ul>\n<h3>Aplicaciones e instrucciones de seguridad<\/h3>\n<p>Le <strong>Po Anasket para la b\u00fasqueda<\/strong> de <strong>Narc\u00f3ticos en polvo<\/strong> est\u00e1 destinado a <strong>aplicaciones anal\u00edticas y estudios cient\u00edficos<\/strong>. Proporcionamos recomendaciones de seguridad para garantizar un uso adecuado:<\/p>\n<ul>\n<li><strong>Almacenamiento seguro<\/strong> Conserve Po Anasket en un lugar fresco, seco y protegido de la luz.<\/li>\n<li><strong>Manipulaci\u00f3n con precauciones<\/strong> Utilice equipos de protecci\u00f3n individual (EPI) y trabaje en un entorno bien ventilado para una seguridad \u00f3ptima.<\/li>\n<li><strong>Uso estrictamente reservado a la investigaci\u00f3n<\/strong> Este producto est\u00e1 destinado exclusivamente a investigadores cualificados y laboratorios certificados.<\/li>\n<\/ul>\n<h3>Pida Po Anasket de alta pureza 1000mg\/10ml para sus estudios cient\u00edficos<\/h3>\n<p>Con <strong>Narc\u00f3ticos en polvo<\/strong>usted se beneficia de <strong>suministro fiable de Po Anasket para aplicaciones de laboratorio<\/strong>. Nuestras normas de calidad y seguridad hacen que <strong>Narc\u00f3ticos en polvo<\/strong> la elecci\u00f3n ideal para los profesionales de la investigaci\u00f3n. <strong>P\u00f3ngase en contacto con nosotros<\/strong> para obtener un presupuesto o m\u00e1s informaci\u00f3n sobre nuestra gama de productos de alta pureza para la investigaci\u00f3n cient\u00edfica.<\/p>","protected":false},"excerpt":{"rendered":"<p>Acheter Anasket 1000mg\/10ml en ligne 1000 mg\/10 ml d&rsquo;anesket &#8211; Acheter anesket premium en ligne &#8211; Anesket \u00e0 vendre Nesket for Sale fait partie des principales t\u00e2ches que nous effectuons ici. Pour cette raison, nous pouvons fournir ou vendre des anesket avec ou sans script. Les clients internationaux peuvent acheter Anesket en ligne avec ou&hellip;<\/p>","protected":false},"featured_media":264,"comment_status":"open","ping_status":"closed","template":"","meta":{"_joinchat":[]},"product_cat":[174],"product_tag":[],"class_list":{"0":"post-137","1":"product","2":"type-product","3":"status-publish","4":"has-post-thumbnail","6":"product_cat-la-ketamine","8":"first","9":"instock","10":"shipping-taxable","11":"purchasable","12":"product-type-variable","13":"col-xs-6 col-sm-4","14":"col-md-3 col-lg-3","15":"un-4-cols"},"yoast_head":"<!-- This site is optimized with the Yoast SEO plugin v23.8 - https:\/\/yoast.com\/wordpress\/plugins\/seo\/ -->\n<title>Acheter Po Anasket 1000mg\/10ml en ligne - poudresdenarco.<\/title>\n<meta name=\"description\" content=\"Vous souhaitez acheter Po Anasket 1000mg\/10ml en ligne \u00e0 un prix raisonnable ? Visitez notre boutique en ligne PoudresDenarco r\u00e9put\u00e9e et obtenez Po Anasket 1000mg\/10ml en vente d\u00e8s aujourd&#039;hui. Passez commande maintenant !\" \/>\n<meta name=\"robots\" content=\"index, follow, max-snippet:-1, max-image-preview:large, max-video-preview:-1\" \/>\n<link rel=\"canonical\" href=\"https:\/\/poudresdenarco.com\/es\/producto\/buy-anasket-1000mg-10ml\/\" \/>\n<meta property=\"og:locale\" content=\"es_ES\" \/>\n<meta property=\"og:type\" content=\"article\" \/>\n<meta property=\"og:title\" content=\"Acheter Po Anasket 1000mg\/10ml en ligne - poudresdenarco.\" \/>\n<meta property=\"og:description\" content=\"Vous souhaitez acheter Po Anasket 1000mg\/10ml en ligne \u00e0 un prix raisonnable ? Visitez notre boutique en ligne PoudresDenarco r\u00e9put\u00e9e et obtenez Po Anasket 1000mg\/10ml en vente d\u00e8s aujourd&#039;hui. Passez commande maintenant !\" \/>\n<meta property=\"og:url\" content=\"https:\/\/poudresdenarco.com\/es\/producto\/buy-anasket-1000mg-10ml\/\" \/>\n<meta property=\"og:site_name\" content=\"Poudresde Narco\" \/>\n<meta property=\"article:modified_time\" content=\"2025-06-10T10:48:21+00:00\" \/>\n<meta property=\"og:image\" content=\"https:\/\/poudresdenarco.com\/wp-content\/uploads\/2023\/12\/Buy-Anesket-1000mg-10ml.jpg\" \/>\n\t<meta property=\"og:image:width\" content=\"600\" \/>\n\t<meta property=\"og:image:height\" content=\"600\" \/>\n\t<meta property=\"og:image:type\" content=\"image\/jpeg\" \/>\n<meta name=\"twitter:card\" content=\"summary_large_image\" \/>\n<meta name=\"twitter:label1\" content=\"Tiempo de lectura\" \/>\n\t<meta name=\"twitter:data1\" content=\"3 minutos\" \/>\n<script type=\"application\/ld+json\" class=\"yoast-schema-graph\">{\"@context\":\"https:\/\/schema.org\",\"@graph\":[{\"@type\":\"WebPage\",\"@id\":\"https:\/\/poudresdenarco.com\/produit\/po-anasket-1000mg-10ml\/\",\"url\":\"https:\/\/poudresdenarco.com\/produit\/po-anasket-1000mg-10ml\/\",\"name\":\"Acheter Po Anasket 1000mg\/10ml en ligne - poudresdenarco.\",\"isPartOf\":{\"@id\":\"https:\/\/poudresdenarco.com\/#website\"},\"primaryImageOfPage\":{\"@id\":\"https:\/\/poudresdenarco.com\/produit\/po-anasket-1000mg-10ml\/#primaryimage\"},\"image\":{\"@id\":\"https:\/\/poudresdenarco.com\/produit\/po-anasket-1000mg-10ml\/#primaryimage\"},\"thumbnailUrl\":\"https:\/\/poudresdenarco.com\/wp-content\/uploads\/2023\/12\/Buy-Anesket-1000mg-10ml.jpg\",\"datePublished\":\"2023-12-25T08:20:25+00:00\",\"dateModified\":\"2025-06-10T10:48:21+00:00\",\"description\":\"Vous souhaitez acheter Po Anasket 1000mg\/10ml en ligne \u00e0 un prix raisonnable ? Visitez notre boutique en ligne PoudresDenarco r\u00e9put\u00e9e et obtenez Po Anasket 1000mg\/10ml en vente d\u00e8s aujourd'hui. Passez commande maintenant !\",\"breadcrumb\":{\"@id\":\"https:\/\/poudresdenarco.com\/produit\/po-anasket-1000mg-10ml\/#breadcrumb\"},\"inLanguage\":\"es\",\"potentialAction\":[{\"@type\":\"ReadAction\",\"target\":[\"https:\/\/poudresdenarco.com\/produit\/po-anasket-1000mg-10ml\/\"]}]},{\"@type\":\"ImageObject\",\"inLanguage\":\"es\",\"@id\":\"https:\/\/poudresdenarco.com\/produit\/po-anasket-1000mg-10ml\/#primaryimage\",\"url\":\"https:\/\/poudresdenarco.com\/wp-content\/uploads\/2023\/12\/Buy-Anesket-1000mg-10ml.jpg\",\"contentUrl\":\"https:\/\/poudresdenarco.com\/wp-content\/uploads\/2023\/12\/Buy-Anesket-1000mg-10ml.jpg\",\"width\":600,\"height\":600,\"caption\":\"Buy-Anesket-1000mg-10ml\"},{\"@type\":\"BreadcrumbList\",\"@id\":\"https:\/\/poudresdenarco.com\/produit\/po-anasket-1000mg-10ml\/#breadcrumb\",\"itemListElement\":[{\"@type\":\"ListItem\",\"position\":1,\"name\":\"Home\",\"item\":\"https:\/\/poudresdenarco.com\/\"},{\"@type\":\"ListItem\",\"position\":2,\"name\":\"Boutique\",\"item\":\"https:\/\/poudresdenarco.com\/boutique\/\"},{\"@type\":\"ListItem\",\"position\":3,\"name\":\"Po Anasket 1000mg\/10ml\"}]},{\"@type\":\"WebSite\",\"@id\":\"https:\/\/poudresdenarco.com\/#website\",\"url\":\"https:\/\/poudresdenarco.com\/\",\"name\":\"Poudresde Narco\",\"description\":\"Acheter de la coca\u00efne et de l&#039;h\u00e9ro\u00efne en ligne\",\"potentialAction\":[{\"@type\":\"SearchAction\",\"target\":{\"@type\":\"EntryPoint\",\"urlTemplate\":\"https:\/\/poudresdenarco.com\/?s={search_term_string}\"},\"query-input\":{\"@type\":\"PropertyValueSpecification\",\"valueRequired\":true,\"valueName\":\"search_term_string\"}}],\"inLanguage\":\"es\"}]}<\/script>\n<!-- \/ Yoast SEO plugin. -->","yoast_head_json":{"title":"Acheter Po Anasket 1000mg\/10ml en ligne - poudresdenarco.","description":"Vous souhaitez acheter Po Anasket 1000mg\/10ml en ligne \u00e0 un prix raisonnable ? Visitez notre boutique en ligne PoudresDenarco r\u00e9put\u00e9e et obtenez Po Anasket 1000mg\/10ml en vente d\u00e8s aujourd'hui. Passez commande maintenant !","robots":{"index":"index","follow":"follow","max-snippet":"max-snippet:-1","max-image-preview":"max-image-preview:large","max-video-preview":"max-video-preview:-1"},"canonical":"https:\/\/poudresdenarco.com\/es\/producto\/buy-anasket-1000mg-10ml\/","og_locale":"es_ES","og_type":"article","og_title":"Acheter Po Anasket 1000mg\/10ml en ligne - poudresdenarco.","og_description":"Vous souhaitez acheter Po Anasket 1000mg\/10ml en ligne \u00e0 un prix raisonnable ? Visitez notre boutique en ligne PoudresDenarco r\u00e9put\u00e9e et obtenez Po Anasket 1000mg\/10ml en vente d\u00e8s aujourd'hui. Passez commande maintenant !","og_url":"https:\/\/poudresdenarco.com\/es\/producto\/buy-anasket-1000mg-10ml\/","og_site_name":"Poudresde Narco","article_modified_time":"2025-06-10T10:48:21+00:00","og_image":[{"width":600,"height":600,"url":"https:\/\/poudresdenarco.com\/wp-content\/uploads\/2023\/12\/Buy-Anesket-1000mg-10ml.jpg","type":"image\/jpeg"}],"twitter_card":"summary_large_image","twitter_misc":{"Tiempo de lectura":"3 minutos"},"schema":{"@context":"https:\/\/schema.org","@graph":[{"@type":"WebPage","@id":"https:\/\/poudresdenarco.com\/produit\/po-anasket-1000mg-10ml\/","url":"https:\/\/poudresdenarco.com\/produit\/po-anasket-1000mg-10ml\/","name":"Acheter Po Anasket 1000mg\/10ml en ligne - poudresdenarco.","isPartOf":{"@id":"https:\/\/poudresdenarco.com\/#website"},"primaryImageOfPage":{"@id":"https:\/\/poudresdenarco.com\/produit\/po-anasket-1000mg-10ml\/#primaryimage"},"image":{"@id":"https:\/\/poudresdenarco.com\/produit\/po-anasket-1000mg-10ml\/#primaryimage"},"thumbnailUrl":"https:\/\/poudresdenarco.com\/wp-content\/uploads\/2023\/12\/Buy-Anesket-1000mg-10ml.jpg","datePublished":"2023-12-25T08:20:25+00:00","dateModified":"2025-06-10T10:48:21+00:00","description":"Vous souhaitez acheter Po Anasket 1000mg\/10ml en ligne \u00e0 un prix raisonnable ? Visitez notre boutique en ligne PoudresDenarco r\u00e9put\u00e9e et obtenez Po Anasket 1000mg\/10ml en vente d\u00e8s aujourd'hui. Passez commande maintenant !","breadcrumb":{"@id":"https:\/\/poudresdenarco.com\/produit\/po-anasket-1000mg-10ml\/#breadcrumb"},"inLanguage":"es","potentialAction":[{"@type":"ReadAction","target":["https:\/\/poudresdenarco.com\/produit\/po-anasket-1000mg-10ml\/"]}]},{"@type":"ImageObject","inLanguage":"es","@id":"https:\/\/poudresdenarco.com\/produit\/po-anasket-1000mg-10ml\/#primaryimage","url":"https:\/\/poudresdenarco.com\/wp-content\/uploads\/2023\/12\/Buy-Anesket-1000mg-10ml.jpg","contentUrl":"https:\/\/poudresdenarco.com\/wp-content\/uploads\/2023\/12\/Buy-Anesket-1000mg-10ml.jpg","width":600,"height":600,"caption":"Buy-Anesket-1000mg-10ml"},{"@type":"BreadcrumbList","@id":"https:\/\/poudresdenarco.com\/produit\/po-anasket-1000mg-10ml\/#breadcrumb","itemListElement":[{"@type":"ListItem","position":1,"name":"Home","item":"https:\/\/poudresdenarco.com\/"},{"@type":"ListItem","position":2,"name":"Boutique","item":"https:\/\/poudresdenarco.com\/boutique\/"},{"@type":"ListItem","position":3,"name":"Po Anasket 1000mg\/10ml"}]},{"@type":"WebSite","@id":"https:\/\/poudresdenarco.com\/#website","url":"https:\/\/poudresdenarco.com\/","name":"Poudresde Narco","description":"Acheter de la coca\u00efne et de l&#039;h\u00e9ro\u00efne en ligne","potentialAction":[{"@type":"SearchAction","target":{"@type":"EntryPoint","urlTemplate":"https:\/\/poudresdenarco.com\/?s={search_term_string}"},"query-input":{"@type":"PropertyValueSpecification","valueRequired":true,"valueName":"search_term_string"}}],"inLanguage":"es"}]}},"_links":{"self":[{"href":"https:\/\/poudresdenarco.com\/es\/wp-json\/wp\/v2\/product\/137","targetHints":{"allow":["GET"]}}],"collection":[{"href":"https:\/\/poudresdenarco.com\/es\/wp-json\/wp\/v2\/product"}],"about":[{"href":"https:\/\/poudresdenarco.com\/es\/wp-json\/wp\/v2\/types\/product"}],"replies":[{"embeddable":true,"href":"https:\/\/poudresdenarco.com\/es\/wp-json\/wp\/v2\/comments?post=137"}],"wp:featuredmedia":[{"embeddable":true,"href":"https:\/\/poudresdenarco.com\/es\/wp-json\/wp\/v2\/media\/264"}],"wp:attachment":[{"href":"https:\/\/poudresdenarco.com\/es\/wp-json\/wp\/v2\/media?parent=137"}],"wp:term":[{"taxonomy":"product_cat","embeddable":true,"href":"https:\/\/poudresdenarco.com\/es\/wp-json\/wp\/v2\/product_cat?post=137"},{"taxonomy":"product_tag","embeddable":true,"href":"https:\/\/poudresdenarco.com\/es\/wp-json\/wp\/v2\/product_tag?post=137"}],"curies":[{"name":"wp","href":"https:\/\/api.w.org\/{rel}","templated":true}]}}