{"id":154,"date":"2023-12-25T08:20:26","date_gmt":"2023-12-25T08:20:26","guid":{"rendered":"https:\/\/unkrautmarkt.com\/narco1\/?post_type=product&#038;p=154"},"modified":"2025-06-10T07:41:15","modified_gmt":"2025-06-10T07:41:15","slug":"acheter-du-cristal-de-ketamine","status":"publish","type":"product","link":"https:\/\/poudresdenarco.com\/es\/producto\/comprar-cetamina-cristal\/","title":{"rendered":"Comprar ketamina cristal"},"content":{"rendered":"<h2>Comprar cristales de ketamina en l\u00ednea<\/h2>\n<h3>Comprar cristales de ketamina en l\u00ednea<\/h3>\n<p>Les fournisseurs les plus r\u00e9put\u00e9s et dignes de confiance aux \u00c9tats-Unis proposent des cristaux de k\u00e9tamine \u00e0 la vente. Nous nous distinguons en tant que principal fournisseur de ce produit, au service des grands et petits laboratoires du monde entier. D&rsquo;autre part, Pureket Ketamine HCL Crystals poss\u00e8de l&rsquo;autorisation et la licence n\u00e9cessaires pour exporter ce produit dans le monde entier. Nos laboratoires sont donc \u00e0 la pointe de la technologie, garantissant que nos cristaux de <a href=\"https:\/\/en.wikipedia.org\/wiki\/Ketamine\">k\u00e9tamine HCl<\/a> sont purs \u00e0 99,9%. Le Canada, l\u2019Europe et les \u00c9tats-Unis font \u00e9galement partie des pays les plus furtifs. Apr\u00e8s tout, la k\u00e9tamine est disponible sous forme de cristaux, de poudre, de liquide, de pilule et de spray nasal. Apr\u00e8s avoir \u00e9t\u00e9 transform\u00e9 du liquide en cristal, les clients le re\u00e7oivent. Achetez des cristaux de k\u00e9tamine en ligne. Achetez des c\u00e9tones en ligne en Australie\u00a0; acheter des c\u00e9tones \u00e0 vendre Victoria, un fournisseur local de k\u00e9tamine \u00e0 Sydney, un revendeur de k\u00e9tamine \u00e0 Melbourne, o\u00f9 se procurer de la k\u00e9tamine \u00e0 Perth, NSW, QLD<\/p>\n<p>\u00bfDe qu\u00e9 se trata? Adem\u00e1s, el mejor lugar para pedir de forma segura ketamina HCL en polvo en los EE.UU. y Australia es donde comprar cristales de arroz de ketamina en l\u00ednea.<\/p>\n<p>Los adolescentes consumen con frecuencia ketamina, una sustancia letal, con fines recreativos o en fiestas. Las alucinaciones y el alejamiento de la realidad que puede producir esta sustancia son las razones por las que se abusa de ella. Los peligrosos efectos secundarios del consumo de ketamina pueden incluir dificultades respiratorias y, en situaciones extremas, la muerte. Dado el potencial de efectos nocivos, es esencial que los padres sean capaces de identificar el consumo de ketamina en sus hijos adolescentes.<\/p>\n<h3>Tipos de ketamina: comprar ketamina online para la depresi\u00f3n<\/h3>\n<p>Existen aplicaciones m\u00e9dicas leg\u00edtimas para la ketamina, y puede obtenerse como l\u00edquido transparente o como ketamina. Tipos: Comprar ketamina online para la depresi\u00f3n<\/p>\n<p>La ketamina tiene aplicaciones m\u00e9dicas leg\u00edtimas y puede obtenerse en forma de l\u00edquido transparente o de polvo blanco o blanquecino. Las variedades m\u00e1s populares de ketamina son :<\/p>\n<p>Para fines terap\u00e9uticos, el aerosol nasal de ketamina tambi\u00e9n contiene ketamina l\u00edquida. Ketamina en polvo: La ketamina puede adquirirse en forma de polvo blanco o blanquecino. Para inyectar la ketamina, este polvo se combina con agua. Para fabricar cristales o polvo de ketamina de alta calidad que se pueda ingerir o esnifar como droga recreativa, tambi\u00e9n se puede procesar ketamina l\u00edquida.<\/p>\n<p>Pastillas de ketamina: La versi\u00f3n en pastillas de la ketamina no se utiliza con fines medicinales. La ketamina s\u00f3lo se utiliza como pastilla cuando el polvo se toma con fines recreativos y se introduce en una c\u00e1psula.<\/p>\n<p>Dado que la ketamina suele aparecer en forma de l\u00edquido transparente o polvo blanco, puede ser dif\u00edcil determinar si un producto qu\u00edmico es ketamina sin analizarlo, ya que suele aparecer en forma de l\u00edquido transparente o polvo blanco. polvo blanco. Cualquier pastilla, polvo blanco o vial de l\u00edquido que no est\u00e9 en su envase original y no est\u00e9 correctamente etiquetado podr\u00eda ser ketamina u otra sustancia ilegal.<\/p>\n<p>Mejor sitio para comprar cristales de ketamina online: proveedor de ketamina de Europa y Am\u00e9rica<\/p>\n<p>Debes buscar ayuda especializada en cuanto sospeches que est\u00e1s consumiendo ketamina. Next Generation Village tiene un historial probado de ayuda a j\u00f3venes que luchan contra la adicci\u00f3n para conseguir y mantenerse sobrios. Venta: cristales de ketamina<\/p>\n<p>Avis de non-responsabilit\u00e9 m\u00e9dicale\u00a0: L&rsquo;objectif du Next Generation Village est d&rsquo;am\u00e9liorer la vie de ceux qui luttent contre la toxicomanie. ou la maladie mentale avec des informations factuelles concernant les caract\u00e9ristiques des probl\u00e8mes de sant\u00e9 comportementale, les traitements disponibles et les cons\u00e9quences associ\u00e9es. <a href=\"https:\/\/poudresdenarco.com\/es\/producto\/comprar-cetamina-cristal\/\">Achetez des cristaux de k\u00e9tamine<\/a>.<\/p>\n<h3><strong>\u00bfD\u00d3NDE PUEDO CONSEGUIR CRISTALES DE KETAMINA ONLINE?<\/strong><\/h3>\n<p>Anest\u00e9sico general de acci\u00f3n r\u00e1pida que provoca alucinaciones. En ocasiones se utiliza para ayudar en delitos de agresi\u00f3n sexual.<\/p>\n<p>Nombres de las calles<\/p>\n<p>Vitamina K, Special K, Purple, Special La Coke, Jet, Cat Valium, Kit Kat, K, Super Acid y Super K<\/p>\n<p>\u00bfPara qu\u00e9 sirve? Cristales de arroz puro con ketamina<\/p>\n<p>inyectado<\/p>\n<p>mezclar l\u00edquidos y l\u00edquidos<\/p>\n<p>Fumar o esnifar polvo. D\u00f3nde comprar ketamina.<\/p>","protected":false},"excerpt":{"rendered":"<p>Acheter des cristaux de k\u00e9tamine en ligne Acheter des cristaux de k\u00e9tamine en ligne Les fournisseurs les plus r\u00e9put\u00e9s et dignes de confiance aux \u00c9tats-Unis proposent des cristaux de k\u00e9tamine \u00e0 la vente. Nous nous distinguons en tant que principal fournisseur de ce produit, au service des grands et petits laboratoires du monde entier. D&rsquo;autre&hellip;<\/p>","protected":false},"featured_media":261,"comment_status":"open","ping_status":"closed","template":"","meta":{"_joinchat":[]},"product_cat":[174],"product_tag":[],"class_list":{"0":"post-154","1":"product","2":"type-product","3":"status-publish","4":"has-post-thumbnail","6":"product_cat-la-ketamine","8":"first","9":"instock","10":"shipping-taxable","11":"purchasable","12":"product-type-variable","13":"col-xs-6 col-sm-4","14":"col-md-3 col-lg-3","15":"un-4-cols"},"yoast_head":"<!-- This site is optimized with the Yoast SEO plugin v23.8 - https:\/\/yoast.com\/wordpress\/plugins\/seo\/ -->\n<title>Acheter des cristaux de k\u00e9tamine en ligne - Vente de cristaux de k\u00e9tamine<\/title>\n<meta name=\"description\" content=\"C&#039;est le meilleur moment pour visiter notre boutique en ligne et acheter du cristal de k\u00e9tamine en ligne. Nous avons du cristal de k\u00e9tamine de haute qualit\u00e9 \u00e0 vendre ici au prix le plus abordable. Rencontrez-nous en ligne et passez votre commande d\u00e8s aujourd&#039;hui.\" \/>\n<meta name=\"robots\" content=\"index, follow, max-snippet:-1, max-image-preview:large, max-video-preview:-1\" \/>\n<link rel=\"canonical\" href=\"https:\/\/poudresdenarco.com\/es\/producto\/comprar-cetamina-cristal\/\" \/>\n<meta property=\"og:locale\" content=\"es_ES\" \/>\n<meta property=\"og:type\" content=\"article\" \/>\n<meta property=\"og:title\" content=\"Acheter des cristaux de k\u00e9tamine en ligne - Vente de cristaux de k\u00e9tamine\" \/>\n<meta property=\"og:description\" content=\"C&#039;est le meilleur moment pour visiter notre boutique en ligne et acheter du cristal de k\u00e9tamine en ligne. Nous avons du cristal de k\u00e9tamine de haute qualit\u00e9 \u00e0 vendre ici au prix le plus abordable. Rencontrez-nous en ligne et passez votre commande d\u00e8s aujourd&#039;hui.\" \/>\n<meta property=\"og:url\" content=\"https:\/\/poudresdenarco.com\/es\/producto\/comprar-cetamina-cristal\/\" \/>\n<meta property=\"og:site_name\" content=\"Poudresde Narco\" \/>\n<meta property=\"article:modified_time\" content=\"2025-06-10T07:41:15+00:00\" \/>\n<meta property=\"og:image\" content=\"https:\/\/poudresdenarco.com\/wp-content\/uploads\/2023\/12\/Buy-Ketamine-Crystal.jpg\" \/>\n\t<meta property=\"og:image:width\" content=\"600\" \/>\n\t<meta property=\"og:image:height\" content=\"600\" \/>\n\t<meta property=\"og:image:type\" content=\"image\/jpeg\" \/>\n<meta name=\"twitter:card\" content=\"summary_large_image\" \/>\n<meta name=\"twitter:label1\" content=\"Tiempo de lectura\" \/>\n\t<meta name=\"twitter:data1\" content=\"4 minutos\" \/>\n<script type=\"application\/ld+json\" class=\"yoast-schema-graph\">{\"@context\":\"https:\/\/schema.org\",\"@graph\":[{\"@type\":\"WebPage\",\"@id\":\"https:\/\/poudresdenarco.com\/produit\/acheter-du-cristal-de-ketamine\/\",\"url\":\"https:\/\/poudresdenarco.com\/produit\/acheter-du-cristal-de-ketamine\/\",\"name\":\"Acheter des cristaux de k\u00e9tamine en ligne - Vente de cristaux de k\u00e9tamine\",\"isPartOf\":{\"@id\":\"https:\/\/poudresdenarco.com\/#website\"},\"primaryImageOfPage\":{\"@id\":\"https:\/\/poudresdenarco.com\/produit\/acheter-du-cristal-de-ketamine\/#primaryimage\"},\"image\":{\"@id\":\"https:\/\/poudresdenarco.com\/produit\/acheter-du-cristal-de-ketamine\/#primaryimage\"},\"thumbnailUrl\":\"https:\/\/poudresdenarco.com\/wp-content\/uploads\/2023\/12\/Buy-Ketamine-Crystal.jpg\",\"datePublished\":\"2023-12-25T08:20:26+00:00\",\"dateModified\":\"2025-06-10T07:41:15+00:00\",\"description\":\"C'est le meilleur moment pour visiter notre boutique en ligne et acheter du cristal de k\u00e9tamine en ligne. Nous avons du cristal de k\u00e9tamine de haute qualit\u00e9 \u00e0 vendre ici au prix le plus abordable. Rencontrez-nous en ligne et passez votre commande d\u00e8s aujourd'hui.\",\"breadcrumb\":{\"@id\":\"https:\/\/poudresdenarco.com\/produit\/acheter-du-cristal-de-ketamine\/#breadcrumb\"},\"inLanguage\":\"es\",\"potentialAction\":[{\"@type\":\"ReadAction\",\"target\":[\"https:\/\/poudresdenarco.com\/produit\/acheter-du-cristal-de-ketamine\/\"]}]},{\"@type\":\"ImageObject\",\"inLanguage\":\"es\",\"@id\":\"https:\/\/poudresdenarco.com\/produit\/acheter-du-cristal-de-ketamine\/#primaryimage\",\"url\":\"https:\/\/poudresdenarco.com\/wp-content\/uploads\/2023\/12\/Buy-Ketamine-Crystal.jpg\",\"contentUrl\":\"https:\/\/poudresdenarco.com\/wp-content\/uploads\/2023\/12\/Buy-Ketamine-Crystal.jpg\",\"width\":600,\"height\":600,\"caption\":\"Buy-Ketamine-Crystal\"},{\"@type\":\"BreadcrumbList\",\"@id\":\"https:\/\/poudresdenarco.com\/produit\/acheter-du-cristal-de-ketamine\/#breadcrumb\",\"itemListElement\":[{\"@type\":\"ListItem\",\"position\":1,\"name\":\"Home\",\"item\":\"https:\/\/poudresdenarco.com\/\"},{\"@type\":\"ListItem\",\"position\":2,\"name\":\"Boutique\",\"item\":\"https:\/\/poudresdenarco.com\/boutique\/\"},{\"@type\":\"ListItem\",\"position\":3,\"name\":\"Acheter du cristal de k\u00e9tamine\"}]},{\"@type\":\"WebSite\",\"@id\":\"https:\/\/poudresdenarco.com\/#website\",\"url\":\"https:\/\/poudresdenarco.com\/\",\"name\":\"Poudresde Narco\",\"description\":\"Acheter de la coca\u00efne et de l&#039;h\u00e9ro\u00efne en ligne\",\"potentialAction\":[{\"@type\":\"SearchAction\",\"target\":{\"@type\":\"EntryPoint\",\"urlTemplate\":\"https:\/\/poudresdenarco.com\/?s={search_term_string}\"},\"query-input\":{\"@type\":\"PropertyValueSpecification\",\"valueRequired\":true,\"valueName\":\"search_term_string\"}}],\"inLanguage\":\"es\"}]}<\/script>\n<!-- \/ Yoast SEO plugin. -->","yoast_head_json":{"title":"Acheter des cristaux de k\u00e9tamine en ligne - Vente de cristaux de k\u00e9tamine","description":"C'est le meilleur moment pour visiter notre boutique en ligne et acheter du cristal de k\u00e9tamine en ligne. Nous avons du cristal de k\u00e9tamine de haute qualit\u00e9 \u00e0 vendre ici au prix le plus abordable. Rencontrez-nous en ligne et passez votre commande d\u00e8s aujourd'hui.","robots":{"index":"index","follow":"follow","max-snippet":"max-snippet:-1","max-image-preview":"max-image-preview:large","max-video-preview":"max-video-preview:-1"},"canonical":"https:\/\/poudresdenarco.com\/es\/producto\/comprar-cetamina-cristal\/","og_locale":"es_ES","og_type":"article","og_title":"Acheter des cristaux de k\u00e9tamine en ligne - Vente de cristaux de k\u00e9tamine","og_description":"C'est le meilleur moment pour visiter notre boutique en ligne et acheter du cristal de k\u00e9tamine en ligne. Nous avons du cristal de k\u00e9tamine de haute qualit\u00e9 \u00e0 vendre ici au prix le plus abordable. Rencontrez-nous en ligne et passez votre commande d\u00e8s aujourd'hui.","og_url":"https:\/\/poudresdenarco.com\/es\/producto\/comprar-cetamina-cristal\/","og_site_name":"Poudresde Narco","article_modified_time":"2025-06-10T07:41:15+00:00","og_image":[{"width":600,"height":600,"url":"https:\/\/poudresdenarco.com\/wp-content\/uploads\/2023\/12\/Buy-Ketamine-Crystal.jpg","type":"image\/jpeg"}],"twitter_card":"summary_large_image","twitter_misc":{"Tiempo de lectura":"4 minutos"},"schema":{"@context":"https:\/\/schema.org","@graph":[{"@type":"WebPage","@id":"https:\/\/poudresdenarco.com\/produit\/acheter-du-cristal-de-ketamine\/","url":"https:\/\/poudresdenarco.com\/produit\/acheter-du-cristal-de-ketamine\/","name":"Acheter des cristaux de k\u00e9tamine en ligne - Vente de cristaux de k\u00e9tamine","isPartOf":{"@id":"https:\/\/poudresdenarco.com\/#website"},"primaryImageOfPage":{"@id":"https:\/\/poudresdenarco.com\/produit\/acheter-du-cristal-de-ketamine\/#primaryimage"},"image":{"@id":"https:\/\/poudresdenarco.com\/produit\/acheter-du-cristal-de-ketamine\/#primaryimage"},"thumbnailUrl":"https:\/\/poudresdenarco.com\/wp-content\/uploads\/2023\/12\/Buy-Ketamine-Crystal.jpg","datePublished":"2023-12-25T08:20:26+00:00","dateModified":"2025-06-10T07:41:15+00:00","description":"C'est le meilleur moment pour visiter notre boutique en ligne et acheter du cristal de k\u00e9tamine en ligne. Nous avons du cristal de k\u00e9tamine de haute qualit\u00e9 \u00e0 vendre ici au prix le plus abordable. Rencontrez-nous en ligne et passez votre commande d\u00e8s aujourd'hui.","breadcrumb":{"@id":"https:\/\/poudresdenarco.com\/produit\/acheter-du-cristal-de-ketamine\/#breadcrumb"},"inLanguage":"es","potentialAction":[{"@type":"ReadAction","target":["https:\/\/poudresdenarco.com\/produit\/acheter-du-cristal-de-ketamine\/"]}]},{"@type":"ImageObject","inLanguage":"es","@id":"https:\/\/poudresdenarco.com\/produit\/acheter-du-cristal-de-ketamine\/#primaryimage","url":"https:\/\/poudresdenarco.com\/wp-content\/uploads\/2023\/12\/Buy-Ketamine-Crystal.jpg","contentUrl":"https:\/\/poudresdenarco.com\/wp-content\/uploads\/2023\/12\/Buy-Ketamine-Crystal.jpg","width":600,"height":600,"caption":"Buy-Ketamine-Crystal"},{"@type":"BreadcrumbList","@id":"https:\/\/poudresdenarco.com\/produit\/acheter-du-cristal-de-ketamine\/#breadcrumb","itemListElement":[{"@type":"ListItem","position":1,"name":"Home","item":"https:\/\/poudresdenarco.com\/"},{"@type":"ListItem","position":2,"name":"Boutique","item":"https:\/\/poudresdenarco.com\/boutique\/"},{"@type":"ListItem","position":3,"name":"Acheter du cristal de k\u00e9tamine"}]},{"@type":"WebSite","@id":"https:\/\/poudresdenarco.com\/#website","url":"https:\/\/poudresdenarco.com\/","name":"Poudresde Narco","description":"Acheter de la coca\u00efne et de l&#039;h\u00e9ro\u00efne en ligne","potentialAction":[{"@type":"SearchAction","target":{"@type":"EntryPoint","urlTemplate":"https:\/\/poudresdenarco.com\/?s={search_term_string}"},"query-input":{"@type":"PropertyValueSpecification","valueRequired":true,"valueName":"search_term_string"}}],"inLanguage":"es"}]}},"_links":{"self":[{"href":"https:\/\/poudresdenarco.com\/es\/wp-json\/wp\/v2\/product\/154","targetHints":{"allow":["GET"]}}],"collection":[{"href":"https:\/\/poudresdenarco.com\/es\/wp-json\/wp\/v2\/product"}],"about":[{"href":"https:\/\/poudresdenarco.com\/es\/wp-json\/wp\/v2\/types\/product"}],"replies":[{"embeddable":true,"href":"https:\/\/poudresdenarco.com\/es\/wp-json\/wp\/v2\/comments?post=154"}],"wp:featuredmedia":[{"embeddable":true,"href":"https:\/\/poudresdenarco.com\/es\/wp-json\/wp\/v2\/media\/261"}],"wp:attachment":[{"href":"https:\/\/poudresdenarco.com\/es\/wp-json\/wp\/v2\/media?parent=154"}],"wp:term":[{"taxonomy":"product_cat","embeddable":true,"href":"https:\/\/poudresdenarco.com\/es\/wp-json\/wp\/v2\/product_cat?post=154"},{"taxonomy":"product_tag","embeddable":true,"href":"https:\/\/poudresdenarco.com\/es\/wp-json\/wp\/v2\/product_tag?post=154"}],"curies":[{"name":"wp","href":"https:\/\/api.w.org\/{rel}","templated":true}]}}