{"id":203,"date":"2023-12-25T08:20:39","date_gmt":"2023-12-25T08:20:39","guid":{"rendered":"https:\/\/unkrautmarkt.com\/narco1\/?post_type=product&#038;p=203"},"modified":"2025-06-03T18:39:36","modified_gmt":"2025-06-03T18:39:36","slug":"acheter-ketamine-rotex-50mg-1ml","status":"publish","type":"product","link":"https:\/\/poudresdenarco.com\/es\/producto\/comprar-ketamina-rotex-50mg-1ml\/","title":{"rendered":"Comprar Ketamina Rotex 50mg\/1ml"},"content":{"rendered":"<h2><span style=\"vertical-align: inherit;\"><span style=\"vertical-align: inherit;\">Comprar Mission Pharma Ketamina 50mg\/1ml<\/span><\/span><\/h2>\n<h3><span style=\"vertical-align: inherit;\"><span style=\"vertical-align: inherit;\">Buy Ketamine Rotex Online<\/span><\/span><\/h3>\n<p><span style=\"vertical-align: inherit;\"><span style=\"vertical-align: inherit;\"><a href=\"https:\/\/en.wikipedia.org\/wiki\/Ketamine\">Ketamina HCL<\/a> Es un medicamento que se utiliza principalmente en anestesia. Otros usos incluyen la sedaci\u00f3n en cuidados intensivos y el dolor persistente.<\/span><\/span><\/p>\n<p><span style=\"vertical-align: inherit;\"><span style=\"vertical-align: inherit;\">El efecto que produce la ketamina dura aproximadamente una hora. Comienza entre dos y cinco minutos despu\u00e9s de fumar o ingerir la dosis. Cuando se inyecta, se produce unos 30 segundos despu\u00e9s de la inyecci\u00f3n.<\/span><\/span><\/p>\n<p><span style=\"vertical-align: inherit;\"><span style=\"vertical-align: inherit;\">La abrumadora sensaci\u00f3n de relajaci\u00f3n que el usuario experimenta inicialmente durante el efecto se suele denominar \u00absubid\u00f3n de cuerpo completo\u00bb. Algunos usuarios incluso lo describen como una sensaci\u00f3n de flotar fuera de su cuerpo. Muchas personas experimentan alucinaciones que duran m\u00e1s que los efectos de la anestesia.<\/span><\/span><\/p>\n<p><span style=\"vertical-align: inherit;\"><span style=\"vertical-align: inherit;\">Las dosis m\u00e1s altas pueden producir efectos m\u00e1s potentes; algunas personas han descrito una disociaci\u00f3n total y completa de sus cuerpos. Las personas que han tenido experiencias cercanas a la muerte han descrito sensaciones similares, parecidas a las de un \u00abagujero K\u00bb.<\/span><\/span><\/p>\n<p><span style=\"vertical-align: inherit;\"><span style=\"vertical-align: inherit;\">Puede <a href=\"https:\/\/poudresdenarco.com\/es\/producto\/comprar-ketamina-rotex-50mg-1ml\/\">Comprar Mission Pharma Ketamina 50mg\/1ml<\/a> a bajo precio.<\/span><\/span><\/p>","protected":false},"excerpt":{"rendered":"<p>Buy Ketamine Rotex 50mg\/1ml Online Buy Ketamine Rotex Online Ketamine HCL is a drug used primarily in anesthesia. Other applications include chronic pain and intensive care sedation. The high caused by ketamine lasts about an hour. It begins two to five minutes after smoking or ingesting the dose. When injected, it occurs about 30 seconds&hellip;<\/p>","protected":false},"featured_media":254,"comment_status":"open","ping_status":"closed","template":"","meta":{"_joinchat":[]},"product_cat":[174],"product_tag":[],"class_list":{"0":"post-203","1":"product","2":"type-product","3":"status-publish","4":"has-post-thumbnail","6":"product_cat-la-ketamine","8":"first","9":"instock","10":"shipping-taxable","11":"purchasable","12":"product-type-variable","13":"col-xs-6 col-sm-4","14":"col-md-3 col-lg-3","15":"un-4-cols"},"yoast_head":"<!-- This site is optimized with the Yoast SEO plugin v23.8 - https:\/\/yoast.com\/wordpress\/plugins\/seo\/ -->\n<title>Acheter K\u00e9tamine Rotex 50mg\/1ml en ligne - K\u00e9tamine Rotex 50mg\/1ml \u00e0 vendre<\/title>\n<meta name=\"description\" content=\"Notre boutique en ligne PoudresDenarco propose \u00e0 la vente la meilleure qualit\u00e9 de K\u00e9tamine Rotex 50 mg\/1 ml. Si vous souhaitez acheter de la K\u00e9tamine Rotex 50 mg\/1 ml en ligne, nous pouvons vous aider de toutes parts. Commandez d\u00e8s aujourd&#039;hui !\" \/>\n<meta name=\"robots\" content=\"index, follow, max-snippet:-1, max-image-preview:large, max-video-preview:-1\" \/>\n<link rel=\"canonical\" href=\"https:\/\/poudresdenarco.com\/es\/producto\/comprar-ketamina-rotex-50mg-1ml\/\" \/>\n<meta property=\"og:locale\" content=\"es_ES\" \/>\n<meta property=\"og:type\" content=\"article\" \/>\n<meta property=\"og:title\" content=\"Acheter K\u00e9tamine Rotex 50mg\/1ml en ligne - K\u00e9tamine Rotex 50mg\/1ml \u00e0 vendre\" \/>\n<meta property=\"og:description\" content=\"Notre boutique en ligne PoudresDenarco propose \u00e0 la vente la meilleure qualit\u00e9 de K\u00e9tamine Rotex 50 mg\/1 ml. Si vous souhaitez acheter de la K\u00e9tamine Rotex 50 mg\/1 ml en ligne, nous pouvons vous aider de toutes parts. Commandez d\u00e8s aujourd&#039;hui !\" \/>\n<meta property=\"og:url\" content=\"https:\/\/poudresdenarco.com\/es\/producto\/comprar-ketamina-rotex-50mg-1ml\/\" \/>\n<meta property=\"og:site_name\" content=\"Poudresde Narco\" \/>\n<meta property=\"article:modified_time\" content=\"2025-06-03T18:39:36+00:00\" \/>\n<meta property=\"og:image\" content=\"https:\/\/poudresdenarco.com\/wp-content\/uploads\/2023\/12\/Buy-Ketamine-Rotex-50mg-1ml.jpg\" \/>\n\t<meta property=\"og:image:width\" content=\"600\" \/>\n\t<meta property=\"og:image:height\" content=\"600\" \/>\n\t<meta property=\"og:image:type\" content=\"image\/jpeg\" \/>\n<meta name=\"twitter:card\" content=\"summary_large_image\" \/>\n<meta name=\"twitter:label1\" content=\"Tiempo de lectura\" \/>\n\t<meta name=\"twitter:data1\" content=\"1 minuto\" \/>\n<script type=\"application\/ld+json\" class=\"yoast-schema-graph\">{\"@context\":\"https:\/\/schema.org\",\"@graph\":[{\"@type\":\"WebPage\",\"@id\":\"https:\/\/poudresdenarco.com\/produit\/acheter-ketamine-rotex-50mg-1ml\/\",\"url\":\"https:\/\/poudresdenarco.com\/produit\/acheter-ketamine-rotex-50mg-1ml\/\",\"name\":\"Acheter K\u00e9tamine Rotex 50mg\/1ml en ligne - K\u00e9tamine Rotex 50mg\/1ml \u00e0 vendre\",\"isPartOf\":{\"@id\":\"https:\/\/poudresdenarco.com\/#website\"},\"primaryImageOfPage\":{\"@id\":\"https:\/\/poudresdenarco.com\/produit\/acheter-ketamine-rotex-50mg-1ml\/#primaryimage\"},\"image\":{\"@id\":\"https:\/\/poudresdenarco.com\/produit\/acheter-ketamine-rotex-50mg-1ml\/#primaryimage\"},\"thumbnailUrl\":\"https:\/\/poudresdenarco.com\/wp-content\/uploads\/2023\/12\/Buy-Ketamine-Rotex-50mg-1ml.jpg\",\"datePublished\":\"2023-12-25T08:20:39+00:00\",\"dateModified\":\"2025-06-03T18:39:36+00:00\",\"description\":\"Notre boutique en ligne PoudresDenarco propose \u00e0 la vente la meilleure qualit\u00e9 de K\u00e9tamine Rotex 50 mg\/1 ml. Si vous souhaitez acheter de la K\u00e9tamine Rotex 50 mg\/1 ml en ligne, nous pouvons vous aider de toutes parts. Commandez d\u00e8s aujourd'hui !\",\"breadcrumb\":{\"@id\":\"https:\/\/poudresdenarco.com\/produit\/acheter-ketamine-rotex-50mg-1ml\/#breadcrumb\"},\"inLanguage\":\"es\",\"potentialAction\":[{\"@type\":\"ReadAction\",\"target\":[\"https:\/\/poudresdenarco.com\/produit\/acheter-ketamine-rotex-50mg-1ml\/\"]}]},{\"@type\":\"ImageObject\",\"inLanguage\":\"es\",\"@id\":\"https:\/\/poudresdenarco.com\/produit\/acheter-ketamine-rotex-50mg-1ml\/#primaryimage\",\"url\":\"https:\/\/poudresdenarco.com\/wp-content\/uploads\/2023\/12\/Buy-Ketamine-Rotex-50mg-1ml.jpg\",\"contentUrl\":\"https:\/\/poudresdenarco.com\/wp-content\/uploads\/2023\/12\/Buy-Ketamine-Rotex-50mg-1ml.jpg\",\"width\":600,\"height\":600,\"caption\":\"Acheter-Ketamine-Rotex-50mg-1ml- en ligne\"},{\"@type\":\"BreadcrumbList\",\"@id\":\"https:\/\/poudresdenarco.com\/produit\/acheter-ketamine-rotex-50mg-1ml\/#breadcrumb\",\"itemListElement\":[{\"@type\":\"ListItem\",\"position\":1,\"name\":\"Home\",\"item\":\"https:\/\/poudresdenarco.com\/\"},{\"@type\":\"ListItem\",\"position\":2,\"name\":\"Boutique\",\"item\":\"https:\/\/poudresdenarco.com\/boutique\/\"},{\"@type\":\"ListItem\",\"position\":3,\"name\":\"Acheter K\u00e9tamine Rotex 50mg\/1ml\"}]},{\"@type\":\"WebSite\",\"@id\":\"https:\/\/poudresdenarco.com\/#website\",\"url\":\"https:\/\/poudresdenarco.com\/\",\"name\":\"Poudresde Narco\",\"description\":\"Acheter de la coca\u00efne et de l&#039;h\u00e9ro\u00efne en ligne\",\"potentialAction\":[{\"@type\":\"SearchAction\",\"target\":{\"@type\":\"EntryPoint\",\"urlTemplate\":\"https:\/\/poudresdenarco.com\/?s={search_term_string}\"},\"query-input\":{\"@type\":\"PropertyValueSpecification\",\"valueRequired\":true,\"valueName\":\"search_term_string\"}}],\"inLanguage\":\"es\"}]}<\/script>\n<!-- \/ Yoast SEO plugin. -->","yoast_head_json":{"title":"Acheter K\u00e9tamine Rotex 50mg\/1ml en ligne - K\u00e9tamine Rotex 50mg\/1ml \u00e0 vendre","description":"Notre boutique en ligne PoudresDenarco propose \u00e0 la vente la meilleure qualit\u00e9 de K\u00e9tamine Rotex 50 mg\/1 ml. Si vous souhaitez acheter de la K\u00e9tamine Rotex 50 mg\/1 ml en ligne, nous pouvons vous aider de toutes parts. Commandez d\u00e8s aujourd'hui !","robots":{"index":"index","follow":"follow","max-snippet":"max-snippet:-1","max-image-preview":"max-image-preview:large","max-video-preview":"max-video-preview:-1"},"canonical":"https:\/\/poudresdenarco.com\/es\/producto\/comprar-ketamina-rotex-50mg-1ml\/","og_locale":"es_ES","og_type":"article","og_title":"Acheter K\u00e9tamine Rotex 50mg\/1ml en ligne - K\u00e9tamine Rotex 50mg\/1ml \u00e0 vendre","og_description":"Notre boutique en ligne PoudresDenarco propose \u00e0 la vente la meilleure qualit\u00e9 de K\u00e9tamine Rotex 50 mg\/1 ml. Si vous souhaitez acheter de la K\u00e9tamine Rotex 50 mg\/1 ml en ligne, nous pouvons vous aider de toutes parts. Commandez d\u00e8s aujourd'hui !","og_url":"https:\/\/poudresdenarco.com\/es\/producto\/comprar-ketamina-rotex-50mg-1ml\/","og_site_name":"Poudresde Narco","article_modified_time":"2025-06-03T18:39:36+00:00","og_image":[{"width":600,"height":600,"url":"https:\/\/poudresdenarco.com\/wp-content\/uploads\/2023\/12\/Buy-Ketamine-Rotex-50mg-1ml.jpg","type":"image\/jpeg"}],"twitter_card":"summary_large_image","twitter_misc":{"Tiempo de lectura":"1 minuto"},"schema":{"@context":"https:\/\/schema.org","@graph":[{"@type":"WebPage","@id":"https:\/\/poudresdenarco.com\/produit\/acheter-ketamine-rotex-50mg-1ml\/","url":"https:\/\/poudresdenarco.com\/produit\/acheter-ketamine-rotex-50mg-1ml\/","name":"Acheter K\u00e9tamine Rotex 50mg\/1ml en ligne - K\u00e9tamine Rotex 50mg\/1ml \u00e0 vendre","isPartOf":{"@id":"https:\/\/poudresdenarco.com\/#website"},"primaryImageOfPage":{"@id":"https:\/\/poudresdenarco.com\/produit\/acheter-ketamine-rotex-50mg-1ml\/#primaryimage"},"image":{"@id":"https:\/\/poudresdenarco.com\/produit\/acheter-ketamine-rotex-50mg-1ml\/#primaryimage"},"thumbnailUrl":"https:\/\/poudresdenarco.com\/wp-content\/uploads\/2023\/12\/Buy-Ketamine-Rotex-50mg-1ml.jpg","datePublished":"2023-12-25T08:20:39+00:00","dateModified":"2025-06-03T18:39:36+00:00","description":"Notre boutique en ligne PoudresDenarco propose \u00e0 la vente la meilleure qualit\u00e9 de K\u00e9tamine Rotex 50 mg\/1 ml. Si vous souhaitez acheter de la K\u00e9tamine Rotex 50 mg\/1 ml en ligne, nous pouvons vous aider de toutes parts. Commandez d\u00e8s aujourd'hui !","breadcrumb":{"@id":"https:\/\/poudresdenarco.com\/produit\/acheter-ketamine-rotex-50mg-1ml\/#breadcrumb"},"inLanguage":"es","potentialAction":[{"@type":"ReadAction","target":["https:\/\/poudresdenarco.com\/produit\/acheter-ketamine-rotex-50mg-1ml\/"]}]},{"@type":"ImageObject","inLanguage":"es","@id":"https:\/\/poudresdenarco.com\/produit\/acheter-ketamine-rotex-50mg-1ml\/#primaryimage","url":"https:\/\/poudresdenarco.com\/wp-content\/uploads\/2023\/12\/Buy-Ketamine-Rotex-50mg-1ml.jpg","contentUrl":"https:\/\/poudresdenarco.com\/wp-content\/uploads\/2023\/12\/Buy-Ketamine-Rotex-50mg-1ml.jpg","width":600,"height":600,"caption":"Acheter-Ketamine-Rotex-50mg-1ml- en ligne"},{"@type":"BreadcrumbList","@id":"https:\/\/poudresdenarco.com\/produit\/acheter-ketamine-rotex-50mg-1ml\/#breadcrumb","itemListElement":[{"@type":"ListItem","position":1,"name":"Home","item":"https:\/\/poudresdenarco.com\/"},{"@type":"ListItem","position":2,"name":"Boutique","item":"https:\/\/poudresdenarco.com\/boutique\/"},{"@type":"ListItem","position":3,"name":"Acheter K\u00e9tamine Rotex 50mg\/1ml"}]},{"@type":"WebSite","@id":"https:\/\/poudresdenarco.com\/#website","url":"https:\/\/poudresdenarco.com\/","name":"Poudresde Narco","description":"Acheter de la coca\u00efne et de l&#039;h\u00e9ro\u00efne en ligne","potentialAction":[{"@type":"SearchAction","target":{"@type":"EntryPoint","urlTemplate":"https:\/\/poudresdenarco.com\/?s={search_term_string}"},"query-input":{"@type":"PropertyValueSpecification","valueRequired":true,"valueName":"search_term_string"}}],"inLanguage":"es"}]}},"_links":{"self":[{"href":"https:\/\/poudresdenarco.com\/es\/wp-json\/wp\/v2\/product\/203","targetHints":{"allow":["GET"]}}],"collection":[{"href":"https:\/\/poudresdenarco.com\/es\/wp-json\/wp\/v2\/product"}],"about":[{"href":"https:\/\/poudresdenarco.com\/es\/wp-json\/wp\/v2\/types\/product"}],"replies":[{"embeddable":true,"href":"https:\/\/poudresdenarco.com\/es\/wp-json\/wp\/v2\/comments?post=203"}],"wp:featuredmedia":[{"embeddable":true,"href":"https:\/\/poudresdenarco.com\/es\/wp-json\/wp\/v2\/media\/254"}],"wp:attachment":[{"href":"https:\/\/poudresdenarco.com\/es\/wp-json\/wp\/v2\/media?parent=203"}],"wp:term":[{"taxonomy":"product_cat","embeddable":true,"href":"https:\/\/poudresdenarco.com\/es\/wp-json\/wp\/v2\/product_cat?post=203"},{"taxonomy":"product_tag","embeddable":true,"href":"https:\/\/poudresdenarco.com\/es\/wp-json\/wp\/v2\/product_tag?post=203"}],"curies":[{"name":"wp","href":"https:\/\/api.w.org\/{rel}","templated":true}]}}