{"id":241,"date":"2023-12-25T08:20:46","date_gmt":"2023-12-25T08:20:46","guid":{"rendered":"https:\/\/unkrautmarkt.com\/narco1\/?post_type=product&#038;p=241"},"modified":"2025-06-09T17:25:11","modified_gmt":"2025-06-09T17:25:11","slug":"cocaine-rose-2c-b","status":"publish","type":"product","link":"https:\/\/poudresdenarco.com\/es\/producto\/2c-b-cocaina-rosa-comprar\/","title":{"rendered":"Coca\u00edna rosa 2C-B"},"content":{"rendered":"<h2><span style=\"vertical-align: inherit;\"><span style=\"vertical-align: inherit;\">Comprar Coca\u00edna Rosa 2C-B Online<\/span><\/span><\/h2>\n<h3><span style=\"vertical-align: inherit;\"><span style=\"vertical-align: inherit;\">Coca\u00edna rosa: \u00bfQu\u00e9 es?<\/span><\/span><\/h3>\n<p><span style=\"vertical-align: inherit;\"><span style=\"vertical-align: inherit;\"><a href=\"https:\/\/en.wikipedia.org\/wiki\/2C-B\">Phenylethylamine 2C-B<\/a> La feniletilamina 2C-B fue creada por primera vez a principios de la d\u00e9cada de 1970 por el qu\u00edmico de Harvard Alexander Shulgin, quien era m\u00e1s conocido por su trabajo sobre la metilendioximetanfetamina (MDMA o \u00e9xtasis). La feniletilamina 2C-B, a veces conocida como Performax o Erox, se comercializ\u00f3 y vendi\u00f3 como potenciador de la libido y medicamento para la disfunci\u00f3n er\u00e9ctil. La droga fue designada como sustancia controlada de la Lista 1 por la Agencia Antidrogas de Estados Unidos en 1995 despu\u00e9s de que se determinara que no ten\u00eda un uso m\u00e9dico leg\u00edtimo y ten\u00eda un potencial significativo de abuso.<\/span><\/span><\/p>\n<p><span style=\"vertical-align: inherit;\"><span style=\"vertical-align: inherit;\">La feniletilamina 2C-B, a veces conocida como coca\u00edna rosa o bromo, apareci\u00f3 por primera vez en los clubes de Am\u00e9rica del Sur y Central y desde entonces ha vuelto a aparecer como droga recreativa en fiestas durante la \u00faltima d\u00e9cada. Normalmente, las empresas farmac\u00e9uticas fabrican sus productos en forma de pastillas.<\/span><\/span><\/p>\n<h3><span style=\"vertical-align: inherit;\"><span style=\"vertical-align: inherit;\">Coca\u00edna rosa: \u00bfQu\u00e9 es?<\/span><\/span><\/h3>\n<p><span style=\"vertical-align: inherit;\"><span style=\"vertical-align: inherit;\">La feniletilamina 2C-B fue creada por primera vez a principios de la d\u00e9cada de 1970 por el qu\u00edmico de Harvard Alexander Shulgin, quien era m\u00e1s conocido por su trabajo sobre la metilendioximetanfetamina (MDMA o \u00e9xtasis). La feniletilamina 2C-B, a veces conocida como Performax o Erox, se comercializ\u00f3 y vendi\u00f3 como potenciador de la libido y medicamento para la disfunci\u00f3n er\u00e9ctil. La droga fue designada como sustancia controlada de la Lista 1 por la Agencia Antidrogas de Estados Unidos en 1995 despu\u00e9s de que se determinara que no ten\u00eda un uso m\u00e9dico leg\u00edtimo y ten\u00eda un potencial significativo de abuso.<\/span><\/span><\/p>\n<p><span style=\"vertical-align: inherit;\"><span style=\"vertical-align: inherit;\"><a href=\"https:\/\/poudresdenarco.com\/es\/producto\/2c-b-cocaina-rosa-comprar\/\">Buy Phenylethylamine 2C-B online<\/a>La feniletilamina 2C-B, a veces conocida como coca\u00edna rosa o bromo, apareci\u00f3 por primera vez en los clubes de Am\u00e9rica del Sur y Central y desde entonces ha vuelto a aparecer como droga recreativa en fiestas durante la \u00faltima d\u00e9cada. Normalmente, las empresas farmac\u00e9uticas fabrican sus productos en forma de pastillas.<\/span><\/span><\/p>\n<p><span style=\"vertical-align: inherit;\"><span style=\"vertical-align: inherit;\">Es posible que no sea posible determinar la dosis exacta que est\u00e1 tomando, ya que a menudo se produce en laboratorios ilegales y no est\u00e1 sujeta a la regulaci\u00f3n de la FDA. La coca\u00edna rosa puede ser cortada por el fabricante de la droga utilizando sustancias qu\u00edmicas o drogas no identificadas, lo que podr\u00eda intensificar los efectos secundarios.<\/span><\/span><\/p>\n<h3><span style=\"vertical-align: inherit;\"><span style=\"vertical-align: inherit;\">\u00bfQu\u00e9 diferencia la coca\u00edna de la coca\u00edna rosa?<\/span><\/span><\/h3>\n<p><span style=\"vertical-align: inherit;\"><span style=\"vertical-align: inherit;\">Existen algunos paralelismos entre la coca\u00edna rosa y la coca\u00edna convencional, como el potencial de causar adicci\u00f3n y dependencia qu\u00edmica. El clorhidrato de coca\u00edna es la forma concentrada y refinada de la planta de coca, conocida com\u00fanmente como coca\u00edna. Debido a que tiene propiedades estimulantes y anest\u00e9sicas, la coca\u00edna est\u00e1 clasificada como una droga de la Lista II en los Estados Unidos y tiene algunos usos m\u00e9dicos.<\/span><\/span><\/p>\n<p><span style=\"vertical-align: inherit;\"><span style=\"vertical-align: inherit;\">Por otro lado, la coca\u00edna rosa es una droga sint\u00e9tica a base de feniletilamina que interact\u00faa con la v\u00eda de la serotonina del cuerpo para producir un efecto psicoactivo.<\/span><\/span><\/p>","protected":false},"excerpt":{"rendered":"<p>Buy Pink Cocaine 2C-B Online Pink Cocaine: What is it? Phenylethylamine 2C-B was first created in the early 1970s by Harvard chemist Alexander Shulgin, who was best known for his work on methylenedioxymethamphetamine (MDMA or ecstasy). Phenylethylamine 2C-B, sometimes known as Performax or Erox, was marketed and sold as a libido enhancer and erectile dysfunction&hellip;<\/p>","protected":false},"featured_media":249,"comment_status":"open","ping_status":"closed","template":"","meta":{"_joinchat":[]},"product_cat":[66],"product_tag":[314,313,316,315,310,312,311],"class_list":{"0":"post-241","1":"product","2":"type-product","3":"status-publish","4":"has-post-thumbnail","6":"product_cat-de-la-cocaine","7":"product_tag-acheter-cocaine-en-poudre-rose-2c-b","8":"product_tag-acheter-cocaine-rose-2c-b","9":"product_tag-achetez-de-la-cocaine-rose-2c-b","10":"product_tag-achetez-de-la-poudre-de-cocaine-rose-2c","11":"product_tag-cocaine-rose-2c-b-a-vendre","12":"product_tag-poudre-de-cocaine-rose-2c-b-a-vendre","13":"product_tag-poudre-de-cocaine-rose-2c-b-a-vendre-en-europe","15":"first","16":"instock","17":"shipping-taxable","18":"purchasable","19":"product-type-variable","20":"col-xs-6 col-sm-4","21":"col-md-3 col-lg-3","22":"un-4-cols"},"yoast_head":"<!-- This site is optimized with the Yoast SEO plugin v23.8 - https:\/\/yoast.com\/wordpress\/plugins\/seo\/ -->\n<title>Buy Coca\u00efne rose 2C-B Online - Coca\u00efne rose 2C-B for Sale<\/title>\n<meta name=\"description\" content=\"Si vous souhaitez acheter de la Coca\u00efne rose 2C-B en ligne, visitez notre boutique en ligne PoudresDenarco. Nous avons des produits de haute qualit\u00e9 comme la Coca\u00efne rose 2C-B \u00e0 vendre. Passez votre commande maintenant !\" \/>\n<meta name=\"robots\" content=\"index, follow, max-snippet:-1, max-image-preview:large, max-video-preview:-1\" \/>\n<link rel=\"canonical\" href=\"https:\/\/poudresdenarco.com\/es\/producto\/2c-b-cocaina-rosa-comprar\/\" \/>\n<meta property=\"og:locale\" content=\"es_ES\" \/>\n<meta property=\"og:type\" content=\"article\" \/>\n<meta property=\"og:title\" content=\"Buy Coca\u00efne rose 2C-B Online - Coca\u00efne rose 2C-B for Sale\" \/>\n<meta property=\"og:description\" content=\"Si vous souhaitez acheter de la Coca\u00efne rose 2C-B en ligne, visitez notre boutique en ligne PoudresDenarco. Nous avons des produits de haute qualit\u00e9 comme la Coca\u00efne rose 2C-B \u00e0 vendre. Passez votre commande maintenant !\" \/>\n<meta property=\"og:url\" content=\"https:\/\/poudresdenarco.com\/es\/producto\/2c-b-cocaina-rosa-comprar\/\" \/>\n<meta property=\"og:site_name\" content=\"Poudresde Narco\" \/>\n<meta property=\"article:modified_time\" content=\"2025-06-09T17:25:11+00:00\" \/>\n<meta property=\"og:image\" content=\"https:\/\/poudresdenarco.com\/wp-content\/uploads\/2023\/12\/2C-B-Pink-Cocaine.jpg\" \/>\n\t<meta property=\"og:image:width\" content=\"600\" \/>\n\t<meta property=\"og:image:height\" content=\"600\" \/>\n\t<meta property=\"og:image:type\" content=\"image\/jpeg\" \/>\n<meta name=\"twitter:card\" content=\"summary_large_image\" \/>\n<meta name=\"twitter:label1\" content=\"Tiempo de lectura\" \/>\n\t<meta name=\"twitter:data1\" content=\"3 minutos\" \/>\n<script type=\"application\/ld+json\" class=\"yoast-schema-graph\">{\"@context\":\"https:\/\/schema.org\",\"@graph\":[{\"@type\":\"WebPage\",\"@id\":\"https:\/\/poudresdenarco.com\/produit\/cocaine-rose-2c-b\/\",\"url\":\"https:\/\/poudresdenarco.com\/produit\/cocaine-rose-2c-b\/\",\"name\":\"Buy Coca\u00efne rose 2C-B Online - Coca\u00efne rose 2C-B for Sale\",\"isPartOf\":{\"@id\":\"https:\/\/poudresdenarco.com\/#website\"},\"primaryImageOfPage\":{\"@id\":\"https:\/\/poudresdenarco.com\/produit\/cocaine-rose-2c-b\/#primaryimage\"},\"image\":{\"@id\":\"https:\/\/poudresdenarco.com\/produit\/cocaine-rose-2c-b\/#primaryimage\"},\"thumbnailUrl\":\"https:\/\/poudresdenarco.com\/wp-content\/uploads\/2023\/12\/2C-B-Pink-Cocaine.jpg\",\"datePublished\":\"2023-12-25T08:20:46+00:00\",\"dateModified\":\"2025-06-09T17:25:11+00:00\",\"description\":\"Si vous souhaitez acheter de la Coca\u00efne rose 2C-B en ligne, visitez notre boutique en ligne PoudresDenarco. Nous avons des produits de haute qualit\u00e9 comme la Coca\u00efne rose 2C-B \u00e0 vendre. Passez votre commande maintenant !\",\"breadcrumb\":{\"@id\":\"https:\/\/poudresdenarco.com\/produit\/cocaine-rose-2c-b\/#breadcrumb\"},\"inLanguage\":\"es\",\"potentialAction\":[{\"@type\":\"ReadAction\",\"target\":[\"https:\/\/poudresdenarco.com\/produit\/cocaine-rose-2c-b\/\"]}]},{\"@type\":\"ImageObject\",\"inLanguage\":\"es\",\"@id\":\"https:\/\/poudresdenarco.com\/produit\/cocaine-rose-2c-b\/#primaryimage\",\"url\":\"https:\/\/poudresdenarco.com\/wp-content\/uploads\/2023\/12\/2C-B-Pink-Cocaine.jpg\",\"contentUrl\":\"https:\/\/poudresdenarco.com\/wp-content\/uploads\/2023\/12\/2C-B-Pink-Cocaine.jpg\",\"width\":600,\"height\":600,\"caption\":\"Acheter 2C-B-Pink-Cocaine en ligne\"},{\"@type\":\"BreadcrumbList\",\"@id\":\"https:\/\/poudresdenarco.com\/produit\/cocaine-rose-2c-b\/#breadcrumb\",\"itemListElement\":[{\"@type\":\"ListItem\",\"position\":1,\"name\":\"Home\",\"item\":\"https:\/\/poudresdenarco.com\/\"},{\"@type\":\"ListItem\",\"position\":2,\"name\":\"Boutique\",\"item\":\"https:\/\/poudresdenarco.com\/boutique\/\"},{\"@type\":\"ListItem\",\"position\":3,\"name\":\"Coca\u00efne rose 2C-B\"}]},{\"@type\":\"WebSite\",\"@id\":\"https:\/\/poudresdenarco.com\/#website\",\"url\":\"https:\/\/poudresdenarco.com\/\",\"name\":\"Poudresde Narco\",\"description\":\"Acheter de la coca\u00efne et de l&#039;h\u00e9ro\u00efne en ligne\",\"potentialAction\":[{\"@type\":\"SearchAction\",\"target\":{\"@type\":\"EntryPoint\",\"urlTemplate\":\"https:\/\/poudresdenarco.com\/?s={search_term_string}\"},\"query-input\":{\"@type\":\"PropertyValueSpecification\",\"valueRequired\":true,\"valueName\":\"search_term_string\"}}],\"inLanguage\":\"es\"}]}<\/script>\n<!-- \/ Yoast SEO plugin. -->","yoast_head_json":{"title":"Buy Coca\u00efne rose 2C-B Online - Coca\u00efne rose 2C-B for Sale","description":"Si vous souhaitez acheter de la Coca\u00efne rose 2C-B en ligne, visitez notre boutique en ligne PoudresDenarco. Nous avons des produits de haute qualit\u00e9 comme la Coca\u00efne rose 2C-B \u00e0 vendre. Passez votre commande maintenant !","robots":{"index":"index","follow":"follow","max-snippet":"max-snippet:-1","max-image-preview":"max-image-preview:large","max-video-preview":"max-video-preview:-1"},"canonical":"https:\/\/poudresdenarco.com\/es\/producto\/2c-b-cocaina-rosa-comprar\/","og_locale":"es_ES","og_type":"article","og_title":"Buy Coca\u00efne rose 2C-B Online - Coca\u00efne rose 2C-B for Sale","og_description":"Si vous souhaitez acheter de la Coca\u00efne rose 2C-B en ligne, visitez notre boutique en ligne PoudresDenarco. Nous avons des produits de haute qualit\u00e9 comme la Coca\u00efne rose 2C-B \u00e0 vendre. Passez votre commande maintenant !","og_url":"https:\/\/poudresdenarco.com\/es\/producto\/2c-b-cocaina-rosa-comprar\/","og_site_name":"Poudresde Narco","article_modified_time":"2025-06-09T17:25:11+00:00","og_image":[{"width":600,"height":600,"url":"https:\/\/poudresdenarco.com\/wp-content\/uploads\/2023\/12\/2C-B-Pink-Cocaine.jpg","type":"image\/jpeg"}],"twitter_card":"summary_large_image","twitter_misc":{"Tiempo de lectura":"3 minutos"},"schema":{"@context":"https:\/\/schema.org","@graph":[{"@type":"WebPage","@id":"https:\/\/poudresdenarco.com\/produit\/cocaine-rose-2c-b\/","url":"https:\/\/poudresdenarco.com\/produit\/cocaine-rose-2c-b\/","name":"Buy Coca\u00efne rose 2C-B Online - Coca\u00efne rose 2C-B for Sale","isPartOf":{"@id":"https:\/\/poudresdenarco.com\/#website"},"primaryImageOfPage":{"@id":"https:\/\/poudresdenarco.com\/produit\/cocaine-rose-2c-b\/#primaryimage"},"image":{"@id":"https:\/\/poudresdenarco.com\/produit\/cocaine-rose-2c-b\/#primaryimage"},"thumbnailUrl":"https:\/\/poudresdenarco.com\/wp-content\/uploads\/2023\/12\/2C-B-Pink-Cocaine.jpg","datePublished":"2023-12-25T08:20:46+00:00","dateModified":"2025-06-09T17:25:11+00:00","description":"Si vous souhaitez acheter de la Coca\u00efne rose 2C-B en ligne, visitez notre boutique en ligne PoudresDenarco. Nous avons des produits de haute qualit\u00e9 comme la Coca\u00efne rose 2C-B \u00e0 vendre. Passez votre commande maintenant !","breadcrumb":{"@id":"https:\/\/poudresdenarco.com\/produit\/cocaine-rose-2c-b\/#breadcrumb"},"inLanguage":"es","potentialAction":[{"@type":"ReadAction","target":["https:\/\/poudresdenarco.com\/produit\/cocaine-rose-2c-b\/"]}]},{"@type":"ImageObject","inLanguage":"es","@id":"https:\/\/poudresdenarco.com\/produit\/cocaine-rose-2c-b\/#primaryimage","url":"https:\/\/poudresdenarco.com\/wp-content\/uploads\/2023\/12\/2C-B-Pink-Cocaine.jpg","contentUrl":"https:\/\/poudresdenarco.com\/wp-content\/uploads\/2023\/12\/2C-B-Pink-Cocaine.jpg","width":600,"height":600,"caption":"Acheter 2C-B-Pink-Cocaine en ligne"},{"@type":"BreadcrumbList","@id":"https:\/\/poudresdenarco.com\/produit\/cocaine-rose-2c-b\/#breadcrumb","itemListElement":[{"@type":"ListItem","position":1,"name":"Home","item":"https:\/\/poudresdenarco.com\/"},{"@type":"ListItem","position":2,"name":"Boutique","item":"https:\/\/poudresdenarco.com\/boutique\/"},{"@type":"ListItem","position":3,"name":"Coca\u00efne rose 2C-B"}]},{"@type":"WebSite","@id":"https:\/\/poudresdenarco.com\/#website","url":"https:\/\/poudresdenarco.com\/","name":"Poudresde Narco","description":"Acheter de la coca\u00efne et de l&#039;h\u00e9ro\u00efne en ligne","potentialAction":[{"@type":"SearchAction","target":{"@type":"EntryPoint","urlTemplate":"https:\/\/poudresdenarco.com\/?s={search_term_string}"},"query-input":{"@type":"PropertyValueSpecification","valueRequired":true,"valueName":"search_term_string"}}],"inLanguage":"es"}]}},"_links":{"self":[{"href":"https:\/\/poudresdenarco.com\/es\/wp-json\/wp\/v2\/product\/241","targetHints":{"allow":["GET"]}}],"collection":[{"href":"https:\/\/poudresdenarco.com\/es\/wp-json\/wp\/v2\/product"}],"about":[{"href":"https:\/\/poudresdenarco.com\/es\/wp-json\/wp\/v2\/types\/product"}],"replies":[{"embeddable":true,"href":"https:\/\/poudresdenarco.com\/es\/wp-json\/wp\/v2\/comments?post=241"}],"wp:featuredmedia":[{"embeddable":true,"href":"https:\/\/poudresdenarco.com\/es\/wp-json\/wp\/v2\/media\/249"}],"wp:attachment":[{"href":"https:\/\/poudresdenarco.com\/es\/wp-json\/wp\/v2\/media?parent=241"}],"wp:term":[{"taxonomy":"product_cat","embeddable":true,"href":"https:\/\/poudresdenarco.com\/es\/wp-json\/wp\/v2\/product_cat?post=241"},{"taxonomy":"product_tag","embeddable":true,"href":"https:\/\/poudresdenarco.com\/es\/wp-json\/wp\/v2\/product_tag?post=241"}],"curies":[{"name":"wp","href":"https:\/\/api.w.org\/{rel}","templated":true}]}}