{"id":4393,"date":"2024-01-02T09:06:59","date_gmt":"2024-01-02T09:06:59","guid":{"rendered":"https:\/\/unkrautmarkt.com\/narco1\/?post_type=product&#038;p=4393"},"modified":"2025-06-09T00:58:03","modified_gmt":"2025-06-09T00:58:03","slug":"jack-herer","status":"publish","type":"product","link":"https:\/\/poudresdenarco.com\/es\/producto\/jack-herer\/","title":{"rendered":"Jack Herer"},"content":{"rendered":"<h2><strong><span style=\"vertical-align: inherit;\"><span style=\"vertical-align: inherit;\">Comprar Jack Herer en l\u00ednea<\/span><\/span><\/strong><\/h2>\n<p><span style=\"vertical-align: inherit;\"><span style=\"vertical-align: inherit;\">\u00bfQu\u00e9 es la variedad de cannabis conocida como Jack Herer? Si eres un entusiasta del cannabis, probablemente hayas o\u00eddo hablar de esta conocida variedad. Sin embargo, \u00bfconoces su origen y qu\u00e9 la diferencia de otras variedades?<\/span><\/span><\/p>\n<p><span style=\"vertical-align: inherit;\"><span style=\"vertical-align: inherit;\">En esta entrada del blog explicaremos los antecedentes y las caracter\u00edsticas \u00fanicas de Jack Herer, como su popularidad en los Pa\u00edses Bajos, sus cepas parentales, Shiva Skunk y Critical Jack, el impacto que tiene tanto en los usuarios medicinales como recreativos, las particularidades de su perfil de sabor, la composici\u00f3n de sus terpenos y la cantidad de THC que contiene. Explicaremos c\u00f3mo se convirti\u00f3 en un pilar de los coffee shops holandeses y c\u00f3mo Shiva Skunk y Critical Jack son sus antecesores.<\/span><\/span><\/p>\n<p><span style=\"vertical-align: inherit;\"><span style=\"vertical-align: inherit;\">Adem\u00e1s, exploraremos el perfil de sabor, la composici\u00f3n de terpenos, el nivel de THC y los efectos de la cepa Jack Herer en los consumidores que la usan con fines medicinales y recreativos. Posibles beneficios para una variedad de afecciones m\u00e9dicas. Comprender\u00e1 mejor por qu\u00e9 esta cepa es tan apreciada en el mercado del cannabis si conoce las caracter\u00edsticas de esta incre\u00edble cepa.<\/span><\/span><\/p>\n<p><span style=\"vertical-align: inherit;\"><span style=\"vertical-align: inherit;\">Ahora, si\u00e9ntese y prep\u00e1rese para descubrir todo lo que hay que saber sobre la cepa de cannabis Jack Herer, desde su fascinante historia hasta sus numerosos usos modernos.<\/span><\/span><\/p>\n<h3><strong><span style=\"vertical-align: inherit;\"><span style=\"vertical-align: inherit;\">El viaje de Jack Hierr<\/span><\/span><\/strong><\/h3>\n<p><span style=\"vertical-align: inherit;\"><span style=\"vertical-align: inherit;\">La variedad de cannabis conocida como Jack Herer, llamada as\u00ed en honor al famoso autor y activista, tiene una larga historia que se remonta a la d\u00e9cada de 1990. Este h\u00edbrido de predominancia sativa fue desarrollado por Sensi Seeds como tributo a los incansables esfuerzos de Jack por legalizar la marihuana.<\/span><\/span><\/p>\n<p><span style=\"vertical-align: inherit;\"><span style=\"vertical-align: inherit;\">Jack Herer combina Shiva Skunk, Northern Lights #5 y Haze para proporcionar a los consumidores calma f\u00edsica y mental. En sus ancestros se pueden encontrar cepas aut\u00f3ctonas de todo el mundo, como Thai, Colombian Gold, Mexican Sativa, Afghani Indica, South Indian Indica y otras.<\/span><\/span><\/p>\n<p><span style=\"vertical-align: inherit;\"><span style=\"vertical-align: inherit;\">Con el tiempo han surgido muchos fenotipos distintos de Jack Herer con diferentes rasgos, pero como siempre ha sido tan buena, la versi\u00f3n original de Sensi Seeds sigue siendo una de las m\u00e1s buscadas.<\/span><\/span><\/p>\n<p><span style=\"vertical-align: inherit;\"><span style=\"vertical-align: inherit;\">La reputaci\u00f3n de Jack Herer como una de las mejores variedades de cannabis se consolid\u00f3 cuando la revista High Times la incluy\u00f3 repetidamente en su lista de las \u00abdiez mejores variedades\u00bb a lo largo de los a\u00f1os.<\/span><\/span><\/p>\n<p><span style=\"vertical-align: inherit;\"><span style=\"vertical-align: inherit;\">LINAJE Haze: Una popular cepa sativa con efectos energ\u00e9ticos originaria del sur de la India, Tailandia, Colombia y M\u00e9xico.<\/span><\/span><\/p>\n<p><span style=\"vertical-align: inherit;\"><span style=\"vertical-align: inherit;\">Northern Lights #5: Una potente cepa \u00edndica criada en Afganist\u00e1n, conocida por sus efectos calmantes.<\/span><\/span><\/p>\n<p><span style=\"vertical-align: inherit;\"><span style=\"vertical-align: inherit;\">Shiva Skunk: Northern Lights #5 se cruz\u00f3 con la Skunk #1 original y produjo un h\u00edbrido con predominancia \u00edndica. Proporciona relajaci\u00f3n f\u00edsica y estimulaci\u00f3n mental.<\/span><\/span><\/p>\n<p><span style=\"vertical-align: inherit;\"><span style=\"vertical-align: inherit;\">Incluso hoy en d\u00eda, los entusiastas del cannabis que buscan un efecto energizante que no los deje demasiado pegados al sof\u00e1 o somnolientos siguen eligiendo Jack Herer. Debido a sus propiedades integrales, es popular en todo el mundo y se puede utilizar tanto con fines medicinales como recreativos.<\/span><\/span><\/p>\n<h3><strong><span style=\"vertical-align: inherit;\"><span style=\"vertical-align: inherit;\">EXPERIMENTA LOS EFECTOS DE JACK HERER<\/span><\/span><\/strong><\/h3>\n<p><span style=\"vertical-align: inherit;\"><span style=\"vertical-align: inherit;\">Jack Herer es un h\u00edbrido de predominancia sativa que ofrece una experiencia energizante y estimulante. Esta cepa es perfecta para quienes buscan un efecto l\u00facido y concentrado mientras disfrutan de la relajaci\u00f3n y el alivio del estr\u00e9s. No es de extra\u00f1ar que sea una de las favoritas entre los usuarios que buscan mejoras en la productividad o la creatividad.<\/span><\/span><\/p>\n<p><span style=\"vertical-align: inherit;\"><span style=\"vertical-align: inherit;\">Los efectos cerebrales de Jack Herer aparecen r\u00e1pidamente, proporcionando a los usuarios una mayor claridad mental y concentraci\u00f3n. Los efectos energizantes de esta cepa la hacen ideal para mantenerse alerta y atento durante todo el d\u00eda. Junto con estos beneficios cognitivos, los usuarios tambi\u00e9n informan que se sienten animados y euf\u00f3ricos despu\u00e9s de consumir esta cepa.<\/span><\/span><\/p>","protected":false},"excerpt":{"rendered":"<p>Buy Jack Herer Online What is the cannabis strain known as Jack Herer? If you are a seasoned cannabis enthusiast, you have probably heard of this well-known strain. However, do you know its origin and what sets it apart from other strains? This blog post will explain the background and unique characteristics of Jack Herer,&hellip;<\/p>","protected":false},"featured_media":4513,"comment_status":"open","ping_status":"closed","template":"","meta":{"_joinchat":[]},"product_cat":[473],"product_tag":[],"class_list":{"0":"post-4393","1":"product","2":"type-product","3":"status-publish","4":"has-post-thumbnail","6":"product_cat-herbe","8":"first","9":"instock","10":"shipping-taxable","11":"purchasable","12":"product-type-variable","13":"col-xs-6 col-sm-4","14":"col-md-3 col-lg-3","15":"un-4-cols"},"yoast_head":"<!-- This site is optimized with the Yoast SEO plugin v23.8 - https:\/\/yoast.com\/wordpress\/plugins\/seo\/ -->\n<title>Acheter Jack Herer en ligne - Jack Herer \u00e0 vendre - Commander Jack Herer en ligne<\/title>\n<meta name=\"description\" content=\"Si vous souhaitez acheter du Jack Herer, nous sommes le bon choix pour vous. Notre personnel vous aidera \u00e0 acheter du Jack Herer en ligne \u00e0 des prix avantageux. Passez votre commande chez nous !\" \/>\n<meta name=\"robots\" content=\"index, follow, max-snippet:-1, max-image-preview:large, max-video-preview:-1\" \/>\n<link rel=\"canonical\" href=\"https:\/\/poudresdenarco.com\/es\/producto\/jack-herer\/\" \/>\n<meta property=\"og:locale\" content=\"es_ES\" \/>\n<meta property=\"og:type\" content=\"article\" \/>\n<meta property=\"og:title\" content=\"Acheter Jack Herer en ligne - Jack Herer \u00e0 vendre - Commander Jack Herer en ligne\" \/>\n<meta property=\"og:description\" content=\"Si vous souhaitez acheter du Jack Herer, nous sommes le bon choix pour vous. Notre personnel vous aidera \u00e0 acheter du Jack Herer en ligne \u00e0 des prix avantageux. Passez votre commande chez nous !\" \/>\n<meta property=\"og:url\" content=\"https:\/\/poudresdenarco.com\/es\/producto\/jack-herer\/\" \/>\n<meta property=\"og:site_name\" content=\"Poudresde Narco\" \/>\n<meta property=\"article:modified_time\" content=\"2025-06-09T00:58:03+00:00\" \/>\n<meta property=\"og:image\" content=\"https:\/\/poudresdenarco.com\/wp-content\/uploads\/2024\/01\/JACK-HERER.jpg\" \/>\n\t<meta property=\"og:image:width\" content=\"600\" \/>\n\t<meta property=\"og:image:height\" content=\"600\" \/>\n\t<meta property=\"og:image:type\" content=\"image\/jpeg\" \/>\n<meta name=\"twitter:card\" content=\"summary_large_image\" \/>\n<meta name=\"twitter:label1\" content=\"Tiempo de lectura\" \/>\n\t<meta name=\"twitter:data1\" content=\"3 minutos\" \/>\n<script type=\"application\/ld+json\" class=\"yoast-schema-graph\">{\"@context\":\"https:\/\/schema.org\",\"@graph\":[{\"@type\":\"WebPage\",\"@id\":\"https:\/\/poudresdenarco.com\/produit\/jack-herer\/\",\"url\":\"https:\/\/poudresdenarco.com\/produit\/jack-herer\/\",\"name\":\"Acheter Jack Herer en ligne - Jack Herer \u00e0 vendre - Commander Jack Herer en ligne\",\"isPartOf\":{\"@id\":\"https:\/\/poudresdenarco.com\/#website\"},\"primaryImageOfPage\":{\"@id\":\"https:\/\/poudresdenarco.com\/produit\/jack-herer\/#primaryimage\"},\"image\":{\"@id\":\"https:\/\/poudresdenarco.com\/produit\/jack-herer\/#primaryimage\"},\"thumbnailUrl\":\"https:\/\/poudresdenarco.com\/wp-content\/uploads\/2024\/01\/JACK-HERER.jpg\",\"datePublished\":\"2024-01-02T09:06:59+00:00\",\"dateModified\":\"2025-06-09T00:58:03+00:00\",\"description\":\"Si vous souhaitez acheter du Jack Herer, nous sommes le bon choix pour vous. Notre personnel vous aidera \u00e0 acheter du Jack Herer en ligne \u00e0 des prix avantageux. Passez votre commande chez nous !\",\"breadcrumb\":{\"@id\":\"https:\/\/poudresdenarco.com\/produit\/jack-herer\/#breadcrumb\"},\"inLanguage\":\"es\",\"potentialAction\":[{\"@type\":\"ReadAction\",\"target\":[\"https:\/\/poudresdenarco.com\/produit\/jack-herer\/\"]}]},{\"@type\":\"ImageObject\",\"inLanguage\":\"es\",\"@id\":\"https:\/\/poudresdenarco.com\/produit\/jack-herer\/#primaryimage\",\"url\":\"https:\/\/poudresdenarco.com\/wp-content\/uploads\/2024\/01\/JACK-HERER.jpg\",\"contentUrl\":\"https:\/\/poudresdenarco.com\/wp-content\/uploads\/2024\/01\/JACK-HERER.jpg\",\"width\":600,\"height\":600,\"caption\":\"Achetez JACK-HERER en ligne\"},{\"@type\":\"BreadcrumbList\",\"@id\":\"https:\/\/poudresdenarco.com\/produit\/jack-herer\/#breadcrumb\",\"itemListElement\":[{\"@type\":\"ListItem\",\"position\":1,\"name\":\"Home\",\"item\":\"https:\/\/poudresdenarco.com\/\"},{\"@type\":\"ListItem\",\"position\":2,\"name\":\"Boutique\",\"item\":\"https:\/\/poudresdenarco.com\/boutique\/\"},{\"@type\":\"ListItem\",\"position\":3,\"name\":\"Jack Herer\"}]},{\"@type\":\"WebSite\",\"@id\":\"https:\/\/poudresdenarco.com\/#website\",\"url\":\"https:\/\/poudresdenarco.com\/\",\"name\":\"Poudresde Narco\",\"description\":\"Acheter de la coca\u00efne et de l&#039;h\u00e9ro\u00efne en ligne\",\"potentialAction\":[{\"@type\":\"SearchAction\",\"target\":{\"@type\":\"EntryPoint\",\"urlTemplate\":\"https:\/\/poudresdenarco.com\/?s={search_term_string}\"},\"query-input\":{\"@type\":\"PropertyValueSpecification\",\"valueRequired\":true,\"valueName\":\"search_term_string\"}}],\"inLanguage\":\"es\"}]}<\/script>\n<!-- \/ Yoast SEO plugin. -->","yoast_head_json":{"title":"Acheter Jack Herer en ligne - Jack Herer \u00e0 vendre - Commander Jack Herer en ligne","description":"Si vous souhaitez acheter du Jack Herer, nous sommes le bon choix pour vous. Notre personnel vous aidera \u00e0 acheter du Jack Herer en ligne \u00e0 des prix avantageux. Passez votre commande chez nous !","robots":{"index":"index","follow":"follow","max-snippet":"max-snippet:-1","max-image-preview":"max-image-preview:large","max-video-preview":"max-video-preview:-1"},"canonical":"https:\/\/poudresdenarco.com\/es\/producto\/jack-herer\/","og_locale":"es_ES","og_type":"article","og_title":"Acheter Jack Herer en ligne - Jack Herer \u00e0 vendre - Commander Jack Herer en ligne","og_description":"Si vous souhaitez acheter du Jack Herer, nous sommes le bon choix pour vous. Notre personnel vous aidera \u00e0 acheter du Jack Herer en ligne \u00e0 des prix avantageux. Passez votre commande chez nous !","og_url":"https:\/\/poudresdenarco.com\/es\/producto\/jack-herer\/","og_site_name":"Poudresde Narco","article_modified_time":"2025-06-09T00:58:03+00:00","og_image":[{"width":600,"height":600,"url":"https:\/\/poudresdenarco.com\/wp-content\/uploads\/2024\/01\/JACK-HERER.jpg","type":"image\/jpeg"}],"twitter_card":"summary_large_image","twitter_misc":{"Tiempo de lectura":"3 minutos"},"schema":{"@context":"https:\/\/schema.org","@graph":[{"@type":"WebPage","@id":"https:\/\/poudresdenarco.com\/produit\/jack-herer\/","url":"https:\/\/poudresdenarco.com\/produit\/jack-herer\/","name":"Acheter Jack Herer en ligne - Jack Herer \u00e0 vendre - Commander Jack Herer en ligne","isPartOf":{"@id":"https:\/\/poudresdenarco.com\/#website"},"primaryImageOfPage":{"@id":"https:\/\/poudresdenarco.com\/produit\/jack-herer\/#primaryimage"},"image":{"@id":"https:\/\/poudresdenarco.com\/produit\/jack-herer\/#primaryimage"},"thumbnailUrl":"https:\/\/poudresdenarco.com\/wp-content\/uploads\/2024\/01\/JACK-HERER.jpg","datePublished":"2024-01-02T09:06:59+00:00","dateModified":"2025-06-09T00:58:03+00:00","description":"Si vous souhaitez acheter du Jack Herer, nous sommes le bon choix pour vous. Notre personnel vous aidera \u00e0 acheter du Jack Herer en ligne \u00e0 des prix avantageux. Passez votre commande chez nous !","breadcrumb":{"@id":"https:\/\/poudresdenarco.com\/produit\/jack-herer\/#breadcrumb"},"inLanguage":"es","potentialAction":[{"@type":"ReadAction","target":["https:\/\/poudresdenarco.com\/produit\/jack-herer\/"]}]},{"@type":"ImageObject","inLanguage":"es","@id":"https:\/\/poudresdenarco.com\/produit\/jack-herer\/#primaryimage","url":"https:\/\/poudresdenarco.com\/wp-content\/uploads\/2024\/01\/JACK-HERER.jpg","contentUrl":"https:\/\/poudresdenarco.com\/wp-content\/uploads\/2024\/01\/JACK-HERER.jpg","width":600,"height":600,"caption":"Achetez JACK-HERER en ligne"},{"@type":"BreadcrumbList","@id":"https:\/\/poudresdenarco.com\/produit\/jack-herer\/#breadcrumb","itemListElement":[{"@type":"ListItem","position":1,"name":"Home","item":"https:\/\/poudresdenarco.com\/"},{"@type":"ListItem","position":2,"name":"Boutique","item":"https:\/\/poudresdenarco.com\/boutique\/"},{"@type":"ListItem","position":3,"name":"Jack Herer"}]},{"@type":"WebSite","@id":"https:\/\/poudresdenarco.com\/#website","url":"https:\/\/poudresdenarco.com\/","name":"Poudresde Narco","description":"Acheter de la coca\u00efne et de l&#039;h\u00e9ro\u00efne en ligne","potentialAction":[{"@type":"SearchAction","target":{"@type":"EntryPoint","urlTemplate":"https:\/\/poudresdenarco.com\/?s={search_term_string}"},"query-input":{"@type":"PropertyValueSpecification","valueRequired":true,"valueName":"search_term_string"}}],"inLanguage":"es"}]}},"_links":{"self":[{"href":"https:\/\/poudresdenarco.com\/es\/wp-json\/wp\/v2\/product\/4393","targetHints":{"allow":["GET"]}}],"collection":[{"href":"https:\/\/poudresdenarco.com\/es\/wp-json\/wp\/v2\/product"}],"about":[{"href":"https:\/\/poudresdenarco.com\/es\/wp-json\/wp\/v2\/types\/product"}],"replies":[{"embeddable":true,"href":"https:\/\/poudresdenarco.com\/es\/wp-json\/wp\/v2\/comments?post=4393"}],"wp:featuredmedia":[{"embeddable":true,"href":"https:\/\/poudresdenarco.com\/es\/wp-json\/wp\/v2\/media\/4513"}],"wp:attachment":[{"href":"https:\/\/poudresdenarco.com\/es\/wp-json\/wp\/v2\/media?parent=4393"}],"wp:term":[{"taxonomy":"product_cat","embeddable":true,"href":"https:\/\/poudresdenarco.com\/es\/wp-json\/wp\/v2\/product_cat?post=4393"},{"taxonomy":"product_tag","embeddable":true,"href":"https:\/\/poudresdenarco.com\/es\/wp-json\/wp\/v2\/product_tag?post=4393"}],"curies":[{"name":"wp","href":"https:\/\/api.w.org\/{rel}","templated":true}]}}