{"id":4456,"date":"2024-01-02T10:49:48","date_gmt":"2024-01-02T10:49:48","guid":{"rendered":"https:\/\/unkrautmarkt.com\/narco1\/?post_type=product&#038;p=4456"},"modified":"2025-06-02T20:15:55","modified_gmt":"2025-06-02T20:15:55","slug":"amnesie-hash","status":"publish","type":"product","link":"https:\/\/poudresdenarco.com\/es\/producto\/amnesia-hash\/","title":{"rendered":"Amnesia por hach\u00eds"},"content":{"rendered":"<h2><strong><span style=\"vertical-align: inherit;\"><span style=\"vertical-align: inherit;\">COMPRAR AMNESIA HASH ONLINE<\/span><\/span><\/strong><\/h2>\n<h3><strong><span style=\"vertical-align: inherit;\"><span style=\"vertical-align: inherit;\">UN PODER PSICOD\u00c9LICO DE FAMOSA MUNDIAL: AMNESIA HASH<\/span><\/span><\/strong><\/h3>\n<p><span style=\"vertical-align: inherit;\"><span style=\"vertical-align: inherit;\">Con un toque de \u00edndica de monta\u00f1a profunda, el linaje sativa psicod\u00e9lico, largo y maduro, caracter\u00edstico de Amnesia Haze es moderado. Mezclada expertamente a partir de dos razas aut\u00f3ctonas y un h\u00edbrido, esta cepa es una potencia de THC con un efecto que obligar\u00e1 a reconocerlo incluso al conocedor de cannabis m\u00e1s experimentado.<\/span><\/span><\/p>\n<p><span style=\"vertical-align: inherit;\"><span style=\"vertical-align: inherit;\">Cuando se secan con cuidado, los gruesos racimos de flores de Amnesia Haze se vuelven r\u00edgidos al tacto. Las pepitas s\u00f3lidas se han cristalizado tan bien que parecen haber sido suavemente recubiertas de un caramelo brillante que refracta la luz y tiene un sabor a ex\u00f3ticos cardamomo, lima, mejorana y mandarina.<\/span><\/span><\/p>\n<p><span style=\"vertical-align: inherit;\"><span style=\"vertical-align: inherit;\">La Amnesia Haze es muy apreciada para hacer hach\u00eds y otras extracciones debido a su excesiva producci\u00f3n de tricomas. Las cascadas de resina pura de color miel, con un 22 % de THC, son un espect\u00e1culo pegajoso para contemplar y un descubrimiento fragante sin precedentes cuando se calientan y se trituran con veinte toneladas.<\/span><\/span><\/p>\n<h3><strong><span style=\"vertical-align: inherit;\"><span style=\"vertical-align: inherit;\">IMPACTO DE LAS NIEBLAS DE AMNESIA<\/span><\/span><\/strong><\/h3>\n<p><span style=\"vertical-align: inherit;\"><span style=\"vertical-align: inherit;\">Los efectos son potentes aunque dif\u00edciles de evaluar. Un factor importante es la experiencia del usuario. Con esta potente variedad, un principiante en el cannabis puede experimentar su primera experiencia verde. Puedo abusar de ella f\u00e1cilmente porque es muy deliciosa y sedosa.<\/span><\/span><\/p>\n<p><span style=\"vertical-align: inherit;\"><span style=\"vertical-align: inherit;\">Un amante experimentado de las sativa quedar\u00e1 cautivado por la concentraci\u00f3n excepcional y la estimulaci\u00f3n creativa que ofrece esta variedad casi alucin\u00f3gena. El aire libre, con sus entornos vibrantes y su aire animado, resulta muy atractivo. Naturalmente, es muy recomendable simplemente acurrucarse en el sof\u00e1 con un poco de m\u00fasica y pasar una tarde bien aprovechada con amigos y disfrutar de una excursi\u00f3n mental. O atreverse a so\u00f1ar a lo grande y con valent\u00eda.<\/span><\/span><\/p>\n<p><span style=\"vertical-align: inherit;\"><span style=\"vertical-align: inherit;\">A veces puede resultar quim\u00e9rico y tardar quince minutos en activarse por completo sus efectos neuroqu\u00edmicos. Puede que te encuentres fumando un cigarrillo y pregunt\u00e1ndote a qu\u00e9 viene todo ese ruido. Y al momento siguiente te preguntes c\u00f3mo diablos has llegado hasta aqu\u00ed, como una persona con amnesia. Riendo de asombro y moviendo la cabeza como si fuera un colador.<\/span><\/span><\/p>\n<p><span style=\"vertical-align: inherit;\"><span style=\"vertical-align: inherit;\">La Amnesia Haze tiene un sabor c\u00edtrico euf\u00f3rico y un contenido bastante bajo de CBD. Esto la convierte en una cepa \u00fatil para fines terap\u00e9uticos. El efecto psicotr\u00f3pico de la smiley se refiere a terapias para la ansiedad asociada con el dolor, la desesperaci\u00f3n y el trastorno de estr\u00e9s postraum\u00e1tico.<\/span><\/span><\/p>\n<h3><strong><span style=\"vertical-align: inherit;\"><span style=\"vertical-align: inherit;\">C\u00f3mo inducir la amnesia<\/span><\/span><\/strong><\/h3>\n<p><span style=\"vertical-align: inherit;\"><span style=\"vertical-align: inherit;\">Exterior: Su afinidad natural por los d\u00edas largos y c\u00e1lidos proviene de su ascendencia sativa dominante. La Amnesia Haze cumple mejor con la promesa de la gen\u00e9tica sativa tropical cuanto m\u00e1s cerca est\u00e9 del ecuador. Obtendr\u00e1s resultados excepcionales en el sur de Espa\u00f1a, el norte de Australia, el norte de \u00c1frica e incluso el norte de California.<\/span><\/span><\/p>\n<p><span style=\"vertical-align: inherit;\"><span style=\"vertical-align: inherit;\">Si se plantan semillas para toda una temporada, se garantizan plantas monstruosas con largas lanzas de densos racimos de flores, que pueden tardar de doce a catorce semanas en madurar por completo. Una planta Amnesia Haze bien cuidada, si se comienza con tierra 100 % org\u00e1nica de primera calidad enriquecida con suplementos org\u00e1nicos de temporada, producir\u00e1 una gran cantidad de cogollos fragantes.<\/span><\/span><\/p>\n<p><span style=\"vertical-align: inherit;\"><span style=\"vertical-align: inherit;\">En interiores, reci\u00e9n salida del armario de clones, Amnesia Haze expresa importantes rasgos sativa y tiende a estirarse significativamente, especialmente en condiciones de iluminaci\u00f3n de 12 horas.<\/span><\/span><\/p>\n<p><span style=\"vertical-align: inherit;\"><span style=\"vertical-align: inherit;\">La Amnesia Haze prefiere estar bien alimentada, pero puede caer r\u00e1pidamente en la zona t\u00f3xica, como muchas otras sativas. Por lo tanto, a la hora de medir los nutrientes, es recomendable tener cuidado.<\/span><\/span><\/p>\n<p><span style=\"vertical-align: inherit;\"><span style=\"vertical-align: inherit;\">Cuando las flores est\u00e1n en temporada, es realmente una cuesti\u00f3n de paciencia. Los brotes largos con hojas delgadas pueden tardar doce semanas en abrirse por completo. \u00a1Algunos rasgos exigentes pueden tardar veinte!<\/span><\/span><\/p>\n<p><span style=\"vertical-align: inherit;\"><span style=\"vertical-align: inherit;\">Las plantas crecen lentamente, pero cuando lo hacen, producen un producto denso y bellamente cristalizado que pesa 600 g\/m\u00b2 bajo una luz de 600 W. Biodisponibilidad. \u00a1Eso es todo! Consulta nuestra gu\u00eda completa sobre c\u00f3mo usar nuestro hach\u00eds de CBD aqu\u00ed.<\/span><\/span><\/p>","protected":false},"excerpt":{"rendered":"<p>BUY AMNESIA HASH ONLINE A WORLD FAMOUS PSYCHEDELIC POWER: AMNESIA HASH With a hint of deep mountain indica, Amnesia Haze\u2019s signature long and mature psychedelic sativa lineage is restrained. Expertly blended from two landraces and a hybrid, this strain is a THC powerhouse with an effect that will force even the most seasoned cannabis connoisseur&hellip;<\/p>","protected":false},"featured_media":4523,"comment_status":"open","ping_status":"closed","template":"","meta":{"_joinchat":[]},"product_cat":[474],"product_tag":[],"class_list":{"0":"post-4456","1":"product","2":"type-product","3":"status-publish","4":"has-post-thumbnail","6":"product_cat-haschisch","8":"first","9":"instock","10":"shipping-taxable","11":"purchasable","12":"product-type-variable","13":"col-xs-6 col-sm-4","14":"col-md-3 col-lg-3","15":"un-4-cols"},"yoast_head":"<!-- This site is optimized with the Yoast SEO plugin v23.8 - https:\/\/yoast.com\/wordpress\/plugins\/seo\/ -->\n<title>Acheter du haschisch Amnesia en ligne - Vente de haschisch Amnesia<\/title>\n<meta name=\"description\" content=\"O\u00f9 acheter Amnesia Hash en ligne au meilleur prix ? Trouvez du Hash Amnesia de haute qualit\u00e9 \u00e0 vendre dans notre boutique en ligne s\u00e9curis\u00e9e, r\u00e9pondant \u00e0 vos besoins de recherche. Commandez maintenant !\" \/>\n<meta name=\"robots\" content=\"index, follow, max-snippet:-1, max-image-preview:large, max-video-preview:-1\" \/>\n<link rel=\"canonical\" href=\"https:\/\/poudresdenarco.com\/es\/producto\/amnesia-hash\/\" \/>\n<meta property=\"og:locale\" content=\"es_ES\" \/>\n<meta property=\"og:type\" content=\"article\" \/>\n<meta property=\"og:title\" content=\"Acheter du haschisch Amnesia en ligne - Vente de haschisch Amnesia\" \/>\n<meta property=\"og:description\" content=\"O\u00f9 acheter Amnesia Hash en ligne au meilleur prix ? Trouvez du Hash Amnesia de haute qualit\u00e9 \u00e0 vendre dans notre boutique en ligne s\u00e9curis\u00e9e, r\u00e9pondant \u00e0 vos besoins de recherche. Commandez maintenant !\" \/>\n<meta property=\"og:url\" content=\"https:\/\/poudresdenarco.com\/es\/producto\/amnesia-hash\/\" \/>\n<meta property=\"og:site_name\" content=\"Poudresde Narco\" \/>\n<meta property=\"article:modified_time\" content=\"2025-06-02T20:15:55+00:00\" \/>\n<meta property=\"og:image\" content=\"https:\/\/poudresdenarco.com\/wp-content\/uploads\/2024\/01\/AMNESIA-HASH.jpg\" \/>\n\t<meta property=\"og:image:width\" content=\"600\" \/>\n\t<meta property=\"og:image:height\" content=\"600\" \/>\n\t<meta property=\"og:image:type\" content=\"image\/jpeg\" \/>\n<meta name=\"twitter:card\" content=\"summary_large_image\" \/>\n<meta name=\"twitter:label1\" content=\"Tiempo de lectura\" \/>\n\t<meta name=\"twitter:data1\" content=\"3 minutos\" \/>\n<script type=\"application\/ld+json\" class=\"yoast-schema-graph\">{\"@context\":\"https:\/\/schema.org\",\"@graph\":[{\"@type\":\"WebPage\",\"@id\":\"https:\/\/poudresdenarco.com\/produit\/amnesie-hash\/\",\"url\":\"https:\/\/poudresdenarco.com\/produit\/amnesie-hash\/\",\"name\":\"Acheter du haschisch Amnesia en ligne - Vente de haschisch Amnesia\",\"isPartOf\":{\"@id\":\"https:\/\/poudresdenarco.com\/#website\"},\"primaryImageOfPage\":{\"@id\":\"https:\/\/poudresdenarco.com\/produit\/amnesie-hash\/#primaryimage\"},\"image\":{\"@id\":\"https:\/\/poudresdenarco.com\/produit\/amnesie-hash\/#primaryimage\"},\"thumbnailUrl\":\"https:\/\/poudresdenarco.com\/wp-content\/uploads\/2024\/01\/AMNESIA-HASH.jpg\",\"datePublished\":\"2024-01-02T10:49:48+00:00\",\"dateModified\":\"2025-06-02T20:15:55+00:00\",\"description\":\"O\u00f9 acheter Amnesia Hash en ligne au meilleur prix ? Trouvez du Hash Amnesia de haute qualit\u00e9 \u00e0 vendre dans notre boutique en ligne s\u00e9curis\u00e9e, r\u00e9pondant \u00e0 vos besoins de recherche. Commandez maintenant !\",\"breadcrumb\":{\"@id\":\"https:\/\/poudresdenarco.com\/produit\/amnesie-hash\/#breadcrumb\"},\"inLanguage\":\"es\",\"potentialAction\":[{\"@type\":\"ReadAction\",\"target\":[\"https:\/\/poudresdenarco.com\/produit\/amnesie-hash\/\"]}]},{\"@type\":\"ImageObject\",\"inLanguage\":\"es\",\"@id\":\"https:\/\/poudresdenarco.com\/produit\/amnesie-hash\/#primaryimage\",\"url\":\"https:\/\/poudresdenarco.com\/wp-content\/uploads\/2024\/01\/AMNESIA-HASH.jpg\",\"contentUrl\":\"https:\/\/poudresdenarco.com\/wp-content\/uploads\/2024\/01\/AMNESIA-HASH.jpg\",\"width\":600,\"height\":600,\"caption\":\"Achetez AMNESIA-HASH en ligne\"},{\"@type\":\"BreadcrumbList\",\"@id\":\"https:\/\/poudresdenarco.com\/produit\/amnesie-hash\/#breadcrumb\",\"itemListElement\":[{\"@type\":\"ListItem\",\"position\":1,\"name\":\"Home\",\"item\":\"https:\/\/poudresdenarco.com\/\"},{\"@type\":\"ListItem\",\"position\":2,\"name\":\"Boutique\",\"item\":\"https:\/\/poudresdenarco.com\/boutique\/\"},{\"@type\":\"ListItem\",\"position\":3,\"name\":\"Amn\u00e9sie Hash\"}]},{\"@type\":\"WebSite\",\"@id\":\"https:\/\/poudresdenarco.com\/#website\",\"url\":\"https:\/\/poudresdenarco.com\/\",\"name\":\"Poudresde Narco\",\"description\":\"Acheter de la coca\u00efne et de l&#039;h\u00e9ro\u00efne en ligne\",\"potentialAction\":[{\"@type\":\"SearchAction\",\"target\":{\"@type\":\"EntryPoint\",\"urlTemplate\":\"https:\/\/poudresdenarco.com\/?s={search_term_string}\"},\"query-input\":{\"@type\":\"PropertyValueSpecification\",\"valueRequired\":true,\"valueName\":\"search_term_string\"}}],\"inLanguage\":\"es\"}]}<\/script>\n<!-- \/ Yoast SEO plugin. -->","yoast_head_json":{"title":"Acheter du haschisch Amnesia en ligne - Vente de haschisch Amnesia","description":"O\u00f9 acheter Amnesia Hash en ligne au meilleur prix ? Trouvez du Hash Amnesia de haute qualit\u00e9 \u00e0 vendre dans notre boutique en ligne s\u00e9curis\u00e9e, r\u00e9pondant \u00e0 vos besoins de recherche. Commandez maintenant !","robots":{"index":"index","follow":"follow","max-snippet":"max-snippet:-1","max-image-preview":"max-image-preview:large","max-video-preview":"max-video-preview:-1"},"canonical":"https:\/\/poudresdenarco.com\/es\/producto\/amnesia-hash\/","og_locale":"es_ES","og_type":"article","og_title":"Acheter du haschisch Amnesia en ligne - Vente de haschisch Amnesia","og_description":"O\u00f9 acheter Amnesia Hash en ligne au meilleur prix ? Trouvez du Hash Amnesia de haute qualit\u00e9 \u00e0 vendre dans notre boutique en ligne s\u00e9curis\u00e9e, r\u00e9pondant \u00e0 vos besoins de recherche. Commandez maintenant !","og_url":"https:\/\/poudresdenarco.com\/es\/producto\/amnesia-hash\/","og_site_name":"Poudresde Narco","article_modified_time":"2025-06-02T20:15:55+00:00","og_image":[{"width":600,"height":600,"url":"https:\/\/poudresdenarco.com\/wp-content\/uploads\/2024\/01\/AMNESIA-HASH.jpg","type":"image\/jpeg"}],"twitter_card":"summary_large_image","twitter_misc":{"Tiempo de lectura":"3 minutos"},"schema":{"@context":"https:\/\/schema.org","@graph":[{"@type":"WebPage","@id":"https:\/\/poudresdenarco.com\/produit\/amnesie-hash\/","url":"https:\/\/poudresdenarco.com\/produit\/amnesie-hash\/","name":"Acheter du haschisch Amnesia en ligne - Vente de haschisch Amnesia","isPartOf":{"@id":"https:\/\/poudresdenarco.com\/#website"},"primaryImageOfPage":{"@id":"https:\/\/poudresdenarco.com\/produit\/amnesie-hash\/#primaryimage"},"image":{"@id":"https:\/\/poudresdenarco.com\/produit\/amnesie-hash\/#primaryimage"},"thumbnailUrl":"https:\/\/poudresdenarco.com\/wp-content\/uploads\/2024\/01\/AMNESIA-HASH.jpg","datePublished":"2024-01-02T10:49:48+00:00","dateModified":"2025-06-02T20:15:55+00:00","description":"O\u00f9 acheter Amnesia Hash en ligne au meilleur prix ? Trouvez du Hash Amnesia de haute qualit\u00e9 \u00e0 vendre dans notre boutique en ligne s\u00e9curis\u00e9e, r\u00e9pondant \u00e0 vos besoins de recherche. Commandez maintenant !","breadcrumb":{"@id":"https:\/\/poudresdenarco.com\/produit\/amnesie-hash\/#breadcrumb"},"inLanguage":"es","potentialAction":[{"@type":"ReadAction","target":["https:\/\/poudresdenarco.com\/produit\/amnesie-hash\/"]}]},{"@type":"ImageObject","inLanguage":"es","@id":"https:\/\/poudresdenarco.com\/produit\/amnesie-hash\/#primaryimage","url":"https:\/\/poudresdenarco.com\/wp-content\/uploads\/2024\/01\/AMNESIA-HASH.jpg","contentUrl":"https:\/\/poudresdenarco.com\/wp-content\/uploads\/2024\/01\/AMNESIA-HASH.jpg","width":600,"height":600,"caption":"Achetez AMNESIA-HASH en ligne"},{"@type":"BreadcrumbList","@id":"https:\/\/poudresdenarco.com\/produit\/amnesie-hash\/#breadcrumb","itemListElement":[{"@type":"ListItem","position":1,"name":"Home","item":"https:\/\/poudresdenarco.com\/"},{"@type":"ListItem","position":2,"name":"Boutique","item":"https:\/\/poudresdenarco.com\/boutique\/"},{"@type":"ListItem","position":3,"name":"Amn\u00e9sie Hash"}]},{"@type":"WebSite","@id":"https:\/\/poudresdenarco.com\/#website","url":"https:\/\/poudresdenarco.com\/","name":"Poudresde Narco","description":"Acheter de la coca\u00efne et de l&#039;h\u00e9ro\u00efne en ligne","potentialAction":[{"@type":"SearchAction","target":{"@type":"EntryPoint","urlTemplate":"https:\/\/poudresdenarco.com\/?s={search_term_string}"},"query-input":{"@type":"PropertyValueSpecification","valueRequired":true,"valueName":"search_term_string"}}],"inLanguage":"es"}]}},"_links":{"self":[{"href":"https:\/\/poudresdenarco.com\/es\/wp-json\/wp\/v2\/product\/4456","targetHints":{"allow":["GET"]}}],"collection":[{"href":"https:\/\/poudresdenarco.com\/es\/wp-json\/wp\/v2\/product"}],"about":[{"href":"https:\/\/poudresdenarco.com\/es\/wp-json\/wp\/v2\/types\/product"}],"replies":[{"embeddable":true,"href":"https:\/\/poudresdenarco.com\/es\/wp-json\/wp\/v2\/comments?post=4456"}],"wp:featuredmedia":[{"embeddable":true,"href":"https:\/\/poudresdenarco.com\/es\/wp-json\/wp\/v2\/media\/4523"}],"wp:attachment":[{"href":"https:\/\/poudresdenarco.com\/es\/wp-json\/wp\/v2\/media?parent=4456"}],"wp:term":[{"taxonomy":"product_cat","embeddable":true,"href":"https:\/\/poudresdenarco.com\/es\/wp-json\/wp\/v2\/product_cat?post=4456"},{"taxonomy":"product_tag","embeddable":true,"href":"https:\/\/poudresdenarco.com\/es\/wp-json\/wp\/v2\/product_tag?post=4456"}],"curies":[{"name":"wp","href":"https:\/\/api.w.org\/{rel}","templated":true}]}}