{"id":4457,"date":"2024-01-02T10:54:03","date_gmt":"2024-01-02T10:54:03","guid":{"rendered":"https:\/\/unkrautmarkt.com\/narco1\/?post_type=product&#038;p=4457"},"modified":"2025-06-08T23:15:41","modified_gmt":"2025-06-08T23:15:41","slug":"amnesie-jelly-hash","status":"publish","type":"product","link":"https:\/\/poudresdenarco.com\/es\/producto\/amnesie-jelly-hash\/","title":{"rendered":"Amnesia Jelly Hash"},"content":{"rendered":"<h2><strong><span style=\"vertical-align: inherit;\"><span style=\"vertical-align: inherit;\">Comprar Amnesia Jelly Hash en l\u00ednea<\/span><\/span><\/strong><\/h2>\n<h3><strong><span style=\"vertical-align: inherit;\"><span style=\"vertical-align: inherit;\">NUESTRA HASH DE CBD DE ALTA CALIDAD<\/span><\/span><\/strong><\/h3>\n<ul>\n<li><span style=\"vertical-align: inherit;\"><span style=\"vertical-align: inherit;\">Terpenos de pino muy fuertes.<\/span><\/span><\/li>\n<li><span style=\"vertical-align: inherit;\"><span style=\"vertical-align: inherit;\">Terpenos sativa.<\/span><\/span><\/li>\n<li><span style=\"vertical-align: inherit;\"><span style=\"vertical-align: inherit;\">Contenido muy alto de CBD<\/span><\/span><\/li>\n<li><span style=\"vertical-align: inherit;\"><span style=\"vertical-align: inherit;\">Org\u00e1nico, libre de transg\u00e9nicos y sin pesticidas.<\/span><\/span><\/li>\n<li><span style=\"vertical-align: inherit;\"><span style=\"vertical-align: inherit;\">Delicioso sabor<\/span><\/span><\/li>\n<li><span style=\"vertical-align: inherit;\"><span style=\"vertical-align: inherit;\">100% derivado del c\u00e1\u00f1amo<\/span><\/span><\/li>\n<\/ul>\n<p><span style=\"vertical-align: inherit;\"><span style=\"vertical-align: inherit;\">En interiores, reci\u00e9n salida del armario de clones, Amnesia Haze expresa importantes rasgos sativa y tiende a estirarse significativamente, especialmente en condiciones de iluminaci\u00f3n de 12 horas.<\/span><\/span><\/p>\n<p><span style=\"vertical-align: inherit;\"><span style=\"vertical-align: inherit;\">La Amnesia Haze prefiere estar bien alimentada, pero puede caer r\u00e1pidamente en la zona t\u00f3xica, como muchas otras sativas. Por lo tanto, a la hora de medir los nutrientes, es recomendable tener cuidado.<\/span><\/span><\/p>\n<p><span style=\"vertical-align: inherit;\"><span style=\"vertical-align: inherit;\">Cuando las flores est\u00e1n en temporada, es realmente una cuesti\u00f3n de paciencia. Los brotes largos con hojas delgadas pueden tardar doce semanas en abrirse por completo. \u00a1Algunos rasgos exigentes pueden tardar veinte!<\/span><\/span><\/p>\n<p><span style=\"vertical-align: inherit;\"><span style=\"vertical-align: inherit;\">Las plantas crecen lentamente, pero cuando lo hacen, producen un producto denso y bellamente cristalizado que pesa 600 g\/m\u00b2 bajo una luz de 600 W. Biodisponibilidad. \u00a1Eso es todo! Consulta nuestra gu\u00eda completa sobre c\u00f3mo usar nuestro hach\u00eds de CBD aqu\u00ed.<\/span><\/span><\/p>","protected":false},"excerpt":{"rendered":"<p>Buy Amnesia Jelly Hash Online OUR HIGHEST QUALITY CBD HASH Very strong pine terpenes. Sativa terpenes. Very high CBD content Organic, GMO-free, pesticide-free Delicious flavor 100% hemp derived Indoors, right out of the cloning closet, Amnesia Haze expresses major sativa traits and tends to stretch significantly, especially under 12-hour lighting conditions. Amnesia Haze prefers to&hellip;<\/p>","protected":false},"featured_media":4529,"comment_status":"open","ping_status":"closed","template":"","meta":{"_joinchat":[]},"product_cat":[474],"product_tag":[],"class_list":{"0":"post-4457","1":"product","2":"type-product","3":"status-publish","4":"has-post-thumbnail","6":"product_cat-haschisch","8":"first","9":"instock","10":"shipping-taxable","11":"purchasable","12":"product-type-variable","13":"col-xs-6 col-sm-4","14":"col-md-3 col-lg-3","15":"un-4-cols"},"yoast_head":"<!-- This site is optimized with the Yoast SEO plugin v23.8 - https:\/\/yoast.com\/wordpress\/plugins\/seo\/ -->\n<title>Amnesia Jelly Hash \u00e0 vendre - Acheter Amnesia Jelly Hash en ligne<\/title>\n<meta name=\"description\" content=\"Achetez Amnesia Jelly Hash en vente dans l&#039;une des meilleures boutiques en ligne PoudresDenarco. Nous vous aiderons \u00e0 acheter Amnesia Jelly Hash en ligne de haute qualit\u00e9. Ne tardez pas \u00e0 passer votre commande et profitez des derni\u00e8res r\u00e9ductions !\" \/>\n<meta name=\"robots\" content=\"index, follow, max-snippet:-1, max-image-preview:large, max-video-preview:-1\" \/>\n<link rel=\"canonical\" href=\"https:\/\/poudresdenarco.com\/es\/producto\/amnesie-jelly-hash\/\" \/>\n<meta property=\"og:locale\" content=\"es_ES\" \/>\n<meta property=\"og:type\" content=\"article\" \/>\n<meta property=\"og:title\" content=\"Amnesia Jelly Hash \u00e0 vendre - Acheter Amnesia Jelly Hash en ligne\" \/>\n<meta property=\"og:description\" content=\"Achetez Amnesia Jelly Hash en vente dans l&#039;une des meilleures boutiques en ligne PoudresDenarco. Nous vous aiderons \u00e0 acheter Amnesia Jelly Hash en ligne de haute qualit\u00e9. Ne tardez pas \u00e0 passer votre commande et profitez des derni\u00e8res r\u00e9ductions !\" \/>\n<meta property=\"og:url\" content=\"https:\/\/poudresdenarco.com\/es\/producto\/amnesie-jelly-hash\/\" \/>\n<meta property=\"og:site_name\" content=\"Poudresde Narco\" \/>\n<meta property=\"article:modified_time\" content=\"2025-06-08T23:15:41+00:00\" \/>\n<meta property=\"og:image\" content=\"https:\/\/poudresdenarco.com\/wp-content\/uploads\/2024\/01\/AMNESIA-JELLY-HASH-1.jpg\" \/>\n\t<meta property=\"og:image:width\" content=\"600\" \/>\n\t<meta property=\"og:image:height\" content=\"600\" \/>\n\t<meta property=\"og:image:type\" content=\"image\/jpeg\" \/>\n<meta name=\"twitter:card\" content=\"summary_large_image\" \/>\n<meta name=\"twitter:label1\" content=\"Tiempo de lectura\" \/>\n\t<meta name=\"twitter:data1\" content=\"1 minuto\" \/>\n<script type=\"application\/ld+json\" class=\"yoast-schema-graph\">{\"@context\":\"https:\/\/schema.org\",\"@graph\":[{\"@type\":\"WebPage\",\"@id\":\"https:\/\/poudresdenarco.com\/produit\/amnesie-jelly-hash\/\",\"url\":\"https:\/\/poudresdenarco.com\/produit\/amnesie-jelly-hash\/\",\"name\":\"Amnesia Jelly Hash \u00e0 vendre - Acheter Amnesia Jelly Hash en ligne\",\"isPartOf\":{\"@id\":\"https:\/\/poudresdenarco.com\/#website\"},\"primaryImageOfPage\":{\"@id\":\"https:\/\/poudresdenarco.com\/produit\/amnesie-jelly-hash\/#primaryimage\"},\"image\":{\"@id\":\"https:\/\/poudresdenarco.com\/produit\/amnesie-jelly-hash\/#primaryimage\"},\"thumbnailUrl\":\"https:\/\/poudresdenarco.com\/wp-content\/uploads\/2024\/01\/AMNESIA-JELLY-HASH-1.jpg\",\"datePublished\":\"2024-01-02T10:54:03+00:00\",\"dateModified\":\"2025-06-08T23:15:41+00:00\",\"description\":\"Achetez Amnesia Jelly Hash en vente dans l'une des meilleures boutiques en ligne PoudresDenarco. Nous vous aiderons \u00e0 acheter Amnesia Jelly Hash en ligne de haute qualit\u00e9. Ne tardez pas \u00e0 passer votre commande et profitez des derni\u00e8res r\u00e9ductions !\",\"breadcrumb\":{\"@id\":\"https:\/\/poudresdenarco.com\/produit\/amnesie-jelly-hash\/#breadcrumb\"},\"inLanguage\":\"es\",\"potentialAction\":[{\"@type\":\"ReadAction\",\"target\":[\"https:\/\/poudresdenarco.com\/produit\/amnesie-jelly-hash\/\"]}]},{\"@type\":\"ImageObject\",\"inLanguage\":\"es\",\"@id\":\"https:\/\/poudresdenarco.com\/produit\/amnesie-jelly-hash\/#primaryimage\",\"url\":\"https:\/\/poudresdenarco.com\/wp-content\/uploads\/2024\/01\/AMNESIA-JELLY-HASH-1.jpg\",\"contentUrl\":\"https:\/\/poudresdenarco.com\/wp-content\/uploads\/2024\/01\/AMNESIA-JELLY-HASH-1.jpg\",\"width\":600,\"height\":600,\"caption\":\"Achetez AMNESIA-JELLY-HASH en ligne\"},{\"@type\":\"BreadcrumbList\",\"@id\":\"https:\/\/poudresdenarco.com\/produit\/amnesie-jelly-hash\/#breadcrumb\",\"itemListElement\":[{\"@type\":\"ListItem\",\"position\":1,\"name\":\"Home\",\"item\":\"https:\/\/poudresdenarco.com\/\"},{\"@type\":\"ListItem\",\"position\":2,\"name\":\"Boutique\",\"item\":\"https:\/\/poudresdenarco.com\/boutique\/\"},{\"@type\":\"ListItem\",\"position\":3,\"name\":\"Amn\u00e9sie Jelly Hash\"}]},{\"@type\":\"WebSite\",\"@id\":\"https:\/\/poudresdenarco.com\/#website\",\"url\":\"https:\/\/poudresdenarco.com\/\",\"name\":\"Poudresde Narco\",\"description\":\"Acheter de la coca\u00efne et de l&#039;h\u00e9ro\u00efne en ligne\",\"potentialAction\":[{\"@type\":\"SearchAction\",\"target\":{\"@type\":\"EntryPoint\",\"urlTemplate\":\"https:\/\/poudresdenarco.com\/?s={search_term_string}\"},\"query-input\":{\"@type\":\"PropertyValueSpecification\",\"valueRequired\":true,\"valueName\":\"search_term_string\"}}],\"inLanguage\":\"es\"}]}<\/script>\n<!-- \/ Yoast SEO plugin. -->","yoast_head_json":{"title":"Amnesia Jelly Hash \u00e0 vendre - Acheter Amnesia Jelly Hash en ligne","description":"Achetez Amnesia Jelly Hash en vente dans l'une des meilleures boutiques en ligne PoudresDenarco. Nous vous aiderons \u00e0 acheter Amnesia Jelly Hash en ligne de haute qualit\u00e9. Ne tardez pas \u00e0 passer votre commande et profitez des derni\u00e8res r\u00e9ductions !","robots":{"index":"index","follow":"follow","max-snippet":"max-snippet:-1","max-image-preview":"max-image-preview:large","max-video-preview":"max-video-preview:-1"},"canonical":"https:\/\/poudresdenarco.com\/es\/producto\/amnesie-jelly-hash\/","og_locale":"es_ES","og_type":"article","og_title":"Amnesia Jelly Hash \u00e0 vendre - Acheter Amnesia Jelly Hash en ligne","og_description":"Achetez Amnesia Jelly Hash en vente dans l'une des meilleures boutiques en ligne PoudresDenarco. Nous vous aiderons \u00e0 acheter Amnesia Jelly Hash en ligne de haute qualit\u00e9. Ne tardez pas \u00e0 passer votre commande et profitez des derni\u00e8res r\u00e9ductions !","og_url":"https:\/\/poudresdenarco.com\/es\/producto\/amnesie-jelly-hash\/","og_site_name":"Poudresde Narco","article_modified_time":"2025-06-08T23:15:41+00:00","og_image":[{"width":600,"height":600,"url":"https:\/\/poudresdenarco.com\/wp-content\/uploads\/2024\/01\/AMNESIA-JELLY-HASH-1.jpg","type":"image\/jpeg"}],"twitter_card":"summary_large_image","twitter_misc":{"Tiempo de lectura":"1 minuto"},"schema":{"@context":"https:\/\/schema.org","@graph":[{"@type":"WebPage","@id":"https:\/\/poudresdenarco.com\/produit\/amnesie-jelly-hash\/","url":"https:\/\/poudresdenarco.com\/produit\/amnesie-jelly-hash\/","name":"Amnesia Jelly Hash \u00e0 vendre - Acheter Amnesia Jelly Hash en ligne","isPartOf":{"@id":"https:\/\/poudresdenarco.com\/#website"},"primaryImageOfPage":{"@id":"https:\/\/poudresdenarco.com\/produit\/amnesie-jelly-hash\/#primaryimage"},"image":{"@id":"https:\/\/poudresdenarco.com\/produit\/amnesie-jelly-hash\/#primaryimage"},"thumbnailUrl":"https:\/\/poudresdenarco.com\/wp-content\/uploads\/2024\/01\/AMNESIA-JELLY-HASH-1.jpg","datePublished":"2024-01-02T10:54:03+00:00","dateModified":"2025-06-08T23:15:41+00:00","description":"Achetez Amnesia Jelly Hash en vente dans l'une des meilleures boutiques en ligne PoudresDenarco. Nous vous aiderons \u00e0 acheter Amnesia Jelly Hash en ligne de haute qualit\u00e9. Ne tardez pas \u00e0 passer votre commande et profitez des derni\u00e8res r\u00e9ductions !","breadcrumb":{"@id":"https:\/\/poudresdenarco.com\/produit\/amnesie-jelly-hash\/#breadcrumb"},"inLanguage":"es","potentialAction":[{"@type":"ReadAction","target":["https:\/\/poudresdenarco.com\/produit\/amnesie-jelly-hash\/"]}]},{"@type":"ImageObject","inLanguage":"es","@id":"https:\/\/poudresdenarco.com\/produit\/amnesie-jelly-hash\/#primaryimage","url":"https:\/\/poudresdenarco.com\/wp-content\/uploads\/2024\/01\/AMNESIA-JELLY-HASH-1.jpg","contentUrl":"https:\/\/poudresdenarco.com\/wp-content\/uploads\/2024\/01\/AMNESIA-JELLY-HASH-1.jpg","width":600,"height":600,"caption":"Achetez AMNESIA-JELLY-HASH en ligne"},{"@type":"BreadcrumbList","@id":"https:\/\/poudresdenarco.com\/produit\/amnesie-jelly-hash\/#breadcrumb","itemListElement":[{"@type":"ListItem","position":1,"name":"Home","item":"https:\/\/poudresdenarco.com\/"},{"@type":"ListItem","position":2,"name":"Boutique","item":"https:\/\/poudresdenarco.com\/boutique\/"},{"@type":"ListItem","position":3,"name":"Amn\u00e9sie Jelly Hash"}]},{"@type":"WebSite","@id":"https:\/\/poudresdenarco.com\/#website","url":"https:\/\/poudresdenarco.com\/","name":"Poudresde Narco","description":"Acheter de la coca\u00efne et de l&#039;h\u00e9ro\u00efne en ligne","potentialAction":[{"@type":"SearchAction","target":{"@type":"EntryPoint","urlTemplate":"https:\/\/poudresdenarco.com\/?s={search_term_string}"},"query-input":{"@type":"PropertyValueSpecification","valueRequired":true,"valueName":"search_term_string"}}],"inLanguage":"es"}]}},"_links":{"self":[{"href":"https:\/\/poudresdenarco.com\/es\/wp-json\/wp\/v2\/product\/4457","targetHints":{"allow":["GET"]}}],"collection":[{"href":"https:\/\/poudresdenarco.com\/es\/wp-json\/wp\/v2\/product"}],"about":[{"href":"https:\/\/poudresdenarco.com\/es\/wp-json\/wp\/v2\/types\/product"}],"replies":[{"embeddable":true,"href":"https:\/\/poudresdenarco.com\/es\/wp-json\/wp\/v2\/comments?post=4457"}],"wp:featuredmedia":[{"embeddable":true,"href":"https:\/\/poudresdenarco.com\/es\/wp-json\/wp\/v2\/media\/4529"}],"wp:attachment":[{"href":"https:\/\/poudresdenarco.com\/es\/wp-json\/wp\/v2\/media?parent=4457"}],"wp:term":[{"taxonomy":"product_cat","embeddable":true,"href":"https:\/\/poudresdenarco.com\/es\/wp-json\/wp\/v2\/product_cat?post=4457"},{"taxonomy":"product_tag","embeddable":true,"href":"https:\/\/poudresdenarco.com\/es\/wp-json\/wp\/v2\/product_tag?post=4457"}],"curies":[{"name":"wp","href":"https:\/\/api.w.org\/{rel}","templated":true}]}}