{"id":4481,"date":"2024-01-02T11:16:09","date_gmt":"2024-01-02T11:16:09","guid":{"rendered":"https:\/\/unkrautmarkt.com\/narco1\/?post_type=product&#038;p=4481"},"modified":"2025-06-04T01:22:54","modified_gmt":"2025-06-04T01:22:54","slug":"hachis-marocain","status":"publish","type":"product","link":"https:\/\/poudresdenarco.com\/es\/producto\/hachis-marroqui\/","title":{"rendered":"Carne picada marroqu\u00ed"},"content":{"rendered":"<h2><strong><span style=\"vertical-align: inherit;\"><span style=\"vertical-align: inherit;\">Comprar hach\u00eds marroqu\u00ed online<\/span><\/span><\/strong><\/h2>\n<h3><strong><span style=\"vertical-align: inherit;\"><span style=\"vertical-align: inherit;\">Hach\u00eds marroqu\u00ed<\/span><\/span><\/strong><\/h3>\n<h3><span style=\"vertical-align: inherit;\"><span style=\"vertical-align: inherit;\">Los remedios eternos del norte de \u00c1frica<\/span><\/span><\/h3>\n<p><span style=\"vertical-align: inherit;\"><span style=\"vertical-align: inherit;\">El hach\u00eds marroqu\u00ed es un tesoro secreto que aprecian los entusiastas del cannabis de todo el mundo y que se esconde en las misteriosas fronteras del norte de \u00c1frica. Este hist\u00f3rico concentrado de cannabis ha cautivado a los aficionados durante generaciones debido a su potencia, su rica historia y sus procesos de producci\u00f3n tradicionales. En esta publicaci\u00f3n del blog, nos adentramos en el fascinante mundo del hach\u00eds marroqu\u00ed y examinamos su historia, su m\u00e9todo de producci\u00f3n, su importancia cultural y su papel en la cultura contempor\u00e1nea.<\/span><\/span><\/p>\n<h3><strong><span style=\"vertical-align: inherit;\"><span style=\"vertical-align: inherit;\">Los or\u00edgenes del hach\u00eds marroqu\u00ed<\/span><\/span><\/strong><\/h3>\n<p><span style=\"vertical-align: inherit;\"><span style=\"vertical-align: inherit;\">El hach\u00eds marroqu\u00ed tiene una rica y larga historia que se remonta a miles de a\u00f1os. Durante miles de a\u00f1os, la planta de cannabis, o Cannabis sativa, ha crecido de forma silvestre en toda la regi\u00f3n. Se cree que el uso de esta planta como droga recreativa y m\u00e9dica se origin\u00f3 en la regi\u00f3n del Magreb, que incluye el actual Marruecos. <a href=\"https:\/\/poudresdenarco.com\/es\/producto\/hachis-marroqui\/\">Venta de carne picada marroqu\u00ed<\/a><\/span><\/span><\/p>\n<p><span style=\"vertical-align: inherit;\"><span style=\"vertical-align: inherit;\">Los primeros cultivadores de cannabis que raspaban las hojas y flores de la planta para recuperar sus pegajosos tricomas fueron probablemente quienes inventaron el m\u00e9todo de hacer hach\u00eds. Estos procedimientos se desarrollaron con el tiempo, dando lugar a las meticulosas t\u00e9cnicas de liado a mano que todav\u00eda utilizan los artesanos expertos en la actualidad.<\/span><\/span><\/p>\n<h3><span style=\"vertical-align: inherit;\"><span style=\"vertical-align: inherit;\">T\u00e9cnicas para hacer hach\u00eds marroqu\u00ed<\/span><\/span><\/h3>\n<p><span style=\"vertical-align: inherit;\"><span style=\"vertical-align: inherit;\">Hacer hach\u00eds marroqu\u00ed aut\u00e9ntico es un arte en s\u00ed mismo. El primer paso es seleccionar cuidadosamente plantas de cannabis de primera calidad, que suelen ser variedades con un alto contenido de resina. Antes de la cosecha, se les da a las plantas el tiempo suficiente para que alcancen su m\u00e1ximo potencial.<\/span><\/span><\/p>\n<p><span style=\"vertical-align: inherit;\"><span style=\"vertical-align: inherit;\">El \u201ctamizado en seco\u201d es un proceso laborioso que se lleva a cabo despu\u00e9s de la cosecha. Para separar los tricomas resinosos del material vegetal, los agricultores tamizan suavemente el material vegetal a trav\u00e9s de tamices de malla fina. Despu\u00e9s de eso, estos tricomas se comprimen meticulosamente para crear los reconocibles ladrillos o bolas de hach\u00eds.<\/span><\/span><\/p>\n<h3><strong><span style=\"vertical-align: inherit;\"><span style=\"vertical-align: inherit;\">Diferencias y cualidades<\/span><\/span><\/strong><\/h3>\n<p><span style=\"vertical-align: inherit;\"><span style=\"vertical-align: inherit;\">Hay diferentes clases de hach\u00eds marroqu\u00ed y cada una tiene un sabor, un aroma y una intensidad distintos.<\/span><\/span><\/p>","protected":false},"excerpt":{"rendered":"<p>Buy Moroccan Hashish Online Moroccan hash The Eternal Remedies of North Africa Moroccan hash is a secret treasure cherished by cannabis enthusiasts around the world, hidden deep within the mysterious borders of North Africa. This historic cannabis concentrate has captivated aficionados for generations due to its potency, rich history, and traditional production processes. We delve&hellip;<\/p>","protected":false},"featured_media":4534,"comment_status":"open","ping_status":"closed","template":"","meta":{"_joinchat":[]},"product_cat":[474],"product_tag":[],"class_list":{"0":"post-4481","1":"product","2":"type-product","3":"status-publish","4":"has-post-thumbnail","6":"product_cat-haschisch","8":"first","9":"instock","10":"shipping-taxable","11":"purchasable","12":"product-type-variable","13":"col-xs-6 col-sm-4","14":"col-md-3 col-lg-3","15":"un-4-cols"},"yoast_head":"<!-- This site is optimized with the Yoast SEO plugin v23.8 - https:\/\/yoast.com\/wordpress\/plugins\/seo\/ -->\n<title>Hash Morocain \u00e0 vendre - Achetez du Hash Morocain en ligne<\/title>\n<meta name=\"description\" content=\"Vous recherchez une source fiable pour acheter du Hash Morocain en ligne ? Votre recherche s&#039;arr\u00eate ici. Commandez du Hash Morocain en ligne dans notre boutique de confiance et profitez d&#039;un processus d&#039;achat transparent adapt\u00e9 \u00e0 vos besoins de recherche.\" \/>\n<meta name=\"robots\" content=\"index, follow, max-snippet:-1, max-image-preview:large, max-video-preview:-1\" \/>\n<link rel=\"canonical\" href=\"https:\/\/poudresdenarco.com\/es\/producto\/hachis-marroqui\/\" \/>\n<meta property=\"og:locale\" content=\"es_ES\" \/>\n<meta property=\"og:type\" content=\"article\" \/>\n<meta property=\"og:title\" content=\"Hash Morocain \u00e0 vendre - Achetez du Hash Morocain en ligne\" \/>\n<meta property=\"og:description\" content=\"Vous recherchez une source fiable pour acheter du Hash Morocain en ligne ? Votre recherche s&#039;arr\u00eate ici. Commandez du Hash Morocain en ligne dans notre boutique de confiance et profitez d&#039;un processus d&#039;achat transparent adapt\u00e9 \u00e0 vos besoins de recherche.\" \/>\n<meta property=\"og:url\" content=\"https:\/\/poudresdenarco.com\/es\/producto\/hachis-marroqui\/\" \/>\n<meta property=\"og:site_name\" content=\"Poudresde Narco\" \/>\n<meta property=\"article:modified_time\" content=\"2025-06-04T01:22:54+00:00\" \/>\n<meta property=\"og:image\" content=\"https:\/\/poudresdenarco.com\/wp-content\/uploads\/2024\/01\/MORACCAN-HASH.jpg\" \/>\n\t<meta property=\"og:image:width\" content=\"600\" \/>\n\t<meta property=\"og:image:height\" content=\"600\" \/>\n\t<meta property=\"og:image:type\" content=\"image\/jpeg\" \/>\n<meta name=\"twitter:card\" content=\"summary_large_image\" \/>\n<meta name=\"twitter:label1\" content=\"Tiempo de lectura\" \/>\n\t<meta name=\"twitter:data1\" content=\"2 minutos\" \/>\n<script type=\"application\/ld+json\" class=\"yoast-schema-graph\">{\"@context\":\"https:\/\/schema.org\",\"@graph\":[{\"@type\":\"WebPage\",\"@id\":\"https:\/\/poudresdenarco.com\/produit\/hachis-marocain\/\",\"url\":\"https:\/\/poudresdenarco.com\/produit\/hachis-marocain\/\",\"name\":\"Hash Morocain \u00e0 vendre - Achetez du Hash Morocain en ligne\",\"isPartOf\":{\"@id\":\"https:\/\/poudresdenarco.com\/#website\"},\"primaryImageOfPage\":{\"@id\":\"https:\/\/poudresdenarco.com\/produit\/hachis-marocain\/#primaryimage\"},\"image\":{\"@id\":\"https:\/\/poudresdenarco.com\/produit\/hachis-marocain\/#primaryimage\"},\"thumbnailUrl\":\"https:\/\/poudresdenarco.com\/wp-content\/uploads\/2024\/01\/MORACCAN-HASH.jpg\",\"datePublished\":\"2024-01-02T11:16:09+00:00\",\"dateModified\":\"2025-06-04T01:22:54+00:00\",\"description\":\"Vous recherchez une source fiable pour acheter du Hash Morocain en ligne ? Votre recherche s'arr\u00eate ici. Commandez du Hash Morocain en ligne dans notre boutique de confiance et profitez d'un processus d'achat transparent adapt\u00e9 \u00e0 vos besoins de recherche.\",\"breadcrumb\":{\"@id\":\"https:\/\/poudresdenarco.com\/produit\/hachis-marocain\/#breadcrumb\"},\"inLanguage\":\"es\",\"potentialAction\":[{\"@type\":\"ReadAction\",\"target\":[\"https:\/\/poudresdenarco.com\/produit\/hachis-marocain\/\"]}]},{\"@type\":\"ImageObject\",\"inLanguage\":\"es\",\"@id\":\"https:\/\/poudresdenarco.com\/produit\/hachis-marocain\/#primaryimage\",\"url\":\"https:\/\/poudresdenarco.com\/wp-content\/uploads\/2024\/01\/MORACCAN-HASH.jpg\",\"contentUrl\":\"https:\/\/poudresdenarco.com\/wp-content\/uploads\/2024\/01\/MORACCAN-HASH.jpg\",\"width\":600,\"height\":600,\"caption\":\"Achetez du haschisch marocain en ligne\"},{\"@type\":\"BreadcrumbList\",\"@id\":\"https:\/\/poudresdenarco.com\/produit\/hachis-marocain\/#breadcrumb\",\"itemListElement\":[{\"@type\":\"ListItem\",\"position\":1,\"name\":\"Home\",\"item\":\"https:\/\/poudresdenarco.com\/\"},{\"@type\":\"ListItem\",\"position\":2,\"name\":\"Boutique\",\"item\":\"https:\/\/poudresdenarco.com\/boutique\/\"},{\"@type\":\"ListItem\",\"position\":3,\"name\":\"Hachis marocain\"}]},{\"@type\":\"WebSite\",\"@id\":\"https:\/\/poudresdenarco.com\/#website\",\"url\":\"https:\/\/poudresdenarco.com\/\",\"name\":\"Poudresde Narco\",\"description\":\"Acheter de la coca\u00efne et de l&#039;h\u00e9ro\u00efne en ligne\",\"potentialAction\":[{\"@type\":\"SearchAction\",\"target\":{\"@type\":\"EntryPoint\",\"urlTemplate\":\"https:\/\/poudresdenarco.com\/?s={search_term_string}\"},\"query-input\":{\"@type\":\"PropertyValueSpecification\",\"valueRequired\":true,\"valueName\":\"search_term_string\"}}],\"inLanguage\":\"es\"}]}<\/script>\n<!-- \/ Yoast SEO plugin. -->","yoast_head_json":{"title":"Hash Morocain \u00e0 vendre - Achetez du Hash Morocain en ligne","description":"Vous recherchez une source fiable pour acheter du Hash Morocain en ligne ? Votre recherche s'arr\u00eate ici. Commandez du Hash Morocain en ligne dans notre boutique de confiance et profitez d'un processus d'achat transparent adapt\u00e9 \u00e0 vos besoins de recherche.","robots":{"index":"index","follow":"follow","max-snippet":"max-snippet:-1","max-image-preview":"max-image-preview:large","max-video-preview":"max-video-preview:-1"},"canonical":"https:\/\/poudresdenarco.com\/es\/producto\/hachis-marroqui\/","og_locale":"es_ES","og_type":"article","og_title":"Hash Morocain \u00e0 vendre - Achetez du Hash Morocain en ligne","og_description":"Vous recherchez une source fiable pour acheter du Hash Morocain en ligne ? Votre recherche s'arr\u00eate ici. Commandez du Hash Morocain en ligne dans notre boutique de confiance et profitez d'un processus d'achat transparent adapt\u00e9 \u00e0 vos besoins de recherche.","og_url":"https:\/\/poudresdenarco.com\/es\/producto\/hachis-marroqui\/","og_site_name":"Poudresde Narco","article_modified_time":"2025-06-04T01:22:54+00:00","og_image":[{"width":600,"height":600,"url":"https:\/\/poudresdenarco.com\/wp-content\/uploads\/2024\/01\/MORACCAN-HASH.jpg","type":"image\/jpeg"}],"twitter_card":"summary_large_image","twitter_misc":{"Tiempo de lectura":"2 minutos"},"schema":{"@context":"https:\/\/schema.org","@graph":[{"@type":"WebPage","@id":"https:\/\/poudresdenarco.com\/produit\/hachis-marocain\/","url":"https:\/\/poudresdenarco.com\/produit\/hachis-marocain\/","name":"Hash Morocain \u00e0 vendre - Achetez du Hash Morocain en ligne","isPartOf":{"@id":"https:\/\/poudresdenarco.com\/#website"},"primaryImageOfPage":{"@id":"https:\/\/poudresdenarco.com\/produit\/hachis-marocain\/#primaryimage"},"image":{"@id":"https:\/\/poudresdenarco.com\/produit\/hachis-marocain\/#primaryimage"},"thumbnailUrl":"https:\/\/poudresdenarco.com\/wp-content\/uploads\/2024\/01\/MORACCAN-HASH.jpg","datePublished":"2024-01-02T11:16:09+00:00","dateModified":"2025-06-04T01:22:54+00:00","description":"Vous recherchez une source fiable pour acheter du Hash Morocain en ligne ? Votre recherche s'arr\u00eate ici. Commandez du Hash Morocain en ligne dans notre boutique de confiance et profitez d'un processus d'achat transparent adapt\u00e9 \u00e0 vos besoins de recherche.","breadcrumb":{"@id":"https:\/\/poudresdenarco.com\/produit\/hachis-marocain\/#breadcrumb"},"inLanguage":"es","potentialAction":[{"@type":"ReadAction","target":["https:\/\/poudresdenarco.com\/produit\/hachis-marocain\/"]}]},{"@type":"ImageObject","inLanguage":"es","@id":"https:\/\/poudresdenarco.com\/produit\/hachis-marocain\/#primaryimage","url":"https:\/\/poudresdenarco.com\/wp-content\/uploads\/2024\/01\/MORACCAN-HASH.jpg","contentUrl":"https:\/\/poudresdenarco.com\/wp-content\/uploads\/2024\/01\/MORACCAN-HASH.jpg","width":600,"height":600,"caption":"Achetez du haschisch marocain en ligne"},{"@type":"BreadcrumbList","@id":"https:\/\/poudresdenarco.com\/produit\/hachis-marocain\/#breadcrumb","itemListElement":[{"@type":"ListItem","position":1,"name":"Home","item":"https:\/\/poudresdenarco.com\/"},{"@type":"ListItem","position":2,"name":"Boutique","item":"https:\/\/poudresdenarco.com\/boutique\/"},{"@type":"ListItem","position":3,"name":"Hachis marocain"}]},{"@type":"WebSite","@id":"https:\/\/poudresdenarco.com\/#website","url":"https:\/\/poudresdenarco.com\/","name":"Poudresde Narco","description":"Acheter de la coca\u00efne et de l&#039;h\u00e9ro\u00efne en ligne","potentialAction":[{"@type":"SearchAction","target":{"@type":"EntryPoint","urlTemplate":"https:\/\/poudresdenarco.com\/?s={search_term_string}"},"query-input":{"@type":"PropertyValueSpecification","valueRequired":true,"valueName":"search_term_string"}}],"inLanguage":"es"}]}},"_links":{"self":[{"href":"https:\/\/poudresdenarco.com\/es\/wp-json\/wp\/v2\/product\/4481","targetHints":{"allow":["GET"]}}],"collection":[{"href":"https:\/\/poudresdenarco.com\/es\/wp-json\/wp\/v2\/product"}],"about":[{"href":"https:\/\/poudresdenarco.com\/es\/wp-json\/wp\/v2\/types\/product"}],"replies":[{"embeddable":true,"href":"https:\/\/poudresdenarco.com\/es\/wp-json\/wp\/v2\/comments?post=4481"}],"wp:featuredmedia":[{"embeddable":true,"href":"https:\/\/poudresdenarco.com\/es\/wp-json\/wp\/v2\/media\/4534"}],"wp:attachment":[{"href":"https:\/\/poudresdenarco.com\/es\/wp-json\/wp\/v2\/media?parent=4481"}],"wp:term":[{"taxonomy":"product_cat","embeddable":true,"href":"https:\/\/poudresdenarco.com\/es\/wp-json\/wp\/v2\/product_cat?post=4481"},{"taxonomy":"product_tag","embeddable":true,"href":"https:\/\/poudresdenarco.com\/es\/wp-json\/wp\/v2\/product_tag?post=4481"}],"curies":[{"name":"wp","href":"https:\/\/api.w.org\/{rel}","templated":true}]}}