{"id":4482,"date":"2024-01-02T11:17:54","date_gmt":"2024-01-02T11:17:54","guid":{"rendered":"https:\/\/unkrautmarkt.com\/narco1\/?post_type=product&#038;p=4482"},"modified":"2024-08-23T09:22:59","modified_gmt":"2024-08-23T09:22:59","slug":"rolex-hachage","status":"publish","type":"product","link":"https:\/\/poudresdenarco.com\/es\/producto\/rolex-hash\/","title":{"rendered":"Rolex Hachage"},"content":{"rendered":"<h2><strong>Comprar un Rolex Hash en l\u00ednea<\/strong><\/h2>\n<p>Un autre excellent haschich local, le cannabis Rolex AAA+ cultiv\u00e9 en Colombie-Britannique est utilis\u00e9 pour transformer le haschisch. Les consommateurs peuvent constater que de nombreux hachages fabriqu\u00e9s dans le pays s&rsquo;\u00e9cartent des hachages standards. Cela est d\u00fb au fait que la majorit\u00e9 du hasch domestique est compress\u00e9 sous une chaleur extr\u00eame pour produire un produit fini souple, convivial et durable. Les fleurs indica fra\u00eechement cueillies et congel\u00e9es servent de point de d\u00e9part au travail des artistes du hasch. De l\u00e0, les trichomes de THC congel\u00e9s sont extraits, s\u00e9par\u00e9s des mati\u00e8res v\u00e9g\u00e9tales ind\u00e9sirables, press\u00e9s et estampill\u00e9s d&rsquo;un sceau d&rsquo;assurance qualit\u00e9. Apr\u00e8s cela, ces briques de THC pur sont s\u00e9ch\u00e9es dans des circonstances fra\u00eeches et id\u00e9ales pour cr\u00e9er des saveurs plus fortes et plus terreuses et une exp\u00e9rience de fum\u00e9e plus d\u00e9licate et plus douce. Le profil des terp\u00e8nes de nombreuses vari\u00e9t\u00e9s bien connues de la c\u00f4te ouest, notamment BC Kush, Master Kush et Rockstar, est comparable \u00e0 celui de <a href=\"https:\/\/poudresdenarco.com\/es\/producto\/rolex-hash\/\">Rolex Hash<\/a>. Les experts en hasch observeront la concentration inhabituellement \u00e9lev\u00e9e de terp\u00e8nes caryophyll\u00e8ne, qui ajoutent une touche \u00e9pic\u00e9e et des nuances fleuries.<\/p>\n<h3><strong>Definici\u00f3n de hash<\/strong><\/h3>\n<p>Los tricomas o gl\u00e1ndulas de resina de la planta de cannabis constituyen el kief. Se trata esencialmente de un concentrado de THC puro que se ha aislado de otro material vegetal. Los tricomas o gl\u00e1ndulas de resina de la planta de cannabis, que producen THC, se separan de la propia materia vegetal para producir hach\u00eds. Para crear hach\u00eds, o \"hashish\" como algunos lo llaman, el THC puro o kief se suele calentar y prensar en forma de ladrillo. Nuestra Afghani de primera calidad. No hay duda de que el hach\u00eds es del m\u00e1s alto calibre.<\/p>\n<h3><strong>C\u00f3mo encender un hach\u00eds<\/strong><\/h3>\n<p>Hay innumerables formas de consumir hach\u00eds. La forma m\u00e1s sencilla y beneficiosa de consumir hach\u00eds es \"rellenarlo\" o espolvorear una peque\u00f1a cantidad en tu bong o cazoletas de pipa, o combinarlo con tus porros, \u00a1y luego simplemente relajarte!<\/p>","protected":false},"excerpt":{"rendered":"<p>Acheter une Rolex Hash en ligne Un autre excellent haschich local, le cannabis Rolex AAA+ cultiv\u00e9 en Colombie-Britannique est utilis\u00e9 pour transformer le haschisch. Les consommateurs peuvent constater que de nombreux hachages fabriqu\u00e9s dans le pays s&rsquo;\u00e9cartent des hachages standards. Cela est d\u00fb au fait que la majorit\u00e9 du hasch domestique est compress\u00e9 sous une&hellip;<\/p>","protected":false},"featured_media":4536,"comment_status":"open","ping_status":"closed","template":"","meta":{"_joinchat":[]},"product_cat":[474],"product_tag":[],"class_list":{"0":"post-4482","1":"product","2":"type-product","3":"status-publish","4":"has-post-thumbnail","6":"product_cat-haschisch","8":"first","9":"instock","10":"shipping-taxable","11":"purchasable","12":"product-type-variable","13":"col-xs-6 col-sm-4","14":"col-md-3 col-lg-3","15":"un-4-cols"},"yoast_head":"<!-- This site is optimized with the Yoast SEO plugin v23.8 - https:\/\/yoast.com\/wordpress\/plugins\/seo\/ -->\n<title>Achetez du hachage Rolex en ligne - Vente de hachage Rolex<\/title>\n<meta name=\"description\" content=\"Trouvez du Rolex Hash premium \u00e0 vendre dans notre boutique en ligne, offrant une plate-forme s\u00e9curis\u00e9e pour acheter du Rolex Hash en ligne en toute simplicit\u00e9, r\u00e9pondant \u00e0 vos besoins de recherche.\" \/>\n<meta name=\"robots\" content=\"index, follow, max-snippet:-1, max-image-preview:large, max-video-preview:-1\" \/>\n<link rel=\"canonical\" href=\"https:\/\/poudresdenarco.com\/es\/producto\/rolex-hash\/\" \/>\n<meta property=\"og:locale\" content=\"es_ES\" \/>\n<meta property=\"og:type\" content=\"article\" \/>\n<meta property=\"og:title\" content=\"Achetez du hachage Rolex en ligne - Vente de hachage Rolex\" \/>\n<meta property=\"og:description\" content=\"Trouvez du Rolex Hash premium \u00e0 vendre dans notre boutique en ligne, offrant une plate-forme s\u00e9curis\u00e9e pour acheter du Rolex Hash en ligne en toute simplicit\u00e9, r\u00e9pondant \u00e0 vos besoins de recherche.\" \/>\n<meta property=\"og:url\" content=\"https:\/\/poudresdenarco.com\/es\/producto\/rolex-hash\/\" \/>\n<meta property=\"og:site_name\" content=\"Poudresde Narco\" \/>\n<meta property=\"article:modified_time\" content=\"2024-08-23T09:22:59+00:00\" \/>\n<meta property=\"og:image\" content=\"https:\/\/poudresdenarco.com\/wp-content\/uploads\/2024\/01\/ROLEX-HASH.jpg\" \/>\n\t<meta property=\"og:image:width\" content=\"600\" \/>\n\t<meta property=\"og:image:height\" content=\"600\" \/>\n\t<meta property=\"og:image:type\" content=\"image\/jpeg\" \/>\n<meta name=\"twitter:card\" content=\"summary_large_image\" \/>\n<meta name=\"twitter:label1\" content=\"Tiempo de lectura\" \/>\n\t<meta name=\"twitter:data1\" content=\"2 minutos\" \/>\n<script type=\"application\/ld+json\" class=\"yoast-schema-graph\">{\"@context\":\"https:\/\/schema.org\",\"@graph\":[{\"@type\":\"WebPage\",\"@id\":\"https:\/\/poudresdenarco.com\/produit\/rolex-hachage\/\",\"url\":\"https:\/\/poudresdenarco.com\/produit\/rolex-hachage\/\",\"name\":\"Achetez du hachage Rolex en ligne - Vente de hachage Rolex\",\"isPartOf\":{\"@id\":\"https:\/\/poudresdenarco.com\/#website\"},\"primaryImageOfPage\":{\"@id\":\"https:\/\/poudresdenarco.com\/produit\/rolex-hachage\/#primaryimage\"},\"image\":{\"@id\":\"https:\/\/poudresdenarco.com\/produit\/rolex-hachage\/#primaryimage\"},\"thumbnailUrl\":\"https:\/\/poudresdenarco.com\/wp-content\/uploads\/2024\/01\/ROLEX-HASH.jpg\",\"datePublished\":\"2024-01-02T11:17:54+00:00\",\"dateModified\":\"2024-08-23T09:22:59+00:00\",\"description\":\"Trouvez du Rolex Hash premium \u00e0 vendre dans notre boutique en ligne, offrant une plate-forme s\u00e9curis\u00e9e pour acheter du Rolex Hash en ligne en toute simplicit\u00e9, r\u00e9pondant \u00e0 vos besoins de recherche.\",\"breadcrumb\":{\"@id\":\"https:\/\/poudresdenarco.com\/produit\/rolex-hachage\/#breadcrumb\"},\"inLanguage\":\"es\",\"potentialAction\":[{\"@type\":\"ReadAction\",\"target\":[\"https:\/\/poudresdenarco.com\/produit\/rolex-hachage\/\"]}]},{\"@type\":\"ImageObject\",\"inLanguage\":\"es\",\"@id\":\"https:\/\/poudresdenarco.com\/produit\/rolex-hachage\/#primaryimage\",\"url\":\"https:\/\/poudresdenarco.com\/wp-content\/uploads\/2024\/01\/ROLEX-HASH.jpg\",\"contentUrl\":\"https:\/\/poudresdenarco.com\/wp-content\/uploads\/2024\/01\/ROLEX-HASH.jpg\",\"width\":600,\"height\":600,\"caption\":\"Achetez ROLEX-HASH en ligne\"},{\"@type\":\"BreadcrumbList\",\"@id\":\"https:\/\/poudresdenarco.com\/produit\/rolex-hachage\/#breadcrumb\",\"itemListElement\":[{\"@type\":\"ListItem\",\"position\":1,\"name\":\"Home\",\"item\":\"https:\/\/poudresdenarco.com\/\"},{\"@type\":\"ListItem\",\"position\":2,\"name\":\"Boutique\",\"item\":\"https:\/\/poudresdenarco.com\/boutique\/\"},{\"@type\":\"ListItem\",\"position\":3,\"name\":\"Rolex Hachage\"}]},{\"@type\":\"WebSite\",\"@id\":\"https:\/\/poudresdenarco.com\/#website\",\"url\":\"https:\/\/poudresdenarco.com\/\",\"name\":\"Poudresde Narco\",\"description\":\"Acheter de la coca\u00efne et de l&#039;h\u00e9ro\u00efne en ligne\",\"potentialAction\":[{\"@type\":\"SearchAction\",\"target\":{\"@type\":\"EntryPoint\",\"urlTemplate\":\"https:\/\/poudresdenarco.com\/?s={search_term_string}\"},\"query-input\":{\"@type\":\"PropertyValueSpecification\",\"valueRequired\":true,\"valueName\":\"search_term_string\"}}],\"inLanguage\":\"es\"}]}<\/script>\n<!-- \/ Yoast SEO plugin. -->","yoast_head_json":{"title":"Achetez du hachage Rolex en ligne - Vente de hachage Rolex","description":"Trouvez du Rolex Hash premium \u00e0 vendre dans notre boutique en ligne, offrant une plate-forme s\u00e9curis\u00e9e pour acheter du Rolex Hash en ligne en toute simplicit\u00e9, r\u00e9pondant \u00e0 vos besoins de recherche.","robots":{"index":"index","follow":"follow","max-snippet":"max-snippet:-1","max-image-preview":"max-image-preview:large","max-video-preview":"max-video-preview:-1"},"canonical":"https:\/\/poudresdenarco.com\/es\/producto\/rolex-hash\/","og_locale":"es_ES","og_type":"article","og_title":"Achetez du hachage Rolex en ligne - Vente de hachage Rolex","og_description":"Trouvez du Rolex Hash premium \u00e0 vendre dans notre boutique en ligne, offrant une plate-forme s\u00e9curis\u00e9e pour acheter du Rolex Hash en ligne en toute simplicit\u00e9, r\u00e9pondant \u00e0 vos besoins de recherche.","og_url":"https:\/\/poudresdenarco.com\/es\/producto\/rolex-hash\/","og_site_name":"Poudresde Narco","article_modified_time":"2024-08-23T09:22:59+00:00","og_image":[{"width":600,"height":600,"url":"https:\/\/poudresdenarco.com\/wp-content\/uploads\/2024\/01\/ROLEX-HASH.jpg","type":"image\/jpeg"}],"twitter_card":"summary_large_image","twitter_misc":{"Tiempo de lectura":"2 minutos"},"schema":{"@context":"https:\/\/schema.org","@graph":[{"@type":"WebPage","@id":"https:\/\/poudresdenarco.com\/produit\/rolex-hachage\/","url":"https:\/\/poudresdenarco.com\/produit\/rolex-hachage\/","name":"Achetez du hachage Rolex en ligne - Vente de hachage Rolex","isPartOf":{"@id":"https:\/\/poudresdenarco.com\/#website"},"primaryImageOfPage":{"@id":"https:\/\/poudresdenarco.com\/produit\/rolex-hachage\/#primaryimage"},"image":{"@id":"https:\/\/poudresdenarco.com\/produit\/rolex-hachage\/#primaryimage"},"thumbnailUrl":"https:\/\/poudresdenarco.com\/wp-content\/uploads\/2024\/01\/ROLEX-HASH.jpg","datePublished":"2024-01-02T11:17:54+00:00","dateModified":"2024-08-23T09:22:59+00:00","description":"Trouvez du Rolex Hash premium \u00e0 vendre dans notre boutique en ligne, offrant une plate-forme s\u00e9curis\u00e9e pour acheter du Rolex Hash en ligne en toute simplicit\u00e9, r\u00e9pondant \u00e0 vos besoins de recherche.","breadcrumb":{"@id":"https:\/\/poudresdenarco.com\/produit\/rolex-hachage\/#breadcrumb"},"inLanguage":"es","potentialAction":[{"@type":"ReadAction","target":["https:\/\/poudresdenarco.com\/produit\/rolex-hachage\/"]}]},{"@type":"ImageObject","inLanguage":"es","@id":"https:\/\/poudresdenarco.com\/produit\/rolex-hachage\/#primaryimage","url":"https:\/\/poudresdenarco.com\/wp-content\/uploads\/2024\/01\/ROLEX-HASH.jpg","contentUrl":"https:\/\/poudresdenarco.com\/wp-content\/uploads\/2024\/01\/ROLEX-HASH.jpg","width":600,"height":600,"caption":"Achetez ROLEX-HASH en ligne"},{"@type":"BreadcrumbList","@id":"https:\/\/poudresdenarco.com\/produit\/rolex-hachage\/#breadcrumb","itemListElement":[{"@type":"ListItem","position":1,"name":"Home","item":"https:\/\/poudresdenarco.com\/"},{"@type":"ListItem","position":2,"name":"Boutique","item":"https:\/\/poudresdenarco.com\/boutique\/"},{"@type":"ListItem","position":3,"name":"Rolex Hachage"}]},{"@type":"WebSite","@id":"https:\/\/poudresdenarco.com\/#website","url":"https:\/\/poudresdenarco.com\/","name":"Poudresde Narco","description":"Acheter de la coca\u00efne et de l&#039;h\u00e9ro\u00efne en ligne","potentialAction":[{"@type":"SearchAction","target":{"@type":"EntryPoint","urlTemplate":"https:\/\/poudresdenarco.com\/?s={search_term_string}"},"query-input":{"@type":"PropertyValueSpecification","valueRequired":true,"valueName":"search_term_string"}}],"inLanguage":"es"}]}},"_links":{"self":[{"href":"https:\/\/poudresdenarco.com\/es\/wp-json\/wp\/v2\/product\/4482","targetHints":{"allow":["GET"]}}],"collection":[{"href":"https:\/\/poudresdenarco.com\/es\/wp-json\/wp\/v2\/product"}],"about":[{"href":"https:\/\/poudresdenarco.com\/es\/wp-json\/wp\/v2\/types\/product"}],"replies":[{"embeddable":true,"href":"https:\/\/poudresdenarco.com\/es\/wp-json\/wp\/v2\/comments?post=4482"}],"wp:featuredmedia":[{"embeddable":true,"href":"https:\/\/poudresdenarco.com\/es\/wp-json\/wp\/v2\/media\/4536"}],"wp:attachment":[{"href":"https:\/\/poudresdenarco.com\/es\/wp-json\/wp\/v2\/media?parent=4482"}],"wp:term":[{"taxonomy":"product_cat","embeddable":true,"href":"https:\/\/poudresdenarco.com\/es\/wp-json\/wp\/v2\/product_cat?post=4482"},{"taxonomy":"product_tag","embeddable":true,"href":"https:\/\/poudresdenarco.com\/es\/wp-json\/wp\/v2\/product_tag?post=4482"}],"curies":[{"name":"wp","href":"https:\/\/api.w.org\/{rel}","templated":true}]}}