{"id":4754,"date":"2024-10-16T11:01:47","date_gmt":"2024-10-16T11:01:47","guid":{"rendered":"https:\/\/poudresdenarco.com\/?post_type=product&#038;p=4754"},"modified":"2024-12-23T10:09:24","modified_gmt":"2024-12-23T10:09:24","slug":"2-fa","status":"publish","type":"product","link":"https:\/\/poudresdenarco.com\/es\/producto\/2-fa\/","title":{"rendered":"2-FA"},"content":{"rendered":"<h2>Comprar clorhidrato de 2-FA en l\u00ednea<\/h2>\n<p>Bienvenido a poudresdenarco, su fuente fiable para comprar hidrocloruro. <a href=\"https:\/\/poudresdenarco.com\/es\/producto\/2-fa\/\">2-FA<\/a> en l\u00ednea. Como propietarios de poudresdenarco, nos enorgullecemos de ofrecer a los investigadores productos de la m\u00e1s alta calidad y un servicio de atenci\u00f3n al cliente excepcional. En este art\u00edculo, compartiremos las razones de peso por las que deber\u00eda elegir poudresdenarco para comprar clorhidrato de 2-FA, as\u00ed como la seguridad de que ofrecemos env\u00edos a todo el mundo para satisfacer las necesidades de investigadores de todo el mundo.<\/p>\n<h3>Productos de primera calidad :<\/h3>\n<p>En <a href=\"https:\/\/poudresdenarco.com\/es\/\">poudresdenarco<\/a>Como fabricantes de productos qu\u00edmicos para investigaci\u00f3n, damos la m\u00e1xima prioridad a la calidad de nuestros productos. Nuestro clorhidrato de 2-FA se somete a rigurosas medidas de control de calidad para garantizar su pureza, consistencia y dosificaci\u00f3n precisa. Trabajamos con fabricantes y proveedores de renombre para abastecernos s\u00f3lo de productos qu\u00edmicos de la m\u00e1s alta calidad, lo que permite a los investigadores llevar a cabo sus experimentos con confianza. Cuando compra clorhidrato de 2-FA en poudresdenarco, puede estar seguro de que est\u00e1 adquiriendo un producto de la m\u00e1xima calidad.<a href=\"https:\/\/poudresdenarco.com\/es\/producto\/1p-lsd\/\">.<\/a><\/p>\n<h3>Amplia selecci\u00f3n de productos qu\u00edmicos de investigaci\u00f3n :<\/h3>\n<p>poudresdenarco ofrece una amplia selecci\u00f3n de productos qu\u00edmicos de investigaci\u00f3n para satisfacer las diversas necesidades de los investigadores. Nuestra tienda en l\u00ednea ofrece una amplia gama de sustancias de alta calidad, entre ellas <a href=\"https:\/\/en.wikipedia.org\/wiki\/Multi-factor_authentication\">2-FA<\/a>. Tanto si estudia farmacia, qu\u00edmica u otros campos cient\u00edficos, nuestro objetivo es ser su ventanilla \u00fanica para todas sus necesidades qu\u00edmicas de investigaci\u00f3n. Explore nuestra colecci\u00f3n y descubra interesantes posibilidades para su investigaci\u00f3n.<\/p>\n<h4><strong>Comprar 2-FA de Alta Pureza para Investigaci\u00f3n - Narco Powders<\/strong><\/h4>\n<p>Poudres de Narco es su proveedor de confianza para <strong>2-FA calidad de la investigaci\u00f3n<\/strong>dise\u00f1ado exclusivamente para <strong>aplicaciones cient\u00edficas y de laboratorio<\/strong>. Nuestro 2-FA se fabrica siguiendo rigurosas normas de pureza y calidad, lo que garantiza resultados fiables para los profesionales de la qu\u00edmica y la farmacolog\u00eda.<\/p>\n<h3>\u00bfPor qu\u00e9 elegir 2-FA de Poudres de Narco?<\/h3>\n<p>Como <strong>proveedor de 2-FA para investigaci\u00f3n<\/strong>Poudres de Narco se compromete a ofrecer un producto que cumpla las normas m\u00e1s estrictas de calidad y seguridad:<\/p>\n<ul>\n<li><strong>Pureza certificada<\/strong> Cada lote de 2-FA se somete a rigurosas pruebas para garantizar la m\u00e1xima pureza, esencial para los experimentos cient\u00edficos.<\/li>\n<li><strong>Calidad constante<\/strong> Nuestro 2-FA est\u00e1 fabricado para proporcionar resultados estables y precisos que cumplan los requisitos de laboratorio.<\/li>\n<li><strong>Pedidos seguros en l\u00ednea<\/strong> Facilitamos<strong>compra de 2-FA para aplicaciones cient\u00edficas<\/strong>con una plataforma de pedidos segura y conforme a las normas.<\/li>\n<\/ul>\n<h3>Aplicaciones e instrucciones de seguridad<\/h3>\n<p>Le <strong>2-FA<\/strong> de Poudres de Narco se utiliza en diversos contextos de investigaci\u00f3n de laboratorio. Para garantizar un uso seguro y conforme a las normas, proporcionamos protocolos de manipulaci\u00f3n y almacenamiento:<\/p>\n<ul>\n<li><strong>Almacenamiento seguro<\/strong> Almacenar 2-FA en un lugar fresco y seco, alejado de la luz directa.<\/li>\n<li><strong>Manejo de<\/strong> Utilice equipos de protecci\u00f3n individual (EPI) y trabaje en un entorno bien ventilado.<\/li>\n<li><strong>Uso estrictamente reservado a la investigaci\u00f3n<\/strong> Este producto est\u00e1 dise\u00f1ado para profesionales de la investigaci\u00f3n que trabajan en entornos controlados.<\/li>\n<\/ul>\n<h3>Pida 2-FA de calidad para sus estudios de investigaci\u00f3n<\/h3>\n<p>Poudres de Narco es la elecci\u00f3n ideal para un <strong>suministro de 2-FA de alta calidad<\/strong> para la investigaci\u00f3n. <strong>P\u00f3ngase en contacto con nosotros<\/strong> para solicitar un presupuesto o m\u00e1s informaci\u00f3n sobre nuestros productos y servicios para aplicaciones cient\u00edficas.<\/p>\n<p>&nbsp;<\/p>","protected":false},"excerpt":{"rendered":"<p>Acheter du chlorhydrate de 2-FA en ligne Bienvenue chez poudresdenarco, votre source fiable pour acheter du chlorhydrate de 2-FA en ligne. En tant que propri\u00e9taire de poudresdenarco, nous sommes fiers d&rsquo;offrir aux chercheurs des produits de la plus haute qualit\u00e9 et un service client exceptionnel. Dans cet article, nous partagerons les raisons convaincantes pour lesquelles&hellip;<\/p>","protected":false},"featured_media":6151,"comment_status":"open","ping_status":"closed","template":"","meta":{"_joinchat":[]},"product_cat":[558,751],"product_tag":[],"class_list":{"0":"post-4754","1":"product","2":"type-product","3":"status-publish","4":"has-post-thumbnail","6":"product_cat-chimiques-de-recherche","7":"product_cat-stimulants","9":"first","10":"instock","11":"shipping-taxable","12":"purchasable","13":"product-type-variable","14":"col-xs-6 col-sm-4","15":"col-md-3 col-lg-3","16":"un-4-cols"},"yoast_head":"<!-- This site is optimized with the Yoast SEO plugin v23.8 - https:\/\/yoast.com\/wordpress\/plugins\/seo\/ -->\n<title>Acheter 2-FA de Qualit\u00e9 pour la Recherche | Poudres de Narco<\/title>\n<meta name=\"description\" content=\"Fournisseur de 2-FA pour applications scientifiques. Puret\u00e9 garantie pour la recherche en laboratoire chez Poudres de Narco.\" \/>\n<meta name=\"robots\" content=\"index, follow, max-snippet:-1, max-image-preview:large, max-video-preview:-1\" \/>\n<link rel=\"canonical\" href=\"https:\/\/poudresdenarco.com\/es\/producto\/2-fa\/\" \/>\n<meta property=\"og:locale\" content=\"es_ES\" \/>\n<meta property=\"og:type\" content=\"article\" \/>\n<meta property=\"og:title\" content=\"Acheter 2-FA de Qualit\u00e9 pour la Recherche | Poudres de Narco\" \/>\n<meta property=\"og:description\" content=\"Fournisseur de 2-FA pour applications scientifiques. Puret\u00e9 garantie pour la recherche en laboratoire chez Poudres de Narco.\" \/>\n<meta property=\"og:url\" content=\"https:\/\/poudresdenarco.com\/es\/producto\/2-fa\/\" \/>\n<meta property=\"og:site_name\" content=\"Poudresde Narco\" \/>\n<meta property=\"article:modified_time\" content=\"2024-12-23T10:09:24+00:00\" \/>\n<meta property=\"og:image\" content=\"https:\/\/poudresdenarco.com\/wp-content\/uploads\/2024\/10\/2-FA.gif\" \/>\n\t<meta property=\"og:image:width\" content=\"600\" \/>\n\t<meta property=\"og:image:height\" content=\"600\" \/>\n\t<meta property=\"og:image:type\" content=\"image\/gif\" \/>\n<meta name=\"twitter:card\" content=\"summary_large_image\" \/>\n<meta name=\"twitter:label1\" content=\"Tiempo de lectura\" \/>\n\t<meta name=\"twitter:data1\" content=\"3 minutos\" \/>\n<script type=\"application\/ld+json\" class=\"yoast-schema-graph\">{\"@context\":\"https:\/\/schema.org\",\"@graph\":[{\"@type\":\"WebPage\",\"@id\":\"https:\/\/poudresdenarco.com\/produit\/2-fa\/\",\"url\":\"https:\/\/poudresdenarco.com\/produit\/2-fa\/\",\"name\":\"Acheter 2-FA de Qualit\u00e9 pour la Recherche | Poudres de Narco\",\"isPartOf\":{\"@id\":\"https:\/\/poudresdenarco.com\/#website\"},\"primaryImageOfPage\":{\"@id\":\"https:\/\/poudresdenarco.com\/produit\/2-fa\/#primaryimage\"},\"image\":{\"@id\":\"https:\/\/poudresdenarco.com\/produit\/2-fa\/#primaryimage\"},\"thumbnailUrl\":\"https:\/\/poudresdenarco.com\/wp-content\/uploads\/2024\/10\/2-FA.gif\",\"datePublished\":\"2024-10-16T11:01:47+00:00\",\"dateModified\":\"2024-12-23T10:09:24+00:00\",\"description\":\"Fournisseur de 2-FA pour applications scientifiques. Puret\u00e9 garantie pour la recherche en laboratoire chez Poudres de Narco.\",\"breadcrumb\":{\"@id\":\"https:\/\/poudresdenarco.com\/produit\/2-fa\/#breadcrumb\"},\"inLanguage\":\"es\",\"potentialAction\":[{\"@type\":\"ReadAction\",\"target\":[\"https:\/\/poudresdenarco.com\/produit\/2-fa\/\"]}]},{\"@type\":\"ImageObject\",\"inLanguage\":\"es\",\"@id\":\"https:\/\/poudresdenarco.com\/produit\/2-fa\/#primaryimage\",\"url\":\"https:\/\/poudresdenarco.com\/wp-content\/uploads\/2024\/10\/2-FA.gif\",\"contentUrl\":\"https:\/\/poudresdenarco.com\/wp-content\/uploads\/2024\/10\/2-FA.gif\",\"width\":600,\"height\":600,\"caption\":\"2-FA\"},{\"@type\":\"BreadcrumbList\",\"@id\":\"https:\/\/poudresdenarco.com\/produit\/2-fa\/#breadcrumb\",\"itemListElement\":[{\"@type\":\"ListItem\",\"position\":1,\"name\":\"Home\",\"item\":\"https:\/\/poudresdenarco.com\/\"},{\"@type\":\"ListItem\",\"position\":2,\"name\":\"Boutique\",\"item\":\"https:\/\/poudresdenarco.com\/boutique\/\"},{\"@type\":\"ListItem\",\"position\":3,\"name\":\"2-FA\"}]},{\"@type\":\"WebSite\",\"@id\":\"https:\/\/poudresdenarco.com\/#website\",\"url\":\"https:\/\/poudresdenarco.com\/\",\"name\":\"Poudresde Narco\",\"description\":\"Acheter de la coca\u00efne et de l&#039;h\u00e9ro\u00efne en ligne\",\"potentialAction\":[{\"@type\":\"SearchAction\",\"target\":{\"@type\":\"EntryPoint\",\"urlTemplate\":\"https:\/\/poudresdenarco.com\/?s={search_term_string}\"},\"query-input\":{\"@type\":\"PropertyValueSpecification\",\"valueRequired\":true,\"valueName\":\"search_term_string\"}}],\"inLanguage\":\"es\"}]}<\/script>\n<!-- \/ Yoast SEO plugin. -->","yoast_head_json":{"title":"Acheter 2-FA de Qualit\u00e9 pour la Recherche | Poudres de Narco","description":"Fournisseur de 2-FA pour applications scientifiques. Puret\u00e9 garantie pour la recherche en laboratoire chez Poudres de Narco.","robots":{"index":"index","follow":"follow","max-snippet":"max-snippet:-1","max-image-preview":"max-image-preview:large","max-video-preview":"max-video-preview:-1"},"canonical":"https:\/\/poudresdenarco.com\/es\/producto\/2-fa\/","og_locale":"es_ES","og_type":"article","og_title":"Acheter 2-FA de Qualit\u00e9 pour la Recherche | Poudres de Narco","og_description":"Fournisseur de 2-FA pour applications scientifiques. Puret\u00e9 garantie pour la recherche en laboratoire chez Poudres de Narco.","og_url":"https:\/\/poudresdenarco.com\/es\/producto\/2-fa\/","og_site_name":"Poudresde Narco","article_modified_time":"2024-12-23T10:09:24+00:00","og_image":[{"width":600,"height":600,"url":"https:\/\/poudresdenarco.com\/wp-content\/uploads\/2024\/10\/2-FA.gif","type":"image\/gif"}],"twitter_card":"summary_large_image","twitter_misc":{"Tiempo de lectura":"3 minutos"},"schema":{"@context":"https:\/\/schema.org","@graph":[{"@type":"WebPage","@id":"https:\/\/poudresdenarco.com\/produit\/2-fa\/","url":"https:\/\/poudresdenarco.com\/produit\/2-fa\/","name":"Acheter 2-FA de Qualit\u00e9 pour la Recherche | Poudres de Narco","isPartOf":{"@id":"https:\/\/poudresdenarco.com\/#website"},"primaryImageOfPage":{"@id":"https:\/\/poudresdenarco.com\/produit\/2-fa\/#primaryimage"},"image":{"@id":"https:\/\/poudresdenarco.com\/produit\/2-fa\/#primaryimage"},"thumbnailUrl":"https:\/\/poudresdenarco.com\/wp-content\/uploads\/2024\/10\/2-FA.gif","datePublished":"2024-10-16T11:01:47+00:00","dateModified":"2024-12-23T10:09:24+00:00","description":"Fournisseur de 2-FA pour applications scientifiques. Puret\u00e9 garantie pour la recherche en laboratoire chez Poudres de Narco.","breadcrumb":{"@id":"https:\/\/poudresdenarco.com\/produit\/2-fa\/#breadcrumb"},"inLanguage":"es","potentialAction":[{"@type":"ReadAction","target":["https:\/\/poudresdenarco.com\/produit\/2-fa\/"]}]},{"@type":"ImageObject","inLanguage":"es","@id":"https:\/\/poudresdenarco.com\/produit\/2-fa\/#primaryimage","url":"https:\/\/poudresdenarco.com\/wp-content\/uploads\/2024\/10\/2-FA.gif","contentUrl":"https:\/\/poudresdenarco.com\/wp-content\/uploads\/2024\/10\/2-FA.gif","width":600,"height":600,"caption":"2-FA"},{"@type":"BreadcrumbList","@id":"https:\/\/poudresdenarco.com\/produit\/2-fa\/#breadcrumb","itemListElement":[{"@type":"ListItem","position":1,"name":"Home","item":"https:\/\/poudresdenarco.com\/"},{"@type":"ListItem","position":2,"name":"Boutique","item":"https:\/\/poudresdenarco.com\/boutique\/"},{"@type":"ListItem","position":3,"name":"2-FA"}]},{"@type":"WebSite","@id":"https:\/\/poudresdenarco.com\/#website","url":"https:\/\/poudresdenarco.com\/","name":"Poudresde Narco","description":"Acheter de la coca\u00efne et de l&#039;h\u00e9ro\u00efne en ligne","potentialAction":[{"@type":"SearchAction","target":{"@type":"EntryPoint","urlTemplate":"https:\/\/poudresdenarco.com\/?s={search_term_string}"},"query-input":{"@type":"PropertyValueSpecification","valueRequired":true,"valueName":"search_term_string"}}],"inLanguage":"es"}]}},"_links":{"self":[{"href":"https:\/\/poudresdenarco.com\/es\/wp-json\/wp\/v2\/product\/4754","targetHints":{"allow":["GET"]}}],"collection":[{"href":"https:\/\/poudresdenarco.com\/es\/wp-json\/wp\/v2\/product"}],"about":[{"href":"https:\/\/poudresdenarco.com\/es\/wp-json\/wp\/v2\/types\/product"}],"replies":[{"embeddable":true,"href":"https:\/\/poudresdenarco.com\/es\/wp-json\/wp\/v2\/comments?post=4754"}],"wp:featuredmedia":[{"embeddable":true,"href":"https:\/\/poudresdenarco.com\/es\/wp-json\/wp\/v2\/media\/6151"}],"wp:attachment":[{"href":"https:\/\/poudresdenarco.com\/es\/wp-json\/wp\/v2\/media?parent=4754"}],"wp:term":[{"taxonomy":"product_cat","embeddable":true,"href":"https:\/\/poudresdenarco.com\/es\/wp-json\/wp\/v2\/product_cat?post=4754"},{"taxonomy":"product_tag","embeddable":true,"href":"https:\/\/poudresdenarco.com\/es\/wp-json\/wp\/v2\/product_tag?post=4754"}],"curies":[{"name":"wp","href":"https:\/\/api.w.org\/{rel}","templated":true}]}}