{"id":4950,"date":"2024-10-16T11:22:27","date_gmt":"2024-10-16T11:22:27","guid":{"rendered":"https:\/\/poudresdenarco.com\/?post_type=product&#038;p=4950"},"modified":"2024-12-23T09:56:20","modified_gmt":"2024-12-23T09:56:20","slug":"6apb","status":"publish","type":"product","link":"https:\/\/poudresdenarco.com\/es\/producto\/6apb\/","title":{"rendered":"6apb"},"content":{"rendered":"<h2>Comprar 6APB en l\u00ednea<\/h2>\n<p>6-(2-aminopropil) <a href=\"https:\/\/poudresdenarco.com\/es\/producto\/6apb\/\">APB 6<\/a>Como conocido entact\u00f3geno sint\u00e9tico perteneciente a las clases qu\u00edmicas de la fenetilamina y el benzofurano, el benzofurano (tambi\u00e9n conocido como <a href=\"https:\/\/en.wikipedia.org\/wiki\/6-APB\">6-APB<\/a> o bajo la marca Benzofury) produce una gama potente y duradera de efectos entactog\u00e9nicos t\u00edpicos del MDA cuando se administra, incluyendo sedaci\u00f3n, aumento de los sentimientos de empat\u00eda, amor y sociabilidad, relajaci\u00f3n muscular, alivio de la ansiedad y euforia f\u00edsica y cognitiva.<\/p>\n<p>poudresdenarco Investigaci\u00f3n<\/p>\n<h3>SOMOS UN PROVEEDOR MUNDIAL DE PRODUCTOS QU\u00cdMICOS PARA LA INVESTIGACI\u00d3N<\/h3>\n<p>Con respecto a<\/p>\n<p>proveedores de productos qu\u00edmicos de investigaci\u00f3n fiables, controlados, verificados, seguros y autorizados<\/p>\n<p>Presentaci\u00f3n de <a href=\"https:\/\/poudresdenarco.com\/es\/\">poudresdenarco<\/a>Somos un reputado proveedor de productos qu\u00edmicos de investigaci\u00f3n que proporciona materiales de \u00faltima generaci\u00f3n para sus proyectos. Necesita un proveedor en el que pueda confiar para obtener productos qu\u00edmicos 100 % aut\u00e9nticos y puros, y puede estar seguro de ello cuando trabaja con nosotros. Nuestro compromiso con la excelencia y la integridad de la ciencia nos ha convertido en uno de los proveedores m\u00e1s reputados del mercado de Internet, una reputaci\u00f3n que nos esforzamos por mantener y nos tomamos muy en serio.<\/p>\n<p>Nuestros clientes pueden beneficiarse de nuestras diversas opciones de pago, una entrega fiable y la m\u00e1s amplia selecci\u00f3n de productos qu\u00edmicos para investigaci\u00f3n. Con este enfoque, podemos ayudar a un gran n\u00famero de investigadores de todos los continentes a localizar esos materiales de estudio raros y poco estudiados que a menudo tienen el potencial de influir significativamente en los estudios f\u00edsicos, qu\u00edmicos, biol\u00f3gicos o farmac\u00e9uticos. Buscamos continuamente formas de mejorar nuestra oferta y, siempre que es posible, a\u00f1adimos nuevos productos qu\u00edmicos de investigaci\u00f3n a nuestra lista de productos para cumplir nuestro objetivo.<\/p>\n<h3><strong>Comprar 6-APB de gran pureza para investigaci\u00f3n - Narc\u00f3ticos en polvo<\/strong><\/h3>\n<p><strong>Narc\u00f3ticos en polvo<\/strong> es su fuente fiable de <strong>6-APB de gran pureza<\/strong>dise\u00f1ado para <strong>aplicaciones cient\u00edficas de laboratorio<\/strong>. Nuestro 6-APB se produce siguiendo estrictas normas de calidad, lo que garantiza resultados consistentes y fiables para los investigadores en qu\u00edmica y farmacolog\u00eda.<\/p>\n<h3>\u00bfPor qu\u00e9 comprar 6-APB de Poudres de Narco?<\/h3>\n<p>Como <strong>proveedor de 6-APB para investigaci\u00f3n<\/strong>, <strong>Narc\u00f3ticos en polvo<\/strong> se compromete a ofrecer productos de alta calidad adaptados a las necesidades de <strong>laboratorios certificados<\/strong> :<\/p>\n<ul>\n<li><strong>6-APB Alta pureza para laboratorios<\/strong> Cada lote se somete a pruebas rigurosas para garantizar una pureza \u00f3ptima, esencial para aplicaciones cient\u00edficas espec\u00edficas.<\/li>\n<li><strong>Calidad constante y fiable<\/strong> Nuestro 6-APB est\u00e1 formulado para un rendimiento estable, cumpliendo los requisitos de <strong>estudios anal\u00edticos de laboratorio<\/strong>.<\/li>\n<li><strong>Pedidos seguros en l\u00ednea<\/strong> : <strong>Narc\u00f3ticos en polvo<\/strong> facilita<strong>comprar 6-APB online<\/strong> con un proceso de pedido seguro dise\u00f1ado para los profesionales de la investigaci\u00f3n.<\/li>\n<\/ul>\n<h3>Aplicaciones e instrucciones de seguridad<\/h3>\n<p>Le <strong>6-APB para investigaci\u00f3n<\/strong> de <strong>Narc\u00f3ticos en polvo<\/strong> est\u00e1 destinado a <strong>aplicaciones anal\u00edticas y estudios cient\u00edficos<\/strong>. Proporcionamos protocolos detallados para un uso seguro y conforme a las normas:<\/p>\n<ul>\n<li><strong>Almacenamiento seguro<\/strong> Conservar 6-APB en un lugar fresco, seco y protegido de la luz.<\/li>\n<li><strong>Manipulaci\u00f3n con precauciones<\/strong> Utilice equipos de protecci\u00f3n individual (EPI) y trabaje en zonas bien ventiladas.<\/li>\n<li><strong>Uso estrictamente reservado a la investigaci\u00f3n<\/strong> Este producto est\u00e1 dise\u00f1ado para laboratorios e investigadores cualificados que trabajan en entornos controlados.<\/li>\n<\/ul>\n<h3>Pida 6-APB de gran pureza para sus estudios cient\u00edficos<\/h3>\n<p>Con <strong>Narc\u00f3ticos en polvo<\/strong>beneficiarse de <strong>suministro fiable de 6-APB para aplicaciones de laboratorio<\/strong>. <strong>P\u00f3ngase en contacto con nosotros<\/strong> para obtener un presupuesto o m\u00e1s informaci\u00f3n sobre nuestra gama de productos para la investigaci\u00f3n cient\u00edfica.<\/p>\n<p>&nbsp;<\/p>","protected":false},"excerpt":{"rendered":"<p>Acheter 6APB en ligne 6-(2-aminopropyl) APB 6-En tant qu&rsquo;entactog\u00e8ne synth\u00e9tique bien connu appartenant aux classes chimiques de la ph\u00e9n\u00e9thylamine et du benzofurane, le benzofurane (\u00e9galement connu sous le nom de 6-APB ou sous le nom de marque Benzofury) produit une gamme puissante et durable d&rsquo;effets entactog\u00e8nes typiques de type MDA lorsqu&rsquo;il est administr\u00e9, notamment la&hellip;<\/p>","protected":false},"featured_media":6153,"comment_status":"closed","ping_status":"closed","template":"","meta":{"_joinchat":[]},"product_cat":[558,751],"product_tag":[],"class_list":{"0":"post-4950","1":"product","2":"type-product","3":"status-publish","4":"has-post-thumbnail","6":"product_cat-chimiques-de-recherche","7":"product_cat-stimulants","9":"first","10":"instock","11":"shipping-taxable","12":"purchasable","13":"product-type-variable","14":"col-xs-6 col-sm-4","15":"col-md-3 col-lg-3","16":"un-4-cols"},"yoast_head":"<!-- This site is optimized with the Yoast SEO plugin v23.8 - https:\/\/yoast.com\/wordpress\/plugins\/seo\/ -->\n<title>&quot;Acheter 6-APB | Poudres de Narco&quot;<\/title>\n<meta name=\"description\" content=\"Poudres de Narco, fournisseur de 6-APB pour applications scientifiques en laboratoire. Puret\u00e9 et s\u00e9curit\u00e9 garanties pour recherches scientifiques.\" \/>\n<meta name=\"robots\" content=\"index, follow, max-snippet:-1, max-image-preview:large, max-video-preview:-1\" \/>\n<link rel=\"canonical\" href=\"https:\/\/poudresdenarco.com\/es\/producto\/6apb\/\" \/>\n<meta property=\"og:locale\" content=\"es_ES\" \/>\n<meta property=\"og:type\" content=\"article\" \/>\n<meta property=\"og:title\" content=\"&quot;Acheter 6-APB | Poudres de Narco&quot;\" \/>\n<meta property=\"og:description\" content=\"Poudres de Narco, fournisseur de 6-APB pour applications scientifiques en laboratoire. Puret\u00e9 et s\u00e9curit\u00e9 garanties pour recherches scientifiques.\" \/>\n<meta property=\"og:url\" content=\"https:\/\/poudresdenarco.com\/es\/producto\/6apb\/\" \/>\n<meta property=\"og:site_name\" content=\"Poudresde Narco\" \/>\n<meta property=\"article:modified_time\" content=\"2024-12-23T09:56:20+00:00\" \/>\n<meta property=\"og:image\" content=\"https:\/\/poudresdenarco.com\/wp-content\/uploads\/2024\/10\/6apb.gif\" \/>\n\t<meta property=\"og:image:width\" content=\"600\" \/>\n\t<meta property=\"og:image:height\" content=\"600\" \/>\n\t<meta property=\"og:image:type\" content=\"image\/gif\" \/>\n<meta name=\"twitter:card\" content=\"summary_large_image\" \/>\n<meta name=\"twitter:label1\" content=\"Tiempo de lectura\" \/>\n\t<meta name=\"twitter:data1\" content=\"3 minutos\" \/>\n<script type=\"application\/ld+json\" class=\"yoast-schema-graph\">{\"@context\":\"https:\/\/schema.org\",\"@graph\":[{\"@type\":\"WebPage\",\"@id\":\"https:\/\/poudresdenarco.com\/produit\/6apb\/\",\"url\":\"https:\/\/poudresdenarco.com\/produit\/6apb\/\",\"name\":\"\\\"Acheter 6-APB | Poudres de Narco\\\"\",\"isPartOf\":{\"@id\":\"https:\/\/poudresdenarco.com\/#website\"},\"primaryImageOfPage\":{\"@id\":\"https:\/\/poudresdenarco.com\/produit\/6apb\/#primaryimage\"},\"image\":{\"@id\":\"https:\/\/poudresdenarco.com\/produit\/6apb\/#primaryimage\"},\"thumbnailUrl\":\"https:\/\/poudresdenarco.com\/wp-content\/uploads\/2024\/10\/6apb.gif\",\"datePublished\":\"2024-10-16T11:22:27+00:00\",\"dateModified\":\"2024-12-23T09:56:20+00:00\",\"description\":\"Poudres de Narco, fournisseur de 6-APB pour applications scientifiques en laboratoire. Puret\u00e9 et s\u00e9curit\u00e9 garanties pour recherches scientifiques.\",\"breadcrumb\":{\"@id\":\"https:\/\/poudresdenarco.com\/produit\/6apb\/#breadcrumb\"},\"inLanguage\":\"es\",\"potentialAction\":[{\"@type\":\"ReadAction\",\"target\":[\"https:\/\/poudresdenarco.com\/produit\/6apb\/\"]}]},{\"@type\":\"ImageObject\",\"inLanguage\":\"es\",\"@id\":\"https:\/\/poudresdenarco.com\/produit\/6apb\/#primaryimage\",\"url\":\"https:\/\/poudresdenarco.com\/wp-content\/uploads\/2024\/10\/6apb.gif\",\"contentUrl\":\"https:\/\/poudresdenarco.com\/wp-content\/uploads\/2024\/10\/6apb.gif\",\"width\":600,\"height\":600,\"caption\":\"6apb\"},{\"@type\":\"BreadcrumbList\",\"@id\":\"https:\/\/poudresdenarco.com\/produit\/6apb\/#breadcrumb\",\"itemListElement\":[{\"@type\":\"ListItem\",\"position\":1,\"name\":\"Home\",\"item\":\"https:\/\/poudresdenarco.com\/\"},{\"@type\":\"ListItem\",\"position\":2,\"name\":\"Boutique\",\"item\":\"https:\/\/poudresdenarco.com\/boutique\/\"},{\"@type\":\"ListItem\",\"position\":3,\"name\":\"6apb\"}]},{\"@type\":\"WebSite\",\"@id\":\"https:\/\/poudresdenarco.com\/#website\",\"url\":\"https:\/\/poudresdenarco.com\/\",\"name\":\"Poudresde Narco\",\"description\":\"Acheter de la coca\u00efne et de l&#039;h\u00e9ro\u00efne en ligne\",\"potentialAction\":[{\"@type\":\"SearchAction\",\"target\":{\"@type\":\"EntryPoint\",\"urlTemplate\":\"https:\/\/poudresdenarco.com\/?s={search_term_string}\"},\"query-input\":{\"@type\":\"PropertyValueSpecification\",\"valueRequired\":true,\"valueName\":\"search_term_string\"}}],\"inLanguage\":\"es\"}]}<\/script>\n<!-- \/ Yoast SEO plugin. -->","yoast_head_json":{"title":"\"Acheter 6-APB | Poudres de Narco\"","description":"Poudres de Narco, fournisseur de 6-APB pour applications scientifiques en laboratoire. Puret\u00e9 et s\u00e9curit\u00e9 garanties pour recherches scientifiques.","robots":{"index":"index","follow":"follow","max-snippet":"max-snippet:-1","max-image-preview":"max-image-preview:large","max-video-preview":"max-video-preview:-1"},"canonical":"https:\/\/poudresdenarco.com\/es\/producto\/6apb\/","og_locale":"es_ES","og_type":"article","og_title":"\"Acheter 6-APB | Poudres de Narco\"","og_description":"Poudres de Narco, fournisseur de 6-APB pour applications scientifiques en laboratoire. Puret\u00e9 et s\u00e9curit\u00e9 garanties pour recherches scientifiques.","og_url":"https:\/\/poudresdenarco.com\/es\/producto\/6apb\/","og_site_name":"Poudresde Narco","article_modified_time":"2024-12-23T09:56:20+00:00","og_image":[{"width":600,"height":600,"url":"https:\/\/poudresdenarco.com\/wp-content\/uploads\/2024\/10\/6apb.gif","type":"image\/gif"}],"twitter_card":"summary_large_image","twitter_misc":{"Tiempo de lectura":"3 minutos"},"schema":{"@context":"https:\/\/schema.org","@graph":[{"@type":"WebPage","@id":"https:\/\/poudresdenarco.com\/produit\/6apb\/","url":"https:\/\/poudresdenarco.com\/produit\/6apb\/","name":"\"Acheter 6-APB | Poudres de Narco\"","isPartOf":{"@id":"https:\/\/poudresdenarco.com\/#website"},"primaryImageOfPage":{"@id":"https:\/\/poudresdenarco.com\/produit\/6apb\/#primaryimage"},"image":{"@id":"https:\/\/poudresdenarco.com\/produit\/6apb\/#primaryimage"},"thumbnailUrl":"https:\/\/poudresdenarco.com\/wp-content\/uploads\/2024\/10\/6apb.gif","datePublished":"2024-10-16T11:22:27+00:00","dateModified":"2024-12-23T09:56:20+00:00","description":"Poudres de Narco, fournisseur de 6-APB pour applications scientifiques en laboratoire. Puret\u00e9 et s\u00e9curit\u00e9 garanties pour recherches scientifiques.","breadcrumb":{"@id":"https:\/\/poudresdenarco.com\/produit\/6apb\/#breadcrumb"},"inLanguage":"es","potentialAction":[{"@type":"ReadAction","target":["https:\/\/poudresdenarco.com\/produit\/6apb\/"]}]},{"@type":"ImageObject","inLanguage":"es","@id":"https:\/\/poudresdenarco.com\/produit\/6apb\/#primaryimage","url":"https:\/\/poudresdenarco.com\/wp-content\/uploads\/2024\/10\/6apb.gif","contentUrl":"https:\/\/poudresdenarco.com\/wp-content\/uploads\/2024\/10\/6apb.gif","width":600,"height":600,"caption":"6apb"},{"@type":"BreadcrumbList","@id":"https:\/\/poudresdenarco.com\/produit\/6apb\/#breadcrumb","itemListElement":[{"@type":"ListItem","position":1,"name":"Home","item":"https:\/\/poudresdenarco.com\/"},{"@type":"ListItem","position":2,"name":"Boutique","item":"https:\/\/poudresdenarco.com\/boutique\/"},{"@type":"ListItem","position":3,"name":"6apb"}]},{"@type":"WebSite","@id":"https:\/\/poudresdenarco.com\/#website","url":"https:\/\/poudresdenarco.com\/","name":"Poudresde Narco","description":"Acheter de la coca\u00efne et de l&#039;h\u00e9ro\u00efne en ligne","potentialAction":[{"@type":"SearchAction","target":{"@type":"EntryPoint","urlTemplate":"https:\/\/poudresdenarco.com\/?s={search_term_string}"},"query-input":{"@type":"PropertyValueSpecification","valueRequired":true,"valueName":"search_term_string"}}],"inLanguage":"es"}]}},"_links":{"self":[{"href":"https:\/\/poudresdenarco.com\/es\/wp-json\/wp\/v2\/product\/4950","targetHints":{"allow":["GET"]}}],"collection":[{"href":"https:\/\/poudresdenarco.com\/es\/wp-json\/wp\/v2\/product"}],"about":[{"href":"https:\/\/poudresdenarco.com\/es\/wp-json\/wp\/v2\/types\/product"}],"replies":[{"embeddable":true,"href":"https:\/\/poudresdenarco.com\/es\/wp-json\/wp\/v2\/comments?post=4950"}],"wp:featuredmedia":[{"embeddable":true,"href":"https:\/\/poudresdenarco.com\/es\/wp-json\/wp\/v2\/media\/6153"}],"wp:attachment":[{"href":"https:\/\/poudresdenarco.com\/es\/wp-json\/wp\/v2\/media?parent=4950"}],"wp:term":[{"taxonomy":"product_cat","embeddable":true,"href":"https:\/\/poudresdenarco.com\/es\/wp-json\/wp\/v2\/product_cat?post=4950"},{"taxonomy":"product_tag","embeddable":true,"href":"https:\/\/poudresdenarco.com\/es\/wp-json\/wp\/v2\/product_tag?post=4950"}],"curies":[{"name":"wp","href":"https:\/\/api.w.org\/{rel}","templated":true}]}}