{"id":5194,"date":"2024-10-16T11:25:36","date_gmt":"2024-10-16T11:25:36","guid":{"rendered":"https:\/\/poudresdenarco.com\/?post_type=product&#038;p=5194"},"modified":"2024-11-04T08:07:07","modified_gmt":"2024-11-04T08:07:07","slug":"lisotonitazene","status":"publish","type":"product","link":"https:\/\/poudresdenarco.com\/es\/producto\/lisotonitazene\/","title":{"rendered":"isotonitazeno"},"content":{"rendered":"<h2><strong>Comprar isotonitazeno de gran pureza para investigaci\u00f3n <a href=\"https:\/\/cokebricks.com\/de\/produkt\/5f-mdemb-2201\/\">&#8211;<\/a> Narc\u00f3ticos en polvo<\/strong><\/h2>\n<p><strong>Narc\u00f3ticos en polvo<\/strong> es su fuente de confianza para<strong>Isotonitazeno para investigaci\u00f3n<\/strong>dise\u00f1ado exclusivamente para <strong>aplicaciones cient\u00edficas de laboratorio<\/strong>. Nuestro Isotonitazene se produce seg\u00fan rigurosas normas de pureza y calidad, ofreciendo resultados fiables para investigadores en qu\u00edmica y farmacolog\u00eda Isotonitazene en venta<a href=\"https:\/\/poudresdenarco.com\/es\/producto\/4f-pv8\/\">.<\/a><\/p>\n<h3>\u00bfPor qu\u00e9 elegir Isotonitazeno de Poudres de Narco?<\/h3>\n<p>Como <strong>proveedor de isotonitazeno para investigaci\u00f3n<\/strong>, <strong>Narc\u00f3ticos en polvo<\/strong> garantiza productos que cumplen <strong>laboratorios certificados<\/strong> :<\/p>\n<ul>\n<li><strong>Isotonitazeno de gran pureza para laboratorios<\/strong> Cada lote se somete a pruebas rigurosas para garantizar una pureza \u00f3ptima, esencial para <strong>aplicaciones cient\u00edficas de precisi\u00f3n<\/strong>.<\/li>\n<li><strong>Calidad constante y fiable<\/strong> Nuestro Isotonitazeno est\u00e1 formulado para un rendimiento estable y fiable, adaptado a las necesidades de <strong>estudios anal\u00edticos de laboratorio<\/strong>.<\/li>\n<li><strong>Pedidos seguros en l\u00ednea<\/strong> : <strong>Narc\u00f3ticos en polvo<\/strong> facilita<strong>comprar Isotonitazeno online<\/strong>con un proceso de pedido seguro dise\u00f1ado para los profesionales de la investigaci\u00f3n.<\/li>\n<\/ul>\n<h3>Aplicaciones e instrucciones de seguridad<\/h3>\n<p>L'<strong>Isotonitazeno para investigaci\u00f3n<\/strong> de <strong>Narc\u00f3ticos en polvo<\/strong> est\u00e1 dise\u00f1ado espec\u00edficamente para <strong>aplicaciones anal\u00edticas y estudios cient\u00edficos<\/strong>. Proporcionamos instrucciones de seguridad para garantizar un uso correcto y seguro:<\/p>\n<ul>\n<li><strong>Almacenamiento seguro<\/strong> Conserve el Isotonitazeno en un lugar fresco, seco y protegido de la luz para preservar su calidad.<\/li>\n<li><strong>Manipulaci\u00f3n con precauciones<\/strong> Utilice equipos de protecci\u00f3n individual (EPI) y trabaje en un entorno bien ventilado.<\/li>\n<li><strong>Uso estrictamente reservado a la investigaci\u00f3n<\/strong> Este producto est\u00e1 destinado exclusivamente a investigadores cualificados y laboratorios certificados.<\/li>\n<\/ul>\n<h3>Pida isotonitazeno de gran pureza para sus estudios cient\u00edficos<\/h3>\n<p>Con <strong>Narc\u00f3ticos en polvo<\/strong>beneficiarse de <strong>suministro fiable de isotonitazeno para aplicaciones de laboratorio<\/strong>. Nuestras normas de calidad y seguridad hacen que <strong>Narc\u00f3ticos en polvo<\/strong> la elecci\u00f3n de confianza para los profesionales de la investigaci\u00f3n. <strong>P\u00f3ngase en contacto con nosotros<\/strong> para solicitar un presupuesto o saber m\u00e1s sobre nuestra gama de productos de investigaci\u00f3n cient\u00edfica de isotonitazeno de alta pureza en venta.<\/p>","protected":false},"excerpt":{"rendered":"<p>Acheter de l&rsquo;Isotonitaz\u00e8ne de Haute Puret\u00e9 pour la Recherche &#8211; Poudres de Narco Poudres de Narco est votre source de confiance pour l&rsquo;Isotonitaz\u00e8ne de qualit\u00e9 recherche, con\u00e7u exclusivement pour des applications scientifiques en laboratoire. Notre Isotonitaz\u00e8ne est produit selon des normes rigoureuses de puret\u00e9 et de qualit\u00e9, offrant des r\u00e9sultats fiables pour les chercheurs en&hellip;<\/p>","protected":false},"featured_media":5212,"comment_status":"open","ping_status":"closed","template":"","meta":{"_joinchat":[]},"product_cat":[558],"product_tag":[],"class_list":{"0":"post-5194","1":"product","2":"type-product","3":"status-publish","4":"has-post-thumbnail","6":"product_cat-chimiques-de-recherche","8":"first","9":"instock","10":"shipping-taxable","11":"purchasable","12":"product-type-variable","13":"col-xs-6 col-sm-4","14":"col-md-3 col-lg-3","15":"un-4-cols"},"yoast_head":"<!-- This site is optimized with the Yoast SEO plugin v23.8 - https:\/\/yoast.com\/wordpress\/plugins\/seo\/ -->\n<title>Isotonitaz\u00e8ne \u00e0 vendre - Achetez de l&#039;isotonitaz\u00e8ne en ligne<\/title>\n<meta name=\"description\" content=\"Vous recherchez une source fiable pour acheter de la poudre d&#039;isotonitaz\u00e8ne en ligne ? Votre recherche s&#039;arr\u00eate ici. Commandez de la poudre d&#039;isotonitaz\u00e8ne en ligne dans notre magasin de confiance et profitez d&#039;un processus d&#039;achat transparent adapt\u00e9 \u00e0 vos besoins de recherche. Isotonitaz\u00e8ne \u00e0 vendre\" \/>\n<meta name=\"robots\" content=\"index, follow, max-snippet:-1, max-image-preview:large, max-video-preview:-1\" \/>\n<link rel=\"canonical\" href=\"https:\/\/poudresdenarco.com\/es\/producto\/lisotonitazene\/\" \/>\n<meta property=\"og:locale\" content=\"es_ES\" \/>\n<meta property=\"og:type\" content=\"article\" \/>\n<meta property=\"og:title\" content=\"Isotonitaz\u00e8ne \u00e0 vendre - Achetez de l&#039;isotonitaz\u00e8ne en ligne\" \/>\n<meta property=\"og:description\" content=\"Vous recherchez une source fiable pour acheter de la poudre d&#039;isotonitaz\u00e8ne en ligne ? Votre recherche s&#039;arr\u00eate ici. Commandez de la poudre d&#039;isotonitaz\u00e8ne en ligne dans notre magasin de confiance et profitez d&#039;un processus d&#039;achat transparent adapt\u00e9 \u00e0 vos besoins de recherche. Isotonitaz\u00e8ne \u00e0 vendre\" \/>\n<meta property=\"og:url\" content=\"https:\/\/poudresdenarco.com\/es\/producto\/lisotonitazene\/\" \/>\n<meta property=\"og:site_name\" content=\"Poudresde Narco\" \/>\n<meta property=\"article:modified_time\" content=\"2024-11-04T08:07:07+00:00\" \/>\n<meta property=\"og:image\" content=\"https:\/\/poudresdenarco.com\/wp-content\/uploads\/2024\/10\/Asotonitazene.gif\" \/>\n\t<meta property=\"og:image:width\" content=\"600\" \/>\n\t<meta property=\"og:image:height\" content=\"600\" \/>\n\t<meta property=\"og:image:type\" content=\"image\/gif\" \/>\n<meta name=\"twitter:card\" content=\"summary_large_image\" \/>\n<meta name=\"twitter:label1\" content=\"Tiempo de lectura\" \/>\n\t<meta name=\"twitter:data1\" content=\"2 minutos\" \/>\n<script type=\"application\/ld+json\" class=\"yoast-schema-graph\">{\"@context\":\"https:\/\/schema.org\",\"@graph\":[{\"@type\":\"WebPage\",\"@id\":\"https:\/\/poudresdenarco.com\/produit\/lisotonitazene\/\",\"url\":\"https:\/\/poudresdenarco.com\/produit\/lisotonitazene\/\",\"name\":\"Isotonitaz\u00e8ne \u00e0 vendre - Achetez de l'isotonitaz\u00e8ne en ligne\",\"isPartOf\":{\"@id\":\"https:\/\/poudresdenarco.com\/#website\"},\"primaryImageOfPage\":{\"@id\":\"https:\/\/poudresdenarco.com\/produit\/lisotonitazene\/#primaryimage\"},\"image\":{\"@id\":\"https:\/\/poudresdenarco.com\/produit\/lisotonitazene\/#primaryimage\"},\"thumbnailUrl\":\"https:\/\/poudresdenarco.com\/wp-content\/uploads\/2024\/10\/Asotonitazene.gif\",\"datePublished\":\"2024-10-16T11:25:36+00:00\",\"dateModified\":\"2024-11-04T08:07:07+00:00\",\"description\":\"Vous recherchez une source fiable pour acheter de la poudre d'isotonitaz\u00e8ne en ligne ? Votre recherche s'arr\u00eate ici. Commandez de la poudre d'isotonitaz\u00e8ne en ligne dans notre magasin de confiance et profitez d'un processus d'achat transparent adapt\u00e9 \u00e0 vos besoins de recherche. Isotonitaz\u00e8ne \u00e0 vendre\",\"breadcrumb\":{\"@id\":\"https:\/\/poudresdenarco.com\/produit\/lisotonitazene\/#breadcrumb\"},\"inLanguage\":\"es\",\"potentialAction\":[{\"@type\":\"ReadAction\",\"target\":[\"https:\/\/poudresdenarco.com\/produit\/lisotonitazene\/\"]}]},{\"@type\":\"ImageObject\",\"inLanguage\":\"es\",\"@id\":\"https:\/\/poudresdenarco.com\/produit\/lisotonitazene\/#primaryimage\",\"url\":\"https:\/\/poudresdenarco.com\/wp-content\/uploads\/2024\/10\/Asotonitazene.gif\",\"contentUrl\":\"https:\/\/poudresdenarco.com\/wp-content\/uploads\/2024\/10\/Asotonitazene.gif\",\"width\":600,\"height\":600},{\"@type\":\"BreadcrumbList\",\"@id\":\"https:\/\/poudresdenarco.com\/produit\/lisotonitazene\/#breadcrumb\",\"itemListElement\":[{\"@type\":\"ListItem\",\"position\":1,\"name\":\"Home\",\"item\":\"https:\/\/poudresdenarco.com\/\"},{\"@type\":\"ListItem\",\"position\":2,\"name\":\"Boutique\",\"item\":\"https:\/\/poudresdenarco.com\/boutique\/\"},{\"@type\":\"ListItem\",\"position\":3,\"name\":\"l&#8217;isotonitaz\u00e8ne\"}]},{\"@type\":\"WebSite\",\"@id\":\"https:\/\/poudresdenarco.com\/#website\",\"url\":\"https:\/\/poudresdenarco.com\/\",\"name\":\"Poudresde Narco\",\"description\":\"Acheter de la coca\u00efne et de l&#039;h\u00e9ro\u00efne en ligne\",\"potentialAction\":[{\"@type\":\"SearchAction\",\"target\":{\"@type\":\"EntryPoint\",\"urlTemplate\":\"https:\/\/poudresdenarco.com\/?s={search_term_string}\"},\"query-input\":{\"@type\":\"PropertyValueSpecification\",\"valueRequired\":true,\"valueName\":\"search_term_string\"}}],\"inLanguage\":\"es\"}]}<\/script>\n<!-- \/ Yoast SEO plugin. -->","yoast_head_json":{"title":"Isotonitaz\u00e8ne \u00e0 vendre - Achetez de l'isotonitaz\u00e8ne en ligne","description":"Vous recherchez une source fiable pour acheter de la poudre d'isotonitaz\u00e8ne en ligne ? Votre recherche s'arr\u00eate ici. Commandez de la poudre d'isotonitaz\u00e8ne en ligne dans notre magasin de confiance et profitez d'un processus d'achat transparent adapt\u00e9 \u00e0 vos besoins de recherche. Isotonitaz\u00e8ne \u00e0 vendre","robots":{"index":"index","follow":"follow","max-snippet":"max-snippet:-1","max-image-preview":"max-image-preview:large","max-video-preview":"max-video-preview:-1"},"canonical":"https:\/\/poudresdenarco.com\/es\/producto\/lisotonitazene\/","og_locale":"es_ES","og_type":"article","og_title":"Isotonitaz\u00e8ne \u00e0 vendre - Achetez de l'isotonitaz\u00e8ne en ligne","og_description":"Vous recherchez une source fiable pour acheter de la poudre d'isotonitaz\u00e8ne en ligne ? Votre recherche s'arr\u00eate ici. Commandez de la poudre d'isotonitaz\u00e8ne en ligne dans notre magasin de confiance et profitez d'un processus d'achat transparent adapt\u00e9 \u00e0 vos besoins de recherche. Isotonitaz\u00e8ne \u00e0 vendre","og_url":"https:\/\/poudresdenarco.com\/es\/producto\/lisotonitazene\/","og_site_name":"Poudresde Narco","article_modified_time":"2024-11-04T08:07:07+00:00","og_image":[{"width":600,"height":600,"url":"https:\/\/poudresdenarco.com\/wp-content\/uploads\/2024\/10\/Asotonitazene.gif","type":"image\/gif"}],"twitter_card":"summary_large_image","twitter_misc":{"Tiempo de lectura":"2 minutos"},"schema":{"@context":"https:\/\/schema.org","@graph":[{"@type":"WebPage","@id":"https:\/\/poudresdenarco.com\/produit\/lisotonitazene\/","url":"https:\/\/poudresdenarco.com\/produit\/lisotonitazene\/","name":"Isotonitaz\u00e8ne \u00e0 vendre - Achetez de l'isotonitaz\u00e8ne en ligne","isPartOf":{"@id":"https:\/\/poudresdenarco.com\/#website"},"primaryImageOfPage":{"@id":"https:\/\/poudresdenarco.com\/produit\/lisotonitazene\/#primaryimage"},"image":{"@id":"https:\/\/poudresdenarco.com\/produit\/lisotonitazene\/#primaryimage"},"thumbnailUrl":"https:\/\/poudresdenarco.com\/wp-content\/uploads\/2024\/10\/Asotonitazene.gif","datePublished":"2024-10-16T11:25:36+00:00","dateModified":"2024-11-04T08:07:07+00:00","description":"Vous recherchez une source fiable pour acheter de la poudre d'isotonitaz\u00e8ne en ligne ? Votre recherche s'arr\u00eate ici. Commandez de la poudre d'isotonitaz\u00e8ne en ligne dans notre magasin de confiance et profitez d'un processus d'achat transparent adapt\u00e9 \u00e0 vos besoins de recherche. Isotonitaz\u00e8ne \u00e0 vendre","breadcrumb":{"@id":"https:\/\/poudresdenarco.com\/produit\/lisotonitazene\/#breadcrumb"},"inLanguage":"es","potentialAction":[{"@type":"ReadAction","target":["https:\/\/poudresdenarco.com\/produit\/lisotonitazene\/"]}]},{"@type":"ImageObject","inLanguage":"es","@id":"https:\/\/poudresdenarco.com\/produit\/lisotonitazene\/#primaryimage","url":"https:\/\/poudresdenarco.com\/wp-content\/uploads\/2024\/10\/Asotonitazene.gif","contentUrl":"https:\/\/poudresdenarco.com\/wp-content\/uploads\/2024\/10\/Asotonitazene.gif","width":600,"height":600},{"@type":"BreadcrumbList","@id":"https:\/\/poudresdenarco.com\/produit\/lisotonitazene\/#breadcrumb","itemListElement":[{"@type":"ListItem","position":1,"name":"Home","item":"https:\/\/poudresdenarco.com\/"},{"@type":"ListItem","position":2,"name":"Boutique","item":"https:\/\/poudresdenarco.com\/boutique\/"},{"@type":"ListItem","position":3,"name":"l&#8217;isotonitaz\u00e8ne"}]},{"@type":"WebSite","@id":"https:\/\/poudresdenarco.com\/#website","url":"https:\/\/poudresdenarco.com\/","name":"Poudresde Narco","description":"Acheter de la coca\u00efne et de l&#039;h\u00e9ro\u00efne en ligne","potentialAction":[{"@type":"SearchAction","target":{"@type":"EntryPoint","urlTemplate":"https:\/\/poudresdenarco.com\/?s={search_term_string}"},"query-input":{"@type":"PropertyValueSpecification","valueRequired":true,"valueName":"search_term_string"}}],"inLanguage":"es"}]}},"_links":{"self":[{"href":"https:\/\/poudresdenarco.com\/es\/wp-json\/wp\/v2\/product\/5194","targetHints":{"allow":["GET"]}}],"collection":[{"href":"https:\/\/poudresdenarco.com\/es\/wp-json\/wp\/v2\/product"}],"about":[{"href":"https:\/\/poudresdenarco.com\/es\/wp-json\/wp\/v2\/types\/product"}],"replies":[{"embeddable":true,"href":"https:\/\/poudresdenarco.com\/es\/wp-json\/wp\/v2\/comments?post=5194"}],"wp:featuredmedia":[{"embeddable":true,"href":"https:\/\/poudresdenarco.com\/es\/wp-json\/wp\/v2\/media\/5212"}],"wp:attachment":[{"href":"https:\/\/poudresdenarco.com\/es\/wp-json\/wp\/v2\/media?parent=5194"}],"wp:term":[{"taxonomy":"product_cat","embeddable":true,"href":"https:\/\/poudresdenarco.com\/es\/wp-json\/wp\/v2\/product_cat?post=5194"},{"taxonomy":"product_tag","embeddable":true,"href":"https:\/\/poudresdenarco.com\/es\/wp-json\/wp\/v2\/product_tag?post=5194"}],"curies":[{"name":"wp","href":"https:\/\/api.w.org\/{rel}","templated":true}]}}