{"id":5369,"date":"2024-10-16T11:26:58","date_gmt":"2024-10-16T11:26:58","guid":{"rendered":"https:\/\/poudresdenarco.com\/?post_type=product&#038;p=5369"},"modified":"2024-12-23T10:06:49","modified_gmt":"2024-12-23T10:06:49","slug":"a-ppp","status":"publish","type":"product","link":"https:\/\/poudresdenarco.com\/es\/producto\/a-ppp\/","title":{"rendered":"A-PPP"},"content":{"rendered":"<h2><strong>Comprar A-PPP de gran pureza para investigaci\u00f3n <a href=\"https:\/\/poudresdenarco.com\/es\/producto\/comprar-calipsol-ketamina-500mg-10ml\/\">&#8211;<\/a> Narc\u00f3ticos en polvo<\/strong><\/h2>\n<p><strong>Narc\u00f3ticos en polvo<\/strong> es un proveedor fiable de <strong>Calidad de la investigaci\u00f3n A-PPP<\/strong>dise\u00f1ado exclusivamente para <strong>aplicaciones cient\u00edficas de laboratorio<\/strong>. Nuestro A-PPP se produce de acuerdo con estrictas normas de pureza y calidad, garantizando resultados consistentes para los investigadores en qu\u00edmica y farmacolog\u00eda Comprar A-PPP<a href=\"https:\/\/cokebricks.com\/product-category\/buy-cocaine-online\/\">.<\/a><\/p>\n<h3>\u00bfPor qu\u00e9 elegir A-PPP de Poudres de Narco?<\/h3>\n<p>Como <strong>proveedor fiable de A-PPP<\/strong>, <strong>Narc\u00f3ticos en polvo<\/strong> cumple las normas m\u00e1s estrictas de calidad y seguridad, adaptadas a las necesidades de <strong>laboratorios certificados<\/strong> :<\/p>\n<ul>\n<li><strong>A-PPP de gran pureza para laboratorios<\/strong> Cada lote se somete a pruebas para garantizar una pureza \u00f3ptima, crucial para las aplicaciones cient\u00edficas de alta precisi\u00f3n.<\/li>\n<li><strong>Calidad constante y fiable<\/strong> Nuestro A-PPP est\u00e1 formulado para un rendimiento estable y fiable, cumpliendo los requisitos de <strong>estudios anal\u00edticos de laboratorio<\/strong>.<\/li>\n<li><strong>Pedidos seguros en l\u00ednea<\/strong> : <strong>Narc\u00f3ticos en polvo<\/strong> simplifica<strong>comprar A-PPP en l\u00ednea<\/strong> con un proceso seguro que cumpla las normas de investigaci\u00f3n.<\/li>\n<\/ul>\n<h3>Aplicaciones e instrucciones de seguridad<\/h3>\n<p>Le <strong>A-PPP para la investigaci\u00f3n<\/strong> de <strong>Narc\u00f3ticos en polvo<\/strong> est\u00e1 destinado a <strong>aplicaciones anal\u00edticas y estudios cient\u00edficos<\/strong>. Proporcionamos protocolos de seguridad para garantizar un uso seguro y conforme a las normas:<\/p>\n<ul>\n<li><strong>Almacenamiento seguro<\/strong> Almacenar A-PPP en un lugar fresco, seco y protegido de la luz.<\/li>\n<li><strong>Manipulaci\u00f3n con precauciones<\/strong> Utilizar equipo de protecci\u00f3n individual (EPI) y trabajar en una zona bien ventilada.<\/li>\n<li><strong>Uso estrictamente reservado a la investigaci\u00f3n<\/strong> Este producto est\u00e1 dise\u00f1ado para laboratorios e investigadores cualificados que trabajan en entornos controlados.<\/li>\n<\/ul>\n<h3>Pida A-PPP de gran pureza para sus estudios cient\u00edficos<\/h3>\n<p>Con <strong>Narc\u00f3ticos en polvo<\/strong>beneficiarse de <strong>suministro fiable de A-PPP para aplicaciones de laboratorio<\/strong>. <strong>P\u00f3ngase en contacto con nosotros<\/strong> para solicitar un presupuesto o saber m\u00e1s sobre nuestra gama de productos para investigaci\u00f3n cient\u00edfica Comprar A-PPP.<\/p>\n<hr \/>","protected":false},"excerpt":{"rendered":"<p>Acheter du A-PPP de Haute Puret\u00e9 pour la Recherche &#8211; Poudres de Narco Poudres de Narco est un fournisseur fiable pour le A-PPP de qualit\u00e9 recherche, con\u00e7u exclusivement pour des applications scientifiques en laboratoire. Notre A-PPP est produit selon des normes strictes de puret\u00e9 et de qualit\u00e9, garantissant des r\u00e9sultats constants pour les chercheurs en&hellip;<\/p>","protected":false},"featured_media":5380,"comment_status":"open","ping_status":"closed","template":"","meta":{"_joinchat":[]},"product_cat":[558,751],"product_tag":[],"class_list":{"0":"post-5369","1":"product","2":"type-product","3":"status-publish","4":"has-post-thumbnail","6":"product_cat-chimiques-de-recherche","7":"product_cat-stimulants","9":"first","10":"instock","11":"shipping-taxable","12":"purchasable","13":"product-type-variable","14":"col-xs-6 col-sm-4","15":"col-md-3 col-lg-3","16":"un-4-cols"},"yoast_head":"<!-- This site is optimized with the Yoast SEO plugin v23.8 - https:\/\/yoast.com\/wordpress\/plugins\/seo\/ -->\n<title>Acheter A-PPP en ligne - A-PPP \u00e0 vendre - Commander A-PPP<\/title>\n<meta name=\"description\" content=\"Votre demande d&#039;achat d&#039;A-PPP en ligne peut \u00eatre satisfaite dans notre boutique en ligne car nous avons A-PPP \u00e0 vendre ici. Passez votre commande et obtenez des offres abordables tous les jours. Acheter A-PPP.\" \/>\n<meta name=\"robots\" content=\"index, follow, max-snippet:-1, max-image-preview:large, max-video-preview:-1\" \/>\n<link rel=\"canonical\" href=\"https:\/\/poudresdenarco.com\/es\/producto\/a-ppp\/\" \/>\n<meta property=\"og:locale\" content=\"es_ES\" \/>\n<meta property=\"og:type\" content=\"article\" \/>\n<meta property=\"og:title\" content=\"Acheter A-PPP en ligne - A-PPP \u00e0 vendre - Commander A-PPP\" \/>\n<meta property=\"og:description\" content=\"Votre demande d&#039;achat d&#039;A-PPP en ligne peut \u00eatre satisfaite dans notre boutique en ligne car nous avons A-PPP \u00e0 vendre ici. Passez votre commande et obtenez des offres abordables tous les jours. Acheter A-PPP.\" \/>\n<meta property=\"og:url\" content=\"https:\/\/poudresdenarco.com\/es\/producto\/a-ppp\/\" \/>\n<meta property=\"og:site_name\" content=\"Poudresde Narco\" \/>\n<meta property=\"article:modified_time\" content=\"2024-12-23T10:06:49+00:00\" \/>\n<meta property=\"og:image\" content=\"https:\/\/poudresdenarco.com\/wp-content\/uploads\/2024\/10\/A-PPP.gif\" \/>\n\t<meta property=\"og:image:width\" content=\"600\" \/>\n\t<meta property=\"og:image:height\" content=\"600\" \/>\n\t<meta property=\"og:image:type\" content=\"image\/gif\" \/>\n<meta name=\"twitter:card\" content=\"summary_large_image\" \/>\n<meta name=\"twitter:label1\" content=\"Tiempo de lectura\" \/>\n\t<meta name=\"twitter:data1\" content=\"2 minutos\" \/>\n<script type=\"application\/ld+json\" class=\"yoast-schema-graph\">{\"@context\":\"https:\/\/schema.org\",\"@graph\":[{\"@type\":\"WebPage\",\"@id\":\"https:\/\/poudresdenarco.com\/produit\/a-ppp\/\",\"url\":\"https:\/\/poudresdenarco.com\/produit\/a-ppp\/\",\"name\":\"Acheter A-PPP en ligne - A-PPP \u00e0 vendre - Commander A-PPP\",\"isPartOf\":{\"@id\":\"https:\/\/poudresdenarco.com\/#website\"},\"primaryImageOfPage\":{\"@id\":\"https:\/\/poudresdenarco.com\/produit\/a-ppp\/#primaryimage\"},\"image\":{\"@id\":\"https:\/\/poudresdenarco.com\/produit\/a-ppp\/#primaryimage\"},\"thumbnailUrl\":\"https:\/\/poudresdenarco.com\/wp-content\/uploads\/2024\/10\/A-PPP.gif\",\"datePublished\":\"2024-10-16T11:26:58+00:00\",\"dateModified\":\"2024-12-23T10:06:49+00:00\",\"description\":\"Votre demande d'achat d'A-PPP en ligne peut \u00eatre satisfaite dans notre boutique en ligne car nous avons A-PPP \u00e0 vendre ici. Passez votre commande et obtenez des offres abordables tous les jours. Acheter A-PPP.\",\"breadcrumb\":{\"@id\":\"https:\/\/poudresdenarco.com\/produit\/a-ppp\/#breadcrumb\"},\"inLanguage\":\"es\",\"potentialAction\":[{\"@type\":\"ReadAction\",\"target\":[\"https:\/\/poudresdenarco.com\/produit\/a-ppp\/\"]}]},{\"@type\":\"ImageObject\",\"inLanguage\":\"es\",\"@id\":\"https:\/\/poudresdenarco.com\/produit\/a-ppp\/#primaryimage\",\"url\":\"https:\/\/poudresdenarco.com\/wp-content\/uploads\/2024\/10\/A-PPP.gif\",\"contentUrl\":\"https:\/\/poudresdenarco.com\/wp-content\/uploads\/2024\/10\/A-PPP.gif\",\"width\":600,\"height\":600},{\"@type\":\"BreadcrumbList\",\"@id\":\"https:\/\/poudresdenarco.com\/produit\/a-ppp\/#breadcrumb\",\"itemListElement\":[{\"@type\":\"ListItem\",\"position\":1,\"name\":\"Home\",\"item\":\"https:\/\/poudresdenarco.com\/\"},{\"@type\":\"ListItem\",\"position\":2,\"name\":\"Boutique\",\"item\":\"https:\/\/poudresdenarco.com\/boutique\/\"},{\"@type\":\"ListItem\",\"position\":3,\"name\":\"A-PPP\"}]},{\"@type\":\"WebSite\",\"@id\":\"https:\/\/poudresdenarco.com\/#website\",\"url\":\"https:\/\/poudresdenarco.com\/\",\"name\":\"Poudresde Narco\",\"description\":\"Acheter de la coca\u00efne et de l&#039;h\u00e9ro\u00efne en ligne\",\"potentialAction\":[{\"@type\":\"SearchAction\",\"target\":{\"@type\":\"EntryPoint\",\"urlTemplate\":\"https:\/\/poudresdenarco.com\/?s={search_term_string}\"},\"query-input\":{\"@type\":\"PropertyValueSpecification\",\"valueRequired\":true,\"valueName\":\"search_term_string\"}}],\"inLanguage\":\"es\"}]}<\/script>\n<!-- \/ Yoast SEO plugin. -->","yoast_head_json":{"title":"Acheter A-PPP en ligne - A-PPP \u00e0 vendre - Commander A-PPP","description":"Votre demande d'achat d'A-PPP en ligne peut \u00eatre satisfaite dans notre boutique en ligne car nous avons A-PPP \u00e0 vendre ici. Passez votre commande et obtenez des offres abordables tous les jours. Acheter A-PPP.","robots":{"index":"index","follow":"follow","max-snippet":"max-snippet:-1","max-image-preview":"max-image-preview:large","max-video-preview":"max-video-preview:-1"},"canonical":"https:\/\/poudresdenarco.com\/es\/producto\/a-ppp\/","og_locale":"es_ES","og_type":"article","og_title":"Acheter A-PPP en ligne - A-PPP \u00e0 vendre - Commander A-PPP","og_description":"Votre demande d'achat d'A-PPP en ligne peut \u00eatre satisfaite dans notre boutique en ligne car nous avons A-PPP \u00e0 vendre ici. Passez votre commande et obtenez des offres abordables tous les jours. Acheter A-PPP.","og_url":"https:\/\/poudresdenarco.com\/es\/producto\/a-ppp\/","og_site_name":"Poudresde Narco","article_modified_time":"2024-12-23T10:06:49+00:00","og_image":[{"width":600,"height":600,"url":"https:\/\/poudresdenarco.com\/wp-content\/uploads\/2024\/10\/A-PPP.gif","type":"image\/gif"}],"twitter_card":"summary_large_image","twitter_misc":{"Tiempo de lectura":"2 minutos"},"schema":{"@context":"https:\/\/schema.org","@graph":[{"@type":"WebPage","@id":"https:\/\/poudresdenarco.com\/produit\/a-ppp\/","url":"https:\/\/poudresdenarco.com\/produit\/a-ppp\/","name":"Acheter A-PPP en ligne - A-PPP \u00e0 vendre - Commander A-PPP","isPartOf":{"@id":"https:\/\/poudresdenarco.com\/#website"},"primaryImageOfPage":{"@id":"https:\/\/poudresdenarco.com\/produit\/a-ppp\/#primaryimage"},"image":{"@id":"https:\/\/poudresdenarco.com\/produit\/a-ppp\/#primaryimage"},"thumbnailUrl":"https:\/\/poudresdenarco.com\/wp-content\/uploads\/2024\/10\/A-PPP.gif","datePublished":"2024-10-16T11:26:58+00:00","dateModified":"2024-12-23T10:06:49+00:00","description":"Votre demande d'achat d'A-PPP en ligne peut \u00eatre satisfaite dans notre boutique en ligne car nous avons A-PPP \u00e0 vendre ici. Passez votre commande et obtenez des offres abordables tous les jours. Acheter A-PPP.","breadcrumb":{"@id":"https:\/\/poudresdenarco.com\/produit\/a-ppp\/#breadcrumb"},"inLanguage":"es","potentialAction":[{"@type":"ReadAction","target":["https:\/\/poudresdenarco.com\/produit\/a-ppp\/"]}]},{"@type":"ImageObject","inLanguage":"es","@id":"https:\/\/poudresdenarco.com\/produit\/a-ppp\/#primaryimage","url":"https:\/\/poudresdenarco.com\/wp-content\/uploads\/2024\/10\/A-PPP.gif","contentUrl":"https:\/\/poudresdenarco.com\/wp-content\/uploads\/2024\/10\/A-PPP.gif","width":600,"height":600},{"@type":"BreadcrumbList","@id":"https:\/\/poudresdenarco.com\/produit\/a-ppp\/#breadcrumb","itemListElement":[{"@type":"ListItem","position":1,"name":"Home","item":"https:\/\/poudresdenarco.com\/"},{"@type":"ListItem","position":2,"name":"Boutique","item":"https:\/\/poudresdenarco.com\/boutique\/"},{"@type":"ListItem","position":3,"name":"A-PPP"}]},{"@type":"WebSite","@id":"https:\/\/poudresdenarco.com\/#website","url":"https:\/\/poudresdenarco.com\/","name":"Poudresde Narco","description":"Acheter de la coca\u00efne et de l&#039;h\u00e9ro\u00efne en ligne","potentialAction":[{"@type":"SearchAction","target":{"@type":"EntryPoint","urlTemplate":"https:\/\/poudresdenarco.com\/?s={search_term_string}"},"query-input":{"@type":"PropertyValueSpecification","valueRequired":true,"valueName":"search_term_string"}}],"inLanguage":"es"}]}},"_links":{"self":[{"href":"https:\/\/poudresdenarco.com\/es\/wp-json\/wp\/v2\/product\/5369","targetHints":{"allow":["GET"]}}],"collection":[{"href":"https:\/\/poudresdenarco.com\/es\/wp-json\/wp\/v2\/product"}],"about":[{"href":"https:\/\/poudresdenarco.com\/es\/wp-json\/wp\/v2\/types\/product"}],"replies":[{"embeddable":true,"href":"https:\/\/poudresdenarco.com\/es\/wp-json\/wp\/v2\/comments?post=5369"}],"wp:featuredmedia":[{"embeddable":true,"href":"https:\/\/poudresdenarco.com\/es\/wp-json\/wp\/v2\/media\/5380"}],"wp:attachment":[{"href":"https:\/\/poudresdenarco.com\/es\/wp-json\/wp\/v2\/media?parent=5369"}],"wp:term":[{"taxonomy":"product_cat","embeddable":true,"href":"https:\/\/poudresdenarco.com\/es\/wp-json\/wp\/v2\/product_cat?post=5369"},{"taxonomy":"product_tag","embeddable":true,"href":"https:\/\/poudresdenarco.com\/es\/wp-json\/wp\/v2\/product_tag?post=5369"}],"curies":[{"name":"wp","href":"https:\/\/api.w.org\/{rel}","templated":true}]}}