{"id":59,"date":"2023-12-25T08:20:08","date_gmt":"2023-12-25T08:20:08","guid":{"rendered":"https:\/\/unkrautmarkt.com\/narco1\/?post_type=product&#038;p=59"},"modified":"2024-08-23T09:48:06","modified_gmt":"2024-08-23T09:48:06","slug":"cocaine-mexicaine","status":"publish","type":"product","link":"https:\/\/poudresdenarco.com\/es\/producto\/la-cocaina-mexicana\/","title":{"rendered":"Coca\u00edna mexicana"},"content":{"rendered":"<h2><span style=\"vertical-align: inherit;\"><span style=\"vertical-align: inherit;\">Buy Mexican Cocaine Online<\/span><\/span><\/h2>\n<h3><span style=\"vertical-align: inherit;\"><span style=\"vertical-align: inherit;\">Buy Mexican Cocaine Online<\/span><\/span><\/h3>\n<p><span style=\"vertical-align: inherit;\"><span style=\"vertical-align: inherit;\">Buying Mexican cocaine online can be a quick and safe way to get the drug without the hassle of dealers or the neighborhood black market. So, simply place an order on Narco Powders and have Mexican cocaine delivered right to your door if you want to buy it but don\u2019t know where to start.<\/span><\/span><\/p>\n<h3><span style=\"vertical-align: inherit;\"><span style=\"vertical-align: inherit;\">How is cocaine made in Mexico?<\/span><\/span><\/h3>\n<p><span style=\"vertical-align: inherit;\"><span style=\"vertical-align: inherit;\">There are two main varieties of cocaine: Mexican and Colombian. Colombian cocaine is derived from the leaves of the African coca bush, while Mexican cocaine is made from coca leaves or poppy seeds.<\/span><\/span><\/p>\n<p><span style=\"vertical-align: inherit;\"><span style=\"vertical-align: inherit;\">Compared to Colombian cocaine, the production procedure for Mexican cocaine is a bit more complex. Coca leaves are first dried and then ground into powder. To make a slurry, this powder is combined with water and additional substances such as sugar and salt. After that, the mixture is cooked until it thickens into a paste that can be made into blocks or tablets.<\/span><\/span><\/p>\n<p><a href=\"https:\/\/en.wikipedia.org\/wiki\/Mexican_Coke\"><span style=\"vertical-align: inherit;\"><span style=\"vertical-align: inherit;\">Mexican cocaine<\/span><\/span><\/a><span style=\"vertical-align: inherit;\"><span style=\"vertical-align: inherit;\"> is <\/span><span style=\"vertical-align: inherit;\">frequently prepared in a variety of ways. Before being injected or smoked, Mexican cocaine may be dissolved in solvents.<\/span><\/span><\/p>\n<p><span style=\"vertical-align: inherit;\"><span style=\"vertical-align: inherit;\">When you want to buy <\/span><\/span><a href=\"https:\/\/poudresdenarco.com\/es\/producto\/la-cocaina-mexicana\/\"><span style=\"vertical-align: inherit;\"><span style=\"vertical-align: inherit;\">Mexican cocaine online<\/span><\/span><\/a><span style=\"vertical-align: inherit;\"><span style=\"vertical-align: inherit;\"> from Narco Powders, follow the safety measures recommended on the website. For example, avoid injecting the drug into open wounds and always use clean needles as this could lead to infection.<\/span><\/span><\/p>\n<h3><span style=\"vertical-align: inherit;\"><span style=\"vertical-align: inherit;\">The Benefits of Mexican Cocaine<\/span><\/span><\/h3>\n<p><span style=\"vertical-align: inherit;\"><span style=\"vertical-align: inherit;\">One of the most commonly used types of cocaine on the market is Mexican cocaine. This is the highest quality available, with the ideal cut and a powerful and long-lasting effect. Additionally, compared to other forms of cocaine, Mexican cocaine is less likely to contain adulterants or impurities. This means that it is quicker to make and easier to use. Finally, Mexican cocaine is a great option for people who need a drug on the go, as it can be stored for a long time without deteriorating or becoming useless.<\/span><\/span><\/p>\n<h3><span style=\"vertical-align: inherit;\"><span style=\"vertical-align: inherit;\">Where can I buy Mexican cocaine online?<\/span><\/span><\/h3>\n<p><span style=\"vertical-align: inherit;\"><span style=\"vertical-align: inherit;\">Narco Powders is the best place to go if you are looking for top quality Mexican cocaine for sale. You can find any type of Mexican cocaine here, including crack and white powder. You can be sure to get the ideal quality and variety of cocaine with our wide selection of products. In addition, we offer various payment methods, such as bitcoin and wire transfers, so you can buy drugs with the highest level of security and confidence.<\/span><\/span><\/p>","protected":false},"excerpt":{"rendered":"<p>Buy Mexican Cocaine Online Buy Mexican Cocaine Online Buying Mexican cocaine online can be a quick and safe way to get the drug without the hassle of dealers or the neighborhood black market. So, simply place an order on Narco Powders and have Mexican cocaine delivered right to your door if you want to buy&hellip;<\/p>","protected":false},"featured_media":273,"comment_status":"open","ping_status":"closed","template":"","meta":{"_joinchat":[]},"product_cat":[66],"product_tag":[424,426,425,423,421,431,427,433,430,429,428,422,436,435,432,434],"class_list":{"0":"post-59","1":"product","2":"type-product","3":"status-publish","4":"has-post-thumbnail","6":"product_cat-de-la-cocaine","7":"product_tag-acheter-de-la-cocaine-mexicaine-en-ligne","8":"product_tag-acheter-de-la-cocaine-mexicaine-en-ligne-aux-etats-unis","9":"product_tag-acheter-de-la-cocaine-mexicaine-en-ligne-pres-de-chez-moi","10":"product_tag-acheter-de-la-cocaine-mexicaine-legalement","11":"product_tag-avantages-de-la-cocaine-mexicaine","12":"product_tag-cocaine-mexicaine-a-vendre","13":"product_tag-cocaine-mexicaine-bon-marche","14":"product_tag-cocaine-mexicaine-en-gros","15":"product_tag-cocaine-mexicaine-legitime-en-ligne","16":"product_tag-comment-commander-de-la-cocaine-mexicaine","17":"product_tag-comment-puis-je-obtenir-la-meilleure-cocaine-mexicaine","18":"product_tag-meilleur-endroit-pour-commander-de-la-cocaine-mexicaine","19":"product_tag-ou-acheter-de-la-cocaine-mexicaine","20":"product_tag-ou-puis-je-acheter-de-la-cocaine-mexicaine","21":"product_tag-prix-de-la-cocaine-mexicaine","22":"product_tag-quest-ce-que-la-cocaine-mexicaine","24":"first","25":"instock","26":"shipping-taxable","27":"purchasable","28":"product-type-variable","29":"col-xs-6 col-sm-4","30":"col-md-3 col-lg-3","31":"un-4-cols"},"yoast_head":"<!-- This site is optimized with the Yoast SEO plugin v23.8 - https:\/\/yoast.com\/wordpress\/plugins\/seo\/ -->\n<title>Acheter de la coca\u00efne mexicaine en ligne - Coca\u00efne mexicaine \u00e0 vendre<\/title>\n<meta name=\"description\" content=\"Vous cherchez de la coca\u00efne mexicaine de haute qualit\u00e9 \u00e0 vendre en ligne ? PoudresDenarco est un magasin leader o\u00f9 vous pouvez acheter de la coca\u00efne mexicaine en ligne au meilleur prix. Commandez maintenant avec une exp\u00e9dition discr\u00e8te !\" \/>\n<meta name=\"robots\" content=\"index, follow, max-snippet:-1, max-image-preview:large, max-video-preview:-1\" \/>\n<link rel=\"canonical\" href=\"https:\/\/poudresdenarco.com\/es\/producto\/la-cocaina-mexicana\/\" \/>\n<meta property=\"og:locale\" content=\"es_ES\" \/>\n<meta property=\"og:type\" content=\"article\" \/>\n<meta property=\"og:title\" content=\"Acheter de la coca\u00efne mexicaine en ligne - Coca\u00efne mexicaine \u00e0 vendre\" \/>\n<meta property=\"og:description\" content=\"Vous cherchez de la coca\u00efne mexicaine de haute qualit\u00e9 \u00e0 vendre en ligne ? PoudresDenarco est un magasin leader o\u00f9 vous pouvez acheter de la coca\u00efne mexicaine en ligne au meilleur prix. Commandez maintenant avec une exp\u00e9dition discr\u00e8te !\" \/>\n<meta property=\"og:url\" content=\"https:\/\/poudresdenarco.com\/es\/producto\/la-cocaina-mexicana\/\" \/>\n<meta property=\"og:site_name\" content=\"Poudresde Narco\" \/>\n<meta property=\"article:modified_time\" content=\"2024-08-23T09:48:06+00:00\" \/>\n<meta property=\"og:image\" content=\"https:\/\/poudresdenarco.com\/wp-content\/uploads\/2023\/12\/Mexican-Cocaine.jpg\" \/>\n\t<meta property=\"og:image:width\" content=\"600\" \/>\n\t<meta property=\"og:image:height\" content=\"600\" \/>\n\t<meta property=\"og:image:type\" content=\"image\/jpeg\" \/>\n<meta name=\"twitter:card\" content=\"summary_large_image\" \/>\n<meta name=\"twitter:label1\" content=\"Tiempo de lectura\" \/>\n\t<meta name=\"twitter:data1\" content=\"3 minutos\" \/>\n<script type=\"application\/ld+json\" class=\"yoast-schema-graph\">{\"@context\":\"https:\/\/schema.org\",\"@graph\":[{\"@type\":\"WebPage\",\"@id\":\"https:\/\/poudresdenarco.com\/produit\/cocaine-mexicaine\/\",\"url\":\"https:\/\/poudresdenarco.com\/produit\/cocaine-mexicaine\/\",\"name\":\"Acheter de la coca\u00efne mexicaine en ligne - Coca\u00efne mexicaine \u00e0 vendre\",\"isPartOf\":{\"@id\":\"https:\/\/poudresdenarco.com\/#website\"},\"primaryImageOfPage\":{\"@id\":\"https:\/\/poudresdenarco.com\/produit\/cocaine-mexicaine\/#primaryimage\"},\"image\":{\"@id\":\"https:\/\/poudresdenarco.com\/produit\/cocaine-mexicaine\/#primaryimage\"},\"thumbnailUrl\":\"https:\/\/poudresdenarco.com\/wp-content\/uploads\/2023\/12\/Mexican-Cocaine.jpg\",\"datePublished\":\"2023-12-25T08:20:08+00:00\",\"dateModified\":\"2024-08-23T09:48:06+00:00\",\"description\":\"Vous cherchez de la coca\u00efne mexicaine de haute qualit\u00e9 \u00e0 vendre en ligne ? PoudresDenarco est un magasin leader o\u00f9 vous pouvez acheter de la coca\u00efne mexicaine en ligne au meilleur prix. Commandez maintenant avec une exp\u00e9dition discr\u00e8te !\",\"breadcrumb\":{\"@id\":\"https:\/\/poudresdenarco.com\/produit\/cocaine-mexicaine\/#breadcrumb\"},\"inLanguage\":\"es\",\"potentialAction\":[{\"@type\":\"ReadAction\",\"target\":[\"https:\/\/poudresdenarco.com\/produit\/cocaine-mexicaine\/\"]}]},{\"@type\":\"ImageObject\",\"inLanguage\":\"es\",\"@id\":\"https:\/\/poudresdenarco.com\/produit\/cocaine-mexicaine\/#primaryimage\",\"url\":\"https:\/\/poudresdenarco.com\/wp-content\/uploads\/2023\/12\/Mexican-Cocaine.jpg\",\"contentUrl\":\"https:\/\/poudresdenarco.com\/wp-content\/uploads\/2023\/12\/Mexican-Cocaine.jpg\",\"width\":600,\"height\":600,\"caption\":\"Acheter Mexican-Cocaine en ligne\"},{\"@type\":\"BreadcrumbList\",\"@id\":\"https:\/\/poudresdenarco.com\/produit\/cocaine-mexicaine\/#breadcrumb\",\"itemListElement\":[{\"@type\":\"ListItem\",\"position\":1,\"name\":\"Home\",\"item\":\"https:\/\/poudresdenarco.com\/\"},{\"@type\":\"ListItem\",\"position\":2,\"name\":\"Boutique\",\"item\":\"https:\/\/poudresdenarco.com\/boutique\/\"},{\"@type\":\"ListItem\",\"position\":3,\"name\":\"Coca\u00efne mexicaine\"}]},{\"@type\":\"WebSite\",\"@id\":\"https:\/\/poudresdenarco.com\/#website\",\"url\":\"https:\/\/poudresdenarco.com\/\",\"name\":\"Poudresde Narco\",\"description\":\"Acheter de la coca\u00efne et de l&#039;h\u00e9ro\u00efne en ligne\",\"potentialAction\":[{\"@type\":\"SearchAction\",\"target\":{\"@type\":\"EntryPoint\",\"urlTemplate\":\"https:\/\/poudresdenarco.com\/?s={search_term_string}\"},\"query-input\":{\"@type\":\"PropertyValueSpecification\",\"valueRequired\":true,\"valueName\":\"search_term_string\"}}],\"inLanguage\":\"es\"}]}<\/script>\n<!-- \/ Yoast SEO plugin. -->","yoast_head_json":{"title":"Acheter de la coca\u00efne mexicaine en ligne - Coca\u00efne mexicaine \u00e0 vendre","description":"Vous cherchez de la coca\u00efne mexicaine de haute qualit\u00e9 \u00e0 vendre en ligne ? PoudresDenarco est un magasin leader o\u00f9 vous pouvez acheter de la coca\u00efne mexicaine en ligne au meilleur prix. Commandez maintenant avec une exp\u00e9dition discr\u00e8te !","robots":{"index":"index","follow":"follow","max-snippet":"max-snippet:-1","max-image-preview":"max-image-preview:large","max-video-preview":"max-video-preview:-1"},"canonical":"https:\/\/poudresdenarco.com\/es\/producto\/la-cocaina-mexicana\/","og_locale":"es_ES","og_type":"article","og_title":"Acheter de la coca\u00efne mexicaine en ligne - Coca\u00efne mexicaine \u00e0 vendre","og_description":"Vous cherchez de la coca\u00efne mexicaine de haute qualit\u00e9 \u00e0 vendre en ligne ? PoudresDenarco est un magasin leader o\u00f9 vous pouvez acheter de la coca\u00efne mexicaine en ligne au meilleur prix. Commandez maintenant avec une exp\u00e9dition discr\u00e8te !","og_url":"https:\/\/poudresdenarco.com\/es\/producto\/la-cocaina-mexicana\/","og_site_name":"Poudresde Narco","article_modified_time":"2024-08-23T09:48:06+00:00","og_image":[{"width":600,"height":600,"url":"https:\/\/poudresdenarco.com\/wp-content\/uploads\/2023\/12\/Mexican-Cocaine.jpg","type":"image\/jpeg"}],"twitter_card":"summary_large_image","twitter_misc":{"Tiempo de lectura":"3 minutos"},"schema":{"@context":"https:\/\/schema.org","@graph":[{"@type":"WebPage","@id":"https:\/\/poudresdenarco.com\/produit\/cocaine-mexicaine\/","url":"https:\/\/poudresdenarco.com\/produit\/cocaine-mexicaine\/","name":"Acheter de la coca\u00efne mexicaine en ligne - Coca\u00efne mexicaine \u00e0 vendre","isPartOf":{"@id":"https:\/\/poudresdenarco.com\/#website"},"primaryImageOfPage":{"@id":"https:\/\/poudresdenarco.com\/produit\/cocaine-mexicaine\/#primaryimage"},"image":{"@id":"https:\/\/poudresdenarco.com\/produit\/cocaine-mexicaine\/#primaryimage"},"thumbnailUrl":"https:\/\/poudresdenarco.com\/wp-content\/uploads\/2023\/12\/Mexican-Cocaine.jpg","datePublished":"2023-12-25T08:20:08+00:00","dateModified":"2024-08-23T09:48:06+00:00","description":"Vous cherchez de la coca\u00efne mexicaine de haute qualit\u00e9 \u00e0 vendre en ligne ? PoudresDenarco est un magasin leader o\u00f9 vous pouvez acheter de la coca\u00efne mexicaine en ligne au meilleur prix. Commandez maintenant avec une exp\u00e9dition discr\u00e8te !","breadcrumb":{"@id":"https:\/\/poudresdenarco.com\/produit\/cocaine-mexicaine\/#breadcrumb"},"inLanguage":"es","potentialAction":[{"@type":"ReadAction","target":["https:\/\/poudresdenarco.com\/produit\/cocaine-mexicaine\/"]}]},{"@type":"ImageObject","inLanguage":"es","@id":"https:\/\/poudresdenarco.com\/produit\/cocaine-mexicaine\/#primaryimage","url":"https:\/\/poudresdenarco.com\/wp-content\/uploads\/2023\/12\/Mexican-Cocaine.jpg","contentUrl":"https:\/\/poudresdenarco.com\/wp-content\/uploads\/2023\/12\/Mexican-Cocaine.jpg","width":600,"height":600,"caption":"Acheter Mexican-Cocaine en ligne"},{"@type":"BreadcrumbList","@id":"https:\/\/poudresdenarco.com\/produit\/cocaine-mexicaine\/#breadcrumb","itemListElement":[{"@type":"ListItem","position":1,"name":"Home","item":"https:\/\/poudresdenarco.com\/"},{"@type":"ListItem","position":2,"name":"Boutique","item":"https:\/\/poudresdenarco.com\/boutique\/"},{"@type":"ListItem","position":3,"name":"Coca\u00efne mexicaine"}]},{"@type":"WebSite","@id":"https:\/\/poudresdenarco.com\/#website","url":"https:\/\/poudresdenarco.com\/","name":"Poudresde Narco","description":"Acheter de la coca\u00efne et de l&#039;h\u00e9ro\u00efne en ligne","potentialAction":[{"@type":"SearchAction","target":{"@type":"EntryPoint","urlTemplate":"https:\/\/poudresdenarco.com\/?s={search_term_string}"},"query-input":{"@type":"PropertyValueSpecification","valueRequired":true,"valueName":"search_term_string"}}],"inLanguage":"es"}]}},"_links":{"self":[{"href":"https:\/\/poudresdenarco.com\/es\/wp-json\/wp\/v2\/product\/59","targetHints":{"allow":["GET"]}}],"collection":[{"href":"https:\/\/poudresdenarco.com\/es\/wp-json\/wp\/v2\/product"}],"about":[{"href":"https:\/\/poudresdenarco.com\/es\/wp-json\/wp\/v2\/types\/product"}],"replies":[{"embeddable":true,"href":"https:\/\/poudresdenarco.com\/es\/wp-json\/wp\/v2\/comments?post=59"}],"wp:featuredmedia":[{"embeddable":true,"href":"https:\/\/poudresdenarco.com\/es\/wp-json\/wp\/v2\/media\/273"}],"wp:attachment":[{"href":"https:\/\/poudresdenarco.com\/es\/wp-json\/wp\/v2\/media?parent=59"}],"wp:term":[{"taxonomy":"product_cat","embeddable":true,"href":"https:\/\/poudresdenarco.com\/es\/wp-json\/wp\/v2\/product_cat?post=59"},{"taxonomy":"product_tag","embeddable":true,"href":"https:\/\/poudresdenarco.com\/es\/wp-json\/wp\/v2\/product_tag?post=59"}],"curies":[{"name":"wp","href":"https:\/\/api.w.org\/{rel}","templated":true}]}}