{"id":5966,"date":"2024-10-16T11:32:10","date_gmt":"2024-10-16T11:32:10","guid":{"rendered":"https:\/\/poudresdenarco.com\/?post_type=product&#038;p=5966"},"modified":"2024-12-23T09:30:09","modified_gmt":"2024-12-23T09:30:09","slug":"mdpv","status":"publish","type":"product","link":"https:\/\/poudresdenarco.com\/es\/producto\/mdpv\/","title":{"rendered":"MDPV"},"content":{"rendered":"<h2><strong>Comprar MDPV de Alta Pureza para Investigaci\u00f3n - Narco Powders<\/strong><\/h2>\n<p><strong>Narc\u00f3ticos en polvo<\/strong> es su fuente de confianza para <strong>MDPV de calidad para investigaci\u00f3n<\/strong>dise\u00f1ado exclusivamente para <strong>aplicaciones cient\u00edficas de laboratorio<\/strong>. Nuestra MDPV se produce de acuerdo con rigurosos est\u00e1ndares de pureza y calidad, ofreciendo resultados fiables para los investigadores en qu\u00edmica y farmacolog\u00eda Comprar MDPV .<\/p>\n<h3>\u00bfPor qu\u00e9 elegir MDPV de Poudres de Narco?<\/h3>\n<p>Como <strong>Proveedor de MDPV para investigaci\u00f3n<\/strong>, <strong>Narc\u00f3ticos en polvo<\/strong> garantiza productos que cumplen <strong>laboratorios certificados<\/strong> :<\/p>\n<ul>\n<li><strong>MDPV de gran pureza para laboratorios<\/strong> Cada lote se somete a pruebas rigurosas para garantizar la m\u00e1xima pureza, esencial para <strong>aplicaciones cient\u00edficas de precisi\u00f3n<\/strong>.<\/li>\n<li><strong>Calidad constante y fiable<\/strong> : Nuestro MDPV est\u00e1 formulado para un rendimiento estable y fiable, adaptado a las necesidades de <strong>estudios anal\u00edticos de laboratorio<\/strong>.<\/li>\n<li><strong>Pedidos seguros en l\u00ednea<\/strong> : <strong>Narc\u00f3ticos en polvo<\/strong> simplifica<strong>comprar MDPV online<\/strong>El proceso es seguro y cumple las normas de investigaci\u00f3n.<\/li>\n<\/ul>\n<h3>Aplicaciones e instrucciones de seguridad<\/h3>\n<p>Le <strong>MDPV para investigaci\u00f3n<\/strong> de <strong>Narc\u00f3ticos en polvo<\/strong> est\u00e1 destinado a <strong>aplicaciones anal\u00edticas y estudios cient\u00edficos<\/strong>. Para garantizar un uso seguro y adecuado, proporcionamos instrucciones de seguridad detalladas:<\/p>\n<ul>\n<li><strong>Almacenamiento seguro<\/strong> Conserve la MDPV en un lugar fresco, seco y protegido de la luz para preservar su calidad.<\/li>\n<li><strong>Manipulaci\u00f3n con precauciones<\/strong> Utilice equipos de protecci\u00f3n individual (EPI) y trabaje en un entorno bien ventilado para garantizar la seguridad.<\/li>\n<li><strong>Uso estrictamente reservado a la investigaci\u00f3n<\/strong> Este producto est\u00e1 destinado exclusivamente a investigadores cualificados y laboratorios certificados.<\/li>\n<\/ul>\n<h2>Comprar MDPV online<\/h2>\n<p>Le <a href=\"https:\/\/poudresdenarco.com\/es\/producto\/mdpv\/\">MDPV<\/a> tambi\u00e9n se conoce como metilendioxipirovalerona.<\/p>\n<p>Se trata de una droga sint\u00e9tica desarrollada originalmente en 1969.<\/p>\n<p>Se trata de un tipo de inhibidor de la recaptaci\u00f3n de los receptores de dopamina y noradrenalina.<\/p>\n<p>Es conocida por funcionar como sustancia psicoactiva y por sus propiedades estimulantes. Algunos de los efectos de la droga pueden ser: aumento de la conciencia, euforia, aumento del estado de alerta y aumento de la energ\u00eda.<\/p>\n<p>Los investigadores experimentados recomiendan utilizar <a href=\"https:\/\/en.wikipedia.org\/wiki\/Methylenedioxypyrovalerone\">MDPV<\/a> en comparaci\u00f3n con el Ritalin, porque se sabe que el primero es 4 veces m\u00e1s potente.<\/p>\n<p>El medicamento se vende generalmente en sitios web en l\u00ednea o en farmacias en forma de polvo cristalino fino.<\/p>\n<p>Tenga en cuenta que la MDPV existe desde hace alg\u00fan tiempo y, por lo tanto, recibe diversos nombres, como MDPK, Maddie, Super Coke, Ivory Wave, Peevee, Magic, MTV, Ocean, White Lightening, ScarfaceCharge Plus, etc. <a href=\"https:\/\/poudresdenarco.com\/es\/\">poudresdenarco<\/a><\/p>\n<p>Aunque se asocian a esta droga propiedades psicotr\u00f3picas, muchas personas tambi\u00e9n la consumen con fines recreativos.<\/p>\n<h3>Algunos de los usos tradicionales de la MDPV son los siguientes:<\/h3>\n<p>Se ha utilizado para ayudar a los pacientes a perder peso porque el f\u00e1rmaco tiende a quemar grasa r\u00e1pidamente.<br \/>\nComo ya se ha mencionado, este f\u00e1rmaco es conocido por mejorar la actividad sexual, aumentar las reservas de energ\u00eda y ayudar a los pacientes a alcanzar un alto nivel de excitaci\u00f3n.<br \/>\nTen en cuenta que, como cualquier otro medicamento, tambi\u00e9n existen dosis recomendadas para la MDPV. Esto significa que una sobredosis puede causar problemas, al igual que ocurre con otros medicamentos.<\/p>\n<p>Nunca se debe superar la dosis recomendada. Lo bueno de la MDPV es que es legal en la mayor\u00eda de los pa\u00edses del mundo, a diferencia de la mayor\u00eda de sus hom\u00f3logas. Gracias a sus numerosas propiedades farmac\u00e9uticas, muchos investigadores tambi\u00e9n la utilizan como compuesto de investigaci\u00f3n qu\u00edmica.<\/p>\n<p>Aunque suele presentarse en forma de polvo hidr\u00f3filo con un ligero olor, puede ser de cualquier color, desde blanco hasta marr\u00f3n claro. Algunos de los efectos secundarios del uso de MDVP son: ansiedad, debilidad, excitaci\u00f3n, falta de apetito, aumento de la tensi\u00f3n arterial y palpitaciones.<\/p>\n<p>Una sobredosis puede provocar alucinaciones e incluso ataques de p\u00e1nico. El efecto suele durar unas 4 horas. Tenga cuidado de no guardarla al aire libre, ya que el contacto con el aire puede alterar sus propiedades.<\/p>\n<h3>Encargue MDPV de gran pureza para sus estudios cient\u00edficos<\/h3>\n<p>Con <strong>Narc\u00f3ticos en polvo<\/strong>beneficiarse de <strong>suministro fiable de MDPV para aplicaciones de laboratorio<\/strong>. Nuestros elevados niveles de calidad y seguridad significan que <strong>Narc\u00f3ticos en polvo<\/strong> la elecci\u00f3n ideal para los profesionales de la investigaci\u00f3n. <strong>P\u00f3ngase en contacto con nosotros<\/strong> para solicitar un presupuesto o saber m\u00e1s sobre nuestra gama de productos de alta pureza para la investigaci\u00f3n cient\u00edfica Comprar MDPV .<\/p>","protected":false},"excerpt":{"rendered":"<p>Acheter du MDPV de Haute Puret\u00e9 pour la Recherche &#8211; Poudres de Narco Poudres de Narco est votre source de confiance pour le MDPV de qualit\u00e9 recherche, con\u00e7u exclusivement pour des applications scientifiques en laboratoire. Notre MDPV est produit selon des normes rigoureuses de puret\u00e9 et de qualit\u00e9, offrant des r\u00e9sultats fiables pour les chercheurs&hellip;<\/p>","protected":false},"featured_media":6173,"comment_status":"open","ping_status":"closed","template":"","meta":{"_joinchat":[]},"product_cat":[558,751],"product_tag":[],"class_list":{"0":"post-5966","1":"product","2":"type-product","3":"status-publish","4":"has-post-thumbnail","6":"product_cat-chimiques-de-recherche","7":"product_cat-stimulants","9":"first","10":"instock","11":"shipping-taxable","12":"purchasable","13":"product-type-variable","14":"col-xs-6 col-sm-4","15":"col-md-3 col-lg-3","16":"un-4-cols"},"yoast_head":"<!-- This site is optimized with the Yoast SEO plugin v23.8 - https:\/\/yoast.com\/wordpress\/plugins\/seo\/ -->\n<title>&quot;Acheter MDPV Puret\u00e9 pour la Recherche | Poudres de Narco&quot;<\/title>\n<meta name=\"description\" content=\"Fournisseur de MDPV pour applications scientifiques en laboratoire. Puret\u00e9 et s\u00e9curit\u00e9 garanties pour recherches avanc\u00e9es chez Poudres de Narco.\" \/>\n<meta name=\"robots\" content=\"index, follow, max-snippet:-1, max-image-preview:large, max-video-preview:-1\" \/>\n<link rel=\"canonical\" href=\"https:\/\/poudresdenarco.com\/es\/producto\/mdpv\/\" \/>\n<meta property=\"og:locale\" content=\"es_ES\" \/>\n<meta property=\"og:type\" content=\"article\" \/>\n<meta property=\"og:title\" content=\"&quot;Acheter MDPV Puret\u00e9 pour la Recherche | Poudres de Narco&quot;\" \/>\n<meta property=\"og:description\" content=\"Fournisseur de MDPV pour applications scientifiques en laboratoire. Puret\u00e9 et s\u00e9curit\u00e9 garanties pour recherches avanc\u00e9es chez Poudres de Narco.\" \/>\n<meta property=\"og:url\" content=\"https:\/\/poudresdenarco.com\/es\/producto\/mdpv\/\" \/>\n<meta property=\"og:site_name\" content=\"Poudresde Narco\" \/>\n<meta property=\"article:modified_time\" content=\"2024-12-23T09:30:09+00:00\" \/>\n<meta property=\"og:image\" content=\"https:\/\/poudresdenarco.com\/wp-content\/uploads\/2024\/10\/MDPV-1.gif\" \/>\n\t<meta property=\"og:image:width\" content=\"600\" \/>\n\t<meta property=\"og:image:height\" content=\"600\" \/>\n\t<meta property=\"og:image:type\" content=\"image\/gif\" \/>\n<meta name=\"twitter:card\" content=\"summary_large_image\" \/>\n<meta name=\"twitter:label1\" content=\"Tiempo de lectura\" \/>\n\t<meta name=\"twitter:data1\" content=\"4 minutos\" \/>\n<script type=\"application\/ld+json\" class=\"yoast-schema-graph\">{\"@context\":\"https:\/\/schema.org\",\"@graph\":[{\"@type\":\"WebPage\",\"@id\":\"https:\/\/poudresdenarco.com\/produit\/mdpv\/\",\"url\":\"https:\/\/poudresdenarco.com\/produit\/mdpv\/\",\"name\":\"\\\"Acheter MDPV Puret\u00e9 pour la Recherche | Poudres de Narco\\\"\",\"isPartOf\":{\"@id\":\"https:\/\/poudresdenarco.com\/#website\"},\"primaryImageOfPage\":{\"@id\":\"https:\/\/poudresdenarco.com\/produit\/mdpv\/#primaryimage\"},\"image\":{\"@id\":\"https:\/\/poudresdenarco.com\/produit\/mdpv\/#primaryimage\"},\"thumbnailUrl\":\"https:\/\/poudresdenarco.com\/wp-content\/uploads\/2024\/10\/MDPV-1.gif\",\"datePublished\":\"2024-10-16T11:32:10+00:00\",\"dateModified\":\"2024-12-23T09:30:09+00:00\",\"description\":\"Fournisseur de MDPV pour applications scientifiques en laboratoire. Puret\u00e9 et s\u00e9curit\u00e9 garanties pour recherches avanc\u00e9es chez Poudres de Narco.\",\"breadcrumb\":{\"@id\":\"https:\/\/poudresdenarco.com\/produit\/mdpv\/#breadcrumb\"},\"inLanguage\":\"es\",\"potentialAction\":[{\"@type\":\"ReadAction\",\"target\":[\"https:\/\/poudresdenarco.com\/produit\/mdpv\/\"]}]},{\"@type\":\"ImageObject\",\"inLanguage\":\"es\",\"@id\":\"https:\/\/poudresdenarco.com\/produit\/mdpv\/#primaryimage\",\"url\":\"https:\/\/poudresdenarco.com\/wp-content\/uploads\/2024\/10\/MDPV-1.gif\",\"contentUrl\":\"https:\/\/poudresdenarco.com\/wp-content\/uploads\/2024\/10\/MDPV-1.gif\",\"width\":600,\"height\":600,\"caption\":\"MDPV\"},{\"@type\":\"BreadcrumbList\",\"@id\":\"https:\/\/poudresdenarco.com\/produit\/mdpv\/#breadcrumb\",\"itemListElement\":[{\"@type\":\"ListItem\",\"position\":1,\"name\":\"Home\",\"item\":\"https:\/\/poudresdenarco.com\/\"},{\"@type\":\"ListItem\",\"position\":2,\"name\":\"Boutique\",\"item\":\"https:\/\/poudresdenarco.com\/boutique\/\"},{\"@type\":\"ListItem\",\"position\":3,\"name\":\"MDPV\"}]},{\"@type\":\"WebSite\",\"@id\":\"https:\/\/poudresdenarco.com\/#website\",\"url\":\"https:\/\/poudresdenarco.com\/\",\"name\":\"Poudresde Narco\",\"description\":\"Acheter de la coca\u00efne et de l&#039;h\u00e9ro\u00efne en ligne\",\"potentialAction\":[{\"@type\":\"SearchAction\",\"target\":{\"@type\":\"EntryPoint\",\"urlTemplate\":\"https:\/\/poudresdenarco.com\/?s={search_term_string}\"},\"query-input\":{\"@type\":\"PropertyValueSpecification\",\"valueRequired\":true,\"valueName\":\"search_term_string\"}}],\"inLanguage\":\"es\"}]}<\/script>\n<!-- \/ Yoast SEO plugin. -->","yoast_head_json":{"title":"\"Acheter MDPV Puret\u00e9 pour la Recherche | Poudres de Narco\"","description":"Fournisseur de MDPV pour applications scientifiques en laboratoire. Puret\u00e9 et s\u00e9curit\u00e9 garanties pour recherches avanc\u00e9es chez Poudres de Narco.","robots":{"index":"index","follow":"follow","max-snippet":"max-snippet:-1","max-image-preview":"max-image-preview:large","max-video-preview":"max-video-preview:-1"},"canonical":"https:\/\/poudresdenarco.com\/es\/producto\/mdpv\/","og_locale":"es_ES","og_type":"article","og_title":"\"Acheter MDPV Puret\u00e9 pour la Recherche | Poudres de Narco\"","og_description":"Fournisseur de MDPV pour applications scientifiques en laboratoire. Puret\u00e9 et s\u00e9curit\u00e9 garanties pour recherches avanc\u00e9es chez Poudres de Narco.","og_url":"https:\/\/poudresdenarco.com\/es\/producto\/mdpv\/","og_site_name":"Poudresde Narco","article_modified_time":"2024-12-23T09:30:09+00:00","og_image":[{"width":600,"height":600,"url":"https:\/\/poudresdenarco.com\/wp-content\/uploads\/2024\/10\/MDPV-1.gif","type":"image\/gif"}],"twitter_card":"summary_large_image","twitter_misc":{"Tiempo de lectura":"4 minutos"},"schema":{"@context":"https:\/\/schema.org","@graph":[{"@type":"WebPage","@id":"https:\/\/poudresdenarco.com\/produit\/mdpv\/","url":"https:\/\/poudresdenarco.com\/produit\/mdpv\/","name":"\"Acheter MDPV Puret\u00e9 pour la Recherche | Poudres de Narco\"","isPartOf":{"@id":"https:\/\/poudresdenarco.com\/#website"},"primaryImageOfPage":{"@id":"https:\/\/poudresdenarco.com\/produit\/mdpv\/#primaryimage"},"image":{"@id":"https:\/\/poudresdenarco.com\/produit\/mdpv\/#primaryimage"},"thumbnailUrl":"https:\/\/poudresdenarco.com\/wp-content\/uploads\/2024\/10\/MDPV-1.gif","datePublished":"2024-10-16T11:32:10+00:00","dateModified":"2024-12-23T09:30:09+00:00","description":"Fournisseur de MDPV pour applications scientifiques en laboratoire. Puret\u00e9 et s\u00e9curit\u00e9 garanties pour recherches avanc\u00e9es chez Poudres de Narco.","breadcrumb":{"@id":"https:\/\/poudresdenarco.com\/produit\/mdpv\/#breadcrumb"},"inLanguage":"es","potentialAction":[{"@type":"ReadAction","target":["https:\/\/poudresdenarco.com\/produit\/mdpv\/"]}]},{"@type":"ImageObject","inLanguage":"es","@id":"https:\/\/poudresdenarco.com\/produit\/mdpv\/#primaryimage","url":"https:\/\/poudresdenarco.com\/wp-content\/uploads\/2024\/10\/MDPV-1.gif","contentUrl":"https:\/\/poudresdenarco.com\/wp-content\/uploads\/2024\/10\/MDPV-1.gif","width":600,"height":600,"caption":"MDPV"},{"@type":"BreadcrumbList","@id":"https:\/\/poudresdenarco.com\/produit\/mdpv\/#breadcrumb","itemListElement":[{"@type":"ListItem","position":1,"name":"Home","item":"https:\/\/poudresdenarco.com\/"},{"@type":"ListItem","position":2,"name":"Boutique","item":"https:\/\/poudresdenarco.com\/boutique\/"},{"@type":"ListItem","position":3,"name":"MDPV"}]},{"@type":"WebSite","@id":"https:\/\/poudresdenarco.com\/#website","url":"https:\/\/poudresdenarco.com\/","name":"Poudresde Narco","description":"Acheter de la coca\u00efne et de l&#039;h\u00e9ro\u00efne en ligne","potentialAction":[{"@type":"SearchAction","target":{"@type":"EntryPoint","urlTemplate":"https:\/\/poudresdenarco.com\/?s={search_term_string}"},"query-input":{"@type":"PropertyValueSpecification","valueRequired":true,"valueName":"search_term_string"}}],"inLanguage":"es"}]}},"_links":{"self":[{"href":"https:\/\/poudresdenarco.com\/es\/wp-json\/wp\/v2\/product\/5966","targetHints":{"allow":["GET"]}}],"collection":[{"href":"https:\/\/poudresdenarco.com\/es\/wp-json\/wp\/v2\/product"}],"about":[{"href":"https:\/\/poudresdenarco.com\/es\/wp-json\/wp\/v2\/types\/product"}],"replies":[{"embeddable":true,"href":"https:\/\/poudresdenarco.com\/es\/wp-json\/wp\/v2\/comments?post=5966"}],"wp:featuredmedia":[{"embeddable":true,"href":"https:\/\/poudresdenarco.com\/es\/wp-json\/wp\/v2\/media\/6173"}],"wp:attachment":[{"href":"https:\/\/poudresdenarco.com\/es\/wp-json\/wp\/v2\/media?parent=5966"}],"wp:term":[{"taxonomy":"product_cat","embeddable":true,"href":"https:\/\/poudresdenarco.com\/es\/wp-json\/wp\/v2\/product_cat?post=5966"},{"taxonomy":"product_tag","embeddable":true,"href":"https:\/\/poudresdenarco.com\/es\/wp-json\/wp\/v2\/product_tag?post=5966"}],"curies":[{"name":"wp","href":"https:\/\/api.w.org\/{rel}","templated":true}]}}