{"id":6003,"date":"2024-10-16T11:32:20","date_gmt":"2024-10-16T11:32:20","guid":{"rendered":"https:\/\/poudresdenarco.com\/?post_type=product&#038;p=6003"},"modified":"2024-12-23T09:55:07","modified_gmt":"2024-12-23T09:55:07","slug":"a-pvp","status":"publish","type":"product","link":"https:\/\/poudresdenarco.com\/es\/producto\/a-pvp\/","title":{"rendered":"A-PVP"},"content":{"rendered":"<h2>A-PVP CRYSTALS en l\u00ednea<\/h2>\n<p>L<a href=\"https:\/\/poudresdenarco.com\/es\/producto\/a-pvp\/\">alfa-PVP<\/a>tambi\u00e9n conocida como A-PVP CRYSTALS, es un potente estimulante y generalmente se toma para alcanzar la euforia. Algunos investigadores tambi\u00e9n se refieren a ella como una sustancia psicoactiva. A principios de los a\u00f1os 60 se descubri\u00f3 y tiene un nivel de potencia 1\/4 del de la MDPV, Comprar A-PVP.<\/p>\n<p>Los efectos tambi\u00e9n son bastante similares. <a href=\"https:\/\/en.wikipedia.org\/wiki\/%CE%91-Pyrrolidinopentiophenone\">A-PVP<\/a> CRYSTALS se encuentra generalmente en forma de cristal de roca blanco. Diversos usos y efectos de A-PVP Antes de tomarlo, debe mezclar Alpha-PVP con otras sustancias.<\/p>\n<p>Adem\u00e1s, tambi\u00e9n puede inhalarse o tomarse por v\u00eda oral. La dosis debe decidirla \u00fanicamente el m\u00e9dico, y no se deben tomar varias dosis en una sola hora. <a href=\"https:\/\/poudresdenarco.com\/es\/\">poudresdenarco<\/a><\/p>\n<h3>Aunque menos potente, A-PVP CRYSTALS puede compararse con la coca\u00edna.<\/h3>\n<p>Si lo coloca bajo la lengua, notar\u00e1 que se disuelve muy r\u00e1pidamente. Al mismo tiempo, puede sentir una especie de entumecimiento.<\/p>\n<p>La euforia tarda en aparecer, pero deber\u00eda estar presente a los 30 minutos de su consumo. Tras el adormecimiento, notar\u00e1s un ligero aumento de la tensi\u00f3n arterial.<\/p>\n<p>Tambi\u00e9n perder\u00e1s todas las ganas de beber agua al mismo tiempo.<\/p>\n<p>Cuando hayan transcurrido 45 minutos o m\u00e1s despu\u00e9s de su consumo, se sentir\u00e1 ligeramente estimulado e incluso puede sentirse somnoliento.<\/p>\n<p>En general, los efectos no deber\u00edan durar m\u00e1s de 3 horas y es posible que no sienta la necesidad de tomar otra dosis pronto.<\/p>\n<p>Si utiliza el m\u00e9todo de insuflaci\u00f3n, experimentar\u00e1 una sensaci\u00f3n de euforia durante un periodo de tiempo relativamente m\u00e1s largo. Dicho esto, es dif\u00edcil adivinar su intensidad, ya que a algunos pacientes les afecta muy lentamente, mientras que a otros lo hace con bastante rapidez.<\/p>\n<p>En cuanto el producto entra en la nariz del cliente, empieza a actuar. A los 10 minutos de tomar el producto, se sentir\u00e1 euf\u00f3rico (m\u00e9todo de insuflaci\u00f3n).<\/p>\n<h4><strong>Comprar A-PVP de Alta Pureza para Investigaci\u00f3n - Narco Powders<\/strong><\/h4>\n<p><strong>Narc\u00f3ticos en polvo<\/strong> es un proveedor de confianza del <strong>Investigaci\u00f3n A-PVP de calidad<\/strong>dise\u00f1ado espec\u00edficamente para <strong>aplicaciones cient\u00edficas de laboratorio<\/strong>. Nuestro A-PVP se produce seg\u00fan rigurosas normas de pureza y calidad, ofreciendo resultados consistentes a los investigadores en qu\u00edmica y farmacolog\u00eda.<\/p>\n<h3>\u00bfPor qu\u00e9 elegir A-PVP de Poudres de Narco?<\/h3>\n<p>Como <strong>proveedor fiable de A-PVP<\/strong>, <strong>Narc\u00f3ticos en polvo<\/strong> garantiza productos que cumplen <strong>laboratorios certificados<\/strong> :<\/p>\n<ul>\n<li><strong>A-PVP de gran pureza para laboratorios<\/strong> Cada lote se somete a pruebas rigurosas para garantizar la m\u00e1xima pureza, esencial para aplicaciones cient\u00edficas precisas.<\/li>\n<li><strong>Calidad constante y fiable<\/strong> A-PVP : Nuestro A-PVP est\u00e1 formulado para un rendimiento estable y fiable, adecuado para <strong>estudios anal\u00edticos de laboratorio<\/strong>.<\/li>\n<li><strong>Pedidos seguros en l\u00ednea<\/strong> : <strong>Narc\u00f3ticos en polvo<\/strong> ofrece un proceso simplificado para<strong>comprar A-PVP en l\u00ednea<\/strong>garantizar la seguridad y el cumplimiento de las normas.<\/li>\n<\/ul>\n<h3>Aplicaciones e instrucciones de seguridad<\/h3>\n<p>Le <strong>A-PVP para la investigaci\u00f3n<\/strong> de <strong>Narc\u00f3ticos en polvo<\/strong> est\u00e1 destinado a <strong>aplicaciones anal\u00edticas y estudios cient\u00edficos<\/strong>. Proporcionamos recomendaciones de seguridad para un uso \u00f3ptimo :<\/p>\n<ul>\n<li><strong>Almacenamiento seguro<\/strong> Conservar A-PVP en lugar fresco, seco y protegido de la luz.<\/li>\n<li><strong>Manipulaci\u00f3n con precauciones<\/strong> Utilice equipos de protecci\u00f3n individual (EPI) y trabaje en zonas bien ventiladas.<\/li>\n<li><strong>Uso estrictamente reservado a la investigaci\u00f3n<\/strong> Este producto est\u00e1 reservado a laboratorios certificados e investigadores cualificados.<\/li>\n<\/ul>\n<h3>Pida A-PVP de gran pureza para sus estudios cient\u00edficos<\/h3>\n<p>Con <strong>Narc\u00f3ticos en polvo<\/strong>beneficiarse de <strong>suministro fiable de A-PVP para aplicaciones de laboratorio<\/strong>. <strong>P\u00f3ngase en contacto con nosotros<\/strong> para solicitar un presupuesto o saber m\u00e1s sobre nuestra gama de productos para la investigaci\u00f3n cient\u00edfica Comprar A-PVP.<\/p>\n<p>&nbsp;<\/p>","protected":false},"excerpt":{"rendered":"<p>A-PVP CRYSTALS en ligne L&lsquo;alpha-PVP, \u00e9galement connu sous le nom de A-PVP CRYSTALS, est un puissant stimulant et il est g\u00e9n\u00e9ralement pris pour atteindre l&rsquo;euphorie. Certains chercheurs le qualifient \u00e9galement de substance psychoactive. Au d\u00e9but des ann\u00e9es 1960, il a \u00e9t\u00e9 d\u00e9couvert et il a un niveau de puissance 1\/4, par rapport au MDPV, Acheter&hellip;<\/p>","protected":false},"featured_media":6180,"comment_status":"open","ping_status":"closed","template":"","meta":{"_joinchat":[]},"product_cat":[558,751],"product_tag":[],"class_list":{"0":"post-6003","1":"product","2":"type-product","3":"status-publish","4":"has-post-thumbnail","6":"product_cat-chimiques-de-recherche","7":"product_cat-stimulants","9":"first","10":"instock","11":"shipping-taxable","12":"purchasable","13":"product-type-variable","14":"col-xs-6 col-sm-4","15":"col-md-3 col-lg-3","16":"un-4-cols"},"yoast_head":"<!-- This site is optimized with the Yoast SEO plugin v23.8 - https:\/\/yoast.com\/wordpress\/plugins\/seo\/ -->\n<title>Acheter A-PVP Puret\u00e9 pour de Recherche | Poudres de Narco&quot;<\/title>\n<meta name=\"description\" content=\"Fournisseur de A-PVP pour applications scientifiques en laboratoire. Puret\u00e9 et s\u00e9curit\u00e9 garanties pour recherches avanc\u00e9es chez Poudres de Narco.\" \/>\n<meta name=\"robots\" content=\"index, follow, max-snippet:-1, max-image-preview:large, max-video-preview:-1\" \/>\n<link rel=\"canonical\" href=\"https:\/\/poudresdenarco.com\/es\/producto\/a-pvp\/\" \/>\n<meta property=\"og:locale\" content=\"es_ES\" \/>\n<meta property=\"og:type\" content=\"article\" \/>\n<meta property=\"og:title\" content=\"Acheter A-PVP Puret\u00e9 pour de Recherche | Poudres de Narco&quot;\" \/>\n<meta property=\"og:description\" content=\"Fournisseur de A-PVP pour applications scientifiques en laboratoire. Puret\u00e9 et s\u00e9curit\u00e9 garanties pour recherches avanc\u00e9es chez Poudres de Narco.\" \/>\n<meta property=\"og:url\" content=\"https:\/\/poudresdenarco.com\/es\/producto\/a-pvp\/\" \/>\n<meta property=\"og:site_name\" content=\"Poudresde Narco\" \/>\n<meta property=\"article:modified_time\" content=\"2024-12-23T09:55:07+00:00\" \/>\n<meta property=\"og:image\" content=\"https:\/\/poudresdenarco.com\/wp-content\/uploads\/2024\/10\/A-PVP.gif\" \/>\n\t<meta property=\"og:image:width\" content=\"600\" \/>\n\t<meta property=\"og:image:height\" content=\"600\" \/>\n\t<meta property=\"og:image:type\" content=\"image\/gif\" \/>\n<meta name=\"twitter:card\" content=\"summary_large_image\" \/>\n<meta name=\"twitter:label1\" content=\"Tiempo de lectura\" \/>\n\t<meta name=\"twitter:data1\" content=\"3 minutos\" \/>\n<script type=\"application\/ld+json\" class=\"yoast-schema-graph\">{\"@context\":\"https:\/\/schema.org\",\"@graph\":[{\"@type\":\"WebPage\",\"@id\":\"https:\/\/poudresdenarco.com\/produit\/a-pvp\/\",\"url\":\"https:\/\/poudresdenarco.com\/produit\/a-pvp\/\",\"name\":\"Acheter A-PVP Puret\u00e9 pour de Recherche | Poudres de Narco\\\"\",\"isPartOf\":{\"@id\":\"https:\/\/poudresdenarco.com\/#website\"},\"primaryImageOfPage\":{\"@id\":\"https:\/\/poudresdenarco.com\/produit\/a-pvp\/#primaryimage\"},\"image\":{\"@id\":\"https:\/\/poudresdenarco.com\/produit\/a-pvp\/#primaryimage\"},\"thumbnailUrl\":\"https:\/\/poudresdenarco.com\/wp-content\/uploads\/2024\/10\/A-PVP.gif\",\"datePublished\":\"2024-10-16T11:32:20+00:00\",\"dateModified\":\"2024-12-23T09:55:07+00:00\",\"description\":\"Fournisseur de A-PVP pour applications scientifiques en laboratoire. Puret\u00e9 et s\u00e9curit\u00e9 garanties pour recherches avanc\u00e9es chez Poudres de Narco.\",\"breadcrumb\":{\"@id\":\"https:\/\/poudresdenarco.com\/produit\/a-pvp\/#breadcrumb\"},\"inLanguage\":\"es\",\"potentialAction\":[{\"@type\":\"ReadAction\",\"target\":[\"https:\/\/poudresdenarco.com\/produit\/a-pvp\/\"]}]},{\"@type\":\"ImageObject\",\"inLanguage\":\"es\",\"@id\":\"https:\/\/poudresdenarco.com\/produit\/a-pvp\/#primaryimage\",\"url\":\"https:\/\/poudresdenarco.com\/wp-content\/uploads\/2024\/10\/A-PVP.gif\",\"contentUrl\":\"https:\/\/poudresdenarco.com\/wp-content\/uploads\/2024\/10\/A-PVP.gif\",\"width\":600,\"height\":600,\"caption\":\"A-PVP\"},{\"@type\":\"BreadcrumbList\",\"@id\":\"https:\/\/poudresdenarco.com\/produit\/a-pvp\/#breadcrumb\",\"itemListElement\":[{\"@type\":\"ListItem\",\"position\":1,\"name\":\"Home\",\"item\":\"https:\/\/poudresdenarco.com\/\"},{\"@type\":\"ListItem\",\"position\":2,\"name\":\"Boutique\",\"item\":\"https:\/\/poudresdenarco.com\/boutique\/\"},{\"@type\":\"ListItem\",\"position\":3,\"name\":\"A-PVP\"}]},{\"@type\":\"WebSite\",\"@id\":\"https:\/\/poudresdenarco.com\/#website\",\"url\":\"https:\/\/poudresdenarco.com\/\",\"name\":\"Poudresde Narco\",\"description\":\"Acheter de la coca\u00efne et de l&#039;h\u00e9ro\u00efne en ligne\",\"potentialAction\":[{\"@type\":\"SearchAction\",\"target\":{\"@type\":\"EntryPoint\",\"urlTemplate\":\"https:\/\/poudresdenarco.com\/?s={search_term_string}\"},\"query-input\":{\"@type\":\"PropertyValueSpecification\",\"valueRequired\":true,\"valueName\":\"search_term_string\"}}],\"inLanguage\":\"es\"}]}<\/script>\n<!-- \/ Yoast SEO plugin. -->","yoast_head_json":{"title":"Acheter A-PVP Puret\u00e9 pour de Recherche | Poudres de Narco\"","description":"Fournisseur de A-PVP pour applications scientifiques en laboratoire. Puret\u00e9 et s\u00e9curit\u00e9 garanties pour recherches avanc\u00e9es chez Poudres de Narco.","robots":{"index":"index","follow":"follow","max-snippet":"max-snippet:-1","max-image-preview":"max-image-preview:large","max-video-preview":"max-video-preview:-1"},"canonical":"https:\/\/poudresdenarco.com\/es\/producto\/a-pvp\/","og_locale":"es_ES","og_type":"article","og_title":"Acheter A-PVP Puret\u00e9 pour de Recherche | Poudres de Narco\"","og_description":"Fournisseur de A-PVP pour applications scientifiques en laboratoire. Puret\u00e9 et s\u00e9curit\u00e9 garanties pour recherches avanc\u00e9es chez Poudres de Narco.","og_url":"https:\/\/poudresdenarco.com\/es\/producto\/a-pvp\/","og_site_name":"Poudresde Narco","article_modified_time":"2024-12-23T09:55:07+00:00","og_image":[{"width":600,"height":600,"url":"https:\/\/poudresdenarco.com\/wp-content\/uploads\/2024\/10\/A-PVP.gif","type":"image\/gif"}],"twitter_card":"summary_large_image","twitter_misc":{"Tiempo de lectura":"3 minutos"},"schema":{"@context":"https:\/\/schema.org","@graph":[{"@type":"WebPage","@id":"https:\/\/poudresdenarco.com\/produit\/a-pvp\/","url":"https:\/\/poudresdenarco.com\/produit\/a-pvp\/","name":"Acheter A-PVP Puret\u00e9 pour de Recherche | Poudres de Narco\"","isPartOf":{"@id":"https:\/\/poudresdenarco.com\/#website"},"primaryImageOfPage":{"@id":"https:\/\/poudresdenarco.com\/produit\/a-pvp\/#primaryimage"},"image":{"@id":"https:\/\/poudresdenarco.com\/produit\/a-pvp\/#primaryimage"},"thumbnailUrl":"https:\/\/poudresdenarco.com\/wp-content\/uploads\/2024\/10\/A-PVP.gif","datePublished":"2024-10-16T11:32:20+00:00","dateModified":"2024-12-23T09:55:07+00:00","description":"Fournisseur de A-PVP pour applications scientifiques en laboratoire. Puret\u00e9 et s\u00e9curit\u00e9 garanties pour recherches avanc\u00e9es chez Poudres de Narco.","breadcrumb":{"@id":"https:\/\/poudresdenarco.com\/produit\/a-pvp\/#breadcrumb"},"inLanguage":"es","potentialAction":[{"@type":"ReadAction","target":["https:\/\/poudresdenarco.com\/produit\/a-pvp\/"]}]},{"@type":"ImageObject","inLanguage":"es","@id":"https:\/\/poudresdenarco.com\/produit\/a-pvp\/#primaryimage","url":"https:\/\/poudresdenarco.com\/wp-content\/uploads\/2024\/10\/A-PVP.gif","contentUrl":"https:\/\/poudresdenarco.com\/wp-content\/uploads\/2024\/10\/A-PVP.gif","width":600,"height":600,"caption":"A-PVP"},{"@type":"BreadcrumbList","@id":"https:\/\/poudresdenarco.com\/produit\/a-pvp\/#breadcrumb","itemListElement":[{"@type":"ListItem","position":1,"name":"Home","item":"https:\/\/poudresdenarco.com\/"},{"@type":"ListItem","position":2,"name":"Boutique","item":"https:\/\/poudresdenarco.com\/boutique\/"},{"@type":"ListItem","position":3,"name":"A-PVP"}]},{"@type":"WebSite","@id":"https:\/\/poudresdenarco.com\/#website","url":"https:\/\/poudresdenarco.com\/","name":"Poudresde Narco","description":"Acheter de la coca\u00efne et de l&#039;h\u00e9ro\u00efne en ligne","potentialAction":[{"@type":"SearchAction","target":{"@type":"EntryPoint","urlTemplate":"https:\/\/poudresdenarco.com\/?s={search_term_string}"},"query-input":{"@type":"PropertyValueSpecification","valueRequired":true,"valueName":"search_term_string"}}],"inLanguage":"es"}]}},"_links":{"self":[{"href":"https:\/\/poudresdenarco.com\/es\/wp-json\/wp\/v2\/product\/6003","targetHints":{"allow":["GET"]}}],"collection":[{"href":"https:\/\/poudresdenarco.com\/es\/wp-json\/wp\/v2\/product"}],"about":[{"href":"https:\/\/poudresdenarco.com\/es\/wp-json\/wp\/v2\/types\/product"}],"replies":[{"embeddable":true,"href":"https:\/\/poudresdenarco.com\/es\/wp-json\/wp\/v2\/comments?post=6003"}],"wp:featuredmedia":[{"embeddable":true,"href":"https:\/\/poudresdenarco.com\/es\/wp-json\/wp\/v2\/media\/6180"}],"wp:attachment":[{"href":"https:\/\/poudresdenarco.com\/es\/wp-json\/wp\/v2\/media?parent=6003"}],"wp:term":[{"taxonomy":"product_cat","embeddable":true,"href":"https:\/\/poudresdenarco.com\/es\/wp-json\/wp\/v2\/product_cat?post=6003"},{"taxonomy":"product_tag","embeddable":true,"href":"https:\/\/poudresdenarco.com\/es\/wp-json\/wp\/v2\/product_tag?post=6003"}],"curies":[{"name":"wp","href":"https:\/\/api.w.org\/{rel}","templated":true}]}}