{"id":6040,"date":"2024-10-16T11:32:31","date_gmt":"2024-10-16T11:32:31","guid":{"rendered":"https:\/\/poudresdenarco.com\/?post_type=product&#038;p=6040"},"modified":"2024-11-02T12:23:46","modified_gmt":"2024-11-02T12:23:46","slug":"2c-b","status":"publish","type":"product","link":"https:\/\/poudresdenarco.com\/es\/producto\/2c-b\/","title":{"rendered":"2c-B"},"content":{"rendered":"<h2>2c-B (2-Aminoindano)<br \/>\nDescripci\u00f3n<\/h2>\n<p><a href=\"https:\/\/poudresdenarco.com\/es\/producto\/2c-b\/\">2c-B<\/a> Debido a la falta de investigaci\u00f3n sobre la sustancia, cualquier discusi\u00f3n sobre su farmacolog\u00eda se basa puramente en su estructura y sus similitudes en efectos subjetivos con otros estimulantes como la anfetamina, la metanfetamina y la Buy 2C-B.<\/p>\n<p>Lo m\u00e1s probable es que la 2c-B act\u00fae como agente liberador tanto de dopamina como de noradrenalina.<\/p>\n<p>La 2c-B aumenta eficazmente los niveles de los neurotransmisores noradrenalina y dopamina en el cerebro al unirse y bloquear parcialmente las prote\u00ednas transportadoras que normalmente eliminan estas monoaminas de la hendidura sin\u00e1ptica. <a href=\"https:\/\/poudresdenarco.com\/es\/\">PolvoDenarco<\/a><\/p>\n<p>Esto permite que la dopamina y la noradrenalina se acumulen en el cerebro, lo que produce efectos estimulantes y euf\u00f3ricos.<\/p>\n<h3>Efectos f\u00edsicos de la 2c-B<\/h3>\n<p>Estimulaci\u00f3n 2c-B - En t\u00e9rminos de su efecto sobre los niveles de energ\u00eda f\u00edsica del usuario, la 2c-B se considera generalmente energ\u00e9tica y estimulante de forma similar a la anfetamina pero m\u00e1s fuerte que el modafinilo o la cafe\u00edna.<\/p>\n<p>Es similar pero distinta de la estimulaci\u00f3n experimentada con la MDMA, fomentando actividades f\u00edsicas como bailar, socializar, correr o las tareas dom\u00e9sticas.<\/p>\n<p>El estilo particular de estimulaci\u00f3n de la 2-AI puede describirse como forzado.<\/p>\n<p>Esto significa que, a dosis m\u00e1s altas, se hace dif\u00edcil o incluso imposible permanecer quieto, ya que se aprieta la mand\u00edbula y se producen temblores y vibraciones corporales involuntarios, lo que provoca temblores extremos en todo el cuerpo, inestabilidad de las manos y una falta general de control motor.<\/p>\n<p>Alivio del dolor para<a href=\"https:\/\/en.wikipedia.org\/wiki\/2C-B\"> 2c-B<\/a> - Numerosos informes anecd\u00f3ticos sugieren que este compuesto puede suprimir el dolor de forma similar a los opi\u00e1ceos, sin la euforia f\u00edsica distintiva.<\/p>\n<p><strong>Comprar 2C-B de Alta Pureza para Investigaci\u00f3n - Narc\u00f3ticos en Polvo<\/strong><\/p>\n<p>Poudres de Narco es su fuente de confianza para <strong>2C-B calidad de la investigaci\u00f3n<\/strong>exclusivamente para <strong>aplicaciones de laboratorio y estudios cient\u00edficos<\/strong>. Nuestro 2C-B se produce seg\u00fan estrictas normas de pureza, lo que garantiza resultados fiables para los investigadores en qu\u00edmica y farmacolog\u00eda, que requieren productos de calidad constante y segura.<\/p>\n<h3>\u00bfPor qu\u00e9 elegir 2C-B de Poudres de Narco?<\/h3>\n<p>Como <strong>proveedor de 2C-B para investigaci\u00f3n<\/strong>Nos comprometemos a ofrecer un producto que ha sido probado y cumple las normas de seguridad m\u00e1s estrictas para entornos de investigaci\u00f3n:<\/p>\n<ul>\n<li><strong>Alta pureza<\/strong> Cada lote de 2C-B se analiza rigurosamente para garantizar la m\u00e1xima pureza, esencial para realizar experimentos precisos.<\/li>\n<li><strong>Calidad constante<\/strong> Nuestro 2C-B est\u00e1 dise\u00f1ado para ofrecer resultados uniformes en laboratorios de investigaci\u00f3n especializados.<\/li>\n<li><strong>Pedidos seguros<\/strong> Facilitamos<strong>compra de 2C-B para aplicaciones cient\u00edficas<\/strong>con un proceso de pedido seguro y confidencial.<\/li>\n<\/ul>\n<h3>Aplicaciones e instrucciones de seguridad<\/h3>\n<p>Le <strong>2C-B<\/strong> de Narc\u00f3ticos en Polvo est\u00e1 destinado a investigadores de laboratorio para <strong>aplicaciones anal\u00edticas<\/strong> y <strong>estudios qu\u00edmicos<\/strong>. Para garantizar un uso correcto y seguro, proporcionamos recomendaciones de manipulaci\u00f3n :<\/p>\n<ul>\n<li><strong>Almacenamiento seguro<\/strong> Conservar 2C-B en un lugar fresco y seco, protegido de la luz directa.<\/li>\n<li><strong>Manipular con cuidado<\/strong> Utilice equipos de protecci\u00f3n individual (EPI) y trabaje en un entorno bien ventilado.<\/li>\n<li><strong>Uso estrictamente reservado a la investigaci\u00f3n<\/strong> Este producto est\u00e1 destinado a ser utilizado por laboratorios e investigadores autorizados en entornos controlados Comprar 2C-B.<\/li>\n<\/ul>\n<h3>Pida 2C-B para sus estudios de investigaci\u00f3n<\/h3>\n<p>Poudres de Narco le ofrece una soluci\u00f3n fiable para el suministro de <strong>2C-B de gran pureza<\/strong>. <strong>P\u00f3ngase en contacto con nosotros<\/strong> para obtener m\u00e1s informaci\u00f3n o un presupuesto sobre nuestra gama de productos para aplicaciones de laboratorio.<\/p>\n<p>&nbsp;<\/p>","protected":false},"excerpt":{"rendered":"<p>2c-B (2-Aminoindane) Description 2c-B en raison du manque de recherche concernant la substance, toute discussion concernant sa pharmacologie est purement bas\u00e9e sur sa structure et ses similitudes d&rsquo;effets subjectifs avec d&rsquo;autres stimulants tels que l&rsquo;amph\u00e9tamine, la m\u00e9thamph\u00e9tamine et le Acheter 2C-B. Le 2c-B agit tr\u00e8s probablement \u00e0 la fois comme un agent lib\u00e9rateur de dopamine&hellip;<\/p>","protected":false},"featured_media":6199,"comment_status":"open","ping_status":"closed","template":"","meta":{"_joinchat":[]},"product_cat":[744],"product_tag":[],"class_list":{"0":"post-6040","1":"product","2":"type-product","3":"status-publish","4":"has-post-thumbnail","6":"product_cat-cocaine","8":"first","9":"instock","10":"shipping-taxable","11":"purchasable","12":"product-type-variable","13":"col-xs-6 col-sm-4","14":"col-md-3 col-lg-3","15":"un-4-cols"},"yoast_head":"<!-- This site is optimized with the Yoast SEO plugin v23.8 - https:\/\/yoast.com\/wordpress\/plugins\/seo\/ -->\n<title>Acheter 2C-B de Qualit\u00e9 pour la Recherche | Poudres de Narco<\/title>\n<meta name=\"description\" content=\"Fournisseur de 2C-B pour la recherche scientifique. Puret\u00e9 garantie pour applications en laboratoire chez Poudres de Narco.\" \/>\n<meta name=\"robots\" content=\"index, follow, max-snippet:-1, max-image-preview:large, max-video-preview:-1\" \/>\n<link rel=\"canonical\" href=\"https:\/\/poudresdenarco.com\/es\/producto\/2c-b\/\" \/>\n<meta property=\"og:locale\" content=\"es_ES\" \/>\n<meta property=\"og:type\" content=\"article\" \/>\n<meta property=\"og:title\" content=\"Acheter 2C-B de Qualit\u00e9 pour la Recherche | Poudres de Narco\" \/>\n<meta property=\"og:description\" content=\"Fournisseur de 2C-B pour la recherche scientifique. Puret\u00e9 garantie pour applications en laboratoire chez Poudres de Narco.\" \/>\n<meta property=\"og:url\" content=\"https:\/\/poudresdenarco.com\/es\/producto\/2c-b\/\" \/>\n<meta property=\"og:site_name\" content=\"Poudresde Narco\" \/>\n<meta property=\"article:modified_time\" content=\"2024-11-02T12:23:46+00:00\" \/>\n<meta property=\"og:image\" content=\"https:\/\/poudresdenarco.com\/wp-content\/uploads\/2024\/10\/2c-B.gif\" \/>\n\t<meta property=\"og:image:width\" content=\"600\" \/>\n\t<meta property=\"og:image:height\" content=\"600\" \/>\n\t<meta property=\"og:image:type\" content=\"image\/gif\" \/>\n<meta name=\"twitter:card\" content=\"summary_large_image\" \/>\n<meta name=\"twitter:label1\" content=\"Tiempo de lectura\" \/>\n\t<meta name=\"twitter:data1\" content=\"3 minutos\" \/>\n<script type=\"application\/ld+json\" class=\"yoast-schema-graph\">{\"@context\":\"https:\/\/schema.org\",\"@graph\":[{\"@type\":\"WebPage\",\"@id\":\"https:\/\/poudresdenarco.com\/produit\/2c-b\/\",\"url\":\"https:\/\/poudresdenarco.com\/produit\/2c-b\/\",\"name\":\"Acheter 2C-B de Qualit\u00e9 pour la Recherche | Poudres de Narco\",\"isPartOf\":{\"@id\":\"https:\/\/poudresdenarco.com\/#website\"},\"primaryImageOfPage\":{\"@id\":\"https:\/\/poudresdenarco.com\/produit\/2c-b\/#primaryimage\"},\"image\":{\"@id\":\"https:\/\/poudresdenarco.com\/produit\/2c-b\/#primaryimage\"},\"thumbnailUrl\":\"https:\/\/poudresdenarco.com\/wp-content\/uploads\/2024\/10\/2c-B.gif\",\"datePublished\":\"2024-10-16T11:32:31+00:00\",\"dateModified\":\"2024-11-02T12:23:46+00:00\",\"description\":\"Fournisseur de 2C-B pour la recherche scientifique. Puret\u00e9 garantie pour applications en laboratoire chez Poudres de Narco.\",\"breadcrumb\":{\"@id\":\"https:\/\/poudresdenarco.com\/produit\/2c-b\/#breadcrumb\"},\"inLanguage\":\"es\",\"potentialAction\":[{\"@type\":\"ReadAction\",\"target\":[\"https:\/\/poudresdenarco.com\/produit\/2c-b\/\"]}]},{\"@type\":\"ImageObject\",\"inLanguage\":\"es\",\"@id\":\"https:\/\/poudresdenarco.com\/produit\/2c-b\/#primaryimage\",\"url\":\"https:\/\/poudresdenarco.com\/wp-content\/uploads\/2024\/10\/2c-B.gif\",\"contentUrl\":\"https:\/\/poudresdenarco.com\/wp-content\/uploads\/2024\/10\/2c-B.gif\",\"width\":600,\"height\":600,\"caption\":\"2c-B\"},{\"@type\":\"BreadcrumbList\",\"@id\":\"https:\/\/poudresdenarco.com\/produit\/2c-b\/#breadcrumb\",\"itemListElement\":[{\"@type\":\"ListItem\",\"position\":1,\"name\":\"Home\",\"item\":\"https:\/\/poudresdenarco.com\/\"},{\"@type\":\"ListItem\",\"position\":2,\"name\":\"Boutique\",\"item\":\"https:\/\/poudresdenarco.com\/boutique\/\"},{\"@type\":\"ListItem\",\"position\":3,\"name\":\"2c-B\"}]},{\"@type\":\"WebSite\",\"@id\":\"https:\/\/poudresdenarco.com\/#website\",\"url\":\"https:\/\/poudresdenarco.com\/\",\"name\":\"Poudresde Narco\",\"description\":\"Acheter de la coca\u00efne et de l&#039;h\u00e9ro\u00efne en ligne\",\"potentialAction\":[{\"@type\":\"SearchAction\",\"target\":{\"@type\":\"EntryPoint\",\"urlTemplate\":\"https:\/\/poudresdenarco.com\/?s={search_term_string}\"},\"query-input\":{\"@type\":\"PropertyValueSpecification\",\"valueRequired\":true,\"valueName\":\"search_term_string\"}}],\"inLanguage\":\"es\"}]}<\/script>\n<!-- \/ Yoast SEO plugin. -->","yoast_head_json":{"title":"Acheter 2C-B de Qualit\u00e9 pour la Recherche | Poudres de Narco","description":"Fournisseur de 2C-B pour la recherche scientifique. Puret\u00e9 garantie pour applications en laboratoire chez Poudres de Narco.","robots":{"index":"index","follow":"follow","max-snippet":"max-snippet:-1","max-image-preview":"max-image-preview:large","max-video-preview":"max-video-preview:-1"},"canonical":"https:\/\/poudresdenarco.com\/es\/producto\/2c-b\/","og_locale":"es_ES","og_type":"article","og_title":"Acheter 2C-B de Qualit\u00e9 pour la Recherche | Poudres de Narco","og_description":"Fournisseur de 2C-B pour la recherche scientifique. Puret\u00e9 garantie pour applications en laboratoire chez Poudres de Narco.","og_url":"https:\/\/poudresdenarco.com\/es\/producto\/2c-b\/","og_site_name":"Poudresde Narco","article_modified_time":"2024-11-02T12:23:46+00:00","og_image":[{"width":600,"height":600,"url":"https:\/\/poudresdenarco.com\/wp-content\/uploads\/2024\/10\/2c-B.gif","type":"image\/gif"}],"twitter_card":"summary_large_image","twitter_misc":{"Tiempo de lectura":"3 minutos"},"schema":{"@context":"https:\/\/schema.org","@graph":[{"@type":"WebPage","@id":"https:\/\/poudresdenarco.com\/produit\/2c-b\/","url":"https:\/\/poudresdenarco.com\/produit\/2c-b\/","name":"Acheter 2C-B de Qualit\u00e9 pour la Recherche | Poudres de Narco","isPartOf":{"@id":"https:\/\/poudresdenarco.com\/#website"},"primaryImageOfPage":{"@id":"https:\/\/poudresdenarco.com\/produit\/2c-b\/#primaryimage"},"image":{"@id":"https:\/\/poudresdenarco.com\/produit\/2c-b\/#primaryimage"},"thumbnailUrl":"https:\/\/poudresdenarco.com\/wp-content\/uploads\/2024\/10\/2c-B.gif","datePublished":"2024-10-16T11:32:31+00:00","dateModified":"2024-11-02T12:23:46+00:00","description":"Fournisseur de 2C-B pour la recherche scientifique. Puret\u00e9 garantie pour applications en laboratoire chez Poudres de Narco.","breadcrumb":{"@id":"https:\/\/poudresdenarco.com\/produit\/2c-b\/#breadcrumb"},"inLanguage":"es","potentialAction":[{"@type":"ReadAction","target":["https:\/\/poudresdenarco.com\/produit\/2c-b\/"]}]},{"@type":"ImageObject","inLanguage":"es","@id":"https:\/\/poudresdenarco.com\/produit\/2c-b\/#primaryimage","url":"https:\/\/poudresdenarco.com\/wp-content\/uploads\/2024\/10\/2c-B.gif","contentUrl":"https:\/\/poudresdenarco.com\/wp-content\/uploads\/2024\/10\/2c-B.gif","width":600,"height":600,"caption":"2c-B"},{"@type":"BreadcrumbList","@id":"https:\/\/poudresdenarco.com\/produit\/2c-b\/#breadcrumb","itemListElement":[{"@type":"ListItem","position":1,"name":"Home","item":"https:\/\/poudresdenarco.com\/"},{"@type":"ListItem","position":2,"name":"Boutique","item":"https:\/\/poudresdenarco.com\/boutique\/"},{"@type":"ListItem","position":3,"name":"2c-B"}]},{"@type":"WebSite","@id":"https:\/\/poudresdenarco.com\/#website","url":"https:\/\/poudresdenarco.com\/","name":"Poudresde Narco","description":"Acheter de la coca\u00efne et de l&#039;h\u00e9ro\u00efne en ligne","potentialAction":[{"@type":"SearchAction","target":{"@type":"EntryPoint","urlTemplate":"https:\/\/poudresdenarco.com\/?s={search_term_string}"},"query-input":{"@type":"PropertyValueSpecification","valueRequired":true,"valueName":"search_term_string"}}],"inLanguage":"es"}]}},"_links":{"self":[{"href":"https:\/\/poudresdenarco.com\/es\/wp-json\/wp\/v2\/product\/6040","targetHints":{"allow":["GET"]}}],"collection":[{"href":"https:\/\/poudresdenarco.com\/es\/wp-json\/wp\/v2\/product"}],"about":[{"href":"https:\/\/poudresdenarco.com\/es\/wp-json\/wp\/v2\/types\/product"}],"replies":[{"embeddable":true,"href":"https:\/\/poudresdenarco.com\/es\/wp-json\/wp\/v2\/comments?post=6040"}],"wp:featuredmedia":[{"embeddable":true,"href":"https:\/\/poudresdenarco.com\/es\/wp-json\/wp\/v2\/media\/6199"}],"wp:attachment":[{"href":"https:\/\/poudresdenarco.com\/es\/wp-json\/wp\/v2\/media?parent=6040"}],"wp:term":[{"taxonomy":"product_cat","embeddable":true,"href":"https:\/\/poudresdenarco.com\/es\/wp-json\/wp\/v2\/product_cat?post=6040"},{"taxonomy":"product_tag","embeddable":true,"href":"https:\/\/poudresdenarco.com\/es\/wp-json\/wp\/v2\/product_tag?post=6040"}],"curies":[{"name":"wp","href":"https:\/\/api.w.org\/{rel}","templated":true}]}}