{"id":6091,"date":"2024-10-16T11:32:47","date_gmt":"2024-10-16T11:32:47","guid":{"rendered":"https:\/\/poudresdenarco.com\/?post_type=product&#038;p=6091"},"modified":"2024-11-02T12:27:21","modified_gmt":"2024-11-02T12:27:21","slug":"2cd","status":"publish","type":"product","link":"https:\/\/poudresdenarco.com\/es\/producto\/2cd\/","title":{"rendered":"2CD"},"content":{"rendered":"<h2>\u00bfQu\u00e9 es 2CD?<\/h2>\n<p><a href=\"https:\/\/poudresdenarco.com\/es\/producto\/2cd\/\">Comprar 2C-D<\/a> es la abreviatura de 2,5-dimetoxi-4-etilfenetilamina. Esta sustancia qu\u00edmica de investigaci\u00f3n es de naturaleza psicod\u00e9lica y pertenece a la clase de las feniletilaminas. Su estructura qu\u00edmica es similar a la de la mescalina. Se sintetiz\u00f3 por primera vez en 1977. La 2CD tiene un anillo de fenilo unido a un grupo amino (NH2) por una cadena de etilo. Produce una serie de resultados de investigaci\u00f3n que son deseables para muchos experimentalistas de la comunidad de investigaci\u00f3n qu\u00edmica. <a href=\"https:\/\/poudresdenarco.com\/es\/\">PolvoDenarco<\/a><\/p>\n<h3>\u00bfD\u00f3nde puedo comprar 2CD?<\/h3>\n<p>2CD se puede comprar aqu\u00ed mismo en este sitio. Disponemos de 2C-E de muy alta calidad, normalmente en polvo. Sin embargo, si lo necesita en una forma diferente, por favor pregunte, ya que a menudo tenemos otras formas disponibles. Nuestro 2CD no est\u00e1 destinado al uso animal o humano. Es s\u00f3lo para fines de investigaci\u00f3n. Debe tener al menos 18 a\u00f1os para comprarnos 2C-E y cumplir las leyes sobre productos qu\u00edmicos para investigaci\u00f3n de su pa\u00eds.<\/p>\n<h4><strong>Comprar 2C-D de Alta Pureza para Investigaci\u00f3n - Narco Powders<\/strong><\/h4>\n<p>Poudres de Narco es su socio de confianza para la <strong>2C-D calidad de la investigaci\u00f3n<\/strong>exclusivamente para <strong>aplicaciones de laboratorio<\/strong> y <strong>estudios cient\u00edficos<\/strong>. Nuestra 2C-D se produce siguiendo rigurosas normas de pureza y calidad, lo que la convierte en una opci\u00f3n fiable para los investigadores qu\u00edmicos y farmacol\u00f3gicos que exigen productos consistentes y seguros.<\/p>\n<h3>\u00bfPor qu\u00e9 elegir 2C-D de Poudres de Narco?<\/h3>\n<p>Como <strong>2C-D proveedor para la investigaci\u00f3n<\/strong>Poudres de Narco garantiza que sus productos se someten a pruebas de laboratorio y cumplen las normas de seguridad:<\/p>\n<ul>\n<li><strong>Pureza garantizada<\/strong> Cada lote de 2C-D se controla rigurosamente para garantizar el nivel \u00f3ptimo de pureza, esencial para obtener resultados de investigaci\u00f3n precisos.<\/li>\n<li><strong>Calidad fiable<\/strong> Nuestro 2C-D est\u00e1 fabricado para ofrecer un rendimiento constante y satisfacer las necesidades de los estudios en entornos controlados.<\/li>\n<li><strong>Pedidos seguros<\/strong> Facilitamos<strong>compra de 2C-D para aplicaciones cient\u00edficas<\/strong>con un proceso de pedido seguro y confidencial.<\/li>\n<\/ul>\n<h3>Aplicaciones e instrucciones de seguridad<\/h3>\n<p>Le <strong>2C-D<\/strong> de Poudres de Narco est\u00e1 destinado a investigadores para <strong>aplicaciones anal\u00edticas y estudios de laboratorio<\/strong>. Proporcionamos instrucciones de seguridad detalladas para garantizar un uso seguro y adecuado:<\/p>\n<ul>\n<li><strong>Almacenamiento seguro<\/strong> Conservar 2C-D en un lugar fresco, seco y protegido de la luz.<\/li>\n<li><strong>Manipulaci\u00f3n conforme<\/strong> Utilice equipos de protecci\u00f3n individual (EPI) y trabaje en zonas bien ventiladas.<\/li>\n<li><strong>Uso estrictamente reservado a la investigaci\u00f3n<\/strong> Este producto est\u00e1 destinado a laboratorios e investigadores en entornos de investigaci\u00f3n autorizados.<\/li>\n<\/ul>\n<h3>Pida 2C-D para sus estudios cient\u00edficos<\/h3>\n<p>Con Poudres de Narco, puede contar con un suministro fiable de <strong>2C-D de gran pureza<\/strong> para sus necesidades de investigaci\u00f3n. <strong>P\u00f3ngase en contacto con nosotros<\/strong> para obtener un presupuesto o m\u00e1s informaci\u00f3n sobre nuestra gama de productos cient\u00edficos para aplicaciones de laboratorio.<\/p>\n<p>&nbsp;<\/p>","protected":false},"excerpt":{"rendered":"<p>Qu&rsquo;est-ce que le 2CD ? Acheter 2C-D est l&rsquo;abr\u00e9viation de 2,5-Dimethoxy-4-ethylphenethylamine. Ce produit chimique de recherche est de nature psych\u00e9d\u00e9lique et fait partie de la classe des produits chimiques ph\u00e9nyl\u00e9thylamine. Sa structure chimique est similaire \u00e0 celle de la mescaline. Ce produit chimique a \u00e9t\u00e9 synth\u00e9tis\u00e9 pour la premi\u00e8re fois en 1977. Le 2CD poss\u00e8de&hellip;<\/p>","protected":false},"featured_media":6207,"comment_status":"open","ping_status":"closed","template":"","meta":{"_joinchat":[]},"product_cat":[558],"product_tag":[],"class_list":{"0":"post-6091","1":"product","2":"type-product","3":"status-publish","4":"has-post-thumbnail","6":"product_cat-chimiques-de-recherche","8":"first","9":"instock","10":"shipping-taxable","11":"purchasable","12":"product-type-variable","13":"col-xs-6 col-sm-4","14":"col-md-3 col-lg-3","15":"un-4-cols"},"yoast_head":"<!-- This site is optimized with the Yoast SEO plugin v23.8 - https:\/\/yoast.com\/wordpress\/plugins\/seo\/ -->\n<title>Acheter 2C-D de Qualit\u00e9 pour la Recherche | Poudres de Narco<\/title>\n<meta name=\"description\" content=\"Fournisseur de 2C-D pour la recherche scientifique. Puret\u00e9 garantie pour applications en laboratoire chez Poudres de Narco.\" \/>\n<meta name=\"robots\" content=\"index, follow, max-snippet:-1, max-image-preview:large, max-video-preview:-1\" \/>\n<link rel=\"canonical\" href=\"https:\/\/poudresdenarco.com\/es\/producto\/2cd\/\" \/>\n<meta property=\"og:locale\" content=\"es_ES\" \/>\n<meta property=\"og:type\" content=\"article\" \/>\n<meta property=\"og:title\" content=\"Acheter 2C-D de Qualit\u00e9 pour la Recherche | Poudres de Narco\" \/>\n<meta property=\"og:description\" content=\"Fournisseur de 2C-D pour la recherche scientifique. Puret\u00e9 garantie pour applications en laboratoire chez Poudres de Narco.\" \/>\n<meta property=\"og:url\" content=\"https:\/\/poudresdenarco.com\/es\/producto\/2cd\/\" \/>\n<meta property=\"og:site_name\" content=\"Poudresde Narco\" \/>\n<meta property=\"article:modified_time\" content=\"2024-11-02T12:27:21+00:00\" \/>\n<meta property=\"og:image\" content=\"https:\/\/poudresdenarco.com\/wp-content\/uploads\/2024\/10\/2CD.gif\" \/>\n\t<meta property=\"og:image:width\" content=\"600\" \/>\n\t<meta property=\"og:image:height\" content=\"600\" \/>\n\t<meta property=\"og:image:type\" content=\"image\/gif\" \/>\n<meta name=\"twitter:card\" content=\"summary_large_image\" \/>\n<meta name=\"twitter:label1\" content=\"Tiempo de lectura\" \/>\n\t<meta name=\"twitter:data1\" content=\"3 minutos\" \/>\n<script type=\"application\/ld+json\" class=\"yoast-schema-graph\">{\"@context\":\"https:\/\/schema.org\",\"@graph\":[{\"@type\":\"WebPage\",\"@id\":\"https:\/\/poudresdenarco.com\/produit\/2cd\/\",\"url\":\"https:\/\/poudresdenarco.com\/produit\/2cd\/\",\"name\":\"Acheter 2C-D de Qualit\u00e9 pour la Recherche | Poudres de Narco\",\"isPartOf\":{\"@id\":\"https:\/\/poudresdenarco.com\/#website\"},\"primaryImageOfPage\":{\"@id\":\"https:\/\/poudresdenarco.com\/produit\/2cd\/#primaryimage\"},\"image\":{\"@id\":\"https:\/\/poudresdenarco.com\/produit\/2cd\/#primaryimage\"},\"thumbnailUrl\":\"https:\/\/poudresdenarco.com\/wp-content\/uploads\/2024\/10\/2CD.gif\",\"datePublished\":\"2024-10-16T11:32:47+00:00\",\"dateModified\":\"2024-11-02T12:27:21+00:00\",\"description\":\"Fournisseur de 2C-D pour la recherche scientifique. Puret\u00e9 garantie pour applications en laboratoire chez Poudres de Narco.\",\"breadcrumb\":{\"@id\":\"https:\/\/poudresdenarco.com\/produit\/2cd\/#breadcrumb\"},\"inLanguage\":\"es\",\"potentialAction\":[{\"@type\":\"ReadAction\",\"target\":[\"https:\/\/poudresdenarco.com\/produit\/2cd\/\"]}]},{\"@type\":\"ImageObject\",\"inLanguage\":\"es\",\"@id\":\"https:\/\/poudresdenarco.com\/produit\/2cd\/#primaryimage\",\"url\":\"https:\/\/poudresdenarco.com\/wp-content\/uploads\/2024\/10\/2CD.gif\",\"contentUrl\":\"https:\/\/poudresdenarco.com\/wp-content\/uploads\/2024\/10\/2CD.gif\",\"width\":600,\"height\":600,\"caption\":\"2CD\"},{\"@type\":\"BreadcrumbList\",\"@id\":\"https:\/\/poudresdenarco.com\/produit\/2cd\/#breadcrumb\",\"itemListElement\":[{\"@type\":\"ListItem\",\"position\":1,\"name\":\"Home\",\"item\":\"https:\/\/poudresdenarco.com\/\"},{\"@type\":\"ListItem\",\"position\":2,\"name\":\"Boutique\",\"item\":\"https:\/\/poudresdenarco.com\/boutique\/\"},{\"@type\":\"ListItem\",\"position\":3,\"name\":\"2CD\"}]},{\"@type\":\"WebSite\",\"@id\":\"https:\/\/poudresdenarco.com\/#website\",\"url\":\"https:\/\/poudresdenarco.com\/\",\"name\":\"Poudresde Narco\",\"description\":\"Acheter de la coca\u00efne et de l&#039;h\u00e9ro\u00efne en ligne\",\"potentialAction\":[{\"@type\":\"SearchAction\",\"target\":{\"@type\":\"EntryPoint\",\"urlTemplate\":\"https:\/\/poudresdenarco.com\/?s={search_term_string}\"},\"query-input\":{\"@type\":\"PropertyValueSpecification\",\"valueRequired\":true,\"valueName\":\"search_term_string\"}}],\"inLanguage\":\"es\"}]}<\/script>\n<!-- \/ Yoast SEO plugin. -->","yoast_head_json":{"title":"Acheter 2C-D de Qualit\u00e9 pour la Recherche | Poudres de Narco","description":"Fournisseur de 2C-D pour la recherche scientifique. Puret\u00e9 garantie pour applications en laboratoire chez Poudres de Narco.","robots":{"index":"index","follow":"follow","max-snippet":"max-snippet:-1","max-image-preview":"max-image-preview:large","max-video-preview":"max-video-preview:-1"},"canonical":"https:\/\/poudresdenarco.com\/es\/producto\/2cd\/","og_locale":"es_ES","og_type":"article","og_title":"Acheter 2C-D de Qualit\u00e9 pour la Recherche | Poudres de Narco","og_description":"Fournisseur de 2C-D pour la recherche scientifique. Puret\u00e9 garantie pour applications en laboratoire chez Poudres de Narco.","og_url":"https:\/\/poudresdenarco.com\/es\/producto\/2cd\/","og_site_name":"Poudresde Narco","article_modified_time":"2024-11-02T12:27:21+00:00","og_image":[{"width":600,"height":600,"url":"https:\/\/poudresdenarco.com\/wp-content\/uploads\/2024\/10\/2CD.gif","type":"image\/gif"}],"twitter_card":"summary_large_image","twitter_misc":{"Tiempo de lectura":"3 minutos"},"schema":{"@context":"https:\/\/schema.org","@graph":[{"@type":"WebPage","@id":"https:\/\/poudresdenarco.com\/produit\/2cd\/","url":"https:\/\/poudresdenarco.com\/produit\/2cd\/","name":"Acheter 2C-D de Qualit\u00e9 pour la Recherche | Poudres de Narco","isPartOf":{"@id":"https:\/\/poudresdenarco.com\/#website"},"primaryImageOfPage":{"@id":"https:\/\/poudresdenarco.com\/produit\/2cd\/#primaryimage"},"image":{"@id":"https:\/\/poudresdenarco.com\/produit\/2cd\/#primaryimage"},"thumbnailUrl":"https:\/\/poudresdenarco.com\/wp-content\/uploads\/2024\/10\/2CD.gif","datePublished":"2024-10-16T11:32:47+00:00","dateModified":"2024-11-02T12:27:21+00:00","description":"Fournisseur de 2C-D pour la recherche scientifique. Puret\u00e9 garantie pour applications en laboratoire chez Poudres de Narco.","breadcrumb":{"@id":"https:\/\/poudresdenarco.com\/produit\/2cd\/#breadcrumb"},"inLanguage":"es","potentialAction":[{"@type":"ReadAction","target":["https:\/\/poudresdenarco.com\/produit\/2cd\/"]}]},{"@type":"ImageObject","inLanguage":"es","@id":"https:\/\/poudresdenarco.com\/produit\/2cd\/#primaryimage","url":"https:\/\/poudresdenarco.com\/wp-content\/uploads\/2024\/10\/2CD.gif","contentUrl":"https:\/\/poudresdenarco.com\/wp-content\/uploads\/2024\/10\/2CD.gif","width":600,"height":600,"caption":"2CD"},{"@type":"BreadcrumbList","@id":"https:\/\/poudresdenarco.com\/produit\/2cd\/#breadcrumb","itemListElement":[{"@type":"ListItem","position":1,"name":"Home","item":"https:\/\/poudresdenarco.com\/"},{"@type":"ListItem","position":2,"name":"Boutique","item":"https:\/\/poudresdenarco.com\/boutique\/"},{"@type":"ListItem","position":3,"name":"2CD"}]},{"@type":"WebSite","@id":"https:\/\/poudresdenarco.com\/#website","url":"https:\/\/poudresdenarco.com\/","name":"Poudresde Narco","description":"Acheter de la coca\u00efne et de l&#039;h\u00e9ro\u00efne en ligne","potentialAction":[{"@type":"SearchAction","target":{"@type":"EntryPoint","urlTemplate":"https:\/\/poudresdenarco.com\/?s={search_term_string}"},"query-input":{"@type":"PropertyValueSpecification","valueRequired":true,"valueName":"search_term_string"}}],"inLanguage":"es"}]}},"_links":{"self":[{"href":"https:\/\/poudresdenarco.com\/es\/wp-json\/wp\/v2\/product\/6091","targetHints":{"allow":["GET"]}}],"collection":[{"href":"https:\/\/poudresdenarco.com\/es\/wp-json\/wp\/v2\/product"}],"about":[{"href":"https:\/\/poudresdenarco.com\/es\/wp-json\/wp\/v2\/types\/product"}],"replies":[{"embeddable":true,"href":"https:\/\/poudresdenarco.com\/es\/wp-json\/wp\/v2\/comments?post=6091"}],"wp:featuredmedia":[{"embeddable":true,"href":"https:\/\/poudresdenarco.com\/es\/wp-json\/wp\/v2\/media\/6207"}],"wp:attachment":[{"href":"https:\/\/poudresdenarco.com\/es\/wp-json\/wp\/v2\/media?parent=6091"}],"wp:term":[{"taxonomy":"product_cat","embeddable":true,"href":"https:\/\/poudresdenarco.com\/es\/wp-json\/wp\/v2\/product_cat?post=6091"},{"taxonomy":"product_tag","embeddable":true,"href":"https:\/\/poudresdenarco.com\/es\/wp-json\/wp\/v2\/product_tag?post=6091"}],"curies":[{"name":"wp","href":"https:\/\/api.w.org\/{rel}","templated":true}]}}