{"id":6218,"date":"2024-10-18T05:38:27","date_gmt":"2024-10-18T05:38:27","guid":{"rendered":"https:\/\/poudresdenarco.com\/?post_type=product&#038;p=6218"},"modified":"2026-03-06T08:11:11","modified_gmt":"2026-03-06T08:11:11","slug":"3fa","status":"publish","type":"product","link":"https:\/\/poudresdenarco.com\/es\/producto\/3fa\/","title":{"rendered":"3FA"},"content":{"rendered":"<h2>Comprar 3F-PVP (3FPVP) CRISTALES online.<\/h2>\n<p>PoudresDenarco vende <a href=\"https:\/\/poudresdenarco.com\/es\/producto\/3fa\/\">3F-PVP<\/a> (3FPVP) CRISTALES para satisfacer todas sus necesidades qu\u00edmicas. Desde que se gan\u00f3 la confianza de tanta gente, la empresa se compromete a ofrecer a sus clientes el mejor servicio posible.<br \/>\n3F-PVP: Describa el fen\u00f3meno.<\/p>\n<p>3F-PVP comparte las mismas cualidades que A-PHP y es una clase de catinona en polvo de Denarcoe. El nombre qu\u00edmico del 3F-PVP es 3F-alfa-PVP. El 3f-PVP es un compuesto con la f\u00f3rmula C15H20FNO y un peso molecular de 249,32.<\/p>\n<p>Una dosis de <a href=\"https:\/\/en.wikipedia.org\/wiki\/3-Fluoroamphetamine\">3F-PVP<\/a>. En segundo lugar, en dosis elevadas, puede ser abrumadora. Fomenta actividades de ocio como correr, escalar y bailar.<\/p>\n<p>Hay ocasiones en que esto no es factible. Es frecuente una falta general de control motor y temblores graves en las manos.<\/p>\n<p>causado por un apretamiento de la mand\u00edbula, sacudidas incontrolables del cuerpo y vibraciones, lo que dificulta o a menudo imposibilita permanecer quieto. No obstante, siempre debe consultar a su m\u00e9dico antes de utilizar este medicamento, aunque tenga ciertos efectos secundarios, como la capacidad de mover los ojos hacia delante y hacia atr\u00e1s, que puede causar visi\u00f3n borrosa temporal y alteraciones de la visi\u00f3n. En EE.UU., compre 3F-PVP (3FPVP) cristales en l\u00ednea.<\/p>\n<h3>EL MEJOR SITIO WEB PARA COMPRAR 3F-PVP EN L\u00cdNEA<\/h3>\n<p><a href=\"https:\/\/poudresdenarco.com\/es\/\">PolvoDenarco<\/a> es uno de los comerciantes de 3F-PVP m\u00e1s respetables y fiables de Internet. Los consumidores han elogiado mucho a la empresa, asegur\u00e1ndoles que recibir\u00e1n productos del m\u00e1s alto calibre.<\/p>\n<p>Debe tener al menos dieciocho a\u00f1os para comprar 3F-PVP online. Aceptamos pedidos de 3F-PVP en l\u00ednea.<\/p>\n<p>en cantidades que van desde 25 kg hasta unos pocos microgramos. La empresa ofrece servicios de env\u00edo a todo el mundo. Cada art\u00edculo se embala por separado para garantizar que nadie descubra lo que contiene. Todo su archivo se guarda en nuestro sistema. Sus datos no pueden verse comprometidos de ninguna manera. Le entregaremos la mercanc\u00eda lo antes posible.<\/p>\n<h3>COMPRAR 3F-PVP CRISTALES (3FPVP) ONLINE.<br \/>\nSinopsis<\/h3>\n<p>\u00bfDesea comprar 3-fluoro-\u03b1-pirrolidinovalerofenona o 3F-PVP en polvo? Si es as\u00ed, \u00a1ha llegado al lugar adecuado! Nuestra tienda en l\u00ednea s\u00f3lo ofrece los mejores productos qu\u00edmicos de investigaci\u00f3n probados en laboratorio. Los pedidos se embalan y env\u00edan discretamente en el plazo de un d\u00eda. Adem\u00e1s, puede utilizar Bitcoin y otras criptodivisas para realizar pagos r\u00e1pidos y segurosComprar 3-FA .<\/p>\n<h3>\u00bfD\u00f3nde puedo comprar 3F-PVP?<\/h3>\n<p>Todos sus productos qu\u00edmicos de investigaci\u00f3n est\u00e1n disponibles en nuestra tienda en l\u00ednea, donde tambi\u00e9n puede comprar 3F-PVP Buy 3-FA de la m\u00e1s alta calidad.<\/p>\n<p>Este material s\u00f3lo debe utilizarse en el laboratorio.<\/p>\n<p>Recuerde tomar siempre las precauciones de seguridad necesarias, como llevar gafas protectoras y proteger la piel expuesta.<\/p>\n<p>Tenga en cuenta que la 3F-PVP, al igual que otros productos qu\u00edmicos de investigaci\u00f3n, s\u00f3lo est\u00e1 destinada a ser utilizada en estudios y no debe ser ingerida por personas, animales u otros seres vivos.<\/p>\n<p>Para conservar el producto el mayor tiempo posible, gu\u00e1rdelo en un lugar fresco y seco.<\/p>\n<p>Los menores de dieciocho a\u00f1os no pueden comprarnos sustancias en investigaci\u00f3n Comprar 3-FA .<\/p>\n<h3>Aplicaciones y seguridad<\/h3>\n<p>Utilizado en diversos contextos de investigaci\u00f3n, el <strong>3FMA<\/strong> de Poudres de Narco se suministra con instrucciones de seguridad detalladas para una manipulaci\u00f3n segura:<\/p>\n<ul>\n<li><strong>Almacenamiento seguro<\/strong> Conserve 3FMA en un lugar fresco y seco, protegido de la luz directa.<\/li>\n<li><strong>Manipulaci\u00f3n protegida<\/strong> Utilice equipos de protecci\u00f3n individual (EPI) y trabaje en zonas bien ventiladas para garantizar unas condiciones seguras.<\/li>\n<li><strong>S\u00f3lo para investigaci\u00f3n<\/strong> Este producto est\u00e1 estrictamente destinado a laboratorios autorizados y estudios cient\u00edficos controlados.<\/li>\n<\/ul>\n<h3>Pedidos seguros en l\u00ednea para investigaci\u00f3n<\/h3>\n<p>Con Poudres de Narco, tiene acceso a un proceso de compra seguro y discreto, especialmente dise\u00f1ado para investigadores y laboratorios. Cada pedido se procesa con la m\u00e1xima atenci\u00f3n al cumplimiento y la seguridad. <strong>P\u00f3ngase en contacto con nosotros<\/strong> Para obtener m\u00e1s informaci\u00f3n sobre nuestras opciones de 3FMA de grado de investigaci\u00f3n o solicitar un presupuesto, Comprar 3-FA.<\/p>","protected":false},"excerpt":{"rendered":"<p>3-FA, o <strong>3-Fluoroanfetamina<\/strong>es un estimulante sint\u00e9tico perteneciente a la clase de las anfetaminas. He aqu\u00ed algunos detalles clave:<\/p>\n<ul>\n<li><strong>F\u00f3rmula qu\u00edmica<\/strong> C\u2089H\u2081\u2083F\u2081N<\/li>\n<li><strong>N\u00famero CAS<\/strong> : 1182600-28-5<\/li>\n<\/ul>","protected":false},"featured_media":6293,"comment_status":"open","ping_status":"closed","template":"","meta":{"_joinchat":[]},"product_cat":[558],"product_tag":[],"class_list":{"0":"post-6218","1":"product","2":"type-product","3":"status-publish","4":"has-post-thumbnail","6":"product_cat-chimiques-de-recherche","8":"first","9":"instock","10":"shipping-taxable","11":"purchasable","12":"product-type-variable","13":"col-xs-6 col-sm-4","14":"col-md-3 col-lg-3","15":"un-4-cols"},"yoast_head":"<!-- This site is optimized with the Yoast SEO plugin v23.8 - https:\/\/yoast.com\/wordpress\/plugins\/seo\/ -->\n<title>Acheter 3-FA de Qualit\u00e9 Recherche | Poudres de Narco<\/title>\n<meta name=\"description\" content=\"3-FA de haute qualit\u00e9 pour la recherche chez Poudres de Narco. Puret\u00e9 et s\u00e9curit\u00e9 assur\u00e9es pour des applications en laboratoire, Acheter 3-FA\" \/>\n<meta name=\"robots\" content=\"index, follow, max-snippet:-1, max-image-preview:large, max-video-preview:-1\" \/>\n<link rel=\"canonical\" href=\"https:\/\/poudresdenarco.com\/es\/producto\/3fa\/\" \/>\n<meta property=\"og:locale\" content=\"es_ES\" \/>\n<meta property=\"og:type\" content=\"article\" \/>\n<meta property=\"og:title\" content=\"Acheter 3-FA de Qualit\u00e9 Recherche | Poudres de Narco\" \/>\n<meta property=\"og:description\" content=\"3-FA de haute qualit\u00e9 pour la recherche chez Poudres de Narco. Puret\u00e9 et s\u00e9curit\u00e9 assur\u00e9es pour des applications en laboratoire, Acheter 3-FA\" \/>\n<meta property=\"og:url\" content=\"https:\/\/poudresdenarco.com\/es\/producto\/3fa\/\" \/>\n<meta property=\"og:site_name\" content=\"Poudresde Narco\" \/>\n<meta property=\"article:modified_time\" content=\"2026-03-06T08:11:11+00:00\" \/>\n<meta property=\"og:image\" content=\"https:\/\/poudresdenarco.com\/wp-content\/uploads\/2024\/10\/3FA-1.gif\" \/>\n\t<meta property=\"og:image:width\" content=\"600\" \/>\n\t<meta property=\"og:image:height\" content=\"600\" \/>\n\t<meta property=\"og:image:type\" content=\"image\/gif\" \/>\n<meta name=\"twitter:card\" content=\"summary_large_image\" \/>\n<meta name=\"twitter:label1\" content=\"Tiempo de lectura\" \/>\n\t<meta name=\"twitter:data1\" content=\"4 minutos\" \/>\n<script type=\"application\/ld+json\" class=\"yoast-schema-graph\">{\"@context\":\"https:\/\/schema.org\",\"@graph\":[{\"@type\":\"WebPage\",\"@id\":\"https:\/\/poudresdenarco.com\/produit\/3fa\/\",\"url\":\"https:\/\/poudresdenarco.com\/produit\/3fa\/\",\"name\":\"Acheter 3-FA de Qualit\u00e9 Recherche | Poudres de Narco\",\"isPartOf\":{\"@id\":\"https:\/\/poudresdenarco.com\/#website\"},\"primaryImageOfPage\":{\"@id\":\"https:\/\/poudresdenarco.com\/produit\/3fa\/#primaryimage\"},\"image\":{\"@id\":\"https:\/\/poudresdenarco.com\/produit\/3fa\/#primaryimage\"},\"thumbnailUrl\":\"https:\/\/poudresdenarco.com\/wp-content\/uploads\/2024\/10\/3FA-1.gif\",\"datePublished\":\"2024-10-18T05:38:27+00:00\",\"dateModified\":\"2026-03-06T08:11:11+00:00\",\"description\":\"3-FA de haute qualit\u00e9 pour la recherche chez Poudres de Narco. Puret\u00e9 et s\u00e9curit\u00e9 assur\u00e9es pour des applications en laboratoire, Acheter 3-FA\",\"breadcrumb\":{\"@id\":\"https:\/\/poudresdenarco.com\/produit\/3fa\/#breadcrumb\"},\"inLanguage\":\"es\",\"potentialAction\":[{\"@type\":\"ReadAction\",\"target\":[\"https:\/\/poudresdenarco.com\/produit\/3fa\/\"]}]},{\"@type\":\"ImageObject\",\"inLanguage\":\"es\",\"@id\":\"https:\/\/poudresdenarco.com\/produit\/3fa\/#primaryimage\",\"url\":\"https:\/\/poudresdenarco.com\/wp-content\/uploads\/2024\/10\/3FA-1.gif\",\"contentUrl\":\"https:\/\/poudresdenarco.com\/wp-content\/uploads\/2024\/10\/3FA-1.gif\",\"width\":600,\"height\":600,\"caption\":\"3FA\"},{\"@type\":\"BreadcrumbList\",\"@id\":\"https:\/\/poudresdenarco.com\/produit\/3fa\/#breadcrumb\",\"itemListElement\":[{\"@type\":\"ListItem\",\"position\":1,\"name\":\"Home\",\"item\":\"https:\/\/poudresdenarco.com\/\"},{\"@type\":\"ListItem\",\"position\":2,\"name\":\"Boutique\",\"item\":\"https:\/\/poudresdenarco.com\/boutique\/\"},{\"@type\":\"ListItem\",\"position\":3,\"name\":\"3FA\"}]},{\"@type\":\"WebSite\",\"@id\":\"https:\/\/poudresdenarco.com\/#website\",\"url\":\"https:\/\/poudresdenarco.com\/\",\"name\":\"Poudresde Narco\",\"description\":\"Acheter de la coca\u00efne et de l&#039;h\u00e9ro\u00efne en ligne\",\"potentialAction\":[{\"@type\":\"SearchAction\",\"target\":{\"@type\":\"EntryPoint\",\"urlTemplate\":\"https:\/\/poudresdenarco.com\/?s={search_term_string}\"},\"query-input\":{\"@type\":\"PropertyValueSpecification\",\"valueRequired\":true,\"valueName\":\"search_term_string\"}}],\"inLanguage\":\"es\"}]}<\/script>\n<!-- \/ Yoast SEO plugin. -->","yoast_head_json":{"title":"Acheter 3-FA de Qualit\u00e9 Recherche | Poudres de Narco","description":"3-FA de haute qualit\u00e9 pour la recherche chez Poudres de Narco. Puret\u00e9 et s\u00e9curit\u00e9 assur\u00e9es pour des applications en laboratoire, Acheter 3-FA","robots":{"index":"index","follow":"follow","max-snippet":"max-snippet:-1","max-image-preview":"max-image-preview:large","max-video-preview":"max-video-preview:-1"},"canonical":"https:\/\/poudresdenarco.com\/es\/producto\/3fa\/","og_locale":"es_ES","og_type":"article","og_title":"Acheter 3-FA de Qualit\u00e9 Recherche | Poudres de Narco","og_description":"3-FA de haute qualit\u00e9 pour la recherche chez Poudres de Narco. Puret\u00e9 et s\u00e9curit\u00e9 assur\u00e9es pour des applications en laboratoire, Acheter 3-FA","og_url":"https:\/\/poudresdenarco.com\/es\/producto\/3fa\/","og_site_name":"Poudresde Narco","article_modified_time":"2026-03-06T08:11:11+00:00","og_image":[{"width":600,"height":600,"url":"https:\/\/poudresdenarco.com\/wp-content\/uploads\/2024\/10\/3FA-1.gif","type":"image\/gif"}],"twitter_card":"summary_large_image","twitter_misc":{"Tiempo de lectura":"4 minutos"},"schema":{"@context":"https:\/\/schema.org","@graph":[{"@type":"WebPage","@id":"https:\/\/poudresdenarco.com\/produit\/3fa\/","url":"https:\/\/poudresdenarco.com\/produit\/3fa\/","name":"Acheter 3-FA de Qualit\u00e9 Recherche | Poudres de Narco","isPartOf":{"@id":"https:\/\/poudresdenarco.com\/#website"},"primaryImageOfPage":{"@id":"https:\/\/poudresdenarco.com\/produit\/3fa\/#primaryimage"},"image":{"@id":"https:\/\/poudresdenarco.com\/produit\/3fa\/#primaryimage"},"thumbnailUrl":"https:\/\/poudresdenarco.com\/wp-content\/uploads\/2024\/10\/3FA-1.gif","datePublished":"2024-10-18T05:38:27+00:00","dateModified":"2026-03-06T08:11:11+00:00","description":"3-FA de haute qualit\u00e9 pour la recherche chez Poudres de Narco. Puret\u00e9 et s\u00e9curit\u00e9 assur\u00e9es pour des applications en laboratoire, Acheter 3-FA","breadcrumb":{"@id":"https:\/\/poudresdenarco.com\/produit\/3fa\/#breadcrumb"},"inLanguage":"es","potentialAction":[{"@type":"ReadAction","target":["https:\/\/poudresdenarco.com\/produit\/3fa\/"]}]},{"@type":"ImageObject","inLanguage":"es","@id":"https:\/\/poudresdenarco.com\/produit\/3fa\/#primaryimage","url":"https:\/\/poudresdenarco.com\/wp-content\/uploads\/2024\/10\/3FA-1.gif","contentUrl":"https:\/\/poudresdenarco.com\/wp-content\/uploads\/2024\/10\/3FA-1.gif","width":600,"height":600,"caption":"3FA"},{"@type":"BreadcrumbList","@id":"https:\/\/poudresdenarco.com\/produit\/3fa\/#breadcrumb","itemListElement":[{"@type":"ListItem","position":1,"name":"Home","item":"https:\/\/poudresdenarco.com\/"},{"@type":"ListItem","position":2,"name":"Boutique","item":"https:\/\/poudresdenarco.com\/boutique\/"},{"@type":"ListItem","position":3,"name":"3FA"}]},{"@type":"WebSite","@id":"https:\/\/poudresdenarco.com\/#website","url":"https:\/\/poudresdenarco.com\/","name":"Poudresde Narco","description":"Acheter de la coca\u00efne et de l&#039;h\u00e9ro\u00efne en ligne","potentialAction":[{"@type":"SearchAction","target":{"@type":"EntryPoint","urlTemplate":"https:\/\/poudresdenarco.com\/?s={search_term_string}"},"query-input":{"@type":"PropertyValueSpecification","valueRequired":true,"valueName":"search_term_string"}}],"inLanguage":"es"}]}},"_links":{"self":[{"href":"https:\/\/poudresdenarco.com\/es\/wp-json\/wp\/v2\/product\/6218","targetHints":{"allow":["GET"]}}],"collection":[{"href":"https:\/\/poudresdenarco.com\/es\/wp-json\/wp\/v2\/product"}],"about":[{"href":"https:\/\/poudresdenarco.com\/es\/wp-json\/wp\/v2\/types\/product"}],"replies":[{"embeddable":true,"href":"https:\/\/poudresdenarco.com\/es\/wp-json\/wp\/v2\/comments?post=6218"}],"wp:featuredmedia":[{"embeddable":true,"href":"https:\/\/poudresdenarco.com\/es\/wp-json\/wp\/v2\/media\/6293"}],"wp:attachment":[{"href":"https:\/\/poudresdenarco.com\/es\/wp-json\/wp\/v2\/media?parent=6218"}],"wp:term":[{"taxonomy":"product_cat","embeddable":true,"href":"https:\/\/poudresdenarco.com\/es\/wp-json\/wp\/v2\/product_cat?post=6218"},{"taxonomy":"product_tag","embeddable":true,"href":"https:\/\/poudresdenarco.com\/es\/wp-json\/wp\/v2\/product_tag?post=6218"}],"curies":[{"name":"wp","href":"https:\/\/api.w.org\/{rel}","templated":true}]}}