{"id":6220,"date":"2024-10-18T05:38:32","date_gmt":"2024-10-18T05:38:32","guid":{"rendered":"https:\/\/poudresdenarco.com\/?post_type=product&#038;p=6220"},"modified":"2026-05-02T23:09:14","modified_gmt":"2026-05-02T23:09:14","slug":"dmxe","status":"publish","type":"product","link":"https:\/\/poudresdenarco.com\/es\/producto\/dmxe\/","title":{"rendered":"Dmxe"},"content":{"rendered":"<h2><strong>DMXE de gran pureza para investigaci\u00f3n <a href=\"https:\/\/poudresdenarco.com\/es\/producto\/3cl\/\">&#8211;<\/a> Narc\u00f3ticos en polvo<\/strong><\/h2>\n<p>En Poudres de Narco, suministramos <strong>DMXE de alta calidad<\/strong> s\u00f3lo para aplicaciones de investigaci\u00f3n. Conocido por su perfil \u00fanico en estudios disociativos, nuestro DMXE se fabrica seg\u00fan estrictas normas de pureza y calidad, lo que lo convierte en una elecci\u00f3n de confianza para los profesionales de la qu\u00edmica y la farmacolog\u00eda Comprar DMXE para investigaci\u00f3n<a href=\"https:\/\/k2spices.com\/product-category\/k2-powder-incense\/\">.<\/a><\/p>\n<h3>\u00bfPor qu\u00e9 elegir DMXE de Poudres de Narco?<\/h3>\n<p>Para los investigadores, la calidad y la coherencia del producto son esenciales. Al elegir <strong>DMXE para la investigaci\u00f3n<\/strong> de Poudres de Narco, se beneficiar\u00e1 de :<\/p>\n<ul>\n<li><strong>Pureza fiable<\/strong> Cada lote de DMXE se somete a rigurosas pruebas para garantizar un alto nivel de pureza.<\/li>\n<li><strong>Calidad constante<\/strong> Nuestro producto se trata para cumplir los requisitos de laboratorios y estudios anal\u00edticos.<\/li>\n<li><strong>Asistencia experta<\/strong> Nuestro equipo est\u00e1 a su disposici\u00f3n para asesorarle sobre la manipulaci\u00f3n, el almacenamiento y los protocolos de seguridad.<\/li>\n<\/ul>\n<h3>Aplicaciones y directrices de seguridad<\/h3>\n<p>Le <strong>DMXE<\/strong> se utiliza en diversos contextos de investigaci\u00f3n de laboratorio. Poudres de Narco se centra en los protocolos de seguridad adaptados para la <strong>manipulaci\u00f3n y almacenamiento<\/strong> de este producto, garantizando el cumplimiento y la seguridad de los investigadores :<\/p>\n<ul>\n<li><strong>Almacenamiento<\/strong> Mantenga el DMXE en un lugar fresco y seco, alejado de la luz directa.<\/li>\n<li><strong>Manejo de<\/strong> Utilice equipos de protecci\u00f3n individual (EPI) y trabaje en laboratorios bien ventilados.<\/li>\n<li><strong>Uso estrictamente reservado a la investigaci\u00f3n<\/strong> Este producto est\u00e1 destinado exclusivamente a entornos de investigaci\u00f3n controlados.<\/li>\n<\/ul>\n<h3>Pedidos seguros para profesionales<\/h3>\n<p>Nuestra plataforma en l\u00ednea facilita la compra <strong>DMXE para investigaci\u00f3n, Comprar DMXE para investigaci\u00f3n<\/strong> a instalaciones autorizadas. Poudres de Narco se centra en la seguridad, la calidad y la confidencialidad, garantizando que todos los pedidos cumplan las normas de conformidad. <strong>P\u00f3ngase en contacto con nosotros<\/strong> para obtener m\u00e1s informaci\u00f3n o solicitar un presupuesto.<\/p>","protected":false},"excerpt":{"rendered":"<p>DMXE de Haute Puret\u00e9 pour la Recherche &#8211; Poudres de Narco Chez Poudres de Narco, nous fournissons du DMXE de qualit\u00e9 sup\u00e9rieure destin\u00e9 uniquement aux applications de recherche. Connu pour son profil unique dans les \u00e9tudes dissociatives, notre DMXE est fabriqu\u00e9 selon des normes strictes de puret\u00e9 et de qualit\u00e9, ce qui en fait un&hellip;<\/p>","protected":false},"featured_media":6295,"comment_status":"open","ping_status":"closed","template":"","meta":{"_joinchat":[]},"product_cat":[558],"product_tag":[],"class_list":{"0":"post-6220","1":"product","2":"type-product","3":"status-publish","4":"has-post-thumbnail","6":"product_cat-chimiques-de-recherche","8":"first","9":"instock","10":"shipping-taxable","11":"purchasable","12":"product-type-variable","13":"col-xs-6 col-sm-4","14":"col-md-3 col-lg-3","15":"un-4-cols"},"yoast_head":"<!-- This site is optimized with the Yoast SEO plugin v23.8 - https:\/\/yoast.com\/wordpress\/plugins\/seo\/ -->\n<title>Acheter DMXE de Recherche | Poudres de Narco<\/title>\n<meta name=\"description\" content=\"DMXE de haute puret\u00e9 pour la recherche chez Poudres de Narco. Qualit\u00e9 fiable et s\u00e9curit\u00e9 assur\u00e9e pour les applications en laboratoire, Acheter DMXE .\" \/>\n<meta name=\"robots\" content=\"index, follow, max-snippet:-1, max-image-preview:large, max-video-preview:-1\" \/>\n<link rel=\"canonical\" href=\"https:\/\/poudresdenarco.com\/es\/producto\/dmxe\/\" \/>\n<meta property=\"og:locale\" content=\"es_ES\" \/>\n<meta property=\"og:type\" content=\"article\" \/>\n<meta property=\"og:title\" content=\"Acheter DMXE de Recherche | Poudres de Narco\" \/>\n<meta property=\"og:description\" content=\"DMXE de haute puret\u00e9 pour la recherche chez Poudres de Narco. Qualit\u00e9 fiable et s\u00e9curit\u00e9 assur\u00e9e pour les applications en laboratoire, Acheter DMXE .\" \/>\n<meta property=\"og:url\" content=\"https:\/\/poudresdenarco.com\/es\/producto\/dmxe\/\" \/>\n<meta property=\"og:site_name\" content=\"Poudresde Narco\" \/>\n<meta property=\"article:modified_time\" content=\"2026-05-02T23:09:14+00:00\" \/>\n<meta property=\"og:image\" content=\"https:\/\/poudresdenarco.com\/wp-content\/uploads\/2024\/10\/Dmxe-1.gif\" \/>\n\t<meta property=\"og:image:width\" content=\"600\" \/>\n\t<meta property=\"og:image:height\" content=\"600\" \/>\n\t<meta property=\"og:image:type\" content=\"image\/gif\" \/>\n<meta name=\"twitter:card\" content=\"summary_large_image\" \/>\n<meta name=\"twitter:label1\" content=\"Tiempo de lectura\" \/>\n\t<meta name=\"twitter:data1\" content=\"2 minutos\" \/>\n<script type=\"application\/ld+json\" class=\"yoast-schema-graph\">{\"@context\":\"https:\/\/schema.org\",\"@graph\":[{\"@type\":\"WebPage\",\"@id\":\"https:\/\/poudresdenarco.com\/produit\/dmxe\/\",\"url\":\"https:\/\/poudresdenarco.com\/produit\/dmxe\/\",\"name\":\"Acheter DMXE de Recherche | Poudres de Narco\",\"isPartOf\":{\"@id\":\"https:\/\/poudresdenarco.com\/#website\"},\"primaryImageOfPage\":{\"@id\":\"https:\/\/poudresdenarco.com\/produit\/dmxe\/#primaryimage\"},\"image\":{\"@id\":\"https:\/\/poudresdenarco.com\/produit\/dmxe\/#primaryimage\"},\"thumbnailUrl\":\"https:\/\/poudresdenarco.com\/wp-content\/uploads\/2024\/10\/Dmxe-1.gif\",\"datePublished\":\"2024-10-18T05:38:32+00:00\",\"dateModified\":\"2026-05-02T23:09:14+00:00\",\"description\":\"DMXE de haute puret\u00e9 pour la recherche chez Poudres de Narco. Qualit\u00e9 fiable et s\u00e9curit\u00e9 assur\u00e9e pour les applications en laboratoire, Acheter DMXE .\",\"breadcrumb\":{\"@id\":\"https:\/\/poudresdenarco.com\/produit\/dmxe\/#breadcrumb\"},\"inLanguage\":\"es\",\"potentialAction\":[{\"@type\":\"ReadAction\",\"target\":[\"https:\/\/poudresdenarco.com\/produit\/dmxe\/\"]}]},{\"@type\":\"ImageObject\",\"inLanguage\":\"es\",\"@id\":\"https:\/\/poudresdenarco.com\/produit\/dmxe\/#primaryimage\",\"url\":\"https:\/\/poudresdenarco.com\/wp-content\/uploads\/2024\/10\/Dmxe-1.gif\",\"contentUrl\":\"https:\/\/poudresdenarco.com\/wp-content\/uploads\/2024\/10\/Dmxe-1.gif\",\"width\":600,\"height\":600,\"caption\":\"Acheter DMXE de recherche\"},{\"@type\":\"BreadcrumbList\",\"@id\":\"https:\/\/poudresdenarco.com\/produit\/dmxe\/#breadcrumb\",\"itemListElement\":[{\"@type\":\"ListItem\",\"position\":1,\"name\":\"Home\",\"item\":\"https:\/\/poudresdenarco.com\/\"},{\"@type\":\"ListItem\",\"position\":2,\"name\":\"Boutique\",\"item\":\"https:\/\/poudresdenarco.com\/boutique\/\"},{\"@type\":\"ListItem\",\"position\":3,\"name\":\"Dmxe\"}]},{\"@type\":\"WebSite\",\"@id\":\"https:\/\/poudresdenarco.com\/#website\",\"url\":\"https:\/\/poudresdenarco.com\/\",\"name\":\"Poudresde Narco\",\"description\":\"Acheter de la coca\u00efne et de l&#039;h\u00e9ro\u00efne en ligne\",\"potentialAction\":[{\"@type\":\"SearchAction\",\"target\":{\"@type\":\"EntryPoint\",\"urlTemplate\":\"https:\/\/poudresdenarco.com\/?s={search_term_string}\"},\"query-input\":{\"@type\":\"PropertyValueSpecification\",\"valueRequired\":true,\"valueName\":\"search_term_string\"}}],\"inLanguage\":\"es\"}]}<\/script>\n<!-- \/ Yoast SEO plugin. -->","yoast_head_json":{"title":"Acheter DMXE de Recherche | Poudres de Narco","description":"DMXE de haute puret\u00e9 pour la recherche chez Poudres de Narco. Qualit\u00e9 fiable et s\u00e9curit\u00e9 assur\u00e9e pour les applications en laboratoire, Acheter DMXE .","robots":{"index":"index","follow":"follow","max-snippet":"max-snippet:-1","max-image-preview":"max-image-preview:large","max-video-preview":"max-video-preview:-1"},"canonical":"https:\/\/poudresdenarco.com\/es\/producto\/dmxe\/","og_locale":"es_ES","og_type":"article","og_title":"Acheter DMXE de Recherche | Poudres de Narco","og_description":"DMXE de haute puret\u00e9 pour la recherche chez Poudres de Narco. Qualit\u00e9 fiable et s\u00e9curit\u00e9 assur\u00e9e pour les applications en laboratoire, Acheter DMXE .","og_url":"https:\/\/poudresdenarco.com\/es\/producto\/dmxe\/","og_site_name":"Poudresde Narco","article_modified_time":"2026-05-02T23:09:14+00:00","og_image":[{"width":600,"height":600,"url":"https:\/\/poudresdenarco.com\/wp-content\/uploads\/2024\/10\/Dmxe-1.gif","type":"image\/gif"}],"twitter_card":"summary_large_image","twitter_misc":{"Tiempo de lectura":"2 minutos"},"schema":{"@context":"https:\/\/schema.org","@graph":[{"@type":"WebPage","@id":"https:\/\/poudresdenarco.com\/produit\/dmxe\/","url":"https:\/\/poudresdenarco.com\/produit\/dmxe\/","name":"Acheter DMXE de Recherche | Poudres de Narco","isPartOf":{"@id":"https:\/\/poudresdenarco.com\/#website"},"primaryImageOfPage":{"@id":"https:\/\/poudresdenarco.com\/produit\/dmxe\/#primaryimage"},"image":{"@id":"https:\/\/poudresdenarco.com\/produit\/dmxe\/#primaryimage"},"thumbnailUrl":"https:\/\/poudresdenarco.com\/wp-content\/uploads\/2024\/10\/Dmxe-1.gif","datePublished":"2024-10-18T05:38:32+00:00","dateModified":"2026-05-02T23:09:14+00:00","description":"DMXE de haute puret\u00e9 pour la recherche chez Poudres de Narco. Qualit\u00e9 fiable et s\u00e9curit\u00e9 assur\u00e9e pour les applications en laboratoire, Acheter DMXE .","breadcrumb":{"@id":"https:\/\/poudresdenarco.com\/produit\/dmxe\/#breadcrumb"},"inLanguage":"es","potentialAction":[{"@type":"ReadAction","target":["https:\/\/poudresdenarco.com\/produit\/dmxe\/"]}]},{"@type":"ImageObject","inLanguage":"es","@id":"https:\/\/poudresdenarco.com\/produit\/dmxe\/#primaryimage","url":"https:\/\/poudresdenarco.com\/wp-content\/uploads\/2024\/10\/Dmxe-1.gif","contentUrl":"https:\/\/poudresdenarco.com\/wp-content\/uploads\/2024\/10\/Dmxe-1.gif","width":600,"height":600,"caption":"Acheter DMXE de recherche"},{"@type":"BreadcrumbList","@id":"https:\/\/poudresdenarco.com\/produit\/dmxe\/#breadcrumb","itemListElement":[{"@type":"ListItem","position":1,"name":"Home","item":"https:\/\/poudresdenarco.com\/"},{"@type":"ListItem","position":2,"name":"Boutique","item":"https:\/\/poudresdenarco.com\/boutique\/"},{"@type":"ListItem","position":3,"name":"Dmxe"}]},{"@type":"WebSite","@id":"https:\/\/poudresdenarco.com\/#website","url":"https:\/\/poudresdenarco.com\/","name":"Poudresde Narco","description":"Acheter de la coca\u00efne et de l&#039;h\u00e9ro\u00efne en ligne","potentialAction":[{"@type":"SearchAction","target":{"@type":"EntryPoint","urlTemplate":"https:\/\/poudresdenarco.com\/?s={search_term_string}"},"query-input":{"@type":"PropertyValueSpecification","valueRequired":true,"valueName":"search_term_string"}}],"inLanguage":"es"}]}},"_links":{"self":[{"href":"https:\/\/poudresdenarco.com\/es\/wp-json\/wp\/v2\/product\/6220","targetHints":{"allow":["GET"]}}],"collection":[{"href":"https:\/\/poudresdenarco.com\/es\/wp-json\/wp\/v2\/product"}],"about":[{"href":"https:\/\/poudresdenarco.com\/es\/wp-json\/wp\/v2\/types\/product"}],"replies":[{"embeddable":true,"href":"https:\/\/poudresdenarco.com\/es\/wp-json\/wp\/v2\/comments?post=6220"}],"wp:featuredmedia":[{"embeddable":true,"href":"https:\/\/poudresdenarco.com\/es\/wp-json\/wp\/v2\/media\/6295"}],"wp:attachment":[{"href":"https:\/\/poudresdenarco.com\/es\/wp-json\/wp\/v2\/media?parent=6220"}],"wp:term":[{"taxonomy":"product_cat","embeddable":true,"href":"https:\/\/poudresdenarco.com\/es\/wp-json\/wp\/v2\/product_cat?post=6220"},{"taxonomy":"product_tag","embeddable":true,"href":"https:\/\/poudresdenarco.com\/es\/wp-json\/wp\/v2\/product_tag?post=6220"}],"curies":[{"name":"wp","href":"https:\/\/api.w.org\/{rel}","templated":true}]}}