{"id":6222,"date":"2024-10-18T05:40:12","date_gmt":"2024-10-18T05:40:12","guid":{"rendered":"https:\/\/poudresdenarco.com\/?post_type=product&#038;p=6222"},"modified":"2026-01-17T02:57:21","modified_gmt":"2026-01-17T02:57:21","slug":"3cl","status":"publish","type":"product","link":"https:\/\/poudresdenarco.com\/es\/producto\/3cl\/","title":{"rendered":"3-Aminoindano (3-CI)"},"content":{"rendered":"<h2><strong>Comprar 3-Aminoindan (3-AI) para investigaci\u00f3n <a href=\"https:\/\/poudresdenarco.com\/es\/producto\/5f-adb\/\">|<\/a> Proveedor de productos qu\u00edmicos de alta calidad<\/strong><\/h2>\n<p>Usted desea <strong>comprar 3-Aminoindano<\/strong> para sus proyectos de investigaci\u00f3n? En [Nombre de la empresa] estamos especializados en el suministro de <strong>3-Aminoindano (3-AI)<\/strong>un producto qu\u00edmico de investigaci\u00f3n \u00fanico conocido por sus aplicaciones en farmacolog\u00eda y neurociencia. Con estrictos controles de calidad, garantizamos que nuestros <strong>3-AI<\/strong> cumple las normas industriales, ideal para laboratorios e instituciones de investigaci\u00f3n<a href=\"https:\/\/k2spices.com\/product\/buy-liquid-k2-spice-paper\/\">.<\/a><\/p>\n<h3>\u00bfQu\u00e9 es el 3-aminoindano (3-AI)?<\/h3>\n<p><strong>3-Aminoindano<\/strong> es un compuesto de la familia de los aminoindanos, conocido por su similitud estructural con ciertos estimulantes, aunque sus caracter\u00edsticas \u00fanicas lo convierten en una valiosa herramienta para la investigaci\u00f3n cient\u00edfica. El <strong>3-Aminoindano (3-AI)<\/strong> se utiliza principalmente para estudios cient\u00edficos de laboratorio.<\/p>\n<h3>Caracter\u00edsticas y aplicaciones del 3-aminoindano<\/h3>\n<p>Nuestra <strong>3-Aminoindano<\/strong> est\u00e1 dise\u00f1ado para la investigaci\u00f3n en profundidad en <strong>farmacolog\u00eda y qu\u00edmica<\/strong>. Las aplicaciones m\u00e1s comunes incluyen estudios sobre <strong>s\u00edntesis de 3-aminoindano<\/strong>su <strong>farmacolog\u00eda<\/strong>y su <strong>propiedades qu\u00edmicas<\/strong>. Los investigadores suelen explorar las interacciones de <strong>3-Aminoindan con neurotransmisores<\/strong>lo que la hace inestimable en neurociencia.<\/p>\n<ul>\n<li><strong>Alta pureza<\/strong> Cada lote de 3-AI se somete a pruebas seg\u00fan las normas del sector, lo que garantiza resultados seguros y precisos para aplicaciones cient\u00edficas.<\/li>\n<li><strong>Proveedor fiable<\/strong> Como <strong>proveedor de 3-aminoindano<\/strong>Estamos comprometidos con la transparencia, la calidad y el cumplimiento de los protocolos del sector.<\/li>\n<li><strong>Ficha de datos de seguridad<\/strong> : Incluimos datos exhaustivos sobre la <strong>Seguridad del 3-aminoindano<\/strong> apoyar las pr\u00e1cticas de manipulaci\u00f3n seguras en el laboratorio.<\/li>\n<\/ul>\n<h3>D\u00f3nde comprar 3-Aminoindan (3-AI)<\/h3>\n<p>Si busca una fuente fiable de <strong>comprar 3-Aminoindano online<\/strong>[Nombre de su empresa] ofrece opciones de compra seguras y entrega r\u00e1pida a profesionales autorizados. Cada pedido incluye <strong>datos de seguridad<\/strong>informaci\u00f3n jur\u00eddica, y un <strong>certificado de propiedades qu\u00edmicas<\/strong>Esto garantiza la integridad del producto para su uso en un entorno de investigaci\u00f3n aprobado.<\/p>\n<h3>Situaci\u00f3n jur\u00eddica y consideraciones de seguridad<\/h3>\n<p>Le <strong>3-Aminoindano<\/strong> es estrictamente para fines de investigaci\u00f3n y no est\u00e1 destinado al consumo humano. <strong>Comprobar la situaci\u00f3n legal del 3-aminoindano<\/strong> en su regi\u00f3n antes de comprar. Nuestro equipo cumple todos los requisitos normativos, garantizando un acceso legal y seguro a <strong>3-Aminoindano<\/strong> s\u00f3lo para uso profesional.<\/p>\n<p>Para los investigadores que necesiten <strong>3-Aminoindan (3-AI) de alta calidad<\/strong>Ofrecemos un acceso fiable y un riguroso control de calidad, lo que permite un uso seguro y autorizado para aplicaciones cient\u00edficas e industriales. P\u00f3ngase en contacto con nosotros hoy mismo para <strong>comprar 3-Aminoindano<\/strong> con confianza y transparencia.<\/p>","protected":false},"excerpt":{"rendered":"<p>El 3-aminoindano tiene una estructura bic\u00edclica con un grupo amino en la posici\u00f3n 3 y se est\u00e1 investigando por sus posibles efectos sobre los sistemas neurotransmisores. Si necesita m\u00e1s informaci\u00f3n o detalles espec\u00edficos, \u00a1no dude en preguntar!<\/p>\n<p>3-Aminoindano (3-AI) tiene los siguientes detalles:<\/p>\n<ul>\n<li><strong>F\u00f3rmula qu\u00edmica<\/strong> C\u2089H\u2081\u2081N<\/li>\n<li><strong>N\u00famero CAS<\/strong> : 101-54-0<\/li>\n<\/ul>","protected":false},"featured_media":6297,"comment_status":"open","ping_status":"closed","template":"","meta":{"_joinchat":[]},"product_cat":[558],"product_tag":[],"class_list":{"0":"post-6222","1":"product","2":"type-product","3":"status-publish","4":"has-post-thumbnail","6":"product_cat-chimiques-de-recherche","8":"first","9":"instock","10":"shipping-taxable","11":"purchasable","12":"product-type-variable","13":"col-xs-6 col-sm-4","14":"col-md-3 col-lg-3","15":"un-4-cols"},"yoast_head":"<!-- This site is optimized with the Yoast SEO plugin v23.8 - https:\/\/yoast.com\/wordpress\/plugins\/seo\/ -->\n<title>Acheter 3-Aminoindane (3-AI) | Fournisseur de Qualit\u00e9<\/title>\n<meta name=\"description\" content=\"Achetez 3-Aminoindane (3-AI) de haute qualit\u00e9 pour la recherche. Fournisseur fiable avec livraison s\u00e9curis\u00e9e et fiche de s\u00e9curit\u00e9 incluse.\" \/>\n<meta name=\"robots\" content=\"index, follow, max-snippet:-1, max-image-preview:large, max-video-preview:-1\" \/>\n<link rel=\"canonical\" href=\"https:\/\/poudresdenarco.com\/es\/producto\/3cl\/\" \/>\n<meta property=\"og:locale\" content=\"es_ES\" \/>\n<meta property=\"og:type\" content=\"article\" \/>\n<meta property=\"og:title\" content=\"Acheter 3-Aminoindane (3-AI) | Fournisseur de Qualit\u00e9\" \/>\n<meta property=\"og:description\" content=\"Achetez 3-Aminoindane (3-AI) de haute qualit\u00e9 pour la recherche. Fournisseur fiable avec livraison s\u00e9curis\u00e9e et fiche de s\u00e9curit\u00e9 incluse.\" \/>\n<meta property=\"og:url\" content=\"https:\/\/poudresdenarco.com\/es\/producto\/3cl\/\" \/>\n<meta property=\"og:site_name\" content=\"Poudresde Narco\" \/>\n<meta property=\"article:modified_time\" content=\"2026-01-17T02:57:21+00:00\" \/>\n<meta property=\"og:image\" content=\"https:\/\/poudresdenarco.com\/wp-content\/uploads\/2024\/10\/3cl-1.gif\" \/>\n\t<meta property=\"og:image:width\" content=\"600\" \/>\n\t<meta property=\"og:image:height\" content=\"600\" \/>\n\t<meta property=\"og:image:type\" content=\"image\/gif\" \/>\n<meta name=\"twitter:card\" content=\"summary_large_image\" \/>\n<meta name=\"twitter:label1\" content=\"Tiempo de lectura\" \/>\n\t<meta name=\"twitter:data1\" content=\"2 minutos\" \/>\n<script type=\"application\/ld+json\" class=\"yoast-schema-graph\">{\"@context\":\"https:\/\/schema.org\",\"@graph\":[{\"@type\":\"WebPage\",\"@id\":\"https:\/\/poudresdenarco.com\/produit\/3cl\/\",\"url\":\"https:\/\/poudresdenarco.com\/produit\/3cl\/\",\"name\":\"Acheter 3-Aminoindane (3-AI) | Fournisseur de Qualit\u00e9\",\"isPartOf\":{\"@id\":\"https:\/\/poudresdenarco.com\/#website\"},\"primaryImageOfPage\":{\"@id\":\"https:\/\/poudresdenarco.com\/produit\/3cl\/#primaryimage\"},\"image\":{\"@id\":\"https:\/\/poudresdenarco.com\/produit\/3cl\/#primaryimage\"},\"thumbnailUrl\":\"https:\/\/poudresdenarco.com\/wp-content\/uploads\/2024\/10\/3cl-1.gif\",\"datePublished\":\"2024-10-18T05:40:12+00:00\",\"dateModified\":\"2026-01-17T02:57:21+00:00\",\"description\":\"Achetez 3-Aminoindane (3-AI) de haute qualit\u00e9 pour la recherche. Fournisseur fiable avec livraison s\u00e9curis\u00e9e et fiche de s\u00e9curit\u00e9 incluse.\",\"breadcrumb\":{\"@id\":\"https:\/\/poudresdenarco.com\/produit\/3cl\/#breadcrumb\"},\"inLanguage\":\"es\",\"potentialAction\":[{\"@type\":\"ReadAction\",\"target\":[\"https:\/\/poudresdenarco.com\/produit\/3cl\/\"]}]},{\"@type\":\"ImageObject\",\"inLanguage\":\"es\",\"@id\":\"https:\/\/poudresdenarco.com\/produit\/3cl\/#primaryimage\",\"url\":\"https:\/\/poudresdenarco.com\/wp-content\/uploads\/2024\/10\/3cl-1.gif\",\"contentUrl\":\"https:\/\/poudresdenarco.com\/wp-content\/uploads\/2024\/10\/3cl-1.gif\",\"width\":600,\"height\":600,\"caption\":\"3cl\"},{\"@type\":\"BreadcrumbList\",\"@id\":\"https:\/\/poudresdenarco.com\/produit\/3cl\/#breadcrumb\",\"itemListElement\":[{\"@type\":\"ListItem\",\"position\":1,\"name\":\"Home\",\"item\":\"https:\/\/poudresdenarco.com\/\"},{\"@type\":\"ListItem\",\"position\":2,\"name\":\"Boutique\",\"item\":\"https:\/\/poudresdenarco.com\/boutique\/\"},{\"@type\":\"ListItem\",\"position\":3,\"name\":\"3-Aminoindane (3-CI)\"}]},{\"@type\":\"WebSite\",\"@id\":\"https:\/\/poudresdenarco.com\/#website\",\"url\":\"https:\/\/poudresdenarco.com\/\",\"name\":\"Poudresde Narco\",\"description\":\"Acheter de la coca\u00efne et de l&#039;h\u00e9ro\u00efne en ligne\",\"potentialAction\":[{\"@type\":\"SearchAction\",\"target\":{\"@type\":\"EntryPoint\",\"urlTemplate\":\"https:\/\/poudresdenarco.com\/?s={search_term_string}\"},\"query-input\":{\"@type\":\"PropertyValueSpecification\",\"valueRequired\":true,\"valueName\":\"search_term_string\"}}],\"inLanguage\":\"es\"}]}<\/script>\n<!-- \/ Yoast SEO plugin. -->","yoast_head_json":{"title":"Acheter 3-Aminoindane (3-AI) | Fournisseur de Qualit\u00e9","description":"Achetez 3-Aminoindane (3-AI) de haute qualit\u00e9 pour la recherche. Fournisseur fiable avec livraison s\u00e9curis\u00e9e et fiche de s\u00e9curit\u00e9 incluse.","robots":{"index":"index","follow":"follow","max-snippet":"max-snippet:-1","max-image-preview":"max-image-preview:large","max-video-preview":"max-video-preview:-1"},"canonical":"https:\/\/poudresdenarco.com\/es\/producto\/3cl\/","og_locale":"es_ES","og_type":"article","og_title":"Acheter 3-Aminoindane (3-AI) | Fournisseur de Qualit\u00e9","og_description":"Achetez 3-Aminoindane (3-AI) de haute qualit\u00e9 pour la recherche. Fournisseur fiable avec livraison s\u00e9curis\u00e9e et fiche de s\u00e9curit\u00e9 incluse.","og_url":"https:\/\/poudresdenarco.com\/es\/producto\/3cl\/","og_site_name":"Poudresde Narco","article_modified_time":"2026-01-17T02:57:21+00:00","og_image":[{"width":600,"height":600,"url":"https:\/\/poudresdenarco.com\/wp-content\/uploads\/2024\/10\/3cl-1.gif","type":"image\/gif"}],"twitter_card":"summary_large_image","twitter_misc":{"Tiempo de lectura":"2 minutos"},"schema":{"@context":"https:\/\/schema.org","@graph":[{"@type":"WebPage","@id":"https:\/\/poudresdenarco.com\/produit\/3cl\/","url":"https:\/\/poudresdenarco.com\/produit\/3cl\/","name":"Acheter 3-Aminoindane (3-AI) | Fournisseur de Qualit\u00e9","isPartOf":{"@id":"https:\/\/poudresdenarco.com\/#website"},"primaryImageOfPage":{"@id":"https:\/\/poudresdenarco.com\/produit\/3cl\/#primaryimage"},"image":{"@id":"https:\/\/poudresdenarco.com\/produit\/3cl\/#primaryimage"},"thumbnailUrl":"https:\/\/poudresdenarco.com\/wp-content\/uploads\/2024\/10\/3cl-1.gif","datePublished":"2024-10-18T05:40:12+00:00","dateModified":"2026-01-17T02:57:21+00:00","description":"Achetez 3-Aminoindane (3-AI) de haute qualit\u00e9 pour la recherche. Fournisseur fiable avec livraison s\u00e9curis\u00e9e et fiche de s\u00e9curit\u00e9 incluse.","breadcrumb":{"@id":"https:\/\/poudresdenarco.com\/produit\/3cl\/#breadcrumb"},"inLanguage":"es","potentialAction":[{"@type":"ReadAction","target":["https:\/\/poudresdenarco.com\/produit\/3cl\/"]}]},{"@type":"ImageObject","inLanguage":"es","@id":"https:\/\/poudresdenarco.com\/produit\/3cl\/#primaryimage","url":"https:\/\/poudresdenarco.com\/wp-content\/uploads\/2024\/10\/3cl-1.gif","contentUrl":"https:\/\/poudresdenarco.com\/wp-content\/uploads\/2024\/10\/3cl-1.gif","width":600,"height":600,"caption":"3cl"},{"@type":"BreadcrumbList","@id":"https:\/\/poudresdenarco.com\/produit\/3cl\/#breadcrumb","itemListElement":[{"@type":"ListItem","position":1,"name":"Home","item":"https:\/\/poudresdenarco.com\/"},{"@type":"ListItem","position":2,"name":"Boutique","item":"https:\/\/poudresdenarco.com\/boutique\/"},{"@type":"ListItem","position":3,"name":"3-Aminoindane (3-CI)"}]},{"@type":"WebSite","@id":"https:\/\/poudresdenarco.com\/#website","url":"https:\/\/poudresdenarco.com\/","name":"Poudresde Narco","description":"Acheter de la coca\u00efne et de l&#039;h\u00e9ro\u00efne en ligne","potentialAction":[{"@type":"SearchAction","target":{"@type":"EntryPoint","urlTemplate":"https:\/\/poudresdenarco.com\/?s={search_term_string}"},"query-input":{"@type":"PropertyValueSpecification","valueRequired":true,"valueName":"search_term_string"}}],"inLanguage":"es"}]}},"_links":{"self":[{"href":"https:\/\/poudresdenarco.com\/es\/wp-json\/wp\/v2\/product\/6222","targetHints":{"allow":["GET"]}}],"collection":[{"href":"https:\/\/poudresdenarco.com\/es\/wp-json\/wp\/v2\/product"}],"about":[{"href":"https:\/\/poudresdenarco.com\/es\/wp-json\/wp\/v2\/types\/product"}],"replies":[{"embeddable":true,"href":"https:\/\/poudresdenarco.com\/es\/wp-json\/wp\/v2\/comments?post=6222"}],"wp:featuredmedia":[{"embeddable":true,"href":"https:\/\/poudresdenarco.com\/es\/wp-json\/wp\/v2\/media\/6297"}],"wp:attachment":[{"href":"https:\/\/poudresdenarco.com\/es\/wp-json\/wp\/v2\/media?parent=6222"}],"wp:term":[{"taxonomy":"product_cat","embeddable":true,"href":"https:\/\/poudresdenarco.com\/es\/wp-json\/wp\/v2\/product_cat?post=6222"},{"taxonomy":"product_tag","embeddable":true,"href":"https:\/\/poudresdenarco.com\/es\/wp-json\/wp\/v2\/product_tag?post=6222"}],"curies":[{"name":"wp","href":"https:\/\/api.w.org\/{rel}","templated":true}]}}