{"id":6223,"date":"2024-10-18T05:40:19","date_gmt":"2024-10-18T05:40:19","guid":{"rendered":"https:\/\/poudresdenarco.com\/?post_type=product&#038;p=6223"},"modified":"2026-01-17T02:59:50","modified_gmt":"2026-01-17T02:59:50","slug":"5f-adb","status":"publish","type":"product","link":"https:\/\/poudresdenarco.com\/es\/producto\/5f-adb\/","title":{"rendered":"5F-ADB"},"content":{"rendered":"<h2><strong>Comprar 5F-ADB para Investigaci\u00f3n | Proveedor de Cannabinoides Sint\u00e9ticos de Alta Calidad<\/strong><\/h2>\n<p>Bienvenido a <strong>poudresdenarco<\/strong>su fuente fiable de <strong>5F-ADB<\/strong>. Dirigido a profesionales que trabajan en farmacolog\u00eda e investigaci\u00f3n de cannabinoides, suministramos los siguientes materiales <strong>5F-ADB<\/strong> - un potente cannabinoide sint\u00e9tico, tambi\u00e9n conocido como <strong>5F-MDMB-PINACA<\/strong>. Conocido por su alta afinidad con los receptores CB1, el <strong>5F-ADB<\/strong> es esencial para los investigadores que estudian los efectos de los cannabinoides sint\u00e9ticos Comprar 5F-ADB<a href=\"https:\/\/k2spices.com\/product\/bizarro-liquid-k2-on-paper\/\">.<\/a><\/p>\n<h3>\u00bfPor qu\u00e9 elegir nuestro 5F-ADB?<\/h3>\n<p>Nuestra <strong>5F-ADB<\/strong> procede de proveedores certificados, lo que garantiza los m\u00e1s altos niveles de calidad. <strong>pureza y calidad<\/strong>. Suministramos estrictamente el <strong>5F-ADB con fines de investigaci\u00f3n<\/strong>Estos productos est\u00e1n dise\u00f1ados para satisfacer las necesidades de instituciones y profesionales cualificados que buscan compuestos aut\u00e9nticos y fiables.<a href=\"https:\/\/poudresdenarco.com\/es\/producto\/fentanyl\/\">.<\/a><\/p>\n<ul>\n<li><strong>Calidad y pureza superiores<\/strong> Cada lote se somete a rigurosas pruebas para cumplir las normas del sector.<\/li>\n<li><strong>Fiabilidad para la investigaci\u00f3n<\/strong> S\u00f3lo para aplicaciones de investigaci\u00f3n, apoya los estudios sobre la actividad, farmacolog\u00eda y toxicolog\u00eda de los receptores cannabinoides.<\/li>\n<\/ul>\n<h3>Compre 5F-ADB en l\u00ednea con seguridad<\/h3>\n<p>Para los profesionales que buscan una fuente segura y fiable de <strong>comprar 5F-ADB online<\/strong>, <strong>poudresdenarco<\/strong> ofrece pedidos r\u00e1pidos y confidenciales, al tiempo que cumple todas las normas de seguridad. Cada <strong>5F-ADB a la venta<\/strong> va acompa\u00f1ado de un certificado de an\u00e1lisis (COA), que documenta la pureza y la composici\u00f3n para garantizar la integridad de la investigaci\u00f3n.<\/p>\n<h3>Informaci\u00f3n importante sobre el uso y la legalidad del 5F-ADB<\/h3>\n<p>5F-ADB est\u00e1 destinado exclusivamente a la investigaci\u00f3n en laboratorio y es un <strong>sustancia regulada<\/strong> en muchas regiones debido a su gran potencia. <strong>Compruebe la situaci\u00f3n jur\u00eddica del 5F-ADB<\/strong> en su jurisdicci\u00f3n antes de hacer el pedido. Cumplimos todas las normativas locales y ofrecemos un servicio transparente para garantizar un acceso seguro y leg\u00edtimo a profesionales de la investigaci\u00f3n cualificados.<\/p>\n<p>Para profesionales e instituciones que buscan <strong>5F-ADB de alta calidad<\/strong>, <strong>poudresdenarco<\/strong> se compromete a ofrecer un servicio de confianza con los m\u00e1s altos est\u00e1ndares del sector. Explore nuestros productos, descubra nuestros estrictos controles de calidad y obtenga m\u00e1s informaci\u00f3n sobre nuestros productos. <strong>compre 5F-ADB con confianza<\/strong> para apoyar sus objetivos de investigaci\u00f3n.<\/p>","protected":false},"excerpt":{"rendered":"<p>Acheter du 5F-ADB pour la Recherche | Fournisseur de Cannabino\u00efdes Synth\u00e9tiques de Haute Qualit\u00e9 Bienvenue sur poudresdenarco, votre source fiable pour l&rsquo;achat de 5F-ADB. Destin\u00e9 aux professionnels de la pharmacologie et de la recherche sur les cannabino\u00efdes, nous fournissons du 5F-ADB \u2013 un cannabino\u00efde synth\u00e9tique puissant, \u00e9galement connu sous le nom de 5F-MDMB-PINACA. R\u00e9put\u00e9 pour&hellip;<\/p>","protected":false},"featured_media":6298,"comment_status":"open","ping_status":"closed","template":"","meta":{"_joinchat":[]},"product_cat":[558],"product_tag":[746,750,749,747,745,748],"class_list":{"0":"post-6223","1":"product","2":"type-product","3":"status-publish","4":"has-post-thumbnail","6":"product_cat-chimiques-de-recherche","7":"product_tag-5f-adb-en-vente","8":"product_tag-5f-adb-laboratoire","9":"product_tag-5f-adb-pour-la-recherche","10":"product_tag-5f-mdmb-pinaca","11":"product_tag-acheter-5f-adb","12":"product_tag-fournisseur-de-5f-adb","14":"first","15":"instock","16":"shipping-taxable","17":"purchasable","18":"product-type-variable","19":"col-xs-6 col-sm-4","20":"col-md-3 col-lg-3","21":"un-4-cols"},"yoast_head":"<!-- This site is optimized with the Yoast SEO plugin v23.8 - https:\/\/yoast.com\/wordpress\/plugins\/seo\/ -->\n<title>&quot;Acheter du 5F-ADB pour la Recherche | Poudresdenarco<\/title>\n<meta name=\"description\" content=\"Achetez du 5F-ADB de haute qualit\u00e9 pour la recherche sur poudresdenarco. Fournisseur fiable de 5F-MDMB-PINACA pour des applications en laboratoire,\" \/>\n<meta name=\"robots\" content=\"index, follow, max-snippet:-1, max-image-preview:large, max-video-preview:-1\" \/>\n<link rel=\"canonical\" href=\"https:\/\/poudresdenarco.com\/es\/producto\/5f-adb\/\" \/>\n<meta property=\"og:locale\" content=\"es_ES\" \/>\n<meta property=\"og:type\" content=\"article\" \/>\n<meta property=\"og:title\" content=\"&quot;Acheter du 5F-ADB pour la Recherche | Poudresdenarco\" \/>\n<meta property=\"og:description\" content=\"Achetez du 5F-ADB de haute qualit\u00e9 pour la recherche sur poudresdenarco. Fournisseur fiable de 5F-MDMB-PINACA pour des applications en laboratoire,\" \/>\n<meta property=\"og:url\" content=\"https:\/\/poudresdenarco.com\/es\/producto\/5f-adb\/\" \/>\n<meta property=\"og:site_name\" content=\"Poudresde Narco\" \/>\n<meta property=\"article:modified_time\" content=\"2026-01-17T02:59:50+00:00\" \/>\n<meta property=\"og:image\" content=\"https:\/\/poudresdenarco.com\/wp-content\/uploads\/2024\/10\/5F-ADB-2.gif\" \/>\n\t<meta property=\"og:image:width\" content=\"600\" \/>\n\t<meta property=\"og:image:height\" content=\"600\" \/>\n\t<meta property=\"og:image:type\" content=\"image\/gif\" \/>\n<meta name=\"twitter:card\" content=\"summary_large_image\" \/>\n<meta name=\"twitter:label1\" content=\"Tiempo de lectura\" \/>\n\t<meta name=\"twitter:data1\" content=\"2 minutos\" \/>\n<script type=\"application\/ld+json\" class=\"yoast-schema-graph\">{\"@context\":\"https:\/\/schema.org\",\"@graph\":[{\"@type\":\"WebPage\",\"@id\":\"https:\/\/poudresdenarco.com\/produit\/5f-adb\/\",\"url\":\"https:\/\/poudresdenarco.com\/produit\/5f-adb\/\",\"name\":\"\\\"Acheter du 5F-ADB pour la Recherche | Poudresdenarco\",\"isPartOf\":{\"@id\":\"https:\/\/poudresdenarco.com\/#website\"},\"primaryImageOfPage\":{\"@id\":\"https:\/\/poudresdenarco.com\/produit\/5f-adb\/#primaryimage\"},\"image\":{\"@id\":\"https:\/\/poudresdenarco.com\/produit\/5f-adb\/#primaryimage\"},\"thumbnailUrl\":\"https:\/\/poudresdenarco.com\/wp-content\/uploads\/2024\/10\/5F-ADB-2.gif\",\"datePublished\":\"2024-10-18T05:40:19+00:00\",\"dateModified\":\"2026-01-17T02:59:50+00:00\",\"description\":\"Achetez du 5F-ADB de haute qualit\u00e9 pour la recherche sur poudresdenarco. Fournisseur fiable de 5F-MDMB-PINACA pour des applications en laboratoire,\",\"breadcrumb\":{\"@id\":\"https:\/\/poudresdenarco.com\/produit\/5f-adb\/#breadcrumb\"},\"inLanguage\":\"es\",\"potentialAction\":[{\"@type\":\"ReadAction\",\"target\":[\"https:\/\/poudresdenarco.com\/produit\/5f-adb\/\"]}]},{\"@type\":\"ImageObject\",\"inLanguage\":\"es\",\"@id\":\"https:\/\/poudresdenarco.com\/produit\/5f-adb\/#primaryimage\",\"url\":\"https:\/\/poudresdenarco.com\/wp-content\/uploads\/2024\/10\/5F-ADB-2.gif\",\"contentUrl\":\"https:\/\/poudresdenarco.com\/wp-content\/uploads\/2024\/10\/5F-ADB-2.gif\",\"width\":600,\"height\":600,\"caption\":\"5F-ADB\"},{\"@type\":\"BreadcrumbList\",\"@id\":\"https:\/\/poudresdenarco.com\/produit\/5f-adb\/#breadcrumb\",\"itemListElement\":[{\"@type\":\"ListItem\",\"position\":1,\"name\":\"Home\",\"item\":\"https:\/\/poudresdenarco.com\/\"},{\"@type\":\"ListItem\",\"position\":2,\"name\":\"Boutique\",\"item\":\"https:\/\/poudresdenarco.com\/boutique\/\"},{\"@type\":\"ListItem\",\"position\":3,\"name\":\"5F-ADB\"}]},{\"@type\":\"WebSite\",\"@id\":\"https:\/\/poudresdenarco.com\/#website\",\"url\":\"https:\/\/poudresdenarco.com\/\",\"name\":\"Poudresde Narco\",\"description\":\"Acheter de la coca\u00efne et de l&#039;h\u00e9ro\u00efne en ligne\",\"potentialAction\":[{\"@type\":\"SearchAction\",\"target\":{\"@type\":\"EntryPoint\",\"urlTemplate\":\"https:\/\/poudresdenarco.com\/?s={search_term_string}\"},\"query-input\":{\"@type\":\"PropertyValueSpecification\",\"valueRequired\":true,\"valueName\":\"search_term_string\"}}],\"inLanguage\":\"es\"}]}<\/script>\n<!-- \/ Yoast SEO plugin. -->","yoast_head_json":{"title":"\"Acheter du 5F-ADB pour la Recherche | Poudresdenarco","description":"Achetez du 5F-ADB de haute qualit\u00e9 pour la recherche sur poudresdenarco. Fournisseur fiable de 5F-MDMB-PINACA pour des applications en laboratoire,","robots":{"index":"index","follow":"follow","max-snippet":"max-snippet:-1","max-image-preview":"max-image-preview:large","max-video-preview":"max-video-preview:-1"},"canonical":"https:\/\/poudresdenarco.com\/es\/producto\/5f-adb\/","og_locale":"es_ES","og_type":"article","og_title":"\"Acheter du 5F-ADB pour la Recherche | Poudresdenarco","og_description":"Achetez du 5F-ADB de haute qualit\u00e9 pour la recherche sur poudresdenarco. Fournisseur fiable de 5F-MDMB-PINACA pour des applications en laboratoire,","og_url":"https:\/\/poudresdenarco.com\/es\/producto\/5f-adb\/","og_site_name":"Poudresde Narco","article_modified_time":"2026-01-17T02:59:50+00:00","og_image":[{"width":600,"height":600,"url":"https:\/\/poudresdenarco.com\/wp-content\/uploads\/2024\/10\/5F-ADB-2.gif","type":"image\/gif"}],"twitter_card":"summary_large_image","twitter_misc":{"Tiempo de lectura":"2 minutos"},"schema":{"@context":"https:\/\/schema.org","@graph":[{"@type":"WebPage","@id":"https:\/\/poudresdenarco.com\/produit\/5f-adb\/","url":"https:\/\/poudresdenarco.com\/produit\/5f-adb\/","name":"\"Acheter du 5F-ADB pour la Recherche | Poudresdenarco","isPartOf":{"@id":"https:\/\/poudresdenarco.com\/#website"},"primaryImageOfPage":{"@id":"https:\/\/poudresdenarco.com\/produit\/5f-adb\/#primaryimage"},"image":{"@id":"https:\/\/poudresdenarco.com\/produit\/5f-adb\/#primaryimage"},"thumbnailUrl":"https:\/\/poudresdenarco.com\/wp-content\/uploads\/2024\/10\/5F-ADB-2.gif","datePublished":"2024-10-18T05:40:19+00:00","dateModified":"2026-01-17T02:59:50+00:00","description":"Achetez du 5F-ADB de haute qualit\u00e9 pour la recherche sur poudresdenarco. Fournisseur fiable de 5F-MDMB-PINACA pour des applications en laboratoire,","breadcrumb":{"@id":"https:\/\/poudresdenarco.com\/produit\/5f-adb\/#breadcrumb"},"inLanguage":"es","potentialAction":[{"@type":"ReadAction","target":["https:\/\/poudresdenarco.com\/produit\/5f-adb\/"]}]},{"@type":"ImageObject","inLanguage":"es","@id":"https:\/\/poudresdenarco.com\/produit\/5f-adb\/#primaryimage","url":"https:\/\/poudresdenarco.com\/wp-content\/uploads\/2024\/10\/5F-ADB-2.gif","contentUrl":"https:\/\/poudresdenarco.com\/wp-content\/uploads\/2024\/10\/5F-ADB-2.gif","width":600,"height":600,"caption":"5F-ADB"},{"@type":"BreadcrumbList","@id":"https:\/\/poudresdenarco.com\/produit\/5f-adb\/#breadcrumb","itemListElement":[{"@type":"ListItem","position":1,"name":"Home","item":"https:\/\/poudresdenarco.com\/"},{"@type":"ListItem","position":2,"name":"Boutique","item":"https:\/\/poudresdenarco.com\/boutique\/"},{"@type":"ListItem","position":3,"name":"5F-ADB"}]},{"@type":"WebSite","@id":"https:\/\/poudresdenarco.com\/#website","url":"https:\/\/poudresdenarco.com\/","name":"Poudresde Narco","description":"Acheter de la coca\u00efne et de l&#039;h\u00e9ro\u00efne en ligne","potentialAction":[{"@type":"SearchAction","target":{"@type":"EntryPoint","urlTemplate":"https:\/\/poudresdenarco.com\/?s={search_term_string}"},"query-input":{"@type":"PropertyValueSpecification","valueRequired":true,"valueName":"search_term_string"}}],"inLanguage":"es"}]}},"_links":{"self":[{"href":"https:\/\/poudresdenarco.com\/es\/wp-json\/wp\/v2\/product\/6223","targetHints":{"allow":["GET"]}}],"collection":[{"href":"https:\/\/poudresdenarco.com\/es\/wp-json\/wp\/v2\/product"}],"about":[{"href":"https:\/\/poudresdenarco.com\/es\/wp-json\/wp\/v2\/types\/product"}],"replies":[{"embeddable":true,"href":"https:\/\/poudresdenarco.com\/es\/wp-json\/wp\/v2\/comments?post=6223"}],"wp:featuredmedia":[{"embeddable":true,"href":"https:\/\/poudresdenarco.com\/es\/wp-json\/wp\/v2\/media\/6298"}],"wp:attachment":[{"href":"https:\/\/poudresdenarco.com\/es\/wp-json\/wp\/v2\/media?parent=6223"}],"wp:term":[{"taxonomy":"product_cat","embeddable":true,"href":"https:\/\/poudresdenarco.com\/es\/wp-json\/wp\/v2\/product_cat?post=6223"},{"taxonomy":"product_tag","embeddable":true,"href":"https:\/\/poudresdenarco.com\/es\/wp-json\/wp\/v2\/product_tag?post=6223"}],"curies":[{"name":"wp","href":"https:\/\/api.w.org\/{rel}","templated":true}]}}