{"id":105,"date":"2023-12-25T08:20:19","date_gmt":"2023-12-25T08:20:19","guid":{"rendered":"https:\/\/unkrautmarkt.com\/narco1\/?post_type=product&#038;p=105"},"modified":"2025-10-04T22:38:03","modified_gmt":"2025-10-04T22:38:03","slug":"heroine-brute","status":"publish","type":"product","link":"https:\/\/poudresdenarco.com\/hu\/termek\/heroine-brute\/","title":{"rendered":"Nyers heroin"},"content":{"rendered":"<h2><span style=\"vertical-align: inherit;\"><span style=\"vertical-align: inherit;\">V\u00e1s\u00e1rl\u00e1s v\u00e1gatlan heroin online<\/span><\/span><\/h2>\n<p>MEGVESZ\u00c9LYEZNI <a href=\"https:\/\/en.wikipedia.org\/wiki\/Heroin\"><strong>L<\/strong><\/a>V\u00c1GATLAN HEROIN ONLINE AZ OPTIM\u00c1LIS MIN\u0150S\u00c9G \u00c9S K\u00c9NYELEM \u00c9RDEK\u00c9BEN<\/p>\n<p>\u00dcdv\u00f6z\u00f6lj\u00fck \u00d6nt megb\u00edzhat\u00f3 oldalunkon, ahol a lehet\u0151 legalacsonyabb \u00e1ron k\u00edn\u00e1ljuk a legmagasabb min\u0151s\u00e9g\u0171 v\u00e1gatlan heroint. A megfelel\u0151 helyre j\u00f6tt, ha kiv\u00e1l\u00f3 min\u0151s\u00e9g\u0171 v\u00e1gatlan heroint keres. Csak n\u00e1lunk juthat v\u00e1gatlan heroinhoz online. Megb\u00edzhat\u00f3 online kiskeresked\u0151 vagyunk, aki olcs\u00f3 v\u00e1gatlan heroint k\u00edn\u00e1l, amely megv\u00e1s\u00e1rolhat\u00f3 az Egyes\u00fclt Kir\u00e1lys\u00e1gban \u00e9s m\u00e1s orsz\u00e1gokban. A legelismertebb besz\u00e1ll\u00edt\u00f3kt\u00f3l szerezz\u00fck be, \u00e9s garant\u00e1ljuk minden egyes term\u00e9k\u00fcnk min\u0151s\u00e9g\u00e9t \u00e9s tisztas\u00e1g\u00e1t.<\/p>\n<h3><span style=\"vertical-align: inherit;\"><span style=\"vertical-align: inherit;\">A v\u00e1gatlan heroin el\u0151nyei<\/span><\/span><\/h3>\n<p><span style=\"vertical-align: inherit;\"><span style=\"vertical-align: inherit;\">A jobb hat\u00e1s \u00e9rdek\u00e9ben v\u00e1s\u00e1roljon v\u00e1gatlan heroint. A v\u00e1gatlan heroin er\u0151sebb \u00e9s tiszt\u00e1bb, mint a t\u00f6bbi fajta, ami azt jelenti, hogy hosszabb ideig tart\u00f3, kiv\u00e1l\u00f3 hat\u00e1st \u00e9rhet el. Emellett alkalmazkod\u00f3k\u00e9pes is. R\u00e1ad\u00e1sul a felhaszn\u00e1l\u00f3 ig\u00e9nyeihez igaz\u00edthat\u00f3, \u00edgy olyan kokt\u00e9lokat k\u00e9sz\u00edthet, amelyekkel nagyobb kontrollt gyakorolhat a k\u00e1b\u00edt\u00f3szer er\u0151ss\u00e9ge \u00e9s min\u0151s\u00e9ge felett. Az online v\u00e1s\u00e1rolt nyers heroin haszn\u00e1lata is biztons\u00e1gosabb, ellen\u0151rz\u00f6tt k\u00f6rnyezetben. A t\u00faladagol\u00e1s kock\u00e1zata kisebb, mivel a heroin er\u0151sebb. Ezenk\u00edv\u00fcl a heroin m\u00e1s form\u00e1ihoz k\u00e9pest a nyers heroinban kisebb a f\u00fcgg\u0151s\u00e9g \u00e9s a negat\u00edv hat\u00e1sok kialakul\u00e1s\u00e1nak lehet\u0151s\u00e9ge. Egyes felhaszn\u00e1l\u00f3k m\u00e9g azt is \u00e1ll\u00edtott\u00e1k, hogy k\u00f6nnyebb tiszta, er\u0151s nyers heroint tal\u00e1lni hihetetlen \u00e1ron.<\/span><\/span><\/p>\n<h3><span style=\"vertical-align: inherit;\"><span style=\"vertical-align: inherit;\">Mi\u00e9rt v\u00e1lasztja cenz\u00far\u00e1zatlan h\u0151sn\u0151nket?<\/span><\/span><\/h3>\n<p><span style=\"vertical-align: inherit;\"><span style=\"vertical-align: inherit;\">Biztos lehet benne, hogy a legjobb term\u00e9ket kapja, ha v\u00e1gatlan heroint v\u00e1s\u00e1rol online boltunkban. Annak \u00e9rdek\u00e9ben, hogy v\u00e1s\u00e1rl\u00f3ink csak a legtiszt\u00e1bb \u00e9s leghat\u00e1sosabb nyers heroint kapj\u00e1k, a legmegb\u00edzhat\u00f3bb besz\u00e1ll\u00edt\u00f3kkal dolgozunk egy\u00fctt. Minden term\u00e9k\u00fcnket alaposan tesztelj\u00fck, hogy biztos\u00edtsuk, hogy megfelelnek a szigor\u00fa tisztas\u00e1gi \u00e9s min\u0151s\u00e9gi szabv\u00e1nyainknak.<\/span><\/span><\/p>\n<p><span style=\"vertical-align: inherit;\"><span style=\"vertical-align: inherit;\">A legjobb helyen j\u00e1rsz, ha v\u00e1gatlan heroint szeretn\u00e9l v\u00e1s\u00e1rolni online. Term\u00e9keinket vil\u00e1gszerte forgalmazzuk, \u00e9s egyszer\u0171 \u00e9s biztons\u00e1gos online v\u00e1s\u00e1rl\u00e1si \u00e9lm\u00e9nyt k\u00edn\u00e1lunk. A mag\u00e1n\u00e9let v\u00e9delme \u00e9rdek\u00e9ben term\u00e9keinket diszkr\u00e9ten csomagoljuk, \u00e9s gyors \u00e9s megb\u00edzhat\u00f3 sz\u00e1ll\u00edt\u00e1si lehet\u0151s\u00e9geket k\u00edn\u00e1lunk. A v\u00e1gatlan heroint egyenesen az \u00d6n ajtaj\u00e1ig tudjuk sz\u00e1ll\u00edtani, b\u00e1rhol is \u00e9ljen - az Egyes\u00fclt Kir\u00e1lys\u00e1gban, az Egyes\u00fclt \u00c1llamokban vagy m\u00e1shol. Sz\u00e1mos fizet\u00e9si m\u00f3dot is k\u00edn\u00e1lunk, bele\u00e9rtve a Bitcoint is, hogy a v\u00e1gatlan heroin v\u00e1s\u00e1rl\u00e1sa a lehet\u0151 legegyszer\u0171bb legyen.<\/span><\/span><\/p>\n<h3><span style=\"vertical-align: inherit;\"><span style=\"vertical-align: inherit;\">A heroin online v\u00e1s\u00e1rl\u00e1sa egyszer\u0171 \u00e9s gondtalan<\/span><\/span><\/h3>\n<p><span style=\"vertical-align: inherit;\"><span style=\"vertical-align: inherit;\">Sz\u00e1mos el\u0151nye van a v\u00e1gatlan heroin online v\u00e1s\u00e1rl\u00e1s\u00e1nak. Mindenekel\u0151tt diszkr\u00e9t \u00e9s praktikus. A v\u00e1gatlan heroin online megv\u00e1s\u00e1rolhat\u00f3, \u00e9s k\u00f6zvetlen\u00fcl az \u00d6n otthon\u00e1ba sz\u00e1ll\u00edthat\u00f3. Az online v\u00e1s\u00e1rl\u00e1s sor\u00e1n \u00f6sszehasonl\u00edthatja a term\u00e9keket \u00e9s az \u00e1rakat is, \u00edgy biztos\u00edthatja, hogy a legjobb v\u00e1gatlan heroint kapja a lehet\u0151 legjobb \u00e1ron. Nagyon b\u00fcszk\u00e9k vagyunk arra, hogy az el\u00e9rhet\u0151 legjobb min\u0151s\u00e9g\u0171 v\u00e1gatlan heroint k\u00edn\u00e1ljuk.<\/span><\/span><\/p>\n<h3><span style=\"vertical-align: inherit;\"><span style=\"vertical-align: inherit;\">Hol lehet nyers heroint v\u00e1s\u00e1rolni.<\/span><\/span><\/h3>\n<p>Nem kell tov\u00e1bb keresg\u00e9lnie, mint a mi online boltunk, hogy megtudja, hol v\u00e1s\u00e1rolhat v\u00e1gatlan heroint online. Csak a legjobb v\u00e1gatlan heroint \u00e1ruljuk, \u00e9s term\u00e9keinket a vil\u00e1g minden t\u00e1j\u00e1ra sz\u00e1ll\u00edtjuk. Bizalommal v\u00e1s\u00e1rolhat, mert garant\u00e1ljuk, hogy term\u00e9keink tiszt\u00e1k \u00e9s hat\u00e9konyak.<\/p>\n<p><em>Heroin<\/em>\u00a0mindig vesz\u00e9lyes, ak\u00e1r \"tiszta\", ak\u00e1r \"tiszta\".\u00a0<em>v\u00e1gja<\/em>\u00a0\" ?\u00a0<em>Heroin<\/em>\u00a0pszichoakt\u00edv anyag (amely az agyra hat).<\/p>","protected":false},"excerpt":{"rendered":"<p>Acheter de l&rsquo;h\u00e9ro\u00efne non coup\u00e9e en ligne OBTENIR DE L&lsquo;H\u00c9RO\u00cfNE NON COUP\u00c9E EN LIGNE POUR UNE QUALIT\u00c9 ET UNE COMMODIT\u00c9 OPTIMALES Nous vous souhaitons la bienvenue sur notre site fiable, o\u00f9 nous fournissons de l&rsquo;h\u00e9ro\u00efne non coup\u00e9e de la plus haute qualit\u00e9 au prix le plus bas possible. Vous \u00eates au bon endroit si vous&hellip;<\/p>","protected":false},"featured_media":267,"comment_status":"open","ping_status":"closed","template":"","meta":{"_joinchat":[]},"product_cat":[17],"product_tag":[],"class_list":{"0":"post-105","1":"product","2":"type-product","3":"status-publish","4":"has-post-thumbnail","6":"product_cat-de-heroine","8":"first","9":"instock","10":"shipping-taxable","11":"purchasable","12":"product-type-variable","13":"col-xs-6 col-sm-4","14":"col-md-3 col-lg-3","15":"un-4-cols"},"yoast_head":"<!-- This site is optimized with the Yoast SEO plugin v23.8 - https:\/\/yoast.com\/wordpress\/plugins\/seo\/ -->\n<title>Acheter de l&#039;h\u00e9ro\u00efne brute en ligne - H\u00e9ro\u00efne brute \u00e0 vendre<\/title>\n<meta name=\"description\" content=\"Si vous souhaitez acheter de l&#039;h\u00e9ro\u00efne brute en ligne, notre magasin PoudresDenarco peut vous aider. Nous avons de l&#039;h\u00e9ro\u00efne brute \u00e0 vendre aux meilleurs prix ici. Passez votre commande maintenant !\" \/>\n<meta name=\"robots\" content=\"index, follow, max-snippet:-1, max-image-preview:large, max-video-preview:-1\" \/>\n<link rel=\"canonical\" href=\"https:\/\/poudresdenarco.com\/hu\/termek\/heroine-brute\/\" \/>\n<meta property=\"og:locale\" content=\"hu_HU\" \/>\n<meta property=\"og:type\" content=\"article\" \/>\n<meta property=\"og:title\" content=\"Acheter de l&#039;h\u00e9ro\u00efne brute en ligne - H\u00e9ro\u00efne brute \u00e0 vendre\" \/>\n<meta property=\"og:description\" content=\"Si vous souhaitez acheter de l&#039;h\u00e9ro\u00efne brute en ligne, notre magasin PoudresDenarco peut vous aider. Nous avons de l&#039;h\u00e9ro\u00efne brute \u00e0 vendre aux meilleurs prix ici. Passez votre commande maintenant !\" \/>\n<meta property=\"og:url\" content=\"https:\/\/poudresdenarco.com\/hu\/termek\/heroine-brute\/\" \/>\n<meta property=\"og:site_name\" content=\"Poudresde Narco\" \/>\n<meta property=\"article:modified_time\" content=\"2025-10-04T22:38:03+00:00\" \/>\n<meta property=\"og:image\" content=\"https:\/\/poudresdenarco.com\/wp-content\/uploads\/2023\/12\/Uncut-Heroin.jpg\" \/>\n\t<meta property=\"og:image:width\" content=\"600\" \/>\n\t<meta property=\"og:image:height\" content=\"600\" \/>\n\t<meta property=\"og:image:type\" content=\"image\/jpeg\" \/>\n<meta name=\"twitter:card\" content=\"summary_large_image\" \/>\n<meta name=\"twitter:label1\" content=\"Becs\u00fclt olvas\u00e1si id\u0151\" \/>\n\t<meta name=\"twitter:data1\" content=\"3 perc\" \/>\n<script type=\"application\/ld+json\" class=\"yoast-schema-graph\">{\"@context\":\"https:\/\/schema.org\",\"@graph\":[{\"@type\":\"WebPage\",\"@id\":\"https:\/\/poudresdenarco.com\/produit\/heroine-brute\/\",\"url\":\"https:\/\/poudresdenarco.com\/produit\/heroine-brute\/\",\"name\":\"Acheter de l'h\u00e9ro\u00efne brute en ligne - H\u00e9ro\u00efne brute \u00e0 vendre\",\"isPartOf\":{\"@id\":\"https:\/\/poudresdenarco.com\/#website\"},\"primaryImageOfPage\":{\"@id\":\"https:\/\/poudresdenarco.com\/produit\/heroine-brute\/#primaryimage\"},\"image\":{\"@id\":\"https:\/\/poudresdenarco.com\/produit\/heroine-brute\/#primaryimage\"},\"thumbnailUrl\":\"https:\/\/poudresdenarco.com\/wp-content\/uploads\/2023\/12\/Uncut-Heroin.jpg\",\"datePublished\":\"2023-12-25T08:20:19+00:00\",\"dateModified\":\"2025-10-04T22:38:03+00:00\",\"description\":\"Si vous souhaitez acheter de l'h\u00e9ro\u00efne brute en ligne, notre magasin PoudresDenarco peut vous aider. Nous avons de l'h\u00e9ro\u00efne brute \u00e0 vendre aux meilleurs prix ici. Passez votre commande maintenant !\",\"breadcrumb\":{\"@id\":\"https:\/\/poudresdenarco.com\/produit\/heroine-brute\/#breadcrumb\"},\"inLanguage\":\"hu\",\"potentialAction\":[{\"@type\":\"ReadAction\",\"target\":[\"https:\/\/poudresdenarco.com\/produit\/heroine-brute\/\"]}]},{\"@type\":\"ImageObject\",\"inLanguage\":\"hu\",\"@id\":\"https:\/\/poudresdenarco.com\/produit\/heroine-brute\/#primaryimage\",\"url\":\"https:\/\/poudresdenarco.com\/wp-content\/uploads\/2023\/12\/Uncut-Heroin.jpg\",\"contentUrl\":\"https:\/\/poudresdenarco.com\/wp-content\/uploads\/2023\/12\/Uncut-Heroin.jpg\",\"width\":600,\"height\":600,\"caption\":\"Uncut-Heroin\"},{\"@type\":\"BreadcrumbList\",\"@id\":\"https:\/\/poudresdenarco.com\/produit\/heroine-brute\/#breadcrumb\",\"itemListElement\":[{\"@type\":\"ListItem\",\"position\":1,\"name\":\"Home\",\"item\":\"https:\/\/poudresdenarco.com\/\"},{\"@type\":\"ListItem\",\"position\":2,\"name\":\"Boutique\",\"item\":\"https:\/\/poudresdenarco.com\/boutique\/\"},{\"@type\":\"ListItem\",\"position\":3,\"name\":\"H\u00e9ro\u00efne brute\"}]},{\"@type\":\"WebSite\",\"@id\":\"https:\/\/poudresdenarco.com\/#website\",\"url\":\"https:\/\/poudresdenarco.com\/\",\"name\":\"Poudresde Narco\",\"description\":\"Acheter de la coca\u00efne et de l&#039;h\u00e9ro\u00efne en ligne\",\"potentialAction\":[{\"@type\":\"SearchAction\",\"target\":{\"@type\":\"EntryPoint\",\"urlTemplate\":\"https:\/\/poudresdenarco.com\/?s={search_term_string}\"},\"query-input\":{\"@type\":\"PropertyValueSpecification\",\"valueRequired\":true,\"valueName\":\"search_term_string\"}}],\"inLanguage\":\"hu\"}]}<\/script>\n<!-- \/ Yoast SEO plugin. -->","yoast_head_json":{"title":"Acheter de l'h\u00e9ro\u00efne brute en ligne - H\u00e9ro\u00efne brute \u00e0 vendre","description":"Si vous souhaitez acheter de l'h\u00e9ro\u00efne brute en ligne, notre magasin PoudresDenarco peut vous aider. Nous avons de l'h\u00e9ro\u00efne brute \u00e0 vendre aux meilleurs prix ici. Passez votre commande maintenant !","robots":{"index":"index","follow":"follow","max-snippet":"max-snippet:-1","max-image-preview":"max-image-preview:large","max-video-preview":"max-video-preview:-1"},"canonical":"https:\/\/poudresdenarco.com\/hu\/termek\/heroine-brute\/","og_locale":"hu_HU","og_type":"article","og_title":"Acheter de l'h\u00e9ro\u00efne brute en ligne - H\u00e9ro\u00efne brute \u00e0 vendre","og_description":"Si vous souhaitez acheter de l'h\u00e9ro\u00efne brute en ligne, notre magasin PoudresDenarco peut vous aider. Nous avons de l'h\u00e9ro\u00efne brute \u00e0 vendre aux meilleurs prix ici. Passez votre commande maintenant !","og_url":"https:\/\/poudresdenarco.com\/hu\/termek\/heroine-brute\/","og_site_name":"Poudresde Narco","article_modified_time":"2025-10-04T22:38:03+00:00","og_image":[{"width":600,"height":600,"url":"https:\/\/poudresdenarco.com\/wp-content\/uploads\/2023\/12\/Uncut-Heroin.jpg","type":"image\/jpeg"}],"twitter_card":"summary_large_image","twitter_misc":{"Becs\u00fclt olvas\u00e1si id\u0151":"3 perc"},"schema":{"@context":"https:\/\/schema.org","@graph":[{"@type":"WebPage","@id":"https:\/\/poudresdenarco.com\/produit\/heroine-brute\/","url":"https:\/\/poudresdenarco.com\/produit\/heroine-brute\/","name":"Acheter de l'h\u00e9ro\u00efne brute en ligne - H\u00e9ro\u00efne brute \u00e0 vendre","isPartOf":{"@id":"https:\/\/poudresdenarco.com\/#website"},"primaryImageOfPage":{"@id":"https:\/\/poudresdenarco.com\/produit\/heroine-brute\/#primaryimage"},"image":{"@id":"https:\/\/poudresdenarco.com\/produit\/heroine-brute\/#primaryimage"},"thumbnailUrl":"https:\/\/poudresdenarco.com\/wp-content\/uploads\/2023\/12\/Uncut-Heroin.jpg","datePublished":"2023-12-25T08:20:19+00:00","dateModified":"2025-10-04T22:38:03+00:00","description":"Si vous souhaitez acheter de l'h\u00e9ro\u00efne brute en ligne, notre magasin PoudresDenarco peut vous aider. Nous avons de l'h\u00e9ro\u00efne brute \u00e0 vendre aux meilleurs prix ici. Passez votre commande maintenant !","breadcrumb":{"@id":"https:\/\/poudresdenarco.com\/produit\/heroine-brute\/#breadcrumb"},"inLanguage":"hu","potentialAction":[{"@type":"ReadAction","target":["https:\/\/poudresdenarco.com\/produit\/heroine-brute\/"]}]},{"@type":"ImageObject","inLanguage":"hu","@id":"https:\/\/poudresdenarco.com\/produit\/heroine-brute\/#primaryimage","url":"https:\/\/poudresdenarco.com\/wp-content\/uploads\/2023\/12\/Uncut-Heroin.jpg","contentUrl":"https:\/\/poudresdenarco.com\/wp-content\/uploads\/2023\/12\/Uncut-Heroin.jpg","width":600,"height":600,"caption":"Uncut-Heroin"},{"@type":"BreadcrumbList","@id":"https:\/\/poudresdenarco.com\/produit\/heroine-brute\/#breadcrumb","itemListElement":[{"@type":"ListItem","position":1,"name":"Home","item":"https:\/\/poudresdenarco.com\/"},{"@type":"ListItem","position":2,"name":"Boutique","item":"https:\/\/poudresdenarco.com\/boutique\/"},{"@type":"ListItem","position":3,"name":"H\u00e9ro\u00efne brute"}]},{"@type":"WebSite","@id":"https:\/\/poudresdenarco.com\/#website","url":"https:\/\/poudresdenarco.com\/","name":"Poudresde Narco","description":"Acheter de la coca\u00efne et de l&#039;h\u00e9ro\u00efne en ligne","potentialAction":[{"@type":"SearchAction","target":{"@type":"EntryPoint","urlTemplate":"https:\/\/poudresdenarco.com\/?s={search_term_string}"},"query-input":{"@type":"PropertyValueSpecification","valueRequired":true,"valueName":"search_term_string"}}],"inLanguage":"hu"}]}},"_links":{"self":[{"href":"https:\/\/poudresdenarco.com\/hu\/wp-json\/wp\/v2\/product\/105","targetHints":{"allow":["GET"]}}],"collection":[{"href":"https:\/\/poudresdenarco.com\/hu\/wp-json\/wp\/v2\/product"}],"about":[{"href":"https:\/\/poudresdenarco.com\/hu\/wp-json\/wp\/v2\/types\/product"}],"replies":[{"embeddable":true,"href":"https:\/\/poudresdenarco.com\/hu\/wp-json\/wp\/v2\/comments?post=105"}],"wp:featuredmedia":[{"embeddable":true,"href":"https:\/\/poudresdenarco.com\/hu\/wp-json\/wp\/v2\/media\/267"}],"wp:attachment":[{"href":"https:\/\/poudresdenarco.com\/hu\/wp-json\/wp\/v2\/media?parent=105"}],"wp:term":[{"taxonomy":"product_cat","embeddable":true,"href":"https:\/\/poudresdenarco.com\/hu\/wp-json\/wp\/v2\/product_cat?post=105"},{"taxonomy":"product_tag","embeddable":true,"href":"https:\/\/poudresdenarco.com\/hu\/wp-json\/wp\/v2\/product_tag?post=105"}],"curies":[{"name":"wp","href":"https:\/\/api.w.org\/{rel}","templated":true}]}}