{"id":137,"date":"2023-12-25T08:20:25","date_gmt":"2023-12-25T08:20:25","guid":{"rendered":"https:\/\/unkrautmarkt.com\/narco1\/?post_type=product&#038;p=137"},"modified":"2025-06-10T10:48:21","modified_gmt":"2025-06-10T10:48:21","slug":"po-anasket-1000mg-10ml","status":"publish","type":"product","link":"https:\/\/poudresdenarco.com\/hu\/termek\/po-anasket-1000mg-10ml\/","title":{"rendered":"Po Anasket 1000mg\/10ml"},"content":{"rendered":"<h2>Anasket 1000mg\/10ml online v\u00e1s\u00e1rl\u00e1sa<\/h2>\n<p>1000 mg\/10 ml anesket - V\u00e1s\u00e1roljon pr\u00e9mium anesket online - Anesket elad\u00f3<\/p>\n<p>A Nesket elad\u00f3 az egyik f\u0151 feladatunk, amit itt v\u00e9gz\u00fcnk. Ez\u00e9rt tudunk anesketet sz\u00e1ll\u00edtani vagy eladni forgat\u00f3k\u00f6nyvvel vagy an\u00e9lk\u00fcl. A nemzetk\u00f6zi v\u00e1s\u00e1rl\u00f3k online v\u00e1s\u00e1rolhatnak Anesket v\u00e9nyk\u00f6teles vagy v\u00e9ny n\u00e9lk\u00fcl. Ez a gy\u00f3gyszer azonban a ketaminhoz hasonl\u00f3an m\u0171k\u00f6dik. Arra haszn\u00e1lj\u00e1k, hogy a betegeket elaltass\u00e1k neh\u00e9z m\u0171t\u00e9tek sor\u00e1n. Mint ilyen, ugyanabba az orvosi csoportba tartozik (altat\u00f3szer). Szedat\u00edv \u00e9s hallucinog\u00e9n tulajdons\u00e1gai miatt a gy\u00f3gyszer sz\u00edntelen, nagy hat\u00e1s\u00fa injekci\u00f3s \u00fcvegcs\u00e9ben ker\u00fcl forgalomba. Az aneszketet a vil\u00e1g legt\u00f6bb orsz\u00e1g\u00e1ban sz\u00e9les k\u00f6rben haszn\u00e1lj\u00e1k izomlaz\u00edt\u00f3k\u00e9nt. A nyugtat\u00f3k\u00e9nt vagy \u00e9rz\u00e9stelen\u00edt\u0151k\u00e9nt val\u00f3 potenci\u00e1lis alkalmaz\u00e1s\u00e1n k\u00edv\u00fcl ez a gy\u00f3gyszer figyelemre m\u00e9lt\u00f3 hat\u00e9konys\u00e1got mutatott a szenved\u00e9s \u00e9s a depresszi\u00f3 kezel\u00e9s\u00e9ben. A lista v\u00e9gtelen. Anesket injekci\u00f3 v\u00e9ny n\u00e9lk\u00fcl, Anasket 1000mg\/10ml<\/p>\n<p>Anesket 1000 mg-10 ml oldat | Anesket injekci\u00f3, v\u00e9ny n\u00e9lk\u00fcl kaphat\u00f3 | V\u00e1s\u00e1roljon generikus gy\u00f3gyszert <a href=\"https:\/\/en.wikipedia.org\/wiki\/Ketamine\">ketamin<\/a> lopakodva online a k\u00f6zelemben<\/p>\n<h3>A legjobb ANESKET 1000MG-10ML megold\u00e1st k\u00edn\u00e1ljuk.<\/h3>\n<p>Jelent\u0151s jelenl\u00e9tet teremtett\u00fcnk ezen a ter\u00fcleten az\u00e1ltal, hogy egy <a href=\"https:\/\/poudresdenarco.com\/hu\/termek\/po-anasket-1000mg-10ml\/\">ANESKET OLDAT 1000MG-10ML<\/a> kiv\u00e9teles.<\/p>\n<p>Az \u00e9rz\u00e9stelen\u00edt\u0151 injekci\u00f3t \u00f6nmag\u00e1ban vagy m\u00e1s gy\u00f3gyszerekkel kombin\u00e1lva haszn\u00e1lj\u00e1k eszm\u00e9letveszt\u00e9s el\u0151id\u00e9z\u00e9s\u00e9re m\u0171t\u00e9t vagy m\u00e1s orvosi beavatkoz\u00e1s el\u0151tt \u00e9s alatt. Az \u00e1ltal\u00e1nos \u00e9rz\u00e9stelen\u00edt\u0151k\u00e9nt ismert gy\u00f3gyszercsoportba tartozik. Anesket 1000 mg\/10 ml leg\u00e1lisan. A ketamin injekci\u00f3 megv\u00e1s\u00e1rolhat\u00f3<\/p>\n<p>Az \u00e9rz\u00e9stelen\u00edt\u00e9s bead\u00e1s\u00e1hoz k\u00e9pzett eg\u00e9szs\u00e9g\u00fcgyi szakember jelenl\u00e9te sz\u00fcks\u00e9ges. A m\u0171t\u00e9t sor\u00e1n, ha az altat\u00f3orvos vagy az orvos Anesket ad be \u00d6nnek, adja be mag\u00e1nak a gy\u00f3gyszert, \u00e9s szorosan k\u00f6vesse figyelemmel a folyamatot. Jogi Anesket 1000 mg\/10 ml.<\/p>\n<h4><strong>V\u00e1s\u00e1rl\u00e1s Po Anasket 1000mg\/10ml nagy tisztas\u00e1g\u00fa kutat\u00e1si c\u00e9lokra - Narkotikus porok<\/strong><\/h4>\n<p><strong>Narkotikus porok<\/strong> az \u00d6n megb\u00edzhat\u00f3 besz\u00e1ll\u00edt\u00f3ja <strong>Po Anasket 1000mg\/10ml kutat\u00e1si fokozat<\/strong>kifejezetten a k\u00f6vetkez\u0151kh\u00f6z kifejlesztve <strong>tudom\u00e1nyos laborat\u00f3riumi alkalmaz\u00e1sok<\/strong>. A Po Anasket szigor\u00fa tisztas\u00e1gi \u00e9s min\u0151s\u00e9gi szabv\u00e1nyok szerint k\u00e9sz\u00fcl, \u00edgy megb\u00edzhat\u00f3 eredm\u00e9nyeket biztos\u00edt a farmakol\u00f3giai \u00e9s k\u00e9miai kutat\u00f3k sz\u00e1m\u00e1ra.<\/p>\n<h3>Mi\u00e9rt v\u00e1lassza a Po Anasket 1000mg\/10ml narkoporokat?<\/h3>\n<p>Mint egy <strong>Po Anasket sz\u00e1ll\u00edt\u00f3 a kutat\u00e1shoz<\/strong>, <strong>Narkotikus porok<\/strong> v\u00e1llalja, hogy olyan term\u00e9keket sz\u00e1ll\u00edt, amelyek megfelelnek a <strong>tan\u00fas\u00edtott laborat\u00f3riumok<\/strong> :<\/p>\n<ul>\n<li><strong>Po Anasket 1000mg\/10ml nagy tisztas\u00e1g\u00fa laborat\u00f3riumok sz\u00e1m\u00e1ra<\/strong> : Minden egyes t\u00e9telt szigor\u00faan tesztelnek, hogy garant\u00e1lj\u00e1k az optim\u00e1lis tisztas\u00e1got, ami elengedhetetlen a k\u00f6vetkez\u0151h\u00f6z <strong>prec\u00edzi\u00f3s tudom\u00e1nyos alkalmaz\u00e1sok<\/strong>.<\/li>\n<li><strong>K\u00f6vetkezetes, megb\u00edzhat\u00f3 min\u0151s\u00e9g<\/strong> : Po Anasket term\u00e9k\u00fcnk \u00fagy lett kialak\u00edtva, hogy stabil teljes\u00edtm\u00e9nyt ny\u00fajtson, alkalmazkodva az al\u00e1bbi ig\u00e9nyekhez <strong>analitikai vizsg\u00e1latok \u00e9s laborat\u00f3riumi kutat\u00e1sok<\/strong>.<\/li>\n<li><strong>Biztons\u00e1gos online rendel\u00e9s<\/strong> : <strong>Narkotikus porok<\/strong> egyszer\u0171s\u00edtett elj\u00e1r\u00e1st k\u00edn\u00e1l a<strong>v\u00e1s\u00e1rolni Po Anasket online<\/strong>a kutat\u00e1si szakemberek biztons\u00e1g\u00e1nak \u00e9s megfelel\u0151s\u00e9g\u00e9nek garant\u00e1l\u00e1sa.<\/li>\n<\/ul>\n<h3>Alkalmaz\u00e1sok \u00e9s biztons\u00e1gi utas\u00edt\u00e1sok<\/h3>\n<p>Le <strong>Po Anasket a keres\u00e9shez<\/strong> a  c\u00edmr\u0151l <strong>Narkotikus porok<\/strong> a k\u00f6vetkez\u0151 c\u00e9lokra sz\u00e1nt\u00e1k <strong>analitikai alkalmaz\u00e1sok \u00e9s tudom\u00e1nyos tanulm\u00e1nyok<\/strong>. Biztons\u00e1gi aj\u00e1nl\u00e1sokat adunk a megfelel\u0151 haszn\u00e1lat biztos\u00edt\u00e1sa \u00e9rdek\u00e9ben:<\/p>\n<ul>\n<li><strong>Biztons\u00e1gos t\u00e1rol\u00e1s<\/strong> A Po Anasket h\u0171v\u00f6s, sz\u00e1raz, f\u00e9nyt\u0151l v\u00e9dett helyen t\u00e1roland\u00f3.<\/li>\n<li><strong>\u00d3vatos kezel\u00e9s<\/strong> Haszn\u00e1ljon egy\u00e9ni v\u00e9d\u0151felszerel\u00e9st (PPE), \u00e9s az optim\u00e1lis biztons\u00e1g \u00e9rdek\u00e9ben dolgozzon j\u00f3l szell\u0151z\u0151 k\u00f6rnyezetben.<\/li>\n<li><strong>Szigor\u00faan kutat\u00e1si c\u00e9lokra fenntartott haszn\u00e1lat<\/strong> Ez a term\u00e9k kiz\u00e1r\u00f3lag min\u0151s\u00edtett kutat\u00f3k \u00e9s min\u0151s\u00edtett laborat\u00f3riumok sz\u00e1m\u00e1ra k\u00e9sz\u00fclt.<\/li>\n<\/ul>\n<h3>Rendeljen nagy tisztas\u00e1g\u00fa Po Anasket 1000mg\/10ml-t a tudom\u00e1nyos tanulm\u00e1nyaihoz<\/h3>\n<p>A  c\u00edmen. <strong>Narkotikus porok<\/strong>az \u00d6n el\u0151nye <strong>Po Anasket megb\u00edzhat\u00f3 sz\u00e1ll\u00edt\u00e1sa laborat\u00f3riumi alkalmaz\u00e1sokhoz<\/strong>. Min\u0151s\u00e9gi \u00e9s biztons\u00e1gi szabv\u00e1nyaink <strong>Narkotikus porok<\/strong> ide\u00e1lis v\u00e1laszt\u00e1s a kutat\u00e1si szakemberek sz\u00e1m\u00e1ra. <strong>Kapcsolatfelv\u00e9tel<\/strong> \u00e1raj\u00e1nlat\u00e9rt, vagy ha t\u00f6bbet szeretne megtudni a tudom\u00e1nyos kutat\u00e1shoz haszn\u00e1lt nagy tisztas\u00e1g\u00fa term\u00e9keinkr\u0151l.<\/p>","protected":false},"excerpt":{"rendered":"<p>Acheter Anasket 1000mg\/10ml en ligne 1000 mg\/10 ml d&rsquo;anesket &#8211; Acheter anesket premium en ligne &#8211; Anesket \u00e0 vendre Nesket for Sale fait partie des principales t\u00e2ches que nous effectuons ici. Pour cette raison, nous pouvons fournir ou vendre des anesket avec ou sans script. Les clients internationaux peuvent acheter Anesket en ligne avec ou&hellip;<\/p>","protected":false},"featured_media":264,"comment_status":"open","ping_status":"closed","template":"","meta":{"_joinchat":[]},"product_cat":[174],"product_tag":[],"class_list":{"0":"post-137","1":"product","2":"type-product","3":"status-publish","4":"has-post-thumbnail","6":"product_cat-la-ketamine","8":"first","9":"instock","10":"shipping-taxable","11":"purchasable","12":"product-type-variable","13":"col-xs-6 col-sm-4","14":"col-md-3 col-lg-3","15":"un-4-cols"},"yoast_head":"<!-- This site is optimized with the Yoast SEO plugin v23.8 - https:\/\/yoast.com\/wordpress\/plugins\/seo\/ -->\n<title>Acheter Po Anasket 1000mg\/10ml en ligne - poudresdenarco.<\/title>\n<meta name=\"description\" content=\"Vous souhaitez acheter Po Anasket 1000mg\/10ml en ligne \u00e0 un prix raisonnable ? Visitez notre boutique en ligne PoudresDenarco r\u00e9put\u00e9e et obtenez Po Anasket 1000mg\/10ml en vente d\u00e8s aujourd&#039;hui. Passez commande maintenant !\" \/>\n<meta name=\"robots\" content=\"index, follow, max-snippet:-1, max-image-preview:large, max-video-preview:-1\" \/>\n<link rel=\"canonical\" href=\"https:\/\/poudresdenarco.com\/hu\/termek\/po-anasket-1000mg-10ml\/\" \/>\n<meta property=\"og:locale\" content=\"hu_HU\" \/>\n<meta property=\"og:type\" content=\"article\" \/>\n<meta property=\"og:title\" content=\"Acheter Po Anasket 1000mg\/10ml en ligne - poudresdenarco.\" \/>\n<meta property=\"og:description\" content=\"Vous souhaitez acheter Po Anasket 1000mg\/10ml en ligne \u00e0 un prix raisonnable ? Visitez notre boutique en ligne PoudresDenarco r\u00e9put\u00e9e et obtenez Po Anasket 1000mg\/10ml en vente d\u00e8s aujourd&#039;hui. Passez commande maintenant !\" \/>\n<meta property=\"og:url\" content=\"https:\/\/poudresdenarco.com\/hu\/termek\/po-anasket-1000mg-10ml\/\" \/>\n<meta property=\"og:site_name\" content=\"Poudresde Narco\" \/>\n<meta property=\"article:modified_time\" content=\"2025-06-10T10:48:21+00:00\" \/>\n<meta property=\"og:image\" content=\"https:\/\/poudresdenarco.com\/wp-content\/uploads\/2023\/12\/Buy-Anesket-1000mg-10ml.jpg\" \/>\n\t<meta property=\"og:image:width\" content=\"600\" \/>\n\t<meta property=\"og:image:height\" content=\"600\" \/>\n\t<meta property=\"og:image:type\" content=\"image\/jpeg\" \/>\n<meta name=\"twitter:card\" content=\"summary_large_image\" \/>\n<meta name=\"twitter:label1\" content=\"Becs\u00fclt olvas\u00e1si id\u0151\" \/>\n\t<meta name=\"twitter:data1\" content=\"3 perc\" \/>\n<script type=\"application\/ld+json\" class=\"yoast-schema-graph\">{\"@context\":\"https:\/\/schema.org\",\"@graph\":[{\"@type\":\"WebPage\",\"@id\":\"https:\/\/poudresdenarco.com\/produit\/po-anasket-1000mg-10ml\/\",\"url\":\"https:\/\/poudresdenarco.com\/produit\/po-anasket-1000mg-10ml\/\",\"name\":\"Acheter Po Anasket 1000mg\/10ml en ligne - poudresdenarco.\",\"isPartOf\":{\"@id\":\"https:\/\/poudresdenarco.com\/#website\"},\"primaryImageOfPage\":{\"@id\":\"https:\/\/poudresdenarco.com\/produit\/po-anasket-1000mg-10ml\/#primaryimage\"},\"image\":{\"@id\":\"https:\/\/poudresdenarco.com\/produit\/po-anasket-1000mg-10ml\/#primaryimage\"},\"thumbnailUrl\":\"https:\/\/poudresdenarco.com\/wp-content\/uploads\/2023\/12\/Buy-Anesket-1000mg-10ml.jpg\",\"datePublished\":\"2023-12-25T08:20:25+00:00\",\"dateModified\":\"2025-06-10T10:48:21+00:00\",\"description\":\"Vous souhaitez acheter Po Anasket 1000mg\/10ml en ligne \u00e0 un prix raisonnable ? Visitez notre boutique en ligne PoudresDenarco r\u00e9put\u00e9e et obtenez Po Anasket 1000mg\/10ml en vente d\u00e8s aujourd'hui. Passez commande maintenant !\",\"breadcrumb\":{\"@id\":\"https:\/\/poudresdenarco.com\/produit\/po-anasket-1000mg-10ml\/#breadcrumb\"},\"inLanguage\":\"hu\",\"potentialAction\":[{\"@type\":\"ReadAction\",\"target\":[\"https:\/\/poudresdenarco.com\/produit\/po-anasket-1000mg-10ml\/\"]}]},{\"@type\":\"ImageObject\",\"inLanguage\":\"hu\",\"@id\":\"https:\/\/poudresdenarco.com\/produit\/po-anasket-1000mg-10ml\/#primaryimage\",\"url\":\"https:\/\/poudresdenarco.com\/wp-content\/uploads\/2023\/12\/Buy-Anesket-1000mg-10ml.jpg\",\"contentUrl\":\"https:\/\/poudresdenarco.com\/wp-content\/uploads\/2023\/12\/Buy-Anesket-1000mg-10ml.jpg\",\"width\":600,\"height\":600,\"caption\":\"Buy-Anesket-1000mg-10ml\"},{\"@type\":\"BreadcrumbList\",\"@id\":\"https:\/\/poudresdenarco.com\/produit\/po-anasket-1000mg-10ml\/#breadcrumb\",\"itemListElement\":[{\"@type\":\"ListItem\",\"position\":1,\"name\":\"Home\",\"item\":\"https:\/\/poudresdenarco.com\/\"},{\"@type\":\"ListItem\",\"position\":2,\"name\":\"Boutique\",\"item\":\"https:\/\/poudresdenarco.com\/boutique\/\"},{\"@type\":\"ListItem\",\"position\":3,\"name\":\"Po Anasket 1000mg\/10ml\"}]},{\"@type\":\"WebSite\",\"@id\":\"https:\/\/poudresdenarco.com\/#website\",\"url\":\"https:\/\/poudresdenarco.com\/\",\"name\":\"Poudresde Narco\",\"description\":\"Acheter de la coca\u00efne et de l&#039;h\u00e9ro\u00efne en ligne\",\"potentialAction\":[{\"@type\":\"SearchAction\",\"target\":{\"@type\":\"EntryPoint\",\"urlTemplate\":\"https:\/\/poudresdenarco.com\/?s={search_term_string}\"},\"query-input\":{\"@type\":\"PropertyValueSpecification\",\"valueRequired\":true,\"valueName\":\"search_term_string\"}}],\"inLanguage\":\"hu\"}]}<\/script>\n<!-- \/ Yoast SEO plugin. -->","yoast_head_json":{"title":"Acheter Po Anasket 1000mg\/10ml en ligne - poudresdenarco.","description":"Vous souhaitez acheter Po Anasket 1000mg\/10ml en ligne \u00e0 un prix raisonnable ? Visitez notre boutique en ligne PoudresDenarco r\u00e9put\u00e9e et obtenez Po Anasket 1000mg\/10ml en vente d\u00e8s aujourd'hui. Passez commande maintenant !","robots":{"index":"index","follow":"follow","max-snippet":"max-snippet:-1","max-image-preview":"max-image-preview:large","max-video-preview":"max-video-preview:-1"},"canonical":"https:\/\/poudresdenarco.com\/hu\/termek\/po-anasket-1000mg-10ml\/","og_locale":"hu_HU","og_type":"article","og_title":"Acheter Po Anasket 1000mg\/10ml en ligne - poudresdenarco.","og_description":"Vous souhaitez acheter Po Anasket 1000mg\/10ml en ligne \u00e0 un prix raisonnable ? Visitez notre boutique en ligne PoudresDenarco r\u00e9put\u00e9e et obtenez Po Anasket 1000mg\/10ml en vente d\u00e8s aujourd'hui. Passez commande maintenant !","og_url":"https:\/\/poudresdenarco.com\/hu\/termek\/po-anasket-1000mg-10ml\/","og_site_name":"Poudresde Narco","article_modified_time":"2025-06-10T10:48:21+00:00","og_image":[{"width":600,"height":600,"url":"https:\/\/poudresdenarco.com\/wp-content\/uploads\/2023\/12\/Buy-Anesket-1000mg-10ml.jpg","type":"image\/jpeg"}],"twitter_card":"summary_large_image","twitter_misc":{"Becs\u00fclt olvas\u00e1si id\u0151":"3 perc"},"schema":{"@context":"https:\/\/schema.org","@graph":[{"@type":"WebPage","@id":"https:\/\/poudresdenarco.com\/produit\/po-anasket-1000mg-10ml\/","url":"https:\/\/poudresdenarco.com\/produit\/po-anasket-1000mg-10ml\/","name":"Acheter Po Anasket 1000mg\/10ml en ligne - poudresdenarco.","isPartOf":{"@id":"https:\/\/poudresdenarco.com\/#website"},"primaryImageOfPage":{"@id":"https:\/\/poudresdenarco.com\/produit\/po-anasket-1000mg-10ml\/#primaryimage"},"image":{"@id":"https:\/\/poudresdenarco.com\/produit\/po-anasket-1000mg-10ml\/#primaryimage"},"thumbnailUrl":"https:\/\/poudresdenarco.com\/wp-content\/uploads\/2023\/12\/Buy-Anesket-1000mg-10ml.jpg","datePublished":"2023-12-25T08:20:25+00:00","dateModified":"2025-06-10T10:48:21+00:00","description":"Vous souhaitez acheter Po Anasket 1000mg\/10ml en ligne \u00e0 un prix raisonnable ? Visitez notre boutique en ligne PoudresDenarco r\u00e9put\u00e9e et obtenez Po Anasket 1000mg\/10ml en vente d\u00e8s aujourd'hui. Passez commande maintenant !","breadcrumb":{"@id":"https:\/\/poudresdenarco.com\/produit\/po-anasket-1000mg-10ml\/#breadcrumb"},"inLanguage":"hu","potentialAction":[{"@type":"ReadAction","target":["https:\/\/poudresdenarco.com\/produit\/po-anasket-1000mg-10ml\/"]}]},{"@type":"ImageObject","inLanguage":"hu","@id":"https:\/\/poudresdenarco.com\/produit\/po-anasket-1000mg-10ml\/#primaryimage","url":"https:\/\/poudresdenarco.com\/wp-content\/uploads\/2023\/12\/Buy-Anesket-1000mg-10ml.jpg","contentUrl":"https:\/\/poudresdenarco.com\/wp-content\/uploads\/2023\/12\/Buy-Anesket-1000mg-10ml.jpg","width":600,"height":600,"caption":"Buy-Anesket-1000mg-10ml"},{"@type":"BreadcrumbList","@id":"https:\/\/poudresdenarco.com\/produit\/po-anasket-1000mg-10ml\/#breadcrumb","itemListElement":[{"@type":"ListItem","position":1,"name":"Home","item":"https:\/\/poudresdenarco.com\/"},{"@type":"ListItem","position":2,"name":"Boutique","item":"https:\/\/poudresdenarco.com\/boutique\/"},{"@type":"ListItem","position":3,"name":"Po Anasket 1000mg\/10ml"}]},{"@type":"WebSite","@id":"https:\/\/poudresdenarco.com\/#website","url":"https:\/\/poudresdenarco.com\/","name":"Poudresde Narco","description":"Acheter de la coca\u00efne et de l&#039;h\u00e9ro\u00efne en ligne","potentialAction":[{"@type":"SearchAction","target":{"@type":"EntryPoint","urlTemplate":"https:\/\/poudresdenarco.com\/?s={search_term_string}"},"query-input":{"@type":"PropertyValueSpecification","valueRequired":true,"valueName":"search_term_string"}}],"inLanguage":"hu"}]}},"_links":{"self":[{"href":"https:\/\/poudresdenarco.com\/hu\/wp-json\/wp\/v2\/product\/137","targetHints":{"allow":["GET"]}}],"collection":[{"href":"https:\/\/poudresdenarco.com\/hu\/wp-json\/wp\/v2\/product"}],"about":[{"href":"https:\/\/poudresdenarco.com\/hu\/wp-json\/wp\/v2\/types\/product"}],"replies":[{"embeddable":true,"href":"https:\/\/poudresdenarco.com\/hu\/wp-json\/wp\/v2\/comments?post=137"}],"wp:featuredmedia":[{"embeddable":true,"href":"https:\/\/poudresdenarco.com\/hu\/wp-json\/wp\/v2\/media\/264"}],"wp:attachment":[{"href":"https:\/\/poudresdenarco.com\/hu\/wp-json\/wp\/v2\/media?parent=137"}],"wp:term":[{"taxonomy":"product_cat","embeddable":true,"href":"https:\/\/poudresdenarco.com\/hu\/wp-json\/wp\/v2\/product_cat?post=137"},{"taxonomy":"product_tag","embeddable":true,"href":"https:\/\/poudresdenarco.com\/hu\/wp-json\/wp\/v2\/product_tag?post=137"}],"curies":[{"name":"wp","href":"https:\/\/api.w.org\/{rel}","templated":true}]}}