{"id":153,"date":"2023-12-25T08:20:26","date_gmt":"2023-12-25T08:20:26","guid":{"rendered":"https:\/\/unkrautmarkt.com\/narco1\/?post_type=product&#038;p=153"},"modified":"2025-06-08T22:07:14","modified_gmt":"2025-06-08T22:07:14","slug":"acheter-de-la-poudre-de-ketamine-anasket","status":"publish","type":"product","link":"https:\/\/poudresdenarco.com\/hu\/termek\/vasarolni-ketamin-por-anasket\/","title":{"rendered":"V\u00e1s\u00e1roljon ketamin por Anasket"},"content":{"rendered":"<h2>V\u00e1s\u00e1roljon Anasket ketamin port online<\/h2>\n<h3>V\u00e1s\u00e1roljon ketamin por Anasket<\/h3>\n<p>Pr\u00e9mium Anesket online v\u00e1s\u00e1rl\u00e1s, 1000 mg\/10 ml. Elad\u00f3 az Anesket 1000 mg\/10 ml.<\/p>\n<p>\u00c9rz\u00e9stelen\u00edt\u0151szer beszerz\u00e9se <a href=\"https:\/\/en.wikipedia.org\/wiki\/Ketamine\">ketamin<\/a> por Az altat\u00f3szerek \u00e9rt\u00e9kes\u00edt\u00e9se az egyik f\u0151 tev\u00e9kenys\u00e9g\u00fcnk. Ez\u00e9rt v\u00e9nyk\u00f6teles vagy v\u00e9ny n\u00e9lk\u00fcli aneszketet sz\u00e1ll\u00edtunk vagy \u00e9rt\u00e9kes\u00edt\u00fcnk. Az anesket online megv\u00e1s\u00e1rolhat\u00f3 a vil\u00e1g minden t\u00e1j\u00e1r\u00f3l sz\u00e1rmaz\u00f3 v\u00e1s\u00e1rl\u00f3k sz\u00e1m\u00e1ra v\u00e9nyk\u00f6teles vagy v\u00e9ny n\u00e9lk\u00fcli. Ez a gy\u00f3gyszer azonban \u00fagy hat, mint a ketamin. Arra haszn\u00e1lj\u00e1k, hogy a beteget elaltass\u00e1k a neh\u00e9z m\u0171t\u00e9tek sor\u00e1n. Ez\u00e9rt ugyanabba az orvosi szakter\u00fcletbe tartozik, mint az altat\u00e1s.<\/p>\n<p>A k\u00e1b\u00edt\u00f3szer nyugtat\u00f3 \u00e9s hallucinog\u00e9n tulajdons\u00e1gai miatt rendk\u00edv\u00fcl hat\u00e1sos, \u00e9s sz\u00edntelen \u00fcvegben ker\u00fcl forgalomba. Az anesketet a vil\u00e1g legt\u00f6bb orsz\u00e1g\u00e1ban sz\u00e9les k\u00f6rben haszn\u00e1lj\u00e1k izomlaz\u00edt\u00f3k\u00e9nt. A k\u00e1b\u00edt\u00f3szert nyugtat\u00f3k\u00e9nt vagy \u00e9rz\u00e9stelen\u00edt\u0151k\u00e9nt haszn\u00e1lj\u00e1k, de nagyon hasznos lehet a f\u00e1jdalom, a depresszi\u00f3 \u00e9s sz\u00e1mos m\u00e1s probl\u00e9ma kezel\u00e9s\u00e9ben is. V\u00e9ny n\u00e9lk\u00fcl kaphat\u00f3 \u00e9rz\u00e9stelen\u00edt\u0151 injekci\u00f3<\/p>\n<p>Anesket injekci\u00f3, v\u00e9ny n\u00e9lk\u00fcl | Anesket 1000mg-10ml oldat | V\u00e1s\u00e1rl\u00e1s ketamin online elrejtve a k\u00f6zelben<\/p>\n<h3>Mi a legmagasabb min\u0151s\u00e9g\u0171 ANESKET 1000MG-10ML oldatot biztos\u00edtjuk.<\/h3>\n<p>A <a href=\"https:\/\/poudresdenarco.com\/hu\/termek\/vasarolni-ketamin-por-anasket\/\">ANESKET OLDAT 1000MG-10ML<\/a> a kiv\u00e9teles min\u0151s\u00e9g lehet\u0151v\u00e9 tette sz\u00e1munkra, hogy egyed\u00fcl\u00e1ll\u00f3 helyet foglaljunk el ebben az ipar\u00e1gban.<\/p>\n<p>Az injekt\u00e1lhat\u00f3 \u00e9rz\u00e9stelen\u00edt\u00e9s \u00f6nmag\u00e1ban vagy m\u00e1s gy\u00f3gyszerekkel kombin\u00e1lva alkalmazhat\u00f3 az eszm\u00e9letveszt\u00e9s el\u0151id\u00e9z\u00e9s\u00e9re m\u0171t\u00e9t vagy m\u00e1s orvosi beavatkoz\u00e1s el\u0151tt, alatt \u00e9s ut\u00e1n. Az \u00e1ltal\u00e1nos \u00e9rz\u00e9stelen\u00edt\u0151k\u00e9nt ismert gy\u00f3gyszercsoportba tartozik. T\u00f6rv\u00e9nyes \u00e9rz\u00e9stelen\u00edt\u00e9s, 1000 mg\/10 ml. Ketamin injekci\u00f3 elad\u00f3. V\u00e1s\u00e1roljon ketamin \u00e9rz\u00e9stelen\u00edt\u0151 port.<\/p>\n<p>Altat\u00f3szereket csak k\u00e9pzett eg\u00e9szs\u00e9g\u00fcgyi szem\u00e9lyzet adhat be, \u00e9s csakis az \u0151 szoros fel\u00fcgyelet\u00fck mellett. Ha \u00d6nnek Anesketre van sz\u00fcks\u00e9ge a m\u0171t\u00e9t sor\u00e1n, orvosa vagy altat\u00f3orvosa fogja fel\u00edrni a gy\u00f3gyszert, \u00e9s szorosan figyelemmel k\u00eds\u00e9ri a fel\u00e9p\u00fcl\u00e9s\u00e9t. T\u00f6rv\u00e9nyes \u00e9rz\u00e9stelen\u00edt\u0151, 1000 mg\/10 ml. Szerezze be a ketamin \u00e9rz\u00e9stelen\u00edt\u0151 port.<\/p>\n<p>&nbsp;<\/p>","protected":false},"excerpt":{"rendered":"<p>Acheter de la poudre de k\u00e9tamine Anasket en ligne Acheter de la poudre de k\u00e9tamine Anasket Achetez Premium Anesket en ligne, 1000 mg\/10 ml. \u00c0 vendre est Anesket 1000 mg\/10 ml. Acqu\u00e9rir de l&rsquo;anesth\u00e9sique k\u00e9tamine en poudre La vente d&rsquo;anesth\u00e9siques est l&rsquo;une de nos principales activit\u00e9s ici. Par cons\u00e9quent, nous fournissons ou vendons de l\u2019anesket&hellip;<\/p>","protected":false},"featured_media":262,"comment_status":"open","ping_status":"closed","template":"","meta":{"_joinchat":[]},"product_cat":[174],"product_tag":[],"class_list":{"0":"post-153","1":"product","2":"type-product","3":"status-publish","4":"has-post-thumbnail","6":"product_cat-la-ketamine","8":"first","9":"instock","10":"shipping-taxable","11":"purchasable","12":"product-type-variable","13":"col-xs-6 col-sm-4","14":"col-md-3 col-lg-3","15":"un-4-cols"},"yoast_head":"<!-- This site is optimized with the Yoast SEO plugin v23.8 - https:\/\/yoast.com\/wordpress\/plugins\/seo\/ -->\n<title>Acheter de la poudre de k\u00e9tamine Anasket en ligne - Poudre de k\u00e9tamine Anasket \u00e0 vendre<\/title>\n<meta name=\"description\" content=\"Votre commande de poudre de k\u00e9tamine Anasket \u00e0 vendre est notre responsabilit\u00e9. Nous prendrons en compte votre demande d&#039;achat de poudre de k\u00e9tamine Anasket en ligne et vous r\u00e9pondrons dans les plus brefs d\u00e9lais. Passez des commandes group\u00e9es d\u00e8s maintenant !\" \/>\n<meta name=\"robots\" content=\"index, follow, max-snippet:-1, max-image-preview:large, max-video-preview:-1\" \/>\n<link rel=\"canonical\" href=\"https:\/\/poudresdenarco.com\/hu\/termek\/vasarolni-ketamin-por-anasket\/\" \/>\n<meta property=\"og:locale\" content=\"hu_HU\" \/>\n<meta property=\"og:type\" content=\"article\" \/>\n<meta property=\"og:title\" content=\"Acheter de la poudre de k\u00e9tamine Anasket en ligne - Poudre de k\u00e9tamine Anasket \u00e0 vendre\" \/>\n<meta property=\"og:description\" content=\"Votre commande de poudre de k\u00e9tamine Anasket \u00e0 vendre est notre responsabilit\u00e9. Nous prendrons en compte votre demande d&#039;achat de poudre de k\u00e9tamine Anasket en ligne et vous r\u00e9pondrons dans les plus brefs d\u00e9lais. Passez des commandes group\u00e9es d\u00e8s maintenant !\" \/>\n<meta property=\"og:url\" content=\"https:\/\/poudresdenarco.com\/hu\/termek\/vasarolni-ketamin-por-anasket\/\" \/>\n<meta property=\"og:site_name\" content=\"Poudresde Narco\" \/>\n<meta property=\"article:modified_time\" content=\"2025-06-08T22:07:14+00:00\" \/>\n<meta property=\"og:image\" content=\"https:\/\/poudresdenarco.com\/wp-content\/uploads\/2023\/12\/Buy-Ketamine-Anasket-Powder.jpg\" \/>\n\t<meta property=\"og:image:width\" content=\"600\" \/>\n\t<meta property=\"og:image:height\" content=\"600\" \/>\n\t<meta property=\"og:image:type\" content=\"image\/jpeg\" \/>\n<meta name=\"twitter:card\" content=\"summary_large_image\" \/>\n<meta name=\"twitter:label1\" content=\"Becs\u00fclt olvas\u00e1si id\u0151\" \/>\n\t<meta name=\"twitter:data1\" content=\"2 perc\" \/>\n<script type=\"application\/ld+json\" class=\"yoast-schema-graph\">{\"@context\":\"https:\/\/schema.org\",\"@graph\":[{\"@type\":\"WebPage\",\"@id\":\"https:\/\/poudresdenarco.com\/produit\/acheter-de-la-poudre-de-ketamine-anasket\/\",\"url\":\"https:\/\/poudresdenarco.com\/produit\/acheter-de-la-poudre-de-ketamine-anasket\/\",\"name\":\"Acheter de la poudre de k\u00e9tamine Anasket en ligne - Poudre de k\u00e9tamine Anasket \u00e0 vendre\",\"isPartOf\":{\"@id\":\"https:\/\/poudresdenarco.com\/#website\"},\"primaryImageOfPage\":{\"@id\":\"https:\/\/poudresdenarco.com\/produit\/acheter-de-la-poudre-de-ketamine-anasket\/#primaryimage\"},\"image\":{\"@id\":\"https:\/\/poudresdenarco.com\/produit\/acheter-de-la-poudre-de-ketamine-anasket\/#primaryimage\"},\"thumbnailUrl\":\"https:\/\/poudresdenarco.com\/wp-content\/uploads\/2023\/12\/Buy-Ketamine-Anasket-Powder.jpg\",\"datePublished\":\"2023-12-25T08:20:26+00:00\",\"dateModified\":\"2025-06-08T22:07:14+00:00\",\"description\":\"Votre commande de poudre de k\u00e9tamine Anasket \u00e0 vendre est notre responsabilit\u00e9. Nous prendrons en compte votre demande d'achat de poudre de k\u00e9tamine Anasket en ligne et vous r\u00e9pondrons dans les plus brefs d\u00e9lais. Passez des commandes group\u00e9es d\u00e8s maintenant !\",\"breadcrumb\":{\"@id\":\"https:\/\/poudresdenarco.com\/produit\/acheter-de-la-poudre-de-ketamine-anasket\/#breadcrumb\"},\"inLanguage\":\"hu\",\"potentialAction\":[{\"@type\":\"ReadAction\",\"target\":[\"https:\/\/poudresdenarco.com\/produit\/acheter-de-la-poudre-de-ketamine-anasket\/\"]}]},{\"@type\":\"ImageObject\",\"inLanguage\":\"hu\",\"@id\":\"https:\/\/poudresdenarco.com\/produit\/acheter-de-la-poudre-de-ketamine-anasket\/#primaryimage\",\"url\":\"https:\/\/poudresdenarco.com\/wp-content\/uploads\/2023\/12\/Buy-Ketamine-Anasket-Powder.jpg\",\"contentUrl\":\"https:\/\/poudresdenarco.com\/wp-content\/uploads\/2023\/12\/Buy-Ketamine-Anasket-Powder.jpg\",\"width\":600,\"height\":600},{\"@type\":\"BreadcrumbList\",\"@id\":\"https:\/\/poudresdenarco.com\/produit\/acheter-de-la-poudre-de-ketamine-anasket\/#breadcrumb\",\"itemListElement\":[{\"@type\":\"ListItem\",\"position\":1,\"name\":\"Home\",\"item\":\"https:\/\/poudresdenarco.com\/\"},{\"@type\":\"ListItem\",\"position\":2,\"name\":\"Boutique\",\"item\":\"https:\/\/poudresdenarco.com\/boutique\/\"},{\"@type\":\"ListItem\",\"position\":3,\"name\":\"Acheter de la poudre de k\u00e9tamine Anasket\"}]},{\"@type\":\"WebSite\",\"@id\":\"https:\/\/poudresdenarco.com\/#website\",\"url\":\"https:\/\/poudresdenarco.com\/\",\"name\":\"Poudresde Narco\",\"description\":\"Acheter de la coca\u00efne et de l&#039;h\u00e9ro\u00efne en ligne\",\"potentialAction\":[{\"@type\":\"SearchAction\",\"target\":{\"@type\":\"EntryPoint\",\"urlTemplate\":\"https:\/\/poudresdenarco.com\/?s={search_term_string}\"},\"query-input\":{\"@type\":\"PropertyValueSpecification\",\"valueRequired\":true,\"valueName\":\"search_term_string\"}}],\"inLanguage\":\"hu\"}]}<\/script>\n<!-- \/ Yoast SEO plugin. -->","yoast_head_json":{"title":"Acheter de la poudre de k\u00e9tamine Anasket en ligne - Poudre de k\u00e9tamine Anasket \u00e0 vendre","description":"Votre commande de poudre de k\u00e9tamine Anasket \u00e0 vendre est notre responsabilit\u00e9. Nous prendrons en compte votre demande d'achat de poudre de k\u00e9tamine Anasket en ligne et vous r\u00e9pondrons dans les plus brefs d\u00e9lais. Passez des commandes group\u00e9es d\u00e8s maintenant !","robots":{"index":"index","follow":"follow","max-snippet":"max-snippet:-1","max-image-preview":"max-image-preview:large","max-video-preview":"max-video-preview:-1"},"canonical":"https:\/\/poudresdenarco.com\/hu\/termek\/vasarolni-ketamin-por-anasket\/","og_locale":"hu_HU","og_type":"article","og_title":"Acheter de la poudre de k\u00e9tamine Anasket en ligne - Poudre de k\u00e9tamine Anasket \u00e0 vendre","og_description":"Votre commande de poudre de k\u00e9tamine Anasket \u00e0 vendre est notre responsabilit\u00e9. Nous prendrons en compte votre demande d'achat de poudre de k\u00e9tamine Anasket en ligne et vous r\u00e9pondrons dans les plus brefs d\u00e9lais. Passez des commandes group\u00e9es d\u00e8s maintenant !","og_url":"https:\/\/poudresdenarco.com\/hu\/termek\/vasarolni-ketamin-por-anasket\/","og_site_name":"Poudresde Narco","article_modified_time":"2025-06-08T22:07:14+00:00","og_image":[{"width":600,"height":600,"url":"https:\/\/poudresdenarco.com\/wp-content\/uploads\/2023\/12\/Buy-Ketamine-Anasket-Powder.jpg","type":"image\/jpeg"}],"twitter_card":"summary_large_image","twitter_misc":{"Becs\u00fclt olvas\u00e1si id\u0151":"2 perc"},"schema":{"@context":"https:\/\/schema.org","@graph":[{"@type":"WebPage","@id":"https:\/\/poudresdenarco.com\/produit\/acheter-de-la-poudre-de-ketamine-anasket\/","url":"https:\/\/poudresdenarco.com\/produit\/acheter-de-la-poudre-de-ketamine-anasket\/","name":"Acheter de la poudre de k\u00e9tamine Anasket en ligne - Poudre de k\u00e9tamine Anasket \u00e0 vendre","isPartOf":{"@id":"https:\/\/poudresdenarco.com\/#website"},"primaryImageOfPage":{"@id":"https:\/\/poudresdenarco.com\/produit\/acheter-de-la-poudre-de-ketamine-anasket\/#primaryimage"},"image":{"@id":"https:\/\/poudresdenarco.com\/produit\/acheter-de-la-poudre-de-ketamine-anasket\/#primaryimage"},"thumbnailUrl":"https:\/\/poudresdenarco.com\/wp-content\/uploads\/2023\/12\/Buy-Ketamine-Anasket-Powder.jpg","datePublished":"2023-12-25T08:20:26+00:00","dateModified":"2025-06-08T22:07:14+00:00","description":"Votre commande de poudre de k\u00e9tamine Anasket \u00e0 vendre est notre responsabilit\u00e9. Nous prendrons en compte votre demande d'achat de poudre de k\u00e9tamine Anasket en ligne et vous r\u00e9pondrons dans les plus brefs d\u00e9lais. Passez des commandes group\u00e9es d\u00e8s maintenant !","breadcrumb":{"@id":"https:\/\/poudresdenarco.com\/produit\/acheter-de-la-poudre-de-ketamine-anasket\/#breadcrumb"},"inLanguage":"hu","potentialAction":[{"@type":"ReadAction","target":["https:\/\/poudresdenarco.com\/produit\/acheter-de-la-poudre-de-ketamine-anasket\/"]}]},{"@type":"ImageObject","inLanguage":"hu","@id":"https:\/\/poudresdenarco.com\/produit\/acheter-de-la-poudre-de-ketamine-anasket\/#primaryimage","url":"https:\/\/poudresdenarco.com\/wp-content\/uploads\/2023\/12\/Buy-Ketamine-Anasket-Powder.jpg","contentUrl":"https:\/\/poudresdenarco.com\/wp-content\/uploads\/2023\/12\/Buy-Ketamine-Anasket-Powder.jpg","width":600,"height":600},{"@type":"BreadcrumbList","@id":"https:\/\/poudresdenarco.com\/produit\/acheter-de-la-poudre-de-ketamine-anasket\/#breadcrumb","itemListElement":[{"@type":"ListItem","position":1,"name":"Home","item":"https:\/\/poudresdenarco.com\/"},{"@type":"ListItem","position":2,"name":"Boutique","item":"https:\/\/poudresdenarco.com\/boutique\/"},{"@type":"ListItem","position":3,"name":"Acheter de la poudre de k\u00e9tamine Anasket"}]},{"@type":"WebSite","@id":"https:\/\/poudresdenarco.com\/#website","url":"https:\/\/poudresdenarco.com\/","name":"Poudresde Narco","description":"Acheter de la coca\u00efne et de l&#039;h\u00e9ro\u00efne en ligne","potentialAction":[{"@type":"SearchAction","target":{"@type":"EntryPoint","urlTemplate":"https:\/\/poudresdenarco.com\/?s={search_term_string}"},"query-input":{"@type":"PropertyValueSpecification","valueRequired":true,"valueName":"search_term_string"}}],"inLanguage":"hu"}]}},"_links":{"self":[{"href":"https:\/\/poudresdenarco.com\/hu\/wp-json\/wp\/v2\/product\/153","targetHints":{"allow":["GET"]}}],"collection":[{"href":"https:\/\/poudresdenarco.com\/hu\/wp-json\/wp\/v2\/product"}],"about":[{"href":"https:\/\/poudresdenarco.com\/hu\/wp-json\/wp\/v2\/types\/product"}],"replies":[{"embeddable":true,"href":"https:\/\/poudresdenarco.com\/hu\/wp-json\/wp\/v2\/comments?post=153"}],"wp:featuredmedia":[{"embeddable":true,"href":"https:\/\/poudresdenarco.com\/hu\/wp-json\/wp\/v2\/media\/262"}],"wp:attachment":[{"href":"https:\/\/poudresdenarco.com\/hu\/wp-json\/wp\/v2\/media?parent=153"}],"wp:term":[{"taxonomy":"product_cat","embeddable":true,"href":"https:\/\/poudresdenarco.com\/hu\/wp-json\/wp\/v2\/product_cat?post=153"},{"taxonomy":"product_tag","embeddable":true,"href":"https:\/\/poudresdenarco.com\/hu\/wp-json\/wp\/v2\/product_tag?post=153"}],"curies":[{"name":"wp","href":"https:\/\/api.w.org\/{rel}","templated":true}]}}