{"id":154,"date":"2023-12-25T08:20:26","date_gmt":"2023-12-25T08:20:26","guid":{"rendered":"https:\/\/unkrautmarkt.com\/narco1\/?post_type=product&#038;p=154"},"modified":"2025-06-10T07:41:15","modified_gmt":"2025-06-10T07:41:15","slug":"acheter-du-cristal-de-ketamine","status":"publish","type":"product","link":"https:\/\/poudresdenarco.com\/hu\/termek\/vasarolni-ketamin-kristaly\/","title":{"rendered":"V\u00e1s\u00e1rl\u00e1s ketamin krist\u00e1ly"},"content":{"rendered":"<h2>V\u00e1s\u00e1rolj ketamin krist\u00e1lyokat online<\/h2>\n<h3>V\u00e1s\u00e1rolj ketamin krist\u00e1lyokat online<\/h3>\n<p>Les fournisseurs les plus r\u00e9put\u00e9s et dignes de confiance aux \u00c9tats-Unis proposent des cristaux de k\u00e9tamine \u00e0 la vente. Nous nous distinguons en tant que principal fournisseur de ce produit, au service des grands et petits laboratoires du monde entier. D&rsquo;autre part, Pureket Ketamine HCL Crystals poss\u00e8de l&rsquo;autorisation et la licence n\u00e9cessaires pour exporter ce produit dans le monde entier. Nos laboratoires sont donc \u00e0 la pointe de la technologie, garantissant que nos cristaux de <a href=\"https:\/\/en.wikipedia.org\/wiki\/Ketamine\">k\u00e9tamine HCl<\/a> sont purs \u00e0 99,9%. Le Canada, l\u2019Europe et les \u00c9tats-Unis font \u00e9galement partie des pays les plus furtifs. Apr\u00e8s tout, la k\u00e9tamine est disponible sous forme de cristaux, de poudre, de liquide, de pilule et de spray nasal. Apr\u00e8s avoir \u00e9t\u00e9 transform\u00e9 du liquide en cristal, les clients le re\u00e7oivent. Achetez des cristaux de k\u00e9tamine en ligne. Achetez des c\u00e9tones en ligne en Australie\u00a0; acheter des c\u00e9tones \u00e0 vendre Victoria, un fournisseur local de k\u00e9tamine \u00e0 Sydney, un revendeur de k\u00e9tamine \u00e0 Melbourne, o\u00f9 se procurer de la k\u00e9tamine \u00e0 Perth, NSW, QLD<\/p>\n<p>Mi ez? Tov\u00e1bb\u00e1, a legjobb hely, ahol biztons\u00e1gosan rendelhet ketamin HCL port az Egyes\u00fclt \u00c1llamokban \u00e9s Ausztr\u00e1li\u00e1ban, ahol ketamin rizskrist\u00e1lyokat v\u00e1s\u00e1rolhat online.<\/p>\n<p>A tin\u00e9dzserek gyakran haszn\u00e1lnak ketamint, egy hal\u00e1los anyagot, rekre\u00e1ci\u00f3s c\u00e9llal vagy partikon. A hallucin\u00e1ci\u00f3k \u00e9s a val\u00f3s\u00e1gt\u00f3l val\u00f3 elszakad\u00e1s, amelyet ez az anyag okozhat, az okai annak, hogy vissza\u00e9lnek vele. A ketamin haszn\u00e1lat\u00e1nak vesz\u00e9lyes mell\u00e9khat\u00e1sai k\u00f6z\u00e9 tartozhat a l\u00e9gz\u00e9si neh\u00e9zs\u00e9g, sz\u00e9ls\u0151s\u00e9ges esetben pedig a hal\u00e1l. Tekintettel a k\u00e1ros hat\u00e1sok lehet\u0151s\u00e9g\u00e9re, elengedhetetlen, hogy a sz\u00fcl\u0151k k\u00e9pesek legyenek felismerni a ketamin haszn\u00e1lat\u00e1t tin\u00e9dzser\u00fckn\u00e9l.<\/p>\n<h3>A ketamin t\u00edpusai: ketamin v\u00e1s\u00e1rl\u00e1s online depresszi\u00f3 ellen<\/h3>\n<p>A ketaminnak vannak t\u00f6rv\u00e9nyes orvosi alkalmaz\u00e1sai, \u00e9s tiszta folyad\u00e9kk\u00e9nt vagy ketamink\u00e9nt is beszerezhet\u0151. T\u00edpusai: V\u00e1s\u00e1roljon ketamint online a depresszi\u00f3 ellen<\/p>\n<p>A ketaminnak vannak t\u00f6rv\u00e9nyes orvosi alkalmaz\u00e1sai, \u00e9s tiszta folyad\u00e9kk\u00e9nt, illetve feh\u00e9r vagy t\u00f6rtfeh\u00e9r por form\u00e1j\u00e1ban kaphat\u00f3. A ketamin legn\u00e9pszer\u0171bb fajt\u00e1i a k\u00f6vetkez\u0151k:<\/p>\n<p>Ter\u00e1pi\u00e1s c\u00e9lokra a ketamin orrspray foly\u00e9kony ketamint is tartalmaz. Ketamin por: A ketamin feh\u00e9r vagy t\u00f6rtfeh\u00e9r por form\u00e1j\u00e1ban kaphat\u00f3. A ketamin befecskendez\u00e9s\u00e9hez ezt a port v\u00edzzel keverik \u00f6ssze. A j\u00f3 min\u0151s\u00e9g\u0171 ketamin krist\u00e1lyok vagy por el\u0151\u00e1ll\u00edt\u00e1s\u00e1hoz, amelyet rekre\u00e1ci\u00f3s drogk\u00e9nt lenyelni vagy szippantani lehet, foly\u00e9kony ketamin is feldolgozhat\u00f3.<\/p>\n<p>Ketamin tablett\u00e1k: A ketamin tablett\u00e1s v\u00e1ltozat\u00e1t nem haszn\u00e1lj\u00e1k gy\u00f3gy\u00e1szati c\u00e9lra. A ketamint csak akkor haszn\u00e1lj\u00e1k tablettak\u00e9nt, amikor a port rekre\u00e1ci\u00f3s c\u00e9llal veszik be, \u00e9s kapszul\u00e1ba helyezik.<\/p>\n<p>Mivel a ketamin \u00e1ltal\u00e1ban tiszta folyad\u00e9k vagy feh\u00e9r por form\u00e1j\u00e1ban jelenik meg, neh\u00e9z lehet meghat\u00e1rozni, hogy egy vegyi term\u00e9k ketamin-e, an\u00e9lk\u00fcl, hogy megvizsg\u00e1ln\u00e1nk, mivel \u00e1ltal\u00e1ban tiszta folyad\u00e9k vagy feh\u00e9r por form\u00e1j\u00e1ban jelenik meg. feh\u00e9r por. B\u00e1rmilyen tabletta, feh\u00e9r por vagy folyad\u00e9k fiola, amely nincs az eredeti csomagol\u00e1sban \u00e9s nincs megfelel\u0151en felc\u00edmk\u00e9zve, lehet ketamin vagy m\u00e1s illeg\u00e1lis anyag.<\/p>\n<p>A legjobb hely, hogy v\u00e1s\u00e1rolni ketamin krist\u00e1lyok online: ketamin sz\u00e1ll\u00edt\u00f3 Eur\u00f3pa \u00e9s Amerika<\/p>\n<p>Amint felmer\u00fcl a ketaminnal val\u00f3 vissza\u00e9l\u00e9s gyan\u00faja, azonnal forduljon szakemberhez. A Next Generation Village bizony\u00edtottan sokat seg\u00edtett a f\u00fcgg\u0151s\u00e9ggel k\u00fczd\u0151 fiataloknak, hogy j\u00f3zanok legyenek \u00e9s maradjanak. Elad\u00f3: ketamin krist\u00e1lyok<\/p>\n<p>Avis de non-responsabilit\u00e9 m\u00e9dicale\u00a0: L&rsquo;objectif du Next Generation Village est d&rsquo;am\u00e9liorer la vie de ceux qui luttent contre la toxicomanie. ou la maladie mentale avec des informations factuelles concernant les caract\u00e9ristiques des probl\u00e8mes de sant\u00e9 comportementale, les traitements disponibles et les cons\u00e9quences associ\u00e9es. <a href=\"https:\/\/poudresdenarco.com\/hu\/termek\/vasarolni-ketamin-kristaly\/\">Achetez des cristaux de k\u00e9tamine<\/a>.<\/p>\n<h3><strong>HOL LEHET ONLINE KETAMIN KRIST\u00c1LYOKAT KAPNI?<\/strong><\/h3>\n<p>Gyors hat\u00e1s\u00fa \u00e1ltal\u00e1nos \u00e9rz\u00e9stelen\u00edt\u0151, amely hallucin\u00e1ci\u00f3kat okoz. Alkalmank\u00e9nt szexu\u00e1lis er\u0151szakkal j\u00e1r\u00f3 b\u0171ncselekm\u00e9nyekn\u00e9l haszn\u00e1lj\u00e1k.<\/p>\n<p>Utcanevek<\/p>\n<p>K-vitamin, Special K, Purple, Special La Coke, Jet, Cat Valium, Kit Kat, K, K, Super Acid \u00e9s Super K<\/p>\n<p>Mi a c\u00e9lja? Tiszta rizskrist\u00e1lyok ketaminnal<\/p>\n<p>injekt\u00e1lt<\/p>\n<p>folyad\u00e9kok \u00e9s folyad\u00e9kok kever\u00e9se<\/p>\n<p>Doh\u00e1nyz\u00e1s vagy por szippant\u00e1sa. Hol lehet ketamint v\u00e1s\u00e1rolni.<\/p>","protected":false},"excerpt":{"rendered":"<p>Acheter des cristaux de k\u00e9tamine en ligne Acheter des cristaux de k\u00e9tamine en ligne Les fournisseurs les plus r\u00e9put\u00e9s et dignes de confiance aux \u00c9tats-Unis proposent des cristaux de k\u00e9tamine \u00e0 la vente. Nous nous distinguons en tant que principal fournisseur de ce produit, au service des grands et petits laboratoires du monde entier. D&rsquo;autre&hellip;<\/p>","protected":false},"featured_media":261,"comment_status":"open","ping_status":"closed","template":"","meta":{"_joinchat":[]},"product_cat":[174],"product_tag":[],"class_list":{"0":"post-154","1":"product","2":"type-product","3":"status-publish","4":"has-post-thumbnail","6":"product_cat-la-ketamine","8":"first","9":"instock","10":"shipping-taxable","11":"purchasable","12":"product-type-variable","13":"col-xs-6 col-sm-4","14":"col-md-3 col-lg-3","15":"un-4-cols"},"yoast_head":"<!-- This site is optimized with the Yoast SEO plugin v23.8 - https:\/\/yoast.com\/wordpress\/plugins\/seo\/ -->\n<title>Acheter des cristaux de k\u00e9tamine en ligne - Vente de cristaux de k\u00e9tamine<\/title>\n<meta name=\"description\" content=\"C&#039;est le meilleur moment pour visiter notre boutique en ligne et acheter du cristal de k\u00e9tamine en ligne. Nous avons du cristal de k\u00e9tamine de haute qualit\u00e9 \u00e0 vendre ici au prix le plus abordable. Rencontrez-nous en ligne et passez votre commande d\u00e8s aujourd&#039;hui.\" \/>\n<meta name=\"robots\" content=\"index, follow, max-snippet:-1, max-image-preview:large, max-video-preview:-1\" \/>\n<link rel=\"canonical\" href=\"https:\/\/poudresdenarco.com\/hu\/termek\/vasarolni-ketamin-kristaly\/\" \/>\n<meta property=\"og:locale\" content=\"hu_HU\" \/>\n<meta property=\"og:type\" content=\"article\" \/>\n<meta property=\"og:title\" content=\"Acheter des cristaux de k\u00e9tamine en ligne - Vente de cristaux de k\u00e9tamine\" \/>\n<meta property=\"og:description\" content=\"C&#039;est le meilleur moment pour visiter notre boutique en ligne et acheter du cristal de k\u00e9tamine en ligne. Nous avons du cristal de k\u00e9tamine de haute qualit\u00e9 \u00e0 vendre ici au prix le plus abordable. Rencontrez-nous en ligne et passez votre commande d\u00e8s aujourd&#039;hui.\" \/>\n<meta property=\"og:url\" content=\"https:\/\/poudresdenarco.com\/hu\/termek\/vasarolni-ketamin-kristaly\/\" \/>\n<meta property=\"og:site_name\" content=\"Poudresde Narco\" \/>\n<meta property=\"article:modified_time\" content=\"2025-06-10T07:41:15+00:00\" \/>\n<meta property=\"og:image\" content=\"https:\/\/poudresdenarco.com\/wp-content\/uploads\/2023\/12\/Buy-Ketamine-Crystal.jpg\" \/>\n\t<meta property=\"og:image:width\" content=\"600\" \/>\n\t<meta property=\"og:image:height\" content=\"600\" \/>\n\t<meta property=\"og:image:type\" content=\"image\/jpeg\" \/>\n<meta name=\"twitter:card\" content=\"summary_large_image\" \/>\n<meta name=\"twitter:label1\" content=\"Becs\u00fclt olvas\u00e1si id\u0151\" \/>\n\t<meta name=\"twitter:data1\" content=\"4 perc\" \/>\n<script type=\"application\/ld+json\" class=\"yoast-schema-graph\">{\"@context\":\"https:\/\/schema.org\",\"@graph\":[{\"@type\":\"WebPage\",\"@id\":\"https:\/\/poudresdenarco.com\/produit\/acheter-du-cristal-de-ketamine\/\",\"url\":\"https:\/\/poudresdenarco.com\/produit\/acheter-du-cristal-de-ketamine\/\",\"name\":\"Acheter des cristaux de k\u00e9tamine en ligne - Vente de cristaux de k\u00e9tamine\",\"isPartOf\":{\"@id\":\"https:\/\/poudresdenarco.com\/#website\"},\"primaryImageOfPage\":{\"@id\":\"https:\/\/poudresdenarco.com\/produit\/acheter-du-cristal-de-ketamine\/#primaryimage\"},\"image\":{\"@id\":\"https:\/\/poudresdenarco.com\/produit\/acheter-du-cristal-de-ketamine\/#primaryimage\"},\"thumbnailUrl\":\"https:\/\/poudresdenarco.com\/wp-content\/uploads\/2023\/12\/Buy-Ketamine-Crystal.jpg\",\"datePublished\":\"2023-12-25T08:20:26+00:00\",\"dateModified\":\"2025-06-10T07:41:15+00:00\",\"description\":\"C'est le meilleur moment pour visiter notre boutique en ligne et acheter du cristal de k\u00e9tamine en ligne. Nous avons du cristal de k\u00e9tamine de haute qualit\u00e9 \u00e0 vendre ici au prix le plus abordable. Rencontrez-nous en ligne et passez votre commande d\u00e8s aujourd'hui.\",\"breadcrumb\":{\"@id\":\"https:\/\/poudresdenarco.com\/produit\/acheter-du-cristal-de-ketamine\/#breadcrumb\"},\"inLanguage\":\"hu\",\"potentialAction\":[{\"@type\":\"ReadAction\",\"target\":[\"https:\/\/poudresdenarco.com\/produit\/acheter-du-cristal-de-ketamine\/\"]}]},{\"@type\":\"ImageObject\",\"inLanguage\":\"hu\",\"@id\":\"https:\/\/poudresdenarco.com\/produit\/acheter-du-cristal-de-ketamine\/#primaryimage\",\"url\":\"https:\/\/poudresdenarco.com\/wp-content\/uploads\/2023\/12\/Buy-Ketamine-Crystal.jpg\",\"contentUrl\":\"https:\/\/poudresdenarco.com\/wp-content\/uploads\/2023\/12\/Buy-Ketamine-Crystal.jpg\",\"width\":600,\"height\":600,\"caption\":\"Buy-Ketamine-Crystal\"},{\"@type\":\"BreadcrumbList\",\"@id\":\"https:\/\/poudresdenarco.com\/produit\/acheter-du-cristal-de-ketamine\/#breadcrumb\",\"itemListElement\":[{\"@type\":\"ListItem\",\"position\":1,\"name\":\"Home\",\"item\":\"https:\/\/poudresdenarco.com\/\"},{\"@type\":\"ListItem\",\"position\":2,\"name\":\"Boutique\",\"item\":\"https:\/\/poudresdenarco.com\/boutique\/\"},{\"@type\":\"ListItem\",\"position\":3,\"name\":\"Acheter du cristal de k\u00e9tamine\"}]},{\"@type\":\"WebSite\",\"@id\":\"https:\/\/poudresdenarco.com\/#website\",\"url\":\"https:\/\/poudresdenarco.com\/\",\"name\":\"Poudresde Narco\",\"description\":\"Acheter de la coca\u00efne et de l&#039;h\u00e9ro\u00efne en ligne\",\"potentialAction\":[{\"@type\":\"SearchAction\",\"target\":{\"@type\":\"EntryPoint\",\"urlTemplate\":\"https:\/\/poudresdenarco.com\/?s={search_term_string}\"},\"query-input\":{\"@type\":\"PropertyValueSpecification\",\"valueRequired\":true,\"valueName\":\"search_term_string\"}}],\"inLanguage\":\"hu\"}]}<\/script>\n<!-- \/ Yoast SEO plugin. -->","yoast_head_json":{"title":"Acheter des cristaux de k\u00e9tamine en ligne - Vente de cristaux de k\u00e9tamine","description":"C'est le meilleur moment pour visiter notre boutique en ligne et acheter du cristal de k\u00e9tamine en ligne. Nous avons du cristal de k\u00e9tamine de haute qualit\u00e9 \u00e0 vendre ici au prix le plus abordable. Rencontrez-nous en ligne et passez votre commande d\u00e8s aujourd'hui.","robots":{"index":"index","follow":"follow","max-snippet":"max-snippet:-1","max-image-preview":"max-image-preview:large","max-video-preview":"max-video-preview:-1"},"canonical":"https:\/\/poudresdenarco.com\/hu\/termek\/vasarolni-ketamin-kristaly\/","og_locale":"hu_HU","og_type":"article","og_title":"Acheter des cristaux de k\u00e9tamine en ligne - Vente de cristaux de k\u00e9tamine","og_description":"C'est le meilleur moment pour visiter notre boutique en ligne et acheter du cristal de k\u00e9tamine en ligne. Nous avons du cristal de k\u00e9tamine de haute qualit\u00e9 \u00e0 vendre ici au prix le plus abordable. Rencontrez-nous en ligne et passez votre commande d\u00e8s aujourd'hui.","og_url":"https:\/\/poudresdenarco.com\/hu\/termek\/vasarolni-ketamin-kristaly\/","og_site_name":"Poudresde Narco","article_modified_time":"2025-06-10T07:41:15+00:00","og_image":[{"width":600,"height":600,"url":"https:\/\/poudresdenarco.com\/wp-content\/uploads\/2023\/12\/Buy-Ketamine-Crystal.jpg","type":"image\/jpeg"}],"twitter_card":"summary_large_image","twitter_misc":{"Becs\u00fclt olvas\u00e1si id\u0151":"4 perc"},"schema":{"@context":"https:\/\/schema.org","@graph":[{"@type":"WebPage","@id":"https:\/\/poudresdenarco.com\/produit\/acheter-du-cristal-de-ketamine\/","url":"https:\/\/poudresdenarco.com\/produit\/acheter-du-cristal-de-ketamine\/","name":"Acheter des cristaux de k\u00e9tamine en ligne - Vente de cristaux de k\u00e9tamine","isPartOf":{"@id":"https:\/\/poudresdenarco.com\/#website"},"primaryImageOfPage":{"@id":"https:\/\/poudresdenarco.com\/produit\/acheter-du-cristal-de-ketamine\/#primaryimage"},"image":{"@id":"https:\/\/poudresdenarco.com\/produit\/acheter-du-cristal-de-ketamine\/#primaryimage"},"thumbnailUrl":"https:\/\/poudresdenarco.com\/wp-content\/uploads\/2023\/12\/Buy-Ketamine-Crystal.jpg","datePublished":"2023-12-25T08:20:26+00:00","dateModified":"2025-06-10T07:41:15+00:00","description":"C'est le meilleur moment pour visiter notre boutique en ligne et acheter du cristal de k\u00e9tamine en ligne. Nous avons du cristal de k\u00e9tamine de haute qualit\u00e9 \u00e0 vendre ici au prix le plus abordable. Rencontrez-nous en ligne et passez votre commande d\u00e8s aujourd'hui.","breadcrumb":{"@id":"https:\/\/poudresdenarco.com\/produit\/acheter-du-cristal-de-ketamine\/#breadcrumb"},"inLanguage":"hu","potentialAction":[{"@type":"ReadAction","target":["https:\/\/poudresdenarco.com\/produit\/acheter-du-cristal-de-ketamine\/"]}]},{"@type":"ImageObject","inLanguage":"hu","@id":"https:\/\/poudresdenarco.com\/produit\/acheter-du-cristal-de-ketamine\/#primaryimage","url":"https:\/\/poudresdenarco.com\/wp-content\/uploads\/2023\/12\/Buy-Ketamine-Crystal.jpg","contentUrl":"https:\/\/poudresdenarco.com\/wp-content\/uploads\/2023\/12\/Buy-Ketamine-Crystal.jpg","width":600,"height":600,"caption":"Buy-Ketamine-Crystal"},{"@type":"BreadcrumbList","@id":"https:\/\/poudresdenarco.com\/produit\/acheter-du-cristal-de-ketamine\/#breadcrumb","itemListElement":[{"@type":"ListItem","position":1,"name":"Home","item":"https:\/\/poudresdenarco.com\/"},{"@type":"ListItem","position":2,"name":"Boutique","item":"https:\/\/poudresdenarco.com\/boutique\/"},{"@type":"ListItem","position":3,"name":"Acheter du cristal de k\u00e9tamine"}]},{"@type":"WebSite","@id":"https:\/\/poudresdenarco.com\/#website","url":"https:\/\/poudresdenarco.com\/","name":"Poudresde Narco","description":"Acheter de la coca\u00efne et de l&#039;h\u00e9ro\u00efne en ligne","potentialAction":[{"@type":"SearchAction","target":{"@type":"EntryPoint","urlTemplate":"https:\/\/poudresdenarco.com\/?s={search_term_string}"},"query-input":{"@type":"PropertyValueSpecification","valueRequired":true,"valueName":"search_term_string"}}],"inLanguage":"hu"}]}},"_links":{"self":[{"href":"https:\/\/poudresdenarco.com\/hu\/wp-json\/wp\/v2\/product\/154","targetHints":{"allow":["GET"]}}],"collection":[{"href":"https:\/\/poudresdenarco.com\/hu\/wp-json\/wp\/v2\/product"}],"about":[{"href":"https:\/\/poudresdenarco.com\/hu\/wp-json\/wp\/v2\/types\/product"}],"replies":[{"embeddable":true,"href":"https:\/\/poudresdenarco.com\/hu\/wp-json\/wp\/v2\/comments?post=154"}],"wp:featuredmedia":[{"embeddable":true,"href":"https:\/\/poudresdenarco.com\/hu\/wp-json\/wp\/v2\/media\/261"}],"wp:attachment":[{"href":"https:\/\/poudresdenarco.com\/hu\/wp-json\/wp\/v2\/media?parent=154"}],"wp:term":[{"taxonomy":"product_cat","embeddable":true,"href":"https:\/\/poudresdenarco.com\/hu\/wp-json\/wp\/v2\/product_cat?post=154"},{"taxonomy":"product_tag","embeddable":true,"href":"https:\/\/poudresdenarco.com\/hu\/wp-json\/wp\/v2\/product_tag?post=154"}],"curies":[{"name":"wp","href":"https:\/\/api.w.org\/{rel}","templated":true}]}}