{"id":241,"date":"2023-12-25T08:20:46","date_gmt":"2023-12-25T08:20:46","guid":{"rendered":"https:\/\/unkrautmarkt.com\/narco1\/?post_type=product&#038;p=241"},"modified":"2025-06-09T17:25:11","modified_gmt":"2025-06-09T17:25:11","slug":"cocaine-rose-2c-b","status":"publish","type":"product","link":"https:\/\/poudresdenarco.com\/hu\/termek\/kokain-rozsa-2c-b\/","title":{"rendered":"R\u00f3zsasz\u00edn kokain 2C-B"},"content":{"rendered":"<h2><span style=\"vertical-align: inherit;\"><span style=\"vertical-align: inherit;\">V\u00e1s\u00e1roljon Pink Cocaine 2C-B online<\/span><\/span><\/h2>\n<h3><span style=\"vertical-align: inherit;\"><span style=\"vertical-align: inherit;\">R\u00f3zsasz\u00edn kokain: mi ez?<\/span><\/span><\/h3>\n<p><span style=\"vertical-align: inherit;\"><span style=\"vertical-align: inherit;\"><a href=\"https:\/\/en.wikipedia.org\/wiki\/2C-B\">Feniletilamin 2C-B<\/a> el\u0151sz\u00f6r az 1970-es \u00e9vek elej\u00e9n hozta l\u00e9tre a harvardi k\u00e9mikus, Alexander Shulgin, aki legink\u00e1bb a metil\u00e9n-dioxi-metamfetaminnal (MDMA vagy ecstasy) kapcsolatos munk\u00e1ir\u00f3l volt ismert. A feniletil-amint 2C-B, m\u00e1s n\u00e9ven Performax vagy Erox, libid\u00f3jav\u00edt\u00f3k\u00e9nt \u00e9s mereved\u00e9si zavarok kezel\u00e9s\u00e9re szolg\u00e1l\u00f3 gy\u00f3gyszerk\u00e9nt forgalmazt\u00e1k \u00e9s \u00e9rt\u00e9kes\u00edtett\u00e9k. A k\u00e1b\u00edt\u00f3szert 1995-ben az Egyes\u00fclt \u00c1llamok K\u00e1b\u00edt\u00f3szer-ellen\u0151rz\u0151 \u00dcgyn\u00f6ks\u00e9ge az 1. list\u00e1n szerepl\u0151 szab\u00e1lyozott anyagok k\u00f6z\u00e9 sorolta, miut\u00e1n meg\u00e1llap\u00edtott\u00e1k, hogy nincs jogos orvosi felhaszn\u00e1l\u00e1sa, \u00e9s jelent\u0151s a vissza\u00e9l\u00e9s lehet\u0151s\u00e9ge.<\/span><\/span><\/p>\n<p><span style=\"vertical-align: inherit;\"><span style=\"vertical-align: inherit;\">A fenil-etilamin 2C-B, amelyet n\u00e9ha r\u00f3zsasz\u00edn kokainnak vagy br\u00f3mnak is neveznek, el\u0151sz\u00f6r D\u00e9l- \u00e9s K\u00f6z\u00e9p-Amerika klubjaiban jelent meg, \u00e9s az\u00f3ta az elm\u00falt \u00e9vtizedben visszat\u00e9rt, mint rekre\u00e1ci\u00f3s partidrog. Jellemz\u0151en a gy\u00f3gyszergy\u00e1rak tabletta form\u00e1j\u00e1ban gy\u00e1rtj\u00e1k term\u00e9keiket.<\/span><\/span><\/p>\n<h3><span style=\"vertical-align: inherit;\"><span style=\"vertical-align: inherit;\">R\u00f3zsasz\u00edn kokain: mi ez?<\/span><\/span><\/h3>\n<p><span style=\"vertical-align: inherit;\"><span style=\"vertical-align: inherit;\">el\u0151sz\u00f6r az 1970-es \u00e9vek elej\u00e9n hozta l\u00e9tre a harvardi k\u00e9mikus, Alexander Shulgin, aki legink\u00e1bb a metil\u00e9n-dioxi-metamfetaminnal (MDMA vagy ecstasy) kapcsolatos munk\u00e1ir\u00f3l volt ismert. A feniletil-amint 2C-B, m\u00e1s n\u00e9ven Performax vagy Erox, libid\u00f3jav\u00edt\u00f3k\u00e9nt \u00e9s mereved\u00e9si zavarok kezel\u00e9s\u00e9re szolg\u00e1l\u00f3 gy\u00f3gyszerk\u00e9nt forgalmazt\u00e1k \u00e9s \u00e9rt\u00e9kes\u00edtett\u00e9k. A k\u00e1b\u00edt\u00f3szert 1995-ben az Egyes\u00fclt \u00c1llamok K\u00e1b\u00edt\u00f3szer-ellen\u0151rz\u0151 \u00dcgyn\u00f6ks\u00e9ge az 1. list\u00e1n szerepl\u0151 szab\u00e1lyozott anyagok k\u00f6z\u00e9 sorolta, miut\u00e1n meg\u00e1llap\u00edtott\u00e1k, hogy nincs jogos orvosi felhaszn\u00e1l\u00e1sa, \u00e9s jelent\u0151s a vissza\u00e9l\u00e9s lehet\u0151s\u00e9ge.<\/span><\/span><\/p>\n<p><span style=\"vertical-align: inherit;\"><span style=\"vertical-align: inherit;\"><a href=\"https:\/\/poudresdenarco.com\/hu\/termek\/kokain-rozsa-2c-b\/\">V\u00e1s\u00e1roljon online Phenylethylamine 2C-B-t<\/a>A fenil-etilamin 2C-B, amelyet n\u00e9ha r\u00f3zsasz\u00edn kokainnak vagy br\u00f3mnak is neveznek, el\u0151sz\u00f6r D\u00e9l- \u00e9s K\u00f6z\u00e9p-Amerika klubjaiban jelent meg, \u00e9s az\u00f3ta az elm\u00falt \u00e9vtizedben visszat\u00e9rt, mint rekre\u00e1ci\u00f3s partidrog. Jellemz\u0151en a gy\u00f3gyszergy\u00e1rak tabletta form\u00e1j\u00e1ban gy\u00e1rtj\u00e1k term\u00e9keiket.<\/span><\/span><\/p>\n<p><span style=\"vertical-align: inherit;\"><span style=\"vertical-align: inherit;\">El\u0151fordulhat, hogy nem lehet pontosan meghat\u00e1rozni a szedett adagot, mert gyakran illeg\u00e1lis laborat\u00f3riumokban \u00e1ll\u00edtj\u00e1k el\u0151, \u00e9s nem vonatkozik r\u00e1 az FDA szab\u00e1lyoz\u00e1sa. A r\u00f3zsasz\u00edn kokaint a gy\u00f3gyszergy\u00e1rt\u00f3 lev\u00e1ghatja azonos\u00edtatlan vegyszerekkel vagy drogokkal, ami fokozhatja a mell\u00e9khat\u00e1sokat.<\/span><\/span><\/p>\n<h3><span style=\"vertical-align: inherit;\"><span style=\"vertical-align: inherit;\">Mi k\u00fcl\u00f6nb\u00f6zteti meg a kokaint a r\u00f3zsasz\u00edn kokaint\u00f3l?<\/span><\/span><\/h3>\n<p><span style=\"vertical-align: inherit;\"><span style=\"vertical-align: inherit;\">Van n\u00e9h\u00e1ny p\u00e1rhuzam a r\u00f3zsasz\u00edn kokain \u00e9s a hagyom\u00e1nyos kokain k\u00f6z\u00f6tt, p\u00e9ld\u00e1ul a f\u00fcgg\u0151s\u00e9g \u00e9s a k\u00e9miai f\u00fcgg\u0151s\u00e9g lehet\u0151s\u00e9ge. A kokain-hidroklorid a kokain n\u00e9ven ismert kokainn\u00f6v\u00e9ny koncentr\u00e1lt \u00e9s finom\u00edtott form\u00e1ja. Mivel serkent\u0151 \u00e9s \u00e9rz\u00e9stelen\u00edt\u0151 tulajdons\u00e1gokkal is rendelkezik, a kokain a II. list\u00e1n szerepl\u0151 k\u00e1b\u00edt\u00f3szerek k\u00f6z\u00e9 tartozik az Egyes\u00fclt \u00c1llamokban, \u00e9s bizonyos orvosi felhaszn\u00e1l\u00e1sra is alkalmas.<\/span><\/span><\/p>\n<p><span style=\"vertical-align: inherit;\"><span style=\"vertical-align: inherit;\">M\u00e1sr\u00e9szt a r\u00f3zsasz\u00edn kokain egy fenil-etil-amin alap\u00fa szintetikus drog, amely k\u00f6lcs\u00f6nhat\u00e1sba l\u00e9p a szervezet szerotonin \u00fatj\u00e1val, \u00e9s pszichoakt\u00edv hat\u00e1st v\u00e1lt ki.<\/span><\/span><\/p>","protected":false},"excerpt":{"rendered":"<p>Buy Pink Cocaine 2C-B Online Pink Cocaine: What is it? Phenylethylamine 2C-B was first created in the early 1970s by Harvard chemist Alexander Shulgin, who was best known for his work on methylenedioxymethamphetamine (MDMA or ecstasy). Phenylethylamine 2C-B, sometimes known as Performax or Erox, was marketed and sold as a libido enhancer and erectile dysfunction&hellip;<\/p>","protected":false},"featured_media":249,"comment_status":"open","ping_status":"closed","template":"","meta":{"_joinchat":[]},"product_cat":[66],"product_tag":[314,313,316,315,310,312,311],"class_list":{"0":"post-241","1":"product","2":"type-product","3":"status-publish","4":"has-post-thumbnail","6":"product_cat-de-la-cocaine","7":"product_tag-acheter-cocaine-en-poudre-rose-2c-b","8":"product_tag-acheter-cocaine-rose-2c-b","9":"product_tag-achetez-de-la-cocaine-rose-2c-b","10":"product_tag-achetez-de-la-poudre-de-cocaine-rose-2c","11":"product_tag-cocaine-rose-2c-b-a-vendre","12":"product_tag-poudre-de-cocaine-rose-2c-b-a-vendre","13":"product_tag-poudre-de-cocaine-rose-2c-b-a-vendre-en-europe","15":"first","16":"instock","17":"shipping-taxable","18":"purchasable","19":"product-type-variable","20":"col-xs-6 col-sm-4","21":"col-md-3 col-lg-3","22":"un-4-cols"},"yoast_head":"<!-- This site is optimized with the Yoast SEO plugin v23.8 - https:\/\/yoast.com\/wordpress\/plugins\/seo\/ -->\n<title>Buy Coca\u00efne rose 2C-B Online - Coca\u00efne rose 2C-B for Sale<\/title>\n<meta name=\"description\" content=\"Si vous souhaitez acheter de la Coca\u00efne rose 2C-B en ligne, visitez notre boutique en ligne PoudresDenarco. Nous avons des produits de haute qualit\u00e9 comme la Coca\u00efne rose 2C-B \u00e0 vendre. Passez votre commande maintenant !\" \/>\n<meta name=\"robots\" content=\"index, follow, max-snippet:-1, max-image-preview:large, max-video-preview:-1\" \/>\n<link rel=\"canonical\" href=\"https:\/\/poudresdenarco.com\/hu\/termek\/kokain-rozsa-2c-b\/\" \/>\n<meta property=\"og:locale\" content=\"hu_HU\" \/>\n<meta property=\"og:type\" content=\"article\" \/>\n<meta property=\"og:title\" content=\"Buy Coca\u00efne rose 2C-B Online - Coca\u00efne rose 2C-B for Sale\" \/>\n<meta property=\"og:description\" content=\"Si vous souhaitez acheter de la Coca\u00efne rose 2C-B en ligne, visitez notre boutique en ligne PoudresDenarco. Nous avons des produits de haute qualit\u00e9 comme la Coca\u00efne rose 2C-B \u00e0 vendre. Passez votre commande maintenant !\" \/>\n<meta property=\"og:url\" content=\"https:\/\/poudresdenarco.com\/hu\/termek\/kokain-rozsa-2c-b\/\" \/>\n<meta property=\"og:site_name\" content=\"Poudresde Narco\" \/>\n<meta property=\"article:modified_time\" content=\"2025-06-09T17:25:11+00:00\" \/>\n<meta property=\"og:image\" content=\"https:\/\/poudresdenarco.com\/wp-content\/uploads\/2023\/12\/2C-B-Pink-Cocaine.jpg\" \/>\n\t<meta property=\"og:image:width\" content=\"600\" \/>\n\t<meta property=\"og:image:height\" content=\"600\" \/>\n\t<meta property=\"og:image:type\" content=\"image\/jpeg\" \/>\n<meta name=\"twitter:card\" content=\"summary_large_image\" \/>\n<meta name=\"twitter:label1\" content=\"Becs\u00fclt olvas\u00e1si id\u0151\" \/>\n\t<meta name=\"twitter:data1\" content=\"3 perc\" \/>\n<script type=\"application\/ld+json\" class=\"yoast-schema-graph\">{\"@context\":\"https:\/\/schema.org\",\"@graph\":[{\"@type\":\"WebPage\",\"@id\":\"https:\/\/poudresdenarco.com\/produit\/cocaine-rose-2c-b\/\",\"url\":\"https:\/\/poudresdenarco.com\/produit\/cocaine-rose-2c-b\/\",\"name\":\"Buy Coca\u00efne rose 2C-B Online - Coca\u00efne rose 2C-B for Sale\",\"isPartOf\":{\"@id\":\"https:\/\/poudresdenarco.com\/#website\"},\"primaryImageOfPage\":{\"@id\":\"https:\/\/poudresdenarco.com\/produit\/cocaine-rose-2c-b\/#primaryimage\"},\"image\":{\"@id\":\"https:\/\/poudresdenarco.com\/produit\/cocaine-rose-2c-b\/#primaryimage\"},\"thumbnailUrl\":\"https:\/\/poudresdenarco.com\/wp-content\/uploads\/2023\/12\/2C-B-Pink-Cocaine.jpg\",\"datePublished\":\"2023-12-25T08:20:46+00:00\",\"dateModified\":\"2025-06-09T17:25:11+00:00\",\"description\":\"Si vous souhaitez acheter de la Coca\u00efne rose 2C-B en ligne, visitez notre boutique en ligne PoudresDenarco. Nous avons des produits de haute qualit\u00e9 comme la Coca\u00efne rose 2C-B \u00e0 vendre. Passez votre commande maintenant !\",\"breadcrumb\":{\"@id\":\"https:\/\/poudresdenarco.com\/produit\/cocaine-rose-2c-b\/#breadcrumb\"},\"inLanguage\":\"hu\",\"potentialAction\":[{\"@type\":\"ReadAction\",\"target\":[\"https:\/\/poudresdenarco.com\/produit\/cocaine-rose-2c-b\/\"]}]},{\"@type\":\"ImageObject\",\"inLanguage\":\"hu\",\"@id\":\"https:\/\/poudresdenarco.com\/produit\/cocaine-rose-2c-b\/#primaryimage\",\"url\":\"https:\/\/poudresdenarco.com\/wp-content\/uploads\/2023\/12\/2C-B-Pink-Cocaine.jpg\",\"contentUrl\":\"https:\/\/poudresdenarco.com\/wp-content\/uploads\/2023\/12\/2C-B-Pink-Cocaine.jpg\",\"width\":600,\"height\":600,\"caption\":\"Acheter 2C-B-Pink-Cocaine en ligne\"},{\"@type\":\"BreadcrumbList\",\"@id\":\"https:\/\/poudresdenarco.com\/produit\/cocaine-rose-2c-b\/#breadcrumb\",\"itemListElement\":[{\"@type\":\"ListItem\",\"position\":1,\"name\":\"Home\",\"item\":\"https:\/\/poudresdenarco.com\/\"},{\"@type\":\"ListItem\",\"position\":2,\"name\":\"Boutique\",\"item\":\"https:\/\/poudresdenarco.com\/boutique\/\"},{\"@type\":\"ListItem\",\"position\":3,\"name\":\"Coca\u00efne rose 2C-B\"}]},{\"@type\":\"WebSite\",\"@id\":\"https:\/\/poudresdenarco.com\/#website\",\"url\":\"https:\/\/poudresdenarco.com\/\",\"name\":\"Poudresde Narco\",\"description\":\"Acheter de la coca\u00efne et de l&#039;h\u00e9ro\u00efne en ligne\",\"potentialAction\":[{\"@type\":\"SearchAction\",\"target\":{\"@type\":\"EntryPoint\",\"urlTemplate\":\"https:\/\/poudresdenarco.com\/?s={search_term_string}\"},\"query-input\":{\"@type\":\"PropertyValueSpecification\",\"valueRequired\":true,\"valueName\":\"search_term_string\"}}],\"inLanguage\":\"hu\"}]}<\/script>\n<!-- \/ Yoast SEO plugin. -->","yoast_head_json":{"title":"Buy Coca\u00efne rose 2C-B Online - Coca\u00efne rose 2C-B for Sale","description":"Si vous souhaitez acheter de la Coca\u00efne rose 2C-B en ligne, visitez notre boutique en ligne PoudresDenarco. Nous avons des produits de haute qualit\u00e9 comme la Coca\u00efne rose 2C-B \u00e0 vendre. Passez votre commande maintenant !","robots":{"index":"index","follow":"follow","max-snippet":"max-snippet:-1","max-image-preview":"max-image-preview:large","max-video-preview":"max-video-preview:-1"},"canonical":"https:\/\/poudresdenarco.com\/hu\/termek\/kokain-rozsa-2c-b\/","og_locale":"hu_HU","og_type":"article","og_title":"Buy Coca\u00efne rose 2C-B Online - Coca\u00efne rose 2C-B for Sale","og_description":"Si vous souhaitez acheter de la Coca\u00efne rose 2C-B en ligne, visitez notre boutique en ligne PoudresDenarco. Nous avons des produits de haute qualit\u00e9 comme la Coca\u00efne rose 2C-B \u00e0 vendre. Passez votre commande maintenant !","og_url":"https:\/\/poudresdenarco.com\/hu\/termek\/kokain-rozsa-2c-b\/","og_site_name":"Poudresde Narco","article_modified_time":"2025-06-09T17:25:11+00:00","og_image":[{"width":600,"height":600,"url":"https:\/\/poudresdenarco.com\/wp-content\/uploads\/2023\/12\/2C-B-Pink-Cocaine.jpg","type":"image\/jpeg"}],"twitter_card":"summary_large_image","twitter_misc":{"Becs\u00fclt olvas\u00e1si id\u0151":"3 perc"},"schema":{"@context":"https:\/\/schema.org","@graph":[{"@type":"WebPage","@id":"https:\/\/poudresdenarco.com\/produit\/cocaine-rose-2c-b\/","url":"https:\/\/poudresdenarco.com\/produit\/cocaine-rose-2c-b\/","name":"Buy Coca\u00efne rose 2C-B Online - Coca\u00efne rose 2C-B for Sale","isPartOf":{"@id":"https:\/\/poudresdenarco.com\/#website"},"primaryImageOfPage":{"@id":"https:\/\/poudresdenarco.com\/produit\/cocaine-rose-2c-b\/#primaryimage"},"image":{"@id":"https:\/\/poudresdenarco.com\/produit\/cocaine-rose-2c-b\/#primaryimage"},"thumbnailUrl":"https:\/\/poudresdenarco.com\/wp-content\/uploads\/2023\/12\/2C-B-Pink-Cocaine.jpg","datePublished":"2023-12-25T08:20:46+00:00","dateModified":"2025-06-09T17:25:11+00:00","description":"Si vous souhaitez acheter de la Coca\u00efne rose 2C-B en ligne, visitez notre boutique en ligne PoudresDenarco. Nous avons des produits de haute qualit\u00e9 comme la Coca\u00efne rose 2C-B \u00e0 vendre. Passez votre commande maintenant !","breadcrumb":{"@id":"https:\/\/poudresdenarco.com\/produit\/cocaine-rose-2c-b\/#breadcrumb"},"inLanguage":"hu","potentialAction":[{"@type":"ReadAction","target":["https:\/\/poudresdenarco.com\/produit\/cocaine-rose-2c-b\/"]}]},{"@type":"ImageObject","inLanguage":"hu","@id":"https:\/\/poudresdenarco.com\/produit\/cocaine-rose-2c-b\/#primaryimage","url":"https:\/\/poudresdenarco.com\/wp-content\/uploads\/2023\/12\/2C-B-Pink-Cocaine.jpg","contentUrl":"https:\/\/poudresdenarco.com\/wp-content\/uploads\/2023\/12\/2C-B-Pink-Cocaine.jpg","width":600,"height":600,"caption":"Acheter 2C-B-Pink-Cocaine en ligne"},{"@type":"BreadcrumbList","@id":"https:\/\/poudresdenarco.com\/produit\/cocaine-rose-2c-b\/#breadcrumb","itemListElement":[{"@type":"ListItem","position":1,"name":"Home","item":"https:\/\/poudresdenarco.com\/"},{"@type":"ListItem","position":2,"name":"Boutique","item":"https:\/\/poudresdenarco.com\/boutique\/"},{"@type":"ListItem","position":3,"name":"Coca\u00efne rose 2C-B"}]},{"@type":"WebSite","@id":"https:\/\/poudresdenarco.com\/#website","url":"https:\/\/poudresdenarco.com\/","name":"Poudresde Narco","description":"Acheter de la coca\u00efne et de l&#039;h\u00e9ro\u00efne en ligne","potentialAction":[{"@type":"SearchAction","target":{"@type":"EntryPoint","urlTemplate":"https:\/\/poudresdenarco.com\/?s={search_term_string}"},"query-input":{"@type":"PropertyValueSpecification","valueRequired":true,"valueName":"search_term_string"}}],"inLanguage":"hu"}]}},"_links":{"self":[{"href":"https:\/\/poudresdenarco.com\/hu\/wp-json\/wp\/v2\/product\/241","targetHints":{"allow":["GET"]}}],"collection":[{"href":"https:\/\/poudresdenarco.com\/hu\/wp-json\/wp\/v2\/product"}],"about":[{"href":"https:\/\/poudresdenarco.com\/hu\/wp-json\/wp\/v2\/types\/product"}],"replies":[{"embeddable":true,"href":"https:\/\/poudresdenarco.com\/hu\/wp-json\/wp\/v2\/comments?post=241"}],"wp:featuredmedia":[{"embeddable":true,"href":"https:\/\/poudresdenarco.com\/hu\/wp-json\/wp\/v2\/media\/249"}],"wp:attachment":[{"href":"https:\/\/poudresdenarco.com\/hu\/wp-json\/wp\/v2\/media?parent=241"}],"wp:term":[{"taxonomy":"product_cat","embeddable":true,"href":"https:\/\/poudresdenarco.com\/hu\/wp-json\/wp\/v2\/product_cat?post=241"},{"taxonomy":"product_tag","embeddable":true,"href":"https:\/\/poudresdenarco.com\/hu\/wp-json\/wp\/v2\/product_tag?post=241"}],"curies":[{"name":"wp","href":"https:\/\/api.w.org\/{rel}","templated":true}]}}