{"id":4389,"date":"2024-01-02T08:51:18","date_gmt":"2024-01-02T08:51:18","guid":{"rendered":"https:\/\/unkrautmarkt.com\/narco1\/?post_type=product&#038;p=4389"},"modified":"2024-08-23T09:30:02","modified_gmt":"2024-08-23T09:30:02","slug":"tarte-aux-cerises","status":"publish","type":"product","link":"https:\/\/poudresdenarco.com\/hu\/termek\/cseresznyes-pite\/","title":{"rendered":"Csereszny\u00e9s torta"},"content":{"rendered":"<h2><strong><span style=\"vertical-align: inherit;\"><span style=\"vertical-align: inherit;\">Buy Cherry Pie Online<\/span><\/span><\/strong><\/h2>\n<p><span style=\"vertical-align: inherit;\"><span style=\"vertical-align: inherit;\">The Cherry Pie cannabis strain, sometimes referred to as Cherry Kush, has garnered a lot of interest from both recreational and medical users. Cherry Pie is an award-winning strain known for its strong flavor and sweet, fruity aroma.<\/span><\/span><\/p>\n<p><span style=\"vertical-align: inherit;\"><span style=\"vertical-align: inherit;\">This popular, mostly indica hybrid was produced by crossing Durban Poison with Grandaddy Purple. It is popular among cannabis enthusiasts due to its high THC content and sweet cherry flavor. Its euphoric and uplifting feeling, perfect for socializing and artistic pursuits, is another factor in its appeal.<\/span><\/span><\/p>\n<h3><strong><span style=\"vertical-align: inherit;\"><span style=\"vertical-align: inherit;\">HISTORY AND GENETICS OF CHERRY PIE<\/span><\/span><\/strong><\/h3>\n<p><span style=\"vertical-align: inherit;\"><span style=\"vertical-align: inherit;\">Pieguy, a Bay Area cannabis enthusiast, originally developed Cherry Pie, a cannabis strain known for its distinct and mouthwatering flavor profile, in San Francisco. The medical cannabis community immediately took to this indica-dominant hybrid for its potential to treat a wide range of physical and psychological conditions.<\/span><\/span><\/p>\n<p><span style=\"vertical-align: inherit;\"><span style=\"vertical-align: inherit;\">In fact, Cherry Pie has received numerous accolades for its flavor and effects, including third place in the Medical Sativa division of the 2014 High Times Cannabis Cup.<\/span><\/span><\/p>\n<h3><strong><span style=\"vertical-align: inherit;\"><span style=\"vertical-align: inherit;\">URBAN POISON<\/span><\/span><\/strong><\/h3>\n<p><span style=\"vertical-align: inherit;\"><span style=\"vertical-align: inherit;\">The pure sativa strain Durban Poison is named after the port city of Durban, South Africa. It is well known for its energizing and invigorating properties in addition to its sweet and spicy aroma. Durban Poison genetics are present in many hybrid strains, such as Cherry.<\/span><\/span><\/p>\n<p><span style=\"vertical-align: inherit;\"><span style=\"vertical-align: inherit;\">Sativa lovers love this strain because it produces an invigorating and focused effect, ideal for daytime use. It contains almost little CBD and a high level of THC, ranging from 15% to 25%. Since Durban Poison can have powerful psychoactive effects, users should use it with caution.<\/span><\/span><\/p>\n<h3><strong><span style=\"vertical-align: inherit;\"><span style=\"vertical-align: inherit;\">CHERRY PIE<\/span><\/span><\/strong><\/h3>\n<p><span style=\"vertical-align: inherit;\"><span style=\"vertical-align: inherit;\">Cherry Pie is an indica-dominant hybrid produced by combining Purple Urkle and Big Bud, two well-known indica strains. Cannabis enthusiasts often choose this strain because of its calming properties and grape-like aroma. Grandaddy Purple is a very psychedelic strain that can produce effects ranging from 17% to 27% THC.<\/span><\/span><\/p>\n<h3><strong><span style=\"vertical-align: inherit;\"><span style=\"vertical-align: inherit;\">SMELL AND FLAVOR OF CHERRY PIE<\/span><\/span><\/strong><\/h3>\n<p><span style=\"vertical-align: inherit;\"><span style=\"vertical-align: inherit;\">A popular cannabis strain called Cherry Pie is named for its fragrant, fruity aroma that many compare to that of real cherries. Its taste is just as good, leaving a tart, sweet cherry aftertaste on the tongue once the smoke clears.<\/span><\/span><\/p>\n<h3><strong><span style=\"vertical-align: inherit;\"><span style=\"vertical-align: inherit;\">The terpene profile of cherries<\/span><\/span><\/strong><\/h3>\n<ul>\n<li><span style=\"vertical-align: inherit;\"><span style=\"vertical-align: inherit;\">The most common terpene in cherry pie is myrcene, which has an earthy, musky scent. Due to its well-known calming properties, it\u2019s a popular option for winding down after a demanding day.<\/span><\/span><\/li>\n<li><span style=\"vertical-align: inherit;\"><span style=\"vertical-align: inherit;\">Conversely, caryophyllene is a terpene found in a wide variety of plants and spices and has been linked to numerous health benefits.<\/span><\/span><\/li>\n<\/ul>\n<p><span style=\"vertical-align: inherit;\"><span style=\"vertical-align: inherit;\">The terpene pinene is commonly found in pine trees and is thought to have it.<\/span><\/span><\/p>\n<h3><strong><span style=\"vertical-align: inherit;\"><span style=\"vertical-align: inherit;\">THE CAPACITY AND IMPACT OF CHERRY PIE<\/span><\/span><\/strong><\/h3>\n<p><span style=\"vertical-align: inherit;\"><span style=\"vertical-align: inherit;\">Cherry Pie is a strong strain that has a high THC level of 16% to 23%. Its use should be approached with caution as it can have strong psychedelic effects.<\/span><\/span><\/p>\n<p><span style=\"vertical-align: inherit;\"><span style=\"vertical-align: inherit;\">Most reported results:<\/span><\/span><\/p>\n<ul>\n<li><span style=\"vertical-align: inherit;\"><span style=\"vertical-align: inherit;\">Joyful relaxation<\/span><\/span><\/li>\n<li><span style=\"vertical-align: inherit;\"><span style=\"vertical-align: inherit;\">Joy<\/span><\/span><\/li>\n<li><span style=\"vertical-align: inherit;\"><span style=\"vertical-align: inherit;\">Hungry for creativity<\/span><\/span><\/li>\n<\/ul>","protected":false},"excerpt":{"rendered":"<p>Buy Cherry Pie Online The Cherry Pie cannabis strain, sometimes referred to as Cherry Kush, has garnered a lot of interest from both recreational and medical users. Cherry Pie is an award-winning strain known for its strong flavor and sweet, fruity aroma. This popular, mostly indica hybrid was produced by crossing Durban Poison with Grandaddy&hellip;<\/p>","protected":false},"featured_media":4506,"comment_status":"open","ping_status":"closed","template":"","meta":{"_joinchat":[]},"product_cat":[473],"product_tag":[],"class_list":{"0":"post-4389","1":"product","2":"type-product","3":"status-publish","4":"has-post-thumbnail","6":"product_cat-herbe","8":"first","9":"instock","10":"shipping-taxable","11":"purchasable","12":"product-type-variable","13":"col-xs-6 col-sm-4","14":"col-md-3 col-lg-3","15":"un-4-cols"},"yoast_head":"<!-- This site is optimized with the Yoast SEO plugin v23.8 - https:\/\/yoast.com\/wordpress\/plugins\/seo\/ -->\n<title>Achetez des tartes aux cerises en ligne - Tartes aux cerises \u00e0 vendre<\/title>\n<meta name=\"description\" content=\"Sur notre boutique en ligne PoudresDenarco, nous avons des tartes aux cerises \u00e0 vendre. Vous pouvez facilement acheter des tartes aux cerises en ligne de qualit\u00e9 sup\u00e9rieure chez nous, disponibles aux meilleurs prix. Commandez maintenant !\" \/>\n<meta name=\"robots\" content=\"index, follow, max-snippet:-1, max-image-preview:large, max-video-preview:-1\" \/>\n<link rel=\"canonical\" href=\"https:\/\/poudresdenarco.com\/hu\/termek\/cseresznyes-pite\/\" \/>\n<meta property=\"og:locale\" content=\"hu_HU\" \/>\n<meta property=\"og:type\" content=\"article\" \/>\n<meta property=\"og:title\" content=\"Achetez des tartes aux cerises en ligne - Tartes aux cerises \u00e0 vendre\" \/>\n<meta property=\"og:description\" content=\"Sur notre boutique en ligne PoudresDenarco, nous avons des tartes aux cerises \u00e0 vendre. Vous pouvez facilement acheter des tartes aux cerises en ligne de qualit\u00e9 sup\u00e9rieure chez nous, disponibles aux meilleurs prix. Commandez maintenant !\" \/>\n<meta property=\"og:url\" content=\"https:\/\/poudresdenarco.com\/hu\/termek\/cseresznyes-pite\/\" \/>\n<meta property=\"og:site_name\" content=\"Poudresde Narco\" \/>\n<meta property=\"article:modified_time\" content=\"2024-08-23T09:30:02+00:00\" \/>\n<meta property=\"og:image\" content=\"https:\/\/poudresdenarco.com\/wp-content\/uploads\/2024\/01\/CHERRY-PIE.jpg\" \/>\n\t<meta property=\"og:image:width\" content=\"600\" \/>\n\t<meta property=\"og:image:height\" content=\"600\" \/>\n\t<meta property=\"og:image:type\" content=\"image\/jpeg\" \/>\n<meta name=\"twitter:card\" content=\"summary_large_image\" \/>\n<meta name=\"twitter:label1\" content=\"Becs\u00fclt olvas\u00e1si id\u0151\" \/>\n\t<meta name=\"twitter:data1\" content=\"3 perc\" \/>\n<script type=\"application\/ld+json\" class=\"yoast-schema-graph\">{\"@context\":\"https:\/\/schema.org\",\"@graph\":[{\"@type\":\"WebPage\",\"@id\":\"https:\/\/poudresdenarco.com\/produit\/tarte-aux-cerises\/\",\"url\":\"https:\/\/poudresdenarco.com\/produit\/tarte-aux-cerises\/\",\"name\":\"Achetez des tartes aux cerises en ligne - Tartes aux cerises \u00e0 vendre\",\"isPartOf\":{\"@id\":\"https:\/\/poudresdenarco.com\/#website\"},\"primaryImageOfPage\":{\"@id\":\"https:\/\/poudresdenarco.com\/produit\/tarte-aux-cerises\/#primaryimage\"},\"image\":{\"@id\":\"https:\/\/poudresdenarco.com\/produit\/tarte-aux-cerises\/#primaryimage\"},\"thumbnailUrl\":\"https:\/\/poudresdenarco.com\/wp-content\/uploads\/2024\/01\/CHERRY-PIE.jpg\",\"datePublished\":\"2024-01-02T08:51:18+00:00\",\"dateModified\":\"2024-08-23T09:30:02+00:00\",\"description\":\"Sur notre boutique en ligne PoudresDenarco, nous avons des tartes aux cerises \u00e0 vendre. Vous pouvez facilement acheter des tartes aux cerises en ligne de qualit\u00e9 sup\u00e9rieure chez nous, disponibles aux meilleurs prix. Commandez maintenant !\",\"breadcrumb\":{\"@id\":\"https:\/\/poudresdenarco.com\/produit\/tarte-aux-cerises\/#breadcrumb\"},\"inLanguage\":\"hu\",\"potentialAction\":[{\"@type\":\"ReadAction\",\"target\":[\"https:\/\/poudresdenarco.com\/produit\/tarte-aux-cerises\/\"]}]},{\"@type\":\"ImageObject\",\"inLanguage\":\"hu\",\"@id\":\"https:\/\/poudresdenarco.com\/produit\/tarte-aux-cerises\/#primaryimage\",\"url\":\"https:\/\/poudresdenarco.com\/wp-content\/uploads\/2024\/01\/CHERRY-PIE.jpg\",\"contentUrl\":\"https:\/\/poudresdenarco.com\/wp-content\/uploads\/2024\/01\/CHERRY-PIE.jpg\",\"width\":600,\"height\":600,\"caption\":\"Achetez CHERRY-PIE en ligne\"},{\"@type\":\"BreadcrumbList\",\"@id\":\"https:\/\/poudresdenarco.com\/produit\/tarte-aux-cerises\/#breadcrumb\",\"itemListElement\":[{\"@type\":\"ListItem\",\"position\":1,\"name\":\"Home\",\"item\":\"https:\/\/poudresdenarco.com\/\"},{\"@type\":\"ListItem\",\"position\":2,\"name\":\"Boutique\",\"item\":\"https:\/\/poudresdenarco.com\/boutique\/\"},{\"@type\":\"ListItem\",\"position\":3,\"name\":\"Tarte aux cerises\"}]},{\"@type\":\"WebSite\",\"@id\":\"https:\/\/poudresdenarco.com\/#website\",\"url\":\"https:\/\/poudresdenarco.com\/\",\"name\":\"Poudresde Narco\",\"description\":\"Acheter de la coca\u00efne et de l&#039;h\u00e9ro\u00efne en ligne\",\"potentialAction\":[{\"@type\":\"SearchAction\",\"target\":{\"@type\":\"EntryPoint\",\"urlTemplate\":\"https:\/\/poudresdenarco.com\/?s={search_term_string}\"},\"query-input\":{\"@type\":\"PropertyValueSpecification\",\"valueRequired\":true,\"valueName\":\"search_term_string\"}}],\"inLanguage\":\"hu\"}]}<\/script>\n<!-- \/ Yoast SEO plugin. -->","yoast_head_json":{"title":"Achetez des tartes aux cerises en ligne - Tartes aux cerises \u00e0 vendre","description":"Sur notre boutique en ligne PoudresDenarco, nous avons des tartes aux cerises \u00e0 vendre. Vous pouvez facilement acheter des tartes aux cerises en ligne de qualit\u00e9 sup\u00e9rieure chez nous, disponibles aux meilleurs prix. Commandez maintenant !","robots":{"index":"index","follow":"follow","max-snippet":"max-snippet:-1","max-image-preview":"max-image-preview:large","max-video-preview":"max-video-preview:-1"},"canonical":"https:\/\/poudresdenarco.com\/hu\/termek\/cseresznyes-pite\/","og_locale":"hu_HU","og_type":"article","og_title":"Achetez des tartes aux cerises en ligne - Tartes aux cerises \u00e0 vendre","og_description":"Sur notre boutique en ligne PoudresDenarco, nous avons des tartes aux cerises \u00e0 vendre. Vous pouvez facilement acheter des tartes aux cerises en ligne de qualit\u00e9 sup\u00e9rieure chez nous, disponibles aux meilleurs prix. Commandez maintenant !","og_url":"https:\/\/poudresdenarco.com\/hu\/termek\/cseresznyes-pite\/","og_site_name":"Poudresde Narco","article_modified_time":"2024-08-23T09:30:02+00:00","og_image":[{"width":600,"height":600,"url":"https:\/\/poudresdenarco.com\/wp-content\/uploads\/2024\/01\/CHERRY-PIE.jpg","type":"image\/jpeg"}],"twitter_card":"summary_large_image","twitter_misc":{"Becs\u00fclt olvas\u00e1si id\u0151":"3 perc"},"schema":{"@context":"https:\/\/schema.org","@graph":[{"@type":"WebPage","@id":"https:\/\/poudresdenarco.com\/produit\/tarte-aux-cerises\/","url":"https:\/\/poudresdenarco.com\/produit\/tarte-aux-cerises\/","name":"Achetez des tartes aux cerises en ligne - Tartes aux cerises \u00e0 vendre","isPartOf":{"@id":"https:\/\/poudresdenarco.com\/#website"},"primaryImageOfPage":{"@id":"https:\/\/poudresdenarco.com\/produit\/tarte-aux-cerises\/#primaryimage"},"image":{"@id":"https:\/\/poudresdenarco.com\/produit\/tarte-aux-cerises\/#primaryimage"},"thumbnailUrl":"https:\/\/poudresdenarco.com\/wp-content\/uploads\/2024\/01\/CHERRY-PIE.jpg","datePublished":"2024-01-02T08:51:18+00:00","dateModified":"2024-08-23T09:30:02+00:00","description":"Sur notre boutique en ligne PoudresDenarco, nous avons des tartes aux cerises \u00e0 vendre. Vous pouvez facilement acheter des tartes aux cerises en ligne de qualit\u00e9 sup\u00e9rieure chez nous, disponibles aux meilleurs prix. Commandez maintenant !","breadcrumb":{"@id":"https:\/\/poudresdenarco.com\/produit\/tarte-aux-cerises\/#breadcrumb"},"inLanguage":"hu","potentialAction":[{"@type":"ReadAction","target":["https:\/\/poudresdenarco.com\/produit\/tarte-aux-cerises\/"]}]},{"@type":"ImageObject","inLanguage":"hu","@id":"https:\/\/poudresdenarco.com\/produit\/tarte-aux-cerises\/#primaryimage","url":"https:\/\/poudresdenarco.com\/wp-content\/uploads\/2024\/01\/CHERRY-PIE.jpg","contentUrl":"https:\/\/poudresdenarco.com\/wp-content\/uploads\/2024\/01\/CHERRY-PIE.jpg","width":600,"height":600,"caption":"Achetez CHERRY-PIE en ligne"},{"@type":"BreadcrumbList","@id":"https:\/\/poudresdenarco.com\/produit\/tarte-aux-cerises\/#breadcrumb","itemListElement":[{"@type":"ListItem","position":1,"name":"Home","item":"https:\/\/poudresdenarco.com\/"},{"@type":"ListItem","position":2,"name":"Boutique","item":"https:\/\/poudresdenarco.com\/boutique\/"},{"@type":"ListItem","position":3,"name":"Tarte aux cerises"}]},{"@type":"WebSite","@id":"https:\/\/poudresdenarco.com\/#website","url":"https:\/\/poudresdenarco.com\/","name":"Poudresde Narco","description":"Acheter de la coca\u00efne et de l&#039;h\u00e9ro\u00efne en ligne","potentialAction":[{"@type":"SearchAction","target":{"@type":"EntryPoint","urlTemplate":"https:\/\/poudresdenarco.com\/?s={search_term_string}"},"query-input":{"@type":"PropertyValueSpecification","valueRequired":true,"valueName":"search_term_string"}}],"inLanguage":"hu"}]}},"_links":{"self":[{"href":"https:\/\/poudresdenarco.com\/hu\/wp-json\/wp\/v2\/product\/4389","targetHints":{"allow":["GET"]}}],"collection":[{"href":"https:\/\/poudresdenarco.com\/hu\/wp-json\/wp\/v2\/product"}],"about":[{"href":"https:\/\/poudresdenarco.com\/hu\/wp-json\/wp\/v2\/types\/product"}],"replies":[{"embeddable":true,"href":"https:\/\/poudresdenarco.com\/hu\/wp-json\/wp\/v2\/comments?post=4389"}],"wp:featuredmedia":[{"embeddable":true,"href":"https:\/\/poudresdenarco.com\/hu\/wp-json\/wp\/v2\/media\/4506"}],"wp:attachment":[{"href":"https:\/\/poudresdenarco.com\/hu\/wp-json\/wp\/v2\/media?parent=4389"}],"wp:term":[{"taxonomy":"product_cat","embeddable":true,"href":"https:\/\/poudresdenarco.com\/hu\/wp-json\/wp\/v2\/product_cat?post=4389"},{"taxonomy":"product_tag","embeddable":true,"href":"https:\/\/poudresdenarco.com\/hu\/wp-json\/wp\/v2\/product_tag?post=4389"}],"curies":[{"name":"wp","href":"https:\/\/api.w.org\/{rel}","templated":true}]}}