{"id":4390,"date":"2024-01-02T08:53:53","date_gmt":"2024-01-02T08:53:53","guid":{"rendered":"https:\/\/unkrautmarkt.com\/narco1\/?post_type=product&#038;p=4390"},"modified":"2025-06-10T05:34:43","modified_gmt":"2025-06-10T05:34:43","slug":"biscuits-et-creme","status":"publish","type":"product","link":"https:\/\/poudresdenarco.com\/hu\/termek\/keksz-es-tejszin\/","title":{"rendered":"keksz \u00e9s tejsz\u00edn"},"content":{"rendered":"<h2><strong>V\u00c1S\u00c1ROLJON KEKSZET \u00c9S TEJSZ\u00cdNT ONLINE - PUHA, FINOM \u00c9S ER\u0150TELJES<\/strong><\/h2>\n<p>A Cookies and Cream egy sokoldal\u00fa kannabiszhibrid, amely \u00ednyenc \u00edzek \u00e9s illatok \u00ednyenc kever\u00e9k\u00e9vel, valamint kiegyens\u00falyozott hat\u00e1s\u00e1val az \u00e9des, k\u00e9nyeztet\u0151 fajt\u00e1k rajong\u00f3inak is tetszeni fog. Ez az oldal a Cookies &amp; Cream genetik\u00e1j\u00e1t, \u00edz\u00e9t \u00e9s n\u00f6veked\u00e9si jellemz\u0151it, valamint hat\u00e1sait, el\u0151nyeit, adagol\u00e1si javaslatait \u00e9s jelentett mell\u00e9khat\u00e1sait t\u00e1rgyalja.<\/p>\n<h3><strong>GENETIKAI KR\u00c9M \u00c9S S\u00dcTI ALAP<\/strong><\/h3>\n<p>Az Exotic Genetix, egy neves Washington \u00e1llambeli kannabiszteny\u00e9szt\u0151nek tulajdon\u00edtj\u00e1k a Cookies and Cream hibrid t\u00f6rzs l\u00e9trehoz\u00e1s\u00e1t. A Girl Scout Cookies \u00e9s a Starfighter keresztez\u00e9s\u00e9vel egy er\u0151s, \u00edzletes t\u00f6rzset hoztak l\u00e9tre, amely sz\u00e1mos kannabiszrajong\u00f3 sz\u00edv\u00e9t megh\u00f3d\u00edtotta.<\/p>\n<p>A cserk\u00e9szl\u00e1nyos s\u00fctik legink\u00e1bb f\u00f6ldes, m\u00e9gis \u00e9des, p\u00e9ks\u00fctem\u00e9nyszer\u0171 \u00edz\u00fckr\u0151l ismertek. Sz\u00e1mos d\u00edjat nyertek, k\u00f6zt\u00fck a High Times Cannabis Cup-ot is. A Starfighter nev\u0171 tiszta indica fajta pedig gy\u00fcm\u00f6lcs\u00f6s \u00edzzel \u00e9s pihentet\u0151 fizikai hat\u00e1ssal rendelkezik.<\/p>\n<p>Gazdag arom\u00e1j\u00e1val \u00e9s kiegyens\u00falyozott hat\u00e1saival a Cookies &amp; Cream a kannabiszrajong\u00f3k sz\u00e9les k\u00f6re k\u00f6r\u00e9ben n\u00e9pszer\u0171 fajta. Mindk\u00e9t sz\u00fcl\u0151i t\u00f6rzs legjobb tulajdons\u00e1gait \u00f6r\u00f6k\u00f6lte.<\/p>\n<h3><strong>A TEJSZ\u00cdN \u00c9S A KEKSZ ILLATA, \u00cdZE \u00c9S HAT\u00c1SA<\/strong><\/h3>\n<p>A Cookies and Cream, ahogy a neve is sugallja, \u00e9des, kr\u00e9mes \u00edz\u0171, f\u00f6ldes \u00e1rnyalatokkal \u00e9s mogyor\u00f3s jegyekkel, amelyek j\u00f3l keverednek a van\u00edli\u00e1val. Ez a f\u0151k\u00e9nt mirc\u00e9nb\u0151l, karyophyllenb\u0151l \u00e9s limon\u00e9nb\u0151l \u00e1ll\u00f3 terp\u00e9nprofilnak k\u00f6sz\u00f6nhet\u0151. A fajta a limon\u00e9n miatt citrom illat\u00fa, a karyophyllene miatt f\u0171szeres, borsos jegyeket hordoz, \u00e9s f\u0151k\u00e9nt a mirc\u00e9nnek k\u00f6sz\u00f6nhet\u0151en nyugtat\u00f3 hat\u00e1s\u00fa.<\/p>\n<p>A Cookies and Cream egy meglehet\u0151sen er\u0151s t\u00f6rzs, amelynek THC-koncentr\u00e1ci\u00f3ja 20 % \u00e9s 25 % k\u00f6z\u00f6tt mozog. A hat\u00e1s t\u00f6bbf\u00e9le el\u0151nnyel j\u00e1r, bele\u00e9rtve a nyugtat\u00f3 \u00e9s felemel\u0151 hat\u00e1sokat. Az els\u0151 n\u00e9h\u00e1ny sz\u00edv\u00e1sn\u00e1l egy n\u00f6vekv\u0151 intellektu\u00e1lis hat\u00e1s domin\u00e1l, amely emeli a hangulatot \u00e9s el\u0151seg\u00edti a kreativit\u00e1st, de ahogy folytatod a haszn\u00e1lat\u00e1t, egy fizikailag nyugtat\u00f3 \u00e9rz\u00e9s veszi \u00e1t a hatalmat. Ez a t\u00f6rzs kis d\u00f3zisban j\u00f3l m\u0171k\u00f6dik nappali felp\u00f6rget\u0151k\u00e9nt, de nagyobb d\u00f3zisban \u00f6r\u00f6mteli magass\u00e1got eredm\u00e9nyez, ami ide\u00e1lis \u00e9jszakai italnak teszi.<\/p>\n<h3><strong>A TEJSZ\u00cdN \u00c9S A KEKSZ FOGYASZT\u00c1S\u00c1NAK EL\u0150NYEI<\/strong><\/h3>\n<p>\u00dagy gondolj\u00e1k, hogy a s\u00fctik \u00e9s a tejsz\u00edn sz\u00e1mos konkr\u00e9t el\u0151nnyel j\u00e1rhatnak, p\u00e9ld\u00e1ul cs\u00f6kkentik a f\u00e1jdalmat \u00e9s a stresszt, serkentik az \u00e9hs\u00e9g\u00e9rzetet \u00e9s jav\u00edtj\u00e1k az alv\u00e1st. A fajta f\u00e1jdalomcsillap\u00edt\u00f3 tulajdons\u00e1gai seg\u00edthetnek a kr\u00f3nikus f\u00e1jdalom kezel\u00e9s\u00e9ben, m\u00edg nyugtat\u00f3 hat\u00e1sa cs\u00f6kkentheti a fesz\u00fclts\u00e9get \u00e9s a szorong\u00e1st. A Cookies &amp; Cream az \u00e9tv\u00e1gyat is k\u00e9pes n\u00f6velni, \u00edgy j\u00f3 v\u00e1laszt\u00e1s lehet azoknak, akik betegs\u00e9g miatt elvesztett\u00e9k \u00e9tv\u00e1gyukat.<\/p>\n<h3><strong>A KEKSZEK \u00c9S A KR\u00c9M MELL\u00c9KHAT\u00c1SAI \u00c9S ADAGOL\u00c1SI \u00daTMUTAT\u00d3JA.<\/strong><\/h3>\n<p>Mivel a Cookies and Cream egy er\u0151s t\u00f6rzs, \u00f3vatosan kell b\u00e1nni vele. A kezd\u0151knek 1-2 slukkal kell kezdeni\u00fck, \u00e9s meg kell v\u00e1rniuk, am\u00edg a hat\u00e1s \u00e9rezhet\u0151v\u00e9 v\u00e1lik, miel\u0151tt t\u00f6bbet szedn\u00e9nek. Ha t\u00falz\u00e1sba viszed, olyan mell\u00e9khat\u00e1sokat tapasztalhatsz, mint a sz\u00e1jsz\u00e1razs\u00e1g \u00e9s a sz\u00e9d\u00fcl\u00e9s.<\/p>\n<h3><strong>KANNABISZKR\u00c9M \u00c9S KULT\u00daRKEKSZ<\/strong><\/h3>\n<p>A Cookies &amp; Cream egy viszonylag egyszer\u0171en termeszthet\u0151 fajta, amely belt\u00e9ren \u00e9s k\u00fclt\u00e9ren egyar\u00e1nt termeszthet\u0151. L\u00e9nyeges azonban, hogy elegend\u0151 f\u00e9nyt, vizet \u00e9s t\u00e1panyagot biztos\u00edtsunk sz\u00e1m\u00e1ra.<\/p>\n<h3><strong>H\u0150M\u00c9RS\u00c9KLET \u00c9S TUDOM\u00c1NY<\/strong><\/h3>\n<p>A meleg, sz\u00e1raz \u00e9ghajlat ide\u00e1lis a Cookies &amp; Cream vir\u00e1gz\u00e1s\u00e1hoz. Nappal 20 \u00e9s 27 \u00b0C k\u00f6z\u00f6tti, \u00e9jszaka pedig 16 \u00e9s 21 \u00b0C k\u00f6z\u00f6tti belt\u00e9ri h\u0151m\u00e9rs\u00e9klet aj\u00e1nlott. A 40-50 % relat\u00edv p\u00e1ratartalom az ide\u00e1lis tartom\u00e1ny. Szabadf\u00f6ldi termeszt\u00e9s eset\u00e9n a sz\u00e1raz, napos hely ide\u00e1lis a Cookies &amp; Cream sz\u00e1m\u00e1ra.<\/p>\n<h3><strong>TEJSZ\u00cdN \u00c9S KEKSZ: AZ \u00c1LMOD VAL\u00d3RA V\u00c1LIK<\/strong> <strong>M\u00c1GIA<\/strong> <strong>VAL\u00d3S\u00c1GG\u00c1 V\u00c1LIK<\/strong><\/h3>\n<p>Egy csod\u00e1latos fajta, a Cookies and Cream biztosan tetszeni fog mind az \u00e9des drogok rajong\u00f3inak, mind azoknak, akik nyugtat\u00f3, m\u00e9gis felemel\u0151 hat\u00e1st keresnek. Ezt a t\u00f6rzset aj\u00e1nlatos egyszerre egy adagban fogyasztani, ak\u00e1r rekre\u00e1ci\u00f3s c\u00e9llal, ak\u00e1r konkr\u00e9t probl\u00e9m\u00e1k kezel\u00e9s\u00e9re.<\/p>\n<p>Ha elegend\u0151 f\u00e9nyt, t\u00e1panyagot \u00e9s vizet kap, a Cookies &amp; Cream egy robusztus, gyorsan n\u00f6v\u0151 hibrid p\u00e9ld\u00e1ny, amely mind a belt\u00e9ri, mind a k\u00fclt\u00e9ri termeszt\u0151k sz\u00e1m\u00e1ra vonz\u00f3.<\/p>","protected":false},"excerpt":{"rendered":"<p>ACHETER DES BISCUITS ET DE LA CR\u00c8ME EN LIGNE &#8211; DOUX, D\u00c9LICIEUX ET PUISSANTS Cookies and Cream est un hybride de cannabis polyvalent avec un m\u00e9lange gourmand de saveurs et de parfums ainsi que des effets bien \u00e9quilibr\u00e9s qui s\u00e9duiront les amateurs de vari\u00e9t\u00e9s douces et indulgentes. Cette page discutera de la g\u00e9n\u00e9tique, de la&hellip;<\/p>","protected":false},"featured_media":4507,"comment_status":"open","ping_status":"closed","template":"","meta":{"_joinchat":[]},"product_cat":[473],"product_tag":[],"class_list":{"0":"post-4390","1":"product","2":"type-product","3":"status-publish","4":"has-post-thumbnail","6":"product_cat-herbe","8":"first","9":"instock","10":"shipping-taxable","11":"purchasable","12":"product-type-variable","13":"col-xs-6 col-sm-4","14":"col-md-3 col-lg-3","15":"un-4-cols"},"yoast_head":"<!-- This site is optimized with the Yoast SEO plugin v23.8 - https:\/\/yoast.com\/wordpress\/plugins\/seo\/ -->\n<title>Achetez des biscuits et de la cr\u00e8me en ligne - Biscuits et cr\u00e8me \u00e0 vendre<\/title>\n<meta name=\"description\" content=\"Si vous \u00eates passionn\u00e9 par les biscuits et la cr\u00e8me, notre magasin est le meilleur endroit pour acheter des biscuits et de la cr\u00e8me en ligne. Vous pouvez avoir des biscuits et de la cr\u00e8me en vente au prix le plus bas. Commandez maintenant et recevez-le sous peu !\" \/>\n<meta name=\"robots\" content=\"index, follow, max-snippet:-1, max-image-preview:large, max-video-preview:-1\" \/>\n<link rel=\"canonical\" href=\"https:\/\/poudresdenarco.com\/hu\/termek\/keksz-es-tejszin\/\" \/>\n<meta property=\"og:locale\" content=\"hu_HU\" \/>\n<meta property=\"og:type\" content=\"article\" \/>\n<meta property=\"og:title\" content=\"Achetez des biscuits et de la cr\u00e8me en ligne - Biscuits et cr\u00e8me \u00e0 vendre\" \/>\n<meta property=\"og:description\" content=\"Si vous \u00eates passionn\u00e9 par les biscuits et la cr\u00e8me, notre magasin est le meilleur endroit pour acheter des biscuits et de la cr\u00e8me en ligne. Vous pouvez avoir des biscuits et de la cr\u00e8me en vente au prix le plus bas. Commandez maintenant et recevez-le sous peu !\" \/>\n<meta property=\"og:url\" content=\"https:\/\/poudresdenarco.com\/hu\/termek\/keksz-es-tejszin\/\" \/>\n<meta property=\"og:site_name\" content=\"Poudresde Narco\" \/>\n<meta property=\"article:modified_time\" content=\"2025-06-10T05:34:43+00:00\" \/>\n<meta property=\"og:image\" content=\"https:\/\/poudresdenarco.com\/wp-content\/uploads\/2024\/01\/COOKIES-CREAM.jpg\" \/>\n\t<meta property=\"og:image:width\" content=\"600\" \/>\n\t<meta property=\"og:image:height\" content=\"600\" \/>\n\t<meta property=\"og:image:type\" content=\"image\/jpeg\" \/>\n<meta name=\"twitter:card\" content=\"summary_large_image\" \/>\n<meta name=\"twitter:label1\" content=\"Becs\u00fclt olvas\u00e1si id\u0151\" \/>\n\t<meta name=\"twitter:data1\" content=\"4 perc\" \/>\n<script type=\"application\/ld+json\" class=\"yoast-schema-graph\">{\"@context\":\"https:\/\/schema.org\",\"@graph\":[{\"@type\":\"WebPage\",\"@id\":\"https:\/\/poudresdenarco.com\/produit\/biscuits-et-creme\/\",\"url\":\"https:\/\/poudresdenarco.com\/produit\/biscuits-et-creme\/\",\"name\":\"Achetez des biscuits et de la cr\u00e8me en ligne - Biscuits et cr\u00e8me \u00e0 vendre\",\"isPartOf\":{\"@id\":\"https:\/\/poudresdenarco.com\/#website\"},\"primaryImageOfPage\":{\"@id\":\"https:\/\/poudresdenarco.com\/produit\/biscuits-et-creme\/#primaryimage\"},\"image\":{\"@id\":\"https:\/\/poudresdenarco.com\/produit\/biscuits-et-creme\/#primaryimage\"},\"thumbnailUrl\":\"https:\/\/poudresdenarco.com\/wp-content\/uploads\/2024\/01\/COOKIES-CREAM.jpg\",\"datePublished\":\"2024-01-02T08:53:53+00:00\",\"dateModified\":\"2025-06-10T05:34:43+00:00\",\"description\":\"Si vous \u00eates passionn\u00e9 par les biscuits et la cr\u00e8me, notre magasin est le meilleur endroit pour acheter des biscuits et de la cr\u00e8me en ligne. Vous pouvez avoir des biscuits et de la cr\u00e8me en vente au prix le plus bas. Commandez maintenant et recevez-le sous peu !\",\"breadcrumb\":{\"@id\":\"https:\/\/poudresdenarco.com\/produit\/biscuits-et-creme\/#breadcrumb\"},\"inLanguage\":\"hu\",\"potentialAction\":[{\"@type\":\"ReadAction\",\"target\":[\"https:\/\/poudresdenarco.com\/produit\/biscuits-et-creme\/\"]}]},{\"@type\":\"ImageObject\",\"inLanguage\":\"hu\",\"@id\":\"https:\/\/poudresdenarco.com\/produit\/biscuits-et-creme\/#primaryimage\",\"url\":\"https:\/\/poudresdenarco.com\/wp-content\/uploads\/2024\/01\/COOKIES-CREAM.jpg\",\"contentUrl\":\"https:\/\/poudresdenarco.com\/wp-content\/uploads\/2024\/01\/COOKIES-CREAM.jpg\",\"width\":600,\"height\":600,\"caption\":\"Achetez des COOKIES-CREAM en ligne\"},{\"@type\":\"BreadcrumbList\",\"@id\":\"https:\/\/poudresdenarco.com\/produit\/biscuits-et-creme\/#breadcrumb\",\"itemListElement\":[{\"@type\":\"ListItem\",\"position\":1,\"name\":\"Home\",\"item\":\"https:\/\/poudresdenarco.com\/\"},{\"@type\":\"ListItem\",\"position\":2,\"name\":\"Boutique\",\"item\":\"https:\/\/poudresdenarco.com\/boutique\/\"},{\"@type\":\"ListItem\",\"position\":3,\"name\":\"biscuits et cr\u00e8me\"}]},{\"@type\":\"WebSite\",\"@id\":\"https:\/\/poudresdenarco.com\/#website\",\"url\":\"https:\/\/poudresdenarco.com\/\",\"name\":\"Poudresde Narco\",\"description\":\"Acheter de la coca\u00efne et de l&#039;h\u00e9ro\u00efne en ligne\",\"potentialAction\":[{\"@type\":\"SearchAction\",\"target\":{\"@type\":\"EntryPoint\",\"urlTemplate\":\"https:\/\/poudresdenarco.com\/?s={search_term_string}\"},\"query-input\":{\"@type\":\"PropertyValueSpecification\",\"valueRequired\":true,\"valueName\":\"search_term_string\"}}],\"inLanguage\":\"hu\"}]}<\/script>\n<!-- \/ Yoast SEO plugin. -->","yoast_head_json":{"title":"Achetez des biscuits et de la cr\u00e8me en ligne - Biscuits et cr\u00e8me \u00e0 vendre","description":"Si vous \u00eates passionn\u00e9 par les biscuits et la cr\u00e8me, notre magasin est le meilleur endroit pour acheter des biscuits et de la cr\u00e8me en ligne. Vous pouvez avoir des biscuits et de la cr\u00e8me en vente au prix le plus bas. Commandez maintenant et recevez-le sous peu !","robots":{"index":"index","follow":"follow","max-snippet":"max-snippet:-1","max-image-preview":"max-image-preview:large","max-video-preview":"max-video-preview:-1"},"canonical":"https:\/\/poudresdenarco.com\/hu\/termek\/keksz-es-tejszin\/","og_locale":"hu_HU","og_type":"article","og_title":"Achetez des biscuits et de la cr\u00e8me en ligne - Biscuits et cr\u00e8me \u00e0 vendre","og_description":"Si vous \u00eates passionn\u00e9 par les biscuits et la cr\u00e8me, notre magasin est le meilleur endroit pour acheter des biscuits et de la cr\u00e8me en ligne. Vous pouvez avoir des biscuits et de la cr\u00e8me en vente au prix le plus bas. Commandez maintenant et recevez-le sous peu !","og_url":"https:\/\/poudresdenarco.com\/hu\/termek\/keksz-es-tejszin\/","og_site_name":"Poudresde Narco","article_modified_time":"2025-06-10T05:34:43+00:00","og_image":[{"width":600,"height":600,"url":"https:\/\/poudresdenarco.com\/wp-content\/uploads\/2024\/01\/COOKIES-CREAM.jpg","type":"image\/jpeg"}],"twitter_card":"summary_large_image","twitter_misc":{"Becs\u00fclt olvas\u00e1si id\u0151":"4 perc"},"schema":{"@context":"https:\/\/schema.org","@graph":[{"@type":"WebPage","@id":"https:\/\/poudresdenarco.com\/produit\/biscuits-et-creme\/","url":"https:\/\/poudresdenarco.com\/produit\/biscuits-et-creme\/","name":"Achetez des biscuits et de la cr\u00e8me en ligne - Biscuits et cr\u00e8me \u00e0 vendre","isPartOf":{"@id":"https:\/\/poudresdenarco.com\/#website"},"primaryImageOfPage":{"@id":"https:\/\/poudresdenarco.com\/produit\/biscuits-et-creme\/#primaryimage"},"image":{"@id":"https:\/\/poudresdenarco.com\/produit\/biscuits-et-creme\/#primaryimage"},"thumbnailUrl":"https:\/\/poudresdenarco.com\/wp-content\/uploads\/2024\/01\/COOKIES-CREAM.jpg","datePublished":"2024-01-02T08:53:53+00:00","dateModified":"2025-06-10T05:34:43+00:00","description":"Si vous \u00eates passionn\u00e9 par les biscuits et la cr\u00e8me, notre magasin est le meilleur endroit pour acheter des biscuits et de la cr\u00e8me en ligne. Vous pouvez avoir des biscuits et de la cr\u00e8me en vente au prix le plus bas. Commandez maintenant et recevez-le sous peu !","breadcrumb":{"@id":"https:\/\/poudresdenarco.com\/produit\/biscuits-et-creme\/#breadcrumb"},"inLanguage":"hu","potentialAction":[{"@type":"ReadAction","target":["https:\/\/poudresdenarco.com\/produit\/biscuits-et-creme\/"]}]},{"@type":"ImageObject","inLanguage":"hu","@id":"https:\/\/poudresdenarco.com\/produit\/biscuits-et-creme\/#primaryimage","url":"https:\/\/poudresdenarco.com\/wp-content\/uploads\/2024\/01\/COOKIES-CREAM.jpg","contentUrl":"https:\/\/poudresdenarco.com\/wp-content\/uploads\/2024\/01\/COOKIES-CREAM.jpg","width":600,"height":600,"caption":"Achetez des COOKIES-CREAM en ligne"},{"@type":"BreadcrumbList","@id":"https:\/\/poudresdenarco.com\/produit\/biscuits-et-creme\/#breadcrumb","itemListElement":[{"@type":"ListItem","position":1,"name":"Home","item":"https:\/\/poudresdenarco.com\/"},{"@type":"ListItem","position":2,"name":"Boutique","item":"https:\/\/poudresdenarco.com\/boutique\/"},{"@type":"ListItem","position":3,"name":"biscuits et cr\u00e8me"}]},{"@type":"WebSite","@id":"https:\/\/poudresdenarco.com\/#website","url":"https:\/\/poudresdenarco.com\/","name":"Poudresde Narco","description":"Acheter de la coca\u00efne et de l&#039;h\u00e9ro\u00efne en ligne","potentialAction":[{"@type":"SearchAction","target":{"@type":"EntryPoint","urlTemplate":"https:\/\/poudresdenarco.com\/?s={search_term_string}"},"query-input":{"@type":"PropertyValueSpecification","valueRequired":true,"valueName":"search_term_string"}}],"inLanguage":"hu"}]}},"_links":{"self":[{"href":"https:\/\/poudresdenarco.com\/hu\/wp-json\/wp\/v2\/product\/4390","targetHints":{"allow":["GET"]}}],"collection":[{"href":"https:\/\/poudresdenarco.com\/hu\/wp-json\/wp\/v2\/product"}],"about":[{"href":"https:\/\/poudresdenarco.com\/hu\/wp-json\/wp\/v2\/types\/product"}],"replies":[{"embeddable":true,"href":"https:\/\/poudresdenarco.com\/hu\/wp-json\/wp\/v2\/comments?post=4390"}],"wp:featuredmedia":[{"embeddable":true,"href":"https:\/\/poudresdenarco.com\/hu\/wp-json\/wp\/v2\/media\/4507"}],"wp:attachment":[{"href":"https:\/\/poudresdenarco.com\/hu\/wp-json\/wp\/v2\/media?parent=4390"}],"wp:term":[{"taxonomy":"product_cat","embeddable":true,"href":"https:\/\/poudresdenarco.com\/hu\/wp-json\/wp\/v2\/product_cat?post=4390"},{"taxonomy":"product_tag","embeddable":true,"href":"https:\/\/poudresdenarco.com\/hu\/wp-json\/wp\/v2\/product_tag?post=4390"}],"curies":[{"name":"wp","href":"https:\/\/api.w.org\/{rel}","templated":true}]}}