{"id":4393,"date":"2024-01-02T09:06:59","date_gmt":"2024-01-02T09:06:59","guid":{"rendered":"https:\/\/unkrautmarkt.com\/narco1\/?post_type=product&#038;p=4393"},"modified":"2025-06-09T00:58:03","modified_gmt":"2025-06-09T00:58:03","slug":"jack-herer","status":"publish","type":"product","link":"https:\/\/poudresdenarco.com\/hu\/termek\/jack-herer\/","title":{"rendered":"Jack Herer"},"content":{"rendered":"<h2><strong><span style=\"vertical-align: inherit;\"><span style=\"vertical-align: inherit;\">V\u00e1s\u00e1roljon Jack Herert online<\/span><\/span><\/strong><\/h2>\n<p><span style=\"vertical-align: inherit;\"><span style=\"vertical-align: inherit;\">Mi a Jack Herer n\u00e9ven ismert kannabiszt\u00f6rzs? Ha \u00d6n gyakorlott kannabisz-rajong\u00f3, val\u00f3sz\u00edn\u0171leg hallott m\u00e1r err\u0151l a j\u00f3l ismert t\u00f6rzsr\u0151l. Ismeri azonban az eredet\u00e9t \u00e9s azt, hogy mi k\u00fcl\u00f6nb\u00f6zteti meg a t\u00f6bbi t\u00f6rzst\u0151l?<\/span><\/span><\/p>\n<p><span style=\"vertical-align: inherit;\"><span style=\"vertical-align: inherit;\">Ez a blogbejegyz\u00e9s elmagyar\u00e1zza a Jack Herer h\u00e1tter\u00e9t \u00e9s egyedi jellemz\u0151it, p\u00e9ld\u00e1ul n\u00e9pszer\u0171s\u00e9g\u00e9t Hollandi\u00e1ban, sz\u00fcl\u0151i t\u00f6rzseit, a Shiva Skunkot \u00e9s a Critical Jacket, a gy\u00f3gy\u00e1szati \u200b\u200b\u00e9s rekre\u00e1ci\u00f3s felhaszn\u00e1l\u00f3kra gyakorolt \u200b\u200bhat\u00e1s\u00e1t, \u00edzprofilj\u00e1nak saj\u00e1toss\u00e1gait, terp\u00e9nek \u00f6sszet\u00e9tele \u00e9s a benne l\u00e9v\u0151 THC mennyis\u00e9ge. Elmagyar\u00e1zzuk, hogyan v\u00e1lt a holland k\u00e1v\u00e9z\u00f3k t\u00e1maszpontj\u00e1v\u00e1, \u00e9s hogy Shiva Skunk \u00e9s Critical Jack az \u0151sei.<\/span><\/span><\/p>\n<p><span style=\"vertical-align: inherit;\"><span style=\"vertical-align: inherit;\">Ezenk\u00edv\u00fcl megvizsg\u00e1ljuk a Jack Herer t\u00f6rzs \u00edzprofilj\u00e1t, terp\u00e9n\u00f6sszet\u00e9tel\u00e9t, THC-szintj\u00e9t \u00e9s hat\u00e1sait azokra a fogyaszt\u00f3kra, akik gy\u00f3gy\u00e1szati \u200b\u200b\u00e9s rekre\u00e1ci\u00f3s c\u00e9lokra haszn\u00e1lj\u00e1k. lehets\u00e9ges el\u0151ny\u00f6k sz\u00e1mos eg\u00e9szs\u00e9g\u00fcgyi \u00e1llapot eset\u00e9n. Jobban meg\u00e9rti, mi\u00e9rt olyan nagyra tart ez a t\u00f6rzs a kannabiszpiacon, ha ismeri ennek a csod\u00e1latos t\u00f6rzsnek a jellemz\u0151it.<\/span><\/span><\/p>\n<p><span style=\"vertical-align: inherit;\"><span style=\"vertical-align: inherit;\">D\u0151lj\u00f6n h\u00e1tra, \u00e9s k\u00e9sz\u00fclj\u00f6n fel, hogy felfedezzen mindent, amit a Jack Herer kannabiszt\u00f6rzsr\u0151l tudni lehet, a leny\u0171g\u00f6z\u0151 t\u00f6rt\u00e9net\u00e9t\u0151l a sz\u00e1mos modern felhaszn\u00e1l\u00e1sig.<\/span><\/span><\/p>\n<h3><strong><span style=\"vertical-align: inherit;\"><span style=\"vertical-align: inherit;\">Jack Hierr utaz\u00e1sa<\/span><\/span><\/strong><\/h3>\n<p><span style=\"vertical-align: inherit;\"><span style=\"vertical-align: inherit;\">A h\u00edres \u00edr\u00f3r\u00f3l \u00e9s aktivist\u00e1r\u00f3l elnevezett, Jack Herer n\u00e9ven ismert kannabiszt\u00f6rzs hossz\u00fa m\u00faltra tekint vissza, eg\u00e9szen az 1990-es \u00e9vekig. Ezt a szativa-domin\u00e1ns hibridet a Sensi Seeds fejlesztette ki Jack marihu\u00e1na legaliz\u00e1l\u00e1s\u00e1ra ir\u00e1nyul\u00f3 f\u00e1radhatatlan er\u0151fesz\u00edt\u00e9sei el\u0151tt.<\/span><\/span><\/p>\n<p><span style=\"vertical-align: inherit;\"><span style=\"vertical-align: inherit;\">Jack Herer egyes\u00edti a Shiva Skunkot, a Northern Lights #5 \u00e9s a Haze-t, hogy testi \u00e9s lelki nyugalmat biztos\u00edtson a fogyaszt\u00f3knak. A vil\u00e1g minden t\u00e1j\u00e1r\u00f3l sz\u00e1rmaz\u00f3 t\u00e1jfajt\u00e1k, mint a thai, a kolumbiai arany, a mexik\u00f3i sativa, az afg\u00e1n indica, a d\u00e9l-indiai indica \u00e9s m\u00e1sok, megtal\u00e1lhat\u00f3k \u0151seiben.<\/span><\/span><\/p>\n<p><span style=\"vertical-align: inherit;\"><span style=\"vertical-align: inherit;\">Az id\u0151k sor\u00e1n Jack Herernek sz\u00e1mos, k\u00fcl\u00f6nb\u00f6z\u0151 tulajdons\u00e1gokkal rendelkez\u0151 fenot\u00edpusa alakult ki. De mivel mindig is olyan j\u00f3 volt, az eredeti Sensi Seeds v\u00e1ltozat tov\u00e1bbra is az egyik legkeresettebb verzi\u00f3.<\/span><\/span><\/p>\n<p><span style=\"vertical-align: inherit;\"><span style=\"vertical-align: inherit;\">Jack Herer, mint az egyik legnagyobb kannabiszt\u00f6rzs h\u00edrnev\u00e9t meger\u0151s\u00edtette, amikor a High Times magazin az \u00e9vek sor\u00e1n t\u00f6bbsz\u00f6r is felvette a \u201eTop Ten Strains\u201d list\u00e1j\u00e1ra.<\/span><\/span><\/p>\n<p><span style=\"vertical-align: inherit;\"><span style=\"vertical-align: inherit;\">LINEAGE Haze: D\u00e9l-Indi\u00e1b\u00f3l, Thaif\u00f6ldr\u0151l, Kolumbi\u00e1b\u00f3l \u00e9s Mexik\u00f3b\u00f3l sz\u00e1rmaz\u00f3, n\u00e9pszer\u0171 sativa t\u00f6rzs energikus hat\u00e1ssal.<\/span><\/span><\/p>\n<p><span style=\"vertical-align: inherit;\"><span style=\"vertical-align: inherit;\">Northern Lights #5: Afganiszt\u00e1nban teny\u00e9sztett er\u0151s indica t\u00f6rzs, amely nyugtat\u00f3 hat\u00e1s\u00e1r\u00f3l ismert.<\/span><\/span><\/p>\n<p><span style=\"vertical-align: inherit;\"><span style=\"vertical-align: inherit;\">A Shiva Skunk: Northern Lights #5 \u00e9s az eredeti Skunk #1 keresztezve egy indica-domin\u00e1ns hibridet hozott l\u00e9tre. Fizikai ellazul\u00e1st \u00e9s ment\u00e1lis stimul\u00e1ci\u00f3t egyar\u00e1nt biztos\u00edt.<\/span><\/span><\/p>\n<p><span style=\"vertical-align: inherit;\"><span style=\"vertical-align: inherit;\">M\u00e9g ma is Jack Herert v\u00e1lasztj\u00e1k azok a kannabiszrajong\u00f3k, akik olyan energiz\u00e1l\u00f3 hat\u00e1st keresnek, amely nem hagyja \u0151ket t\u00fals\u00e1gosan a kanap\u00e9n bez\u00e1rva vagy \u00e1lmosan. Sokoldal\u00fa tulajdons\u00e1gainak k\u00f6sz\u00f6nhet\u0151en vil\u00e1gszerte n\u00e9pszer\u0171, gy\u00f3gy\u00e1szati \u200b\u200b\u00e9s rekre\u00e1ci\u00f3s c\u00e9lokra egyar\u00e1nt haszn\u00e1lhat\u00f3.<\/span><\/span><\/p>\n<h3><strong><span style=\"vertical-align: inherit;\"><span style=\"vertical-align: inherit;\">TAPASZTALJA JACK HERER HAT\u00c1SAIT<\/span><\/span><\/strong><\/h3>\n<p><span style=\"vertical-align: inherit;\"><span style=\"vertical-align: inherit;\">A Jack Herer egy sativa-domin\u00e1ns hibrid, amely energiz\u00e1l\u00f3 \u00e9s felemel\u0151 \u00e9lm\u00e9nyt ny\u00fajt. Ez a t\u00f6rzs t\u00f6k\u00e9letes azok sz\u00e1m\u00e1ra, akik tiszta fejjel \u00e9s koncentr\u00e1lt hat\u00e1sra v\u00e1gynak, mik\u00f6zben \u00e9lvezik a relax\u00e1ci\u00f3t \u00e9s a stresszold\u00e1st. Nem csoda, hogy a termel\u00e9kenys\u00e9g vagy a kreativit\u00e1s fejleszt\u00e9s\u00e9t keres\u0151 felhaszn\u00e1l\u00f3k kedvence.<\/span><\/span><\/p>\n<p><span style=\"vertical-align: inherit;\"><span style=\"vertical-align: inherit;\">A Jack Herer agyi hat\u00e1sai gyorsan jelentkeznek, \u00edgy a felhaszn\u00e1l\u00f3k ment\u00e1lis tisztas\u00e1got \u00e9s f\u00f3kuszt biztos\u00edtanak. Ennek a t\u00f6rzsnek az energiz\u00e1l\u00f3 hat\u00e1sai ide\u00e1liss\u00e1 teszik az \u00e9ber \u00e9s figyelmes eg\u00e9sz nap meg\u0151rz\u00e9s\u00e9hez. E kognit\u00edv el\u0151ny\u00f6k mellett a felhaszn\u00e1l\u00f3k felemelkedett \u00e9s euf\u00f3rikus \u00e9rz\u00e9sr\u0151l sz\u00e1molnak be ennek a t\u00f6rzsnek a fogyaszt\u00e1sa ut\u00e1n.<\/span><\/span><\/p>","protected":false},"excerpt":{"rendered":"<p>Buy Jack Herer Online What is the cannabis strain known as Jack Herer? If you are a seasoned cannabis enthusiast, you have probably heard of this well-known strain. However, do you know its origin and what sets it apart from other strains? This blog post will explain the background and unique characteristics of Jack Herer,&hellip;<\/p>","protected":false},"featured_media":4513,"comment_status":"open","ping_status":"closed","template":"","meta":{"_joinchat":[]},"product_cat":[473],"product_tag":[],"class_list":{"0":"post-4393","1":"product","2":"type-product","3":"status-publish","4":"has-post-thumbnail","6":"product_cat-herbe","8":"first","9":"instock","10":"shipping-taxable","11":"purchasable","12":"product-type-variable","13":"col-xs-6 col-sm-4","14":"col-md-3 col-lg-3","15":"un-4-cols"},"yoast_head":"<!-- This site is optimized with the Yoast SEO plugin v23.8 - https:\/\/yoast.com\/wordpress\/plugins\/seo\/ -->\n<title>Acheter Jack Herer en ligne - Jack Herer \u00e0 vendre - Commander Jack Herer en ligne<\/title>\n<meta name=\"description\" content=\"Si vous souhaitez acheter du Jack Herer, nous sommes le bon choix pour vous. Notre personnel vous aidera \u00e0 acheter du Jack Herer en ligne \u00e0 des prix avantageux. Passez votre commande chez nous !\" \/>\n<meta name=\"robots\" content=\"index, follow, max-snippet:-1, max-image-preview:large, max-video-preview:-1\" \/>\n<link rel=\"canonical\" href=\"https:\/\/poudresdenarco.com\/hu\/termek\/jack-herer\/\" \/>\n<meta property=\"og:locale\" content=\"hu_HU\" \/>\n<meta property=\"og:type\" content=\"article\" \/>\n<meta property=\"og:title\" content=\"Acheter Jack Herer en ligne - Jack Herer \u00e0 vendre - Commander Jack Herer en ligne\" \/>\n<meta property=\"og:description\" content=\"Si vous souhaitez acheter du Jack Herer, nous sommes le bon choix pour vous. Notre personnel vous aidera \u00e0 acheter du Jack Herer en ligne \u00e0 des prix avantageux. Passez votre commande chez nous !\" \/>\n<meta property=\"og:url\" content=\"https:\/\/poudresdenarco.com\/hu\/termek\/jack-herer\/\" \/>\n<meta property=\"og:site_name\" content=\"Poudresde Narco\" \/>\n<meta property=\"article:modified_time\" content=\"2025-06-09T00:58:03+00:00\" \/>\n<meta property=\"og:image\" content=\"https:\/\/poudresdenarco.com\/wp-content\/uploads\/2024\/01\/JACK-HERER.jpg\" \/>\n\t<meta property=\"og:image:width\" content=\"600\" \/>\n\t<meta property=\"og:image:height\" content=\"600\" \/>\n\t<meta property=\"og:image:type\" content=\"image\/jpeg\" \/>\n<meta name=\"twitter:card\" content=\"summary_large_image\" \/>\n<meta name=\"twitter:label1\" content=\"Becs\u00fclt olvas\u00e1si id\u0151\" \/>\n\t<meta name=\"twitter:data1\" content=\"3 perc\" \/>\n<script type=\"application\/ld+json\" class=\"yoast-schema-graph\">{\"@context\":\"https:\/\/schema.org\",\"@graph\":[{\"@type\":\"WebPage\",\"@id\":\"https:\/\/poudresdenarco.com\/produit\/jack-herer\/\",\"url\":\"https:\/\/poudresdenarco.com\/produit\/jack-herer\/\",\"name\":\"Acheter Jack Herer en ligne - Jack Herer \u00e0 vendre - Commander Jack Herer en ligne\",\"isPartOf\":{\"@id\":\"https:\/\/poudresdenarco.com\/#website\"},\"primaryImageOfPage\":{\"@id\":\"https:\/\/poudresdenarco.com\/produit\/jack-herer\/#primaryimage\"},\"image\":{\"@id\":\"https:\/\/poudresdenarco.com\/produit\/jack-herer\/#primaryimage\"},\"thumbnailUrl\":\"https:\/\/poudresdenarco.com\/wp-content\/uploads\/2024\/01\/JACK-HERER.jpg\",\"datePublished\":\"2024-01-02T09:06:59+00:00\",\"dateModified\":\"2025-06-09T00:58:03+00:00\",\"description\":\"Si vous souhaitez acheter du Jack Herer, nous sommes le bon choix pour vous. Notre personnel vous aidera \u00e0 acheter du Jack Herer en ligne \u00e0 des prix avantageux. Passez votre commande chez nous !\",\"breadcrumb\":{\"@id\":\"https:\/\/poudresdenarco.com\/produit\/jack-herer\/#breadcrumb\"},\"inLanguage\":\"hu\",\"potentialAction\":[{\"@type\":\"ReadAction\",\"target\":[\"https:\/\/poudresdenarco.com\/produit\/jack-herer\/\"]}]},{\"@type\":\"ImageObject\",\"inLanguage\":\"hu\",\"@id\":\"https:\/\/poudresdenarco.com\/produit\/jack-herer\/#primaryimage\",\"url\":\"https:\/\/poudresdenarco.com\/wp-content\/uploads\/2024\/01\/JACK-HERER.jpg\",\"contentUrl\":\"https:\/\/poudresdenarco.com\/wp-content\/uploads\/2024\/01\/JACK-HERER.jpg\",\"width\":600,\"height\":600,\"caption\":\"Achetez JACK-HERER en ligne\"},{\"@type\":\"BreadcrumbList\",\"@id\":\"https:\/\/poudresdenarco.com\/produit\/jack-herer\/#breadcrumb\",\"itemListElement\":[{\"@type\":\"ListItem\",\"position\":1,\"name\":\"Home\",\"item\":\"https:\/\/poudresdenarco.com\/\"},{\"@type\":\"ListItem\",\"position\":2,\"name\":\"Boutique\",\"item\":\"https:\/\/poudresdenarco.com\/boutique\/\"},{\"@type\":\"ListItem\",\"position\":3,\"name\":\"Jack Herer\"}]},{\"@type\":\"WebSite\",\"@id\":\"https:\/\/poudresdenarco.com\/#website\",\"url\":\"https:\/\/poudresdenarco.com\/\",\"name\":\"Poudresde Narco\",\"description\":\"Acheter de la coca\u00efne et de l&#039;h\u00e9ro\u00efne en ligne\",\"potentialAction\":[{\"@type\":\"SearchAction\",\"target\":{\"@type\":\"EntryPoint\",\"urlTemplate\":\"https:\/\/poudresdenarco.com\/?s={search_term_string}\"},\"query-input\":{\"@type\":\"PropertyValueSpecification\",\"valueRequired\":true,\"valueName\":\"search_term_string\"}}],\"inLanguage\":\"hu\"}]}<\/script>\n<!-- \/ Yoast SEO plugin. -->","yoast_head_json":{"title":"Acheter Jack Herer en ligne - Jack Herer \u00e0 vendre - Commander Jack Herer en ligne","description":"Si vous souhaitez acheter du Jack Herer, nous sommes le bon choix pour vous. Notre personnel vous aidera \u00e0 acheter du Jack Herer en ligne \u00e0 des prix avantageux. Passez votre commande chez nous !","robots":{"index":"index","follow":"follow","max-snippet":"max-snippet:-1","max-image-preview":"max-image-preview:large","max-video-preview":"max-video-preview:-1"},"canonical":"https:\/\/poudresdenarco.com\/hu\/termek\/jack-herer\/","og_locale":"hu_HU","og_type":"article","og_title":"Acheter Jack Herer en ligne - Jack Herer \u00e0 vendre - Commander Jack Herer en ligne","og_description":"Si vous souhaitez acheter du Jack Herer, nous sommes le bon choix pour vous. Notre personnel vous aidera \u00e0 acheter du Jack Herer en ligne \u00e0 des prix avantageux. Passez votre commande chez nous !","og_url":"https:\/\/poudresdenarco.com\/hu\/termek\/jack-herer\/","og_site_name":"Poudresde Narco","article_modified_time":"2025-06-09T00:58:03+00:00","og_image":[{"width":600,"height":600,"url":"https:\/\/poudresdenarco.com\/wp-content\/uploads\/2024\/01\/JACK-HERER.jpg","type":"image\/jpeg"}],"twitter_card":"summary_large_image","twitter_misc":{"Becs\u00fclt olvas\u00e1si id\u0151":"3 perc"},"schema":{"@context":"https:\/\/schema.org","@graph":[{"@type":"WebPage","@id":"https:\/\/poudresdenarco.com\/produit\/jack-herer\/","url":"https:\/\/poudresdenarco.com\/produit\/jack-herer\/","name":"Acheter Jack Herer en ligne - Jack Herer \u00e0 vendre - Commander Jack Herer en ligne","isPartOf":{"@id":"https:\/\/poudresdenarco.com\/#website"},"primaryImageOfPage":{"@id":"https:\/\/poudresdenarco.com\/produit\/jack-herer\/#primaryimage"},"image":{"@id":"https:\/\/poudresdenarco.com\/produit\/jack-herer\/#primaryimage"},"thumbnailUrl":"https:\/\/poudresdenarco.com\/wp-content\/uploads\/2024\/01\/JACK-HERER.jpg","datePublished":"2024-01-02T09:06:59+00:00","dateModified":"2025-06-09T00:58:03+00:00","description":"Si vous souhaitez acheter du Jack Herer, nous sommes le bon choix pour vous. Notre personnel vous aidera \u00e0 acheter du Jack Herer en ligne \u00e0 des prix avantageux. Passez votre commande chez nous !","breadcrumb":{"@id":"https:\/\/poudresdenarco.com\/produit\/jack-herer\/#breadcrumb"},"inLanguage":"hu","potentialAction":[{"@type":"ReadAction","target":["https:\/\/poudresdenarco.com\/produit\/jack-herer\/"]}]},{"@type":"ImageObject","inLanguage":"hu","@id":"https:\/\/poudresdenarco.com\/produit\/jack-herer\/#primaryimage","url":"https:\/\/poudresdenarco.com\/wp-content\/uploads\/2024\/01\/JACK-HERER.jpg","contentUrl":"https:\/\/poudresdenarco.com\/wp-content\/uploads\/2024\/01\/JACK-HERER.jpg","width":600,"height":600,"caption":"Achetez JACK-HERER en ligne"},{"@type":"BreadcrumbList","@id":"https:\/\/poudresdenarco.com\/produit\/jack-herer\/#breadcrumb","itemListElement":[{"@type":"ListItem","position":1,"name":"Home","item":"https:\/\/poudresdenarco.com\/"},{"@type":"ListItem","position":2,"name":"Boutique","item":"https:\/\/poudresdenarco.com\/boutique\/"},{"@type":"ListItem","position":3,"name":"Jack Herer"}]},{"@type":"WebSite","@id":"https:\/\/poudresdenarco.com\/#website","url":"https:\/\/poudresdenarco.com\/","name":"Poudresde Narco","description":"Acheter de la coca\u00efne et de l&#039;h\u00e9ro\u00efne en ligne","potentialAction":[{"@type":"SearchAction","target":{"@type":"EntryPoint","urlTemplate":"https:\/\/poudresdenarco.com\/?s={search_term_string}"},"query-input":{"@type":"PropertyValueSpecification","valueRequired":true,"valueName":"search_term_string"}}],"inLanguage":"hu"}]}},"_links":{"self":[{"href":"https:\/\/poudresdenarco.com\/hu\/wp-json\/wp\/v2\/product\/4393","targetHints":{"allow":["GET"]}}],"collection":[{"href":"https:\/\/poudresdenarco.com\/hu\/wp-json\/wp\/v2\/product"}],"about":[{"href":"https:\/\/poudresdenarco.com\/hu\/wp-json\/wp\/v2\/types\/product"}],"replies":[{"embeddable":true,"href":"https:\/\/poudresdenarco.com\/hu\/wp-json\/wp\/v2\/comments?post=4393"}],"wp:featuredmedia":[{"embeddable":true,"href":"https:\/\/poudresdenarco.com\/hu\/wp-json\/wp\/v2\/media\/4513"}],"wp:attachment":[{"href":"https:\/\/poudresdenarco.com\/hu\/wp-json\/wp\/v2\/media?parent=4393"}],"wp:term":[{"taxonomy":"product_cat","embeddable":true,"href":"https:\/\/poudresdenarco.com\/hu\/wp-json\/wp\/v2\/product_cat?post=4393"},{"taxonomy":"product_tag","embeddable":true,"href":"https:\/\/poudresdenarco.com\/hu\/wp-json\/wp\/v2\/product_tag?post=4393"}],"curies":[{"name":"wp","href":"https:\/\/api.w.org\/{rel}","templated":true}]}}