{"id":4456,"date":"2024-01-02T10:49:48","date_gmt":"2024-01-02T10:49:48","guid":{"rendered":"https:\/\/unkrautmarkt.com\/narco1\/?post_type=product&#038;p=4456"},"modified":"2025-06-02T20:15:55","modified_gmt":"2025-06-02T20:15:55","slug":"amnesie-hash","status":"publish","type":"product","link":"https:\/\/poudresdenarco.com\/hu\/termek\/amnezia-hash\/","title":{"rendered":"Hash amn\u00e9zia"},"content":{"rendered":"<h2><strong><span style=\"vertical-align: inherit;\"><span style=\"vertical-align: inherit;\">V\u00c1S\u00c1ROLJON AMNESIA HASH ONLINE<\/span><\/span><\/strong><\/h2>\n<h3><strong><span style=\"vertical-align: inherit;\"><span style=\"vertical-align: inherit;\">EGY VIL\u00c1GH\u00cdR\u0170 PSZICHEDELIKUS ER\u0150: AMNESIA HASH<\/span><\/span><\/strong><\/h3>\n<p><span style=\"vertical-align: inherit;\"><span style=\"vertical-align: inherit;\">Egy csipetnyi m\u00e9ly hegyi indica, az Amnesia Haze jellegzetes hossz\u00fa \u00e9s \u00e9rett pszichedelikus sativa vonala visszafogott. A k\u00e9t t\u00e1jfajt\u00e1b\u00f3l \u00e9s egy hibridb\u0151l szakszer\u0171en kevert t\u00f6rzs egy olyan THC-er\u0151m\u0171, amelynek hat\u00e1sa m\u00e9g a legtapasztaltabb kannabisz \u00ednyenceket is elismerni fogja.<\/span><\/span><\/p>\n<p><span style=\"vertical-align: inherit;\"><span style=\"vertical-align: inherit;\">Gondosan sz\u00e1r\u00edtva az Amnesia Haze vastag vir\u00e1gf\u00fcrtjei tapint\u00e1sra merevv\u00e9 v\u00e1lnak. A szil\u00e1rd r\u00f6g\u00f6k olyan j\u00f3l krist\u00e1lyosodtak, hogy gyeng\u00e9den csillog\u00f3, f\u00e9nyre t\u00f6r\u0151 karamellbe vont\u00e1k \u0151ket, amely egzotikus kardamommal, lime-mal, major\u00e1nn\u00e1val \u00e9s mandarinnal \u00edzes\u00edtett.<\/span><\/span><\/p>\n<p><span style=\"vertical-align: inherit;\"><span style=\"vertical-align: inherit;\">Az Amnesia Haze-t nagyra becs\u00fclik a hash-ek \u00e9s m\u00e1s extrakci\u00f3k ter\u00e9n a t\u00falzott trichome-termel\u00e9s miatt. A tiszta, m\u00e9zsz\u00edn\u0171, 22%-os THC-tartalm\u00fa gyanta kaszk\u00e1djai ragad\u00f3s l\u00e1tv\u00e1nyt ny\u00fajtanak, \u00e9s p\u00e9ld\u00e1tlan illatos felfedez\u00e9s, ha h\u00fasz tonn\u00e1val hev\u00edtik \u00e9s z\u00fazz\u00e1k.<\/span><\/span><\/p>\n<h3><strong><span style=\"vertical-align: inherit;\"><span style=\"vertical-align: inherit;\">AZ AMN\u00c9ZIAK\u00d6DEK HAT\u00c1SA<\/span><\/span><\/strong><\/h3>\n<p><span style=\"vertical-align: inherit;\"><span style=\"vertical-align: inherit;\">A hat\u00e1sok akkor is er\u0151teljesek, ha neh\u00e9z felm\u00e9rni \u0151ket. Fontos t\u00e9nyez\u0151 a felhaszn\u00e1l\u00f3i \u00e9lm\u00e9ny. Ezzel az er\u0151teljes t\u00f6rzzsel egy kezd\u0151 marihu\u00e1na megtapasztalhatja els\u0151 z\u00f6ld kir\u00e1ndul\u00e1s\u00e1t. K\u00f6nnyen vissza\u00e9lhetek vele, mert nagyon finom \u00e9s selymes.<\/span><\/span><\/p>\n<p><span style=\"vertical-align: inherit;\"><span style=\"vertical-align: inherit;\">A tapasztalt sativa szerelmeseket elragadja az a kiv\u00e9teles f\u00f3kusz \u00e9s kreat\u00edv stimul\u00e1ci\u00f3, amelyet ez a szinte hallucinog\u00e9n t\u00f6rzs k\u00edn\u00e1l. A nagy szabadt\u00e9r ny\u00fczsg\u0151 k\u00f6rnyezet\u00e9vel \u00e9s \u00e9l\u00e9nk leveg\u0151j\u00e9vel h\u00edvogat. Term\u00e9szetesen nagyon aj\u00e1nlott a kanap\u00e9ra kucorodni egy kis zene mellett, \u00e9s egy j\u00f3l elt\u00f6lt\u00f6tt d\u00e9lut\u00e1nt elt\u00f6lteni a bar\u00e1tokkal, \u00e9s \u00e9lvezni egy ment\u00e1lis kir\u00e1ndul\u00e1st. vagy mer nagyot \u00e9s mer\u00e9szet \u00e1lmodni.<\/span><\/span><\/p>\n<p><span style=\"vertical-align: inherit;\"><span style=\"vertical-align: inherit;\">N\u00e9ha kim\u00e9ra lehet, \u00e9s tizen\u00f6t percbe telik, am\u00edg teljesen aktiv\u00e1lja neurok\u00e9miai hat\u00e1s\u00e1t. Lehet, hogy azon kapod magad, hogy besz\u00edvod a cigarett\u00e1t, \u00e9s azon t\u00f6prengsz, mir\u0151l sz\u00f3l ez a zaj. Azt\u00e1n a k\u00f6vetkez\u0151 pillanatban azon t\u0171n\u0151dsz, hogy a fen\u00e9be ker\u00fclt\u00e9l ide, mint egy amn\u00e9zi\u00e1s ember. Csod\u00e1lkozva nevetni \u00e9s szitak\u00e9nt cs\u00f3v\u00e1lni a fej\u00e9t.<\/span><\/span><\/p>\n<p><span style=\"vertical-align: inherit;\"><span style=\"vertical-align: inherit;\">Az Amnesia Haze euf\u00f3rikus citrus \u00edz\u0171, \u00e9s meglehet\u0151sen alacsony a CBD-tartalma. Emiatt hasznos t\u00f6rzs ter\u00e1pi\u00e1s c\u00e9lokra. A smiley pszichotr\u00f3p hat\u00e1sa a f\u00e1jdalommal, k\u00e9ts\u00e9gbees\u00e9ssel \u00e9s PTSD-vel j\u00e1r\u00f3 szorong\u00e1s kezel\u00e9s\u00e9re szolg\u00e1l\u00f3 ter\u00e1pi\u00e1kra utal.<\/span><\/span><\/p>\n<h3><strong><span style=\"vertical-align: inherit;\"><span style=\"vertical-align: inherit;\">Hogyan id\u00e9zz\u00fcnk el\u0151 amn\u00e9zi\u00e1t<\/span><\/span><\/strong><\/h3>\n<p><span style=\"vertical-align: inherit;\"><span style=\"vertical-align: inherit;\">A szabadban: A hossz\u00fa, meleg napok ir\u00e1nti term\u00e9szetes affinit\u00e1s a sativa-domin\u00e1ns felmen\u0151it\u0151l sz\u00e1rmazik. Az Amnesia Haze a legjobban bev\u00e1ltja a tr\u00f3pusi sativa genetika \u00edg\u00e9ret\u00e9t, min\u00e9l k\u00f6zelebb ker\u00fcl az Egyenl\u00edt\u0151h\u00f6z. Kiv\u00e9teles eredm\u00e9nyeket \u00e9rhet el D\u00e9l-Spanyolorsz\u00e1gban, \u00c9szak-Ausztr\u00e1li\u00e1ban, \u00c9szak-Afrik\u00e1ban \u00e9s m\u00e9g Kalifornia \u00e9szaki r\u00e9sz\u00e9n is.<\/span><\/span><\/p>\n<p><span style=\"vertical-align: inherit;\"><span style=\"vertical-align: inherit;\">A hossz\u00fa, vastag vir\u00e1gf\u00fcrt\u00f6k l\u00e1ndzs\u00e1ival rendelkez\u0151 sz\u00f6rnyeteg n\u00f6v\u00e9nyek, amelyek teljes \u00e9r\u00e9si ideje tizenk\u00e9t-tizenn\u00e9gy h\u00e9tig is eltarthat, garant\u00e1lt, ha a magokat egy teljes szezonra el\u00fcltetik. A j\u00f3l karbantartott Amnesia Haze n\u00f6v\u00e9ny, ha pr\u00e9mium 100%-os biotalajjal ind\u00edtja, amelyet szezon\u00e1lis biokieg\u00e9sz\u00edt\u0151kkel d\u00fas\u00edtanak, rengeteg illatos r\u00fcgyet fog termelni.<\/span><\/span><\/p>\n<p><span style=\"vertical-align: inherit;\"><span style=\"vertical-align: inherit;\">Belt\u00e9rben, k\u00f6zvetlen\u00fcl a kl\u00f3noz\u00f3szekr\u00e9nyb\u0151l kil\u00e9pve, az Amnesia Haze kifejezi a szativa f\u0151 tulajdons\u00e1gait, \u00e9s hajlamos jelent\u0151sen megny\u00falni, k\u00fcl\u00f6n\u00f6sen 12 \u00f3r\u00e1s f\u00e9nyviszonyok mellett.<\/span><\/span><\/p>\n<p><span style=\"vertical-align: inherit;\"><span style=\"vertical-align: inherit;\">Az Amnesia Haze jobban szereti, ha j\u00f3l t\u00e1pl\u00e1lkozik, de gyorsan a m\u00e9rgez\u0151 z\u00f3n\u00e1ba ker\u00fclhet, mint sok m\u00e1s szativa. Ez\u00e9rt a t\u00e1panyagok m\u00e9r\u00e9s\u00e9n\u00e9l \u00e9rdemes k\u00f6r\u00fcltekint\u0151en elj\u00e1rni.<\/span><\/span><\/p>\n<p><span style=\"vertical-align: inherit;\"><span style=\"vertical-align: inherit;\">Amikor vir\u00e1gzik a szezon, ez val\u00f3ban a t\u00fcrelem j\u00e1t\u00e9ka. Tizenk\u00e9t h\u00e9tbe telhet, mire a v\u00e9kony level\u0171 hossz\u00fa bimb\u00f3k teljesen kiny\u00edlnak. N\u00e9h\u00e1ny neh\u00e9z \u00fct\u00e9s h\u00faszig is eltarthat!<\/span><\/span><\/p>\n<p><span style=\"vertical-align: inherit;\"><span style=\"vertical-align: inherit;\">A n\u00f6v\u00e9nyek lassan n\u0151nek, de ha igen, akkor kiel\u00e9g\u00edt\u0151en s\u0171r\u0171 \u00e9s gy\u00f6ny\u00f6r\u0171en krist\u00e1lyosodott term\u00e9ket adnak, amely 600 g\/m\u00b2 s\u00faly\u00fa 600 W-os vil\u00e1g\u00edt\u00e1s mellett. biohasznosul\u00e1s. Ez minden benne van! Tekintse meg teljes \u00fatmutat\u00f3nkat a CBD hash haszn\u00e1lat\u00e1r\u00f3l itt.<\/span><\/span><\/p>","protected":false},"excerpt":{"rendered":"<p>BUY AMNESIA HASH ONLINE A WORLD FAMOUS PSYCHEDELIC POWER: AMNESIA HASH With a hint of deep mountain indica, Amnesia Haze\u2019s signature long and mature psychedelic sativa lineage is restrained. Expertly blended from two landraces and a hybrid, this strain is a THC powerhouse with an effect that will force even the most seasoned cannabis connoisseur&hellip;<\/p>","protected":false},"featured_media":4523,"comment_status":"open","ping_status":"closed","template":"","meta":{"_joinchat":[]},"product_cat":[474],"product_tag":[],"class_list":{"0":"post-4456","1":"product","2":"type-product","3":"status-publish","4":"has-post-thumbnail","6":"product_cat-haschisch","8":"first","9":"instock","10":"shipping-taxable","11":"purchasable","12":"product-type-variable","13":"col-xs-6 col-sm-4","14":"col-md-3 col-lg-3","15":"un-4-cols"},"yoast_head":"<!-- This site is optimized with the Yoast SEO plugin v23.8 - https:\/\/yoast.com\/wordpress\/plugins\/seo\/ -->\n<title>Acheter du haschisch Amnesia en ligne - Vente de haschisch Amnesia<\/title>\n<meta name=\"description\" content=\"O\u00f9 acheter Amnesia Hash en ligne au meilleur prix ? Trouvez du Hash Amnesia de haute qualit\u00e9 \u00e0 vendre dans notre boutique en ligne s\u00e9curis\u00e9e, r\u00e9pondant \u00e0 vos besoins de recherche. Commandez maintenant !\" \/>\n<meta name=\"robots\" content=\"index, follow, max-snippet:-1, max-image-preview:large, max-video-preview:-1\" \/>\n<link rel=\"canonical\" href=\"https:\/\/poudresdenarco.com\/hu\/termek\/amnezia-hash\/\" \/>\n<meta property=\"og:locale\" content=\"hu_HU\" \/>\n<meta property=\"og:type\" content=\"article\" \/>\n<meta property=\"og:title\" content=\"Acheter du haschisch Amnesia en ligne - Vente de haschisch Amnesia\" \/>\n<meta property=\"og:description\" content=\"O\u00f9 acheter Amnesia Hash en ligne au meilleur prix ? Trouvez du Hash Amnesia de haute qualit\u00e9 \u00e0 vendre dans notre boutique en ligne s\u00e9curis\u00e9e, r\u00e9pondant \u00e0 vos besoins de recherche. Commandez maintenant !\" \/>\n<meta property=\"og:url\" content=\"https:\/\/poudresdenarco.com\/hu\/termek\/amnezia-hash\/\" \/>\n<meta property=\"og:site_name\" content=\"Poudresde Narco\" \/>\n<meta property=\"article:modified_time\" content=\"2025-06-02T20:15:55+00:00\" \/>\n<meta property=\"og:image\" content=\"https:\/\/poudresdenarco.com\/wp-content\/uploads\/2024\/01\/AMNESIA-HASH.jpg\" \/>\n\t<meta property=\"og:image:width\" content=\"600\" \/>\n\t<meta property=\"og:image:height\" content=\"600\" \/>\n\t<meta property=\"og:image:type\" content=\"image\/jpeg\" \/>\n<meta name=\"twitter:card\" content=\"summary_large_image\" \/>\n<meta name=\"twitter:label1\" content=\"Becs\u00fclt olvas\u00e1si id\u0151\" \/>\n\t<meta name=\"twitter:data1\" content=\"3 perc\" \/>\n<script type=\"application\/ld+json\" class=\"yoast-schema-graph\">{\"@context\":\"https:\/\/schema.org\",\"@graph\":[{\"@type\":\"WebPage\",\"@id\":\"https:\/\/poudresdenarco.com\/produit\/amnesie-hash\/\",\"url\":\"https:\/\/poudresdenarco.com\/produit\/amnesie-hash\/\",\"name\":\"Acheter du haschisch Amnesia en ligne - Vente de haschisch Amnesia\",\"isPartOf\":{\"@id\":\"https:\/\/poudresdenarco.com\/#website\"},\"primaryImageOfPage\":{\"@id\":\"https:\/\/poudresdenarco.com\/produit\/amnesie-hash\/#primaryimage\"},\"image\":{\"@id\":\"https:\/\/poudresdenarco.com\/produit\/amnesie-hash\/#primaryimage\"},\"thumbnailUrl\":\"https:\/\/poudresdenarco.com\/wp-content\/uploads\/2024\/01\/AMNESIA-HASH.jpg\",\"datePublished\":\"2024-01-02T10:49:48+00:00\",\"dateModified\":\"2025-06-02T20:15:55+00:00\",\"description\":\"O\u00f9 acheter Amnesia Hash en ligne au meilleur prix ? Trouvez du Hash Amnesia de haute qualit\u00e9 \u00e0 vendre dans notre boutique en ligne s\u00e9curis\u00e9e, r\u00e9pondant \u00e0 vos besoins de recherche. Commandez maintenant !\",\"breadcrumb\":{\"@id\":\"https:\/\/poudresdenarco.com\/produit\/amnesie-hash\/#breadcrumb\"},\"inLanguage\":\"hu\",\"potentialAction\":[{\"@type\":\"ReadAction\",\"target\":[\"https:\/\/poudresdenarco.com\/produit\/amnesie-hash\/\"]}]},{\"@type\":\"ImageObject\",\"inLanguage\":\"hu\",\"@id\":\"https:\/\/poudresdenarco.com\/produit\/amnesie-hash\/#primaryimage\",\"url\":\"https:\/\/poudresdenarco.com\/wp-content\/uploads\/2024\/01\/AMNESIA-HASH.jpg\",\"contentUrl\":\"https:\/\/poudresdenarco.com\/wp-content\/uploads\/2024\/01\/AMNESIA-HASH.jpg\",\"width\":600,\"height\":600,\"caption\":\"Achetez AMNESIA-HASH en ligne\"},{\"@type\":\"BreadcrumbList\",\"@id\":\"https:\/\/poudresdenarco.com\/produit\/amnesie-hash\/#breadcrumb\",\"itemListElement\":[{\"@type\":\"ListItem\",\"position\":1,\"name\":\"Home\",\"item\":\"https:\/\/poudresdenarco.com\/\"},{\"@type\":\"ListItem\",\"position\":2,\"name\":\"Boutique\",\"item\":\"https:\/\/poudresdenarco.com\/boutique\/\"},{\"@type\":\"ListItem\",\"position\":3,\"name\":\"Amn\u00e9sie Hash\"}]},{\"@type\":\"WebSite\",\"@id\":\"https:\/\/poudresdenarco.com\/#website\",\"url\":\"https:\/\/poudresdenarco.com\/\",\"name\":\"Poudresde Narco\",\"description\":\"Acheter de la coca\u00efne et de l&#039;h\u00e9ro\u00efne en ligne\",\"potentialAction\":[{\"@type\":\"SearchAction\",\"target\":{\"@type\":\"EntryPoint\",\"urlTemplate\":\"https:\/\/poudresdenarco.com\/?s={search_term_string}\"},\"query-input\":{\"@type\":\"PropertyValueSpecification\",\"valueRequired\":true,\"valueName\":\"search_term_string\"}}],\"inLanguage\":\"hu\"}]}<\/script>\n<!-- \/ Yoast SEO plugin. -->","yoast_head_json":{"title":"Acheter du haschisch Amnesia en ligne - Vente de haschisch Amnesia","description":"O\u00f9 acheter Amnesia Hash en ligne au meilleur prix ? Trouvez du Hash Amnesia de haute qualit\u00e9 \u00e0 vendre dans notre boutique en ligne s\u00e9curis\u00e9e, r\u00e9pondant \u00e0 vos besoins de recherche. Commandez maintenant !","robots":{"index":"index","follow":"follow","max-snippet":"max-snippet:-1","max-image-preview":"max-image-preview:large","max-video-preview":"max-video-preview:-1"},"canonical":"https:\/\/poudresdenarco.com\/hu\/termek\/amnezia-hash\/","og_locale":"hu_HU","og_type":"article","og_title":"Acheter du haschisch Amnesia en ligne - Vente de haschisch Amnesia","og_description":"O\u00f9 acheter Amnesia Hash en ligne au meilleur prix ? Trouvez du Hash Amnesia de haute qualit\u00e9 \u00e0 vendre dans notre boutique en ligne s\u00e9curis\u00e9e, r\u00e9pondant \u00e0 vos besoins de recherche. Commandez maintenant !","og_url":"https:\/\/poudresdenarco.com\/hu\/termek\/amnezia-hash\/","og_site_name":"Poudresde Narco","article_modified_time":"2025-06-02T20:15:55+00:00","og_image":[{"width":600,"height":600,"url":"https:\/\/poudresdenarco.com\/wp-content\/uploads\/2024\/01\/AMNESIA-HASH.jpg","type":"image\/jpeg"}],"twitter_card":"summary_large_image","twitter_misc":{"Becs\u00fclt olvas\u00e1si id\u0151":"3 perc"},"schema":{"@context":"https:\/\/schema.org","@graph":[{"@type":"WebPage","@id":"https:\/\/poudresdenarco.com\/produit\/amnesie-hash\/","url":"https:\/\/poudresdenarco.com\/produit\/amnesie-hash\/","name":"Acheter du haschisch Amnesia en ligne - Vente de haschisch Amnesia","isPartOf":{"@id":"https:\/\/poudresdenarco.com\/#website"},"primaryImageOfPage":{"@id":"https:\/\/poudresdenarco.com\/produit\/amnesie-hash\/#primaryimage"},"image":{"@id":"https:\/\/poudresdenarco.com\/produit\/amnesie-hash\/#primaryimage"},"thumbnailUrl":"https:\/\/poudresdenarco.com\/wp-content\/uploads\/2024\/01\/AMNESIA-HASH.jpg","datePublished":"2024-01-02T10:49:48+00:00","dateModified":"2025-06-02T20:15:55+00:00","description":"O\u00f9 acheter Amnesia Hash en ligne au meilleur prix ? Trouvez du Hash Amnesia de haute qualit\u00e9 \u00e0 vendre dans notre boutique en ligne s\u00e9curis\u00e9e, r\u00e9pondant \u00e0 vos besoins de recherche. Commandez maintenant !","breadcrumb":{"@id":"https:\/\/poudresdenarco.com\/produit\/amnesie-hash\/#breadcrumb"},"inLanguage":"hu","potentialAction":[{"@type":"ReadAction","target":["https:\/\/poudresdenarco.com\/produit\/amnesie-hash\/"]}]},{"@type":"ImageObject","inLanguage":"hu","@id":"https:\/\/poudresdenarco.com\/produit\/amnesie-hash\/#primaryimage","url":"https:\/\/poudresdenarco.com\/wp-content\/uploads\/2024\/01\/AMNESIA-HASH.jpg","contentUrl":"https:\/\/poudresdenarco.com\/wp-content\/uploads\/2024\/01\/AMNESIA-HASH.jpg","width":600,"height":600,"caption":"Achetez AMNESIA-HASH en ligne"},{"@type":"BreadcrumbList","@id":"https:\/\/poudresdenarco.com\/produit\/amnesie-hash\/#breadcrumb","itemListElement":[{"@type":"ListItem","position":1,"name":"Home","item":"https:\/\/poudresdenarco.com\/"},{"@type":"ListItem","position":2,"name":"Boutique","item":"https:\/\/poudresdenarco.com\/boutique\/"},{"@type":"ListItem","position":3,"name":"Amn\u00e9sie Hash"}]},{"@type":"WebSite","@id":"https:\/\/poudresdenarco.com\/#website","url":"https:\/\/poudresdenarco.com\/","name":"Poudresde Narco","description":"Acheter de la coca\u00efne et de l&#039;h\u00e9ro\u00efne en ligne","potentialAction":[{"@type":"SearchAction","target":{"@type":"EntryPoint","urlTemplate":"https:\/\/poudresdenarco.com\/?s={search_term_string}"},"query-input":{"@type":"PropertyValueSpecification","valueRequired":true,"valueName":"search_term_string"}}],"inLanguage":"hu"}]}},"_links":{"self":[{"href":"https:\/\/poudresdenarco.com\/hu\/wp-json\/wp\/v2\/product\/4456","targetHints":{"allow":["GET"]}}],"collection":[{"href":"https:\/\/poudresdenarco.com\/hu\/wp-json\/wp\/v2\/product"}],"about":[{"href":"https:\/\/poudresdenarco.com\/hu\/wp-json\/wp\/v2\/types\/product"}],"replies":[{"embeddable":true,"href":"https:\/\/poudresdenarco.com\/hu\/wp-json\/wp\/v2\/comments?post=4456"}],"wp:featuredmedia":[{"embeddable":true,"href":"https:\/\/poudresdenarco.com\/hu\/wp-json\/wp\/v2\/media\/4523"}],"wp:attachment":[{"href":"https:\/\/poudresdenarco.com\/hu\/wp-json\/wp\/v2\/media?parent=4456"}],"wp:term":[{"taxonomy":"product_cat","embeddable":true,"href":"https:\/\/poudresdenarco.com\/hu\/wp-json\/wp\/v2\/product_cat?post=4456"},{"taxonomy":"product_tag","embeddable":true,"href":"https:\/\/poudresdenarco.com\/hu\/wp-json\/wp\/v2\/product_tag?post=4456"}],"curies":[{"name":"wp","href":"https:\/\/api.w.org\/{rel}","templated":true}]}}