{"id":4457,"date":"2024-01-02T10:54:03","date_gmt":"2024-01-02T10:54:03","guid":{"rendered":"https:\/\/unkrautmarkt.com\/narco1\/?post_type=product&#038;p=4457"},"modified":"2025-06-08T23:15:41","modified_gmt":"2025-06-08T23:15:41","slug":"amnesie-jelly-hash","status":"publish","type":"product","link":"https:\/\/poudresdenarco.com\/hu\/termek\/amnezias-zseles-hasis\/","title":{"rendered":"Amn\u00e9zia Jelly Hash"},"content":{"rendered":"<h2><strong><span style=\"vertical-align: inherit;\"><span style=\"vertical-align: inherit;\">V\u00e1s\u00e1roljon Amnesia Jelly Hash online<\/span><\/span><\/strong><\/h2>\n<h3><strong><span style=\"vertical-align: inherit;\"><span style=\"vertical-align: inherit;\">LEGJOBB MIN\u0150S\u00c9G\u0170 CBD HASHUNK<\/span><\/span><\/strong><\/h3>\n<ul>\n<li><span style=\"vertical-align: inherit;\"><span style=\"vertical-align: inherit;\">Nagyon er\u0151s feny\u0151terp\u00e9nek.<\/span><\/span><\/li>\n<li><span style=\"vertical-align: inherit;\"><span style=\"vertical-align: inherit;\">Sativa terp\u00e9nek.<\/span><\/span><\/li>\n<li><span style=\"vertical-align: inherit;\"><span style=\"vertical-align: inherit;\">Nagyon magas CBD tartalom<\/span><\/span><\/li>\n<li><span style=\"vertical-align: inherit;\"><span style=\"vertical-align: inherit;\">Bio, GMO-mentes, n\u00f6v\u00e9nyv\u00e9d\u0151szer-mentes<\/span><\/span><\/li>\n<li><span style=\"vertical-align: inherit;\"><span style=\"vertical-align: inherit;\">\u00cdzletes \u00edz<\/span><\/span><\/li>\n<li><span style=\"vertical-align: inherit;\"><span style=\"vertical-align: inherit;\">100% kender eredet\u0171<\/span><\/span><\/li>\n<\/ul>\n<p><span style=\"vertical-align: inherit;\"><span style=\"vertical-align: inherit;\">Belt\u00e9rben, k\u00f6zvetlen\u00fcl a kl\u00f3noz\u00f3szekr\u00e9nyb\u0151l kil\u00e9pve, az Amnesia Haze kifejezi a szativa f\u0151 tulajdons\u00e1gait, \u00e9s hajlamos jelent\u0151sen megny\u00falni, k\u00fcl\u00f6n\u00f6sen 12 \u00f3r\u00e1s f\u00e9nyviszonyok mellett.<\/span><\/span><\/p>\n<p><span style=\"vertical-align: inherit;\"><span style=\"vertical-align: inherit;\">Az Amnesia Haze jobban szereti, ha j\u00f3l t\u00e1pl\u00e1lkozik, de gyorsan a m\u00e9rgez\u0151 z\u00f3n\u00e1ba ker\u00fclhet, mint sok m\u00e1s szativa. Ez\u00e9rt a t\u00e1panyagok m\u00e9r\u00e9s\u00e9n\u00e9l \u00e9rdemes k\u00f6r\u00fcltekint\u0151en elj\u00e1rni.<\/span><\/span><\/p>\n<p><span style=\"vertical-align: inherit;\"><span style=\"vertical-align: inherit;\">Amikor vir\u00e1gzik a szezon, ez val\u00f3ban a t\u00fcrelem j\u00e1t\u00e9ka. Tizenk\u00e9t h\u00e9tbe telhet, mire a v\u00e9kony level\u0171 hossz\u00fa bimb\u00f3k teljesen kiny\u00edlnak. N\u00e9h\u00e1ny ig\u00e9nyes tulajdons\u00e1g h\u00fasz is eltarthat!<\/span><\/span><\/p>\n<p><span style=\"vertical-align: inherit;\"><span style=\"vertical-align: inherit;\">A n\u00f6v\u00e9nyek lassan n\u0151nek, de ha igen, akkor kiel\u00e9g\u00edt\u0151en s\u0171r\u0171 \u00e9s gy\u00f6ny\u00f6r\u0171en krist\u00e1lyosodott term\u00e9ket adnak, amely 600 g\/m\u00b2 s\u00faly\u00fa 600 W-os vil\u00e1g\u00edt\u00e1s mellett. biohasznosul\u00e1s. Ez minden benne van! Tekintse meg teljes \u00fatmutat\u00f3nkat a CBD hash haszn\u00e1lat\u00e1r\u00f3l itt.<\/span><\/span><\/p>","protected":false},"excerpt":{"rendered":"<p>Buy Amnesia Jelly Hash Online OUR HIGHEST QUALITY CBD HASH Very strong pine terpenes. Sativa terpenes. Very high CBD content Organic, GMO-free, pesticide-free Delicious flavor 100% hemp derived Indoors, right out of the cloning closet, Amnesia Haze expresses major sativa traits and tends to stretch significantly, especially under 12-hour lighting conditions. Amnesia Haze prefers to&hellip;<\/p>","protected":false},"featured_media":4529,"comment_status":"open","ping_status":"closed","template":"","meta":{"_joinchat":[]},"product_cat":[474],"product_tag":[],"class_list":{"0":"post-4457","1":"product","2":"type-product","3":"status-publish","4":"has-post-thumbnail","6":"product_cat-haschisch","8":"first","9":"instock","10":"shipping-taxable","11":"purchasable","12":"product-type-variable","13":"col-xs-6 col-sm-4","14":"col-md-3 col-lg-3","15":"un-4-cols"},"yoast_head":"<!-- This site is optimized with the Yoast SEO plugin v23.8 - https:\/\/yoast.com\/wordpress\/plugins\/seo\/ -->\n<title>Amnesia Jelly Hash \u00e0 vendre - Acheter Amnesia Jelly Hash en ligne<\/title>\n<meta name=\"description\" content=\"Achetez Amnesia Jelly Hash en vente dans l&#039;une des meilleures boutiques en ligne PoudresDenarco. Nous vous aiderons \u00e0 acheter Amnesia Jelly Hash en ligne de haute qualit\u00e9. Ne tardez pas \u00e0 passer votre commande et profitez des derni\u00e8res r\u00e9ductions !\" \/>\n<meta name=\"robots\" content=\"index, follow, max-snippet:-1, max-image-preview:large, max-video-preview:-1\" \/>\n<link rel=\"canonical\" href=\"https:\/\/poudresdenarco.com\/hu\/termek\/amnezias-zseles-hasis\/\" \/>\n<meta property=\"og:locale\" content=\"hu_HU\" \/>\n<meta property=\"og:type\" content=\"article\" \/>\n<meta property=\"og:title\" content=\"Amnesia Jelly Hash \u00e0 vendre - Acheter Amnesia Jelly Hash en ligne\" \/>\n<meta property=\"og:description\" content=\"Achetez Amnesia Jelly Hash en vente dans l&#039;une des meilleures boutiques en ligne PoudresDenarco. Nous vous aiderons \u00e0 acheter Amnesia Jelly Hash en ligne de haute qualit\u00e9. Ne tardez pas \u00e0 passer votre commande et profitez des derni\u00e8res r\u00e9ductions !\" \/>\n<meta property=\"og:url\" content=\"https:\/\/poudresdenarco.com\/hu\/termek\/amnezias-zseles-hasis\/\" \/>\n<meta property=\"og:site_name\" content=\"Poudresde Narco\" \/>\n<meta property=\"article:modified_time\" content=\"2025-06-08T23:15:41+00:00\" \/>\n<meta property=\"og:image\" content=\"https:\/\/poudresdenarco.com\/wp-content\/uploads\/2024\/01\/AMNESIA-JELLY-HASH-1.jpg\" \/>\n\t<meta property=\"og:image:width\" content=\"600\" \/>\n\t<meta property=\"og:image:height\" content=\"600\" \/>\n\t<meta property=\"og:image:type\" content=\"image\/jpeg\" \/>\n<meta name=\"twitter:card\" content=\"summary_large_image\" \/>\n<meta name=\"twitter:label1\" content=\"Becs\u00fclt olvas\u00e1si id\u0151\" \/>\n\t<meta name=\"twitter:data1\" content=\"1 perc\" \/>\n<script type=\"application\/ld+json\" class=\"yoast-schema-graph\">{\"@context\":\"https:\/\/schema.org\",\"@graph\":[{\"@type\":\"WebPage\",\"@id\":\"https:\/\/poudresdenarco.com\/produit\/amnesie-jelly-hash\/\",\"url\":\"https:\/\/poudresdenarco.com\/produit\/amnesie-jelly-hash\/\",\"name\":\"Amnesia Jelly Hash \u00e0 vendre - Acheter Amnesia Jelly Hash en ligne\",\"isPartOf\":{\"@id\":\"https:\/\/poudresdenarco.com\/#website\"},\"primaryImageOfPage\":{\"@id\":\"https:\/\/poudresdenarco.com\/produit\/amnesie-jelly-hash\/#primaryimage\"},\"image\":{\"@id\":\"https:\/\/poudresdenarco.com\/produit\/amnesie-jelly-hash\/#primaryimage\"},\"thumbnailUrl\":\"https:\/\/poudresdenarco.com\/wp-content\/uploads\/2024\/01\/AMNESIA-JELLY-HASH-1.jpg\",\"datePublished\":\"2024-01-02T10:54:03+00:00\",\"dateModified\":\"2025-06-08T23:15:41+00:00\",\"description\":\"Achetez Amnesia Jelly Hash en vente dans l'une des meilleures boutiques en ligne PoudresDenarco. Nous vous aiderons \u00e0 acheter Amnesia Jelly Hash en ligne de haute qualit\u00e9. Ne tardez pas \u00e0 passer votre commande et profitez des derni\u00e8res r\u00e9ductions !\",\"breadcrumb\":{\"@id\":\"https:\/\/poudresdenarco.com\/produit\/amnesie-jelly-hash\/#breadcrumb\"},\"inLanguage\":\"hu\",\"potentialAction\":[{\"@type\":\"ReadAction\",\"target\":[\"https:\/\/poudresdenarco.com\/produit\/amnesie-jelly-hash\/\"]}]},{\"@type\":\"ImageObject\",\"inLanguage\":\"hu\",\"@id\":\"https:\/\/poudresdenarco.com\/produit\/amnesie-jelly-hash\/#primaryimage\",\"url\":\"https:\/\/poudresdenarco.com\/wp-content\/uploads\/2024\/01\/AMNESIA-JELLY-HASH-1.jpg\",\"contentUrl\":\"https:\/\/poudresdenarco.com\/wp-content\/uploads\/2024\/01\/AMNESIA-JELLY-HASH-1.jpg\",\"width\":600,\"height\":600,\"caption\":\"Achetez AMNESIA-JELLY-HASH en ligne\"},{\"@type\":\"BreadcrumbList\",\"@id\":\"https:\/\/poudresdenarco.com\/produit\/amnesie-jelly-hash\/#breadcrumb\",\"itemListElement\":[{\"@type\":\"ListItem\",\"position\":1,\"name\":\"Home\",\"item\":\"https:\/\/poudresdenarco.com\/\"},{\"@type\":\"ListItem\",\"position\":2,\"name\":\"Boutique\",\"item\":\"https:\/\/poudresdenarco.com\/boutique\/\"},{\"@type\":\"ListItem\",\"position\":3,\"name\":\"Amn\u00e9sie Jelly Hash\"}]},{\"@type\":\"WebSite\",\"@id\":\"https:\/\/poudresdenarco.com\/#website\",\"url\":\"https:\/\/poudresdenarco.com\/\",\"name\":\"Poudresde Narco\",\"description\":\"Acheter de la coca\u00efne et de l&#039;h\u00e9ro\u00efne en ligne\",\"potentialAction\":[{\"@type\":\"SearchAction\",\"target\":{\"@type\":\"EntryPoint\",\"urlTemplate\":\"https:\/\/poudresdenarco.com\/?s={search_term_string}\"},\"query-input\":{\"@type\":\"PropertyValueSpecification\",\"valueRequired\":true,\"valueName\":\"search_term_string\"}}],\"inLanguage\":\"hu\"}]}<\/script>\n<!-- \/ Yoast SEO plugin. -->","yoast_head_json":{"title":"Amnesia Jelly Hash \u00e0 vendre - Acheter Amnesia Jelly Hash en ligne","description":"Achetez Amnesia Jelly Hash en vente dans l'une des meilleures boutiques en ligne PoudresDenarco. Nous vous aiderons \u00e0 acheter Amnesia Jelly Hash en ligne de haute qualit\u00e9. Ne tardez pas \u00e0 passer votre commande et profitez des derni\u00e8res r\u00e9ductions !","robots":{"index":"index","follow":"follow","max-snippet":"max-snippet:-1","max-image-preview":"max-image-preview:large","max-video-preview":"max-video-preview:-1"},"canonical":"https:\/\/poudresdenarco.com\/hu\/termek\/amnezias-zseles-hasis\/","og_locale":"hu_HU","og_type":"article","og_title":"Amnesia Jelly Hash \u00e0 vendre - Acheter Amnesia Jelly Hash en ligne","og_description":"Achetez Amnesia Jelly Hash en vente dans l'une des meilleures boutiques en ligne PoudresDenarco. Nous vous aiderons \u00e0 acheter Amnesia Jelly Hash en ligne de haute qualit\u00e9. Ne tardez pas \u00e0 passer votre commande et profitez des derni\u00e8res r\u00e9ductions !","og_url":"https:\/\/poudresdenarco.com\/hu\/termek\/amnezias-zseles-hasis\/","og_site_name":"Poudresde Narco","article_modified_time":"2025-06-08T23:15:41+00:00","og_image":[{"width":600,"height":600,"url":"https:\/\/poudresdenarco.com\/wp-content\/uploads\/2024\/01\/AMNESIA-JELLY-HASH-1.jpg","type":"image\/jpeg"}],"twitter_card":"summary_large_image","twitter_misc":{"Becs\u00fclt olvas\u00e1si id\u0151":"1 perc"},"schema":{"@context":"https:\/\/schema.org","@graph":[{"@type":"WebPage","@id":"https:\/\/poudresdenarco.com\/produit\/amnesie-jelly-hash\/","url":"https:\/\/poudresdenarco.com\/produit\/amnesie-jelly-hash\/","name":"Amnesia Jelly Hash \u00e0 vendre - Acheter Amnesia Jelly Hash en ligne","isPartOf":{"@id":"https:\/\/poudresdenarco.com\/#website"},"primaryImageOfPage":{"@id":"https:\/\/poudresdenarco.com\/produit\/amnesie-jelly-hash\/#primaryimage"},"image":{"@id":"https:\/\/poudresdenarco.com\/produit\/amnesie-jelly-hash\/#primaryimage"},"thumbnailUrl":"https:\/\/poudresdenarco.com\/wp-content\/uploads\/2024\/01\/AMNESIA-JELLY-HASH-1.jpg","datePublished":"2024-01-02T10:54:03+00:00","dateModified":"2025-06-08T23:15:41+00:00","description":"Achetez Amnesia Jelly Hash en vente dans l'une des meilleures boutiques en ligne PoudresDenarco. Nous vous aiderons \u00e0 acheter Amnesia Jelly Hash en ligne de haute qualit\u00e9. Ne tardez pas \u00e0 passer votre commande et profitez des derni\u00e8res r\u00e9ductions !","breadcrumb":{"@id":"https:\/\/poudresdenarco.com\/produit\/amnesie-jelly-hash\/#breadcrumb"},"inLanguage":"hu","potentialAction":[{"@type":"ReadAction","target":["https:\/\/poudresdenarco.com\/produit\/amnesie-jelly-hash\/"]}]},{"@type":"ImageObject","inLanguage":"hu","@id":"https:\/\/poudresdenarco.com\/produit\/amnesie-jelly-hash\/#primaryimage","url":"https:\/\/poudresdenarco.com\/wp-content\/uploads\/2024\/01\/AMNESIA-JELLY-HASH-1.jpg","contentUrl":"https:\/\/poudresdenarco.com\/wp-content\/uploads\/2024\/01\/AMNESIA-JELLY-HASH-1.jpg","width":600,"height":600,"caption":"Achetez AMNESIA-JELLY-HASH en ligne"},{"@type":"BreadcrumbList","@id":"https:\/\/poudresdenarco.com\/produit\/amnesie-jelly-hash\/#breadcrumb","itemListElement":[{"@type":"ListItem","position":1,"name":"Home","item":"https:\/\/poudresdenarco.com\/"},{"@type":"ListItem","position":2,"name":"Boutique","item":"https:\/\/poudresdenarco.com\/boutique\/"},{"@type":"ListItem","position":3,"name":"Amn\u00e9sie Jelly Hash"}]},{"@type":"WebSite","@id":"https:\/\/poudresdenarco.com\/#website","url":"https:\/\/poudresdenarco.com\/","name":"Poudresde Narco","description":"Acheter de la coca\u00efne et de l&#039;h\u00e9ro\u00efne en ligne","potentialAction":[{"@type":"SearchAction","target":{"@type":"EntryPoint","urlTemplate":"https:\/\/poudresdenarco.com\/?s={search_term_string}"},"query-input":{"@type":"PropertyValueSpecification","valueRequired":true,"valueName":"search_term_string"}}],"inLanguage":"hu"}]}},"_links":{"self":[{"href":"https:\/\/poudresdenarco.com\/hu\/wp-json\/wp\/v2\/product\/4457","targetHints":{"allow":["GET"]}}],"collection":[{"href":"https:\/\/poudresdenarco.com\/hu\/wp-json\/wp\/v2\/product"}],"about":[{"href":"https:\/\/poudresdenarco.com\/hu\/wp-json\/wp\/v2\/types\/product"}],"replies":[{"embeddable":true,"href":"https:\/\/poudresdenarco.com\/hu\/wp-json\/wp\/v2\/comments?post=4457"}],"wp:featuredmedia":[{"embeddable":true,"href":"https:\/\/poudresdenarco.com\/hu\/wp-json\/wp\/v2\/media\/4529"}],"wp:attachment":[{"href":"https:\/\/poudresdenarco.com\/hu\/wp-json\/wp\/v2\/media?parent=4457"}],"wp:term":[{"taxonomy":"product_cat","embeddable":true,"href":"https:\/\/poudresdenarco.com\/hu\/wp-json\/wp\/v2\/product_cat?post=4457"},{"taxonomy":"product_tag","embeddable":true,"href":"https:\/\/poudresdenarco.com\/hu\/wp-json\/wp\/v2\/product_tag?post=4457"}],"curies":[{"name":"wp","href":"https:\/\/api.w.org\/{rel}","templated":true}]}}