{"id":4459,"date":"2024-01-02T10:58:31","date_gmt":"2024-01-02T10:58:31","guid":{"rendered":"https:\/\/unkrautmarkt.com\/narco1\/?post_type=product&#038;p=4459"},"modified":"2025-04-05T23:33:57","modified_gmt":"2025-04-05T23:33:57","slug":"fendi-et-hachage","status":"publish","type":"product","link":"https:\/\/poudresdenarco.com\/hu\/termek\/fendi-es-apritas\/","title":{"rendered":"Fendi \u00c9S Hachage"},"content":{"rendered":"<h2><strong><span style=\"vertical-align: inherit;\"><span style=\"vertical-align: inherit;\">V\u00e1s\u00e1roljon Fendi OG Hash-t online<\/span><\/span><\/strong><\/h2>\n<p><span style=\"vertical-align: inherit;\"><span style=\"vertical-align: inherit;\">Fendi Hash online rendel\u00e9se Eur\u00f3p\u00e1ban Fendi Hash Eur\u00f3p\u00e1ban elad\u00f3 Hol szerezhetem be Eur\u00f3p\u00e1ban a Fendi Hash-t online? Szerezze be a Fendi Hash-t online az Egyes\u00fclt Kir\u00e1lys\u00e1gban. Olyan kiv\u00e1l\u00f3 min\u0151s\u00e9g\u0171 hash-t keres, amelyet egyszer\u0171en az ajt\u00f3hoz sz\u00e1ll\u00edthat? Csak l\u00e1togasson el a Buy My Weed Online oldalra. V\u00e1lasszon az AAAAA \u00e9s AAAA min\u0151s\u00e9g\u0171 afg\u00e1n \u00e9s marokk\u00f3i hashek sz\u00e9les v\u00e1laszt\u00e9k\u00e1b\u00f3l, b\u00f6ng\u00e9szve gy\u00f3gyszert\u00e1runkban. Most minden eddigin\u00e9l egyszer\u0171bben v\u00e1s\u00e1rolhat online hash-t. \u00cdme az \u00fatmutat\u00f3 a kannabiszterm\u00e9kek ezen egyedi t\u00edpus\u00e1hoz, ha m\u00e9g nem ismeri a kannabisz online v\u00e1s\u00e1rl\u00e1s\u00e1t, \u00e9s az \u00d6n sz\u00e1m\u00e1ra el\u00e9rhet\u0151 k\u00fcl\u00f6nb\u00f6z\u0151 t\u00edpus\u00fa marihu\u00e1naterm\u00e9keket. Ismerje meg, mi az a hash, \u00e9s hogyan kell haszn\u00e1lni a napi kannabisz-k\u00far\u00e1ban.<\/span><\/span><\/p>\n<p><span style=\"vertical-align: inherit;\"><span style=\"vertical-align: inherit;\">Az online v\u00e1s\u00e1rl\u00e1s el\u0151tt elengedhetetlen annak meg\u00e9rt\u00e9se, hogy val\u00f3j\u00e1ban mi a hash, hogyan kapcsol\u00f3dik a kannabiszhoz, \u00e9s miben k\u00fcl\u00f6nb\u00f6zik m\u00e1s marihu\u00e1naterm\u00e9kekt\u0151l. A hasis, amely a \u201ehasis\u201d r\u00f6vid\u00edt\u00e9se, egy marihu\u00e1nan\u00f6v\u00e9ny gyant\u00e1j\u00e1nak lep\u00e1rl\u00e1s\u00e1val el\u0151\u00e1ll\u00edtott kannabiszkoncentr\u00e1tum. Ezt \u00fagy \u00e9rik el, hogy lev\u00e1gj\u00e1k a trichom\u00e1kat vagy gyantamirigyeket egy kannabiszn\u00f6v\u00e9ny vir\u00e1gaib\u00f3l. Azok a vegy\u00fcletek, amelyekr\u0151l \u00fagy gondolj\u00e1k, hogy a marihu\u00e1naterm\u00e9kek jellegzetes tulajdons\u00e1gait \u00e9s tulajdons\u00e1gaikat adj\u00e1k, a terp\u00e9nek \u00e9s a kannabinoidok ezekben a trichomokban tal\u00e1lhat\u00f3k a legmagasabb koncentr\u00e1ci\u00f3ban. A hash figyelemre m\u00e9lt\u00f3 k\u00e9pess\u00e9ggel rendelkezik, hogy a kannabiszhaszn\u00e1l\u00f3kat er\u0151teljes euf\u00f3rikus \u00e9s ter\u00e1pi\u00e1s hat\u00e1sokkal l\u00e1ssa el a magas terp\u00e9nek \u00e9s kannabinoidok koncentr\u00e1ci\u00f3ja miatt. Fendi ET Hachage<\/span><\/span><\/p>\n<p><span style=\"vertical-align: inherit;\"><span style=\"vertical-align: inherit;\">A hash mindig is klasszikus volt, \u00e9s tov\u00e1bbra is az egyik legn\u00e9pszer\u0171bb t\u00edpus. Jelenleg t\u00f6bb sz\u00e1z kannabiszkoncentr\u00e1tum \u00e1ll rendelkez\u00e9sre. A massz\u00edv, fekete, t\u00e9glaszer\u0171 megjelen\u00e9s\u0171 hash-t gyakran v\u00e1lasztj\u00e1k a kannabiszrajong\u00f3k, akik a vir\u00e1gokn\u00e1l er\u0151sebb term\u00e9ket keresnek.<\/span><\/span><\/p>\n<p><span style=\"vertical-align: inherit;\"><span style=\"vertical-align: inherit;\">A hash egy nagyon er\u0151s \u00e9s sokoldal\u00fa anyag, amely sz\u00e1mos egyedi, \u00e9lvezetes \u00e9s kreat\u00edv m\u00f3don haszn\u00e1lhat\u00f3. A t\u00e1lban vagy \u00edz\u00fcletben val\u00f3 f\u00fcst\u00f6l\u00e9s azonban tov\u00e1bbra is a hagyom\u00e1nyos m\u00f3dszer.<\/span><\/span><\/p>\n<p><span style=\"vertical-align: inherit;\"><span style=\"vertical-align: inherit;\">Fendi Hash online rendel\u00e9se Eur\u00f3p\u00e1ban Fendi Hash Eur\u00f3p\u00e1ban elad\u00f3 Hol szerezhetem be Eur\u00f3p\u00e1ban a Fendi Hash-t online? Fendi Hash V\u00e1s\u00e1roljon online magyarul<\/span><\/span><\/p>\n<p><span style=\"vertical-align: inherit;\"><span style=\"vertical-align: inherit;\">Er\u0151sen javasoljuk, hogy a hash-t n\u00e9h\u00e1ny sz\u00e1raz f\u0171szern\u00f6v\u00e9nnyel kombin\u00e1lja, ha egy \u00edz\u00fcletben szeretn\u00e9 elsz\u00edvni. Mivel a hash \u00f6nmag\u00e1ban nem el\u00e9g hat\u00e9konyan, \u00e9s val\u00f3sz\u00edn\u0171leg nem fogja el\u00e9rni a k\u00edv\u00e1nt eredm\u00e9nyt, t\u00f6bbre lesz sz\u00fcks\u00e9ge bel\u0151le.<\/span><\/span><\/p>\n<p><span style=\"vertical-align: inherit;\"><span style=\"vertical-align: inherit;\">Az \u00edz\u00fcletben elsz\u00edvni egyszer\u0171. El\u0151sz\u00f6r tekerjen egy kicsit kev\u00e9sb\u00e9 telt \u00edz\u00fcletet, majd k\u00e9sz\u00edtsen egy kis hash-t, hogy morzsoljon \u00e9s \u00e9lvezze. A kannabisz egyenletesen fog \u00e9gni, \u00e9s a hash THC-ben gazdag hat\u00e1sai r\u00f6viddel ezut\u00e1n kezdenek \u00e9rv\u00e9nyes\u00fclni. V\u00e1s\u00e1roljon Fendi ET Hachage online\u00a0<\/span><\/span><\/p>\n<p><span style=\"vertical-align: inherit;\"><span style=\"vertical-align: inherit;\">Hasonl\u00f3k\u00e9ppen f\u00fcst\u00f6lheti a hash-t egy t\u00e1lban, ha egyszer\u0171en r\u00e1sz\u00f3rja a t\u00e1lba \u00f6nt\u00f6tt doh\u00e1nyra vagy r\u00fcgyekre. Gy\u00fajtsa meg a t\u00e1lat, csapjon be, \u00e9s egyszer\u0171en \u00e9lvezze egy\u00fctt a hash \u00e9s a kannabisz megn\u00f6velt el\u0151nyeit.<\/span><\/span><\/p>","protected":false},"excerpt":{"rendered":"<p>Buy Fendi OG Hash online Order Fendi Hashing Online in Europe Fendi Hash in Europe for Sale Where in Europe can I get Fendi Hash online? Get Fendi Hash online in the UK. Are you looking to find high-quality hash that can be easily delivered straight to your door? Just visit Buy My Weed Online.&hellip;<\/p>","protected":false},"featured_media":4530,"comment_status":"open","ping_status":"closed","template":"","meta":{"_joinchat":[]},"product_cat":[474],"product_tag":[],"class_list":{"0":"post-4459","1":"product","2":"type-product","3":"status-publish","4":"has-post-thumbnail","6":"product_cat-haschisch","8":"first","9":"instock","10":"shipping-taxable","11":"purchasable","12":"product-type-variable","13":"col-xs-6 col-sm-4","14":"col-md-3 col-lg-3","15":"un-4-cols"},"yoast_head":"<!-- This site is optimized with the Yoast SEO plugin v23.8 - https:\/\/yoast.com\/wordpress\/plugins\/seo\/ -->\n<title>Acheter Fendi et Hash en ligne - Fendi et Hash \u00e0 vendre | PD<\/title>\n<meta name=\"description\" content=\"D\u00e9couvrez les produits Fendi et Hash de premier ordre en vente dans notre boutique en ligne - achetez Fendi et Hash de mani\u00e8re pratique et s\u00e9curis\u00e9e pour alimenter vos recherches. Explorez et commandez Fendi et Hash en ligne, faisant progresser vos efforts scientifiques en toute simplicit\u00e9. Commandez maintenant !\" \/>\n<meta name=\"robots\" content=\"index, follow, max-snippet:-1, max-image-preview:large, max-video-preview:-1\" \/>\n<link rel=\"canonical\" href=\"https:\/\/poudresdenarco.com\/hu\/termek\/fendi-es-apritas\/\" \/>\n<meta property=\"og:locale\" content=\"hu_HU\" \/>\n<meta property=\"og:type\" content=\"article\" \/>\n<meta property=\"og:title\" content=\"Acheter Fendi et Hash en ligne - Fendi et Hash \u00e0 vendre | PD\" \/>\n<meta property=\"og:description\" content=\"D\u00e9couvrez les produits Fendi et Hash de premier ordre en vente dans notre boutique en ligne - achetez Fendi et Hash de mani\u00e8re pratique et s\u00e9curis\u00e9e pour alimenter vos recherches. Explorez et commandez Fendi et Hash en ligne, faisant progresser vos efforts scientifiques en toute simplicit\u00e9. Commandez maintenant !\" \/>\n<meta property=\"og:url\" content=\"https:\/\/poudresdenarco.com\/hu\/termek\/fendi-es-apritas\/\" \/>\n<meta property=\"og:site_name\" content=\"Poudresde Narco\" \/>\n<meta property=\"article:modified_time\" content=\"2025-04-05T23:33:57+00:00\" \/>\n<meta property=\"og:image\" content=\"https:\/\/poudresdenarco.com\/wp-content\/uploads\/2024\/01\/FENDI-OG-HASH.jpg\" \/>\n\t<meta property=\"og:image:width\" content=\"600\" \/>\n\t<meta property=\"og:image:height\" content=\"600\" \/>\n\t<meta property=\"og:image:type\" content=\"image\/jpeg\" \/>\n<meta name=\"twitter:card\" content=\"summary_large_image\" \/>\n<meta name=\"twitter:label1\" content=\"Becs\u00fclt olvas\u00e1si id\u0151\" \/>\n\t<meta name=\"twitter:data1\" content=\"3 perc\" \/>\n<script type=\"application\/ld+json\" class=\"yoast-schema-graph\">{\"@context\":\"https:\/\/schema.org\",\"@graph\":[{\"@type\":\"WebPage\",\"@id\":\"https:\/\/poudresdenarco.com\/produit\/fendi-et-hachage\/\",\"url\":\"https:\/\/poudresdenarco.com\/produit\/fendi-et-hachage\/\",\"name\":\"Acheter Fendi et Hash en ligne - Fendi et Hash \u00e0 vendre | PD\",\"isPartOf\":{\"@id\":\"https:\/\/poudresdenarco.com\/#website\"},\"primaryImageOfPage\":{\"@id\":\"https:\/\/poudresdenarco.com\/produit\/fendi-et-hachage\/#primaryimage\"},\"image\":{\"@id\":\"https:\/\/poudresdenarco.com\/produit\/fendi-et-hachage\/#primaryimage\"},\"thumbnailUrl\":\"https:\/\/poudresdenarco.com\/wp-content\/uploads\/2024\/01\/FENDI-OG-HASH.jpg\",\"datePublished\":\"2024-01-02T10:58:31+00:00\",\"dateModified\":\"2025-04-05T23:33:57+00:00\",\"description\":\"D\u00e9couvrez les produits Fendi et Hash de premier ordre en vente dans notre boutique en ligne - achetez Fendi et Hash de mani\u00e8re pratique et s\u00e9curis\u00e9e pour alimenter vos recherches. Explorez et commandez Fendi et Hash en ligne, faisant progresser vos efforts scientifiques en toute simplicit\u00e9. Commandez maintenant !\",\"breadcrumb\":{\"@id\":\"https:\/\/poudresdenarco.com\/produit\/fendi-et-hachage\/#breadcrumb\"},\"inLanguage\":\"hu\",\"potentialAction\":[{\"@type\":\"ReadAction\",\"target\":[\"https:\/\/poudresdenarco.com\/produit\/fendi-et-hachage\/\"]}]},{\"@type\":\"ImageObject\",\"inLanguage\":\"hu\",\"@id\":\"https:\/\/poudresdenarco.com\/produit\/fendi-et-hachage\/#primaryimage\",\"url\":\"https:\/\/poudresdenarco.com\/wp-content\/uploads\/2024\/01\/FENDI-OG-HASH.jpg\",\"contentUrl\":\"https:\/\/poudresdenarco.com\/wp-content\/uploads\/2024\/01\/FENDI-OG-HASH.jpg\",\"width\":600,\"height\":600,\"caption\":\"Achetez FENDI-AND-HASH en ligne\"},{\"@type\":\"BreadcrumbList\",\"@id\":\"https:\/\/poudresdenarco.com\/produit\/fendi-et-hachage\/#breadcrumb\",\"itemListElement\":[{\"@type\":\"ListItem\",\"position\":1,\"name\":\"Home\",\"item\":\"https:\/\/poudresdenarco.com\/\"},{\"@type\":\"ListItem\",\"position\":2,\"name\":\"Boutique\",\"item\":\"https:\/\/poudresdenarco.com\/boutique\/\"},{\"@type\":\"ListItem\",\"position\":3,\"name\":\"Fendi ET Hachage\"}]},{\"@type\":\"WebSite\",\"@id\":\"https:\/\/poudresdenarco.com\/#website\",\"url\":\"https:\/\/poudresdenarco.com\/\",\"name\":\"Poudresde Narco\",\"description\":\"Acheter de la coca\u00efne et de l&#039;h\u00e9ro\u00efne en ligne\",\"potentialAction\":[{\"@type\":\"SearchAction\",\"target\":{\"@type\":\"EntryPoint\",\"urlTemplate\":\"https:\/\/poudresdenarco.com\/?s={search_term_string}\"},\"query-input\":{\"@type\":\"PropertyValueSpecification\",\"valueRequired\":true,\"valueName\":\"search_term_string\"}}],\"inLanguage\":\"hu\"}]}<\/script>\n<!-- \/ Yoast SEO plugin. -->","yoast_head_json":{"title":"Acheter Fendi et Hash en ligne - Fendi et Hash \u00e0 vendre | PD","description":"D\u00e9couvrez les produits Fendi et Hash de premier ordre en vente dans notre boutique en ligne - achetez Fendi et Hash de mani\u00e8re pratique et s\u00e9curis\u00e9e pour alimenter vos recherches. Explorez et commandez Fendi et Hash en ligne, faisant progresser vos efforts scientifiques en toute simplicit\u00e9. Commandez maintenant !","robots":{"index":"index","follow":"follow","max-snippet":"max-snippet:-1","max-image-preview":"max-image-preview:large","max-video-preview":"max-video-preview:-1"},"canonical":"https:\/\/poudresdenarco.com\/hu\/termek\/fendi-es-apritas\/","og_locale":"hu_HU","og_type":"article","og_title":"Acheter Fendi et Hash en ligne - Fendi et Hash \u00e0 vendre | PD","og_description":"D\u00e9couvrez les produits Fendi et Hash de premier ordre en vente dans notre boutique en ligne - achetez Fendi et Hash de mani\u00e8re pratique et s\u00e9curis\u00e9e pour alimenter vos recherches. Explorez et commandez Fendi et Hash en ligne, faisant progresser vos efforts scientifiques en toute simplicit\u00e9. Commandez maintenant !","og_url":"https:\/\/poudresdenarco.com\/hu\/termek\/fendi-es-apritas\/","og_site_name":"Poudresde Narco","article_modified_time":"2025-04-05T23:33:57+00:00","og_image":[{"width":600,"height":600,"url":"https:\/\/poudresdenarco.com\/wp-content\/uploads\/2024\/01\/FENDI-OG-HASH.jpg","type":"image\/jpeg"}],"twitter_card":"summary_large_image","twitter_misc":{"Becs\u00fclt olvas\u00e1si id\u0151":"3 perc"},"schema":{"@context":"https:\/\/schema.org","@graph":[{"@type":"WebPage","@id":"https:\/\/poudresdenarco.com\/produit\/fendi-et-hachage\/","url":"https:\/\/poudresdenarco.com\/produit\/fendi-et-hachage\/","name":"Acheter Fendi et Hash en ligne - Fendi et Hash \u00e0 vendre | PD","isPartOf":{"@id":"https:\/\/poudresdenarco.com\/#website"},"primaryImageOfPage":{"@id":"https:\/\/poudresdenarco.com\/produit\/fendi-et-hachage\/#primaryimage"},"image":{"@id":"https:\/\/poudresdenarco.com\/produit\/fendi-et-hachage\/#primaryimage"},"thumbnailUrl":"https:\/\/poudresdenarco.com\/wp-content\/uploads\/2024\/01\/FENDI-OG-HASH.jpg","datePublished":"2024-01-02T10:58:31+00:00","dateModified":"2025-04-05T23:33:57+00:00","description":"D\u00e9couvrez les produits Fendi et Hash de premier ordre en vente dans notre boutique en ligne - achetez Fendi et Hash de mani\u00e8re pratique et s\u00e9curis\u00e9e pour alimenter vos recherches. Explorez et commandez Fendi et Hash en ligne, faisant progresser vos efforts scientifiques en toute simplicit\u00e9. Commandez maintenant !","breadcrumb":{"@id":"https:\/\/poudresdenarco.com\/produit\/fendi-et-hachage\/#breadcrumb"},"inLanguage":"hu","potentialAction":[{"@type":"ReadAction","target":["https:\/\/poudresdenarco.com\/produit\/fendi-et-hachage\/"]}]},{"@type":"ImageObject","inLanguage":"hu","@id":"https:\/\/poudresdenarco.com\/produit\/fendi-et-hachage\/#primaryimage","url":"https:\/\/poudresdenarco.com\/wp-content\/uploads\/2024\/01\/FENDI-OG-HASH.jpg","contentUrl":"https:\/\/poudresdenarco.com\/wp-content\/uploads\/2024\/01\/FENDI-OG-HASH.jpg","width":600,"height":600,"caption":"Achetez FENDI-AND-HASH en ligne"},{"@type":"BreadcrumbList","@id":"https:\/\/poudresdenarco.com\/produit\/fendi-et-hachage\/#breadcrumb","itemListElement":[{"@type":"ListItem","position":1,"name":"Home","item":"https:\/\/poudresdenarco.com\/"},{"@type":"ListItem","position":2,"name":"Boutique","item":"https:\/\/poudresdenarco.com\/boutique\/"},{"@type":"ListItem","position":3,"name":"Fendi ET Hachage"}]},{"@type":"WebSite","@id":"https:\/\/poudresdenarco.com\/#website","url":"https:\/\/poudresdenarco.com\/","name":"Poudresde Narco","description":"Acheter de la coca\u00efne et de l&#039;h\u00e9ro\u00efne en ligne","potentialAction":[{"@type":"SearchAction","target":{"@type":"EntryPoint","urlTemplate":"https:\/\/poudresdenarco.com\/?s={search_term_string}"},"query-input":{"@type":"PropertyValueSpecification","valueRequired":true,"valueName":"search_term_string"}}],"inLanguage":"hu"}]}},"_links":{"self":[{"href":"https:\/\/poudresdenarco.com\/hu\/wp-json\/wp\/v2\/product\/4459","targetHints":{"allow":["GET"]}}],"collection":[{"href":"https:\/\/poudresdenarco.com\/hu\/wp-json\/wp\/v2\/product"}],"about":[{"href":"https:\/\/poudresdenarco.com\/hu\/wp-json\/wp\/v2\/types\/product"}],"replies":[{"embeddable":true,"href":"https:\/\/poudresdenarco.com\/hu\/wp-json\/wp\/v2\/comments?post=4459"}],"wp:featuredmedia":[{"embeddable":true,"href":"https:\/\/poudresdenarco.com\/hu\/wp-json\/wp\/v2\/media\/4530"}],"wp:attachment":[{"href":"https:\/\/poudresdenarco.com\/hu\/wp-json\/wp\/v2\/media?parent=4459"}],"wp:term":[{"taxonomy":"product_cat","embeddable":true,"href":"https:\/\/poudresdenarco.com\/hu\/wp-json\/wp\/v2\/product_cat?post=4459"},{"taxonomy":"product_tag","embeddable":true,"href":"https:\/\/poudresdenarco.com\/hu\/wp-json\/wp\/v2\/product_tag?post=4459"}],"curies":[{"name":"wp","href":"https:\/\/api.w.org\/{rel}","templated":true}]}}