{"id":4484,"date":"2024-01-02T11:23:10","date_gmt":"2024-01-02T11:23:10","guid":{"rendered":"https:\/\/unkrautmarkt.com\/narco1\/?post_type=product&#038;p=4484"},"modified":"2024-11-10T11:54:37","modified_gmt":"2024-11-10T11:54:37","slug":"zero-zero-pollen","status":"publish","type":"product","link":"https:\/\/poudresdenarco.com\/hu\/termek\/nulla-nulla-pollen\/","title":{"rendered":"Z\u00e9r\u00f3 z\u00e9r\u00f3 pollen"},"content":{"rendered":"<h2><strong>Zero Zero Pollen online megv\u00e1s\u00e1rl\u00e1sa<\/strong><\/h2>\n<p><strong>A TERM\u00c9K<\/strong> : A Double Zero a n\u00f6v\u00e9nyek els\u0151 szit\u00e1l\u00e1s\u00e1b\u00f3l sz\u00e1rmazik, \u00e9s egy pr\u00e9mium hasis. Ez magas CBD-tartalmat tesz lehet\u0151v\u00e9, \u00e9s nagyon kellemes sz\u00e1j\u00e9rzetet hagy maga ut\u00e1n. \u00d6ngy\u00fajt\u00f3val finoman meleg\u00edtve k\u00f6nnyen \u00f6sszeomlik, \u00edgy k\u00f6nnyen belekeverhet\u0151 a kever\u00e9kbe. T\u00f6k\u00e9letes a laz\u00edt\u00e1shoz \u00e9s a pihen\u00e9shez egy hossz\u00fa munkanap ut\u00e1n.<\/p>\n<h3><strong>A M\u00c1RKA<\/strong><\/h3>\n<p>A nemr\u00e9giben bemutatott Hash-Gang kollekci\u00f3 kiv\u00e9teles diz\u00e1jnja, valamint a t\u00e1ska belsej\u00e9ben tal\u00e1lhat\u00f3 tartalom kiv\u00e1l\u00f3 min\u0151s\u00e9ge meggy\u0151zi \u00d6nt. Hogy a legig\u00e9nyesebb fogyaszt\u00f3k is el\u00e9gedettek legyenek, vir\u00e1gpor- \u00e9s extrakci\u00f3s szakember\u00fcnk azonos\u00edtja a hasis \u00e9s a gyanta legjobb form\u00e1it. <a href=\"https:\/\/poudresdenarco.com\/hu\/termek\/nulla-nulla-pollen\/\">Zero Zero Pollen online megv\u00e1s\u00e1rl\u00e1sa<\/a><\/p>\n<h3><strong>Hash Gang<\/strong><\/h3>\n<p>B\u00edzunk a hasisban!<\/p>\n<p>Zero Zero<\/p>\n<p>A Zero Zero az egyik legismertebb hasisfajta Eur\u00f3p\u00e1ban, \u00e1llaga \u00e9s \u00edze miatt. Finom \u00e9s enyhe, \u00e9s a h\u00e1zi k\u00e9sz\u00edt\u00e9s\u0171 kijevi vagy jeges hasisra eml\u00e9keztet.<\/p>\n<p>S\u00f6t\u00e9tebb \u00e9s olajosabb, mint a tipikus marokk\u00f3i Hash, a nagyon finom vir\u00e1gpor \u00e9s a val\u00f3di kannabisz terp\u00e9nek seg\u00edts\u00e9g\u00e9vel egy nagyon n\u00e9pszer\u0171 \u00e9s megfizethet\u0151 fajt\u00e1t hozott l\u00e9tre. Kellemes kr\u00e9mes \u00edze van, kellemes \u00e9s sima.<\/p>\n<h3><strong>A t\u00e9nyek:<\/strong><\/h3>\n<ul>\n<li>% CBD \u00f6sszesen -10 %<\/li>\n<li>THC &lt; 0,01 %<\/li>\n<li>Eur\u00f3pai<\/li>\n<li>Nem pszichoakt\u00edv<\/li>\n<li>uni\u00f3s jogszab\u00e1lyok<\/li>\n<\/ul>","protected":false},"excerpt":{"rendered":"<p>Acheter Zero Zero Pollen en ligne LE PRODUIT : Double Zero est issu du premier tamisage des plantes et est un Haschisch premium. Cela permet une teneur \u00e9lev\u00e9e en CBD et laisse une sensation en bouche tr\u00e8s agr\u00e9able. Lorsqu&rsquo;il est chauff\u00e9 doucement avec un briquet, il s&rsquo;effritera facilement, ce qui le rendra simple \u00e0 incorporer&hellip;<\/p>","protected":false},"featured_media":4540,"comment_status":"open","ping_status":"closed","template":"","meta":{"_joinchat":[]},"product_cat":[474],"product_tag":[],"class_list":{"0":"post-4484","1":"product","2":"type-product","3":"status-publish","4":"has-post-thumbnail","6":"product_cat-haschisch","8":"first","9":"instock","10":"shipping-taxable","11":"purchasable","12":"product-type-variable","13":"col-xs-6 col-sm-4","14":"col-md-3 col-lg-3","15":"un-4-cols"},"yoast_head":"<!-- This site is optimized with the Yoast SEO plugin v23.8 - https:\/\/yoast.com\/wordpress\/plugins\/seo\/ -->\n<title>Achetez Zero Zero Pollen en ligne - Zero Zero Pollen \u00e0 vendre<\/title>\n<meta name=\"description\" content=\"Vous souhaitez approfondir vos recherches ? Achetez Zero Zero Pollen de mani\u00e8re pratique et s\u00e9curis\u00e9e en ligne, avec un processus de commande simple pour Zero Pollen \u00e0 vendre. Explorez les possibilit\u00e9s et achetez Zero Zero Pollen en ligne pour vos efforts de recherche d\u00e8s aujourd&#039;hui.\" \/>\n<meta name=\"robots\" content=\"index, follow, max-snippet:-1, max-image-preview:large, max-video-preview:-1\" \/>\n<link rel=\"canonical\" href=\"https:\/\/poudresdenarco.com\/hu\/termek\/nulla-nulla-pollen\/\" \/>\n<meta property=\"og:locale\" content=\"hu_HU\" \/>\n<meta property=\"og:type\" content=\"article\" \/>\n<meta property=\"og:title\" content=\"Achetez Zero Zero Pollen en ligne - Zero Zero Pollen \u00e0 vendre\" \/>\n<meta property=\"og:description\" content=\"Vous souhaitez approfondir vos recherches ? Achetez Zero Zero Pollen de mani\u00e8re pratique et s\u00e9curis\u00e9e en ligne, avec un processus de commande simple pour Zero Pollen \u00e0 vendre. Explorez les possibilit\u00e9s et achetez Zero Zero Pollen en ligne pour vos efforts de recherche d\u00e8s aujourd&#039;hui.\" \/>\n<meta property=\"og:url\" content=\"https:\/\/poudresdenarco.com\/hu\/termek\/nulla-nulla-pollen\/\" \/>\n<meta property=\"og:site_name\" content=\"Poudresde Narco\" \/>\n<meta property=\"article:modified_time\" content=\"2024-11-10T11:54:37+00:00\" \/>\n<meta property=\"og:image\" content=\"https:\/\/poudresdenarco.com\/wp-content\/uploads\/2024\/01\/ZERO-ZERO-POLLEN.jpg\" \/>\n\t<meta property=\"og:image:width\" content=\"600\" \/>\n\t<meta property=\"og:image:height\" content=\"600\" \/>\n\t<meta property=\"og:image:type\" content=\"image\/jpeg\" \/>\n<meta name=\"twitter:card\" content=\"summary_large_image\" \/>\n<meta name=\"twitter:label1\" content=\"Becs\u00fclt olvas\u00e1si id\u0151\" \/>\n\t<meta name=\"twitter:data1\" content=\"2 perc\" \/>\n<script type=\"application\/ld+json\" class=\"yoast-schema-graph\">{\"@context\":\"https:\/\/schema.org\",\"@graph\":[{\"@type\":\"WebPage\",\"@id\":\"https:\/\/poudresdenarco.com\/produit\/zero-zero-pollen\/\",\"url\":\"https:\/\/poudresdenarco.com\/produit\/zero-zero-pollen\/\",\"name\":\"Achetez Zero Zero Pollen en ligne - Zero Zero Pollen \u00e0 vendre\",\"isPartOf\":{\"@id\":\"https:\/\/poudresdenarco.com\/#website\"},\"primaryImageOfPage\":{\"@id\":\"https:\/\/poudresdenarco.com\/produit\/zero-zero-pollen\/#primaryimage\"},\"image\":{\"@id\":\"https:\/\/poudresdenarco.com\/produit\/zero-zero-pollen\/#primaryimage\"},\"thumbnailUrl\":\"https:\/\/poudresdenarco.com\/wp-content\/uploads\/2024\/01\/ZERO-ZERO-POLLEN.jpg\",\"datePublished\":\"2024-01-02T11:23:10+00:00\",\"dateModified\":\"2024-11-10T11:54:37+00:00\",\"description\":\"Vous souhaitez approfondir vos recherches ? Achetez Zero Zero Pollen de mani\u00e8re pratique et s\u00e9curis\u00e9e en ligne, avec un processus de commande simple pour Zero Pollen \u00e0 vendre. Explorez les possibilit\u00e9s et achetez Zero Zero Pollen en ligne pour vos efforts de recherche d\u00e8s aujourd'hui.\",\"breadcrumb\":{\"@id\":\"https:\/\/poudresdenarco.com\/produit\/zero-zero-pollen\/#breadcrumb\"},\"inLanguage\":\"hu\",\"potentialAction\":[{\"@type\":\"ReadAction\",\"target\":[\"https:\/\/poudresdenarco.com\/produit\/zero-zero-pollen\/\"]}]},{\"@type\":\"ImageObject\",\"inLanguage\":\"hu\",\"@id\":\"https:\/\/poudresdenarco.com\/produit\/zero-zero-pollen\/#primaryimage\",\"url\":\"https:\/\/poudresdenarco.com\/wp-content\/uploads\/2024\/01\/ZERO-ZERO-POLLEN.jpg\",\"contentUrl\":\"https:\/\/poudresdenarco.com\/wp-content\/uploads\/2024\/01\/ZERO-ZERO-POLLEN.jpg\",\"width\":600,\"height\":600,\"caption\":\"ZERO-ZERO-POLLEN\"},{\"@type\":\"BreadcrumbList\",\"@id\":\"https:\/\/poudresdenarco.com\/produit\/zero-zero-pollen\/#breadcrumb\",\"itemListElement\":[{\"@type\":\"ListItem\",\"position\":1,\"name\":\"Home\",\"item\":\"https:\/\/poudresdenarco.com\/\"},{\"@type\":\"ListItem\",\"position\":2,\"name\":\"Boutique\",\"item\":\"https:\/\/poudresdenarco.com\/boutique\/\"},{\"@type\":\"ListItem\",\"position\":3,\"name\":\"Z\u00e9ro Z\u00e9ro Pollen\"}]},{\"@type\":\"WebSite\",\"@id\":\"https:\/\/poudresdenarco.com\/#website\",\"url\":\"https:\/\/poudresdenarco.com\/\",\"name\":\"Poudresde Narco\",\"description\":\"Acheter de la coca\u00efne et de l&#039;h\u00e9ro\u00efne en ligne\",\"potentialAction\":[{\"@type\":\"SearchAction\",\"target\":{\"@type\":\"EntryPoint\",\"urlTemplate\":\"https:\/\/poudresdenarco.com\/?s={search_term_string}\"},\"query-input\":{\"@type\":\"PropertyValueSpecification\",\"valueRequired\":true,\"valueName\":\"search_term_string\"}}],\"inLanguage\":\"hu\"}]}<\/script>\n<!-- \/ Yoast SEO plugin. -->","yoast_head_json":{"title":"Achetez Zero Zero Pollen en ligne - Zero Zero Pollen \u00e0 vendre","description":"Vous souhaitez approfondir vos recherches ? Achetez Zero Zero Pollen de mani\u00e8re pratique et s\u00e9curis\u00e9e en ligne, avec un processus de commande simple pour Zero Pollen \u00e0 vendre. Explorez les possibilit\u00e9s et achetez Zero Zero Pollen en ligne pour vos efforts de recherche d\u00e8s aujourd'hui.","robots":{"index":"index","follow":"follow","max-snippet":"max-snippet:-1","max-image-preview":"max-image-preview:large","max-video-preview":"max-video-preview:-1"},"canonical":"https:\/\/poudresdenarco.com\/hu\/termek\/nulla-nulla-pollen\/","og_locale":"hu_HU","og_type":"article","og_title":"Achetez Zero Zero Pollen en ligne - Zero Zero Pollen \u00e0 vendre","og_description":"Vous souhaitez approfondir vos recherches ? Achetez Zero Zero Pollen de mani\u00e8re pratique et s\u00e9curis\u00e9e en ligne, avec un processus de commande simple pour Zero Pollen \u00e0 vendre. Explorez les possibilit\u00e9s et achetez Zero Zero Pollen en ligne pour vos efforts de recherche d\u00e8s aujourd'hui.","og_url":"https:\/\/poudresdenarco.com\/hu\/termek\/nulla-nulla-pollen\/","og_site_name":"Poudresde Narco","article_modified_time":"2024-11-10T11:54:37+00:00","og_image":[{"width":600,"height":600,"url":"https:\/\/poudresdenarco.com\/wp-content\/uploads\/2024\/01\/ZERO-ZERO-POLLEN.jpg","type":"image\/jpeg"}],"twitter_card":"summary_large_image","twitter_misc":{"Becs\u00fclt olvas\u00e1si id\u0151":"2 perc"},"schema":{"@context":"https:\/\/schema.org","@graph":[{"@type":"WebPage","@id":"https:\/\/poudresdenarco.com\/produit\/zero-zero-pollen\/","url":"https:\/\/poudresdenarco.com\/produit\/zero-zero-pollen\/","name":"Achetez Zero Zero Pollen en ligne - Zero Zero Pollen \u00e0 vendre","isPartOf":{"@id":"https:\/\/poudresdenarco.com\/#website"},"primaryImageOfPage":{"@id":"https:\/\/poudresdenarco.com\/produit\/zero-zero-pollen\/#primaryimage"},"image":{"@id":"https:\/\/poudresdenarco.com\/produit\/zero-zero-pollen\/#primaryimage"},"thumbnailUrl":"https:\/\/poudresdenarco.com\/wp-content\/uploads\/2024\/01\/ZERO-ZERO-POLLEN.jpg","datePublished":"2024-01-02T11:23:10+00:00","dateModified":"2024-11-10T11:54:37+00:00","description":"Vous souhaitez approfondir vos recherches ? Achetez Zero Zero Pollen de mani\u00e8re pratique et s\u00e9curis\u00e9e en ligne, avec un processus de commande simple pour Zero Pollen \u00e0 vendre. Explorez les possibilit\u00e9s et achetez Zero Zero Pollen en ligne pour vos efforts de recherche d\u00e8s aujourd'hui.","breadcrumb":{"@id":"https:\/\/poudresdenarco.com\/produit\/zero-zero-pollen\/#breadcrumb"},"inLanguage":"hu","potentialAction":[{"@type":"ReadAction","target":["https:\/\/poudresdenarco.com\/produit\/zero-zero-pollen\/"]}]},{"@type":"ImageObject","inLanguage":"hu","@id":"https:\/\/poudresdenarco.com\/produit\/zero-zero-pollen\/#primaryimage","url":"https:\/\/poudresdenarco.com\/wp-content\/uploads\/2024\/01\/ZERO-ZERO-POLLEN.jpg","contentUrl":"https:\/\/poudresdenarco.com\/wp-content\/uploads\/2024\/01\/ZERO-ZERO-POLLEN.jpg","width":600,"height":600,"caption":"ZERO-ZERO-POLLEN"},{"@type":"BreadcrumbList","@id":"https:\/\/poudresdenarco.com\/produit\/zero-zero-pollen\/#breadcrumb","itemListElement":[{"@type":"ListItem","position":1,"name":"Home","item":"https:\/\/poudresdenarco.com\/"},{"@type":"ListItem","position":2,"name":"Boutique","item":"https:\/\/poudresdenarco.com\/boutique\/"},{"@type":"ListItem","position":3,"name":"Z\u00e9ro Z\u00e9ro Pollen"}]},{"@type":"WebSite","@id":"https:\/\/poudresdenarco.com\/#website","url":"https:\/\/poudresdenarco.com\/","name":"Poudresde Narco","description":"Acheter de la coca\u00efne et de l&#039;h\u00e9ro\u00efne en ligne","potentialAction":[{"@type":"SearchAction","target":{"@type":"EntryPoint","urlTemplate":"https:\/\/poudresdenarco.com\/?s={search_term_string}"},"query-input":{"@type":"PropertyValueSpecification","valueRequired":true,"valueName":"search_term_string"}}],"inLanguage":"hu"}]}},"_links":{"self":[{"href":"https:\/\/poudresdenarco.com\/hu\/wp-json\/wp\/v2\/product\/4484","targetHints":{"allow":["GET"]}}],"collection":[{"href":"https:\/\/poudresdenarco.com\/hu\/wp-json\/wp\/v2\/product"}],"about":[{"href":"https:\/\/poudresdenarco.com\/hu\/wp-json\/wp\/v2\/types\/product"}],"replies":[{"embeddable":true,"href":"https:\/\/poudresdenarco.com\/hu\/wp-json\/wp\/v2\/comments?post=4484"}],"wp:featuredmedia":[{"embeddable":true,"href":"https:\/\/poudresdenarco.com\/hu\/wp-json\/wp\/v2\/media\/4540"}],"wp:attachment":[{"href":"https:\/\/poudresdenarco.com\/hu\/wp-json\/wp\/v2\/media?parent=4484"}],"wp:term":[{"taxonomy":"product_cat","embeddable":true,"href":"https:\/\/poudresdenarco.com\/hu\/wp-json\/wp\/v2\/product_cat?post=4484"},{"taxonomy":"product_tag","embeddable":true,"href":"https:\/\/poudresdenarco.com\/hu\/wp-json\/wp\/v2\/product_tag?post=4484"}],"curies":[{"name":"wp","href":"https:\/\/api.w.org\/{rel}","templated":true}]}}