{"id":4754,"date":"2024-10-16T11:01:47","date_gmt":"2024-10-16T11:01:47","guid":{"rendered":"https:\/\/poudresdenarco.com\/?post_type=product&#038;p=4754"},"modified":"2024-12-23T10:09:24","modified_gmt":"2024-12-23T10:09:24","slug":"2-fa","status":"publish","type":"product","link":"https:\/\/poudresdenarco.com\/hu\/termek\/2-fa\/","title":{"rendered":"2-FA"},"content":{"rendered":"<h2>2-FA-hidroklorid online v\u00e1s\u00e1rl\u00e1sa<\/h2>\n<p>\u00dcdv\u00f6z\u00f6lj\u00fck a poudresdenarco, az \u00d6n megb\u00edzhat\u00f3 forr\u00e1sa a hidroklorid v\u00e1s\u00e1rl\u00e1s\u00e1hoz. <a href=\"https:\/\/poudresdenarco.com\/hu\/termek\/2-fa\/\">2-FA<\/a> online. A poudresdenarco tulajdonosak\u00e9nt b\u00fcszk\u00e9k vagyunk arra, hogy a legmagasabb min\u0151s\u00e9g\u0171 term\u00e9keket \u00e9s kiv\u00e9teles \u00fcgyf\u00e9lszolg\u00e1latot k\u00edn\u00e1lunk a kutat\u00f3knak. Ebben a cikkben megosztjuk azokat a k\u00e9nyszer\u00edt\u0151 okokat, amelyek miatt a poudresdenarco-t kell v\u00e1lasztania a 2-FA-hidroklorid megv\u00e1s\u00e1rl\u00e1s\u00e1hoz, valamint a biztos\u00edt\u00e9kot, hogy a kutat\u00f3k ig\u00e9nyeinek kiel\u00e9g\u00edt\u00e9se \u00e9rdek\u00e9ben vil\u00e1gszerte sz\u00e1ll\u00edtunk vil\u00e1gszerte.<\/p>\n<h3>Kiv\u00e1l\u00f3 min\u0151s\u00e9g\u0171 term\u00e9kek:<\/h3>\n<p>A  c\u00edmen. <a href=\"https:\/\/poudresdenarco.com\/hu\/\">poudresdenarco<\/a>Kutat\u00e1si vegyszerek gy\u00e1rt\u00f3jak\u00e9nt a term\u00e9keink min\u0151s\u00e9g\u00e9t a legmagasabb priorit\u00e1sk\u00e9nt kezelj\u00fck. 2-FA-hidrokloridunk szigor\u00fa min\u0151s\u00e9gellen\u0151rz\u00e9si int\u00e9zked\u00e9seken megy kereszt\u00fcl a tisztas\u00e1g, a konzisztencia \u00e9s a pontos adagol\u00e1s biztos\u00edt\u00e1sa \u00e9rdek\u00e9ben. Neves gy\u00e1rt\u00f3kkal \u00e9s besz\u00e1ll\u00edt\u00f3kkal dolgozunk egy\u00fctt, hogy csak a legjobb min\u0151s\u00e9g\u0171 vegyszereket szerezz\u00fck be, lehet\u0151v\u00e9 t\u00e9ve a kutat\u00f3k sz\u00e1m\u00e1ra, hogy k\u00eds\u00e9rleteiket bizalommal v\u00e9gezhess\u00e9k. Ha 2-FA-hidrokloridot v\u00e1s\u00e1rol a poudresdenarco-t\u00f3l, biztos lehet benne, hogy kiv\u00e1l\u00f3 min\u0151s\u00e9g\u0171 term\u00e9ket kap.<a href=\"https:\/\/poudresdenarco.com\/hu\/termek\/1p-lsd\/\">.<\/a><\/p>\n<h3>Kutat\u00e1si vegyi anyagok sz\u00e9les v\u00e1laszt\u00e9ka:<\/h3>\n<p>A poudresdenarco kutat\u00e1si vegyszerek sz\u00e9les v\u00e1laszt\u00e9k\u00e1t k\u00edn\u00e1lja a kutat\u00f3k k\u00fcl\u00f6nf\u00e9le ig\u00e9nyeinek kiel\u00e9g\u00edt\u00e9s\u00e9re. Online \u00e1ruh\u00e1zunk kiv\u00e1l\u00f3 min\u0151s\u00e9g\u0171 anyagok sz\u00e9les v\u00e1laszt\u00e9k\u00e1t k\u00edn\u00e1lja, t\u00f6bbek k\u00f6z\u00f6tt a k\u00f6vetkez\u0151ket <a href=\"https:\/\/en.wikipedia.org\/wiki\/Multi-factor_authentication\">2-FA<\/a>. Ak\u00e1r gy\u00f3gyszer\u00e9szeti, k\u00e9miai vagy m\u00e1s tudom\u00e1nyos ter\u00fcleteket tanulm\u00e1nyoz, c\u00e9lunk, hogy egyablakos \u00fcgyint\u00e9z\u00e9sk\u00e9nt szolg\u00e1ljunk minden kutat\u00e1si k\u00e9miai ig\u00e9nye kiel\u00e9g\u00edt\u00e9s\u00e9re. Fedezze fel gy\u0171jtem\u00e9ny\u00fcnket, \u00e9s fedezze fel kutat\u00e1sai izgalmas lehet\u0151s\u00e9geit.<\/p>\n<h4><strong>V\u00e1s\u00e1roljon nagy tisztas\u00e1g\u00fa 2-FA-t kutat\u00e1sra - Narkoporok<\/strong><\/h4>\n<p>A Poudres de Narco az \u00d6n megb\u00edzhat\u00f3 besz\u00e1ll\u00edt\u00f3ja a k\u00f6vetkez\u0151k tekintet\u00e9ben <strong>2-FA kutat\u00e1s min\u0151s\u00e9ge<\/strong>kiz\u00e1r\u00f3lag a <strong>laborat\u00f3riumi \u00e9s tudom\u00e1nyos alkalmaz\u00e1sok<\/strong>. A 2-FA-t szigor\u00fa tisztas\u00e1gi \u00e9s min\u0151s\u00e9gi szabv\u00e1nyok szerint gy\u00e1rtjuk, \u00edgy biztos\u00edtva megb\u00edzhat\u00f3 eredm\u00e9nyeket a k\u00e9miai \u00e9s farmakol\u00f3giai szakemberek sz\u00e1m\u00e1ra.<\/p>\n<h3>Mi\u00e9rt v\u00e1lassza a 2-FA de Poudres de Narco-t?<\/h3>\n<p>Mint egy <strong>2-FA sz\u00e1ll\u00edt\u00f3ja a kutat\u00e1s sz\u00e1m\u00e1ra<\/strong>A Poudres de Narco elk\u00f6telezett amellett, hogy olyan term\u00e9ket biztos\u00edtson, amely megfelel a legmagasabb min\u0151s\u00e9gi \u00e9s biztons\u00e1gi el\u0151\u00edr\u00e1soknak:<\/p>\n<ul>\n<li><strong>Tan\u00fas\u00edtott tisztas\u00e1g<\/strong> A 2-FA minden egyes t\u00e9tel\u00e9t szigor\u00faan tesztelj\u00fck, hogy garant\u00e1ljuk a maxim\u00e1lis tisztas\u00e1got, ami elengedhetetlen a tudom\u00e1nyos k\u00eds\u00e9rletekhez.<\/li>\n<li><strong>\u00c1lland\u00f3 min\u0151s\u00e9g<\/strong> A 2-FA-t \u00fagy gy\u00e1rtjuk, hogy stabil, pontos eredm\u00e9nyeket adjon, amelyek megfelelnek a laborat\u00f3riumi k\u00f6vetelm\u00e9nyeknek.<\/li>\n<li><strong>Biztons\u00e1gos online rendel\u00e9s<\/strong> : Megk\u00f6nny\u00edtj\u00fck a<strong>2-FA beszerz\u00e9se tudom\u00e1nyos c\u00e9lokra<\/strong>biztons\u00e1gos, megfelel\u0151 megrendel\u00e9si platformmal.<\/li>\n<\/ul>\n<h3>Alkalmaz\u00e1sok \u00e9s biztons\u00e1gi utas\u00edt\u00e1sok<\/h3>\n<p>Le <strong>2-FA<\/strong> A de Poudres de Narco-t sz\u00e1mos laborat\u00f3riumi kutat\u00e1si kontextusban haszn\u00e1lj\u00e1k. A biztons\u00e1gos \u00e9s megfelel\u0151 haszn\u00e1lat biztos\u00edt\u00e1sa \u00e9rdek\u00e9ben kezel\u00e9si \u00e9s t\u00e1rol\u00e1si protokollokat biztos\u00edtunk:<\/p>\n<ul>\n<li><strong>Biztons\u00e1gos t\u00e1rol\u00e1s<\/strong> A 2-FA-t h\u0171v\u00f6s, sz\u00e1raz, k\u00f6zvetlen f\u00e9nyt\u0151l v\u00e9dett helyen kell t\u00e1rolni.<\/li>\n<li><strong>A  kezel\u00e9se<\/strong> Haszn\u00e1ljon egy\u00e9ni v\u00e9d\u0151felszerel\u00e9st (PPE) \u00e9s dolgozzon j\u00f3l szell\u0151z\u0151 k\u00f6rnyezetben.<\/li>\n<li><strong>Szigor\u00faan kutat\u00e1si c\u00e9lokra fenntartott haszn\u00e1lat<\/strong> Ezt a term\u00e9ket ellen\u0151rz\u00f6tt k\u00f6rnyezetben dolgoz\u00f3 kutat\u00e1si szakemberek sz\u00e1m\u00e1ra tervezt\u00e9k.<\/li>\n<\/ul>\n<h3>Rendeljen min\u0151s\u00e9gi 2-FA-t a kutat\u00e1si tanulm\u00e1nyaihoz<\/h3>\n<p>A Poudres de Narco ide\u00e1lis v\u00e1laszt\u00e1s egy <strong>kiv\u00e1l\u00f3 min\u0151s\u00e9g\u0171 2-FA<\/strong> kutat\u00e1sra. <strong>Kapcsolatfelv\u00e9tel<\/strong> \u00e1raj\u00e1nlat\u00e9rt vagy tov\u00e1bbi inform\u00e1ci\u00f3k\u00e9rt a tudom\u00e1nyos alkalmaz\u00e1sokhoz kapcsol\u00f3d\u00f3 term\u00e9keinkr\u0151l \u00e9s szolg\u00e1ltat\u00e1sainkr\u00f3l.<\/p>\n<p>&nbsp;<\/p>","protected":false},"excerpt":{"rendered":"<p>Acheter du chlorhydrate de 2-FA en ligne Bienvenue chez poudresdenarco, votre source fiable pour acheter du chlorhydrate de 2-FA en ligne. En tant que propri\u00e9taire de poudresdenarco, nous sommes fiers d&rsquo;offrir aux chercheurs des produits de la plus haute qualit\u00e9 et un service client exceptionnel. Dans cet article, nous partagerons les raisons convaincantes pour lesquelles&hellip;<\/p>","protected":false},"featured_media":6151,"comment_status":"open","ping_status":"closed","template":"","meta":{"_joinchat":[]},"product_cat":[558,751],"product_tag":[],"class_list":{"0":"post-4754","1":"product","2":"type-product","3":"status-publish","4":"has-post-thumbnail","6":"product_cat-chimiques-de-recherche","7":"product_cat-stimulants","9":"first","10":"instock","11":"shipping-taxable","12":"purchasable","13":"product-type-variable","14":"col-xs-6 col-sm-4","15":"col-md-3 col-lg-3","16":"un-4-cols"},"yoast_head":"<!-- This site is optimized with the Yoast SEO plugin v23.8 - https:\/\/yoast.com\/wordpress\/plugins\/seo\/ -->\n<title>Acheter 2-FA de Qualit\u00e9 pour la Recherche | Poudres de Narco<\/title>\n<meta name=\"description\" content=\"Fournisseur de 2-FA pour applications scientifiques. Puret\u00e9 garantie pour la recherche en laboratoire chez Poudres de Narco.\" \/>\n<meta name=\"robots\" content=\"index, follow, max-snippet:-1, max-image-preview:large, max-video-preview:-1\" \/>\n<link rel=\"canonical\" href=\"https:\/\/poudresdenarco.com\/hu\/termek\/2-fa\/\" \/>\n<meta property=\"og:locale\" content=\"hu_HU\" \/>\n<meta property=\"og:type\" content=\"article\" \/>\n<meta property=\"og:title\" content=\"Acheter 2-FA de Qualit\u00e9 pour la Recherche | Poudres de Narco\" \/>\n<meta property=\"og:description\" content=\"Fournisseur de 2-FA pour applications scientifiques. Puret\u00e9 garantie pour la recherche en laboratoire chez Poudres de Narco.\" \/>\n<meta property=\"og:url\" content=\"https:\/\/poudresdenarco.com\/hu\/termek\/2-fa\/\" \/>\n<meta property=\"og:site_name\" content=\"Poudresde Narco\" \/>\n<meta property=\"article:modified_time\" content=\"2024-12-23T10:09:24+00:00\" \/>\n<meta property=\"og:image\" content=\"https:\/\/poudresdenarco.com\/wp-content\/uploads\/2024\/10\/2-FA.gif\" \/>\n\t<meta property=\"og:image:width\" content=\"600\" \/>\n\t<meta property=\"og:image:height\" content=\"600\" \/>\n\t<meta property=\"og:image:type\" content=\"image\/gif\" \/>\n<meta name=\"twitter:card\" content=\"summary_large_image\" \/>\n<meta name=\"twitter:label1\" content=\"Becs\u00fclt olvas\u00e1si id\u0151\" \/>\n\t<meta name=\"twitter:data1\" content=\"3 perc\" \/>\n<script type=\"application\/ld+json\" class=\"yoast-schema-graph\">{\"@context\":\"https:\/\/schema.org\",\"@graph\":[{\"@type\":\"WebPage\",\"@id\":\"https:\/\/poudresdenarco.com\/produit\/2-fa\/\",\"url\":\"https:\/\/poudresdenarco.com\/produit\/2-fa\/\",\"name\":\"Acheter 2-FA de Qualit\u00e9 pour la Recherche | Poudres de Narco\",\"isPartOf\":{\"@id\":\"https:\/\/poudresdenarco.com\/#website\"},\"primaryImageOfPage\":{\"@id\":\"https:\/\/poudresdenarco.com\/produit\/2-fa\/#primaryimage\"},\"image\":{\"@id\":\"https:\/\/poudresdenarco.com\/produit\/2-fa\/#primaryimage\"},\"thumbnailUrl\":\"https:\/\/poudresdenarco.com\/wp-content\/uploads\/2024\/10\/2-FA.gif\",\"datePublished\":\"2024-10-16T11:01:47+00:00\",\"dateModified\":\"2024-12-23T10:09:24+00:00\",\"description\":\"Fournisseur de 2-FA pour applications scientifiques. Puret\u00e9 garantie pour la recherche en laboratoire chez Poudres de Narco.\",\"breadcrumb\":{\"@id\":\"https:\/\/poudresdenarco.com\/produit\/2-fa\/#breadcrumb\"},\"inLanguage\":\"hu\",\"potentialAction\":[{\"@type\":\"ReadAction\",\"target\":[\"https:\/\/poudresdenarco.com\/produit\/2-fa\/\"]}]},{\"@type\":\"ImageObject\",\"inLanguage\":\"hu\",\"@id\":\"https:\/\/poudresdenarco.com\/produit\/2-fa\/#primaryimage\",\"url\":\"https:\/\/poudresdenarco.com\/wp-content\/uploads\/2024\/10\/2-FA.gif\",\"contentUrl\":\"https:\/\/poudresdenarco.com\/wp-content\/uploads\/2024\/10\/2-FA.gif\",\"width\":600,\"height\":600,\"caption\":\"2-FA\"},{\"@type\":\"BreadcrumbList\",\"@id\":\"https:\/\/poudresdenarco.com\/produit\/2-fa\/#breadcrumb\",\"itemListElement\":[{\"@type\":\"ListItem\",\"position\":1,\"name\":\"Home\",\"item\":\"https:\/\/poudresdenarco.com\/\"},{\"@type\":\"ListItem\",\"position\":2,\"name\":\"Boutique\",\"item\":\"https:\/\/poudresdenarco.com\/boutique\/\"},{\"@type\":\"ListItem\",\"position\":3,\"name\":\"2-FA\"}]},{\"@type\":\"WebSite\",\"@id\":\"https:\/\/poudresdenarco.com\/#website\",\"url\":\"https:\/\/poudresdenarco.com\/\",\"name\":\"Poudresde Narco\",\"description\":\"Acheter de la coca\u00efne et de l&#039;h\u00e9ro\u00efne en ligne\",\"potentialAction\":[{\"@type\":\"SearchAction\",\"target\":{\"@type\":\"EntryPoint\",\"urlTemplate\":\"https:\/\/poudresdenarco.com\/?s={search_term_string}\"},\"query-input\":{\"@type\":\"PropertyValueSpecification\",\"valueRequired\":true,\"valueName\":\"search_term_string\"}}],\"inLanguage\":\"hu\"}]}<\/script>\n<!-- \/ Yoast SEO plugin. -->","yoast_head_json":{"title":"Acheter 2-FA de Qualit\u00e9 pour la Recherche | Poudres de Narco","description":"Fournisseur de 2-FA pour applications scientifiques. Puret\u00e9 garantie pour la recherche en laboratoire chez Poudres de Narco.","robots":{"index":"index","follow":"follow","max-snippet":"max-snippet:-1","max-image-preview":"max-image-preview:large","max-video-preview":"max-video-preview:-1"},"canonical":"https:\/\/poudresdenarco.com\/hu\/termek\/2-fa\/","og_locale":"hu_HU","og_type":"article","og_title":"Acheter 2-FA de Qualit\u00e9 pour la Recherche | Poudres de Narco","og_description":"Fournisseur de 2-FA pour applications scientifiques. Puret\u00e9 garantie pour la recherche en laboratoire chez Poudres de Narco.","og_url":"https:\/\/poudresdenarco.com\/hu\/termek\/2-fa\/","og_site_name":"Poudresde Narco","article_modified_time":"2024-12-23T10:09:24+00:00","og_image":[{"width":600,"height":600,"url":"https:\/\/poudresdenarco.com\/wp-content\/uploads\/2024\/10\/2-FA.gif","type":"image\/gif"}],"twitter_card":"summary_large_image","twitter_misc":{"Becs\u00fclt olvas\u00e1si id\u0151":"3 perc"},"schema":{"@context":"https:\/\/schema.org","@graph":[{"@type":"WebPage","@id":"https:\/\/poudresdenarco.com\/produit\/2-fa\/","url":"https:\/\/poudresdenarco.com\/produit\/2-fa\/","name":"Acheter 2-FA de Qualit\u00e9 pour la Recherche | Poudres de Narco","isPartOf":{"@id":"https:\/\/poudresdenarco.com\/#website"},"primaryImageOfPage":{"@id":"https:\/\/poudresdenarco.com\/produit\/2-fa\/#primaryimage"},"image":{"@id":"https:\/\/poudresdenarco.com\/produit\/2-fa\/#primaryimage"},"thumbnailUrl":"https:\/\/poudresdenarco.com\/wp-content\/uploads\/2024\/10\/2-FA.gif","datePublished":"2024-10-16T11:01:47+00:00","dateModified":"2024-12-23T10:09:24+00:00","description":"Fournisseur de 2-FA pour applications scientifiques. Puret\u00e9 garantie pour la recherche en laboratoire chez Poudres de Narco.","breadcrumb":{"@id":"https:\/\/poudresdenarco.com\/produit\/2-fa\/#breadcrumb"},"inLanguage":"hu","potentialAction":[{"@type":"ReadAction","target":["https:\/\/poudresdenarco.com\/produit\/2-fa\/"]}]},{"@type":"ImageObject","inLanguage":"hu","@id":"https:\/\/poudresdenarco.com\/produit\/2-fa\/#primaryimage","url":"https:\/\/poudresdenarco.com\/wp-content\/uploads\/2024\/10\/2-FA.gif","contentUrl":"https:\/\/poudresdenarco.com\/wp-content\/uploads\/2024\/10\/2-FA.gif","width":600,"height":600,"caption":"2-FA"},{"@type":"BreadcrumbList","@id":"https:\/\/poudresdenarco.com\/produit\/2-fa\/#breadcrumb","itemListElement":[{"@type":"ListItem","position":1,"name":"Home","item":"https:\/\/poudresdenarco.com\/"},{"@type":"ListItem","position":2,"name":"Boutique","item":"https:\/\/poudresdenarco.com\/boutique\/"},{"@type":"ListItem","position":3,"name":"2-FA"}]},{"@type":"WebSite","@id":"https:\/\/poudresdenarco.com\/#website","url":"https:\/\/poudresdenarco.com\/","name":"Poudresde Narco","description":"Acheter de la coca\u00efne et de l&#039;h\u00e9ro\u00efne en ligne","potentialAction":[{"@type":"SearchAction","target":{"@type":"EntryPoint","urlTemplate":"https:\/\/poudresdenarco.com\/?s={search_term_string}"},"query-input":{"@type":"PropertyValueSpecification","valueRequired":true,"valueName":"search_term_string"}}],"inLanguage":"hu"}]}},"_links":{"self":[{"href":"https:\/\/poudresdenarco.com\/hu\/wp-json\/wp\/v2\/product\/4754","targetHints":{"allow":["GET"]}}],"collection":[{"href":"https:\/\/poudresdenarco.com\/hu\/wp-json\/wp\/v2\/product"}],"about":[{"href":"https:\/\/poudresdenarco.com\/hu\/wp-json\/wp\/v2\/types\/product"}],"replies":[{"embeddable":true,"href":"https:\/\/poudresdenarco.com\/hu\/wp-json\/wp\/v2\/comments?post=4754"}],"wp:featuredmedia":[{"embeddable":true,"href":"https:\/\/poudresdenarco.com\/hu\/wp-json\/wp\/v2\/media\/6151"}],"wp:attachment":[{"href":"https:\/\/poudresdenarco.com\/hu\/wp-json\/wp\/v2\/media?parent=4754"}],"wp:term":[{"taxonomy":"product_cat","embeddable":true,"href":"https:\/\/poudresdenarco.com\/hu\/wp-json\/wp\/v2\/product_cat?post=4754"},{"taxonomy":"product_tag","embeddable":true,"href":"https:\/\/poudresdenarco.com\/hu\/wp-json\/wp\/v2\/product_tag?post=4754"}],"curies":[{"name":"wp","href":"https:\/\/api.w.org\/{rel}","templated":true}]}}