{"id":4948,"date":"2024-10-16T11:22:27","date_gmt":"2024-10-16T11:22:27","guid":{"rendered":"https:\/\/poudresdenarco.com\/?post_type=product&#038;p=4948"},"modified":"2024-11-02T13:18:11","modified_gmt":"2024-11-02T13:18:11","slug":"2mmc","status":"publish","type":"product","link":"https:\/\/poudresdenarco.com\/hu\/termek\/2mmc\/","title":{"rendered":"2mmc"},"content":{"rendered":"<h2>2-m\u00e9thylm\u00e9thcathinone, ou 2-mmc<\/h2>\n<p>2 mm CRYSTAL <a href=\"https:\/\/poudresdenarco.com\/hu\/termek\/2mmc\/\">2-MMC<\/a> est un stimulant de la classe des cathinones qui partage une structure avec la m\u00e9ph\u00e9drone.<br \/>\nL&rsquo;un des meilleurs produits disponibles actuellement, avec une puret\u00e9 de plus de 99 %, il peut \u00eatre utilis\u00e9 comme alternative \u00e0 la m\u00e9ph\u00e9drone pour des raisons de recherche similaires Acheter 2-MMC<a href=\"https:\/\/k2spices.com\/de\/\">.<\/a><\/p>\n<h3>De plus, disponible sous forme de cristal, 2mmc CRYSTAL n&rsquo;est pas destin\u00e9 \u00e0 la consommation humaine.<\/h3>\n<p>Comme nous fournissons des produits chimiques de recherche depuis plus de 4 ans, nous avons \u00e9tabli une solide r\u00e9putation en ligne et hors ligne aupr\u00e8s des chercheurs. Nous sommes un fournisseur sp\u00e9cialis\u00e9 d&rsquo;agents chimiques de recherche de pointe et d&rsquo;\u00e9quipements de laboratoire de haute qualit\u00e9 adapt\u00e9s \u00e0 une utilisation dans des exp\u00e9riences en laboratoire. Nous sommes connus pour fournir un service client exceptionnel, des produits chimiques de recherche de haute qualit\u00e9 et la plus large gamme de produits chimiques et de produits r\u00e9cemment synth\u00e9tis\u00e9s, ce qui fait de nous le collaborateur de r\u00e9f\u00e9rence pour de nombreux scientifiques travaillant dans les domaines de la biochimie et de la pharmacologie. <a href=\"https:\/\/poudresdenarco.com\/hu\/\">Poudresnarco<\/a><\/p>\n<h4><strong>Acheter du 2-MMC de Haute Puret\u00e9 pour la Recherche &#8211; Poudres de Narco<\/strong><\/h4>\n<p>A Poudres de Narco az \u00d6n megb\u00edzhat\u00f3 besz\u00e1ll\u00edt\u00f3ja a k\u00f6vetkez\u0151k tekintet\u00e9ben <strong>2-MMC de qualit\u00e9 recherche<\/strong>, con\u00e7u exclusivement pour les <strong>applications en laboratoire et \u00e9tudes scientifiques<\/strong>. Avec des normes strictes de puret\u00e9 et de qualit\u00e9, notre 2-MMC garantit des r\u00e9sultats fiables pour les professionnels de la chimie et de la pharmacologie Acheter 2-MMC .<\/p>\n<h3>Pourquoi Choisir le 2-MMC de Poudres de Narco ?<\/h3>\n<p>Mint egy <strong>fournisseur de 2-MMC fiable<\/strong>, nous nous engageons \u00e0 fournir un produit test\u00e9 pour une qualit\u00e9 constante et une s\u00e9curit\u00e9 optimale :<\/p>\n<ul>\n<li><strong>2-MMC Haute Puret\u00e9<\/strong> : Chaque lot de 2-MMC est rigoureusement test\u00e9 pour assurer un niveau de puret\u00e9 \u00e9lev\u00e9, indispensable pour des r\u00e9sultats de recherche pr\u00e9cis.<\/li>\n<li><strong>Qualit\u00e9 et Constance<\/strong> : Notre 2-MMC est fabriqu\u00e9 pour offrir une performance fiable dans des \u00e9tudes analytiques et scientifiques.<\/li>\n<li><strong>Biztons\u00e1gos online rendel\u00e9s<\/strong> : Megk\u00f6nny\u00edtj\u00fck a<strong>achat de 2-MMC pour laboratoires<\/strong>biztons\u00e1gos \u00e9s bizalmas rendel\u00e9si folyamat.<\/li>\n<\/ul>\n<h3>Applications du 2-MMC et Consignes de S\u00e9curit\u00e9<\/h3>\n<p>Le <strong>2-MMC<\/strong> de Poudres de Narco a k\u00f6vetkez\u0151k sz\u00e1m\u00e1ra k\u00e9sz\u00fclt <strong>applications de recherche<\/strong> en laboratoire, et nous fournissons des protocoles de s\u00e9curit\u00e9 stricts pour garantir un usage conforme :<\/p>\n<ul>\n<li><strong>Biztons\u00e1gos t\u00e1rol\u00e1s<\/strong> : Conservez le 2-MMC dans un endroit frais et sec, \u00e0 l\u2019abri de la lumi\u00e8re directe.<\/li>\n<li><strong>\u00d3vatosan kezelje<\/strong> : Portez des \u00e9quipements de protection individuelle (EPI) et assurez-vous de travailler dans un environnement bien ventil\u00e9.<\/li>\n<li><strong>Szigor\u00faan kutat\u00e1si c\u00e9lokra fenntartott haszn\u00e1lat<\/strong> : Ce produit est destin\u00e9 aux laboratoires et aux chercheurs dans un environnement contr\u00f4l\u00e9.<\/li>\n<\/ul>\n<h3>Commandez du 2-MMC de Haute Qualit\u00e9 pour la Recherche<\/h3>\n<p>Pour un <strong>approvisionnement fiable en 2-MMC de qualit\u00e9<\/strong> pour vos besoins de recherche, faites confiance \u00e0 Poudres de Narco. <strong>Kapcsolatfelv\u00e9tel<\/strong> pour obtenir un devis ou pour plus d\u2019informations sur notre gamme de produits pour applications en laboratoire.<\/p>\n<p>&nbsp;<\/p>","protected":false},"excerpt":{"rendered":"<p>2-m\u00e9thylm\u00e9thcathinone, ou 2-mmc 2 mm CRYSTAL 2-MMC est un stimulant de la classe des cathinones qui partage une structure avec la m\u00e9ph\u00e9drone. L&rsquo;un des meilleurs produits disponibles actuellement, avec une puret\u00e9 de plus de 99 %, il peut \u00eatre utilis\u00e9 comme alternative \u00e0 la m\u00e9ph\u00e9drone pour des raisons de recherche similaires Acheter 2-MMC. De plus,&hellip;<\/p>","protected":false},"featured_media":6155,"comment_status":"closed","ping_status":"closed","template":"","meta":{"_joinchat":[]},"product_cat":[558],"product_tag":[],"class_list":{"0":"post-4948","1":"product","2":"type-product","3":"status-publish","4":"has-post-thumbnail","6":"product_cat-chimiques-de-recherche","8":"first","9":"instock","10":"shipping-taxable","11":"purchasable","12":"product-type-variable","13":"col-xs-6 col-sm-4","14":"col-md-3 col-lg-3","15":"un-4-cols"},"yoast_head":"<!-- This site is optimized with the Yoast SEO plugin v23.8 - https:\/\/yoast.com\/wordpress\/plugins\/seo\/ -->\n<title>Acheter 2-MMC de Qualit\u00e9 pour la Recherche | Poudres de Narco<\/title>\n<meta name=\"description\" content=\"Fournisseur de 2-MMC de haute puret\u00e9 pour applications de recherche en laboratoire. Qualit\u00e9 et s\u00e9curit\u00e9 garanties chez Poudres de Narco.\" \/>\n<meta name=\"robots\" content=\"index, follow, max-snippet:-1, max-image-preview:large, max-video-preview:-1\" \/>\n<link rel=\"canonical\" href=\"https:\/\/poudresdenarco.com\/hu\/termek\/2mmc\/\" \/>\n<meta property=\"og:locale\" content=\"hu_HU\" \/>\n<meta property=\"og:type\" content=\"article\" \/>\n<meta property=\"og:title\" content=\"Acheter 2-MMC de Qualit\u00e9 pour la Recherche | Poudres de Narco\" \/>\n<meta property=\"og:description\" content=\"Fournisseur de 2-MMC de haute puret\u00e9 pour applications de recherche en laboratoire. Qualit\u00e9 et s\u00e9curit\u00e9 garanties chez Poudres de Narco.\" \/>\n<meta property=\"og:url\" content=\"https:\/\/poudresdenarco.com\/hu\/termek\/2mmc\/\" \/>\n<meta property=\"og:site_name\" content=\"Poudresde Narco\" \/>\n<meta property=\"article:modified_time\" content=\"2024-11-02T13:18:11+00:00\" \/>\n<meta property=\"og:image\" content=\"https:\/\/poudresdenarco.com\/wp-content\/uploads\/2024\/10\/2mmc.gif\" \/>\n\t<meta property=\"og:image:width\" content=\"600\" \/>\n\t<meta property=\"og:image:height\" content=\"600\" \/>\n\t<meta property=\"og:image:type\" content=\"image\/gif\" \/>\n<meta name=\"twitter:card\" content=\"summary_large_image\" \/>\n<meta name=\"twitter:label1\" content=\"Becs\u00fclt olvas\u00e1si id\u0151\" \/>\n\t<meta name=\"twitter:data1\" content=\"3 perc\" \/>\n<script type=\"application\/ld+json\" class=\"yoast-schema-graph\">{\"@context\":\"https:\/\/schema.org\",\"@graph\":[{\"@type\":\"WebPage\",\"@id\":\"https:\/\/poudresdenarco.com\/produit\/2mmc\/\",\"url\":\"https:\/\/poudresdenarco.com\/produit\/2mmc\/\",\"name\":\"Acheter 2-MMC de Qualit\u00e9 pour la Recherche | Poudres de Narco\",\"isPartOf\":{\"@id\":\"https:\/\/poudresdenarco.com\/#website\"},\"primaryImageOfPage\":{\"@id\":\"https:\/\/poudresdenarco.com\/produit\/2mmc\/#primaryimage\"},\"image\":{\"@id\":\"https:\/\/poudresdenarco.com\/produit\/2mmc\/#primaryimage\"},\"thumbnailUrl\":\"https:\/\/poudresdenarco.com\/wp-content\/uploads\/2024\/10\/2mmc.gif\",\"datePublished\":\"2024-10-16T11:22:27+00:00\",\"dateModified\":\"2024-11-02T13:18:11+00:00\",\"description\":\"Fournisseur de 2-MMC de haute puret\u00e9 pour applications de recherche en laboratoire. Qualit\u00e9 et s\u00e9curit\u00e9 garanties chez Poudres de Narco.\",\"breadcrumb\":{\"@id\":\"https:\/\/poudresdenarco.com\/produit\/2mmc\/#breadcrumb\"},\"inLanguage\":\"hu\",\"potentialAction\":[{\"@type\":\"ReadAction\",\"target\":[\"https:\/\/poudresdenarco.com\/produit\/2mmc\/\"]}]},{\"@type\":\"ImageObject\",\"inLanguage\":\"hu\",\"@id\":\"https:\/\/poudresdenarco.com\/produit\/2mmc\/#primaryimage\",\"url\":\"https:\/\/poudresdenarco.com\/wp-content\/uploads\/2024\/10\/2mmc.gif\",\"contentUrl\":\"https:\/\/poudresdenarco.com\/wp-content\/uploads\/2024\/10\/2mmc.gif\",\"width\":600,\"height\":600,\"caption\":\"2mmc\"},{\"@type\":\"BreadcrumbList\",\"@id\":\"https:\/\/poudresdenarco.com\/produit\/2mmc\/#breadcrumb\",\"itemListElement\":[{\"@type\":\"ListItem\",\"position\":1,\"name\":\"Home\",\"item\":\"https:\/\/poudresdenarco.com\/\"},{\"@type\":\"ListItem\",\"position\":2,\"name\":\"Boutique\",\"item\":\"https:\/\/poudresdenarco.com\/boutique\/\"},{\"@type\":\"ListItem\",\"position\":3,\"name\":\"2mmc\"}]},{\"@type\":\"WebSite\",\"@id\":\"https:\/\/poudresdenarco.com\/#website\",\"url\":\"https:\/\/poudresdenarco.com\/\",\"name\":\"Poudresde Narco\",\"description\":\"Acheter de la coca\u00efne et de l&#039;h\u00e9ro\u00efne en ligne\",\"potentialAction\":[{\"@type\":\"SearchAction\",\"target\":{\"@type\":\"EntryPoint\",\"urlTemplate\":\"https:\/\/poudresdenarco.com\/?s={search_term_string}\"},\"query-input\":{\"@type\":\"PropertyValueSpecification\",\"valueRequired\":true,\"valueName\":\"search_term_string\"}}],\"inLanguage\":\"hu\"}]}<\/script>\n<!-- \/ Yoast SEO plugin. -->","yoast_head_json":{"title":"Acheter 2-MMC de Qualit\u00e9 pour la Recherche | Poudres de Narco","description":"Fournisseur de 2-MMC de haute puret\u00e9 pour applications de recherche en laboratoire. Qualit\u00e9 et s\u00e9curit\u00e9 garanties chez Poudres de Narco.","robots":{"index":"index","follow":"follow","max-snippet":"max-snippet:-1","max-image-preview":"max-image-preview:large","max-video-preview":"max-video-preview:-1"},"canonical":"https:\/\/poudresdenarco.com\/hu\/termek\/2mmc\/","og_locale":"hu_HU","og_type":"article","og_title":"Acheter 2-MMC de Qualit\u00e9 pour la Recherche | Poudres de Narco","og_description":"Fournisseur de 2-MMC de haute puret\u00e9 pour applications de recherche en laboratoire. Qualit\u00e9 et s\u00e9curit\u00e9 garanties chez Poudres de Narco.","og_url":"https:\/\/poudresdenarco.com\/hu\/termek\/2mmc\/","og_site_name":"Poudresde Narco","article_modified_time":"2024-11-02T13:18:11+00:00","og_image":[{"width":600,"height":600,"url":"https:\/\/poudresdenarco.com\/wp-content\/uploads\/2024\/10\/2mmc.gif","type":"image\/gif"}],"twitter_card":"summary_large_image","twitter_misc":{"Becs\u00fclt olvas\u00e1si id\u0151":"3 perc"},"schema":{"@context":"https:\/\/schema.org","@graph":[{"@type":"WebPage","@id":"https:\/\/poudresdenarco.com\/produit\/2mmc\/","url":"https:\/\/poudresdenarco.com\/produit\/2mmc\/","name":"Acheter 2-MMC de Qualit\u00e9 pour la Recherche | Poudres de Narco","isPartOf":{"@id":"https:\/\/poudresdenarco.com\/#website"},"primaryImageOfPage":{"@id":"https:\/\/poudresdenarco.com\/produit\/2mmc\/#primaryimage"},"image":{"@id":"https:\/\/poudresdenarco.com\/produit\/2mmc\/#primaryimage"},"thumbnailUrl":"https:\/\/poudresdenarco.com\/wp-content\/uploads\/2024\/10\/2mmc.gif","datePublished":"2024-10-16T11:22:27+00:00","dateModified":"2024-11-02T13:18:11+00:00","description":"Fournisseur de 2-MMC de haute puret\u00e9 pour applications de recherche en laboratoire. Qualit\u00e9 et s\u00e9curit\u00e9 garanties chez Poudres de Narco.","breadcrumb":{"@id":"https:\/\/poudresdenarco.com\/produit\/2mmc\/#breadcrumb"},"inLanguage":"hu","potentialAction":[{"@type":"ReadAction","target":["https:\/\/poudresdenarco.com\/produit\/2mmc\/"]}]},{"@type":"ImageObject","inLanguage":"hu","@id":"https:\/\/poudresdenarco.com\/produit\/2mmc\/#primaryimage","url":"https:\/\/poudresdenarco.com\/wp-content\/uploads\/2024\/10\/2mmc.gif","contentUrl":"https:\/\/poudresdenarco.com\/wp-content\/uploads\/2024\/10\/2mmc.gif","width":600,"height":600,"caption":"2mmc"},{"@type":"BreadcrumbList","@id":"https:\/\/poudresdenarco.com\/produit\/2mmc\/#breadcrumb","itemListElement":[{"@type":"ListItem","position":1,"name":"Home","item":"https:\/\/poudresdenarco.com\/"},{"@type":"ListItem","position":2,"name":"Boutique","item":"https:\/\/poudresdenarco.com\/boutique\/"},{"@type":"ListItem","position":3,"name":"2mmc"}]},{"@type":"WebSite","@id":"https:\/\/poudresdenarco.com\/#website","url":"https:\/\/poudresdenarco.com\/","name":"Poudresde Narco","description":"Acheter de la coca\u00efne et de l&#039;h\u00e9ro\u00efne en ligne","potentialAction":[{"@type":"SearchAction","target":{"@type":"EntryPoint","urlTemplate":"https:\/\/poudresdenarco.com\/?s={search_term_string}"},"query-input":{"@type":"PropertyValueSpecification","valueRequired":true,"valueName":"search_term_string"}}],"inLanguage":"hu"}]}},"_links":{"self":[{"href":"https:\/\/poudresdenarco.com\/hu\/wp-json\/wp\/v2\/product\/4948","targetHints":{"allow":["GET"]}}],"collection":[{"href":"https:\/\/poudresdenarco.com\/hu\/wp-json\/wp\/v2\/product"}],"about":[{"href":"https:\/\/poudresdenarco.com\/hu\/wp-json\/wp\/v2\/types\/product"}],"replies":[{"embeddable":true,"href":"https:\/\/poudresdenarco.com\/hu\/wp-json\/wp\/v2\/comments?post=4948"}],"wp:featuredmedia":[{"embeddable":true,"href":"https:\/\/poudresdenarco.com\/hu\/wp-json\/wp\/v2\/media\/6155"}],"wp:attachment":[{"href":"https:\/\/poudresdenarco.com\/hu\/wp-json\/wp\/v2\/media?parent=4948"}],"wp:term":[{"taxonomy":"product_cat","embeddable":true,"href":"https:\/\/poudresdenarco.com\/hu\/wp-json\/wp\/v2\/product_cat?post=4948"},{"taxonomy":"product_tag","embeddable":true,"href":"https:\/\/poudresdenarco.com\/hu\/wp-json\/wp\/v2\/product_tag?post=4948"}],"curies":[{"name":"wp","href":"https:\/\/api.w.org\/{rel}","templated":true}]}}