{"id":5067,"date":"2024-10-16T11:24:28","date_gmt":"2024-10-16T11:24:28","guid":{"rendered":"https:\/\/poudresdenarco.com\/?post_type=product&#038;p=5067"},"modified":"2024-11-03T11:11:56","modified_gmt":"2024-11-03T11:11:56","slug":"alprazolam","status":"publish","type":"product","link":"https:\/\/poudresdenarco.com\/hu\/termek\/alprazolam\/","title":{"rendered":"Alprazolam"},"content":{"rendered":"<h2><strong>V\u00e1s\u00e1roljon nagy tisztas\u00e1g\u00fa Alprazolam a kutat\u00e1shoz <a href=\"https:\/\/poudresdenarco.com\/hu\/termek\/alpha-pvp\/\">&#8211;<\/a> Narkotikus porok<\/strong><\/h2>\n<p><strong>Narkotikus porok<\/strong> az \u00d6n megb\u00edzhat\u00f3 besz\u00e1ll\u00edt\u00f3ja<strong>Alprazolam min\u0151s\u00e9gi kutat\u00e1s<\/strong>kiz\u00e1r\u00f3lag a <strong>tudom\u00e1nyos \u00e9s analitikai laborat\u00f3riumi alkalmaz\u00e1sok<\/strong>. Alprazolamunkat szigor\u00fa tisztas\u00e1gi \u00e9s min\u0151s\u00e9gi el\u0151\u00edr\u00e1soknak megfelel\u0151en \u00e1ll\u00edtjuk el\u0151, garant\u00e1lva a k\u00f6vetkezetes \u00e9s megb\u00edzhat\u00f3 eredm\u00e9nyeket a farmakol\u00f3giai \u00e9s k\u00e9miai kutat\u00f3k sz\u00e1m\u00e1ra, V\u00e1s\u00e1roljon alprazolamot!<a href=\"https:\/\/cokebricks.com\/it\/\">.<\/a><\/p>\n<h3>Mi\u00e9rt \u00e9rdemes az Alprazolamot a Poudres de Narco-t\u00f3l v\u00e1s\u00e1rolni?<\/h3>\n<p>Mint egy <strong>az Alprazolam besz\u00e1ll\u00edt\u00f3ja a kutat\u00e1shoz<\/strong>, <strong>Narkotikus porok<\/strong> biztos\u00edtja az egyes t\u00e9telek biztons\u00e1g\u00e1t \u00e9s min\u0151s\u00e9g\u00e9t, ami elengedhetetlen a <strong>tan\u00fas\u00edtott laborat\u00f3riumi alkalmaz\u00e1sok<\/strong> :<\/p>\n<ul>\n<li><strong>Nagy tisztas\u00e1g\u00fa alprazol\u00e1m laborat\u00f3riumok sz\u00e1m\u00e1ra<\/strong> : Minden egyes t\u00e9telt szigor\u00faan tesztelnek, hogy garant\u00e1lj\u00e1k az optim\u00e1lis tisztas\u00e1got, ami elengedhetetlen a k\u00f6vetkez\u0151h\u00f6z <strong>tudom\u00e1nyos alkalmaz\u00e1sok<\/strong> \u00e9s prec\u00edzi\u00f3s vizsg\u00e1latok.<\/li>\n<li><strong>K\u00f6vetkezetes min\u0151s\u00e9g \u00e9s megb\u00edzhat\u00f3s\u00e1g<\/strong> : Alprazol\u00e1munkat stabil teljes\u00edtm\u00e9nyre fejlesztett\u00fck ki, alkalmazkodva a k\u00f6vetkez\u0151 k\u00f6vetelm\u00e9nyekhez <strong>fejlett farmakol\u00f3giai kutat\u00e1s<\/strong>.<\/li>\n<li><strong>Biztons\u00e1gos online rendel\u00e9s<\/strong> : <strong>Narkotikus porok<\/strong> megk\u00f6nny\u00edti a<strong>v\u00e1s\u00e1rolni Alprazolam online<\/strong> a kutat\u00e1si szakemberek k\u00f6vetelm\u00e9nyeinek megfelel\u0151 biztons\u00e1gos elj\u00e1r\u00e1ssal.<\/li>\n<\/ul>\n<h3>Alkalmaz\u00e1sok \u00e9s biztons\u00e1gi utas\u00edt\u00e1sok<\/h3>\n<p>L'<strong>Alprazolam min\u0151s\u00e9gi kutat\u00e1s<\/strong> a  c\u00edmr\u0151l <strong>Narkotikus porok<\/strong> a k\u00f6vetkez\u0151 c\u00e9lokra sz\u00e1nt\u00e1k <strong>analitikai alkalmaz\u00e1sok \u00e9s tudom\u00e1nyos tanulm\u00e1nyok<\/strong>. Biztons\u00e1gi utas\u00edt\u00e1sokat adunk az optim\u00e1lis \u00e9s megfelel\u0151 haszn\u00e1lathoz:<\/p>\n<ul>\n<li><strong>Biztons\u00e1gos t\u00e1rol\u00e1s<\/strong> Az Alprazolamot h\u0171v\u00f6s, sz\u00e1raz, f\u00e9nyt\u0151l v\u00e9dett helyen tartsa, hogy garant\u00e1lja min\u0151s\u00e9g\u00e9t.<\/li>\n<li><strong>\u00d3vatos kezel\u00e9s<\/strong> Haszn\u00e1ljon egy\u00e9ni v\u00e9d\u0151felszerel\u00e9st (PPE), \u00e9s a biztons\u00e1g \u00e9rdek\u00e9ben j\u00f3l szell\u0151z\u0151 k\u00f6rnyezetben dolgozzon.<\/li>\n<li><strong>Szigor\u00faan kutat\u00e1si c\u00e9lokra fenntartott haszn\u00e1lat<\/strong> Ez a term\u00e9k kiz\u00e1r\u00f3lag min\u0151s\u00edtett laborat\u00f3riumok \u00e9s kutat\u00f3k sz\u00e1m\u00e1ra k\u00e9sz\u00fclt, akiknek k\u00e9pes\u00edt\u00e9s\u00fck van a k\u00f6vetkez\u0151 feladatok elv\u00e9gz\u00e9s\u00e9re <strong>halad\u00f3 tudom\u00e1nyos tanulm\u00e1nyok<\/strong>.<\/li>\n<\/ul>\n<h3>Rendeljen nagy tisztas\u00e1g\u00fa alprazol\u00e1mot a tudom\u00e1nyos tanulm\u00e1nyaihoz<\/h3>\n<p>A  c\u00edmen. <strong>Narkotikus porok<\/strong>hozz\u00e1f\u00e9r\u00e9se van egy <strong>megb\u00edzhat\u00f3 Alprazolam-ell\u00e1t\u00e1s laborat\u00f3riumi alkalmaz\u00e1sokhoz<\/strong>. Min\u0151s\u00e9gi \u00e9s biztons\u00e1gi szabv\u00e1nyaink <strong>Narkotikus porok<\/strong> a kutat\u00e1si szakemberek megb\u00edzhat\u00f3 v\u00e1laszt\u00e1sa. <strong>Kapcsolatfelv\u00e9tel<\/strong> \u00e1raj\u00e1nlat\u00e9rt, vagy ha t\u00f6bbet szeretne megtudni a tudom\u00e1nyos alkalmaz\u00e1sokhoz sz\u00e1nt nagy tisztas\u00e1g\u00fa term\u00e9keinkr\u0151l.<\/p>","protected":false},"excerpt":{"rendered":"<p>Acheter de l&rsquo;Alprazolam de Haute Puret\u00e9 pour la Recherche &#8211; Poudres de Narco Poudres de Narco est votre fournisseur fiable pour l&rsquo;Alprazolam de qualit\u00e9 recherche, con\u00e7u exclusivement pour des applications scientifiques et analytiques en laboratoire. Notre Alprazolam est produit selon des normes strictes de puret\u00e9 et de qualit\u00e9, garantissant des r\u00e9sultats constants et fiables pour&hellip;<\/p>","protected":false},"featured_media":5073,"comment_status":"open","ping_status":"closed","template":"","meta":{"_joinchat":[]},"product_cat":[558],"product_tag":[],"class_list":{"0":"post-5067","1":"product","2":"type-product","3":"status-publish","4":"has-post-thumbnail","6":"product_cat-chimiques-de-recherche","8":"first","9":"instock","10":"shipping-taxable","11":"purchasable","12":"product-type-variable","13":"col-xs-6 col-sm-4","14":"col-md-3 col-lg-3","15":"un-4-cols"},"yoast_head":"<!-- This site is optimized with the Yoast SEO plugin v23.8 - https:\/\/yoast.com\/wordpress\/plugins\/seo\/ -->\n<title>Acheter de la poudre d&#039;alprazolam en ligne - Poudre d&#039;alprazolam<\/title>\n<meta name=\"description\" content=\"Poudres de Narco, fournisseur d&#039;Alprazolam pour applications scientifiques en laboratoire. Puret\u00e9 et s\u00e9curit\u00e9 garanties pour recherches avanc\u00e9es. Acheter de l&#039;alprazolam\" \/>\n<meta name=\"robots\" content=\"index, follow, max-snippet:-1, max-image-preview:large, max-video-preview:-1\" \/>\n<link rel=\"canonical\" href=\"https:\/\/poudresdenarco.com\/hu\/termek\/alprazolam\/\" \/>\n<meta property=\"og:locale\" content=\"hu_HU\" \/>\n<meta property=\"og:type\" content=\"article\" \/>\n<meta property=\"og:title\" content=\"Acheter de la poudre d&#039;alprazolam en ligne - Poudre d&#039;alprazolam\" \/>\n<meta property=\"og:description\" content=\"Poudres de Narco, fournisseur d&#039;Alprazolam pour applications scientifiques en laboratoire. Puret\u00e9 et s\u00e9curit\u00e9 garanties pour recherches avanc\u00e9es. Acheter de l&#039;alprazolam\" \/>\n<meta property=\"og:url\" content=\"https:\/\/poudresdenarco.com\/hu\/termek\/alprazolam\/\" \/>\n<meta property=\"og:site_name\" content=\"Poudresde Narco\" \/>\n<meta property=\"article:modified_time\" content=\"2024-11-03T11:11:56+00:00\" \/>\n<meta property=\"og:image\" content=\"https:\/\/poudresdenarco.com\/wp-content\/uploads\/2024\/10\/alprazolam.gif\" \/>\n\t<meta property=\"og:image:width\" content=\"600\" \/>\n\t<meta property=\"og:image:height\" content=\"600\" \/>\n\t<meta property=\"og:image:type\" content=\"image\/gif\" \/>\n<meta name=\"twitter:card\" content=\"summary_large_image\" \/>\n<meta name=\"twitter:label1\" content=\"Becs\u00fclt olvas\u00e1si id\u0151\" \/>\n\t<meta name=\"twitter:data1\" content=\"2 perc\" \/>\n<script type=\"application\/ld+json\" class=\"yoast-schema-graph\">{\"@context\":\"https:\/\/schema.org\",\"@graph\":[{\"@type\":\"WebPage\",\"@id\":\"https:\/\/poudresdenarco.com\/produit\/alprazolam\/\",\"url\":\"https:\/\/poudresdenarco.com\/produit\/alprazolam\/\",\"name\":\"Acheter de la poudre d'alprazolam en ligne - Poudre d'alprazolam\",\"isPartOf\":{\"@id\":\"https:\/\/poudresdenarco.com\/#website\"},\"primaryImageOfPage\":{\"@id\":\"https:\/\/poudresdenarco.com\/produit\/alprazolam\/#primaryimage\"},\"image\":{\"@id\":\"https:\/\/poudresdenarco.com\/produit\/alprazolam\/#primaryimage\"},\"thumbnailUrl\":\"https:\/\/poudresdenarco.com\/wp-content\/uploads\/2024\/10\/alprazolam.gif\",\"datePublished\":\"2024-10-16T11:24:28+00:00\",\"dateModified\":\"2024-11-03T11:11:56+00:00\",\"description\":\"Poudres de Narco, fournisseur d'Alprazolam pour applications scientifiques en laboratoire. Puret\u00e9 et s\u00e9curit\u00e9 garanties pour recherches avanc\u00e9es. Acheter de l'alprazolam\",\"breadcrumb\":{\"@id\":\"https:\/\/poudresdenarco.com\/produit\/alprazolam\/#breadcrumb\"},\"inLanguage\":\"hu\",\"potentialAction\":[{\"@type\":\"ReadAction\",\"target\":[\"https:\/\/poudresdenarco.com\/produit\/alprazolam\/\"]}]},{\"@type\":\"ImageObject\",\"inLanguage\":\"hu\",\"@id\":\"https:\/\/poudresdenarco.com\/produit\/alprazolam\/#primaryimage\",\"url\":\"https:\/\/poudresdenarco.com\/wp-content\/uploads\/2024\/10\/alprazolam.gif\",\"contentUrl\":\"https:\/\/poudresdenarco.com\/wp-content\/uploads\/2024\/10\/alprazolam.gif\",\"width\":600,\"height\":600},{\"@type\":\"BreadcrumbList\",\"@id\":\"https:\/\/poudresdenarco.com\/produit\/alprazolam\/#breadcrumb\",\"itemListElement\":[{\"@type\":\"ListItem\",\"position\":1,\"name\":\"Home\",\"item\":\"https:\/\/poudresdenarco.com\/\"},{\"@type\":\"ListItem\",\"position\":2,\"name\":\"Boutique\",\"item\":\"https:\/\/poudresdenarco.com\/boutique\/\"},{\"@type\":\"ListItem\",\"position\":3,\"name\":\"Alprazolam\"}]},{\"@type\":\"WebSite\",\"@id\":\"https:\/\/poudresdenarco.com\/#website\",\"url\":\"https:\/\/poudresdenarco.com\/\",\"name\":\"Poudresde Narco\",\"description\":\"Acheter de la coca\u00efne et de l&#039;h\u00e9ro\u00efne en ligne\",\"potentialAction\":[{\"@type\":\"SearchAction\",\"target\":{\"@type\":\"EntryPoint\",\"urlTemplate\":\"https:\/\/poudresdenarco.com\/?s={search_term_string}\"},\"query-input\":{\"@type\":\"PropertyValueSpecification\",\"valueRequired\":true,\"valueName\":\"search_term_string\"}}],\"inLanguage\":\"hu\"}]}<\/script>\n<!-- \/ Yoast SEO plugin. -->","yoast_head_json":{"title":"Acheter de la poudre d'alprazolam en ligne - Poudre d'alprazolam","description":"Poudres de Narco, fournisseur d'Alprazolam pour applications scientifiques en laboratoire. Puret\u00e9 et s\u00e9curit\u00e9 garanties pour recherches avanc\u00e9es. Acheter de l'alprazolam","robots":{"index":"index","follow":"follow","max-snippet":"max-snippet:-1","max-image-preview":"max-image-preview:large","max-video-preview":"max-video-preview:-1"},"canonical":"https:\/\/poudresdenarco.com\/hu\/termek\/alprazolam\/","og_locale":"hu_HU","og_type":"article","og_title":"Acheter de la poudre d'alprazolam en ligne - Poudre d'alprazolam","og_description":"Poudres de Narco, fournisseur d'Alprazolam pour applications scientifiques en laboratoire. Puret\u00e9 et s\u00e9curit\u00e9 garanties pour recherches avanc\u00e9es. Acheter de l'alprazolam","og_url":"https:\/\/poudresdenarco.com\/hu\/termek\/alprazolam\/","og_site_name":"Poudresde Narco","article_modified_time":"2024-11-03T11:11:56+00:00","og_image":[{"width":600,"height":600,"url":"https:\/\/poudresdenarco.com\/wp-content\/uploads\/2024\/10\/alprazolam.gif","type":"image\/gif"}],"twitter_card":"summary_large_image","twitter_misc":{"Becs\u00fclt olvas\u00e1si id\u0151":"2 perc"},"schema":{"@context":"https:\/\/schema.org","@graph":[{"@type":"WebPage","@id":"https:\/\/poudresdenarco.com\/produit\/alprazolam\/","url":"https:\/\/poudresdenarco.com\/produit\/alprazolam\/","name":"Acheter de la poudre d'alprazolam en ligne - Poudre d'alprazolam","isPartOf":{"@id":"https:\/\/poudresdenarco.com\/#website"},"primaryImageOfPage":{"@id":"https:\/\/poudresdenarco.com\/produit\/alprazolam\/#primaryimage"},"image":{"@id":"https:\/\/poudresdenarco.com\/produit\/alprazolam\/#primaryimage"},"thumbnailUrl":"https:\/\/poudresdenarco.com\/wp-content\/uploads\/2024\/10\/alprazolam.gif","datePublished":"2024-10-16T11:24:28+00:00","dateModified":"2024-11-03T11:11:56+00:00","description":"Poudres de Narco, fournisseur d'Alprazolam pour applications scientifiques en laboratoire. Puret\u00e9 et s\u00e9curit\u00e9 garanties pour recherches avanc\u00e9es. Acheter de l'alprazolam","breadcrumb":{"@id":"https:\/\/poudresdenarco.com\/produit\/alprazolam\/#breadcrumb"},"inLanguage":"hu","potentialAction":[{"@type":"ReadAction","target":["https:\/\/poudresdenarco.com\/produit\/alprazolam\/"]}]},{"@type":"ImageObject","inLanguage":"hu","@id":"https:\/\/poudresdenarco.com\/produit\/alprazolam\/#primaryimage","url":"https:\/\/poudresdenarco.com\/wp-content\/uploads\/2024\/10\/alprazolam.gif","contentUrl":"https:\/\/poudresdenarco.com\/wp-content\/uploads\/2024\/10\/alprazolam.gif","width":600,"height":600},{"@type":"BreadcrumbList","@id":"https:\/\/poudresdenarco.com\/produit\/alprazolam\/#breadcrumb","itemListElement":[{"@type":"ListItem","position":1,"name":"Home","item":"https:\/\/poudresdenarco.com\/"},{"@type":"ListItem","position":2,"name":"Boutique","item":"https:\/\/poudresdenarco.com\/boutique\/"},{"@type":"ListItem","position":3,"name":"Alprazolam"}]},{"@type":"WebSite","@id":"https:\/\/poudresdenarco.com\/#website","url":"https:\/\/poudresdenarco.com\/","name":"Poudresde Narco","description":"Acheter de la coca\u00efne et de l&#039;h\u00e9ro\u00efne en ligne","potentialAction":[{"@type":"SearchAction","target":{"@type":"EntryPoint","urlTemplate":"https:\/\/poudresdenarco.com\/?s={search_term_string}"},"query-input":{"@type":"PropertyValueSpecification","valueRequired":true,"valueName":"search_term_string"}}],"inLanguage":"hu"}]}},"_links":{"self":[{"href":"https:\/\/poudresdenarco.com\/hu\/wp-json\/wp\/v2\/product\/5067","targetHints":{"allow":["GET"]}}],"collection":[{"href":"https:\/\/poudresdenarco.com\/hu\/wp-json\/wp\/v2\/product"}],"about":[{"href":"https:\/\/poudresdenarco.com\/hu\/wp-json\/wp\/v2\/types\/product"}],"replies":[{"embeddable":true,"href":"https:\/\/poudresdenarco.com\/hu\/wp-json\/wp\/v2\/comments?post=5067"}],"wp:featuredmedia":[{"embeddable":true,"href":"https:\/\/poudresdenarco.com\/hu\/wp-json\/wp\/v2\/media\/5073"}],"wp:attachment":[{"href":"https:\/\/poudresdenarco.com\/hu\/wp-json\/wp\/v2\/media?parent=5067"}],"wp:term":[{"taxonomy":"product_cat","embeddable":true,"href":"https:\/\/poudresdenarco.com\/hu\/wp-json\/wp\/v2\/product_cat?post=5067"},{"taxonomy":"product_tag","embeddable":true,"href":"https:\/\/poudresdenarco.com\/hu\/wp-json\/wp\/v2\/product_tag?post=5067"}],"curies":[{"name":"wp","href":"https:\/\/api.w.org\/{rel}","templated":true}]}}