{"id":5078,"date":"2024-10-16T11:24:40","date_gmt":"2024-10-16T11:24:40","guid":{"rendered":"https:\/\/poudresdenarco.com\/?post_type=product&#038;p=5078"},"modified":"2024-12-23T09:49:33","modified_gmt":"2024-12-23T09:49:33","slug":"adbb","status":"publish","type":"product","link":"https:\/\/poudresdenarco.com\/hu\/termek\/adbb\/","title":{"rendered":"ADBB"},"content":{"rendered":"<h2><strong>V\u00e1s\u00e1roljon nagy tisztas\u00e1g\u00fa ADBB-t a kutat\u00e1shoz <a href=\"https:\/\/cokebricks.com\/product\/5f-emb\/\">&#8211;<\/a> Narkotikus porok<\/strong><\/h2>\n<p><strong>Narkotikus porok<\/strong> az \u00d6n megb\u00edzhat\u00f3 besz\u00e1ll\u00edt\u00f3ja<strong>ADBB min\u0151s\u00e9gi kutat\u00e1s<\/strong> (ADB-Butinaca), amelyet kifejezetten a k\u00f6vetkez\u0151 c\u00e9lokra terveztek <strong>tudom\u00e1nyos laborat\u00f3riumi alkalmaz\u00e1sok<\/strong>. Az ADBB-t szigor\u00fa tisztas\u00e1gi \u00e9s min\u0151s\u00e9gi el\u0151\u00edr\u00e1soknak megfelel\u0151en gy\u00e1rtjuk, \u00edgy garant\u00e1lva megb\u00edzhat\u00f3 eredm\u00e9nyeket a k\u00e9miai \u00e9s farmakol\u00f3giai kutat\u00f3k sz\u00e1m\u00e1ra.<a href=\"https:\/\/poudresdenarco.com\/hu\/\"> V\u00e1s\u00e1rolja meg az ADBB-t.<\/a><\/p>\n<h3>Mi\u00e9rt v\u00e1lassza az ADBB de Poudres de Narco-t?<\/h3>\n<p>Mint egy <strong>ADBB sz\u00e1ll\u00edt\u00f3ja a kutat\u00e1s sz\u00e1m\u00e1ra<\/strong>, <strong>Narkotikus porok<\/strong> elk\u00f6telezett amellett, hogy szigor\u00faan tesztelt, az \u00fcgyfelek ig\u00e9nyeihez igaz\u00edtott term\u00e9keket k\u00edn\u00e1ljon. <strong>tan\u00fas\u00edtott laborat\u00f3riumok<\/strong> :<\/p>\n<ul>\n<li><strong>Nagy tisztas\u00e1g\u00fa ADBB laborat\u00f3riumok sz\u00e1m\u00e1ra<\/strong> : Minden egyes t\u00e9telt szigor\u00faan tesztelnek, hogy garant\u00e1lj\u00e1k az optim\u00e1lis tisztas\u00e1got, ami elengedhetetlen a k\u00f6vetkez\u0151h\u00f6z <strong>konkr\u00e9t tudom\u00e1nyos alkalmaz\u00e1sok<\/strong>.<\/li>\n<li><strong>K\u00f6vetkezetes, megb\u00edzhat\u00f3 min\u0151s\u00e9g<\/strong> Az ADBB-t stabil teljes\u00edtm\u00e9nyre fejlesztett\u00fck ki, ide\u00e1lis a k\u00f6vetkez\u0151kh\u00f6z <strong>analitikai vizsg\u00e1latok \u00e9s laborat\u00f3riumi kutat\u00e1sok<\/strong>.<\/li>\n<li><strong>Biztons\u00e1gos online rendel\u00e9s<\/strong> : <strong>Narkotikus porok<\/strong> egyszer\u0171s\u00edtett elj\u00e1r\u00e1st k\u00edn\u00e1l a<strong>ADBB online v\u00e1s\u00e1rl\u00e1s<\/strong>a kutat\u00e1si szakemberek biztons\u00e1g\u00e1nak \u00e9s megfelel\u0151s\u00e9g\u00e9nek biztos\u00edt\u00e1sa.<\/li>\n<\/ul>\n<h3>Alkalmaz\u00e1sok \u00e9s biztons\u00e1gi utas\u00edt\u00e1sok<\/h3>\n<p>L'<strong>ADBB a kutat\u00e1shoz<\/strong> a  c\u00edmr\u0151l <strong>Narkotikus porok<\/strong> a k\u00f6vetkez\u0151 c\u00e9lokra sz\u00e1nt\u00e1k <strong>analitikai alkalmaz\u00e1sok \u00e9s tudom\u00e1nyos tanulm\u00e1nyok<\/strong>. A helyes \u00e9s biztons\u00e1gos haszn\u00e1lat \u00e9rdek\u00e9ben biztons\u00e1gi utas\u00edt\u00e1sokat adunk:<\/p>\n<ul>\n<li><strong>Biztons\u00e1gos t\u00e1rol\u00e1s<\/strong> Az ADBB-t min\u0151s\u00e9g\u00e9nek meg\u0151rz\u00e9se \u00e9rdek\u00e9ben tartsa h\u0171v\u00f6s, sz\u00e1raz, f\u00e9nyt\u0151l v\u00e9dett helyen.<\/li>\n<li><strong>\u00d3vatos kezel\u00e9s<\/strong> Haszn\u00e1ljon egy\u00e9ni v\u00e9d\u0151felszerel\u00e9st (PPE), \u00e9s a biztons\u00e1g \u00e9rdek\u00e9ben j\u00f3l szell\u0151z\u0151 k\u00f6rnyezetben dolgozzon.<\/li>\n<li><strong>Szigor\u00faan kutat\u00e1si c\u00e9lokra fenntartott haszn\u00e1lat<\/strong> Ez a term\u00e9k kiz\u00e1r\u00f3lag min\u0151s\u00edtett kutat\u00f3k \u00e9s min\u0151s\u00edtett laborat\u00f3riumok sz\u00e1m\u00e1ra k\u00e9sz\u00fclt.<\/li>\n<\/ul>\n<h3>Rendeljen nagy tisztas\u00e1g\u00fa ADBB-t tudom\u00e1nyos vizsg\u00e1lataihoz<\/h3>\n<p>A  c\u00edmen. <strong>Narkotikus porok<\/strong>r\u00e9szes\u00fclni <strong>megb\u00edzhat\u00f3 ADBB-ell\u00e1t\u00e1s laborat\u00f3riumi alkalmaz\u00e1sokhoz<\/strong>. Magas min\u0151s\u00e9gi \u00e9s biztons\u00e1gi szabv\u00e1nyaink azt jelentik, hogy <strong>Narkotikus porok<\/strong> a kutat\u00e1si szakemberek megb\u00edzhat\u00f3 v\u00e1laszt\u00e1sa. <strong>Kapcsolatfelv\u00e9tel<\/strong> \u00e1raj\u00e1nlat\u00e9rt, vagy ha t\u00f6bbet szeretne megtudni a tudom\u00e1nyos kutat\u00e1shoz haszn\u00e1lt nagy tisztas\u00e1g\u00fa term\u00e9keinkr\u0151l.<\/p>","protected":false},"excerpt":{"rendered":"<p>Acheter de l&rsquo;ADBB de Haute Puret\u00e9 pour la Recherche &#8211; Poudres de Narco Poudres de Narco est votre fournisseur de confiance pour l&rsquo;ADBB de qualit\u00e9 recherche (ADB-Butinaca), con\u00e7u sp\u00e9cifiquement pour des applications scientifiques en laboratoire. Notre ADBB est produit selon des normes strictes de puret\u00e9 et de qualit\u00e9, garantissant des r\u00e9sultats fiables pour les chercheurs&hellip;<\/p>","protected":false},"featured_media":5104,"comment_status":"open","ping_status":"closed","template":"","meta":{"_joinchat":[]},"product_cat":[558,751],"product_tag":[],"class_list":{"0":"post-5078","1":"product","2":"type-product","3":"status-publish","4":"has-post-thumbnail","6":"product_cat-chimiques-de-recherche","7":"product_cat-stimulants","9":"first","10":"instock","11":"shipping-taxable","12":"purchasable","13":"product-type-variable","14":"col-xs-6 col-sm-4","15":"col-md-3 col-lg-3","16":"un-4-cols"},"yoast_head":"<!-- This site is optimized with the Yoast SEO plugin v23.8 - https:\/\/yoast.com\/wordpress\/plugins\/seo\/ -->\n<title>Achetez ADBB en ligne - ADBB \u00e0 vendre - Commandez ADBB<\/title>\n<meta name=\"description\" content=\"Vous pouvez acheter de l&#039;ADBB en ligne aux meilleurs prix dans notre boutique de m\u00e9dicaments en ligne. Nous proposons de l&#039;ADBB bon march\u00e9 et de haute qualit\u00e9 \u00e0 la vente et proposons une livraison dans le monde entier. Vous pouvez commander de n&#039;importe o\u00f9, \u00e0 tout moment.\" \/>\n<meta name=\"robots\" content=\"index, follow, max-snippet:-1, max-image-preview:large, max-video-preview:-1\" \/>\n<link rel=\"canonical\" href=\"https:\/\/poudresdenarco.com\/hu\/termek\/adbb\/\" \/>\n<meta property=\"og:locale\" content=\"hu_HU\" \/>\n<meta property=\"og:type\" content=\"article\" \/>\n<meta property=\"og:title\" content=\"Achetez ADBB en ligne - ADBB \u00e0 vendre - Commandez ADBB\" \/>\n<meta property=\"og:description\" content=\"Vous pouvez acheter de l&#039;ADBB en ligne aux meilleurs prix dans notre boutique de m\u00e9dicaments en ligne. Nous proposons de l&#039;ADBB bon march\u00e9 et de haute qualit\u00e9 \u00e0 la vente et proposons une livraison dans le monde entier. Vous pouvez commander de n&#039;importe o\u00f9, \u00e0 tout moment.\" \/>\n<meta property=\"og:url\" content=\"https:\/\/poudresdenarco.com\/hu\/termek\/adbb\/\" \/>\n<meta property=\"og:site_name\" content=\"Poudresde Narco\" \/>\n<meta property=\"article:modified_time\" content=\"2024-12-23T09:49:33+00:00\" \/>\n<meta property=\"og:image\" content=\"https:\/\/poudresdenarco.com\/wp-content\/uploads\/2024\/10\/ADBB.gif\" \/>\n\t<meta property=\"og:image:width\" content=\"600\" \/>\n\t<meta property=\"og:image:height\" content=\"600\" \/>\n\t<meta property=\"og:image:type\" content=\"image\/gif\" \/>\n<meta name=\"twitter:card\" content=\"summary_large_image\" \/>\n<meta name=\"twitter:label1\" content=\"Becs\u00fclt olvas\u00e1si id\u0151\" \/>\n\t<meta name=\"twitter:data1\" content=\"2 perc\" \/>\n<script type=\"application\/ld+json\" class=\"yoast-schema-graph\">{\"@context\":\"https:\/\/schema.org\",\"@graph\":[{\"@type\":\"WebPage\",\"@id\":\"https:\/\/poudresdenarco.com\/produit\/adbb\/\",\"url\":\"https:\/\/poudresdenarco.com\/produit\/adbb\/\",\"name\":\"Achetez ADBB en ligne - ADBB \u00e0 vendre - Commandez ADBB\",\"isPartOf\":{\"@id\":\"https:\/\/poudresdenarco.com\/#website\"},\"primaryImageOfPage\":{\"@id\":\"https:\/\/poudresdenarco.com\/produit\/adbb\/#primaryimage\"},\"image\":{\"@id\":\"https:\/\/poudresdenarco.com\/produit\/adbb\/#primaryimage\"},\"thumbnailUrl\":\"https:\/\/poudresdenarco.com\/wp-content\/uploads\/2024\/10\/ADBB.gif\",\"datePublished\":\"2024-10-16T11:24:40+00:00\",\"dateModified\":\"2024-12-23T09:49:33+00:00\",\"description\":\"Vous pouvez acheter de l'ADBB en ligne aux meilleurs prix dans notre boutique de m\u00e9dicaments en ligne. Nous proposons de l'ADBB bon march\u00e9 et de haute qualit\u00e9 \u00e0 la vente et proposons une livraison dans le monde entier. Vous pouvez commander de n'importe o\u00f9, \u00e0 tout moment.\",\"breadcrumb\":{\"@id\":\"https:\/\/poudresdenarco.com\/produit\/adbb\/#breadcrumb\"},\"inLanguage\":\"hu\",\"potentialAction\":[{\"@type\":\"ReadAction\",\"target\":[\"https:\/\/poudresdenarco.com\/produit\/adbb\/\"]}]},{\"@type\":\"ImageObject\",\"inLanguage\":\"hu\",\"@id\":\"https:\/\/poudresdenarco.com\/produit\/adbb\/#primaryimage\",\"url\":\"https:\/\/poudresdenarco.com\/wp-content\/uploads\/2024\/10\/ADBB.gif\",\"contentUrl\":\"https:\/\/poudresdenarco.com\/wp-content\/uploads\/2024\/10\/ADBB.gif\",\"width\":600,\"height\":600},{\"@type\":\"BreadcrumbList\",\"@id\":\"https:\/\/poudresdenarco.com\/produit\/adbb\/#breadcrumb\",\"itemListElement\":[{\"@type\":\"ListItem\",\"position\":1,\"name\":\"Home\",\"item\":\"https:\/\/poudresdenarco.com\/\"},{\"@type\":\"ListItem\",\"position\":2,\"name\":\"Boutique\",\"item\":\"https:\/\/poudresdenarco.com\/boutique\/\"},{\"@type\":\"ListItem\",\"position\":3,\"name\":\"ADBB\"}]},{\"@type\":\"WebSite\",\"@id\":\"https:\/\/poudresdenarco.com\/#website\",\"url\":\"https:\/\/poudresdenarco.com\/\",\"name\":\"Poudresde Narco\",\"description\":\"Acheter de la coca\u00efne et de l&#039;h\u00e9ro\u00efne en ligne\",\"potentialAction\":[{\"@type\":\"SearchAction\",\"target\":{\"@type\":\"EntryPoint\",\"urlTemplate\":\"https:\/\/poudresdenarco.com\/?s={search_term_string}\"},\"query-input\":{\"@type\":\"PropertyValueSpecification\",\"valueRequired\":true,\"valueName\":\"search_term_string\"}}],\"inLanguage\":\"hu\"}]}<\/script>\n<!-- \/ Yoast SEO plugin. -->","yoast_head_json":{"title":"Achetez ADBB en ligne - ADBB \u00e0 vendre - Commandez ADBB","description":"Vous pouvez acheter de l'ADBB en ligne aux meilleurs prix dans notre boutique de m\u00e9dicaments en ligne. Nous proposons de l'ADBB bon march\u00e9 et de haute qualit\u00e9 \u00e0 la vente et proposons une livraison dans le monde entier. Vous pouvez commander de n'importe o\u00f9, \u00e0 tout moment.","robots":{"index":"index","follow":"follow","max-snippet":"max-snippet:-1","max-image-preview":"max-image-preview:large","max-video-preview":"max-video-preview:-1"},"canonical":"https:\/\/poudresdenarco.com\/hu\/termek\/adbb\/","og_locale":"hu_HU","og_type":"article","og_title":"Achetez ADBB en ligne - ADBB \u00e0 vendre - Commandez ADBB","og_description":"Vous pouvez acheter de l'ADBB en ligne aux meilleurs prix dans notre boutique de m\u00e9dicaments en ligne. Nous proposons de l'ADBB bon march\u00e9 et de haute qualit\u00e9 \u00e0 la vente et proposons une livraison dans le monde entier. Vous pouvez commander de n'importe o\u00f9, \u00e0 tout moment.","og_url":"https:\/\/poudresdenarco.com\/hu\/termek\/adbb\/","og_site_name":"Poudresde Narco","article_modified_time":"2024-12-23T09:49:33+00:00","og_image":[{"width":600,"height":600,"url":"https:\/\/poudresdenarco.com\/wp-content\/uploads\/2024\/10\/ADBB.gif","type":"image\/gif"}],"twitter_card":"summary_large_image","twitter_misc":{"Becs\u00fclt olvas\u00e1si id\u0151":"2 perc"},"schema":{"@context":"https:\/\/schema.org","@graph":[{"@type":"WebPage","@id":"https:\/\/poudresdenarco.com\/produit\/adbb\/","url":"https:\/\/poudresdenarco.com\/produit\/adbb\/","name":"Achetez ADBB en ligne - ADBB \u00e0 vendre - Commandez ADBB","isPartOf":{"@id":"https:\/\/poudresdenarco.com\/#website"},"primaryImageOfPage":{"@id":"https:\/\/poudresdenarco.com\/produit\/adbb\/#primaryimage"},"image":{"@id":"https:\/\/poudresdenarco.com\/produit\/adbb\/#primaryimage"},"thumbnailUrl":"https:\/\/poudresdenarco.com\/wp-content\/uploads\/2024\/10\/ADBB.gif","datePublished":"2024-10-16T11:24:40+00:00","dateModified":"2024-12-23T09:49:33+00:00","description":"Vous pouvez acheter de l'ADBB en ligne aux meilleurs prix dans notre boutique de m\u00e9dicaments en ligne. Nous proposons de l'ADBB bon march\u00e9 et de haute qualit\u00e9 \u00e0 la vente et proposons une livraison dans le monde entier. Vous pouvez commander de n'importe o\u00f9, \u00e0 tout moment.","breadcrumb":{"@id":"https:\/\/poudresdenarco.com\/produit\/adbb\/#breadcrumb"},"inLanguage":"hu","potentialAction":[{"@type":"ReadAction","target":["https:\/\/poudresdenarco.com\/produit\/adbb\/"]}]},{"@type":"ImageObject","inLanguage":"hu","@id":"https:\/\/poudresdenarco.com\/produit\/adbb\/#primaryimage","url":"https:\/\/poudresdenarco.com\/wp-content\/uploads\/2024\/10\/ADBB.gif","contentUrl":"https:\/\/poudresdenarco.com\/wp-content\/uploads\/2024\/10\/ADBB.gif","width":600,"height":600},{"@type":"BreadcrumbList","@id":"https:\/\/poudresdenarco.com\/produit\/adbb\/#breadcrumb","itemListElement":[{"@type":"ListItem","position":1,"name":"Home","item":"https:\/\/poudresdenarco.com\/"},{"@type":"ListItem","position":2,"name":"Boutique","item":"https:\/\/poudresdenarco.com\/boutique\/"},{"@type":"ListItem","position":3,"name":"ADBB"}]},{"@type":"WebSite","@id":"https:\/\/poudresdenarco.com\/#website","url":"https:\/\/poudresdenarco.com\/","name":"Poudresde Narco","description":"Acheter de la coca\u00efne et de l&#039;h\u00e9ro\u00efne en ligne","potentialAction":[{"@type":"SearchAction","target":{"@type":"EntryPoint","urlTemplate":"https:\/\/poudresdenarco.com\/?s={search_term_string}"},"query-input":{"@type":"PropertyValueSpecification","valueRequired":true,"valueName":"search_term_string"}}],"inLanguage":"hu"}]}},"_links":{"self":[{"href":"https:\/\/poudresdenarco.com\/hu\/wp-json\/wp\/v2\/product\/5078","targetHints":{"allow":["GET"]}}],"collection":[{"href":"https:\/\/poudresdenarco.com\/hu\/wp-json\/wp\/v2\/product"}],"about":[{"href":"https:\/\/poudresdenarco.com\/hu\/wp-json\/wp\/v2\/types\/product"}],"replies":[{"embeddable":true,"href":"https:\/\/poudresdenarco.com\/hu\/wp-json\/wp\/v2\/comments?post=5078"}],"wp:featuredmedia":[{"embeddable":true,"href":"https:\/\/poudresdenarco.com\/hu\/wp-json\/wp\/v2\/media\/5104"}],"wp:attachment":[{"href":"https:\/\/poudresdenarco.com\/hu\/wp-json\/wp\/v2\/media?parent=5078"}],"wp:term":[{"taxonomy":"product_cat","embeddable":true,"href":"https:\/\/poudresdenarco.com\/hu\/wp-json\/wp\/v2\/product_cat?post=5078"},{"taxonomy":"product_tag","embeddable":true,"href":"https:\/\/poudresdenarco.com\/hu\/wp-json\/wp\/v2\/product_tag?post=5078"}],"curies":[{"name":"wp","href":"https:\/\/api.w.org\/{rel}","templated":true}]}}